{"id":9513,"date":"2021-06-02T01:20:51","date_gmt":"2021-06-01T22:20:51","guid":{"rendered":"https:\/\/sachviet.eu\/shop\/co-nhung-dieu-chang-the-noi-cung-ai\/"},"modified":"2023-03-05T18:53:07","modified_gmt":"2023-03-05T16:53:07","slug":"co-nhung-dieu-chang-the-noi-cung-ai","status":"publish","type":"product","link":"https:\/\/sachviet.eu\/en\/shop\/co-nhung-dieu-chang-the-noi-cung-ai\/","title":{"rendered":"C\u00f3 Nh\u1eefng \u0110i\u1ec1u Ch\u1eb3ng Th\u1ec3 N\u00f3i C\u00f9ng Ai"},"content":{"rendered":"<p>Trong tim m\u00f4\u0303i ngu\u031b\u01a1\u0300i \u0111\u00ea\u0300u c\u00f3 m\u1ecd\u0302t t\u00f2a thu\u031bo\u031bng th\u00e0nh, no\u031bi \u200b\u201cC\u00f3 nh\u01b0\u0303ng \u0111i\u00ea\u0300u ch\u0103\u0309ng th\u00ea\u0309 n\u00f3i c\u00f9ng ai\u201d lu\u031bu gi\u01b0\u0303 nh\u01b0\u0303ng k\u00fd \u01b0\u0301c ri\u00eang tu\u031b v\u00e0 nh\u01b0\u0303ng ca\u0309m x\u00fac la\u0323 l\u00f9ng, gi\u01b0\u0303 ta ti\u0309nh d\u1ea1\u0302y m\u00f4\u0303i ng\u00e0y v\u00e0 tr\u01a1\u0309 th\u00e0nh m\u1ecd\u0302t ph\u00e2\u0300n trong d\u00f2ng cha\u0309y cu\u1ecd\u0302c s\u00f4\u0301ng.<\/p>\n<p> Xoay quanh nh\u1eefng tr\u1ea3i nghi\u1ec7m v\u0103n ch\u01b0\u01a1ng m\u1edbi m\u1ebb. &#8220;C\u00f3 nh\u01b0\u0303ng \u0111i\u00ea\u0300u ch\u0103\u0309ng th\u00ea\u0309 n\u00f3i c\u00f9ng ai\u201d s\u1ebd c\u00f9ng b\u1ea1n ch\u1ea1m t\u1edbi nh\u1eefng kho\u1ea3ng tr\u1ed1ng b\u1ea5y l\u00e2u nay r\u1ea5t c\u1ea7n \u0111\u01b0\u1ee3c gi\u00e3i b\u00e0y v\u00e0 th\u1ea5u hi\u1ec3u. Cu\u1ed1n s\u00e1ch \u0111\u01b0\u1ee3c chia l\u00e0m hai ph\u00e2\u0300n: NG\u00c0Y v\u00e0 \u0110\u00caM.<\/p>\n<p> NG\u00c0Y l\u00e0 m\u1ecd\u0302t loa\u0323t t\u00f9y b\u00fat ng\u0103\u0301n ta\u0309n ma\u0323n v\u00ea\u0300 nh\u01b0\u0303ng chuy\u1eb9\u0302n v\u1ea1\u0306t quanh \u0111\u01a1\u0300i. Khi \u0111o\u0323c n\u00f3, du\u031b\u01a1\u0300ng nhu\u031b ba\u0323n \u0111ang ng\u0103\u0301m nh\u00ecn v\u00e0 ca\u0309m nh\u1ea1\u0302n t\u00e2\u0301t ca\u0309 nh\u01b0\u0303ng \u0111i\u00ea\u0300u nho\u0309 b\u00e9 trong cu\u1ecd\u0302c s\u00f4\u0301ng qua \u201c\u0111\u00f4i m\u0103\u0301t\u201d cu\u0309a Minh Nh\u1ea1\u0302t. La\u0306ng k\u00ednh \u1ea5y cho ph\u00e9p b\u1ea1n ti\u00ea\u0301p c\u1ea1\u0302n nh\u01b0\u0303ng ph\u00e2\u0300n ca\u0309m x\u00fac c\u00f3 th\u00ea\u0309 m\u00ecnh \u0111\u00e3 l\u00e3ng qu\u00ean, ho\u1ea1\u0306c chu\u031ba t\u01b0\u0300ng.<\/p>\n<p> \u0110\u00ea\u0309 r\u00f4\u0300i sau \u0111\u00f3 l\u00ean chuy\u00ea\u0301n thuy\u00ea\u0300n nhe\u0323 v\u00e9n b\u01b0\u0301c m\u00e0n NG\u00c0Y, nhe\u0323 nh\u00e0ng la\u0323c v\u00e0o \u0110\u00caM, khi\u00ea\u0301n ta l\u1ea1\u0306ng ngu\u031b\u01a1\u0300i tru\u031b\u01a1\u0301c nh\u1eefng c\u00e2u chuy\u1ec7n du\u031b\u01a1\u0301i m\u1ecd\u0302t \u0111i\u0323nh da\u0323ng th\u00ea\u0309 nghi\u1eb9\u0302m, m\u00e0 l\u00f2ng ta khe\u0303 rung \u0111\u1ecd\u0302ng.<\/p>\n<p>N\u1ebfu b\u1ea1n \u0111\u00e3 quen v\u1edbi m\u1ed9t t\u00e1c gi\u1ea3 Minh Nh\u1eadt th\u01b0\u1eddng vi\u1ebft truy\u1ec7n ng\u1eafn, t\u1ea3n v\u0103n hay t\u00f9y b\u00fat th\u00ec \u0110\u00caM l\u00e0 nh\u1eefng \u0111i\u1ec1u Minh Nh\u1eadt mong b\u1ea1n kh\u00f4ng c\u1ea7n ph\u1ea3i v\u1ed9i v\u00e3 m\u00e0 h\u00e3y t\u1eeb t\u1eeb l\u1eadt m\u1edf \u0111\u1ec3 th\u1ea5y s\u1ef1 th\u00fa v\u1ecb c\u1ee7a n\u00f3, b\u1edfi \u0111\u00f3 l\u00e0 h\u00e0nh tr\u00ecnh c\u1ee7a m\u1ed9t nh\u00e2n v\u1eadt kh\u00f4ng c\u00f3 th\u1eadt m\u00e0 lu\u00f4n c\u00f3 th\u1eadt, gi\u00fap b\u1ea1n t\u00ecm th\u1ea5y nh\u1eefng \u0111i\u1ec1u cho ri\u00eang m\u00ecnh.<\/p>\n<p>Suy cho c\u00f9ng, ai trong ch\u00fang ta cu\u0303ng \u200b\u201cC\u00f3 nh\u01b0\u0303ng \u0111i\u00ea\u0300u ch\u0103\u0309ng th\u00ea\u0309 n\u00f3i c\u00f9ng ai\u201d\u200b, nhu\u031bng v\u1ea1\u0302y th\u00ec \u0111\u00e3 sao, \u0111\u00f3 l\u00e0 m\u1ecd\u0302t ph\u00e2\u0300n ca\u0309m x\u00fac cu\u0309a ba\u0323n, h\u00e3y \u0111\u00ea\u0309 c\u00f3 nh\u01b0\u0303ng \u0111i\u00ea\u0300u \u0111\u1ea1\u0306c bi\u1eb9\u0302t \u00e2\u0301y \u0111\u00ea\u0301n v\u01a1\u0301i nh\u01b0\u0303ng ngu\u031b\u01a1\u0300i \u0111u\u0309 kha\u0309 na\u0306ng ca\u0309m nh\u1ea1\u0302n n\u00f3. Ngay ca\u0309 khi ch\u0103\u0309ng ai ca\u0309m nh\u1ea1\u0302n \u0111u\u031b\u01a1\u0323c, ch\u00fang ta cu\u0303ng h\u00e3y s\u00f4\u0301ng tro\u0323n ve\u0323n v\u01a1\u0301i m\u00ecnh, v\u01a1\u0301i ph\u00e2\u0300n l\u00fd tr\u00ed, ba\u0309n na\u0306ng v\u00e0 ca\u0309 \u0111am m\u00ea \u0111\u00e3 ta\u0323o n\u00ean m\u00f4\u0303i ngu\u031b\u01a1\u0300i trong cu\u1ecd\u0302c \u0111\u01a1\u0300i.<\/p>\n<p> V\u1eady n\u00ean hy vo\u0323ng khi g\u00e2\u0301p la\u0323i nh\u01b0\u0303ng trang s\u00e1ch cu\u00f4\u0301i c\u00f9ng cu\u0309a \u200b\u201cC\u00f3 nh\u01b0\u0303ng \u0111i\u00ea\u0300u ch\u0103\u0309ng th\u00ea\u0309 n\u00f3i c\u00f9ng ai\u201d, l\u00f2ng ba\u0323n se\u0303 ch\u1eb3ng c\u00f2n \u0111a s\u1ea7u \u0111a c\u1ea3m, ch\u1eb3ng c\u00f2n ng\u1ed5n ngang nh\u1eefng c\u1ea3m x\u00fac ph\u1ee9c t\u1ea1p, ch\u1eb3ng c\u00f2n d\u1eb1n v\u1eb7t ch\u00ednh b\u1ea3n th\u00e2n v\u00ec nh\u1eefng l\u1ea7n tan v\u1ee1 \u0111\u1ec3 sau \u0111\u00f3 t\u00ecm th\u1ea5y mi\u1ec1n \u0111\u1ea5t khi\u1ebfn m\u00ecnh b\u00ecnh y\u00ean ho\u031bn.<\/p>\n","protected":false},"excerpt":{"rendered":"<p>Trong tim m\u00f4\u0303i ngu\u031b\u01a1\u0300i \u0111\u00ea\u0300u c\u00f3 m\u1ecd\u0302t t\u00f2a thu\u031bo\u031bng th\u00e0nh, no\u031bi \u200b\u201cC\u00f3 nh\u01b0\u0303ng \u0111i\u00ea\u0300u ch\u0103\u0309ng th\u00ea\u0309 n\u00f3i c\u00f9ng ai\u201d lu\u031bu gi\u01b0\u0303 nh\u01b0\u0303ng k\u00fd \u01b0\u0301c ri\u00eang tu\u031b v\u00e0 nh\u01b0\u0303ng ca\u0309m x\u00fac la\u0323 l\u00f9ng, gi\u01b0\u0303 ta ti\u0309nh d\u1ea1\u0302y m\u00f4\u0303i ng\u00e0y v\u00e0 tr\u01a1\u0309 th\u00e0nh m\u1ecd\u0302t ph\u00e2\u0300n trong d\u00f2ng cha\u0309y cu\u1ecd\u0302c s\u00f4\u0301ng.<\/p>\n<p> Xoay quanh nh\u1eefng tr\u1ea3i nghi\u1ec7m v\u0103n ch\u01b0\u01a1ng m\u1edbi m\u1ebb. &#8220;C\u00f3 nh\u01b0\u0303ng \u0111i\u00ea\u0300u ch\u0103\u0309ng th\u00ea\u0309 n\u00f3i c\u00f9ng ai\u201d s\u1ebd c\u00f9ng b\u1ea1n ch\u1ea1m t\u1edbi nh\u1eefng kho\u1ea3ng tr\u1ed1ng b\u1ea5y l\u00e2u nay r\u1ea5t c\u1ea7n \u0111\u01b0\u1ee3c gi\u00e3i b\u00e0y v\u00e0 th\u1ea5u hi\u1ec3u. Cu\u1ed1n s\u00e1ch \u0111\u01b0\u1ee3c chia l\u00e0m hai ph\u00e2\u0300n: NG\u00c0Y v\u00e0 \u0110\u00caM.<\/p>\n<p> NG\u00c0Y l\u00e0 m\u1ecd\u0302t loa\u0323t t\u00f9y b\u00fat ng\u0103\u0301n ta\u0309n ma\u0323n v\u00ea\u0300 nh\u01b0\u0303ng chuy\u1eb9\u0302n v\u1ea1\u0306t quanh \u0111\u01a1\u0300i. Khi \u0111o\u0323c n\u00f3, du\u031b\u01a1\u0300ng nhu\u031b ba\u0323n \u0111ang ng\u0103\u0301m nh\u00ecn v\u00e0 ca\u0309m nh\u1ea1\u0302n t\u00e2\u0301t ca\u0309 nh\u01b0\u0303ng \u0111i\u00ea\u0300u nho\u0309 b\u00e9 trong cu\u1ecd\u0302c s\u00f4\u0301ng qua \u201c\u0111\u00f4i m\u0103\u0301t\u201d cu\u0309a Minh Nh\u1ea1\u0302t. La\u0306ng k\u00ednh \u1ea5y cho ph\u00e9p b\u1ea1n ti\u00ea\u0301p c\u1ea1\u0302n nh\u01b0\u0303ng ph\u00e2\u0300n ca\u0309m x\u00fac c\u00f3 th\u00ea\u0309 m\u00ecnh \u0111\u00e3 l\u00e3ng qu\u00ean, ho\u1ea1\u0306c chu\u031ba t\u01b0\u0300ng.<\/p>\n<p> \u0110\u00ea\u0309 r\u00f4\u0300i sau \u0111\u00f3 l\u00ean chuy\u00ea\u0301n thuy\u00ea\u0300n nhe\u0323 v\u00e9n b\u01b0\u0301c m\u00e0n NG\u00c0Y, nhe\u0323 nh\u00e0ng la\u0323c v\u00e0o \u0110\u00caM, khi\u00ea\u0301n ta l\u1ea1\u0306ng ngu\u031b\u01a1\u0300i tru\u031b\u01a1\u0301c nh\u1eefng c\u00e2u chuy\u1ec7n du\u031b\u01a1\u0301i m\u1ecd\u0302t \u0111i\u0323nh da\u0323ng th\u00ea\u0309 nghi\u1eb9\u0302m, m\u00e0 l\u00f2ng ta khe\u0303 rung \u0111\u1ecd\u0302ng.<\/p>\n<p>N\u1ebfu b\u1ea1n \u0111\u00e3 quen v\u1edbi m\u1ed9t t\u00e1c gi\u1ea3 Minh Nh\u1eadt th\u01b0\u1eddng vi\u1ebft truy\u1ec7n ng\u1eafn, t\u1ea3n v\u0103n hay t\u00f9y b\u00fat th\u00ec \u0110\u00caM l\u00e0 nh\u1eefng \u0111i\u1ec1u Minh Nh\u1eadt mong b\u1ea1n kh\u00f4ng c\u1ea7n ph\u1ea3i v\u1ed9i v\u00e3 m\u00e0 h\u00e3y t\u1eeb t\u1eeb l\u1eadt m\u1edf \u0111\u1ec3 th\u1ea5y s\u1ef1 th\u00fa v\u1ecb c\u1ee7a n\u00f3, b\u1edfi \u0111\u00f3 l\u00e0 h\u00e0nh tr\u00ecnh c\u1ee7a m\u1ed9t nh\u00e2n v\u1eadt kh\u00f4ng c\u00f3 th\u1eadt m\u00e0 lu\u00f4n c\u00f3 th\u1eadt, gi\u00fap b\u1ea1n t\u00ecm th\u1ea5y nh\u1eefng \u0111i\u1ec1u cho ri\u00eang m\u00ecnh.<\/p>\n<p>Suy cho c\u00f9ng, ai trong ch\u00fang ta cu\u0303ng \u200b\u201cC\u00f3 nh\u01b0\u0303ng \u0111i\u00ea\u0300u ch\u0103\u0309ng th\u00ea\u0309 n\u00f3i c\u00f9ng ai\u201d\u200b, nhu\u031bng v\u1ea1\u0302y th\u00ec \u0111\u00e3 sao, \u0111\u00f3 l\u00e0 m\u1ecd\u0302t ph\u00e2\u0300n ca\u0309m x\u00fac cu\u0309a ba\u0323n, h\u00e3y \u0111\u00ea\u0309 c\u00f3 nh\u01b0\u0303ng \u0111i\u00ea\u0300u \u0111\u1ea1\u0306c bi\u1eb9\u0302t \u00e2\u0301y \u0111\u00ea\u0301n v\u01a1\u0301i nh\u01b0\u0303ng ngu\u031b\u01a1\u0300i \u0111u\u0309 kha\u0309 na\u0306ng ca\u0309m nh\u1ea1\u0302n n\u00f3. Ngay ca\u0309 khi ch\u0103\u0309ng ai ca\u0309m nh\u1ea1\u0302n \u0111u\u031b\u01a1\u0323c, ch\u00fang ta cu\u0303ng h\u00e3y s\u00f4\u0301ng tro\u0323n ve\u0323n v\u01a1\u0301i m\u00ecnh, v\u01a1\u0301i ph\u00e2\u0300n l\u00fd tr\u00ed, ba\u0309n na\u0306ng v\u00e0 ca\u0309 \u0111am m\u00ea \u0111\u00e3 ta\u0323o n\u00ean m\u00f4\u0303i ngu\u031b\u01a1\u0300i trong cu\u1ecd\u0302c \u0111\u01a1\u0300i.<\/p>\n<p> V\u1eady n\u00ean hy vo\u0323ng khi g\u00e2\u0301p la\u0323i nh\u01b0\u0303ng trang s\u00e1ch cu\u00f4\u0301i c\u00f9ng cu\u0309a \u200b\u201cC\u00f3 nh\u01b0\u0303ng \u0111i\u00ea\u0300u ch\u0103\u0309ng th\u00ea\u0309 n\u00f3i c\u00f9ng ai\u201d, l\u00f2ng ba\u0323n se\u0303 ch\u1eb3ng c\u00f2n \u0111a s\u1ea7u \u0111a c\u1ea3m, ch\u1eb3ng c\u00f2n ng\u1ed5n ngang nh\u1eefng c\u1ea3m x\u00fac ph\u1ee9c t\u1ea1p, ch\u1eb3ng c\u00f2n d\u1eb1n v\u1eb7t ch\u00ednh b\u1ea3n th\u00e2n v\u00ec nh\u1eefng l\u1ea7n tan v\u1ee1 \u0111\u1ec3 sau \u0111\u00f3 t\u00ecm th\u1ea5y mi\u1ec1n \u0111\u1ea5t khi\u1ebfn m\u00ecnh b\u00ecnh y\u00ean ho\u031bn.<\/p>\n","protected":false},"featured_media":9511,"template":"","meta":{"_acf_changed":false},"product_brand":[],"product_cat":[15,47],"product_tag":[],"class_list":{"0":"post-9513","1":"product","2":"type-product","3":"status-publish","4":"has-post-thumbnail","6":"product_cat-sach-danh-cho-nguoi-lon","7":"product_cat-truyen-ngan-tan-van","9":"first","10":"outofstock","11":"taxable","12":"shipping-taxable","13":"purchasable","14":"product-type-simple"},"supplier_id":null,"supplier_sku":"","barcode":null,"atum_controlled":true,"out_stock_date":"2023-03-05 16:53:08","out_stock_threshold":null,"inheritable":false,"inbound_stock":1,"stock_on_hold":0,"sold_today":0,"sales_last_days":0,"reserved_stock":0,"customer_returns":0,"warehouse_damage":0,"lost_in_post":0,"other_logs":0,"out_stock_days":1060,"lost_sales":0,"has_location":false,"update_date":"2026-01-28T23:10:44","atum_locations":[],"atum_stock_status":"outofstock","restock_status":false,"low_stock_amount":"","sales_update_date":"2026-01-28T23:10:44","calc_backorders":null,"acf":{"publisher":{"ID":1460,"post_author":"1","post_date":"2021-02-17 01:12:24","post_date_gmt":"2021-02-16 23:12:24","post_content":"<!-- wp:flatsome\/uxbuilder -->\n<h1 style=\"text-align: center;\"><strong>Skybooks<\/strong><\/h1>\n[row]\n\n[col span=\"7\" span__sm=\"12\"]\n\n<p>C\u00f4ng ty ph\u00e1t h\u00e0nh s\u00e1ch Skybooks. \"T\u00f4i tr\u1ebb, t\u00f4i \u0111am m\u00ea\" v\u1edbi s\u1ee9 m\u1ec7nh lan to\u1ea3 c\u1ea3m x\u00fac v\u00e0 k\u1ebft n\u1ed1i t\u00e2m h\u1ed3n<\/p>\n<p><strong>Skybooks l\u00e0 c\u00e2u chuy\u1ec7n k\u1ec3 v\u1ec1:<\/strong><br \/>M\u1ed9t th\u1ebf h\u1ec7 ng\u01b0\u1eddi vi\u1ebft tr\u1ebb, \u0111am m\u00ea v\u0103n ch\u01b0\u01a1ng v\u00e0 t\u00f4n tr\u1ecdng, g\u00ecn gi\u1eef, s\u00e1ng t\u1ea1o Ti\u1ebfng Vi\u1ec7t. M\u1ed9t th\u1ebf h\u1ec7 \u0111\u1ed9c gi\u1ea3 tr\u1ebb, \u0111am m\u00ea kh\u00e1m ph\u00e1 ng\u00f4n ng\u1eef v\u00e0 say m\u00ea \u0111\u1ebfn v\u1edbi th\u1ebf gi\u1edbi c\u1ee7a nh\u1eefng quy\u1ec3n s\u00e1ch. M\u1ed9t th\u1ebf h\u1ec7 ng\u01b0\u1eddi l\u00e0m s\u00e1ch tr\u1ebb, \u0111am m\u00ea mang nh\u1eefng gi\u00e1 tr\u1ecb tinh th\u1ea7n l\u1ea1i g\u1ea7n ng\u01b0\u1eddi \u0111\u1ecdc.<br \/>Trong b\u1ed9 nh\u1eadn d\u1ea1ng th\u01b0\u01a1ng hi\u1ec7u:<br \/>Skybooks v\u1edbi ch\u1eef Sky m\u00e0u xanh da tr\u1eddi c\u00f3 \u00fd ngh\u0129a l\u00e0 c\u00f4ng ty B\u1ea7u Tr\u1eddi - n\u01a1i t\u1ea5t c\u1ea3 \u01b0\u1edbc m\u01a1 \u0111\u01b0\u1ee3c t\u1ef1 do tung c\u00e1nh.<br \/>V\u1edbi logo h\u00ecnh hoa b\u1ed3 c\u00f4ng anh \u0111ang bay t\u01b0\u1ee3ng tr\u01b0ng cho s\u1ef1 lan to\u1ea3 c\u1ea3m x\u00fac v\u00e0 kh\u00e1t v\u1ecdng bay cao.<br \/>K\u1ebb v\u1ea1ch logo c\u00f3 n\u1ec1n m\u00e0u ghi x\u00e1m xu\u1ea5t hi\u1ec7n tr\u00ean b\u00eca m\u1ecdi \u1ea5n ph\u1ea9m th\u1ec3 hi\u1ec7n con \u0111\u01b0\u1eddng b\u01b0\u1edbc v\u00e0o th\u1ecb tr\u01b0\u1eddng s\u00e1ch v\u00e0 chinh ph\u1ee5c \u0111\u1ed9c gi\u1ea3 l\u00e0 m\u1ed9t h\u00e0nh tr\u00ecnh d\u00e0i, \u0111\u1ea7y gian kh\u00f3, c\u00f3 nhi\u1ec1u b\u00e3o t\u1ed1, nh\u01b0ng ch\u1ec9 c\u1ea7n n\u1ed7 l\u1ef1c c\u1ed1 g\u1eafng nh\u1ea5t \u0111\u1ecbnh s\u1ebd ngo\u1ea1n m\u1ee5c v\u01b0\u1ee3t qua. \u0110\u1ec3 kh\u1eb3ng \u0111\u1ecbnh v\u00e0 ch\u1ee9ng minh ch\u00ednh m\u00ecnh!<\/p>\n\n[\/col]\n[col span=\"5\" span__sm=\"12\"]\n\n[ux_image id=\"1825\" image_size=\"medium\"]\n\n\n[\/col]\n\n[\/row]\n\n<!-- \/wp:flatsome\/uxbuilder -->","post_title":"Skybooks","post_excerpt":"","post_status":"publish","comment_status":"closed","ping_status":"closed","post_password":"","post_name":"skybooks","to_ping":"","pinged":"","post_modified":"2021-02-17 01:57:31","post_modified_gmt":"2021-02-16 23:57:31","post_content_filtered":"","post_parent":0,"guid":"https:\/\/sachviet.eu\/nha-phat-hanh\/skybooks\/","menu_order":0,"post_type":"publisher","post_mime_type":"","comment_count":"0","filter":"raw"}},"_links":{"self":[{"href":"https:\/\/sachviet.eu\/en\/wp-json\/wp\/v2\/product\/9513","targetHints":{"allow":["GET"]}}],"collection":[{"href":"https:\/\/sachviet.eu\/en\/wp-json\/wp\/v2\/product"}],"about":[{"href":"https:\/\/sachviet.eu\/en\/wp-json\/wp\/v2\/types\/product"}],"wp:featuredmedia":[{"embeddable":true,"href":"https:\/\/sachviet.eu\/en\/wp-json\/wp\/v2\/media\/9511"}],"wp:attachment":[{"href":"https:\/\/sachviet.eu\/en\/wp-json\/wp\/v2\/media?parent=9513"}],"wp:term":[{"taxonomy":"product_brand","embeddable":true,"href":"https:\/\/sachviet.eu\/en\/wp-json\/wp\/v2\/product_brand?post=9513"},{"taxonomy":"product_cat","embeddable":true,"href":"https:\/\/sachviet.eu\/en\/wp-json\/wp\/v2\/product_cat?post=9513"},{"taxonomy":"product_tag","embeddable":true,"href":"https:\/\/sachviet.eu\/en\/wp-json\/wp\/v2\/product_tag?post=9513"}],"curies":[{"name":"wp","href":"https:\/\/api.w.org\/{rel}","templated":true}]}}