{"id":9510,"date":"2021-06-02T01:20:36","date_gmt":"2021-06-01T22:20:36","guid":{"rendered":"https:\/\/sachviet.eu\/shop\/huong-dan-su-dung-nua-kia\/"},"modified":"2022-11-25T14:13:22","modified_gmt":"2022-11-25T12:13:22","slug":"huong-dan-su-dung-nua-kia","status":"publish","type":"product","link":"https:\/\/sachviet.eu\/en\/shop\/huong-dan-su-dung-nua-kia\/","title":{"rendered":"H\u01b0\u1edbng D\u1eabn \u201cS\u1eed D\u1ee5ng\u201d N\u1eeda Kia"},"content":{"rendered":"<p>Ta d\u1ec5 d\u00e0ng b\u1ecb thu h\u00fat b\u1edfi ng\u01b0\u1eddi kh\u00e1c gi\u1edbi ra sao v\u00e0 d\u1ea7n m\u1ea5t \u0111i s\u1ef1 h\u1ea5p d\u1eabn trong m\u1eaft \u0111\u1ed1i ph\u01b0\u01a1ng nh\u01b0 th\u1ebf n\u00e0o?<\/p>\n<p>V\u00ec sao ph\u1ee5 n\u1eef kh\u00f4ng c\u1ea3m th\u1ea5y \u0111\u01b0\u1ee3c y\u00eau th\u01b0\u01a1ng d\u00f9 n\u1eeda kia \u0111\u00e3 r\u1ea5t c\u1ed1 g\u1eafng?<\/p>\n<p>V\u00ec sao \u0111\u00e0n \u00f4ng th\u1ea5y ph\u1ee5 n\u1eef kh\u00f3 hi\u1ec3u v\u00e0 ng\u1ed9t ng\u1ea1t b\u1edfi s\u1ef1 quan t\u00e2m?<\/p>\n<p>V\u00ec sao ta v\u1edbi ng\u01b0\u1eddi \u1ea5y c\u1ee9 nh\u01b0 th\u1ec3 \u0111\u1ebfn t\u1eeb hai h\u00e0nh tinh, v\u00e0 ch\u1eb3ng h\u1ec1 n\u00f3i chung m\u1ed9t th\u1ee9 ti\u1ebfng?<\/p>\n<p>\u2026D\u1ef1a tr\u00ean n\u1ec1n t\u1ea3ng h\u01a1n 30 n\u0103m kinh nghi\u1ec7m t\u01b0 v\u1ea5n t\u00ecnh c\u1ea3m, ti\u1ebfp x\u00fac v\u1edbi h\u01a1n 50.000 c\u00e1 nh\u00e2n v\u00e0 c\u1eb7p \u0111\u00f4i \u1edf 20 th\u00e0nh ph\u1ed1 l\u1edbn, John Gray \u0111\u00e3 \u0111\u00fac r\u00fat ngh\u1ec7 thu\u1eadt y\u00eau th\u01b0\u01a1ng m\u1ed9t ng\u01b0\u1eddi ho\u00e0n to\u00e0n kh\u00e1c bi\u1ec7t, y\u00eau th\u01b0\u01a1ng m\u1ed9t \u201csinh v\u1eadt\u201d t\u1eeb h\u00e0nh tinh kh\u00e1c trong cu\u1ed1n s\u00e1ch n\u00e0y \u2013 v\u1edbi nh\u1eefng di\u1ec5n gi\u1ea3i d\u00ed d\u1ecfm, sinh \u0111\u1ed9ng v\u00e0 v\u00f4 c\u00f9ng th\u1ef1c t\u1ebf.<\/p>\n<p>H\u01b0\u1edbng d\u1eabn \u201cs\u1eed d\u1ee5ng\u201d n\u1eeda kia gi\u1ed1ng nh\u01b0 m\u1ed9t cu\u1ed1n t\u1eeb \u0111i\u1ec3n \u0111\u1ec3 th\u1ea5u hi\u1ec3u \u0111\u1ed1i ph\u01b0\u01a1ng, m\u1ed9t cu\u1ed1n c\u1ea9m nang \u0111\u1ec3 \u201c\u0111\u1ecdc v\u1ecb\u201d ng\u01b0\u1eddi \u1ea5y. N\u00f3 s\u1ebd gi\u00fap b\u1ea1n m\u1edf r\u1ed9ng tr\u00e1i tim \u0111\u1ec3 y\u00eau th\u01b0\u01a1ng v\u00e0 c\u1ea3m th\u00f4ng; cung c\u1ea5p nh\u1eefng ki\u1ebfn th\u1ee9c gi\u00e1 tr\u1ecb \u0111\u1ec3 b\u1ea1n c\u1ea3i thi\u1ec7n c\u00e1c m\u1ed1i quan h\u1ec7 c\u1ee7a m\u00ecnh; \u0111\u1ed3ng th\u1eddi bi\u1ebft tr\u00e2n tr\u1ecdng c\u00e1c gi\u00e1 tr\u1ecb v\u00e0 kh\u00e1c bi\u1ec7t \u0111\u1ed9c \u0111\u00e1o c\u1ee7a ri\u00eang m\u1ed7i ng\u01b0\u1eddi.<\/p>\n<p>D\u00f9 b\u1ea1n \u1edf l\u1ee9a tu\u1ed5i n\u00e0o, \u0111ang r\u01a1i v\u00e0o t\u00ecnh hu\u1ed1ng kh\u00f3 kh\u0103n ra sao, cu\u1ed1n s\u00e1ch ch\u1eafc ch\u1eafn s\u1ebd gi\u00fap tr\u00e1i tim v\u00e0 l\u00fd tr\u00ed c\u1ee7a b\u1ea1n \u201cs\u00e1ng r\u00f5\u201d h\u01a1n v\u1edbi nh\u1eefng c\u00e2u tr\u1ea3 l\u1eddi. M\u1ed9t l\u1ea7n n\u1eefa, John Gray ch\u1ee9ng minh r\u1eb1ng, th\u00e0nh c\u00f4ng c\u1ee7a hi\u1ec7n t\u01b0\u1ee3ng best-seller m\u1ecdi th\u1eddi \u0111\u1ea1i \u0110\u00e0n \u00f4ng \u0111\u1ebfn t\u1eeb Sao H\u1ecfa, \u0110\u00e0n b\u00e0 \u0111\u1ebfn t\u1eeb Sao Kim kh\u00f4ng ph\u1ea3i ng\u1eabu nhi\u00ean \u2013 m\u00e0 ho\u00e0n to\u00e0n x\u1ee9ng \u0111\u00e1ng.<\/p>\n<p>\u201cT\u00ecnh y\u00eau \u0111\u00edch th\u1ef1c lu\u00f4n v\u00f4 \u0111i\u1ec1u ki\u1ec7n. N\u00f3 ch\u1eb3ng th\u1ec3 t\u1ed3n t\u1ea1i n\u1ebfu ch\u00fang ta kh\u00f4ng nh\u1eadn ra v\u00e0 ch\u1ea5p nh\u1eadn s\u1ef1 kh\u00e1c bi\u1ec7t c\u1ee7a nhau. Ch\u1eebng n\u00e0o ta c\u00f2n cho r\u1eb1ng ng\u01b0\u1eddi \u1ea5y ph\u1ea3i suy ngh\u0129, c\u1ea3m nh\u1eadn v\u00e0 c\u01b0 x\u1eed theo c\u00e1ch c\u1ee7a ta, t\u00ecnh y\u00eau c\u00f2n b\u1ecb c\u1ea3n tr\u1edf. Ngh\u1ec7 thu\u1eadt y\u00eau m\u1ed9t ng\u01b0\u1eddi ho\u00e0n to\u00e0n kh\u00e1c bi\u1ec7t ch\u00ednh l\u00e0 ch\u00eca kh\u00f3a d\u1eabn l\u1ed1i \u0111\u01b0a ta \u0111\u1ebfn t\u00ecnh y\u00eau \u0111\u00edch th\u1ef1c \u0111\u00f3.\u201d<\/p>\n","protected":false},"excerpt":{"rendered":"<p>Ta d\u1ec5 d\u00e0ng b\u1ecb thu h\u00fat b\u1edfi ng\u01b0\u1eddi kh\u00e1c gi\u1edbi ra sao v\u00e0 d\u1ea7n m\u1ea5t \u0111i s\u1ef1 h\u1ea5p d\u1eabn trong m\u1eaft \u0111\u1ed1i ph\u01b0\u01a1ng nh\u01b0 th\u1ebf n\u00e0o?<\/p>\n<p>V\u00ec sao ph\u1ee5 n\u1eef kh\u00f4ng c\u1ea3m th\u1ea5y \u0111\u01b0\u1ee3c y\u00eau th\u01b0\u01a1ng d\u00f9 n\u1eeda kia \u0111\u00e3 r\u1ea5t c\u1ed1 g\u1eafng?<\/p>\n<p>V\u00ec sao \u0111\u00e0n \u00f4ng th\u1ea5y ph\u1ee5 n\u1eef kh\u00f3 hi\u1ec3u v\u00e0 ng\u1ed9t ng\u1ea1t b\u1edfi s\u1ef1 quan t\u00e2m?<\/p>\n<p>V\u00ec sao ta v\u1edbi ng\u01b0\u1eddi \u1ea5y c\u1ee9 nh\u01b0 th\u1ec3 \u0111\u1ebfn t\u1eeb hai h\u00e0nh tinh, v\u00e0 ch\u1eb3ng h\u1ec1 n\u00f3i chung m\u1ed9t th\u1ee9 ti\u1ebfng?<\/p>\n<p>\u2026D\u1ef1a tr\u00ean n\u1ec1n t\u1ea3ng h\u01a1n 30 n\u0103m kinh nghi\u1ec7m t\u01b0 v\u1ea5n t\u00ecnh c\u1ea3m, ti\u1ebfp x\u00fac v\u1edbi h\u01a1n 50.000 c\u00e1 nh\u00e2n v\u00e0 c\u1eb7p \u0111\u00f4i \u1edf 20 th\u00e0nh ph\u1ed1 l\u1edbn, John Gray \u0111\u00e3 \u0111\u00fac r\u00fat ngh\u1ec7 thu\u1eadt y\u00eau th\u01b0\u01a1ng m\u1ed9t ng\u01b0\u1eddi ho\u00e0n to\u00e0n kh\u00e1c bi\u1ec7t, y\u00eau th\u01b0\u01a1ng m\u1ed9t \u201csinh v\u1eadt\u201d t\u1eeb h\u00e0nh tinh kh\u00e1c trong cu\u1ed1n s\u00e1ch n\u00e0y \u2013 v\u1edbi nh\u1eefng di\u1ec5n gi\u1ea3i d\u00ed d\u1ecfm, sinh \u0111\u1ed9ng v\u00e0 v\u00f4 c\u00f9ng th\u1ef1c t\u1ebf.<\/p>\n<p>H\u01b0\u1edbng d\u1eabn \u201cs\u1eed d\u1ee5ng\u201d n\u1eeda kia gi\u1ed1ng nh\u01b0 m\u1ed9t cu\u1ed1n t\u1eeb \u0111i\u1ec3n \u0111\u1ec3 th\u1ea5u hi\u1ec3u \u0111\u1ed1i ph\u01b0\u01a1ng, m\u1ed9t cu\u1ed1n c\u1ea9m nang \u0111\u1ec3 \u201c\u0111\u1ecdc v\u1ecb\u201d ng\u01b0\u1eddi \u1ea5y. N\u00f3 s\u1ebd gi\u00fap b\u1ea1n m\u1edf r\u1ed9ng tr\u00e1i tim \u0111\u1ec3 y\u00eau th\u01b0\u01a1ng v\u00e0 c\u1ea3m th\u00f4ng; cung c\u1ea5p nh\u1eefng ki\u1ebfn th\u1ee9c gi\u00e1 tr\u1ecb \u0111\u1ec3 b\u1ea1n c\u1ea3i thi\u1ec7n c\u00e1c m\u1ed1i quan h\u1ec7 c\u1ee7a m\u00ecnh; \u0111\u1ed3ng th\u1eddi bi\u1ebft tr\u00e2n tr\u1ecdng c\u00e1c gi\u00e1 tr\u1ecb v\u00e0 kh\u00e1c bi\u1ec7t \u0111\u1ed9c \u0111\u00e1o c\u1ee7a ri\u00eang m\u1ed7i ng\u01b0\u1eddi.<\/p>\n<p>D\u00f9 b\u1ea1n \u1edf l\u1ee9a tu\u1ed5i n\u00e0o, \u0111ang r\u01a1i v\u00e0o t\u00ecnh hu\u1ed1ng kh\u00f3 kh\u0103n ra sao, cu\u1ed1n s\u00e1ch ch\u1eafc ch\u1eafn s\u1ebd gi\u00fap tr\u00e1i tim v\u00e0 l\u00fd tr\u00ed c\u1ee7a b\u1ea1n \u201cs\u00e1ng r\u00f5\u201d h\u01a1n v\u1edbi nh\u1eefng c\u00e2u tr\u1ea3 l\u1eddi. M\u1ed9t l\u1ea7n n\u1eefa, John Gray ch\u1ee9ng minh r\u1eb1ng, th\u00e0nh c\u00f4ng c\u1ee7a hi\u1ec7n t\u01b0\u1ee3ng best-seller m\u1ecdi th\u1eddi \u0111\u1ea1i \u0110\u00e0n \u00f4ng \u0111\u1ebfn t\u1eeb Sao H\u1ecfa, \u0110\u00e0n b\u00e0 \u0111\u1ebfn t\u1eeb Sao Kim kh\u00f4ng ph\u1ea3i ng\u1eabu nhi\u00ean \u2013 m\u00e0 ho\u00e0n to\u00e0n x\u1ee9ng \u0111\u00e1ng.<\/p>\n<p>\u201cT\u00ecnh y\u00eau \u0111\u00edch th\u1ef1c lu\u00f4n v\u00f4 \u0111i\u1ec1u ki\u1ec7n. N\u00f3 ch\u1eb3ng th\u1ec3 t\u1ed3n t\u1ea1i n\u1ebfu ch\u00fang ta kh\u00f4ng nh\u1eadn ra v\u00e0 ch\u1ea5p nh\u1eadn s\u1ef1 kh\u00e1c bi\u1ec7t c\u1ee7a nhau. Ch\u1eebng n\u00e0o ta c\u00f2n cho r\u1eb1ng ng\u01b0\u1eddi \u1ea5y ph\u1ea3i suy ngh\u0129, c\u1ea3m nh\u1eadn v\u00e0 c\u01b0 x\u1eed theo c\u00e1ch c\u1ee7a ta, t\u00ecnh y\u00eau c\u00f2n b\u1ecb c\u1ea3n tr\u1edf. Ngh\u1ec7 thu\u1eadt y\u00eau m\u1ed9t ng\u01b0\u1eddi ho\u00e0n to\u00e0n kh\u00e1c bi\u1ec7t ch\u00ednh l\u00e0 ch\u00eca kh\u00f3a d\u1eabn l\u1ed1i \u0111\u01b0a ta \u0111\u1ebfn t\u00ecnh y\u00eau \u0111\u00edch th\u1ef1c \u0111\u00f3.\u201d<\/p>\n","protected":false},"featured_media":9499,"template":"","meta":{"_acf_changed":false},"product_brand":[],"product_cat":[15,46],"product_tag":[],"class_list":{"0":"post-9510","1":"product","2":"type-product","3":"status-publish","4":"has-post-thumbnail","6":"product_cat-sach-danh-cho-nguoi-lon","7":"product_cat-ky-nang-song","9":"first","10":"outofstock","11":"taxable","12":"shipping-taxable","13":"purchasable","14":"product-type-simple"},"supplier_id":null,"supplier_sku":"","barcode":null,"atum_controlled":true,"out_stock_date":"2022-11-25 12:13:22","out_stock_threshold":null,"inheritable":false,"inbound_stock":1,"stock_on_hold":0,"sold_today":0,"sales_last_days":0,"reserved_stock":0,"customer_returns":0,"warehouse_damage":0,"lost_in_post":0,"other_logs":0,"out_stock_days":1160,"lost_sales":0,"has_location":false,"update_date":"2026-01-28T23:10:44","atum_locations":[],"atum_stock_status":"outofstock","restock_status":false,"low_stock_amount":"","sales_update_date":"2026-01-28T23:10:44","calc_backorders":null,"acf":{"publisher":{"ID":1785,"post_author":"1","post_date":"2021-02-17 01:54:46","post_date_gmt":"2021-02-16 23:54:46","post_content":"<!-- wp:flatsome\/uxbuilder -->\n<h1 style=\"text-align: center;\"><strong>AZ VIETNAM<\/strong><\/h1>\n[row]\n\n[col span=\"8\" span__sm=\"12\"]\n\n<p>Th\u00e0nh l\u1eadp n\u0103m: 2015<br \/>V\u1ed1n \u0111\u1ea7u t\u01b0: 4,000,000,000 \u0111\u1ed3ng<br \/><strong>L\u0129nh v\u1ef1c:<\/strong><br \/>- Xu\u1ea5t b\u1ea3n v\u00e0 ph\u00e1t h\u00e0nh v\u0103n h\u00f3a ph\u1ea9m<br \/>- Cung c\u1ea5p v\u0103n h\u00f3a ph\u1ea9m, c\u00e1c s\u1ea3n ph\u1ea9m cho in \u1ea5n, trang thi\u1ebft b\u1ecb cho c\u00e1c th\u01b0 vi\u1ec7n v\u00e0 trung t\u00e2m s\u00e1ch tr\u00ean c\u1ea3 n\u01b0\u1edbc.<br \/>- Th\u1eddi trang v\u00e0 c\u00e1c s\u1ea3n ph\u1ea9m li\u00ean quan \u0111\u1ebfn l\u0129nh v\u1ef1c th\u1eddi trang<br \/>- Xu\u1ea5t nh\u1eadp kh\u1ea9u c\u00e1c s\u1ea3n ph\u1ea9m v\u0103n h\u00f3a<\/p>\n<p><strong>Quy m\u00f4:<\/strong> 60 nh\u00e2n vi\u00ean<br \/>Kh\u1edfi ngu\u1ed3n c\u1ee7a AZ Vi\u1ec7t Nam ng\u00e0y nay l\u00e0 C\u00f4ng ty TNHH Trung t\u00e2m S\u00e1ch v\u00e0 Thi\u1ebft b\u1ecb Th\u01b0 vi\u1ec7n, v\u1edbi ho\u1ea1t \u0111\u1ed9ng \u0111\u1ea7u ti\u00ean l\u00e0 cung c\u1ea5p s\u00e1ch, trang thi\u1ebft b\u1ecb, v\u0103n h\u00f3a ph\u1ea9m cho c\u00e1c th\u01b0 vi\u1ec7n v\u00e0 trung t\u00e2m s\u00e1ch tr\u00ean c\u1ea3 n\u01b0\u1edbc. T\u1eeb cu\u1ed1i n\u0103m 2010 \u0111\u1ebfn nay, ch\u00fang t\u00f4i \u0111\u00e3 kh\u00f4ng ng\u1eebng n\u1ed7 l\u1ef1c khai ph\u00e1 v\u00e0 ph\u00e1t tri\u1ec3n c\u00e1c d\u00f2ng s\u1ea3n ph\u1ea9m m\u1edbi v\u1edbi 8 th\u01b0\u01a1ng hi\u1ec7u uy t\u00edn. \u0110\u1ec3 \u0111\u00e1p \u1ee9ng nhu c\u1ea7u ph\u00e1t tri\u1ec3n ng\u00e0y m\u1ed9t l\u1edbn m\u1ea1nh v\u00e0 t\u1eadp h\u1ee3p c\u00e1c th\u01b0\u01a1ng hi\u1ec7u \u0111\u00e3 \u0111\u01b0\u1ee3c ch\u00fang t\u00f4i x\u00e2y d\u1ef1ng, 2015 C\u00f4ng ty TNHH AZ Vi\u1ec7t Nam \u0111\u00e3 ra \u0111\u1eddi v\u1edbi s\u1ee9 m\u1ec7nh mang \u0111\u1ebfn nhi\u1ec1u h\u01a1n n\u1eefa nh\u1eefng gi\u00e1 tr\u1ecb tinh th\u1ea7n, tri th\u1ee9c ti\u00ean ti\u1ebfn cho ng\u01b0\u1eddi ti\u00eau d\u00f9ng b\u1eb1ng vi\u1ec7c cung c\u1ea5p nh\u1eefng s\u1ea3n ph\u1ea9m c\u00f3 ch\u1ea5t l\u01b0\u1ee3ng.<\/p>\n\n[\/col]\n[col span=\"4\" span__sm=\"12\"]\n\n[ux_image id=\"1836\" image_size=\"medium\"]\n\n\n[\/col]\n\n[\/row]\n\n<!-- \/wp:flatsome\/uxbuilder -->","post_title":"AZ Vi\u1ec7t Nam","post_excerpt":"","post_status":"publish","comment_status":"closed","ping_status":"closed","post_password":"","post_name":"az-viet-nam","to_ping":"","pinged":"","post_modified":"2021-02-17 22:07:10","post_modified_gmt":"2021-02-17 20:07:10","post_content_filtered":"","post_parent":0,"guid":"https:\/\/sachviet.eu\/nha-phat-hanh\/az-viet-nam\/","menu_order":0,"post_type":"publisher","post_mime_type":"","comment_count":"0","filter":"raw"}},"_links":{"self":[{"href":"https:\/\/sachviet.eu\/en\/wp-json\/wp\/v2\/product\/9510","targetHints":{"allow":["GET"]}}],"collection":[{"href":"https:\/\/sachviet.eu\/en\/wp-json\/wp\/v2\/product"}],"about":[{"href":"https:\/\/sachviet.eu\/en\/wp-json\/wp\/v2\/types\/product"}],"wp:featuredmedia":[{"embeddable":true,"href":"https:\/\/sachviet.eu\/en\/wp-json\/wp\/v2\/media\/9499"}],"wp:attachment":[{"href":"https:\/\/sachviet.eu\/en\/wp-json\/wp\/v2\/media?parent=9510"}],"wp:term":[{"taxonomy":"product_brand","embeddable":true,"href":"https:\/\/sachviet.eu\/en\/wp-json\/wp\/v2\/product_brand?post=9510"},{"taxonomy":"product_cat","embeddable":true,"href":"https:\/\/sachviet.eu\/en\/wp-json\/wp\/v2\/product_cat?post=9510"},{"taxonomy":"product_tag","embeddable":true,"href":"https:\/\/sachviet.eu\/en\/wp-json\/wp\/v2\/product_tag?post=9510"}],"curies":[{"name":"wp","href":"https:\/\/api.w.org\/{rel}","templated":true}]}}