{"id":950,"date":"2021-02-14T00:21:56","date_gmt":"2021-02-13T22:21:56","guid":{"rendered":"https:\/\/sachviet.eu\/shop\/troi-sinh-vung-ve-hay-bu-dap-bang-su-kien-tri\/"},"modified":"2021-05-18T00:49:47","modified_gmt":"2021-05-17T21:49:47","slug":"troi-sinh-vung-ve-hay-bu-dap-bang-su-kien-tri","status":"publish","type":"product","link":"https:\/\/sachviet.eu\/en\/shop\/troi-sinh-vung-ve-hay-bu-dap-bang-su-kien-tri\/","title":{"rendered":"Tr\u1eddi sinh v\u1ee5ng v\u1ec1, h\u00e3y b\u00f9 \u0111\u1eafp b\u1eb1ng s\u1ef1 ki\u00ean tr\u00ec"},"content":{"rendered":"<p><strong>TR\u1edcI SINH V\u1ee4NG V\u1ec0, H\u00c3Y B\u00d9 \u0110\u1eaeP B\u1eb0NG S\u1ef0 KI\u00caN TR\u00cc &#8211; Khi kh\u00f4ng nh\u00ecn r\u00f5 \u0111\u01b0\u1ee3c t\u01b0\u01a1ng lai, th\u00ec h\u00e3y ki\u00ean tr\u00ec l\u00e2u h\u01a1n ng\u01b0\u1eddi kh\u00e1c!<\/strong><\/p>\n<p>Ch\u00fang ta \u0111\u1ec1u \u00f4m m\u1ed9ng t\u01b0\u1edfng c\u1ee7a ri\u00eang m\u00ecnh, r\u1ed3i c\u1ea5t b\u01b0\u1edbc tr\u00ean con \u0111\u01b0\u1eddng m\u00ecnh \u0111\u00e3 ch\u1ecdn.<br \/>\nCh\u00fang ta \u0111\u1ec1u kh\u00f4ng ph\u1ea3i ki\u1ec3u ng\u01b0\u1eddi \u0111\u01b0\u1ee3c \u00f4ng tr\u1eddi \u01b0u \u00e1i, c\u0169ng kh\u00f4ng t\u1ef1 tin m\u00ecnh s\u1edf h\u1eefu t\u00e0i n\u0103ng \u0111\u1eb7c bi\u1ec7t, v\u1eady m\u00e0 l\u1ea1i tham lam mu\u1ed1n s\u1ed1ng theo \u00fd m\u00ecnh. Ch\u00ednh v\u00ec v\u1eady, ch\u00fang ta \u0111\u1ec1u \u0111ang c\u1eafn r\u0103ng b\u01b0\u1edbc v\u1ec1 ph\u00eda tr\u01b0\u1edbc trong b\u0103n kho\u0103n v\u00e0 l\u01b0\u1ee1ng l\u1ef1.<\/p>\n<p>N\u1ebfu b\u1ea1n kh\u00f4ng bi\u1ebft m\u00ecnh mu\u1ed1n l\u00e0m g\u00ec, tr\u01b0\u1edbc h\u1ebft h\u00e3y l\u00e0m t\u1ed1t c\u00f4ng vi\u1ec7c trong tay; n\u1ebfu b\u1ea1n kh\u00f4ng bi\u1ebft m\u00ecnh c\u00f3 th\u1ec3 \u0111i \u0111\u1ebfn \u0111\u00e2u, tr\u01b0\u1edbc h\u1ebft h\u00e3y v\u1eefng b\u01b0\u1edbc tr\u00ean con \u0111\u01b0\u1eddng hi\u1ec7n t\u1ea1i; n\u1ebfu b\u1ea1n kh\u00f4ng bi\u1ebft m\u00ecnh s\u1ebd g\u1eb7p ai, tr\u01b0\u1edbc h\u1ebft h\u00e3y h\u1ecdc c\u00e1ch \u0111\u1ed1i x\u1eed t\u1eed t\u1ebf v\u1edbi nh\u1eefng ng\u01b0\u1eddi b\u00ean c\u1ea1nh; n\u1ebfu b\u1ea1n kh\u00f4ng ch\u1eafc nh\u1eefng vi\u1ec7c m\u00ecnh \u0111ang l\u00e0m li\u1ec7u c\u00f3 \u00fd ngh\u0129a, tr\u01b0\u1edbc h\u1ebft \u00edt nh\u1ea5t h\u00e3y ch\u1eafc ch\u1eafn r\u1eb1ng kh\u00f4ng ph\u1ea3i m\u00ecnh \u0111ang \u0103n kh\u00f4ng ng\u1ed3i r\u1ed3i.<\/p>\n<p>S\u01b0\u01a1ng m\u00f9 gi\u0103ng l\u1ed1i, c\u00f3 l\u1ebd b\u1ea1n ch\u1ec9 nh\u00ecn th\u1ea5y n\u0103m m\u00e9t tr\u01b0\u1edbc m\u1eb7t, nh\u01b0ng h\u00e3y c\u1ee9 t\u1eebng b\u01b0\u1edbc \u0111i h\u1ebft n\u0103m m\u00e9t n\u00e0y, m\u00e0n s\u01b0\u01a1ng m\u00f4ng lung s\u1ebd d\u1ea7n tan. Ch\u1edd \u0111\u1ee3i v\u00e0 ch\u1ea7n ch\u1eeb s\u1ebd ch\u1ec9 c\u01b0\u1edbp \u0111i \u0111\u1ed9ng l\u1ef1c c\u1ee7a b\u1ea1n m\u00e0 th\u00f4i&#8230;&#8221;<\/p>\n<p>Tr\u00edch Tr\u1eddi sinh v\u1ee5ng v\u1ec1, h\u00e3y b\u00f9 \u0111\u1eafp b\u1eb1ng s\u1ef1 ki\u00ean tr\u00ec &#8211; L\u01b0 T\u01b0 H\u1ea1o<br \/>\nCu\u1ed1n s\u00e1ch v\u1ea1n b\u1ea3n truy\u1ec1n c\u1ea3m h\u1ee9ng cho h\u00e0ng tri\u1ec7u ng\u01b0\u1eddi tr\u1ebb Trung Qu\u1ed1c!<\/p>\n  <div class=\"banner-grid-wrapper\">\n  <div id=\"banner-grid-728042277\" class=\"banner-grid row row-grid row-small\" data-packery-options=\"\">\n                      \n<div class=\"col grid-col large-12 grid-col-1\" ><div class=\"col-inner\">\n\t<div class=\"img has-hover x md-x lg-x y md-y lg-y\" id=\"image_820387650\">\n\t\t\t\t\t\t\t\t<div class=\"img-inner dark\" >\n\t\t\t<img loading=\"lazy\" decoding=\"async\" width=\"1020\" height=\"645\" src=\"https:\/\/sachviet.eu\/wp-content\/uploads\/2021\/02\/118441060_3382239601835176_9113881175781918419_o-1024x648.jpg\" class=\"attachment-large size-large\" alt=\"\" srcset=\"https:\/\/sachviet.eu\/wp-content\/uploads\/2021\/02\/118441060_3382239601835176_9113881175781918419_o-1024x648.jpg 1024w, https:\/\/sachviet.eu\/wp-content\/uploads\/2021\/02\/118441060_3382239601835176_9113881175781918419_o-300x190.jpg 300w, https:\/\/sachviet.eu\/wp-content\/uploads\/2021\/02\/118441060_3382239601835176_9113881175781918419_o-768x486.jpg 768w, https:\/\/sachviet.eu\/wp-content\/uploads\/2021\/02\/118441060_3382239601835176_9113881175781918419_o-1536x972.jpg 1536w, https:\/\/sachviet.eu\/wp-content\/uploads\/2021\/02\/118441060_3382239601835176_9113881175781918419_o-600x380.jpg 600w, https:\/\/sachviet.eu\/wp-content\/uploads\/2021\/02\/118441060_3382239601835176_9113881175781918419_o.jpg 2048w\" sizes=\"auto, (max-width: 1020px) 100vw, 1020px\" \/>\t\t\t\t\t\t\n\t\t\t\t\t<\/div>\n\t\t\t\t\t\t\t\t\n<style>\n#image_820387650 {\n  width: 100%;\n}\n<\/style>\n\t<\/div>\n\t\n<\/div><\/div>\n            <\/div>\n    <style>\n    #banner-grid-728042277 .grid-col-1{height: 600px}\n    #banner-grid-728042277 .grid-col-1-2{height: 300px}\n    #banner-grid-728042277 .grid-col-1-3{height:200px}\n    #banner-grid-728042277 .grid-col-2-3{height: 400px}\n    #banner-grid-728042277 .grid-col-1-4{height: 150px}\n    #banner-grid-728042277 .grid-col-3-4{height: 450px}\n\n\n    \n    \n\n  <\/style>\n    <\/div>\n  \n","protected":false},"excerpt":{"rendered":"<p>Ch\u00fang ta \u0111\u1ec1u s\u1ebd g\u1eb7p \u0111\u1ee7 m\u1ecdi phi\u1ec1n n\u00e3o, cho d\u00f9 ng\u01b0\u1eddi b\u00ean c\u1ea1nh c\u0169ng kh\u00f4ng bi\u1ebft ph\u1ea3i an \u1ee7i th\u1ebf n\u00e0o, \u0111\u1ebfn sau n\u00e0y m\u1edbi s\u00e1ng t\u1ecf, m\u1ecdi l\u1eddi an \u1ee7i kh\u00f4ng b\u1eb1ng s\u1ef1 b\u1ea7u b\u1ea1n, c\u00f3 ng\u01b0\u1eddi \u0111ang l\u1eafng nghe b\u1ea1n n\u00f3i; mu\u00f4n ng\u00e0n l\u1eddi n\u00f3i kh\u00f4ng b\u1eb1ng n\u00e2ng ch\u00e9n ti\u00eau s\u1ea7u, c\u00f3 ng\u01b0\u1eddi c\u00f9ng say.<br \/>\nC\u00f3 l\u00fac c\u1eadu s\u1ebd g\u1eb7p tr\u1eddi m\u01b0a, b\u1ecdn t\u1edb kh\u00f4ng c\u00f3 c\u00e1ch n\u00e0o x\u00f4ng v\u00e0o th\u1ebf gi\u1edbi c\u1ee7a c\u1eadu \u0111\u1ec3 che \u00f4 cho c\u1eadu. C\u00f3 l\u00fac c\u1eadu s\u1ebd \u0111\u1ed1i di\u1ec7n kh\u00fac khu\u1ef7u g\u1eadp gh\u1ec1nh, b\u1ecdn t\u1edb kh\u00f4ng th\u1ec3 thay c\u1eadu \u0111i h\u1ebft con \u0111\u01b0\u1eddng d\u00e0i \u0111\u1eb1ng \u0111\u1eb5ng n\u00e0y.<br \/>\nC\u00f3 l\u00fac c\u1eadu g\u1eb7p tr\u1eafc tr\u1edf nh\u01b0ng b\u1ecdn t\u1edb kh\u00f4ng bi\u1ebft ph\u1ea3i an \u1ee7i th\u1ebf n\u00e0o, mu\u00f4n \u00fd ng\u00e0n l\u1eddi \u0111\u1ec1u tr\u1edf n\u00ean th\u1eeba th\u00e3i, v\u1eady th\u00ec b\u1ea7u b\u1ea1n, b\u1ea7u b\u1ea1n ch\u00ednh l\u00e0 ph\u01b0\u01a1ng th\u1ee9c an \u1ee7i tuy\u1ec7t v\u1eddi nh\u1ea5t tr\u00ean \u0111\u1eddi n\u00e0y.<\/p>\n<p>Tr\u00edch Tr\u1eddi sinh v\u1ee5ng v\u1ec1, h\u00e3y b\u00f9 \u0111\u1eafp b\u1eb1ng s\u1ef1 ki\u00ean tr\u00ec &#8211; L\u01b0 T\u01b0 H\u1ea1o<br \/>\nCu\u1ed1n s\u00e1ch v\u1ea1n b\u1ea3n truy\u1ec1n c\u1ea3m h\u1ee9ng cho h\u00e0ng tri\u1ec7u ng\u01b0\u1eddi tr\u1ebb Trung Qu\u1ed1c!<\/p>\n","protected":false},"featured_media":938,"template":"","meta":{"_acf_changed":false},"product_brand":[],"product_cat":[15,47],"product_tag":[],"class_list":{"0":"post-950","1":"product","2":"type-product","3":"status-publish","4":"has-post-thumbnail","6":"product_cat-sach-danh-cho-nguoi-lon","7":"product_cat-truyen-ngan-tan-van","9":"first","10":"instock","11":"taxable","12":"shipping-taxable","13":"purchasable","14":"product-type-simple"},"supplier_id":null,"supplier_sku":"","barcode":null,"atum_controlled":true,"out_stock_date":null,"out_stock_threshold":null,"inheritable":false,"inbound_stock":0,"stock_on_hold":0,"sold_today":0,"sales_last_days":0,"reserved_stock":0,"customer_returns":0,"warehouse_damage":0,"lost_in_post":0,"other_logs":0,"out_stock_days":0,"lost_sales":0,"has_location":false,"update_date":"2026-01-28T23:10:29","atum_locations":[],"atum_stock_status":"instock","restock_status":false,"low_stock_amount":"","sales_update_date":"2026-01-28T23:10:29","calc_backorders":null,"acf":{"publisher":{"ID":1460,"post_author":"1","post_date":"2021-02-17 01:12:24","post_date_gmt":"2021-02-16 23:12:24","post_content":"<!-- wp:flatsome\/uxbuilder -->\n<h1 style=\"text-align: center;\"><strong>Skybooks<\/strong><\/h1>\n[row]\n\n[col span=\"7\" span__sm=\"12\"]\n\n<p>C\u00f4ng ty ph\u00e1t h\u00e0nh s\u00e1ch Skybooks. \"T\u00f4i tr\u1ebb, t\u00f4i \u0111am m\u00ea\" v\u1edbi s\u1ee9 m\u1ec7nh lan to\u1ea3 c\u1ea3m x\u00fac v\u00e0 k\u1ebft n\u1ed1i t\u00e2m h\u1ed3n<\/p>\n<p><strong>Skybooks l\u00e0 c\u00e2u chuy\u1ec7n k\u1ec3 v\u1ec1:<\/strong><br \/>M\u1ed9t th\u1ebf h\u1ec7 ng\u01b0\u1eddi vi\u1ebft tr\u1ebb, \u0111am m\u00ea v\u0103n ch\u01b0\u01a1ng v\u00e0 t\u00f4n tr\u1ecdng, g\u00ecn gi\u1eef, s\u00e1ng t\u1ea1o Ti\u1ebfng Vi\u1ec7t. M\u1ed9t th\u1ebf h\u1ec7 \u0111\u1ed9c gi\u1ea3 tr\u1ebb, \u0111am m\u00ea kh\u00e1m ph\u00e1 ng\u00f4n ng\u1eef v\u00e0 say m\u00ea \u0111\u1ebfn v\u1edbi th\u1ebf gi\u1edbi c\u1ee7a nh\u1eefng quy\u1ec3n s\u00e1ch. M\u1ed9t th\u1ebf h\u1ec7 ng\u01b0\u1eddi l\u00e0m s\u00e1ch tr\u1ebb, \u0111am m\u00ea mang nh\u1eefng gi\u00e1 tr\u1ecb tinh th\u1ea7n l\u1ea1i g\u1ea7n ng\u01b0\u1eddi \u0111\u1ecdc.<br \/>Trong b\u1ed9 nh\u1eadn d\u1ea1ng th\u01b0\u01a1ng hi\u1ec7u:<br \/>Skybooks v\u1edbi ch\u1eef Sky m\u00e0u xanh da tr\u1eddi c\u00f3 \u00fd ngh\u0129a l\u00e0 c\u00f4ng ty B\u1ea7u Tr\u1eddi - n\u01a1i t\u1ea5t c\u1ea3 \u01b0\u1edbc m\u01a1 \u0111\u01b0\u1ee3c t\u1ef1 do tung c\u00e1nh.<br \/>V\u1edbi logo h\u00ecnh hoa b\u1ed3 c\u00f4ng anh \u0111ang bay t\u01b0\u1ee3ng tr\u01b0ng cho s\u1ef1 lan to\u1ea3 c\u1ea3m x\u00fac v\u00e0 kh\u00e1t v\u1ecdng bay cao.<br \/>K\u1ebb v\u1ea1ch logo c\u00f3 n\u1ec1n m\u00e0u ghi x\u00e1m xu\u1ea5t hi\u1ec7n tr\u00ean b\u00eca m\u1ecdi \u1ea5n ph\u1ea9m th\u1ec3 hi\u1ec7n con \u0111\u01b0\u1eddng b\u01b0\u1edbc v\u00e0o th\u1ecb tr\u01b0\u1eddng s\u00e1ch v\u00e0 chinh ph\u1ee5c \u0111\u1ed9c gi\u1ea3 l\u00e0 m\u1ed9t h\u00e0nh tr\u00ecnh d\u00e0i, \u0111\u1ea7y gian kh\u00f3, c\u00f3 nhi\u1ec1u b\u00e3o t\u1ed1, nh\u01b0ng ch\u1ec9 c\u1ea7n n\u1ed7 l\u1ef1c c\u1ed1 g\u1eafng nh\u1ea5t \u0111\u1ecbnh s\u1ebd ngo\u1ea1n m\u1ee5c v\u01b0\u1ee3t qua. \u0110\u1ec3 kh\u1eb3ng \u0111\u1ecbnh v\u00e0 ch\u1ee9ng minh ch\u00ednh m\u00ecnh!<\/p>\n\n[\/col]\n[col span=\"5\" span__sm=\"12\"]\n\n[ux_image id=\"1825\" image_size=\"medium\"]\n\n\n[\/col]\n\n[\/row]\n\n<!-- \/wp:flatsome\/uxbuilder -->","post_title":"Skybooks","post_excerpt":"","post_status":"publish","comment_status":"closed","ping_status":"closed","post_password":"","post_name":"skybooks","to_ping":"","pinged":"","post_modified":"2021-02-17 01:57:31","post_modified_gmt":"2021-02-16 23:57:31","post_content_filtered":"","post_parent":0,"guid":"https:\/\/sachviet.eu\/nha-phat-hanh\/skybooks\/","menu_order":0,"post_type":"publisher","post_mime_type":"","comment_count":"0","filter":"raw"}},"_links":{"self":[{"href":"https:\/\/sachviet.eu\/en\/wp-json\/wp\/v2\/product\/950","targetHints":{"allow":["GET"]}}],"collection":[{"href":"https:\/\/sachviet.eu\/en\/wp-json\/wp\/v2\/product"}],"about":[{"href":"https:\/\/sachviet.eu\/en\/wp-json\/wp\/v2\/types\/product"}],"wp:featuredmedia":[{"embeddable":true,"href":"https:\/\/sachviet.eu\/en\/wp-json\/wp\/v2\/media\/938"}],"wp:attachment":[{"href":"https:\/\/sachviet.eu\/en\/wp-json\/wp\/v2\/media?parent=950"}],"wp:term":[{"taxonomy":"product_brand","embeddable":true,"href":"https:\/\/sachviet.eu\/en\/wp-json\/wp\/v2\/product_brand?post=950"},{"taxonomy":"product_cat","embeddable":true,"href":"https:\/\/sachviet.eu\/en\/wp-json\/wp\/v2\/product_cat?post=950"},{"taxonomy":"product_tag","embeddable":true,"href":"https:\/\/sachviet.eu\/en\/wp-json\/wp\/v2\/product_tag?post=950"}],"curies":[{"name":"wp","href":"https:\/\/api.w.org\/{rel}","templated":true}]}}