{"id":9498,"date":"2021-06-02T01:19:40","date_gmt":"2021-06-01T22:19:40","guid":{"rendered":"https:\/\/sachviet.eu\/shop\/bi-mat-tu-duy-trieu-phu-tai-ban-2019\/"},"modified":"2021-06-20T20:02:12","modified_gmt":"2021-06-20T17:02:12","slug":"bi-mat-tu-duy-trieu-phu-tai-ban-2019","status":"publish","type":"product","link":"https:\/\/sachviet.eu\/en\/shop\/bi-mat-tu-duy-trieu-phu-tai-ban-2019\/","title":{"rendered":"B\u00ed M\u1eadt T\u01b0 Duy Tri\u1ec7u Ph\u00fa (T\u00e1i B\u1ea3n 2019)"},"content":{"rendered":"<p>B\u00ed m\u1eadt t\u01b0 duy tri\u1ec7u ph\u00fa l\u00e0 t\u00e1c ph\u1ea9m n\u1ed5i ti\u1ebfng th\u1ebf gi\u1edbi \u0111\u01b0\u1ee3c th\u1eddi b\u00e1o New York Times, Wall Street Journal v\u00e0 USB Today b\u00ecnh ch\u1ecdn l\u00e0 cu\u1ed1n s\u00e1ch hay nh\u1ea5t, b\u00e1n ch\u1ea1y nh\u1ea5t trong nhi\u1ec1u n\u0103m.<\/p>\n<p>Ng\u01b0\u1eddi n\u1ed5i ti\u1ebfng n\u00f3i v\u1ec1 \u201cB\u00ed m\u1eadt t\u01b0 duy tri\u1ec7u ph\u00fa\u201d:<\/p>\n<p>\u00b7 &#8220;Ai c\u0169ng c\u00f3 m\u1ed9t cu\u1ed9c s\u1ed1ng, ai c\u0169ng l\u00e0m vi\u1ec7c c\u1ea7n c\u00f9, ai c\u0169ng \u01b0\u1edbc m\u01a1 \u0111\u01b0\u1ee3c th\u00e0nh c\u00f4ng, nh\u01b0ng kh\u00f4ng m\u1ea5y ai may m\u1eafn h\u1ecdc \u0111\u01b0\u1ee3c c\u00e1ch t\u01b0 duy \u0111\u1ed9c \u0111\u00e1o v\u00e0 t\u1ea7m nh\u00ecn c\u1ee7a nh\u1eefng t\u1ef7 ph\u00fa l\u1eebng danh \u0111\u00e3 ti\u1ebft l\u1ed9 trong cu\u1ed1n s\u00e1ch gi\u00e1 tr\u1ecb n\u00e0y&#8230;&#8221; &#8211; Wall Street Journal<\/p>\n<p>\u00b7 \u201c\u0110\u00e2y ch\u00ednh l\u00e0 m\u1ed9t trong nh\u1eefng cu\u1ed1n s\u00e1ch gi\u00e0u \u1ea3nh h\u01b0\u1edfng, r\u1ea5t thuy\u1ebft ph\u1ee5c v\u00e0 th\u1ef1c t\u1ebf nh\u1ea5t v\u1ec1 c\u00e1ch tr\u1edf n\u00ean gi\u00e0u c\u00f3 m\u00e0 c\u00e1c b\u1ea1n t\u1eebng \u0111\u1ecdc \u0111\u01b0\u1ee3c\u201d \u2013 Brian Tracy (T\u00e1c gi\u1ea3 cu\u1ed1n s\u00e1ch L\u00e0m gi\u00e0u theo c\u00e1ch c\u1ee7a b\u1ea1n)<\/p>\n<p>\u00b7 \u201cH\u00e3y nghi\u1ec1n ng\u1eabm cu\u1ed1n s\u00e1ch n\u00e0y nh\u01b0 th\u1ec3 cu\u1ed9c \u0111\u1eddi r\u1ed3i s\u1ebd ph\u1ee5 thu\u1ed9c v\u00e0o n\u00f3\u2026 v\u1ec1 ph\u01b0\u01a1ng di\u1ec7n t\u00e0i ch\u00ednh th\u00ec kh\u1ea3 d\u0129 l\u1eafm \u0111\u1ea5y\u201d \u2013 Anthony Robbins (Nh\u00e0 di\u1ec5n thuy\u1ebft, t\u00e1c gi\u1ea3 cu\u1ed1n s\u00e1ch n\u1ed5i ti\u1ebfng \u0110\u00e1nh th\u1ee9c con ng\u01b0\u1eddi phi th\u01b0\u1eddng trong b\u1ea1n)<\/p>\n<p>\u00b7 \u201cB\u1ea1n c\u1ea7n \u0111\u01b0\u1ee3c T\u00c1I &#8211; GI\u00c1O D\u1ee4C n\u1ebfu b\u1ea1n mu\u1ed1n T\u00c1I \u0110\u1ecaNH NGH\u0128A s\u1ed1 m\u1ec7nh t\u00e0i ch\u00ednh c\u1ee7a m\u00ecnh.  \u0110\u00f3 c\u0169ng ch\u00ednh l\u00e0 nh\u1eefng th\u1ee9 b\u1ea1n s\u1ebd \u0111\u01b0\u1ee3c h\u1ecdc t\u1ea1i : B\u00cd M\u1eacT T\u01af DUY TRI\u1ec6U PH\u00da &#8211; MILLIONAIRE MIND INTENSIVE (NWA)\u201d &#8211;  Ph\u1ea1m Tu\u1ea5n S\u01a1n: Doanh Nh\u00e2n ti\u00eau bi\u1ec3u Vi\u1ec7t Nam &#8211; T\u00e1c gi\u1ea3 cu\u1ed1n D\u00e1m l\u00e0m gi\u00e0u &#8211; Ch\u1ee7 t\u1ecbch H\u0110QT c\u00f4ng ty CP Babylons <\/p>\n<p>B\u00e1o ch\u00ed n\u00f3i g\u00ec v\u1ec1 \u201cB\u00ed m\u1eadt t\u01b0 duy tri\u1ec7u ph\u00fa\u201d:<\/p>\n<p>\u00b7\u201cNh\u1eefng ti\u1ebft l\u1ed9 c\u00e1ch t\u01b0 duy \u0111\u1ed9c \u0111\u00e1o v\u00e0 t\u1ea7m nh\u00ecn v\u1ec1 ph\u01b0\u01a1ng ph\u00e1p qu\u1ea3n l\u00ed ti\u1ec1n b\u1ea1c c\u1ee7a tri\u1ec7u ph\u00fa T. Harv Eker s\u1ebd gi\u00fap c\u00e1c b\u1ea1n th\u00e0nh c\u00f4ng h\u01a1n trong vi\u1ec7c qu\u1ea3n l\u00ed t\u00e0i ch\u00ednh hi\u1ec7n t\u1ea1i, t\u00edch l\u0169y cho t\u01b0\u01a1ng lai.\u201d \u2013 dantri.com<\/p>\n<p>\u00b7\u201cB\u00ed m\u1eadt t\u01b0 duy tri\u1ec7u ph\u00fa c\u1ee7a t\u00e1c gi\u1ea3 T.Harv Eker l\u00e0 cu\u1ed1n c\u1ea9m nang s\u1ebd h\u01b0\u1edbng d\u1eabn b\u1ea1n c\u00e1ch t\u01b0 duy c\u0169ng nh\u01b0 th\u00e1ch th\u1ee9c nh\u1eefng m\u1eb7t c\u00f2n h\u1ea1n ch\u1ebf c\u1ee7a con ng\u01b0\u1eddi trong \u0111\u00f3 c\u00f3 c\u00e1c suy ngh\u0129, th\u00f3i quen, h\u00e0nh \u0111\u1ed9ng kh\u00f4ng t\u00edch c\u1ef1c li\u00ean quan \u0111\u1ebfn ti\u1ec1n b\u1ea1c.\u201d \u2013 doanhnhansaigon.vn<\/p>\n<p>&#8220;B\u00ed m\u1eadt t\u01b0 duy tri\u1ec7u ph\u00fa&#8221; gi\u00fap kh\u00e1m ph\u00e1 ra b\u1ea3n k\u1ebf ho\u1ea1ch t\u00e0i ch\u00ednh trong t\u00e2m th\u1ee9c c\u1ee7a m\u00ecnh, ph\u00e1t hi\u1ec7n nh\u1eefng ni\u1ec1m tin, suy ngh\u0129 ti\u00eau c\u1ef1c, h\u1ea1n ch\u1ebf v\u1ec1 \u0111\u1ed3ng ti\u1ec1n \u0111\u00e3 khi\u1ebfn cho h\u1ecd ch\u01b0a th\u00e0nh c\u00f4ng v\u1ec1 t\u00e0i ch\u00ednh nh\u01b0 mong mu\u1ed1n, gi\u00fap x\u00f3a b\u1ecf ngay nh\u1eefng ni\u1ec1m tin, suy ngh\u0129 ti\u00eau c\u1ef1c. \u2013 vnexpress.vn<\/p>\n<p>\u201cS\u1ef1 kh\u00e1c bi\u1ec7t gi\u1eefa ng\u01b0\u1eddi gi\u00e0u v\u00e0 ng\u01b0\u1eddi ngh\u00e8o: T\u00e1c gi\u1ea3 ng\u01b0\u1eddi Canada T. Harv Eker s\u1ebd gi\u00fap b\u1ea1n tr\u1ea3 l\u1eddi cho c\u00e2u h\u1ecfi \u0111i\u1ec1u g\u00ec l\u00e0m n\u00ean s\u1ef1 kh\u00e1c nhau \u0111\u00f3 th\u00f4ng qua cu\u1ed1n s\u00e1ch &#8220;B\u00ed m\u1eadt t\u01b0 duy tri\u1ec7u ph\u00fa&#8221; \u2013 zing.vn<\/p>\n<p>\u201cB\u1ea1n c\u00f3 bi\u1ebft 95% tri\u1ec7u ph\u00fa tr\u00ean th\u1ebf gi\u1edbi \u0111\u1ec1u tay tr\u1eafng l\u00e0m n\u00ean, v\u00e0 50% trong s\u1ed1 h\u1ecd \u0111\u1ec1u \u0111\u00e3 t\u1eebng tr\u1eafng tay v\u00e0 l\u00e0m l\u1ea1i t\u1eeb \u0111\u1ea7u. V\u1eady t\u1ea1i sao xu\u1ea5t ph\u00e1t \u0111i\u1ec3m gi\u1eefa h\u1ecd v\u00e0 ng\u01b0\u1eddi ngh\u00e8o \u0111\u1ec1u nh\u01b0 nhau m\u00e0 l\u1ea1i c\u00f3 s\u1ef1 kh\u00e1c bi\u1ec7t nh\u01b0 v\u1eady. M\u1ed9t ng\u00e0y t\u00ecnh c\u1edd t\u00f4i \u0111\u01b0\u1ee3c m\u1ed9t ng\u01b0\u1eddi b\u1ea1n gi\u1edbi thi\u1ec7u \u201cB\u00ed m\u1eadt t\u01b0 duy tri\u1ec7u ph\u00fa\u201d c\u1ee7a T.Harv Eker m\u1ed9t cu\u1ed1n s\u00e1ch \u0111\u00e3 gi\u00fap t\u00f4i thay \u0111\u1ed5i ho\u00e0n to\u00e0n t\u01b0 duy v\u1ec1 s\u1ef1 gi\u00e0u c\u00f3\u201d \u2013 daututhanhcong.com<\/p>\n<p>\u201cCh\u01b0\u01a1ng tr\u00ecnh &#8220;T\u01b0 duy tri\u1ec7u ph\u00fa&#8221; (Millionaire Mind Intensive &#8211; MMI) \u0111\u00e3 \u0111\u01b0\u1ee3c t\u1ed5 ch\u1ee9c t\u1ea1i h\u01a1n 80 n\u01b0\u1edbc tr\u00ean kh\u1eafp c\u00e1c ch\u00e2u l\u1ee5c, gi\u00fap thay \u0111\u1ed5i cu\u1ed9c s\u1ed1ng c\u1ee7a h\u00e0ng tri\u1ec7u ng\u01b0\u1eddi tham gia. V\u00e0 Tharv Eker &#8211; tri\u1ec7u ph\u00fa ng\u01b0\u1eddi M\u1ef9, doanh nh\u00e2n, di\u1ec5n gi\u1ea3 n\u1ed5i ti\u1ebfng, ng\u01b0\u1eddi b\u00e1n h\u00e0ng b\u1eadc th\u1ea7y th\u1ebf gi\u1edbi c\u0169ng ch\u00ednh l\u00e0 t\u00e1c gi\u1ea3 cu\u1ed1n s\u00e1ch n\u1ed5i ti\u1ebfng b\u00e1n ch\u1ea1y nh\u1ea5t &#8220;B\u00ed m\u1eadt t\u01b0 duy tri\u1ec7u ph\u00fa&#8221; (The Secret Of Millionaire Mind)\u201d \u2013 ndh.vn <\/p>\n<p>V\u1ec1 t\u00e1c gi\u1ea3:<\/p>\n<p>T. Harv Eker l\u1edbn l\u00ean \u1edf Toronto. B\u1ed1 m\u1eb9 \u00f4ng l\u00e0 ng\u01b0\u1eddi ch\u00e2u \u00c2u nh\u1eadp c\u01b0, h\u1ecd \u0111\u1ebfn B\u1eafc M\u1ef9 sau chi\u1ebfn tranh th\u1ebf gi\u1edbi l\u1ea7n th\u1ee9 hai v\u1edbi to\u00e0n b\u1ed9 t\u00e0i s\u1ea3n v\u1edbi ch\u1ec9 v\u1ecfn v\u1eb9n 30 \u0111\u00f4 la. Tu\u1ed5i th\u01a1 ngh\u00e8o kh\u1ed5, Eker \u0111\u00e3 ph\u1ea3i ki\u1ebfm s\u1ed1ng b\u1eb1ng nhi\u1ec1u vi\u1ec7c nh\u01b0 \u0111i giao b\u00e1o, b\u00e1n kem, b\u00e1n h\u00e0ng \u1edf c\u00e1c h\u1ed9i ch\u1ee3, b\u00e1n kem ch\u1ed1ng n\u1eafng \u1edf b\u00e3i bi\u1ec3n khi m\u1edbi 13 tu\u1ed5i. \u0110\u00f4i khi, \u00f4ng h\u1ecfi xin ti\u1ec1n b\u1ed1 nh\u01b0ng ch\u1eb3ng bao gi\u1edd nh\u1eadn \u0111\u01b0\u1ee3c. Sau khi t\u1ed1t nghi\u1ec7p trung h\u1ecdc \u00f4ng h\u1ecdc 1 n\u0103m t\u1ea1i \u0110\u1ea1i h\u1ecdc New York sau \u0111\u00f3 b\u1ecf gi\u1eefa ch\u1eebng.<\/p>\n<p>Nh\u1eefng n\u0103m \u0111\u1ea7u th\u1eddi thanh ni\u00ean, Eker s\u1ed1ng \u1edf 5 th\u00e0nh ph\u1ed1 kh\u00e1c nhau, trong \u0111\u00f3 c\u00f3 Lake Tahoe v\u00e0 Ft. Lauderdale. \u00d4ng l\u00e0m r\u1ea5t nhi\u1ec1u c\u00f4ng vi\u1ec7c kh\u00e1c nhau v\u1edbi h\u01a1n m\u01b0\u1eddi hai ng\u00e0nh ngh\u1ec1. L\u00e0 m\u1ed9t ng\u01b0\u1eddi th\u00f4ng minh v\u00e0 \u0111\u1ea7y tham v\u1ecdng, m\u1ee5c ti\u00eau c\u1ee7a Eker l\u00e0 th\u00e0nh c\u00f4ng v\u1edbi ch\u00ednh c\u00f4ng ty m\u00ecnh l\u1eadp ra v\u00e0 tr\u1edf th\u00e0nh tri\u1ec7u ph\u00fa. Nh\u01b0ng cu\u1ed1i c\u00f9ng d\u00f9 c\u00f3 l\u00e0m g\u00ec, l\u00e0m vi\u1ec7c ch\u0103m ch\u1ec9 \u0111\u1ebfn \u0111\u00e2u, \u00f4ng v\u1eabn kh\u00f4ng th\u00e0nh c\u00f4ng.<\/p>\n<p>Sau nh\u1eefng th\u1ea5t b\u1ea1i \u0111\u1ea7u ti\u00ean, T Harv Eker tr\u1edf v\u1ec1 s\u1ed1ng b\u00ean cha m\u1eb9. V\u00e0o m\u1ed9t ng\u00e0y, khi \u0111ang \u1edf trong ph\u00f2ng h\u1ea7m c\u1ee7a nh\u00e0 m\u00ecnh, ng\u01b0\u1eddi b\u1ea1n gi\u00e0u c\u00f3 c\u1ee7a cha m\u00ecnh \u0111i xu\u1ed1ng g\u1eb7p \u00f4ng. Ng\u01b0\u1eddi \u0111\u00e0n \u00f4ng n\u00e0y c\u1ea3m th\u1ea5y ti\u1ebfc cho Eker v\u00e0 \u00f4ng n\u00f3i v\u1edbi Eker v\u1ec1 b\u00ed m\u1eadt c\u1ee7a nh\u1eefng ng\u01b0\u1eddi gi\u00e0u c\u00f3: &#8220;Eker, khi b\u1eb1ng tu\u1ed5i ch\u00e1u, b\u00e1c c\u00f2n kh\u00f4ng l\u00e0m \u0111\u01b0\u1ee3c nhi\u1ec1u th\u1ee9 nh\u01b0 ch\u00e1u. Tuy nhi\u00ean, m\u1ecdi th\u1ee9 \u0111\u00e3 thay \u0111\u1ed5i k\u1ec3 t\u1eeb khi b\u00e1c bi\u1ebft v\u1ec1 nh\u1eefng b\u00ed m\u1eadt c\u1ee7a ng\u01b0\u1eddi gi\u00e0u. V\u00e0 b\u00e2y gi\u1edd, b\u00e1c mu\u1ed1n k\u1ec3 l\u1ea1i cho ch\u00e1u&#8221;.<\/p>\n<p>Ch\u00ednh c\u00e2u chuy\u1ec7n c\u1ee7a ng\u01b0\u1eddi b\u1ea1n cha m\u00ecnh \u0111\u00e3 thay \u0111\u1ed5i c\u1ea3 cu\u1ed9c \u0111\u1eddi c\u1ee7a Eker sau n\u00e0y. \u00d4ng h\u1ecdc \u0111\u01b0\u1ee3c s\u1ef1 kh\u00e1c bi\u1ec7t trong suy ngh\u0129 v\u00e0 c\u00e1ch c\u01b0 x\u1eed c\u1ee7a ng\u01b0\u1eddi gi\u00e0u v\u00e0 ng\u01b0\u1eddi ngh\u00e8o. K\u1ec3 t\u1eeb \u0111\u00f3, \u00f4ng b\u1eaft \u0111\u1ea7u suy ngh\u0129 v\u00e0 nghi\u00ean c\u1ee9u v\u1ec1 h\u00e0nh vi c\u1ee7a ng\u01b0\u1eddi gi\u00e0u. \u00d4ng \u0111\u00e3 nh\u1eadn ra l\u00fd do v\u00ec sao doanh nghi\u1ec7p c\u1ee7a \u00f4ng l\u1ea1i th\u1ea5t b\u1ea1i. Th\u1ea5t b\u1ea1i c\u1ee7a \u00f4ng kh\u00f4ng ph\u1ea3i l\u00e0 do l\u1ed7i c\u1ee7a m\u1ed9t \u0111\u1ed1i t\u00e1c v\u00f4 tr\u00e1ch nhi\u1ec7m hay l\u00e0 s\u1ef1 thi\u1ebfu may m\u1eafn trong kinh doanh m\u00e0 th\u1ea5t b\u1ea1i \u0111\u1ebfn t\u1eeb ch\u00ednh c\u00e1ch ngh\u0129 tr\u01b0\u1edbc \u0111\u00e2y c\u1ee7a \u00f4ng. \u00d4ng \u0111\u00e3 lu\u00f4n lu\u00f4n lo l\u1eafng v\u1ec1 ti\u1ec1n b\u1ea1c. \u0110\u00e2y l\u00e0 sai l\u1ea7m ph\u1ed5 bi\u1ebfn trong suy ngh\u0129 c\u1ee7a nh\u1eefng ng\u01b0\u1eddi kh\u00f4ng c\u00f3 k\u1ebf ho\u1ea1ch gi\u1eef ti\u1ec1n kh\u00f4n ngoan.<\/p>\n<p>Sau khi nh\u1eadn ra v\u1ea5n \u0111\u1ec1 c\u1ee7a m\u00ecnh, Eker lu\u00f4n c\u1ed1 g\u1eafng suy ngh\u0129 v\u00e0 l\u00e0m theo c\u00e1ch c\u1ee7a ng\u01b0\u1eddi gi\u00e0u. Khi c\u1ea3m th\u1ea5y \u0111\u00e3 th\u1ef1c s\u1ef1 th\u1ea5m nhu\u1ea7n \u0111\u01b0\u1ee3c t\u01b0 t\u01b0\u1edfng tr\u00ean, \u00f4ng b\u1eaft tay v\u00e0o l\u00e0m kinh doanh. Kh\u00f4ng c\u00f3 v\u1ed1n, \u00f4ng quy\u1ebft \u0111\u1ecbnh vay 2.000 \u0111\u00f4la v\u00e0 m\u1edf m\u1ed9t c\u1eeda h\u00e0ng b\u00e1n \u0111\u1ed3 th\u1ec3 thao. Th\u1eddi gian n\u00e0y, \u00f4ng qu\u1ea3n l\u00fd c\u1eeda h\u00e0ng theo c\u00e1ch c\u1ee7a ng\u01b0\u1eddi gi\u00e0u, c\u1ea3 trong nguy\u00ean t\u1eafc kinh doanh v\u00e0 trong suy ngh\u0129 chi\u1ebfn l\u01b0\u1ee3c.<\/p>\n<p>Cu\u1ed1i c\u00f9ng, \u00f4ng \u0111\u00e3 \u0111\u1ea1t \u0111\u01b0\u1ee3c th\u00e0nh c\u00f4ng nh\u1edd nguy\u00ean t\u1eafc tr\u00ean. Ch\u1ec9 trong v\u00f2ng hai n\u0103m chu\u1ed7i c\u1eeda h\u00e0ng c\u1ee7a \u00f4ng \u0111\u00e3 m\u1edf r\u1ed9ng th\u00eam 10 chi nh\u00e1nh. Sau \u0111\u1ea5y, \u00f4ng \u0111\u00e3 b\u00e1n 1 n\u1eeda c\u1ed5 ph\u1ea7n c\u1ee7a m\u00ecnh cho T\u1eadp \u0111o\u00e0n H. J. Heinz v\u1edbi gi\u00e1 1,6 tri\u1ec7u \u0111\u00f4 v\u00e0 tr\u1edf th\u00e0nh tri\u1ec7u ph\u00fa nh\u01b0 mong \u01b0\u1edbc.<\/p>\n<p>Tuy nhi\u00ean, ch\u1ec9 kh\u00f4ng \u0111\u1ea7y 2 n\u0103m sau, to\u00e0n b\u1ed9 s\u1ed1 ti\u1ec1n c\u1ee7a \u00f4ng \u0111\u00e3 ra \u0111i. Nguy\u00ean nh\u00e2n do nh\u1eefng kho\u1ea3n \u0111\u1ea7u t\u01b0 sai l\u1ea7m v\u00e0 chi ti\u00eau kh\u00f4ng ki\u1ec3m so\u00e1t. Eker l\u1ea1i m\u1ed9t l\u1ea7n n\u1eefa tr\u1edf l\u1ea1i v\u1ea1ch xu\u1ea5t ph\u00e1t. V\u00e0 ch\u00ednh t\u1ea1i th\u1eddi \u0111i\u1ec3m \u0111\u00f3 T. Harv Eker b\u1eaft \u0111\u1ea7u ph\u00e1t tri\u1ec3n h\u1ecdc thuy\u1ebft v\u1ec1 m\u1ed1i li\u00ean h\u1ec7 gi\u1eefa tinh th\u1ea7n v\u00e0 c\u1ea3m x\u00fac c\u1ee7a con ng\u01b0\u1eddi v\u1edbi ti\u1ec1n b\u1ea1c. \u00d4ng nh\u1eadn ra r\u1eb1ng &#8220;nhi\u1ec7t k\u1ebf t\u00e0i ch\u00ednh&#8221; &#8211; th\u01b0\u1edbc \u0111o m\u1ee9c \u0111\u1ed9 th\u00e0nh c\u00f4ng t\u00e0i ch\u00ednh, \u0111\u01b0\u1ee3c c\u00e0i \u0111\u1eb7t \u1edf m\u1ed9t con s\u1ed1 nh\u1ea5t \u0111\u1ecbnh trong m\u1ed7i ng\u01b0\u1eddi.<\/p>\n<p>Kh\u00e1m ph\u00e1 s\u00e2u s\u1eafc c\u1ee7a \u00f4ng \u0111\u00f3 l\u00e0 b\u1ea3n k\u1ebf ho\u1ea1ch t\u00e0i ch\u00ednh trong t\u00e2m th\u1ee9c c\u1ee7a m\u1ed7i ng\u01b0\u1eddi c\u00f3 th\u1ec3 \u0111\u01b0\u1ee3c thay \u0111\u1ed5i \u0111\u01b0\u1ee3c. Eker \u0111\u00e3 thi\u1ebft l\u1eadp l\u1ea1i b\u1ea3n k\u1ebf ho\u1ea1ch t\u00e0i ch\u00ednh c\u1ee7a m\u00ecnh, n\u00f3 gi\u00fap \u00f4ng kh\u00f4ng ch\u1ec9 \u0111\u1ea1t th\u00e0nh c\u00f4ng m\u00e0 c\u00f2n ti\u1ebfp t\u1ee5c duy tr\u00ec, ph\u00e1t tri\u1ec3n v\u00e0 tr\u1edf th\u00e0nh tri\u1ec7u tri\u1ec7u ph\u00fa.<\/p>\n<p>Eker l\u00e0 t\u00e1c gi\u1ea3 c\u1ee7a cu\u1ed1n s\u00e1ch b\u00e1n ch\u1ea1y nh\u1ea5t &#8220;B\u00ed M\u1eadt T\u01b0 Duy Tri\u1ec7u Ph\u00fa&#8221; (Secret of Millionaire Mind)  v\u00e0 &#8220;L\u00e0m Gi\u00e0u Nhanh&#8221; (Speed Wealth).<\/p>\n<p>T. Harv Eker l\u00e0 ng\u01b0\u1eddi s\u00e1ng l\u1eadp v\u00e0 l\u00e0 gi\u00e1m \u0111\u1ed1c C\u00f4ng ty Peak Potential Trainning, m\u1ed9t trong nh\u1eefng c\u00f4ng ty \u0111\u00e0o t\u1ea1o &#8211; nghi\u00ean c\u1ee9u ph\u00e1t tri\u1ec3n nhanh v\u00e0 m\u1ea1nh nh\u1ea5t th\u1ebf gi\u1edbi.<\/p>\n","protected":false},"excerpt":{"rendered":"<p>Trong cu\u1ed1n s\u00e1ch n\u00e0y T. Harv Eker s\u1ebd ti\u1ebft l\u1ed9 nh\u1eefng b\u00ed m\u1eadt t\u1ea1i sao m\u1ed9t s\u1ed1 ng\u01b0\u1eddi l\u1ea1i \u0111\u1ea1t \u0111\u01b0\u1ee3c nh\u1eefng th\u00e0nh c\u00f4ng v\u01b0\u1ee3t b\u1eadc, \u0111\u01b0\u1ee3c s\u1ed1 ph\u1eadn ban cho cu\u1ed9c s\u1ed1ng sung t\u00fac, gi\u00e0u c\u00f3, trong khi m\u1ed9t s\u1ed1 ng\u01b0\u1eddi kh\u00e1c ph\u1ea3i ch\u1eadt v\u1eadt, v\u1ea5t v\u1ea3 m\u1edbi c\u00f3 m\u1ed9t cu\u1ed9c s\u1ed1ng qua ng\u00e0y. B\u1ea1n s\u1ebd hi\u1ec3u \u0111\u01b0\u1ee3c ngu\u1ed3n g\u1ed1c s\u1ef1 th\u1eadt v\u00e0 nh\u1eefng y\u1ebfu t\u1ed1 quy\u1ebft \u0111\u1ecbnh th\u00e0nh c\u00f4ng, th\u1ea5t b\u1ea1i \u0111\u1ec3 r\u1ed3i \u00e1p d\u1ee5ng, thay \u0111\u1ed5i c\u00e1ch suy ngh\u0129, l\u00ean k\u1ebf ho\u1ea1ch r\u1ed3i t\u00ecm ra c\u00e1ch l\u00e0m vi\u1ec7c, \u0111\u1ea7u t\u01b0, s\u1eed d\u1ee5ng ngu\u1ed3n t\u00e0i ch\u00ednh c\u1ee7a b\u1ea1n theo h\u01b0\u1edbng hi\u1ec7u qu\u1ea3 nh\u1ea5t.<\/p>\n<p>Cu\u1ed1n s\u00e1ch d\u00e0nh cho nh\u1eefng ai c\u00f2n loay hoay mu\u1ed1n t\u00ecm \u0111\u01b0\u1eddng \u0111\u1ebfn s\u1ef1 gi\u00e0u c\u00f3 v\u00e0 th\u00e0nh c\u00f4ng. \u201cB\u00ed m\u1eadt t\u1ef1 duy tri\u1ec7u ph\u00fa\u201d mang \u0111\u1ebfn nhi\u1ec1u t\u01b0 duy m\u1edbi cho ng\u01b0\u1eddi \u0111\u1ecdc v\u1ec1 c\u00e1ch suy ngh\u0129 c\u1ee7a ng\u01b0\u1eddi gi\u00e0u hay c\u00e1ch suy ngh\u0129 \u0111\u1ec3 tr\u1edf n\u00ean gi\u00e0u c\u00f3.<\/p>\n<p>Trong cu\u1ed1n s\u00e1ch, Eker li\u1ec7t k\u00ea 17 c\u00e1ch th\u1ee9c m\u00e0 c\u00e1c k\u1ebf ho\u1ea1ch chi ti\u1ebft t\u00e0i ch\u00ednh c\u1ee7a nh\u1eefng ng\u01b0\u1eddi gi\u00e0u kh\u00e1c v\u1edbi ng\u01b0\u1eddi ngh\u00e8o v\u00e0 t\u1ea7ng l\u1edbp trung l\u01b0u. M\u1ed9t ch\u1ee7 \u0111\u1ec1 \u0111\u01b0\u1ee3c x\u00e1c \u0111\u1ecbnh trong s\u00e1ch n\u00e0y l\u00e0 lo\u1ea1i b\u1ecf c\u00e1c suy ngh\u0129 \u0111\u1ed5 l\u1ed7i cho s\u1ef1 th\u1ea5t b\u1ea1i. Eker l\u1eadp lu\u1eadn r\u1eb1ng: Ng\u01b0\u1eddi gi\u00e0u tin &#8220;T\u00f4i t\u1ea1o ra cu\u1ed9c s\u1ed1ng c\u1ee7a t\u00f4i&#8221;, c\u00f2n nh\u1eefng ng\u01b0\u1eddi ngh\u00e8o cho r\u1eb1ng &#8220;Cu\u1ed9c s\u1ed1ng s\u1ebd t\u1ef1 nhi\u00ean \u0111\u1ebfn v\u1edbi t\u00f4i&#8221;; ng\u01b0\u1eddi gi\u00e0u t\u1eadp trung v\u00e0o c\u00e1c c\u01a1 h\u1ed9i trong khi ng\u01b0\u1eddi ngh\u00e8o t\u1eadp trung v\u00e0o nh\u1eefng tr\u1edf ng\u1ea1i; v\u00e0 nh\u1eefng ng\u01b0\u1eddi gi\u00e0u ng\u01b0\u1ee1ng m\u1ed9 nh\u1eefng ng\u01b0\u1eddi gi\u00e0u c\u00f3 v\u00e0 th\u00e0nh c\u00f4ng kh\u00e1c trong khi ng\u01b0\u1eddi d\u00e2n ngh\u00e8o ghen t\u1ecb, b\u1ef1c t\u1ee9c tr\u01b0\u1edbc nh\u1eefng ng\u01b0\u1eddi th\u00e0nh c\u00f4ng v\u00e0 gi\u00e0u c\u00f3.<\/p>\n","protected":false},"featured_media":9486,"template":"","meta":{"_acf_changed":false},"product_brand":[],"product_cat":[18],"product_tag":[],"class_list":{"0":"post-9498","1":"product","2":"type-product","3":"status-publish","4":"has-post-thumbnail","6":"product_cat-kinh-te","8":"first","9":"outofstock","10":"taxable","11":"shipping-taxable","12":"purchasable","13":"product-type-simple"},"supplier_id":null,"supplier_sku":"","barcode":null,"atum_controlled":true,"out_stock_date":"2021-06-20 17:02:12","out_stock_threshold":null,"inheritable":false,"inbound_stock":0,"stock_on_hold":0,"sold_today":0,"sales_last_days":0,"reserved_stock":0,"customer_returns":0,"warehouse_damage":0,"lost_in_post":0,"other_logs":0,"out_stock_days":1683,"lost_sales":0,"has_location":false,"update_date":"2026-01-28T23:10:44","atum_locations":[],"atum_stock_status":"outofstock","restock_status":false,"low_stock_amount":"","sales_update_date":"2026-01-28T23:10:44","calc_backorders":null,"acf":{"publisher":{"ID":6196,"post_author":"1","post_date":"2021-03-15 01:26:01","post_date_gmt":"2021-03-14 23:26:01","post_content":"","post_title":"FIRST NEWS","post_excerpt":"","post_status":"publish","comment_status":"closed","ping_status":"closed","post_password":"","post_name":"first-news","to_ping":"","pinged":"","post_modified":"2021-03-15 01:26:01","post_modified_gmt":"2021-03-14 23:26:01","post_content_filtered":"","post_parent":0,"guid":"https:\/\/sachviet.eu\/blog\/nha-phat-hanh\/first-news\/","menu_order":0,"post_type":"publisher","post_mime_type":"","comment_count":"0","filter":"raw"}},"_links":{"self":[{"href":"https:\/\/sachviet.eu\/en\/wp-json\/wp\/v2\/product\/9498","targetHints":{"allow":["GET"]}}],"collection":[{"href":"https:\/\/sachviet.eu\/en\/wp-json\/wp\/v2\/product"}],"about":[{"href":"https:\/\/sachviet.eu\/en\/wp-json\/wp\/v2\/types\/product"}],"wp:featuredmedia":[{"embeddable":true,"href":"https:\/\/sachviet.eu\/en\/wp-json\/wp\/v2\/media\/9486"}],"wp:attachment":[{"href":"https:\/\/sachviet.eu\/en\/wp-json\/wp\/v2\/media?parent=9498"}],"wp:term":[{"taxonomy":"product_brand","embeddable":true,"href":"https:\/\/sachviet.eu\/en\/wp-json\/wp\/v2\/product_brand?post=9498"},{"taxonomy":"product_cat","embeddable":true,"href":"https:\/\/sachviet.eu\/en\/wp-json\/wp\/v2\/product_cat?post=9498"},{"taxonomy":"product_tag","embeddable":true,"href":"https:\/\/sachviet.eu\/en\/wp-json\/wp\/v2\/product_tag?post=9498"}],"curies":[{"name":"wp","href":"https:\/\/api.w.org\/{rel}","templated":true}]}}