{"id":9485,"date":"2021-06-02T01:18:36","date_gmt":"2021-06-01T22:18:36","guid":{"rendered":"https:\/\/sachviet.eu\/shop\/suc-manh-tiem-thuc\/"},"modified":"2023-04-27T15:53:41","modified_gmt":"2023-04-27T12:53:41","slug":"suc-manh-tiem-thuc","status":"publish","type":"product","link":"https:\/\/sachviet.eu\/en\/shop\/suc-manh-tiem-thuc\/","title":{"rendered":"S\u1ee9c M\u1ea1nh Ti\u1ec1m Th\u1ee9c"},"content":{"rendered":"<p>L\u00e0 m\u1ed9t trong nh\u1eefng quy\u1ec3n s\u00e1ch v\u1ec1 ngh\u1ec7 thu\u1eadt s\u1ed1ng nh\u1eadn \u0111\u01b0\u1ee3c nhi\u1ec1u l\u1eddi ng\u1ee3i khen v\u00e0 b\u00e1n ch\u1ea1y nh\u1ea5t m\u1ecdi th\u1eddi \u0111\u1ea1i, S\u1ee9c M\u1ea1nh Ti\u1ec1m Th\u1ee9c \u0111\u00e3 gi\u00fap h\u00e0ng tri\u1ec7u \u0111\u1ed9c gi\u1ea3 tr\u00ean th\u1ebf gi\u1edbi \u0111\u1ea1t \u0111\u01b0\u1ee3c nh\u1eefng m\u1ee5c ti\u00eau quan tr\u1ecdng trong \u0111\u1eddi ch\u1ec9 b\u1eb1ng m\u1ed9t c\u00e1ch \u0111\u01a1n gi\u1ea3n l\u00e0 thay \u0111\u1ed5i t\u01b0 duy.<\/p>\n<p>S\u1ee9c M\u1ea1nh Ti\u1ec1m Th\u1ee9c gi\u1edbi thi\u1ec7u v\u00e0 gi\u1ea3i th\u00edch c\u00e1c ph\u01b0\u01a1ng ph\u00e1p t\u1eadp trung t\u00e2m th\u1ee9c nh\u1eb1m xo\u00e1 b\u1ecf nh\u1eefng r\u00e0o c\u1ea3n ti\u1ec1m th\u1ee9c \u0111\u00e3 ng\u0103n ch\u00fang ta \u0111\u1ea1t \u0111\u01b0\u1ee3c nh\u1eefng \u0111i\u1ec1u m\u00ecnh mong mu\u1ed1n.<\/p>\n<p>S\u1ee9c M\u1ea1nh Ti\u1ec1m Th\u1ee9c kh\u00f4ng nh\u1eefng c\u00f3 kh\u1ea3 n\u0103ng truy\u1ec1n c\u1ea3m h\u1ee9ng cho ng\u01b0\u1eddi \u0111\u1ecdc, m\u00e0 n\u00f3 c\u00f2n r\u1ea5t th\u1ef1c t\u1ebf v\u00ec \u0111\u01b0\u1ee3c minh ho\u1ea1 b\u1eb1ng nh\u1eefng v\u00ed d\u1ee5 sinh \u0111\u1ed9ng trong cu\u1ed9c s\u1ed1ng h\u1eb1ng ng\u00e0y. T\u1eeb \u0111\u00f3, S\u1ee9c M\u1ea1nh Ti\u1ec1m Th\u1ee9c gi\u00fap \u0111\u1ed9c gi\u1ea3 v\u1eadn d\u1ee5ng n\u0103ng l\u1ef1c tr\u00ed tu\u1ec7 phi th\u01b0\u1eddng ti\u1ec1m \u1ea9n troing m\u1ed7i ng\u01b0\u1eddi \u0111\u1ec3 t\u1ea1o d\u1ef1ng s\u1ef1 t\u1ef1 tin, x\u00e2y d\u1ef1ng c\u00e1c m\u1ed1i quan h\u1ec7 ho\u00e0 h\u1ee3p, \u0111\u1ea1t \u0111\u01b0\u1ee3c th\u00e0nh c\u00f4ng trong s\u1ef1 nghi\u1ec7p, v\u01b0\u1ee3t qua nh\u1eefng n\u1ed7i s\u1ee3 h\u00e3i v\u00e0 \u00e1m \u1ea3nh, xua \u0111i nh\u1eefng th\u00f3i quen ti\u00eau c\u1ef1c, v\u00e0 th\u1eadm ch\u00ed c\u00f2n h\u01b0\u1edbng d\u1eabn c\u00e1ch ta ch\u1eefa l\u00e0nh nh\u1eefng v\u1ebft th\u01b0\u01a1ng v\u1ec1 th\u1ec3 ch\u1ea5t c\u0169ng nh\u01b0 t\u00e2m h\u1ed3n \u0111\u1ec3 c\u00f3 s\u1ef1 b\u00ecnh an, h\u1ea1nh ph\u00fac tr\u1ecdn v\u1eb9n trong cu\u1ed9c s\u1ed1ng.<\/p>\n<p>Joseph Murphy (1898 \u2013 1981) l\u00e0 Ti\u1ebfn s\u0129 T\u00e2m l\u00fd h\u1ecdc, T\u00e1c gi\u1ea3 v\u00e0 di\u1ec5n gi\u1ea3 ng\u01b0\u1eddi M\u1ef9 g\u1ed1c Ireland. C\u00e1c b\u00e0i di\u1ec5n thuy\u1ebft v\u00e0 t\u00e1c ph\u1ea9m c\u1ee7a \u00f4ng \u0111\u00e3 thay \u0111\u1ed5i nh\u1eadn th\u1ee9c c\u1ee7a h\u00e0ng tri\u1ec7u ng\u01b0\u1eddi tr\u00ean th\u1ebf gi\u1edbi, gi\u00fap h\u1ecd nh\u00ecn nh\u1eadn \u0111\u01b0\u1ee3c s\u1ee9c m\u1ea1nh b\u00ean trong c\u1ee7a b\u1ea3n th\u00e2n \u0111\u1ec3 c\u00f3 cu\u1ed9c s\u1ed1ng t\u1ed1t \u0111\u1eb9p v\u00e0 \u00fd ngh\u0129a nh\u01b0 mong mu\u1ed1n.<\/p>\n<p>T\u00e1c ph\u1ea9m S\u1ee9c M\u1ea1nh Ti\u1ec1m Th\u1ee9c \u2013 The Power Of Your Subconscious Mind \u0111\u00e3 tr\u1edf th\u00e0nh m\u1ed9t trong nh\u1eefng cu\u1ed1n s\u00e1ch v\u1ec1 ngh\u1ec7 thu\u1eadt s\u1ed1ng hay nh\u1ea5t v\u00e0 b\u00e1n ch\u1ea1y nh\u1ea5t m\u1ecdi th\u1eddi \u0111\u1ea1i. First News m\u1edbi t\u00e1i b\u1ea3n t\u00e1c ph\u1ea9m n\u00e0y theo phi\u00ean b\u1ea3n b\u00eca c\u1ee9ng tuy\u1ec7t \u0111\u1eb9p, x\u1ee9ng \u0111\u00e1ng l\u00e0m qu\u00e0 t\u1eb7ng v\u00e0 c\u00f3 m\u1eb7t tr\u00ean nh\u1eefng k\u1ec7 s\u00e1ch gi\u00e1 tr\u1ecb.<\/p>\n","protected":false},"excerpt":{"rendered":"<p>L\u00e0 m\u1ed9t trong nh\u1eefng quy\u1ec3n s\u00e1ch v\u1ec1 ngh\u1ec7 thu\u1eadt s\u1ed1ng nh\u1eadn \u0111\u01b0\u1ee3c nhi\u1ec1u l\u1eddi ng\u1ee3i khen v\u00e0 b\u00e1n ch\u1ea1y nh\u1ea5t m\u1ecdi th\u1eddi \u0111\u1ea1i, S\u1ee9c M\u1ea1nh Ti\u1ec1m Th\u1ee9c \u0111\u00e3 gi\u00fap h\u00e0ng tri\u1ec7u \u0111\u1ed9c gi\u1ea3 tr\u00ean th\u1ebf gi\u1edbi \u0111\u1ea1t \u0111\u01b0\u1ee3c nh\u1eefng m\u1ee5c ti\u00eau quan tr\u1ecdng trong \u0111\u1eddi ch\u1ec9 b\u1eb1ng m\u1ed9t c\u00e1ch \u0111\u01a1n gi\u1ea3n l\u00e0 thay \u0111\u1ed5i t\u01b0 duy.<\/p>\n<p>S\u1ee9c M\u1ea1nh Ti\u1ec1m Th\u1ee9c gi\u1edbi thi\u1ec7u v\u00e0 gi\u1ea3i th\u00edch c\u00e1c ph\u01b0\u01a1ng ph\u00e1p t\u1eadp trung t\u00e2m th\u1ee9c nh\u1eb1m xo\u00e1 b\u1ecf nh\u1eefng r\u00e0o c\u1ea3n ti\u1ec1m th\u1ee9c \u0111\u00e3 ng\u0103n ch\u00fang ta \u0111\u1ea1t \u0111\u01b0\u1ee3c nh\u1eefng \u0111i\u1ec1u m\u00ecnh mong mu\u1ed1n.<\/p>\n<p>S\u1ee9c M\u1ea1nh Ti\u1ec1m Th\u1ee9c kh\u00f4ng nh\u1eefng c\u00f3 kh\u1ea3 n\u0103ng truy\u1ec1n c\u1ea3m h\u1ee9ng cho ng\u01b0\u1eddi \u0111\u1ecdc, m\u00e0 n\u00f3 c\u00f2n r\u1ea5t th\u1ef1c t\u1ebf v\u00ec \u0111\u01b0\u1ee3c minh ho\u1ea1 b\u1eb1ng nh\u1eefng v\u00ed d\u1ee5 sinh \u0111\u1ed9ng trong cu\u1ed9c s\u1ed1ng h\u1eb1ng ng\u00e0y. T\u1eeb \u0111\u00f3, S\u1ee9c M\u1ea1nh Ti\u1ec1m Th\u1ee9c gi\u00fap \u0111\u1ed9c gi\u1ea3 v\u1eadn d\u1ee5ng n\u0103ng l\u1ef1c tr\u00ed tu\u1ec7 phi th\u01b0\u1eddng ti\u1ec1m \u1ea9n troing m\u1ed7i ng\u01b0\u1eddi \u0111\u1ec3 t\u1ea1o d\u1ef1ng s\u1ef1 t\u1ef1 tin, x\u00e2y d\u1ef1ng c\u00e1c m\u1ed1i quan h\u1ec7 ho\u00e0 h\u1ee3p, \u0111\u1ea1t \u0111\u01b0\u1ee3c th\u00e0nh c\u00f4ng trong s\u1ef1 nghi\u1ec7p, v\u01b0\u1ee3t qua nh\u1eefng n\u1ed7i s\u1ee3 h\u00e3i v\u00e0 \u00e1m \u1ea3nh, xua \u0111i nh\u1eefng th\u00f3i quen ti\u00eau c\u1ef1c, v\u00e0 th\u1eadm ch\u00ed c\u00f2n h\u01b0\u1edbng d\u1eabn c\u00e1ch ta ch\u1eefa l\u00e0nh nh\u1eefng v\u1ebft th\u01b0\u01a1ng v\u1ec1 th\u1ec3 ch\u1ea5t c\u0169ng nh\u01b0 t\u00e2m h\u1ed3n \u0111\u1ec3 c\u00f3 s\u1ef1 b\u00ecnh an, h\u1ea1nh ph\u00fac tr\u1ecdn v\u1eb9n trong cu\u1ed9c s\u1ed1ng.<\/p>\n","protected":false},"featured_media":12042,"template":"","meta":{"_acf_changed":false},"product_brand":[],"product_cat":[15,76],"product_tag":[],"class_list":{"0":"post-9485","1":"product","2":"type-product","3":"status-publish","4":"has-post-thumbnail","6":"product_cat-sach-danh-cho-nguoi-lon","7":"product_cat-ton-giao-tam-linh","9":"first","10":"outofstock","11":"taxable","12":"shipping-taxable","13":"purchasable","14":"product-type-simple"},"supplier_id":null,"supplier_sku":"","barcode":null,"atum_controlled":true,"out_stock_date":"2023-04-27 12:53:41","out_stock_threshold":null,"inheritable":false,"inbound_stock":0,"stock_on_hold":0,"sold_today":0,"sales_last_days":0,"reserved_stock":0,"customer_returns":0,"warehouse_damage":0,"lost_in_post":0,"other_logs":0,"out_stock_days":1007,"lost_sales":0,"has_location":false,"update_date":"2026-01-28T23:10:44","atum_locations":[],"atum_stock_status":"outofstock","restock_status":false,"low_stock_amount":"","sales_update_date":"2026-01-28T23:10:44","calc_backorders":null,"acf":{"publisher":{"ID":6196,"post_author":"1","post_date":"2021-03-15 01:26:01","post_date_gmt":"2021-03-14 23:26:01","post_content":"","post_title":"FIRST NEWS","post_excerpt":"","post_status":"publish","comment_status":"closed","ping_status":"closed","post_password":"","post_name":"first-news","to_ping":"","pinged":"","post_modified":"2021-03-15 01:26:01","post_modified_gmt":"2021-03-14 23:26:01","post_content_filtered":"","post_parent":0,"guid":"https:\/\/sachviet.eu\/blog\/nha-phat-hanh\/first-news\/","menu_order":0,"post_type":"publisher","post_mime_type":"","comment_count":"0","filter":"raw"}},"_links":{"self":[{"href":"https:\/\/sachviet.eu\/en\/wp-json\/wp\/v2\/product\/9485","targetHints":{"allow":["GET"]}}],"collection":[{"href":"https:\/\/sachviet.eu\/en\/wp-json\/wp\/v2\/product"}],"about":[{"href":"https:\/\/sachviet.eu\/en\/wp-json\/wp\/v2\/types\/product"}],"wp:featuredmedia":[{"embeddable":true,"href":"https:\/\/sachviet.eu\/en\/wp-json\/wp\/v2\/media\/12042"}],"wp:attachment":[{"href":"https:\/\/sachviet.eu\/en\/wp-json\/wp\/v2\/media?parent=9485"}],"wp:term":[{"taxonomy":"product_brand","embeddable":true,"href":"https:\/\/sachviet.eu\/en\/wp-json\/wp\/v2\/product_brand?post=9485"},{"taxonomy":"product_cat","embeddable":true,"href":"https:\/\/sachviet.eu\/en\/wp-json\/wp\/v2\/product_cat?post=9485"},{"taxonomy":"product_tag","embeddable":true,"href":"https:\/\/sachviet.eu\/en\/wp-json\/wp\/v2\/product_tag?post=9485"}],"curies":[{"name":"wp","href":"https:\/\/api.w.org\/{rel}","templated":true}]}}