{"id":9469,"date":"2021-06-02T01:17:26","date_gmt":"2021-06-01T22:17:26","guid":{"rendered":"https:\/\/sachviet.eu\/shop\/twins-con-nha-linh-tap-3\/"},"modified":"2021-06-23T21:17:54","modified_gmt":"2021-06-23T18:17:54","slug":"twins-con-nha-linh-tap-3","status":"publish","type":"product","link":"https:\/\/sachviet.eu\/en\/shop\/twins-con-nha-linh-tap-3\/","title":{"rendered":"Twins &#8211; Con Nh\u00e0 L\u00ednh &#8211; T\u1eadp 3"},"content":{"rendered":"<p>Ph\u1ea7n truy\u1ec7n m\u1edbi n\u1ed1i ti\u1ebfp tr\u00ean h\u00e0nh tr\u00ecnh l\u1edbn kh\u00f4n c\u1ee7a hai anh em V\u0169 Anh &#8211; Vy Anh, c\u00f9ng nh\u1eefng c\u00e2u chuy\u1ec7n b\u00ecnh d\u1ecb v\u00e0 kh\u00f4ng k\u00e9m ph\u1ea7n t\u01b0\u01a1i vui trong cu\u1ed9c s\u1ed1ng c\u1ee7a m\u1ed9t gia \u0111\u00ecnh Vi\u1ec7t.<\/p>\n<p>M\u1ed7i cu\u1ed1n TWINS &#8211; T\u1eadp 3 \u0111\u1ec1u c\u00f3 th\u00eam 1 ch\u01b0\u01a1ng Ch\u00ednh truy\u1ec7n v\u00e0 Ngo\u1ea1i truy\u1ec7n \u0111\u01b0\u1ee3c th\u1ec3 hi\u1ec7n theo phong c\u00e1ch Manga &#8211; ch\u1ec9 c\u00f3 th\u1ec3 t\u00ecm th\u1ea5y \u1edf phi\u00ean b\u1ea3n s\u00e1ch gi\u1ea5y!!<\/p>\n<p>\u201cTWINS \u2013 Con nh\u00e0 l\u00ednh\u201d l\u00e0 m\u1ed9t b\u1ed9 truy\u1ec7n tranh 4 \u00f4 d\u00e0i t\u1eadp l\u1ea5y c\u1ea3m h\u1ee9ng t\u1eeb ch\u00ednh cu\u1ed9c s\u1ed1ng xung quanh t\u00e1c gi\u1ea3. V\u1edbi th\u1ec3 lo\u1ea1i \u201cslice of life\u201d, t\u00e1c ph\u1ea9m mang \u0111\u1ebfn cho \u0111\u1ed9c gi\u1ea3 nh\u1eefng c\u00e2u chuy\u1ec7n \u0111\u1eddi th\u01b0\u1eddng nh\u1eb9 nh\u00e0ng m\u00e0 kh\u00f4ng k\u00e9m ph\u1ea7n th\u00fa v\u1ecb c\u1ee7a c\u1eb7p song sinh V\u0169 Anh &#8211; Vy Anh c\u00f9ng gia \u0111\u00ecnh, b\u1ea1n b\u00e8 v\u00e0 tr\u01b0\u1eddng l\u1edbp.<\/p>\n<p>\u2022  B\u00fat danh: RED<\/p>\n","protected":false},"excerpt":{"rendered":"<p>Ph\u1ea7n truy\u1ec7n m\u1edbi n\u1ed1i ti\u1ebfp tr\u00ean h\u00e0nh tr\u00ecnh l\u1edbn kh\u00f4n c\u1ee7a hai anh em V\u0169 Anh &#8211; Vy Anh, c\u00f9ng nh\u1eefng c\u00e2u chuy\u1ec7n b\u00ecnh d\u1ecb v\u00e0 kh\u00f4ng k\u00e9m ph\u1ea7n t\u01b0\u01a1i vui trong cu\u1ed9c s\u1ed1ng c\u1ee7a m\u1ed9t gia \u0111\u00ecnh Vi\u1ec7t.<\/p>\n<p>M\u1ed7i cu\u1ed1n TWINS &#8211; T\u1eadp 3 \u0111\u1ec1u c\u00f3 th\u00eam 1 ch\u01b0\u01a1ng Ch\u00ednh truy\u1ec7n v\u00e0 Ngo\u1ea1i truy\u1ec7n \u0111\u01b0\u1ee3c th\u1ec3 hi\u1ec7n theo phong c\u00e1ch Manga &#8211; ch\u1ec9 c\u00f3 th\u1ec3 t\u00ecm th\u1ea5y \u1edf phi\u00ean b\u1ea3n s\u00e1ch gi\u1ea5y!!<\/p>\n<p>\u201cTWINS \u2013 Con nh\u00e0 l\u00ednh\u201d l\u00e0 m\u1ed9t b\u1ed9 truy\u1ec7n tranh 4 \u00f4 d\u00e0i t\u1eadp l\u1ea5y c\u1ea3m h\u1ee9ng t\u1eeb ch\u00ednh cu\u1ed9c s\u1ed1ng xung quanh t\u00e1c gi\u1ea3. V\u1edbi th\u1ec3 lo\u1ea1i \u201cslice of life\u201d, t\u00e1c ph\u1ea9m mang \u0111\u1ebfn cho \u0111\u1ed9c gi\u1ea3 nh\u1eefng c\u00e2u chuy\u1ec7n \u0111\u1eddi th\u01b0\u1eddng nh\u1eb9 nh\u00e0ng m\u00e0 kh\u00f4ng k\u00e9m ph\u1ea7n th\u00fa v\u1ecb c\u1ee7a c\u1eb7p song sinh V\u0169 Anh &#8211; Vy Anh c\u00f9ng gia \u0111\u00ecnh, b\u1ea1n b\u00e8 v\u00e0 tr\u01b0\u1eddng l\u1edbp.<\/p>\n<p>\u2022  B\u00fat danh: RED<\/p>\n","protected":false},"featured_media":9468,"template":"","meta":{"_acf_changed":false},"product_brand":[],"product_cat":[29],"product_tag":[],"class_list":{"0":"post-9469","1":"product","2":"type-product","3":"status-publish","4":"has-post-thumbnail","6":"product_cat-manga-comics","8":"first","9":"instock","10":"taxable","11":"shipping-taxable","12":"purchasable","13":"product-type-simple"},"supplier_id":null,"supplier_sku":"","barcode":null,"atum_controlled":true,"out_stock_date":null,"out_stock_threshold":null,"inheritable":false,"inbound_stock":0,"stock_on_hold":0,"sold_today":0,"sales_last_days":0,"reserved_stock":0,"customer_returns":0,"warehouse_damage":0,"lost_in_post":0,"other_logs":0,"out_stock_days":0,"lost_sales":0,"has_location":false,"update_date":"2026-01-28T23:10:43","atum_locations":[],"atum_stock_status":"instock","restock_status":false,"low_stock_amount":"","sales_update_date":"2026-01-28T23:10:43","calc_backorders":null,"acf":{"publisher":{"ID":1454,"post_author":"1","post_date":"2021-02-17 01:11:34","post_date_gmt":"2021-02-16 23:11:34","post_content":"<!-- wp:flatsome\/uxbuilder -->\n<h1 style=\"text-align: center;\"><strong>Kim \u0110\u1ed3ng<\/strong><\/h1>\n[row]\n\n[col span=\"3\" span__sm=\"12\"]\n\n[ux_image id=\"1534\" image_size=\"medium\"]\n\n\n[\/col]\n[col span=\"9\" span__sm=\"12\"]\n\n<p>Nh\u00e0 xu\u1ea5t b\u1ea3n Kim \u0110\u1ed3ng tr\u1ef1c thu\u1ed9c Trung \u01b0\u01a1ng \u0110o\u00e0n TNCS H\u1ed3 Ch\u00ed Minh l\u00e0 Nh\u00e0 xu\u1ea5t b\u1ea3n t\u1ed5ng h\u1ee3p c\u00f3 ch\u1ee9c n\u0103ng xu\u1ea5t b\u1ea3n s\u00e1ch v\u00e0 v\u0103n h\u00f3a ph\u1ea9m ph\u1ee5c v\u1ee5 thi\u1ebfu nhi v\u00e0 c\u00e1c b\u1eadc ph\u1ee5 huynh trong c\u1ea3 n\u01b0\u1edbc, qu\u1ea3ng b\u00e1 v\u00e0 gi\u1edbi thi\u1ec7u v\u0103n h\u00f3a Vi\u1ec7t Nam ra th\u1ebf gi\u1edbi.<br \/>Nh\u00e0 xu\u1ea5t b\u1ea3n c\u00f3 nhi\u1ec7m v\u1ee5 t\u1ed5 ch\u1ee9c b\u1ea3n th\u1ea3o, bi\u00ean so\u1ea1n, bi\u00ean d\u1ecbch, xu\u1ea5t b\u1ea3n v\u00e0 ph\u00e1t h\u00e0nh c\u00e1c xu\u1ea5t b\u1ea3n ph\u1ea9m c\u00f3 n\u1ed9i dung: gi\u00e1o d\u1ee5c truy\u1ec1n th\u1ed1ng d\u00e2n t\u1ed9c, gi\u00e1o d\u1ee5c v\u1ec1 tri th\u1ee9c, ki\u1ebfn th\u1ee9c\u2026 tr\u00ean c\u00e1c l\u0129nh v\u1ef1c v\u0103n h\u1ecdc, ngh\u1ec7 thu\u1eadt, khoa h\u1ecdc k\u1ef9 thu\u1eadt nh\u1eb1m cung c\u1ea5p cho c\u00e1c em thi\u1ebfu nhi c\u0169ng nh\u01b0 c\u00e1c b\u1eadc ph\u1ee5 huynh c\u00e1c ki\u1ebfn th\u1ee9c c\u1ea7n thi\u1ebft trong cu\u1ed9c s\u1ed1ng, nh\u1eefng tinh hoa c\u1ee7a tri th\u1ee9c nh\u00e2n lo\u1ea1i nh\u1eb1m g\u00f3p ph\u1ea7n gi\u00e1o d\u1ee5c v\u00e0 h\u00ecnh th\u00e0nh nh\u00e2n c\u00e1ch th\u1ebf h\u1ec7 tr\u1ebb.<br \/>\u0110\u1ed1i t\u01b0\u1ee3ng ph\u1ee5c v\u1ee5 c\u1ee7a Nh\u00e0 xu\u1ea5t b\u1ea3n l\u00e0 c\u00e1c em t\u1eeb tu\u1ed5i nh\u00e0 tr\u1ebb m\u1eabu gi\u00e1o (1 \u0111\u1ebfn 5 tu\u1ed5i), nhi \u0111\u1ed3ng (6 \u0111\u1ebfn 9 tu\u1ed5i), thi\u1ebfu ni\u00ean (10 \u0111\u1ebfn 15 tu\u1ed5i) \u0111\u1ebfn c\u00e1c em tu\u1ed5i m\u1edbi l\u1edbn (16 \u0111\u1ebfn 18 tu\u1ed5i) v\u00e0 c\u00e1c b\u1eadc ph\u1ee5 huynh.<\/p>\n\n[\/col]\n\n[\/row]\n\n<!-- \/wp:flatsome\/uxbuilder -->","post_title":"Kim \u0110\u1ed3ng","post_excerpt":"","post_status":"publish","comment_status":"closed","ping_status":"closed","post_password":"","post_name":"kim-dong","to_ping":"","pinged":"","post_modified":"2021-02-17 01:31:56","post_modified_gmt":"2021-02-16 23:31:56","post_content_filtered":"","post_parent":0,"guid":"https:\/\/sachviet.eu\/nha-phat-hanh\/kim-dong\/","menu_order":0,"post_type":"publisher","post_mime_type":"","comment_count":"0","filter":"raw"}},"_links":{"self":[{"href":"https:\/\/sachviet.eu\/en\/wp-json\/wp\/v2\/product\/9469","targetHints":{"allow":["GET"]}}],"collection":[{"href":"https:\/\/sachviet.eu\/en\/wp-json\/wp\/v2\/product"}],"about":[{"href":"https:\/\/sachviet.eu\/en\/wp-json\/wp\/v2\/types\/product"}],"wp:featuredmedia":[{"embeddable":true,"href":"https:\/\/sachviet.eu\/en\/wp-json\/wp\/v2\/media\/9468"}],"wp:attachment":[{"href":"https:\/\/sachviet.eu\/en\/wp-json\/wp\/v2\/media?parent=9469"}],"wp:term":[{"taxonomy":"product_brand","embeddable":true,"href":"https:\/\/sachviet.eu\/en\/wp-json\/wp\/v2\/product_brand?post=9469"},{"taxonomy":"product_cat","embeddable":true,"href":"https:\/\/sachviet.eu\/en\/wp-json\/wp\/v2\/product_cat?post=9469"},{"taxonomy":"product_tag","embeddable":true,"href":"https:\/\/sachviet.eu\/en\/wp-json\/wp\/v2\/product_tag?post=9469"}],"curies":[{"name":"wp","href":"https:\/\/api.w.org\/{rel}","templated":true}]}}