{"id":9467,"date":"2021-06-02T01:17:20","date_gmt":"2021-06-01T22:17:20","guid":{"rendered":"https:\/\/sachviet.eu\/shop\/twins-con-nha-linh-tap-2\/"},"modified":"2021-06-23T21:17:54","modified_gmt":"2021-06-23T18:17:54","slug":"twins-con-nha-linh-tap-2","status":"publish","type":"product","link":"https:\/\/sachviet.eu\/en\/shop\/twins-con-nha-linh-tap-2\/","title":{"rendered":"Twins &#8211; Con Nh\u00e0 L\u00ednh &#8211; T\u1eadp 2"},"content":{"rendered":"<p>D\u1ef1 \u00e1n truy\u1ec7n tranh Vi\u1ec7t 4 khung thu\u1ed9c th\u1ec3 lo\u1ea1i &#8220;slice of life&#8221; \u0111\u01b0\u1ee3c s\u00e1ng t\u1ea1o b\u1edfi RED &#8211; t\u00e1c gi\u1ea3 2 l\u1ea7n nh\u1eadn gi\u1ea3i th\u01b0\u1edfng Silent Manga Audition (Nh\u1eadt B\u1ea3n).<\/p>\n<p>Nh\u1eefng khung truy\u1ec7n \u1ea5m \u00e1p, h\u00e0i h\u01b0\u1edbc xoay quanh cu\u1ed9c s\u1ed1ng c\u1ee7a c\u1eb7p song sinh V\u0169 Anh &amp; Vy Anh, sinh ra v\u00e0 l\u1edbn l\u00ean trong m\u1ed9t gia \u0111\u00ecnh qu\u00e2n nh\u00e2n, ngay t\u1eeb khi \u0111\u0103ng t\u1ea3i tr\u00ean m\u1ea1ng x\u00e3 h\u1ed9i, \u0111\u00e3 nh\u1eadn \u0111\u01b0\u1ee3c s\u1ef1 \u1ee7ng h\u1ed9 c\u1ee7a \u0111\u00f4ng \u0111\u1ea3o b\u1ea1n \u0111\u1ecdc.<\/p>\n<p>T\u1eadp 2 s\u1ebd \u0111\u00e1nh m\u1ed9t d\u1ea5u m\u1ed1c m\u1edbi tr\u00ean ch\u1eb7ng \u0111\u01b0\u1eddng ph\u00e1t tri\u1ec3n c\u1ee7a b\u1ed9 truy\u1ec7n, g\u1eafn v\u1edbi nh\u1eefng ng\u00e0y th\u00e1ng \u0111i h\u1ecdc m\u1eabu gi\u00e1o nh\u1ee1 c\u1ee7a hai anh em song sinh &#8211; V\u0169 Anh &amp; Vy Anh, khi g\u1eb7p g\u1ee1 v\u00e0 l\u00e0m quen v\u1edbi nhi\u1ec1u ng\u01b0\u1eddi b\u1ea1n m\u1edbi!!<\/p>\n<p>S\u00e1ch c\u00f3 th\u00eam m\u1ed9t ch\u01b0\u01a1ng Ch\u00ednh truy\u1ec7n v\u00e0 ph\u1ea7n Ngo\u1ea1i truy\u1ec7n (v\u1ebd theo phong c\u00e1ch Manga) ch\u1ec9 c\u00f3 th\u1ec3 t\u00ecm th\u1ea5y \u1edf phi\u00ean b\u1ea3n s\u00e1ch gi\u1ea5y.<\/p>\n<p>M\u1ed9t \u1ea5n ph\u1ea9m c\u1ee7a WINGS BOOKS &#8211; Th\u01b0\u01a1ng hi\u1ec7u s\u00e1ch tr\u1ebb c\u1ee7a NXB Kim \u0110\u1ed3ng.<\/p>\n","protected":false},"excerpt":{"rendered":"<p>D\u1ef1 \u00e1n truy\u1ec7n tranh Vi\u1ec7t 4 khung thu\u1ed9c th\u1ec3 lo\u1ea1i &#8220;slice of life&#8221; \u0111\u01b0\u1ee3c s\u00e1ng t\u1ea1o b\u1edfi RED &#8211; t\u00e1c gi\u1ea3 2 l\u1ea7n nh\u1eadn gi\u1ea3i th\u01b0\u1edfng Silent Manga Audition (Nh\u1eadt B\u1ea3n).<\/p>\n<p>Nh\u1eefng khung truy\u1ec7n \u1ea5m \u00e1p, h\u00e0i h\u01b0\u1edbc xoay quanh cu\u1ed9c s\u1ed1ng c\u1ee7a c\u1eb7p song sinh V\u0169 Anh &amp; Vy Anh, sinh ra v\u00e0 l\u1edbn l\u00ean trong m\u1ed9t gia \u0111\u00ecnh qu\u00e2n nh\u00e2n, ngay t\u1eeb khi \u0111\u0103ng t\u1ea3i tr\u00ean m\u1ea1ng x\u00e3 h\u1ed9i, \u0111\u00e3 nh\u1eadn \u0111\u01b0\u1ee3c s\u1ef1 \u1ee7ng h\u1ed9 c\u1ee7a \u0111\u00f4ng \u0111\u1ea3o b\u1ea1n \u0111\u1ecdc.<\/p>\n<p>T\u1eadp 2 s\u1ebd \u0111\u00e1nh m\u1ed9t d\u1ea5u m\u1ed1c m\u1edbi tr\u00ean ch\u1eb7ng \u0111\u01b0\u1eddng ph\u00e1t tri\u1ec3n c\u1ee7a b\u1ed9 truy\u1ec7n, g\u1eafn v\u1edbi nh\u1eefng ng\u00e0y th\u00e1ng \u0111i h\u1ecdc m\u1eabu gi\u00e1o nh\u1ee1 c\u1ee7a hai anh em song sinh &#8211; V\u0169 Anh &amp; Vy Anh, khi g\u1eb7p g\u1ee1 v\u00e0 l\u00e0m quen v\u1edbi nhi\u1ec1u ng\u01b0\u1eddi b\u1ea1n m\u1edbi!!<\/p>\n<p>S\u00e1ch c\u00f3 th\u00eam m\u1ed9t ch\u01b0\u01a1ng Ch\u00ednh truy\u1ec7n v\u00e0 ph\u1ea7n Ngo\u1ea1i truy\u1ec7n (v\u1ebd theo phong c\u00e1ch Manga) ch\u1ec9 c\u00f3 th\u1ec3 t\u00ecm th\u1ea5y \u1edf phi\u00ean b\u1ea3n s\u00e1ch gi\u1ea5y.<\/p>\n<p>M\u1ed9t \u1ea5n ph\u1ea9m c\u1ee7a WINGS BOOKS &#8211; Th\u01b0\u01a1ng hi\u1ec7u s\u00e1ch tr\u1ebb c\u1ee7a NXB Kim \u0110\u1ed3ng.<\/p>\n","protected":false},"featured_media":9466,"template":"","meta":{"_acf_changed":false},"product_brand":[],"product_cat":[29],"product_tag":[],"class_list":{"0":"post-9467","1":"product","2":"type-product","3":"status-publish","4":"has-post-thumbnail","6":"product_cat-manga-comics","8":"first","9":"instock","10":"taxable","11":"shipping-taxable","12":"purchasable","13":"product-type-simple"},"supplier_id":null,"supplier_sku":"","barcode":null,"atum_controlled":true,"out_stock_date":null,"out_stock_threshold":null,"inheritable":false,"inbound_stock":0,"stock_on_hold":0,"sold_today":0,"sales_last_days":0,"reserved_stock":0,"customer_returns":0,"warehouse_damage":0,"lost_in_post":0,"other_logs":0,"out_stock_days":0,"lost_sales":0,"has_location":false,"update_date":"2026-01-28T23:10:43","atum_locations":[],"atum_stock_status":"instock","restock_status":false,"low_stock_amount":"","sales_update_date":"2026-01-28T23:10:43","calc_backorders":null,"acf":{"publisher":{"ID":1454,"post_author":"1","post_date":"2021-02-17 01:11:34","post_date_gmt":"2021-02-16 23:11:34","post_content":"<!-- wp:flatsome\/uxbuilder -->\n<h1 style=\"text-align: center;\"><strong>Kim \u0110\u1ed3ng<\/strong><\/h1>\n[row]\n\n[col span=\"3\" span__sm=\"12\"]\n\n[ux_image id=\"1534\" image_size=\"medium\"]\n\n\n[\/col]\n[col span=\"9\" span__sm=\"12\"]\n\n<p>Nh\u00e0 xu\u1ea5t b\u1ea3n Kim \u0110\u1ed3ng tr\u1ef1c thu\u1ed9c Trung \u01b0\u01a1ng \u0110o\u00e0n TNCS H\u1ed3 Ch\u00ed Minh l\u00e0 Nh\u00e0 xu\u1ea5t b\u1ea3n t\u1ed5ng h\u1ee3p c\u00f3 ch\u1ee9c n\u0103ng xu\u1ea5t b\u1ea3n s\u00e1ch v\u00e0 v\u0103n h\u00f3a ph\u1ea9m ph\u1ee5c v\u1ee5 thi\u1ebfu nhi v\u00e0 c\u00e1c b\u1eadc ph\u1ee5 huynh trong c\u1ea3 n\u01b0\u1edbc, qu\u1ea3ng b\u00e1 v\u00e0 gi\u1edbi thi\u1ec7u v\u0103n h\u00f3a Vi\u1ec7t Nam ra th\u1ebf gi\u1edbi.<br \/>Nh\u00e0 xu\u1ea5t b\u1ea3n c\u00f3 nhi\u1ec7m v\u1ee5 t\u1ed5 ch\u1ee9c b\u1ea3n th\u1ea3o, bi\u00ean so\u1ea1n, bi\u00ean d\u1ecbch, xu\u1ea5t b\u1ea3n v\u00e0 ph\u00e1t h\u00e0nh c\u00e1c xu\u1ea5t b\u1ea3n ph\u1ea9m c\u00f3 n\u1ed9i dung: gi\u00e1o d\u1ee5c truy\u1ec1n th\u1ed1ng d\u00e2n t\u1ed9c, gi\u00e1o d\u1ee5c v\u1ec1 tri th\u1ee9c, ki\u1ebfn th\u1ee9c\u2026 tr\u00ean c\u00e1c l\u0129nh v\u1ef1c v\u0103n h\u1ecdc, ngh\u1ec7 thu\u1eadt, khoa h\u1ecdc k\u1ef9 thu\u1eadt nh\u1eb1m cung c\u1ea5p cho c\u00e1c em thi\u1ebfu nhi c\u0169ng nh\u01b0 c\u00e1c b\u1eadc ph\u1ee5 huynh c\u00e1c ki\u1ebfn th\u1ee9c c\u1ea7n thi\u1ebft trong cu\u1ed9c s\u1ed1ng, nh\u1eefng tinh hoa c\u1ee7a tri th\u1ee9c nh\u00e2n lo\u1ea1i nh\u1eb1m g\u00f3p ph\u1ea7n gi\u00e1o d\u1ee5c v\u00e0 h\u00ecnh th\u00e0nh nh\u00e2n c\u00e1ch th\u1ebf h\u1ec7 tr\u1ebb.<br \/>\u0110\u1ed1i t\u01b0\u1ee3ng ph\u1ee5c v\u1ee5 c\u1ee7a Nh\u00e0 xu\u1ea5t b\u1ea3n l\u00e0 c\u00e1c em t\u1eeb tu\u1ed5i nh\u00e0 tr\u1ebb m\u1eabu gi\u00e1o (1 \u0111\u1ebfn 5 tu\u1ed5i), nhi \u0111\u1ed3ng (6 \u0111\u1ebfn 9 tu\u1ed5i), thi\u1ebfu ni\u00ean (10 \u0111\u1ebfn 15 tu\u1ed5i) \u0111\u1ebfn c\u00e1c em tu\u1ed5i m\u1edbi l\u1edbn (16 \u0111\u1ebfn 18 tu\u1ed5i) v\u00e0 c\u00e1c b\u1eadc ph\u1ee5 huynh.<\/p>\n\n[\/col]\n\n[\/row]\n\n<!-- \/wp:flatsome\/uxbuilder -->","post_title":"Kim \u0110\u1ed3ng","post_excerpt":"","post_status":"publish","comment_status":"closed","ping_status":"closed","post_password":"","post_name":"kim-dong","to_ping":"","pinged":"","post_modified":"2021-02-17 01:31:56","post_modified_gmt":"2021-02-16 23:31:56","post_content_filtered":"","post_parent":0,"guid":"https:\/\/sachviet.eu\/nha-phat-hanh\/kim-dong\/","menu_order":0,"post_type":"publisher","post_mime_type":"","comment_count":"0","filter":"raw"}},"_links":{"self":[{"href":"https:\/\/sachviet.eu\/en\/wp-json\/wp\/v2\/product\/9467","targetHints":{"allow":["GET"]}}],"collection":[{"href":"https:\/\/sachviet.eu\/en\/wp-json\/wp\/v2\/product"}],"about":[{"href":"https:\/\/sachviet.eu\/en\/wp-json\/wp\/v2\/types\/product"}],"wp:featuredmedia":[{"embeddable":true,"href":"https:\/\/sachviet.eu\/en\/wp-json\/wp\/v2\/media\/9466"}],"wp:attachment":[{"href":"https:\/\/sachviet.eu\/en\/wp-json\/wp\/v2\/media?parent=9467"}],"wp:term":[{"taxonomy":"product_brand","embeddable":true,"href":"https:\/\/sachviet.eu\/en\/wp-json\/wp\/v2\/product_brand?post=9467"},{"taxonomy":"product_cat","embeddable":true,"href":"https:\/\/sachviet.eu\/en\/wp-json\/wp\/v2\/product_cat?post=9467"},{"taxonomy":"product_tag","embeddable":true,"href":"https:\/\/sachviet.eu\/en\/wp-json\/wp\/v2\/product_tag?post=9467"}],"curies":[{"name":"wp","href":"https:\/\/api.w.org\/{rel}","templated":true}]}}