{"id":9463,"date":"2021-06-02T01:17:10","date_gmt":"2021-06-01T22:17:10","guid":{"rendered":"https:\/\/sachviet.eu\/shop\/lagom-biet-du-moi-la-tu-do\/"},"modified":"2021-09-23T14:58:27","modified_gmt":"2021-09-23T11:58:27","slug":"lagom-biet-du-moi-la-tu-do","status":"publish","type":"product","link":"https:\/\/sachviet.eu\/en\/shop\/lagom-biet-du-moi-la-tu-do\/","title":{"rendered":"LAGOM \u2013 Bi\u1ebft \u0111\u1ee7 m\u1edbi l\u00e0 T\u1ef1 do"},"content":{"rendered":"<p>Trong th\u1ebf gi\u1edbi v\u1ed9i v\u00e3 ng\u00e0y nay, ch\u1eb3ng ph\u1ea3i th\u1eadt tuy\u1ec7t v\u1eddi hay sao khi b\u1ea1n c\u00f3 th\u1ec3 s\u1ed1ng ch\u1eadm l\u1ea1i v\u00e0 t\u1eadn h\u01b0\u1edfng m\u1ed9t cu\u1ed9c s\u1ed1ng \u00edt \u00e1p l\u1ef1c, \u00edt c\u0103ng th\u1eb3ng v\u00e0 c\u00f3 th\u00eam th\u1eddi gian cho nh\u1eefng \u0111i\u1ec1u b\u1ea1n y\u00eau?<\/p>\n<p>Lagom \u2013 \u201cKh\u00f4ng qu\u00e1 nhi\u1ec1u, kh\u00f4ng qu\u00e1 \u00edt, v\u1eeba \u0111\u1ee7\u201d \u2013 l\u00e0 tri\u1ebft l\u00fd c\u1ee7a ng\u01b0\u1eddi Th\u1ee5y \u0110i\u1ec3n, t\u1eadp trung t\u00ecm ki\u1ebfm s\u1ef1 c\u00e2n b\u1eb1ng trong m\u1ecdi m\u1eb7t c\u1ee7a cu\u1ed9c s\u1ed1ng \u2013 t\u1eeb c\u00f4ng vi\u1ec7c, ngh\u1ec9 ng\u01a1i, gia \u0111\u00ecnh, b\u1ea1n b\u00e8 v\u00e0 m\u1ecdi th\u1ee9 kh\u00e1c.<\/p>\n<p>Lagom l\u00e0 v\u1eeba \u0111\u1ee7, l\u00e0 c\u00e2n b\u1eb1ng, l\u00e0 b\u00ecnh \u0111\u1eb3ng. \u0110\u00f3 l\u00e0 m\u1ed9t t\u1eeb d\u1ec5 n\u00f3i nh\u01b0ng kh\u00f3 x\u00e1c \u0111\u1ecbnh. \u201cBi\u1ebft \u0111\u1ee7\u201d l\u00e0 h\u00e0nh tr\u00ecnh d\u00e0i hi\u1ec3u ch\u00ednh m\u00ecnh, hi\u1ec3u gi\u00e1 tr\u1ecb c\u1ed1t l\u00f5i c\u1ee7a b\u1ea3n th\u00e2n v\u00e0 hi\u1ec3u v\u1ecb tr\u00ed c\u1ee7a m\u00ecnh \u1edf gi\u1eefa m\u00f4i tr\u01b0\u1eddng xung quanh. \u0110\u00f3 c\u0169ng kh\u00f4ng ph\u1ea3i l\u00e0 m\u1ed9t \u0111\u00edch \u0111\u1ebfn. Ng\u01b0\u1ee3c l\u1ea1i, lagom l\u00e0 \u0111\u1ed9ng l\u1ef1c \u0111\u1ec3 b\u1ea1n s\u00e1ng t\u1ea1o, t\u00ecm th\u1ea5y t\u1ef1 do v\u00e0 tr\u00e2n tr\u1ecdng nh\u1eefng g\u00ec m\u00ecnh \u0111ang c\u00f3. Ch\u00ednh \u0111i\u1ec1u \u0111\u00f3 \u0111\u00e3 t\u1ea1o n\u00ean m\u1ed9t Th\u1ee5y \u0110i\u1ec3n \u201cr\u1ea5t lagom m\u00e0 c\u0169ng nhi\u1ec1u s\u00e1ng ki\u1ebfn\u201d \u2013 m\u1ed9t ngh\u1ecbch l\u00fd th\u00fa v\u1ecb, nh\u01b0ng kh\u00f4ng kh\u00f3 hi\u1ec3u, c\u1ee7a \u0111\u1ea5t n\u01b0\u1edbc n\u00e0y.<\/p>\n<p>Lagom \u2013 Bi\u1ebft \u0111\u1ee7 m\u1edbi l\u00e0 T\u1ef1 do l\u00e0 nh\u1eefng \u0111\u00fac r\u00fat c\u1ee7a Niki Brantmark qua 13 n\u0103m s\u1ed1ng t\u1ea1i Th\u1ee5y \u0110i\u1ec3n v\u00e0 6 th\u00e1ng d\u00e0nh th\u1eddi gian \u0111\u1ec3 umg\u00e5s \u2013 g\u0103\u0323p g\u1ee1 v\u00e0 fika \u2013 nh\u00e2m nhi c\u00e0 ph\u00ea, tr\u00f2 chuy\u1ec7n v\u1edbi nh\u1eefng ng\u01b0\u1eddi b\u1ea3n x\u1ee9 quanh nh\u1eefng ch\u1ee7 \u0111\u1ec1 li\u00ean quan \u0111\u1ebfn lagom. K\u1ec3 c\u00e2u chuy\u1ec7n v\u1ec1 l\u1ed1i s\u1ed1ng Th\u1ee5y \u0110i\u1ec3n, Niki Brantmark \u0111\u00e3 \u0111\u01b0a ra nh\u1eefng g\u1ee3i \u00fd tinh t\u1ebf v\u00e0 nh\u1eefng th\u1ef1c h\u00e0nh \u0111\u01a1n gi\u1ea3n, gi\u00fap b\u1ea1n thay \u0111\u1ed5i nh\u1eefng th\u00f3i quen trong cu\u1ed9c s\u1ed1ng. T\u1eeb \u0111\u00f3, b\u1ea1n s\u1ebd c\u00f3 nhi\u1ec1u th\u1eddi gian h\u01a1n cho nh\u1eefng \u0111i\u1ec1u quan tr\u1ecdng v\u00e0 t\u00ecm th\u1ea5y h\u1ea1nh ph\u00fac!<\/p>\n<p>V\u1ec1 t\u00e1c gi\u1ea3 Niki Brantmark<\/p>\n<p>L\u00e0 ch\u1ee7 nh\u00e2n c\u1ee7a blog thi\u1ebft k\u1ebf n\u1ed9i th\u1ea5t My Scandinavian Home (T\u1ed5 \u1ea5m Scandinavia c\u1ee7a t\u00f4i). Blog l\u1ea5y c\u1ea3m h\u1ee9ng t\u1eeb ch\u00ednh cu\u1ed9c s\u1ed1ng c\u1ee7a c\u00f4 c\u00f9ng ch\u1ed3ng v\u00e0 ba con \u1edf th\u00e0nh ph\u1ed1 Malm\u00f6, Th\u1ee5y \u0110i\u1ec3n.<\/p>\n<p>\u0110\u1ebfn t\u1eeb London, Niki t\u1ed1t nghi\u1ec7p Th\u1ea1c s\u1ef9 t\u00e2m l\u00fd tr\u01b0\u1eddng \u0110\u1ea1i h\u1ecdc Edinburgh, l\u00e0 t\u00e1c gi\u1ea3 c\u1ee7a hai cu\u1ed1n s\u00e1ch Modern Pastoral (B\u1ee9c h\u1ecda \u0111\u1ed3ng qu\u00ea hi\u1ec7n \u0111\u1ea1i) v\u00e0 The Scandinavian Home (T\u1ed5 \u1ea5m Scandinavia).<\/p>\n","protected":false},"excerpt":{"rendered":"<p>Trong th\u1ebf gi\u1edbi v\u1ed9i v\u00e3 ng\u00e0y nay, ch\u1eb3ng ph\u1ea3i th\u1eadt tuy\u1ec7t v\u1eddi hay sao khi b\u1ea1n c\u00f3 th\u1ec3 s\u1ed1ng ch\u1eadm l\u1ea1i v\u00e0 t\u1eadn h\u01b0\u1edfng m\u1ed9t cu\u1ed9c s\u1ed1ng \u00edt \u00e1p l\u1ef1c, \u00edt c\u0103ng th\u1eb3ng v\u00e0 c\u00f3 th\u00eam th\u1eddi gian cho nh\u1eefng \u0111i\u1ec1u b\u1ea1n y\u00eau?<\/p>\n<p>Lagom \u2013 \u201cKh\u00f4ng qu\u00e1 nhi\u1ec1u, kh\u00f4ng qu\u00e1 \u00edt, v\u1eeba \u0111\u1ee7\u201d \u2013 l\u00e0 tri\u1ebft l\u00fd c\u1ee7a ng\u01b0\u1eddi Th\u1ee5y \u0110i\u1ec3n, t\u1eadp trung t\u00ecm ki\u1ebfm s\u1ef1 c\u00e2n b\u1eb1ng trong m\u1ecdi m\u1eb7t c\u1ee7a cu\u1ed9c s\u1ed1ng \u2013 t\u1eeb c\u00f4ng vi\u1ec7c, ngh\u1ec9 ng\u01a1i, gia \u0111\u00ecnh, b\u1ea1n b\u00e8 v\u00e0 m\u1ecdi th\u1ee9 kh\u00e1c.<\/p>\n<p>Lagom l\u00e0 v\u1eeba \u0111\u1ee7, l\u00e0 c\u00e2n b\u1eb1ng, l\u00e0 b\u00ecnh \u0111\u1eb3ng. \u0110\u00f3 l\u00e0 m\u1ed9t t\u1eeb d\u1ec5 n\u00f3i nh\u01b0ng kh\u00f3 x\u00e1c \u0111\u1ecbnh. \u201cBi\u1ebft \u0111\u1ee7\u201d l\u00e0 h\u00e0nh tr\u00ecnh d\u00e0i hi\u1ec3u ch\u00ednh m\u00ecnh, hi\u1ec3u gi\u00e1 tr\u1ecb c\u1ed1t l\u00f5i c\u1ee7a b\u1ea3n th\u00e2n v\u00e0 hi\u1ec3u v\u1ecb tr\u00ed c\u1ee7a m\u00ecnh \u1edf gi\u1eefa m\u00f4i tr\u01b0\u1eddng xung quanh. \u0110\u00f3 c\u0169ng kh\u00f4ng ph\u1ea3i l\u00e0 m\u1ed9t \u0111\u00edch \u0111\u1ebfn. Ng\u01b0\u1ee3c l\u1ea1i, lagom l\u00e0 \u0111\u1ed9ng l\u1ef1c \u0111\u1ec3 b\u1ea1n s\u00e1ng t\u1ea1o, t\u00ecm th\u1ea5y t\u1ef1 do v\u00e0 tr\u00e2n tr\u1ecdng nh\u1eefng g\u00ec m\u00ecnh \u0111ang c\u00f3. Ch\u00ednh \u0111i\u1ec1u \u0111\u00f3 \u0111\u00e3 t\u1ea1o n\u00ean m\u1ed9t Th\u1ee5y \u0110i\u1ec3n \u201cr\u1ea5t lagom m\u00e0 c\u0169ng nhi\u1ec1u s\u00e1ng ki\u1ebfn\u201d \u2013 m\u1ed9t ngh\u1ecbch l\u00fd th\u00fa v\u1ecb, nh\u01b0ng kh\u00f4ng kh\u00f3 hi\u1ec3u, c\u1ee7a \u0111\u1ea5t n\u01b0\u1edbc n\u00e0y.<\/p>\n<p>Lagom \u2013 Bi\u1ebft \u0111\u1ee7 m\u1edbi l\u00e0 T\u1ef1 do l\u00e0 nh\u1eefng \u0111\u00fac r\u00fat c\u1ee7a Niki Brantmark qua 13 n\u0103m s\u1ed1ng t\u1ea1i Th\u1ee5y \u0110i\u1ec3n v\u00e0 6 th\u00e1ng d\u00e0nh th\u1eddi gian \u0111\u1ec3 umg\u00e5s \u2013 g\u0103\u0323p g\u1ee1 v\u00e0 fika \u2013 nh\u00e2m nhi c\u00e0 ph\u00ea, tr\u00f2 chuy\u1ec7n v\u1edbi nh\u1eefng ng\u01b0\u1eddi b\u1ea3n x\u1ee9 quanh nh\u1eefng ch\u1ee7 \u0111\u1ec1 li\u00ean quan \u0111\u1ebfn lagom. K\u1ec3 c\u00e2u chuy\u1ec7n v\u1ec1 l\u1ed1i s\u1ed1ng Th\u1ee5y \u0110i\u1ec3n, Niki Brantmark \u0111\u00e3 \u0111\u01b0a ra nh\u1eefng g\u1ee3i \u00fd tinh t\u1ebf v\u00e0 nh\u1eefng th\u1ef1c h\u00e0nh \u0111\u01a1n gi\u1ea3n, gi\u00fap b\u1ea1n thay \u0111\u1ed5i nh\u1eefng th\u00f3i quen trong cu\u1ed9c s\u1ed1ng. T\u1eeb \u0111\u00f3, b\u1ea1n s\u1ebd c\u00f3 nhi\u1ec1u th\u1eddi gian h\u01a1n cho nh\u1eefng \u0111i\u1ec1u quan tr\u1ecdng v\u00e0 t\u00ecm th\u1ea5y h\u1ea1nh ph\u00fac!<\/p>\n","protected":false},"featured_media":9445,"template":"","meta":{"_acf_changed":false},"product_brand":[],"product_cat":[15,46],"product_tag":[],"class_list":{"0":"post-9463","1":"product","2":"type-product","3":"status-publish","4":"has-post-thumbnail","6":"product_cat-sach-danh-cho-nguoi-lon","7":"product_cat-ky-nang-song","9":"first","10":"outofstock","11":"taxable","12":"shipping-taxable","13":"purchasable","14":"product-type-simple"},"supplier_id":null,"supplier_sku":"","barcode":null,"atum_controlled":true,"out_stock_date":"2021-09-23 11:58:27","out_stock_threshold":null,"inheritable":false,"inbound_stock":0,"stock_on_hold":0,"sold_today":0,"sales_last_days":0,"reserved_stock":0,"customer_returns":0,"warehouse_damage":0,"lost_in_post":0,"other_logs":0,"out_stock_days":1588,"lost_sales":0,"has_location":false,"update_date":"2026-01-28T23:10:43","atum_locations":[],"atum_stock_status":"outofstock","restock_status":false,"low_stock_amount":"","sales_update_date":"2026-01-28T23:10:43","calc_backorders":null,"acf":{"publisher":{"ID":1785,"post_author":"1","post_date":"2021-02-17 01:54:46","post_date_gmt":"2021-02-16 23:54:46","post_content":"<!-- wp:flatsome\/uxbuilder -->\n<h1 style=\"text-align: center;\"><strong>AZ VIETNAM<\/strong><\/h1>\n[row]\n\n[col span=\"8\" span__sm=\"12\"]\n\n<p>Th\u00e0nh l\u1eadp n\u0103m: 2015<br \/>V\u1ed1n \u0111\u1ea7u t\u01b0: 4,000,000,000 \u0111\u1ed3ng<br \/><strong>L\u0129nh v\u1ef1c:<\/strong><br \/>- Xu\u1ea5t b\u1ea3n v\u00e0 ph\u00e1t h\u00e0nh v\u0103n h\u00f3a ph\u1ea9m<br \/>- Cung c\u1ea5p v\u0103n h\u00f3a ph\u1ea9m, c\u00e1c s\u1ea3n ph\u1ea9m cho in \u1ea5n, trang thi\u1ebft b\u1ecb cho c\u00e1c th\u01b0 vi\u1ec7n v\u00e0 trung t\u00e2m s\u00e1ch tr\u00ean c\u1ea3 n\u01b0\u1edbc.<br \/>- Th\u1eddi trang v\u00e0 c\u00e1c s\u1ea3n ph\u1ea9m li\u00ean quan \u0111\u1ebfn l\u0129nh v\u1ef1c th\u1eddi trang<br \/>- Xu\u1ea5t nh\u1eadp kh\u1ea9u c\u00e1c s\u1ea3n ph\u1ea9m v\u0103n h\u00f3a<\/p>\n<p><strong>Quy m\u00f4:<\/strong> 60 nh\u00e2n vi\u00ean<br \/>Kh\u1edfi ngu\u1ed3n c\u1ee7a AZ Vi\u1ec7t Nam ng\u00e0y nay l\u00e0 C\u00f4ng ty TNHH Trung t\u00e2m S\u00e1ch v\u00e0 Thi\u1ebft b\u1ecb Th\u01b0 vi\u1ec7n, v\u1edbi ho\u1ea1t \u0111\u1ed9ng \u0111\u1ea7u ti\u00ean l\u00e0 cung c\u1ea5p s\u00e1ch, trang thi\u1ebft b\u1ecb, v\u0103n h\u00f3a ph\u1ea9m cho c\u00e1c th\u01b0 vi\u1ec7n v\u00e0 trung t\u00e2m s\u00e1ch tr\u00ean c\u1ea3 n\u01b0\u1edbc. T\u1eeb cu\u1ed1i n\u0103m 2010 \u0111\u1ebfn nay, ch\u00fang t\u00f4i \u0111\u00e3 kh\u00f4ng ng\u1eebng n\u1ed7 l\u1ef1c khai ph\u00e1 v\u00e0 ph\u00e1t tri\u1ec3n c\u00e1c d\u00f2ng s\u1ea3n ph\u1ea9m m\u1edbi v\u1edbi 8 th\u01b0\u01a1ng hi\u1ec7u uy t\u00edn. \u0110\u1ec3 \u0111\u00e1p \u1ee9ng nhu c\u1ea7u ph\u00e1t tri\u1ec3n ng\u00e0y m\u1ed9t l\u1edbn m\u1ea1nh v\u00e0 t\u1eadp h\u1ee3p c\u00e1c th\u01b0\u01a1ng hi\u1ec7u \u0111\u00e3 \u0111\u01b0\u1ee3c ch\u00fang t\u00f4i x\u00e2y d\u1ef1ng, 2015 C\u00f4ng ty TNHH AZ Vi\u1ec7t Nam \u0111\u00e3 ra \u0111\u1eddi v\u1edbi s\u1ee9 m\u1ec7nh mang \u0111\u1ebfn nhi\u1ec1u h\u01a1n n\u1eefa nh\u1eefng gi\u00e1 tr\u1ecb tinh th\u1ea7n, tri th\u1ee9c ti\u00ean ti\u1ebfn cho ng\u01b0\u1eddi ti\u00eau d\u00f9ng b\u1eb1ng vi\u1ec7c cung c\u1ea5p nh\u1eefng s\u1ea3n ph\u1ea9m c\u00f3 ch\u1ea5t l\u01b0\u1ee3ng.<\/p>\n\n[\/col]\n[col span=\"4\" span__sm=\"12\"]\n\n[ux_image id=\"1836\" image_size=\"medium\"]\n\n\n[\/col]\n\n[\/row]\n\n<!-- \/wp:flatsome\/uxbuilder -->","post_title":"AZ Vi\u1ec7t Nam","post_excerpt":"","post_status":"publish","comment_status":"closed","ping_status":"closed","post_password":"","post_name":"az-viet-nam","to_ping":"","pinged":"","post_modified":"2021-02-17 22:07:10","post_modified_gmt":"2021-02-17 20:07:10","post_content_filtered":"","post_parent":0,"guid":"https:\/\/sachviet.eu\/nha-phat-hanh\/az-viet-nam\/","menu_order":0,"post_type":"publisher","post_mime_type":"","comment_count":"0","filter":"raw"}},"_links":{"self":[{"href":"https:\/\/sachviet.eu\/en\/wp-json\/wp\/v2\/product\/9463","targetHints":{"allow":["GET"]}}],"collection":[{"href":"https:\/\/sachviet.eu\/en\/wp-json\/wp\/v2\/product"}],"about":[{"href":"https:\/\/sachviet.eu\/en\/wp-json\/wp\/v2\/types\/product"}],"wp:featuredmedia":[{"embeddable":true,"href":"https:\/\/sachviet.eu\/en\/wp-json\/wp\/v2\/media\/9445"}],"wp:attachment":[{"href":"https:\/\/sachviet.eu\/en\/wp-json\/wp\/v2\/media?parent=9463"}],"wp:term":[{"taxonomy":"product_brand","embeddable":true,"href":"https:\/\/sachviet.eu\/en\/wp-json\/wp\/v2\/product_brand?post=9463"},{"taxonomy":"product_cat","embeddable":true,"href":"https:\/\/sachviet.eu\/en\/wp-json\/wp\/v2\/product_cat?post=9463"},{"taxonomy":"product_tag","embeddable":true,"href":"https:\/\/sachviet.eu\/en\/wp-json\/wp\/v2\/product_tag?post=9463"}],"curies":[{"name":"wp","href":"https:\/\/api.w.org\/{rel}","templated":true}]}}