{"id":9444,"date":"2021-06-02T01:16:08","date_gmt":"2021-06-01T22:16:08","guid":{"rendered":"https:\/\/sachviet.eu\/shop\/toi-da-yeu-nguoi-am-tham-nhu-the\/"},"modified":"2024-04-18T14:29:39","modified_gmt":"2024-04-18T11:29:39","slug":"toi-da-yeu-nguoi-am-tham-nhu-the","status":"publish","type":"product","link":"https:\/\/sachviet.eu\/en\/shop\/toi-da-yeu-nguoi-am-tham-nhu-the\/","title":{"rendered":"T\u00f4i \u0110\u00e3 Y\u00eau Ng\u01b0\u1eddi \u00c2m Th\u1ea7m Nh\u01b0 Th\u1ebf"},"content":{"rendered":"<p>T\u00f4i \u0110\u00e3 Y\u00eau Ng\u01b0\u1eddi \u00c2m Th\u1ea7m Nh\u01b0 Th\u1ebf<\/p>\n<p>Khi y\u00eau \u0111\u01a1n ph\u01b0\u01a1ng c\u00f3 n\u00ean t\u1ecf t\u00ecnh hay kh\u00f4ng?<\/p>\n<p>N\u00ean l\u00e0m g\u00ec \u0111\u1ec3 \u0111\u1ed1i ph\u01b0\u01a1ng \u0111\u00f3n nh\u1eadn t\u00ecnh c\u1ea3m c\u1ee7a m\u00ecnh?<\/p>\n<p>T\u1ecf t\u00ecnh th\u1ea5t b\u1ea1i c\u00f3 n\u00ean ti\u1ebfp t\u1ee5c ki\u00ean tr\u00ec c\u1ed1 g\u1eafng hay kh\u00f4ng?<\/p>\n<p>\u0110\u00e2y kh\u00f4ng ph\u1ea3i l\u00e0 m\u1ed9t cu\u1ed1n s\u00e1ch c\u00f3 th\u1ec3 gi\u1ea3i \u0111\u00e1p cho b\u1ea1n nh\u1eefng v\u1ea5n \u0111\u1ec1 \u0111\u00f3.<\/p>\n<p>T\u00f4i r\u1ea5t ti\u1ebfc ph\u1ea3i n\u00f3i r\u1eb1ng, kh\u00f4ng c\u00f3 m\u1ed9t \u0111\u00e1p \u00e1n c\u1ee5 th\u1ec3 n\u00e0o cho t\u1ea5t c\u1ea3 m\u1ecdi tr\u01b0\u1eddng h\u1ee3p. B\u1ea1n ch\u1ec9 c\u00f3 th\u1ec3 t\u00f9y theo ho\u00e0n c\u1ea3nh b\u1ea1n \u0111ang \u0111\u1ed1i m\u1eb7t \u0111\u1ec3 linh ho\u1ea1t \u0111\u01b0a ra quy\u1ebft \u0111\u1ecbnh c\u1ee7a ri\u00eang m\u00ecnh. D\u00f9 v\u1eady, t\u00f4i tin r\u1eb1ng m\u1ed7i m\u1ed9t c\u00e2u chuy\u1ec7n t\u00f4i k\u1ec3 trong cu\u1ed1n s\u00e1ch, k\u1ec3 c\u1ea3 chuy\u1ec7n c\u1ee7a b\u1ea1n b\u00e8 t\u00f4i, hay l\u00e0 chuy\u1ec7n c\u1ee7a ch\u00ednh t\u00f4i, \u0111\u1ec1u s\u1ebd g\u1ee3i l\u00ean cho b\u1ea1n \u0111i\u1ec1u g\u00ec \u0111\u00f3, m\u1ed9t ch\u00fat c\u1ea3m x\u00fac, m\u1ed9t ch\u00fat thanh th\u1ea3n, m\u1ed9t ch\u00fat quy\u1ebft t\u00e2m,\u2026 \u0111\u1ec3 ti\u1ebfp th\u00eam s\u1ee9c m\u1ea1nh cho b\u1ea1n tr\u00ean su\u1ed1t h\u00e0nh tr\u00ecnh y\u00eau v\u00e0 theo \u0111u\u1ed5i t\u00ecnh y\u00eau c\u1ee7a b\u1ea3n th\u00e2n m\u00ecnh.<\/p>\n<p>T\u00f4i d\u00e0nh t\u1eb7ng cu\u1ed1n s\u00e1ch n\u00e0y cho nh\u1eefng ai \u0111\u00e3 t\u1eebng gi\u1eef trong l\u00f2ng m\u00ecnh m\u1ed9t t\u00ecnh y\u00eau th\u1ea7m l\u1eb7ng \u2013 \u0111\u1ed1i v\u1edbi t\u00f4i, c\u00e1c b\u1ea1n ch\u00ednh l\u00e0 nh\u1eefng chi\u1ebfn binh ki\u00eau h\u00f9ng b\u1ea5t b\u1ea1i, b\u1edfi \u0111\u00e3 d\u00e1m \u0111em l\u00f2ng y\u00eau m\u1ed9t ng\u01b0\u1eddi m\u00e0 c\u00e1c b\u1ea1n kh\u00f4ng h\u1ec1 ch\u1eafc ch\u1eafn li\u1ec7u h\u1ecd c\u00f3 thu\u1ed9c v\u1ec1 m\u00ecnh hay kh\u00f4ng. H\u00e3y tin r\u1eb1ng, c\u00e1c b\u1ea1n x\u1ee9ng \u0111\u00e1ng \u0111\u01b0\u1ee3c tr\u00e2n tr\u1ecdng, x\u1ee9ng \u0111\u00e1ng \u0111\u01b0\u1ee3c y\u00eau th\u01b0\u01a1ng, x\u1ee9ng \u0111\u00e1ng \u0111\u01b0\u1ee3c nh\u1eadn nh\u1eefng \u0111i\u1ec1u tuy\u1ec7t v\u1eddi nh\u1ea5t.<\/p>\n<p>S\u01a0 L\u01af\u1ee2C V\u1ec0 T\u00c1C GI\u1ea2<\/p>\n<p>Anna Turner sinh ra v\u00e0 l\u1edbn l\u00ean t\u1ea1i v\u00f9ng ngo\u1ea1i \u00f4 b\u00ean c\u1ea1nh trung t\u00e2m th\u00e0nh ph\u1ed1. K\u1ebf th\u1eeba ni\u1ec1m \u0111am m\u00ea v\u1ec1 s\u00e1ch v\u00e0 ng\u00f4n ng\u1eef c\u1ee7a cha c\u00f9ng \u0111\u1ea7u \u00f3c t\u00ednh to\u00e1n nhanh nh\u1eb9n v\u00e0 s\u1edf th\u00edch kinh doanh t\u1eeb m\u1eb9, Anna tr\u1edf th\u00e0nh m\u1ed9t c\u00f4 g\u00e1i v\u1eeba c\u00f3 kh\u1ea3 n\u0103ng l\u00e0m vi\u1ec7c v\u1edbi c\u00e1c con s\u1ed1, \u0111\u1ed3ng th\u1eddi c\u0169ng v\u1eeba mang tr\u00e1i tim l\u00e3ng m\u1ea1n, nh\u1ea1y c\u1ea3m v\u1edbi ng\u00f4n t\u1eeb.<\/p>\n<p>M\u1ed9t trong nh\u1eefng vi\u1ec7c m\u00e0 Anna mu\u1ed1n l\u00e0m nh\u1ea5t trong m\u1ecdi ho\u1ea1t \u0111\u1ed9ng kh\u00e1c trong \u0111\u1eddi, ch\u00ednh l\u00e0 l\u1eafng nghe v\u00e0 chia s\u1ebb v\u1edbi m\u1ecdi ng\u01b0\u1eddi. C\u00f4 lu\u00f4n c\u1ea3m th\u1ea5y may m\u1eafn v\u00e0 t\u1ef1 h\u00e0o khi c\u00e1c \u0111\u1ed3ng nghi\u1ec7p, b\u1ea1n b\u00e8, ng\u01b0\u1eddi th\u00e2n l\u1ef1a ch\u1ecdn c\u00f4 l\u00e0m n\u01a1i \u0111\u1ec3 tr\u00fat b\u1ea7u t\u00e2m s\u1ef1. M\u1ed7i c\u00e2u chuy\u1ec7n c\u0169ng nh\u01b0 c\u1ea3m x\u00fac c\u1ee7a h\u1ecd h\u1ea7u h\u1ebft \u0111\u1ec1u tr\u1edf th\u00e0nh c\u1ea3m h\u1ee9ng v\u00e0 \u0111\u1ed9ng l\u1ef1c c\u1ee7a Anna \u0111\u1ec3 vi\u1ebft n\u00ean nh\u1eefng cu\u1ed1n s\u00e1ch mang h\u01a1i h\u01b0\u1edbng t\u00edch c\u1ef1c, l\u1ea1c quan, hy v\u1ecdng l\u1edbn nh\u1ea5t c\u1ee7a c\u00f4 l\u00e0 c\u00f3 th\u1ec3 g\u00f3p ph\u1ea7n gi\u00fap c\u00e1c \u0111\u1ed9c gi\u1ea3 c\u1ee7a m\u00ecnh c\u1ea3m th\u1ea5y b\u00ecnh an, vui v\u1ebb v\u1edbi hi\u1ec7n t\u1ea1i, \u0111\u1ed3ng th\u1eddi c\u00f3 \u0111\u01b0\u1ee3c c\u00e1i nh\u00ecn nh\u1eb9 nh\u00e0ng, bao dung cho qu\u00e1 kh\u1ee9 \u0111\u00e3 qua.<\/p>\n","protected":false},"excerpt":{"rendered":"<p>Khi y\u00eau \u0111\u01a1n ph\u01b0\u01a1ng c\u00f3 n\u00ean t\u1ecf t\u00ecnh hay kh\u00f4ng?<\/p>\n<p>N\u00ean l\u00e0m g\u00ec \u0111\u1ec3 \u0111\u1ed1i ph\u01b0\u01a1ng \u0111\u00f3n nh\u1eadn t\u00ecnh c\u1ea3m c\u1ee7a m\u00ecnh?<\/p>\n<p>T\u1ecf t\u00ecnh th\u1ea5t b\u1ea1i c\u00f3 n\u00ean ti\u1ebfp t\u1ee5c ki\u00ean tr\u00ec c\u1ed1 g\u1eafng hay kh\u00f4ng?<\/p>\n<p>\u0110\u00e2y kh\u00f4ng ph\u1ea3i l\u00e0 m\u1ed9t cu\u1ed1n s\u00e1ch c\u00f3 th\u1ec3 gi\u1ea3i \u0111\u00e1p cho b\u1ea1n nh\u1eefng v\u1ea5n \u0111\u1ec1 \u0111\u00f3.<\/p>\n<p>T\u00f4i r\u1ea5t ti\u1ebfc ph\u1ea3i n\u00f3i r\u1eb1ng, kh\u00f4ng c\u00f3 m\u1ed9t \u0111\u00e1p \u00e1n c\u1ee5 th\u1ec3 n\u00e0o cho t\u1ea5t c\u1ea3 m\u1ecdi tr\u01b0\u1eddng h\u1ee3p. B\u1ea1n ch\u1ec9 c\u00f3 th\u1ec3 t\u00f9y theo ho\u00e0n c\u1ea3nh b\u1ea1n \u0111ang \u0111\u1ed1i m\u1eb7t \u0111\u1ec3 linh ho\u1ea1t \u0111\u01b0a ra quy\u1ebft \u0111\u1ecbnh c\u1ee7a ri\u00eang m\u00ecnh. D\u00f9 v\u1eady, t\u00f4i tin r\u1eb1ng m\u1ed7i m\u1ed9t c\u00e2u chuy\u1ec7n t\u00f4i k\u1ec3 trong cu\u1ed1n s\u00e1ch, k\u1ec3 c\u1ea3 chuy\u1ec7n c\u1ee7a b\u1ea1n b\u00e8 t\u00f4i, hay l\u00e0 chuy\u1ec7n c\u1ee7a ch\u00ednh t\u00f4i, \u0111\u1ec1u s\u1ebd g\u1ee3i l\u00ean cho b\u1ea1n \u0111i\u1ec1u g\u00ec \u0111\u00f3, m\u1ed9t ch\u00fat c\u1ea3m x\u00fac, m\u1ed9t ch\u00fat thanh th\u1ea3n, m\u1ed9t ch\u00fat quy\u1ebft t\u00e2m,\u2026 \u0111\u1ec3 ti\u1ebfp th\u00eam s\u1ee9c m\u1ea1nh cho b\u1ea1n tr\u00ean su\u1ed1t h\u00e0nh tr\u00ecnh y\u00eau v\u00e0 theo \u0111u\u1ed5i t\u00ecnh y\u00eau c\u1ee7a b\u1ea3n th\u00e2n m\u00ecnh.<\/p>\n<p>T\u00f4i d\u00e0nh t\u1eb7ng cu\u1ed1n s\u00e1ch n\u00e0y cho nh\u1eefng ai \u0111\u00e3 t\u1eebng gi\u1eef trong l\u00f2ng m\u00ecnh m\u1ed9t t\u00ecnh y\u00eau th\u1ea7m l\u1eb7ng \u2013 \u0111\u1ed1i v\u1edbi t\u00f4i, c\u00e1c b\u1ea1n ch\u00ednh l\u00e0 nh\u1eefng chi\u1ebfn binh ki\u00eau h\u00f9ng b\u1ea5t b\u1ea1i, b\u1edfi \u0111\u00e3 d\u00e1m \u0111em l\u00f2ng y\u00eau m\u1ed9t ng\u01b0\u1eddi m\u00e0 c\u00e1c b\u1ea1n kh\u00f4ng h\u1ec1 ch\u1eafc ch\u1eafn li\u1ec7u h\u1ecd c\u00f3 thu\u1ed9c v\u1ec1 m\u00ecnh hay kh\u00f4ng. H\u00e3y tin r\u1eb1ng, c\u00e1c b\u1ea1n x\u1ee9ng \u0111\u00e1ng \u0111\u01b0\u1ee3c tr\u00e2n tr\u1ecdng, x\u1ee9ng \u0111\u00e1ng \u0111\u01b0\u1ee3c y\u00eau th\u01b0\u01a1ng, x\u1ee9ng \u0111\u00e1ng \u0111\u01b0\u1ee3c nh\u1eadn nh\u1eefng \u0111i\u1ec1u tuy\u1ec7t v\u1eddi nh\u1ea5t.<\/p>\n","protected":false},"featured_media":9429,"template":"","meta":{"_acf_changed":false},"product_brand":[],"product_cat":[15,47],"product_tag":[],"class_list":{"0":"post-9444","1":"product","2":"type-product","3":"status-publish","4":"has-post-thumbnail","6":"product_cat-sach-danh-cho-nguoi-lon","7":"product_cat-truyen-ngan-tan-van","9":"first","10":"outofstock","11":"taxable","12":"shipping-taxable","13":"purchasable","14":"product-type-simple"},"supplier_id":null,"supplier_sku":"","barcode":null,"atum_controlled":true,"out_stock_date":"2024-04-18 11:29:39","out_stock_threshold":null,"inheritable":false,"inbound_stock":0,"stock_on_hold":0,"sold_today":0,"sales_last_days":0,"reserved_stock":0,"customer_returns":0,"warehouse_damage":0,"lost_in_post":0,"other_logs":0,"out_stock_days":650,"lost_sales":0,"has_location":false,"update_date":"2026-01-28T23:10:43","atum_locations":[],"atum_stock_status":"outofstock","restock_status":false,"low_stock_amount":"","sales_update_date":"2026-01-28T23:10:43","calc_backorders":null,"acf":{"publisher":{"ID":9428,"post_author":"1","post_date":"2021-06-02 01:14:36","post_date_gmt":"2021-06-01 22:14:36","post_content":"","post_title":"R BOOKS","post_excerpt":"","post_status":"publish","comment_status":"closed","ping_status":"closed","post_password":"","post_name":"r-books","to_ping":"","pinged":"","post_modified":"2021-06-02 01:14:36","post_modified_gmt":"2021-06-01 22:14:36","post_content_filtered":"","post_parent":0,"guid":"https:\/\/sachviet.eu\/nha-phat-hanh\/r-books\/","menu_order":0,"post_type":"publisher","post_mime_type":"","comment_count":"0","filter":"raw"}},"_links":{"self":[{"href":"https:\/\/sachviet.eu\/en\/wp-json\/wp\/v2\/product\/9444","targetHints":{"allow":["GET"]}}],"collection":[{"href":"https:\/\/sachviet.eu\/en\/wp-json\/wp\/v2\/product"}],"about":[{"href":"https:\/\/sachviet.eu\/en\/wp-json\/wp\/v2\/types\/product"}],"wp:featuredmedia":[{"embeddable":true,"href":"https:\/\/sachviet.eu\/en\/wp-json\/wp\/v2\/media\/9429"}],"wp:attachment":[{"href":"https:\/\/sachviet.eu\/en\/wp-json\/wp\/v2\/media?parent=9444"}],"wp:term":[{"taxonomy":"product_brand","embeddable":true,"href":"https:\/\/sachviet.eu\/en\/wp-json\/wp\/v2\/product_brand?post=9444"},{"taxonomy":"product_cat","embeddable":true,"href":"https:\/\/sachviet.eu\/en\/wp-json\/wp\/v2\/product_cat?post=9444"},{"taxonomy":"product_tag","embeddable":true,"href":"https:\/\/sachviet.eu\/en\/wp-json\/wp\/v2\/product_tag?post=9444"}],"curies":[{"name":"wp","href":"https:\/\/api.w.org\/{rel}","templated":true}]}}