{"id":9427,"date":"2021-06-02T01:14:33","date_gmt":"2021-06-01T22:14:33","guid":{"rendered":"https:\/\/sachviet.eu\/shop\/cu-khoc-cu-tan-vo-va-truong-thanh\/"},"modified":"2021-09-16T16:20:11","modified_gmt":"2021-09-16T13:20:11","slug":"cu-khoc-cu-tan-vo-va-truong-thanh","status":"publish","type":"product","link":"https:\/\/sachviet.eu\/en\/shop\/cu-khoc-cu-tan-vo-va-truong-thanh\/","title":{"rendered":"C\u1ee9 Kh\u00f3c, C\u1ee9 Tan V\u1ee1 V\u00e0 Tr\u01b0\u1edfng Th\u00e0nh"},"content":{"rendered":"<p>Cu\u1ed1n s\u00e1ch n\u00e0y \u0111\u01b0\u1ee3c vi\u1ebft cho nh\u1eefng ng\u01b0\u1eddi \u0111ang tr\u1ea7y tr\u1eadt \u0111\u1ea5u tranh v\u1edbi ch\u00ednh m\u00ecnh m\u1ed7i ng\u00e0y hay \u0111ang c\u00f3 nh\u1eefng v\u1ea5n \u0111\u1ec1 t\u00e2m l\u00fd. C\u00e1c b\u1ea1n \u0111\u1ec1u l\u00e0 nh\u1eefng ng\u01b0\u1eddi th\u1eadt \u0111\u1eb7c bi\u1ec7t theo nhi\u1ec1u c\u00e1ch kh\u00e1c nhau, mang tr\u00ean m\u00ecnh nh\u1eefng r\u1ea1n n\u1ee9t kh\u00e1c nhau. Nh\u1eefng v\u1ebft n\u1ee9t \u0111\u00f3 ch\u1ec9 c\u00f3 b\u1ea1n m\u1edbi bi\u1ebft n\u00f3 l\u00e0m b\u1ea1n \u0111au \u0111\u1ebfn m\u1ee9c n\u00e0o. V\u00e0 c\u0169ng ch\u00ednh b\u1ea1n m\u1edbi c\u00f3 th\u1ec3 t\u00ecm c\u00e1ch \u0111\u1ec3 h\u00e0n g\u1eafn n\u00f3 ra sao.<\/p>\n<p>\u201cM\u1ed9t quy\u1ec3n s\u00e1ch ch\u1ea1m t\u1edbi n\u01a1i s\u00e2u th\u1eb3m nh\u1ea5t c\u1ee7a nh\u1eefng t\u00e2m h\u1ed3n \u0111ang hoang ho\u1ea3i, \u0111ang m\u00f4ng lung trong h\u00e0ng m\u1edb nh\u1eefng c\u00e2u h\u1ecfi &#8220;n\u1ed7i \u0111au c\u1ee7a t\u00f4i ai th\u1ea5u hi\u1ec3u?&#8221;, &#8220;t\u00f4i \u0111ang tr\u1ea3i qua \u0111i\u1ec1u g\u00ec th\u1ebf n\u00e0y?&#8221;, &#8220;t\u00f4i s\u1ebd ph\u1ea3i \u0111\u1ed1i di\u1ec7n v\u1edbi n\u1ed7i \u0111au nh\u01b0 th\u1ebf n\u00e0o?&#8221;, &#8220;t\u00f4i ph\u1ea3i \u0111i ti\u1ebfp con \u0111\u01b0\u1eddng ch\u00eanh v\u00eanh n\u00e0y ra sao?&#8221;. <\/p>\n<p>T\u1eebng c\u00e2u chuy\u1ec7n l\u00e0 s\u1ef1 tr\u1ea3i l\u00f2ng c\u1ee7a t\u00e1c gi\u1ea3 v\u1ec1 nh\u1eefng n\u1ed7i \u0111au, v\u1ec1 c\u00e1ch l\u00e0m th\u1ebf n\u00e0o \u0111\u1ec3 b\u1ea1n c\u00f3 th\u1ec3 \u0111\u1ed1i di\u1ec7n \u0111\u01b0\u1ee3c v\u1edbi nh\u1eefng \u0111i\u1ec1u t\u01b0\u1edfng ch\u1eebng nh\u01b0 \u0111\u00e1ng s\u1ee3 \u1ea5y. Khi g\u1ea5p quy\u1ec3n s\u00e1ch l\u1ea1i b\u1ea1n d\u1ec5 d\u00e0ng c\u1ea3m nh\u1eadn \u0111\u01b0\u1ee3c \u1edf \u0111\u00e2u \u0111\u00f3 lu\u00f4n c\u00f3 nh\u1eefng t\u00e2m h\u1ed3n b\u1ecb t\u1ed5n th\u01b0\u01a1ng, tr\u00e1i tim ch\u1eafp v\u00e1 nh\u01b0ng h\u01a1n c\u1ea3 l\u00e0 ngh\u1ecb l\u1ef1c v\u01b0\u01a1n l\u00ean, l\u00e0 h\u1ecdc c\u00e1ch ch\u1ea5p nh\u1eadn \u0111\u1ec3 v\u01b0\u01a1n l\u00ean m\u1ea1nh m\u1ebd tr\u01b0\u1edbc th\u1ebf gi\u1edbi r\u1ed9ng l\u1edbn n\u00e0y t\u1eeb ch\u00ednh b\u00ean trong t\u00e2m h\u1ed3n m\u00ecnh.\u201d <\/p>\n<p>Cu\u1ed9c \u0111\u1eddi v\u1ed1n d\u0129 nhi\u1ec1u n\u1ed7i bu\u1ed3n, v\u00e0 n\u1ed7i bu\u1ed3n c\u00f3 l\u1ebd l\u00e0 th\u1ee9 m\u00e0 tu\u1ed5i tr\u1ebb ch\u00fang ta hay g\u1eb7m nh\u1ea5m nhi\u1ec1u nh\u1ea5t. C\u00f3 \u0111\u00f4i l\u00fac trong cu\u1ed9c \u0111\u1eddi, b\u1ea1n ph\u1ea3i n\u1ebfm tr\u1ea3i d\u0103m \u0111\u1eafng cay, \u0111au kh\u1ed5, th\u00ec khi h\u1ea1nh ph\u00fac \u0111\u1ebfn, b\u1ea1n m\u1edbi c\u00e0ng th\u00eam tr\u00e2n tr\u1ecdng, gi\u1eef g\u00ecn.Nh\u1eefng h\u00e3y tin r\u1eb1ng ai r\u1ed3i c\u0169ng s\u1ebd \u1ed5n th\u00f4i, ai r\u1ed3i c\u0169ng s\u1ebd t\u1ed1t th\u00f4i, b\u1eb1ng c\u00e1ch n\u00e0y ho\u1eb7c c\u00e1ch kh\u00e1c, sau nh\u1eefng t\u1ed5n th\u01b0\u01a1ng m\u00e0 ch\u00fang ta \u0111\u00e3 m\u1eafc ph\u1ea3i. Hy v\u1ecdng b\u1ea1n \u0111\u1ecdc c\u00f3 m\u1ed9t c\u00e1i nh\u00ecn m\u1edbi m\u1ebb v\u1ec1 b\u1ea3n th\u00e2n, \u0111\u1ec3 ph\u1ea7n n\u00e0o nh\u1eadn di\u1ec7n \u0111\u01b0\u1ee3c nh\u1eefng n\u1ed7i \u0111au m\u00ecnh th\u01b0\u1eddng xuy\u00ean g\u1eb7p ph\u1ea3i, v\u00e0 \u0111\u1ec3 c\u00f3 th\u1ec3 h\u1ecdc c\u00e1ch v\u1ed7 v\u1ec1, y\u00eau th\u01b0\u01a1ng b\u1ea3n th\u00e2n m\u1ed9t c\u00e1ch l\u00e0nh m\u1ea1nh. <\/p>\n<p>C\u00f3 th\u1ec3 th\u1eddi gian \u0111\u1ea7u c\u1ee7a qu\u00e1 tr\u00ecnh ch\u1eefa l\u00e0nh th\u1eadt kh\u00f3 kh\u0103n, nh\u01b0ng m\u1ed9t khi \u0111\u00e3 v\u01b0\u1ee3t qua \u0111\u01b0\u1ee3c, l\u00e0 m\u1ed9t th\u00e0nh c\u00f4ng kh\u00f4ng th\u1ec3 r\u1ef1c r\u1ee1 h\u01a1n trong qu\u00e1 tr\u00ecnh tr\u01b0\u1edfng th\u00e0nh. Hi v\u1ecdng, b\u1ea1n s\u1ebd tr\u01b0\u1edfng th\u00e0nh th\u1eadt m\u1ea1nh m\u1ebd v\u00e0 v\u1eefng v\u00e0ng!<\/p>\n","protected":false},"excerpt":{"rendered":"<p>Cu\u1ed1n s\u00e1ch n\u00e0y \u0111\u01b0\u1ee3c vi\u1ebft cho nh\u1eefng ng\u01b0\u1eddi \u0111ang tr\u1ea7y tr\u1eadt \u0111\u1ea5u tranh v\u1edbi ch\u00ednh m\u00ecnh m\u1ed7i ng\u00e0y hay \u0111ang c\u00f3 nh\u1eefng v\u1ea5n \u0111\u1ec1 t\u00e2m l\u00fd. C\u00e1c b\u1ea1n \u0111\u1ec1u l\u00e0 nh\u1eefng ng\u01b0\u1eddi th\u1eadt \u0111\u1eb7c bi\u1ec7t theo nhi\u1ec1u c\u00e1ch kh\u00e1c nhau, mang tr\u00ean m\u00ecnh nh\u1eefng r\u1ea1n n\u1ee9t kh\u00e1c nhau. Nh\u1eefng v\u1ebft n\u1ee9t \u0111\u00f3 ch\u1ec9 c\u00f3 b\u1ea1n m\u1edbi bi\u1ebft n\u00f3 l\u00e0m b\u1ea1n \u0111au \u0111\u1ebfn m\u1ee9c n\u00e0o. V\u00e0 c\u0169ng ch\u00ednh b\u1ea1n m\u1edbi c\u00f3 th\u1ec3 t\u00ecm c\u00e1ch \u0111\u1ec3 h\u00e0n g\u1eafn n\u00f3 ra sao.<\/p>\n<p>\u201cM\u1ed9t quy\u1ec3n s\u00e1ch ch\u1ea1m t\u1edbi n\u01a1i s\u00e2u th\u1eb3m nh\u1ea5t c\u1ee7a nh\u1eefng t\u00e2m h\u1ed3n \u0111ang hoang ho\u1ea3i, \u0111ang m\u00f4ng lung trong h\u00e0ng m\u1edb nh\u1eefng c\u00e2u h\u1ecfi &#8220;n\u1ed7i \u0111au c\u1ee7a t\u00f4i ai th\u1ea5u hi\u1ec3u?&#8221;, &#8220;t\u00f4i \u0111ang tr\u1ea3i qua \u0111i\u1ec1u g\u00ec th\u1ebf n\u00e0y?&#8221;, &#8220;t\u00f4i s\u1ebd ph\u1ea3i \u0111\u1ed1i di\u1ec7n v\u1edbi n\u1ed7i \u0111au nh\u01b0 th\u1ebf n\u00e0o?&#8221;, &#8220;t\u00f4i ph\u1ea3i \u0111i ti\u1ebfp con \u0111\u01b0\u1eddng ch\u00eanh v\u00eanh n\u00e0y ra sao?&#8221;. <\/p>\n<p>T\u1eebng c\u00e2u chuy\u1ec7n l\u00e0 s\u1ef1 tr\u1ea3i l\u00f2ng c\u1ee7a t\u00e1c gi\u1ea3 v\u1ec1 nh\u1eefng n\u1ed7i \u0111au, v\u1ec1 c\u00e1ch l\u00e0m th\u1ebf n\u00e0o \u0111\u1ec3 b\u1ea1n c\u00f3 th\u1ec3 \u0111\u1ed1i di\u1ec7n \u0111\u01b0\u1ee3c v\u1edbi nh\u1eefng \u0111i\u1ec1u t\u01b0\u1edfng ch\u1eebng nh\u01b0 \u0111\u00e1ng s\u1ee3 \u1ea5y. Khi g\u1ea5p quy\u1ec3n s\u00e1ch l\u1ea1i b\u1ea1n d\u1ec5 d\u00e0ng c\u1ea3m nh\u1eadn \u0111\u01b0\u1ee3c \u1edf \u0111\u00e2u \u0111\u00f3 lu\u00f4n c\u00f3 nh\u1eefng t\u00e2m h\u1ed3n b\u1ecb t\u1ed5n th\u01b0\u01a1ng, tr\u00e1i tim ch\u1eafp v\u00e1 nh\u01b0ng h\u01a1n c\u1ea3 l\u00e0 ngh\u1ecb l\u1ef1c v\u01b0\u01a1n l\u00ean, l\u00e0 h\u1ecdc c\u00e1ch ch\u1ea5p nh\u1eadn \u0111\u1ec3 v\u01b0\u01a1n l\u00ean m\u1ea1nh m\u1ebd tr\u01b0\u1edbc th\u1ebf gi\u1edbi r\u1ed9ng l\u1edbn n\u00e0y t\u1eeb ch\u00ednh b\u00ean trong t\u00e2m h\u1ed3n m\u00ecnh.\u201d <\/p>\n<p>Cu\u1ed9c \u0111\u1eddi v\u1ed1n d\u0129 nhi\u1ec1u n\u1ed7i bu\u1ed3n, v\u00e0 n\u1ed7i bu\u1ed3n c\u00f3 l\u1ebd l\u00e0 th\u1ee9 m\u00e0 tu\u1ed5i tr\u1ebb ch\u00fang ta hay g\u1eb7m nh\u1ea5m nhi\u1ec1u nh\u1ea5t. C\u00f3 \u0111\u00f4i l\u00fac trong cu\u1ed9c \u0111\u1eddi, b\u1ea1n ph\u1ea3i n\u1ebfm tr\u1ea3i d\u0103m \u0111\u1eafng cay, \u0111au kh\u1ed5, th\u00ec khi h\u1ea1nh ph\u00fac \u0111\u1ebfn, b\u1ea1n m\u1edbi c\u00e0ng th\u00eam tr\u00e2n tr\u1ecdng, gi\u1eef g\u00ecn.Nh\u1eefng h\u00e3y tin r\u1eb1ng ai r\u1ed3i c\u0169ng s\u1ebd \u1ed5n th\u00f4i, ai r\u1ed3i c\u0169ng s\u1ebd t\u1ed1t th\u00f4i, b\u1eb1ng c\u00e1ch n\u00e0y ho\u1eb7c c\u00e1ch kh\u00e1c, sau nh\u1eefng t\u1ed5n th\u01b0\u01a1ng m\u00e0 ch\u00fang ta \u0111\u00e3 m\u1eafc ph\u1ea3i. Hy v\u1ecdng b\u1ea1n \u0111\u1ecdc c\u00f3 m\u1ed9t c\u00e1i nh\u00ecn m\u1edbi m\u1ebb v\u1ec1 b\u1ea3n th\u00e2n, \u0111\u1ec3 ph\u1ea7n n\u00e0o nh\u1eadn di\u1ec7n \u0111\u01b0\u1ee3c nh\u1eefng n\u1ed7i \u0111au m\u00ecnh th\u01b0\u1eddng xuy\u00ean g\u1eb7p ph\u1ea3i, v\u00e0 \u0111\u1ec3 c\u00f3 th\u1ec3 h\u1ecdc c\u00e1ch v\u1ed7 v\u1ec1, y\u00eau th\u01b0\u01a1ng b\u1ea3n th\u00e2n m\u1ed9t c\u00e1ch l\u00e0nh m\u1ea1nh. <\/p>\n<p>C\u00f3 th\u1ec3 th\u1eddi gian \u0111\u1ea7u c\u1ee7a qu\u00e1 tr\u00ecnh ch\u1eefa l\u00e0nh th\u1eadt kh\u00f3 kh\u0103n, nh\u01b0ng m\u1ed9t khi \u0111\u00e3 v\u01b0\u1ee3t qua \u0111\u01b0\u1ee3c, l\u00e0 m\u1ed9t th\u00e0nh c\u00f4ng kh\u00f4ng th\u1ec3 r\u1ef1c r\u1ee1 h\u01a1n trong qu\u00e1 tr\u00ecnh tr\u01b0\u1edfng th\u00e0nh. Hi v\u1ecdng, b\u1ea1n s\u1ebd tr\u01b0\u1edfng th\u00e0nh th\u1eadt m\u1ea1nh m\u1ebd v\u00e0 v\u1eefng v\u00e0ng!<\/p>\n","protected":false},"featured_media":9425,"template":"","meta":{"_acf_changed":false},"product_brand":[],"product_cat":[15,47],"product_tag":[],"class_list":{"0":"post-9427","1":"product","2":"type-product","3":"status-publish","4":"has-post-thumbnail","6":"product_cat-sach-danh-cho-nguoi-lon","7":"product_cat-truyen-ngan-tan-van","9":"first","10":"outofstock","11":"taxable","12":"shipping-taxable","13":"purchasable","14":"product-type-simple"},"supplier_id":null,"supplier_sku":"","barcode":null,"atum_controlled":true,"out_stock_date":"2021-09-16 13:20:11","out_stock_threshold":null,"inheritable":false,"inbound_stock":0,"stock_on_hold":0,"sold_today":0,"sales_last_days":0,"reserved_stock":0,"customer_returns":0,"warehouse_damage":0,"lost_in_post":0,"other_logs":0,"out_stock_days":1595,"lost_sales":0,"has_location":false,"update_date":"2026-01-28T23:10:43","atum_locations":[],"atum_stock_status":"outofstock","restock_status":false,"low_stock_amount":"","sales_update_date":"2026-01-28T23:10:43","calc_backorders":null,"acf":{"publisher":{"ID":1785,"post_author":"1","post_date":"2021-02-17 01:54:46","post_date_gmt":"2021-02-16 23:54:46","post_content":"<!-- wp:flatsome\/uxbuilder -->\n<h1 style=\"text-align: center;\"><strong>AZ VIETNAM<\/strong><\/h1>\n[row]\n\n[col span=\"8\" span__sm=\"12\"]\n\n<p>Th\u00e0nh l\u1eadp n\u0103m: 2015<br \/>V\u1ed1n \u0111\u1ea7u t\u01b0: 4,000,000,000 \u0111\u1ed3ng<br \/><strong>L\u0129nh v\u1ef1c:<\/strong><br \/>- Xu\u1ea5t b\u1ea3n v\u00e0 ph\u00e1t h\u00e0nh v\u0103n h\u00f3a ph\u1ea9m<br \/>- Cung c\u1ea5p v\u0103n h\u00f3a ph\u1ea9m, c\u00e1c s\u1ea3n ph\u1ea9m cho in \u1ea5n, trang thi\u1ebft b\u1ecb cho c\u00e1c th\u01b0 vi\u1ec7n v\u00e0 trung t\u00e2m s\u00e1ch tr\u00ean c\u1ea3 n\u01b0\u1edbc.<br \/>- Th\u1eddi trang v\u00e0 c\u00e1c s\u1ea3n ph\u1ea9m li\u00ean quan \u0111\u1ebfn l\u0129nh v\u1ef1c th\u1eddi trang<br \/>- Xu\u1ea5t nh\u1eadp kh\u1ea9u c\u00e1c s\u1ea3n ph\u1ea9m v\u0103n h\u00f3a<\/p>\n<p><strong>Quy m\u00f4:<\/strong> 60 nh\u00e2n vi\u00ean<br \/>Kh\u1edfi ngu\u1ed3n c\u1ee7a AZ Vi\u1ec7t Nam ng\u00e0y nay l\u00e0 C\u00f4ng ty TNHH Trung t\u00e2m S\u00e1ch v\u00e0 Thi\u1ebft b\u1ecb Th\u01b0 vi\u1ec7n, v\u1edbi ho\u1ea1t \u0111\u1ed9ng \u0111\u1ea7u ti\u00ean l\u00e0 cung c\u1ea5p s\u00e1ch, trang thi\u1ebft b\u1ecb, v\u0103n h\u00f3a ph\u1ea9m cho c\u00e1c th\u01b0 vi\u1ec7n v\u00e0 trung t\u00e2m s\u00e1ch tr\u00ean c\u1ea3 n\u01b0\u1edbc. T\u1eeb cu\u1ed1i n\u0103m 2010 \u0111\u1ebfn nay, ch\u00fang t\u00f4i \u0111\u00e3 kh\u00f4ng ng\u1eebng n\u1ed7 l\u1ef1c khai ph\u00e1 v\u00e0 ph\u00e1t tri\u1ec3n c\u00e1c d\u00f2ng s\u1ea3n ph\u1ea9m m\u1edbi v\u1edbi 8 th\u01b0\u01a1ng hi\u1ec7u uy t\u00edn. \u0110\u1ec3 \u0111\u00e1p \u1ee9ng nhu c\u1ea7u ph\u00e1t tri\u1ec3n ng\u00e0y m\u1ed9t l\u1edbn m\u1ea1nh v\u00e0 t\u1eadp h\u1ee3p c\u00e1c th\u01b0\u01a1ng hi\u1ec7u \u0111\u00e3 \u0111\u01b0\u1ee3c ch\u00fang t\u00f4i x\u00e2y d\u1ef1ng, 2015 C\u00f4ng ty TNHH AZ Vi\u1ec7t Nam \u0111\u00e3 ra \u0111\u1eddi v\u1edbi s\u1ee9 m\u1ec7nh mang \u0111\u1ebfn nhi\u1ec1u h\u01a1n n\u1eefa nh\u1eefng gi\u00e1 tr\u1ecb tinh th\u1ea7n, tri th\u1ee9c ti\u00ean ti\u1ebfn cho ng\u01b0\u1eddi ti\u00eau d\u00f9ng b\u1eb1ng vi\u1ec7c cung c\u1ea5p nh\u1eefng s\u1ea3n ph\u1ea9m c\u00f3 ch\u1ea5t l\u01b0\u1ee3ng.<\/p>\n\n[\/col]\n[col span=\"4\" span__sm=\"12\"]\n\n[ux_image id=\"1836\" image_size=\"medium\"]\n\n\n[\/col]\n\n[\/row]\n\n<!-- \/wp:flatsome\/uxbuilder -->","post_title":"AZ Vi\u1ec7t Nam","post_excerpt":"","post_status":"publish","comment_status":"closed","ping_status":"closed","post_password":"","post_name":"az-viet-nam","to_ping":"","pinged":"","post_modified":"2021-02-17 22:07:10","post_modified_gmt":"2021-02-17 20:07:10","post_content_filtered":"","post_parent":0,"guid":"https:\/\/sachviet.eu\/nha-phat-hanh\/az-viet-nam\/","menu_order":0,"post_type":"publisher","post_mime_type":"","comment_count":"0","filter":"raw"}},"_links":{"self":[{"href":"https:\/\/sachviet.eu\/en\/wp-json\/wp\/v2\/product\/9427","targetHints":{"allow":["GET"]}}],"collection":[{"href":"https:\/\/sachviet.eu\/en\/wp-json\/wp\/v2\/product"}],"about":[{"href":"https:\/\/sachviet.eu\/en\/wp-json\/wp\/v2\/types\/product"}],"wp:featuredmedia":[{"embeddable":true,"href":"https:\/\/sachviet.eu\/en\/wp-json\/wp\/v2\/media\/9425"}],"wp:attachment":[{"href":"https:\/\/sachviet.eu\/en\/wp-json\/wp\/v2\/media?parent=9427"}],"wp:term":[{"taxonomy":"product_brand","embeddable":true,"href":"https:\/\/sachviet.eu\/en\/wp-json\/wp\/v2\/product_brand?post=9427"},{"taxonomy":"product_cat","embeddable":true,"href":"https:\/\/sachviet.eu\/en\/wp-json\/wp\/v2\/product_cat?post=9427"},{"taxonomy":"product_tag","embeddable":true,"href":"https:\/\/sachviet.eu\/en\/wp-json\/wp\/v2\/product_tag?post=9427"}],"curies":[{"name":"wp","href":"https:\/\/api.w.org\/{rel}","templated":true}]}}