{"id":9424,"date":"2021-06-02T01:11:19","date_gmt":"2021-06-01T22:11:19","guid":{"rendered":"https:\/\/sachviet.eu\/shop\/nhu-may-binh-than-nhu-nuoc-thong-dong\/"},"modified":"2021-06-10T01:15:31","modified_gmt":"2021-06-09T22:15:31","slug":"nhu-may-binh-than-nhu-nuoc-thong-dong","status":"publish","type":"product","link":"https:\/\/sachviet.eu\/en\/shop\/nhu-may-binh-than-nhu-nuoc-thong-dong\/","title":{"rendered":"Nh\u01b0 M\u00e2y B\u00ecnh Th\u1ea3n, Nh\u01b0 N\u01b0\u1edbc Thong Dong"},"content":{"rendered":"<p>Nh\u00e2n sinh nh\u01b0 ch\u00e9n n\u01b0\u1edbc, khi v\u01a1i l\u00fac \u0111\u1ea7y. Con \u0111\u01b0\u1eddng n\u00e0y v\u1ed1n ch\u01b0a bao gi\u1edd b\u1eb1ng ph\u1eb3ng, l\u00e0 \u0111\u01b0\u1eddng c\u00f9ng hay l\u00e0 th\u1eed th\u00e1ch, ch\u1ec9 c\u00e1ch nhau b\u1edfi m\u1ed9t suy ngh\u0129 m\u00e0 th\u00f4i.<\/p>\n<p>Kh\u00f4ng \u00edt l\u1ea7n, ta t\u1ef1 ng\u01b0\u1edbc theo nh\u1eefng \u0111\u00e1m m\u00e2y tr\u00f4i tr\u00ean b\u1ea7u tr\u1eddi xanh th\u0103m th\u1eb3m v\u00e0 th\u1ea7m ng\u01b0\u1ee1ng m\u1ed9, \u01b0\u1edbc ao r\u1eb1ng: Gi\u00e1 nh\u01b0 cu\u1ed9c \u0111\u1eddi c\u0169ng nh\u1eb9 nh\u00e0ng, \u00eam \u0111\u1ec1m nh\u01b0 m\u00e2y, b\u00ecnh th\u1ea3n bay ngang qua tr\u1eddi.<\/p>\n<p>Kh\u00f4ng \u00edt l\u1ea7n, ta t\u1ef1 h\u1ecfi l\u00e0m sao \u0111\u1ec3 nh\u01b0 d\u00f2ng n\u01b0\u1edbc ch\u1ea3y, v\u1eabn t\u0129nh t\u1ea1i \u00eam \u0111\u1ec1m, l\u1ea1i v\u1eeba c\u00f3 th\u1ec3 m\u1ea1nh m\u1ebd, b\u1ec1n b\u1ec9.<\/p>\n<p>Kh\u00f4ng \u00edt l\u1ea7n, ta lu\u00f4n d\u1eb1n v\u1eb7t v\u00ec nh\u1eefng \u0111i\u1ec1u \u0111\u00e3 tr\u1ea3i qua, m\u01a1 h\u1ed3 v\u00ec nh\u1eefng \u0111i\u1ec1u ch\u01b0a \u0111\u1ebfn.<\/p>\n<p>Xin \u0111\u1eebng ch\u1ec9 nh\u00ecn r\u1ed3i ng\u01b0\u1ee1ng m\u1ed9 m\u00e2y tr\u00f4i, ao \u01b0\u1edbc nh\u01b0 n\u01b0\u1edbc ch\u1ea3y, m\u00e0 h\u00e3y h\u1ecdc c\u00e1ch s\u1ed1ng \u201cNh\u01b0 m\u00e2y b\u00ecnh th\u1ea3n, nh\u01b0 n\u01b0\u1edbc thong dong\u201d, \u1ea5y l\u00e0:<\/p>\n<p>&#8211; Cu\u1ed9c \u0111\u1eddi n\u00e0y \u0111\u00e2u c\u1ea7n \u0111ong \u0111\u1ebfm nh\u1eefng t\u1ed5n th\u01b0\u01a1ng, bi ai hay kh\u1eafc kho\u1ea3i. Nh\u00e2n gian n\u00e0y, m\u1ed7i ng\u01b0\u1eddi \u0111\u1ec1u c\u00f3 m\u1ed9t con \u0111\u01b0\u1eddng \u0111\u1ec3 l\u1ef1a ch\u1ecdn, \u0111\u1ec3 \u0111i. Tr\u00ean t\u1eebng b\u01b0\u1edbc ch\u00e2n qua \u0111\u1ec1u l\u00e0 th\u1eed th\u00e1ch, h\u00e3y c\u1ee9 b\u01b0\u1edbc ch\u1eadm r\u00e3i, nh\u01b0ng th\u1eadt v\u1eefng v\u00e0ng.<\/p>\n<p>&#8211; C\u00f3 ng\u01b0\u1eddi v\u00ec ph\u00f9 phi\u1ebfm m\u00e0 \u0111\u1ebfn b\u00ean ta, th\u00ec c\u0169ng s\u1ebd c\u00f3 k\u1ebb v\u00ec ph\u00f9 phi\u1ebfm b\u1ecf ta m\u00e0 \u0111i. V\u00ec th\u1ebf, n\u1ebfu th\u1ea5y n\u1eb7ng n\u1ec1 qu\u00e1, h\u00e3y nh\u1eb9 l\u00f2ng bu\u00f4ng b\u1ecf.<\/p>\n<p>&#8211; Tranh gi\u00e0nh thi\u1ec7t h\u01a1n ch\u1ec9 l\u00e0 c\u00e1i m\u1ebd b\u1ec1 ngo\u00e0i. H\u00e3y nh\u01b0 d\u00f2ng n\u01b0\u1edbc kia, kh\u00f4ng ph\u00e2n cao th\u1ea5p, kh\u00f4ng chia tr\u01b0\u1edbc sau, t\u1eeb t\u1eeb m\u00e0 ch\u1ea3y, t\u0129nh t\u1ea1i m\u00e0 tr\u00f4i.<\/p>\n<p>&#8211; S\u1eafc m\u00e2y thay \u0111\u1ed5i theo t\u1eebng gi\u1edd. C\u1ee9 l\u1ef1a \u0111\u1eddi m\u00e0 s\u1ed1ng, thi\u1ec7t m\u1ed9t ch\u00fat nh\u01b0ng kh\u00f4ng bon chen, m\u1ea5t m\u1ed9t ch\u00fat nh\u01b0ng \u0111\u01b0\u1ee3c thanh th\u1ea3n.<\/p>\n<p>N\u1ebfu kh\u00f4ng t\u1ef1 m\u00ecnh t\u00ecm \u0111\u01b0\u1ee3c b\u00ecnh an t\u1eeb b\u00ean trong, th\u00ec lo\u00e0i ng\u01b0\u1eddi n\u00e0y d\u00f9 c\u00f3 \u0111i th\u00eam h\u00e0ng thi\u00ean ni\u00ean k\u1ef7 n\u1eefa, v\u1eabn c\u1ee9 tr\u1ea7m lu\u00e2n, v\u1eabn c\u1ee9 \u0111au kh\u1ed5. Khi \u1ea5y, \u201cThanh Th\u1ea3n\u201d ch\u1ec9 c\u00f2n l\u00e0 m\u1ed9t t\u00ednh t\u1eeb, m\u1ed9t tr\u1ea1ng th\u00e1i trong cu\u1ed1n t\u1eeb \u0111i\u1ec3n m\u00e0 th\u00f4i.<\/p>\n<p>Bi\u1ec3n l\u1edbn tr\u00ean tr\u00e1i \u0111\u1ea5t n\u00e0y d\u00f9 sao v\u1eabn c\u00f3 k\u00edch th\u01b0\u1edbc gi\u1edbi h\u1ea1n, v\u1eady m\u00e0 c\u00f2n s\u1ee9c dung n\u1ea1p \u0111\u01b0\u1ee3c tr\u0103m ngh\u00ecn d\u00f2ng s\u00f4ng, v\u1ea1n ng\u00e0n con su\u1ed1i, d\u00f2ng th\u00e1c. Hu\u1ed1ng h\u1ed3 l\u00f2ng ng\u01b0\u1eddi tuy b\u00e9 nh\u1ecf nh\u01b0ng m\u00eanh m\u00f4ng v\u00f4 c\u00f9ng, h\u00e0 c\u1edb g\u00ec kh\u00f4ng th\u1ec3 b\u1ecf qua nh\u1eefng \u0111i\u1ec1u nh\u1ecf nh\u1eb7t, kh\u00f4ng bao dung, kh\u00f4ng khoan thai m\u00e0 s\u1ed1ng?!<\/p>\n<p>\u0110\u1eddi n\u00e0y \u0111\u00e2u c\u1ea7n ph\u1ee9c t\u1ea1p, ch\u1ec9 c\u1ea7n s\u1ed1ng nh\u01b0 n\u01b0\u1edbc ch\u1ea3y, nh\u01b0 m\u00e2y kia, nh\u1eb9 nh\u00e0ng \u0111i h\u1ebft m\u1ed9t ki\u1ebfp c\u01b0\u1eddi. D\u00f9 trong tay kh\u00f4ng c\u00f2n g\u00ec, th\u00ec ta v\u1eabn c\u00f2n n\u1ee5 c\u01b0\u1eddi hi\u1ec1n lu\u00f4n \u1ea9n gi\u1ea5u trong m\u1ed9t tr\u00e1i tim b\u00ecnh l\u1eb7ng.<\/p>\n","protected":false},"excerpt":{"rendered":"<p>Nh\u00e2n sinh nh\u01b0 ch\u00e9n n\u01b0\u1edbc, khi v\u01a1i l\u00fac \u0111\u1ea7y. Con \u0111\u01b0\u1eddng n\u00e0y v\u1ed1n ch\u01b0a bao gi\u1edd b\u1eb1ng ph\u1eb3ng, l\u00e0 \u0111\u01b0\u1eddng c\u00f9ng hay l\u00e0 th\u1eed th\u00e1ch, ch\u1ec9 c\u00e1ch nhau b\u1edfi m\u1ed9t suy ngh\u0129 m\u00e0 th\u00f4i.<\/p>\n<p>Kh\u00f4ng \u00edt l\u1ea7n, ta t\u1ef1 ng\u01b0\u1edbc theo nh\u1eefng \u0111\u00e1m m\u00e2y tr\u00f4i tr\u00ean b\u1ea7u tr\u1eddi xanh th\u0103m th\u1eb3m v\u00e0 th\u1ea7m ng\u01b0\u1ee1ng m\u1ed9, \u01b0\u1edbc ao r\u1eb1ng: Gi\u00e1 nh\u01b0 cu\u1ed9c \u0111\u1eddi c\u0169ng nh\u1eb9 nh\u00e0ng, \u00eam \u0111\u1ec1m nh\u01b0 m\u00e2y, b\u00ecnh th\u1ea3n bay ngang qua tr\u1eddi.<\/p>\n<p>Kh\u00f4ng \u00edt l\u1ea7n, ta t\u1ef1 h\u1ecfi l\u00e0m sao \u0111\u1ec3 nh\u01b0 d\u00f2ng n\u01b0\u1edbc ch\u1ea3y, v\u1eabn t\u0129nh t\u1ea1i \u00eam \u0111\u1ec1m, l\u1ea1i v\u1eeba c\u00f3 th\u1ec3 m\u1ea1nh m\u1ebd, b\u1ec1n b\u1ec9.<\/p>\n<p>Kh\u00f4ng \u00edt l\u1ea7n, ta lu\u00f4n d\u1eb1n v\u1eb7t v\u00ec nh\u1eefng \u0111i\u1ec1u \u0111\u00e3 tr\u1ea3i qua, m\u01a1 h\u1ed3 v\u00ec nh\u1eefng \u0111i\u1ec1u ch\u01b0a \u0111\u1ebfn.<\/p>\n<p>\u0110\u1eddi n\u00e0y \u0111\u00e2u c\u1ea7n ph\u1ee9c t\u1ea1p, ch\u1ec9 c\u1ea7n s\u1ed1ng nh\u01b0 n\u01b0\u1edbc ch\u1ea3y, nh\u01b0 m\u00e2y kia, nh\u1eb9 nh\u00e0ng \u0111i h\u1ebft m\u1ed9t ki\u1ebfp c\u01b0\u1eddi. D\u00f9 trong tay kh\u00f4ng c\u00f2n g\u00ec, th\u00ec ta v\u1eabn c\u00f2n n\u1ee5 c\u01b0\u1eddi hi\u1ec1n lu\u00f4n \u1ea9n gi\u1ea5u trong m\u1ed9t tr\u00e1i tim b\u00ecnh l\u1eb7ng.<\/p>\n","protected":false},"featured_media":9412,"template":"","meta":{"_acf_changed":false},"product_brand":[],"product_cat":[15,47,46],"product_tag":[],"class_list":{"0":"post-9424","1":"product","2":"type-product","3":"status-publish","4":"has-post-thumbnail","6":"product_cat-sach-danh-cho-nguoi-lon","7":"product_cat-truyen-ngan-tan-van","8":"product_cat-ky-nang-song","10":"first","11":"outofstock","12":"taxable","13":"shipping-taxable","14":"purchasable","15":"product-type-simple"},"supplier_id":null,"supplier_sku":"","barcode":null,"atum_controlled":true,"out_stock_date":"2021-06-09 22:15:32","out_stock_threshold":null,"inheritable":false,"inbound_stock":0,"stock_on_hold":0,"sold_today":0,"sales_last_days":0,"reserved_stock":0,"customer_returns":0,"warehouse_damage":0,"lost_in_post":0,"other_logs":0,"out_stock_days":1694,"lost_sales":0,"has_location":false,"update_date":"2026-01-28T23:10:43","atum_locations":[],"atum_stock_status":"outofstock","restock_status":false,"low_stock_amount":"","sales_update_date":"2026-01-28T23:10:43","calc_backorders":null,"acf":{"publisher":{"ID":1460,"post_author":"1","post_date":"2021-02-17 01:12:24","post_date_gmt":"2021-02-16 23:12:24","post_content":"<!-- wp:flatsome\/uxbuilder -->\n<h1 style=\"text-align: center;\"><strong>Skybooks<\/strong><\/h1>\n[row]\n\n[col span=\"7\" span__sm=\"12\"]\n\n<p>C\u00f4ng ty ph\u00e1t h\u00e0nh s\u00e1ch Skybooks. \"T\u00f4i tr\u1ebb, t\u00f4i \u0111am m\u00ea\" v\u1edbi s\u1ee9 m\u1ec7nh lan to\u1ea3 c\u1ea3m x\u00fac v\u00e0 k\u1ebft n\u1ed1i t\u00e2m h\u1ed3n<\/p>\n<p><strong>Skybooks l\u00e0 c\u00e2u chuy\u1ec7n k\u1ec3 v\u1ec1:<\/strong><br \/>M\u1ed9t th\u1ebf h\u1ec7 ng\u01b0\u1eddi vi\u1ebft tr\u1ebb, \u0111am m\u00ea v\u0103n ch\u01b0\u01a1ng v\u00e0 t\u00f4n tr\u1ecdng, g\u00ecn gi\u1eef, s\u00e1ng t\u1ea1o Ti\u1ebfng Vi\u1ec7t. M\u1ed9t th\u1ebf h\u1ec7 \u0111\u1ed9c gi\u1ea3 tr\u1ebb, \u0111am m\u00ea kh\u00e1m ph\u00e1 ng\u00f4n ng\u1eef v\u00e0 say m\u00ea \u0111\u1ebfn v\u1edbi th\u1ebf gi\u1edbi c\u1ee7a nh\u1eefng quy\u1ec3n s\u00e1ch. M\u1ed9t th\u1ebf h\u1ec7 ng\u01b0\u1eddi l\u00e0m s\u00e1ch tr\u1ebb, \u0111am m\u00ea mang nh\u1eefng gi\u00e1 tr\u1ecb tinh th\u1ea7n l\u1ea1i g\u1ea7n ng\u01b0\u1eddi \u0111\u1ecdc.<br \/>Trong b\u1ed9 nh\u1eadn d\u1ea1ng th\u01b0\u01a1ng hi\u1ec7u:<br \/>Skybooks v\u1edbi ch\u1eef Sky m\u00e0u xanh da tr\u1eddi c\u00f3 \u00fd ngh\u0129a l\u00e0 c\u00f4ng ty B\u1ea7u Tr\u1eddi - n\u01a1i t\u1ea5t c\u1ea3 \u01b0\u1edbc m\u01a1 \u0111\u01b0\u1ee3c t\u1ef1 do tung c\u00e1nh.<br \/>V\u1edbi logo h\u00ecnh hoa b\u1ed3 c\u00f4ng anh \u0111ang bay t\u01b0\u1ee3ng tr\u01b0ng cho s\u1ef1 lan to\u1ea3 c\u1ea3m x\u00fac v\u00e0 kh\u00e1t v\u1ecdng bay cao.<br \/>K\u1ebb v\u1ea1ch logo c\u00f3 n\u1ec1n m\u00e0u ghi x\u00e1m xu\u1ea5t hi\u1ec7n tr\u00ean b\u00eca m\u1ecdi \u1ea5n ph\u1ea9m th\u1ec3 hi\u1ec7n con \u0111\u01b0\u1eddng b\u01b0\u1edbc v\u00e0o th\u1ecb tr\u01b0\u1eddng s\u00e1ch v\u00e0 chinh ph\u1ee5c \u0111\u1ed9c gi\u1ea3 l\u00e0 m\u1ed9t h\u00e0nh tr\u00ecnh d\u00e0i, \u0111\u1ea7y gian kh\u00f3, c\u00f3 nhi\u1ec1u b\u00e3o t\u1ed1, nh\u01b0ng ch\u1ec9 c\u1ea7n n\u1ed7 l\u1ef1c c\u1ed1 g\u1eafng nh\u1ea5t \u0111\u1ecbnh s\u1ebd ngo\u1ea1n m\u1ee5c v\u01b0\u1ee3t qua. \u0110\u1ec3 kh\u1eb3ng \u0111\u1ecbnh v\u00e0 ch\u1ee9ng minh ch\u00ednh m\u00ecnh!<\/p>\n\n[\/col]\n[col span=\"5\" span__sm=\"12\"]\n\n[ux_image id=\"1825\" image_size=\"medium\"]\n\n\n[\/col]\n\n[\/row]\n\n<!-- \/wp:flatsome\/uxbuilder -->","post_title":"Skybooks","post_excerpt":"","post_status":"publish","comment_status":"closed","ping_status":"closed","post_password":"","post_name":"skybooks","to_ping":"","pinged":"","post_modified":"2021-02-17 01:57:31","post_modified_gmt":"2021-02-16 23:57:31","post_content_filtered":"","post_parent":0,"guid":"https:\/\/sachviet.eu\/nha-phat-hanh\/skybooks\/","menu_order":0,"post_type":"publisher","post_mime_type":"","comment_count":"0","filter":"raw"}},"_links":{"self":[{"href":"https:\/\/sachviet.eu\/en\/wp-json\/wp\/v2\/product\/9424","targetHints":{"allow":["GET"]}}],"collection":[{"href":"https:\/\/sachviet.eu\/en\/wp-json\/wp\/v2\/product"}],"about":[{"href":"https:\/\/sachviet.eu\/en\/wp-json\/wp\/v2\/types\/product"}],"wp:featuredmedia":[{"embeddable":true,"href":"https:\/\/sachviet.eu\/en\/wp-json\/wp\/v2\/media\/9412"}],"wp:attachment":[{"href":"https:\/\/sachviet.eu\/en\/wp-json\/wp\/v2\/media?parent=9424"}],"wp:term":[{"taxonomy":"product_brand","embeddable":true,"href":"https:\/\/sachviet.eu\/en\/wp-json\/wp\/v2\/product_brand?post=9424"},{"taxonomy":"product_cat","embeddable":true,"href":"https:\/\/sachviet.eu\/en\/wp-json\/wp\/v2\/product_cat?post=9424"},{"taxonomy":"product_tag","embeddable":true,"href":"https:\/\/sachviet.eu\/en\/wp-json\/wp\/v2\/product_tag?post=9424"}],"curies":[{"name":"wp","href":"https:\/\/api.w.org\/{rel}","templated":true}]}}