{"id":9411,"date":"2021-06-02T01:09:10","date_gmt":"2021-06-01T22:09:10","guid":{"rendered":"https:\/\/sachviet.eu\/shop\/bay-buoc-toi-mua-he-tai-ban-2019\/"},"modified":"2021-06-23T21:17:55","modified_gmt":"2021-06-23T18:17:55","slug":"bay-buoc-toi-mua-he-tai-ban-2019","status":"publish","type":"product","link":"https:\/\/sachviet.eu\/en\/shop\/bay-buoc-toi-mua-he-tai-ban-2019\/","title":{"rendered":"B\u1ea3y B\u01b0\u1edbc T\u1edbi M\u00f9a H\u00e8 (T\u00e1i B\u1ea3n 2019)"},"content":{"rendered":"<p>C\u00e2u chuy\u1ec7n v\u1ec1 m\u1ed9t m\u00f9a h\u00e8 ng\u1ecdt ng\u00e0o, nh\u1eefng tr\u00f2 ch\u01a1i ngh\u1ecbch ng\u1ee3m v\u00e0 b\u00e2ng khu\u00e2ng t\u00ecnh c\u1ea3m tu\u1ed5i m\u1edbi l\u1edbn. Ch\u1ec9 v\u1eady th\u00f4i nh\u01b0ng ch\u1ee9ng t\u1ecf t\u00e1c gi\u1ea3 \u0111\u00fang l\u00e0 nh\u00e0 k\u1ec3 chuy\u1ec7n h\u00f3m h\u1ec9nh, khi\u1ebfn \u0111\u1ecdc cu\u1ed1n h\u00fat t\u1eeb t\u1ef1a \u0111\u1ebfn trang cu\u1ed1i c\u00f9ng, c\u00f3 l\u1ebd ch\u00ednh v\u00ec gi\u1ecdng v\u0103n gi\u1ea3n d\u1ecb v\u00e0 trong tr\u1ebbo c\u1ee7a Nguy\u1ec5n Nh\u1eadt \u00c1nh, v\u00e0 k\u1ebft th\u00fac th\u00ec c\u00f3 h\u1eadu \u0111\u1ea7y thuy\u1ebft ph\u1ee5c. C\u00e2u chuy\u1ec7n cho tu\u1ed5i h\u1ecdc tr\u00f2, \u0111\u1ecdc xong l\u00e0 th\u1ea5y ng\u1eadp l\u00ean khao kh\u00e1t quay v\u1ec1 m\u1ed9t th\u1eddi th\u01a1 b\u00e9, v\u1edbi t\u00ecnh th\u1ea7y tr\u00f2, b\u00e8 b\u1ea1n, t\u00ecnh x\u00f3m gi\u1ec1ng, h\u1ecd h\u00e0ng, qua c\u00e1ch nh\u00ecn \u0111\u1eddi nh\u1eb9 nh\u00f5m, r\u1ed9ng l\u01b0\u1ee3ng.<\/p>\n<p>Cu\u1ed1n s\u00e1ch n\u00e0y nh\u00e0 v\u0103n \u0111\u1ec1 t\u1eb7ng \u201cNh\u1eefng n\u0103m th\u00e1ng \u1ea5u th\u01a1\u201d, t\u1eb7ng c\u00e1c b\u1ea1n th\u1eddi nh\u1ecf, c\u0169ng l\u00e0 t\u1eb7ng b\u1ea1n \u0111\u1ecdc th\u00e2n thi\u1ebft c\u1ee7a m\u00ecnh.<\/p>\n","protected":false},"excerpt":{"rendered":"<p>C\u00e2u chuy\u1ec7n v\u1ec1 m\u1ed9t m\u00f9a h\u00e8 ng\u1ecdt ng\u00e0o, nh\u1eefng tr\u00f2 ch\u01a1i ngh\u1ecbch ng\u1ee3m v\u00e0 b\u00e2ng khu\u00e2ng t\u00ecnh c\u1ea3m tu\u1ed5i m\u1edbi l\u1edbn. Ch\u1ec9 v\u1eady th\u00f4i nh\u01b0ng ch\u1ee9ng t\u1ecf t\u00e1c gi\u1ea3 \u0111\u00fang l\u00e0 nh\u00e0 k\u1ec3 chuy\u1ec7n h\u00f3m h\u1ec9nh, khi\u1ebfn \u0111\u1ecdc cu\u1ed1n h\u00fat t\u1eeb t\u1ef1a \u0111\u1ebfn trang cu\u1ed1i c\u00f9ng, c\u00f3 l\u1ebd ch\u00ednh v\u00ec gi\u1ecdng v\u0103n gi\u1ea3n d\u1ecb v\u00e0 trong tr\u1ebbo c\u1ee7a Nguy\u1ec5n Nh\u1eadt \u00c1nh, v\u00e0 k\u1ebft th\u00fac th\u00ec c\u00f3 h\u1eadu \u0111\u1ea7y thuy\u1ebft ph\u1ee5c. C\u00e2u chuy\u1ec7n cho tu\u1ed5i h\u1ecdc tr\u00f2, \u0111\u1ecdc xong l\u00e0 th\u1ea5y ng\u1eadp l\u00ean khao kh\u00e1t quay v\u1ec1 m\u1ed9t th\u1eddi th\u01a1 b\u00e9, v\u1edbi t\u00ecnh th\u1ea7y tr\u00f2, b\u00e8 b\u1ea1n, t\u00ecnh x\u00f3m gi\u1ec1ng, h\u1ecd h\u00e0ng, qua c\u00e1ch nh\u00ecn \u0111\u1eddi nh\u1eb9 nh\u00f5m, r\u1ed9ng l\u01b0\u1ee3ng.<\/p>\n<p>Cu\u1ed1n s\u00e1ch n\u00e0y nh\u00e0 v\u0103n \u0111\u1ec1 t\u1eb7ng \u201cNh\u1eefng n\u0103m th\u00e1ng \u1ea5u th\u01a1\u201d, t\u1eb7ng c\u00e1c b\u1ea1n th\u1eddi nh\u1ecf, c\u0169ng l\u00e0 t\u1eb7ng b\u1ea1n \u0111\u1ecdc th\u00e2n thi\u1ebft c\u1ee7a m\u00ecnh.<\/p>\n","protected":false},"featured_media":9402,"template":"","meta":{"_acf_changed":false},"product_brand":[],"product_cat":[15,45],"product_tag":[],"class_list":{"0":"post-9411","1":"product","2":"type-product","3":"status-publish","4":"has-post-thumbnail","6":"product_cat-sach-danh-cho-nguoi-lon","7":"product_cat-tieu-thuyet","9":"first","10":"outofstock","11":"taxable","12":"shipping-taxable","13":"purchasable","14":"product-type-simple"},"supplier_id":null,"supplier_sku":"","barcode":null,"atum_controlled":true,"out_stock_date":"2021-06-23 18:17:55","out_stock_threshold":null,"inheritable":false,"inbound_stock":0,"stock_on_hold":0,"sold_today":0,"sales_last_days":0,"reserved_stock":0,"customer_returns":0,"warehouse_damage":0,"lost_in_post":0,"other_logs":0,"out_stock_days":1680,"lost_sales":0,"has_location":false,"update_date":"2026-01-28T23:10:43","atum_locations":[],"atum_stock_status":"outofstock","restock_status":false,"low_stock_amount":"","sales_update_date":"2026-01-28T23:10:43","calc_backorders":null,"acf":{"publisher":{"ID":1517,"post_author":"1","post_date":"2021-02-17 01:14:41","post_date_gmt":"2021-02-16 23:14:41","post_content":"","post_title":"NXB Tr\u1ebb","post_excerpt":"","post_status":"publish","comment_status":"closed","ping_status":"closed","post_password":"","post_name":"nxb-tre","to_ping":"","pinged":"","post_modified":"2021-02-17 01:14:41","post_modified_gmt":"2021-02-16 23:14:41","post_content_filtered":"","post_parent":0,"guid":"https:\/\/sachviet.eu\/nha-phat-hanh\/nxb-tre\/","menu_order":0,"post_type":"publisher","post_mime_type":"","comment_count":"0","filter":"raw"}},"_links":{"self":[{"href":"https:\/\/sachviet.eu\/en\/wp-json\/wp\/v2\/product\/9411","targetHints":{"allow":["GET"]}}],"collection":[{"href":"https:\/\/sachviet.eu\/en\/wp-json\/wp\/v2\/product"}],"about":[{"href":"https:\/\/sachviet.eu\/en\/wp-json\/wp\/v2\/types\/product"}],"wp:featuredmedia":[{"embeddable":true,"href":"https:\/\/sachviet.eu\/en\/wp-json\/wp\/v2\/media\/9402"}],"wp:attachment":[{"href":"https:\/\/sachviet.eu\/en\/wp-json\/wp\/v2\/media?parent=9411"}],"wp:term":[{"taxonomy":"product_brand","embeddable":true,"href":"https:\/\/sachviet.eu\/en\/wp-json\/wp\/v2\/product_brand?post=9411"},{"taxonomy":"product_cat","embeddable":true,"href":"https:\/\/sachviet.eu\/en\/wp-json\/wp\/v2\/product_cat?post=9411"},{"taxonomy":"product_tag","embeddable":true,"href":"https:\/\/sachviet.eu\/en\/wp-json\/wp\/v2\/product_tag?post=9411"}],"curies":[{"name":"wp","href":"https:\/\/api.w.org\/{rel}","templated":true}]}}