{"id":9401,"date":"2021-06-02T01:08:32","date_gmt":"2021-06-01T22:08:32","guid":{"rendered":"https:\/\/sachviet.eu\/shop\/lo-chung-ta-fa-ca-doi-thi-sao-tai-ban-2019\/"},"modified":"2021-06-10T01:15:32","modified_gmt":"2021-06-09T22:15:32","slug":"lo-chung-ta-fa-ca-doi-thi-sao-tai-ban-2019","status":"publish","type":"product","link":"https:\/\/sachviet.eu\/en\/shop\/lo-chung-ta-fa-ca-doi-thi-sao-tai-ban-2019\/","title":{"rendered":"L\u1ee1 Ch\u00fang Ta Fa C\u1ea3 \u0110\u1eddi Th\u00ec Sao (T\u00e1i B\u1ea3n 2019)"},"content":{"rendered":"<p>L\u1ee1 ch\u00fang ta FA c\u1ea3 \u0111\u1eddi th\u00ec sao \u2013 Cu\u1ed1n s\u00e1ch vi\u1ebft v\u1ec1 n\u1ed7i l\u00f2ng c\u1ee7a nh\u1eefng k\u1ebb \u0111\u1ed9c th\u00e2n kh\u00f4ng c\u00f4 \u0111\u01a1n.<\/p>\n<p>Cu\u1ed1n s\u00e1ch  gi\u00fap b\u1ea1n nh\u00ecn th\u1ea5u c\u1ea3 \u1ea5m \u00e1p v\u00e0 l\u1ea1nh l\u1ebdo c\u1ee7a th\u1ebf gi\u1edbi n\u00e0y.<\/p>\n<p> \u201c C\u00f3 ai trong ch\u00fang ta t\u1eebng ngh\u0129  c\u00f3 th\u1ec3 m\u00ecnh s\u1ebd FA su\u1ed1t m\u1ed9t \u0111\u1eddi hay ch\u01b0a?\u201d<\/p>\n<p>B\u1ea1n \u0111\u00e3 r\u1ea5t l\u00e2u r\u1ed3i kh\u00f4ng y\u00eau, c\u00f3 l\u00fac nghi ng\u1edd li\u1ec7u m\u00ecnh c\u00f2n kh\u1ea3 n\u0103ng y\u00eau ai hay kh\u00f4ng?<\/p>\n<p>C\u00f3 l\u00fac b\u1ea1n hy v\u1ecdng b\u1ea3n th\u00e2n b\u1ea1c t\u00ecnh m\u1ed9t ch\u00fat, nh\u01b0 th\u1ebf s\u1ebd kh\u00f4ng s\u1ee3 gi\u00e2y ph\u00fat ch\u1ec9 c\u00f2n l\u1ea1i m\u1ed9t m\u00ecnh c\u00f4 \u0111\u1ed9c.<\/p>\n<p>Ba th\u00e1ng tr\u01b0\u1edbc, b\u1ea1n v\u1eabn c\u00f3 \u0111\u00f4i, v\u1eady m\u00e0 h\u00f4m nay  \u0111\u00e2y ch\u1ec9 c\u00f3 m\u00ecnh b\u1ea1n.<\/p>\n<p>T\u1ea5t c\u1ea3 nh\u1eefng ai c\u00f4 \u0111\u01a1n, kh\u00f4ng vui, m\u1ea5t ng\u1ee7, hoan ngh\u00eanh c\u00e1c b\u1ea1n l\u1eadt gi\u1edf nh\u1eefng trang trong cu\u1ed1n s\u00e1ch n\u00e0y b\u1edfi \u1edf \u0111\u00e2y c\u00f3 nh\u1eefng c\u00e2u chuy\u1ec7n d\u00e0nh cho:<\/p>\n<p>Cho nh\u1eefng ai \u0111\u00e3 \u0111i qua \u0111\u1ed5 v\u1ee1<\/p>\n<p>Cho nh\u1eefng ng\u00e0y c\u00f4 \u0111\u01a1n c\u00f9ng c\u1ef1c, bu\u1ed3n b\u00e3 c\u00f9ng c\u1ef1c<\/p>\n<p>Cho nh\u1eefng ng\u00e0y c\u00f4 \u0111\u1ed9c, nh\u00ecn quanh th\u1ebf gi\u1edbi to l\u00e0 th\u1ebf r\u1ed9ng l\u00e0 th\u1ebf m\u00e0 ch\u1ec9 c\u00f3 duy nh\u1ea5t b\u1ea1n \u00f4m l\u1ea5y vai g\u1ea7y<\/p>\n<p>Cho nh\u1eefng ng\u00e0y ch\u00fang ta b\u1ecb t\u1ed5n th\u01b0\u01a1ng, \u0111au \u0111\u1edbn t\u01b0\u1edfng ch\u1ebft.<\/p>\n<p>Nh\u01b0ng nh\u01b0 v\u1eady th\u00ec \u0111\u00e3 sao? Con ng\u01b0\u1eddi \u1ea5y m\u00e0, c\u00f3 g\u1eb7p s\u1ebd c\u00f3 tan, t\u1ea5t c\u1ea3 nh\u1eefng \u0111i\u1ec1u \u1edf tr\u01b0\u1edbc m\u1eaft ch\u00fang ta \u0111\u1ec1u l\u00e0 qu\u00e1 kh\u1ee9, ch\u00fang ta l\u00fac n\u00e0o c\u0169ng \u0111ang kh\u00f4ng ng\u1eebng gi\u00e3 bi\u1ec7t qu\u00e1 kh\u1ee9. Th\u1ee9 ch\u00fang ta c\u00f3 \u0111\u01b0\u1ee3c l\u00e0 may m\u1eafn, th\u1ee9 ch\u00fang ta \u0111\u00e1nh m\u1ea5t l\u00e0 cu\u1ed9c \u0111\u1eddi.<\/p>\n<p>\u201cFA th\u00ec sao?<\/p>\n<p>Th\u00ec ch\u1eb3ng sao, ch\u00fang ta c\u1ea7n ph\u1ea3i s\u1ed1ng  tr\u1ecdn v\u1eb9n v\u1edbi c\u1ea3m x\u00fac c\u1ee7a m\u00ecnh h\u01a1n. Kh\u00f4ng ph\u1ea3i lo ngh\u0129 qu\u00e1 nhi\u1ec1u \u0111\u1ebfn c\u1ea3m x\u00fac c\u1ee7a ng\u01b0\u1eddi kh\u00e1c.<\/p>\n<p>L\u00e0m \u0111i\u1ec1u m\u00ecnh th\u00edch, \u0103n m\u00f3n m\u00ecnh y\u00eau, g\u1eb7p v\u00e0i ng\u01b0\u1eddi quen. L\u00e0m t\u1ea5t c\u1ea3 nh\u1eefng th\u1ee9 m\u00ecnh kh\u00f4ng th\u1ec3 l\u00e0m tr\u01b0\u1edbc \u0111\u00e2y. D\u00e1m l\u00e0m, d\u00e1m m\u1ea1o hi\u1ec3m h\u01a1n v\u00ec kh\u00f4ng ph\u1ea3i ngh\u0129 qu\u00e1 nhi\u1ec1u.<\/p>\n<p>Tr\u01b0\u1edfng th\u00e0nh h\u01a1n trong c\u1ea3m x\u00fac, nh\u1eb9 nh\u00e0ng v\u00e0 d\u1ecbu d\u00e0ng h\u01a1n trong cu\u1ed9c s\u1ed1ng.<\/p>\n<p>Cho m\u00ecnh nh\u1eefng c\u01a1 h\u1ed9i m\u1edbi, ni\u1ec1m th\u01b0\u01a1ng m\u1edbi \u0111\u1ec3 l\u1ef1a ch\u1ecdn th\u1eadt k\u1ef9 m\u1ed9t l\u1ea7n. \u0110\u1eebng \u0111i qua nh\u1eefng v\u1ebft ch\u00e2n th\u1eddi gian \u0111\u00e3 c\u0169.<\/p>\n<p>\u201cL\u1ee1 nh\u01b0 ch\u00fang ta \u0111\u1ed9c th\u00e2n c\u1ea3 \u0111\u1eddi, tr\u00ean b\u1ea7u tr\u1eddi kh\u00f4ng c\u00f2n sao s\u00e1ng, gi\u1eefa m\u00e2y m\u00f9 kh\u00f4ng c\u00f2n nh\u1eefng h\u1ea1t m\u01b0a. Nh\u01b0ng trong th\u1ebf gi\u1edbi b\u1ea1c b\u1ebdo n\u00e0y, b\u1ea1n c\u00f2n c\u00f3 t\u00f4i, lu\u00f4n m\u1edf r\u1ed9ng v\u00f2ng tay \u00f4m b\u1ea1n v\u00e0o l\u00f2ng\u2026\u201d<\/p>\n<p>Th\u1eadt ra ch\u00fang ta v\u1eabn ng\u00e0y ng\u00e0y m\u1ea3i mi\u1ebft \u0111i t\u00ecm nh\u1eefng d\u1ecbu d\u00e0ng gi\u1eefa b\u1ed9n b\u1ec1 cu\u1ed9c s\u1ed1ng, cu\u1ed1n s\u00e1ch n\u00e0y l\u00e0 t\u1ea5t c\u1ea3 \u1ea5m \u00e1m m\u00f9a \u0110\u00f4ng n\u00e0y d\u00e0nh cho b\u1ea1n. H\u00e3y \u0111\u1ecdc cu\u1ed1n s\u00e1ch n\u00e0y n\u1ebfu b\u1ea1n \u0111ang trong tr\u1ea1ng th\u00e1i ch\u00e1n ch\u01b0\u1eddng v\u1ec1 t\u1ea5t c\u1ea3 b\u1edfi n\u00f3 s\u1ebd ti\u1ebfp th\u00eam cho b\u1ea1n th\u1eadt nhi\u1ec1u n\u0103ng l\u01b0\u1ee3ng t\u01b0\u01a1i m\u1edbi \u0111\u1ec3 s\u1ed1ng m\u1ed9t cu\u1ed9c \u0111\u1eddi th\u00fa v\u1ecb h\u01a1n \u0111\u00f3 !<\/p>\n","protected":false},"excerpt":{"rendered":"<p>L\u1ee1 ch\u00fang ta FA c\u1ea3 \u0111\u1eddi th\u00ec sao \u2013 Cu\u1ed1n s\u00e1ch vi\u1ebft v\u1ec1 n\u1ed7i l\u00f2ng c\u1ee7a nh\u1eefng k\u1ebb \u0111\u1ed9c th\u00e2n kh\u00f4ng c\u00f4 \u0111\u01a1n.<\/p>\n<p>Cu\u1ed1n s\u00e1ch  gi\u00fap b\u1ea1n nh\u00ecn th\u1ea5u c\u1ea3 \u1ea5m \u00e1p v\u00e0 l\u1ea1nh l\u1ebdo c\u1ee7a th\u1ebf gi\u1edbi n\u00e0y.<\/p>\n<p> \u201c C\u00f3 ai trong ch\u00fang ta t\u1eebng ngh\u0129  c\u00f3 th\u1ec3 m\u00ecnh s\u1ebd FA su\u1ed1t m\u1ed9t \u0111\u1eddi hay ch\u01b0a?\u201d<\/p>\n<p>B\u1ea1n \u0111\u00e3 r\u1ea5t l\u00e2u r\u1ed3i kh\u00f4ng y\u00eau, c\u00f3 l\u00fac nghi ng\u1edd li\u1ec7u m\u00ecnh c\u00f2n kh\u1ea3 n\u0103ng y\u00eau ai hay kh\u00f4ng?<\/p>\n<p>C\u00f3 l\u00fac b\u1ea1n hy v\u1ecdng b\u1ea3n th\u00e2n b\u1ea1c t\u00ecnh m\u1ed9t ch\u00fat, nh\u01b0 th\u1ebf s\u1ebd kh\u00f4ng s\u1ee3 gi\u00e2y ph\u00fat ch\u1ec9 c\u00f2n l\u1ea1i m\u1ed9t m\u00ecnh c\u00f4 \u0111\u1ed9c.<\/p>\n<p>Ba th\u00e1ng tr\u01b0\u1edbc, b\u1ea1n v\u1eabn c\u00f3 \u0111\u00f4i, v\u1eady m\u00e0 h\u00f4m nay  \u0111\u00e2y ch\u1ec9 c\u00f3 m\u00ecnh b\u1ea1n.<\/p>\n<p>T\u1ea5t c\u1ea3 nh\u1eefng ai c\u00f4 \u0111\u01a1n, kh\u00f4ng vui, m\u1ea5t ng\u1ee7, hoan ngh\u00eanh c\u00e1c b\u1ea1n l\u1eadt gi\u1edf nh\u1eefng trang trong cu\u1ed1n s\u00e1ch n\u00e0y b\u1edfi \u1edf \u0111\u00e2y c\u00f3 nh\u1eefng c\u00e2u chuy\u1ec7n d\u00e0nh cho:<\/p>\n<p>Cho nh\u1eefng ai \u0111\u00e3 \u0111i qua \u0111\u1ed5 v\u1ee1<\/p>\n<p>Cho nh\u1eefng ng\u00e0y c\u00f4 \u0111\u01a1n c\u00f9ng c\u1ef1c, bu\u1ed3n b\u00e3 c\u00f9ng c\u1ef1c<\/p>\n<p>Cho nh\u1eefng ng\u00e0y c\u00f4 \u0111\u1ed9c, nh\u00ecn quanh th\u1ebf gi\u1edbi to l\u00e0 th\u1ebf r\u1ed9ng l\u00e0 th\u1ebf m\u00e0 ch\u1ec9 c\u00f3 duy nh\u1ea5t b\u1ea1n \u00f4m l\u1ea5y vai g\u1ea7y<\/p>\n<p>Cho nh\u1eefng ng\u00e0y ch\u00fang ta b\u1ecb t\u1ed5n th\u01b0\u01a1ng, \u0111au \u0111\u1edbn t\u01b0\u1edfng ch\u1ebft.<\/p>\n<p>Nh\u01b0ng nh\u01b0 v\u1eady th\u00ec \u0111\u00e3 sao? Con ng\u01b0\u1eddi \u1ea5y m\u00e0, c\u00f3 g\u1eb7p s\u1ebd c\u00f3 tan, t\u1ea5t c\u1ea3 nh\u1eefng \u0111i\u1ec1u \u1edf tr\u01b0\u1edbc m\u1eaft ch\u00fang ta \u0111\u1ec1u l\u00e0 qu\u00e1 kh\u1ee9, ch\u00fang ta l\u00fac n\u00e0o c\u0169ng \u0111ang kh\u00f4ng ng\u1eebng gi\u00e3 bi\u1ec7t qu\u00e1 kh\u1ee9. Th\u1ee9 ch\u00fang ta c\u00f3 \u0111\u01b0\u1ee3c l\u00e0 may m\u1eafn, th\u1ee9 ch\u00fang ta \u0111\u00e1nh m\u1ea5t l\u00e0 cu\u1ed9c \u0111\u1eddi.<\/p>\n","protected":false},"featured_media":9389,"template":"","meta":{"_acf_changed":false},"product_brand":[],"product_cat":[15,46],"product_tag":[],"class_list":{"0":"post-9401","1":"product","2":"type-product","3":"status-publish","4":"has-post-thumbnail","6":"product_cat-sach-danh-cho-nguoi-lon","7":"product_cat-ky-nang-song","9":"first","10":"outofstock","11":"taxable","12":"shipping-taxable","13":"purchasable","14":"product-type-simple"},"supplier_id":null,"supplier_sku":"","barcode":null,"atum_controlled":true,"out_stock_date":"2021-06-09 22:15:32","out_stock_threshold":null,"inheritable":false,"inbound_stock":0,"stock_on_hold":0,"sold_today":0,"sales_last_days":0,"reserved_stock":0,"customer_returns":0,"warehouse_damage":0,"lost_in_post":0,"other_logs":0,"out_stock_days":1694,"lost_sales":0,"has_location":false,"update_date":"2026-01-28T23:10:43","atum_locations":[],"atum_stock_status":"outofstock","restock_status":false,"low_stock_amount":"","sales_update_date":"2026-01-28T23:10:43","calc_backorders":null,"acf":{"publisher":{"ID":1785,"post_author":"1","post_date":"2021-02-17 01:54:46","post_date_gmt":"2021-02-16 23:54:46","post_content":"<!-- wp:flatsome\/uxbuilder -->\n<h1 style=\"text-align: center;\"><strong>AZ VIETNAM<\/strong><\/h1>\n[row]\n\n[col span=\"8\" span__sm=\"12\"]\n\n<p>Th\u00e0nh l\u1eadp n\u0103m: 2015<br \/>V\u1ed1n \u0111\u1ea7u t\u01b0: 4,000,000,000 \u0111\u1ed3ng<br \/><strong>L\u0129nh v\u1ef1c:<\/strong><br \/>- Xu\u1ea5t b\u1ea3n v\u00e0 ph\u00e1t h\u00e0nh v\u0103n h\u00f3a ph\u1ea9m<br \/>- Cung c\u1ea5p v\u0103n h\u00f3a ph\u1ea9m, c\u00e1c s\u1ea3n ph\u1ea9m cho in \u1ea5n, trang thi\u1ebft b\u1ecb cho c\u00e1c th\u01b0 vi\u1ec7n v\u00e0 trung t\u00e2m s\u00e1ch tr\u00ean c\u1ea3 n\u01b0\u1edbc.<br \/>- Th\u1eddi trang v\u00e0 c\u00e1c s\u1ea3n ph\u1ea9m li\u00ean quan \u0111\u1ebfn l\u0129nh v\u1ef1c th\u1eddi trang<br \/>- Xu\u1ea5t nh\u1eadp kh\u1ea9u c\u00e1c s\u1ea3n ph\u1ea9m v\u0103n h\u00f3a<\/p>\n<p><strong>Quy m\u00f4:<\/strong> 60 nh\u00e2n vi\u00ean<br \/>Kh\u1edfi ngu\u1ed3n c\u1ee7a AZ Vi\u1ec7t Nam ng\u00e0y nay l\u00e0 C\u00f4ng ty TNHH Trung t\u00e2m S\u00e1ch v\u00e0 Thi\u1ebft b\u1ecb Th\u01b0 vi\u1ec7n, v\u1edbi ho\u1ea1t \u0111\u1ed9ng \u0111\u1ea7u ti\u00ean l\u00e0 cung c\u1ea5p s\u00e1ch, trang thi\u1ebft b\u1ecb, v\u0103n h\u00f3a ph\u1ea9m cho c\u00e1c th\u01b0 vi\u1ec7n v\u00e0 trung t\u00e2m s\u00e1ch tr\u00ean c\u1ea3 n\u01b0\u1edbc. T\u1eeb cu\u1ed1i n\u0103m 2010 \u0111\u1ebfn nay, ch\u00fang t\u00f4i \u0111\u00e3 kh\u00f4ng ng\u1eebng n\u1ed7 l\u1ef1c khai ph\u00e1 v\u00e0 ph\u00e1t tri\u1ec3n c\u00e1c d\u00f2ng s\u1ea3n ph\u1ea9m m\u1edbi v\u1edbi 8 th\u01b0\u01a1ng hi\u1ec7u uy t\u00edn. \u0110\u1ec3 \u0111\u00e1p \u1ee9ng nhu c\u1ea7u ph\u00e1t tri\u1ec3n ng\u00e0y m\u1ed9t l\u1edbn m\u1ea1nh v\u00e0 t\u1eadp h\u1ee3p c\u00e1c th\u01b0\u01a1ng hi\u1ec7u \u0111\u00e3 \u0111\u01b0\u1ee3c ch\u00fang t\u00f4i x\u00e2y d\u1ef1ng, 2015 C\u00f4ng ty TNHH AZ Vi\u1ec7t Nam \u0111\u00e3 ra \u0111\u1eddi v\u1edbi s\u1ee9 m\u1ec7nh mang \u0111\u1ebfn nhi\u1ec1u h\u01a1n n\u1eefa nh\u1eefng gi\u00e1 tr\u1ecb tinh th\u1ea7n, tri th\u1ee9c ti\u00ean ti\u1ebfn cho ng\u01b0\u1eddi ti\u00eau d\u00f9ng b\u1eb1ng vi\u1ec7c cung c\u1ea5p nh\u1eefng s\u1ea3n ph\u1ea9m c\u00f3 ch\u1ea5t l\u01b0\u1ee3ng.<\/p>\n\n[\/col]\n[col span=\"4\" span__sm=\"12\"]\n\n[ux_image id=\"1836\" image_size=\"medium\"]\n\n\n[\/col]\n\n[\/row]\n\n<!-- \/wp:flatsome\/uxbuilder -->","post_title":"AZ Vi\u1ec7t Nam","post_excerpt":"","post_status":"publish","comment_status":"closed","ping_status":"closed","post_password":"","post_name":"az-viet-nam","to_ping":"","pinged":"","post_modified":"2021-02-17 22:07:10","post_modified_gmt":"2021-02-17 20:07:10","post_content_filtered":"","post_parent":0,"guid":"https:\/\/sachviet.eu\/nha-phat-hanh\/az-viet-nam\/","menu_order":0,"post_type":"publisher","post_mime_type":"","comment_count":"0","filter":"raw"}},"_links":{"self":[{"href":"https:\/\/sachviet.eu\/en\/wp-json\/wp\/v2\/product\/9401","targetHints":{"allow":["GET"]}}],"collection":[{"href":"https:\/\/sachviet.eu\/en\/wp-json\/wp\/v2\/product"}],"about":[{"href":"https:\/\/sachviet.eu\/en\/wp-json\/wp\/v2\/types\/product"}],"wp:featuredmedia":[{"embeddable":true,"href":"https:\/\/sachviet.eu\/en\/wp-json\/wp\/v2\/media\/9389"}],"wp:attachment":[{"href":"https:\/\/sachviet.eu\/en\/wp-json\/wp\/v2\/media?parent=9401"}],"wp:term":[{"taxonomy":"product_brand","embeddable":true,"href":"https:\/\/sachviet.eu\/en\/wp-json\/wp\/v2\/product_brand?post=9401"},{"taxonomy":"product_cat","embeddable":true,"href":"https:\/\/sachviet.eu\/en\/wp-json\/wp\/v2\/product_cat?post=9401"},{"taxonomy":"product_tag","embeddable":true,"href":"https:\/\/sachviet.eu\/en\/wp-json\/wp\/v2\/product_tag?post=9401"}],"curies":[{"name":"wp","href":"https:\/\/api.w.org\/{rel}","templated":true}]}}