{"id":9388,"date":"2021-06-02T01:07:25","date_gmt":"2021-06-01T22:07:25","guid":{"rendered":"https:\/\/sachviet.eu\/shop\/ngam-tuoi-tre-quay-cuong-trong-tinh-lang-tai-ban-2020\/"},"modified":"2021-06-10T01:15:32","modified_gmt":"2021-06-09T22:15:32","slug":"ngam-tuoi-tre-quay-cuong-trong-tinh-lang-tai-ban-2020","status":"publish","type":"product","link":"https:\/\/sachviet.eu\/en\/shop\/ngam-tuoi-tre-quay-cuong-trong-tinh-lang-tai-ban-2020\/","title":{"rendered":"Ng\u1eafm Tu\u1ed5i Tr\u1ebb Quay Cu\u1ed3ng Trong T\u0129nh L\u1eb7ng (T\u00e1i B\u1ea3n 2020)"},"content":{"rendered":"<p>Cu\u1ed1n s\u00e1ch \u201ckh\u00f4ng th\u1ec3 \u0111\u1ecdc v\u1ed9i\u201d  c\u1ee7a Lu-  Mann Up<\/p>\n<p>\u201cM\u1ed9t trong nh\u1eefng l\u1eddi xui d\u1ea1i man r\u1ee3 nh\u1ea5t l\u1ecbch s\u1eed nh\u00e2n lo\u1ea1i c\u00f3 l\u1ebd l\u00e0 &#8220;H\u00e3y c\u1ee9 l\u00e0 ch\u00ednh m\u00ecnh&#8221;.<\/p>\n<p>B\u1ea1N c\u1ee9 l\u00e0m ch\u00ednh m\u00ecnh l\u00e0m g\u00ec trong khi b\u1ea3n th\u00e2n \u0111ang l\u00e0 m\u1ed9t th\u1ee9 kh\u00f4ng \u0111\u1ee7 gi\u1ecfi, l\u01b0\u1eddi bi\u1ebfng, v\u00f4 tr\u00e1ch nhi\u1ec7m, th\u1ea5t b\u1ea1i v\u00e0 y\u1ebfu k\u00e9m?\u201d<\/p>\n<p>\u1eea nh\u1ec9?<\/p>\n<p>Tu\u1ed5i tr\u1ebb l\u00e0 g\u00ec v\u1eady? Khi l\u00e0 ngoan c\u1ed1 g\u00e0o l\u00ean \u0111\u00f2i \u0111\u01b0\u1ee3c l\u00e0m ch\u00ednh m\u00ecnh, khi l\u00e0 c\u1ed1 g\u1eafng h\u1ebft s\u1ee9c \u0111\u1ec3 ch\u1ee9ng t\u1ecf b\u1ea3n th\u00e2n, khi l\u1ea1i \u0111\u1ea7y nh\u1eefng bi quan ti\u00eau c\u1ef1c v\u00e0 hoang mang<\/p>\n<p>Tu\u1ed5i tr\u1ebb l\u00e0 g\u00ec v\u1eady? Khi ph\u01a1i ph\u1edbi nh\u1eefng ng\u00e0y th\u1ee9c d\u1eady l\u00fac 8h, lao v\u00e0o d\u00f2ng ng\u01b0\u1eddi ra ph\u1ed1 h\u1ed3i h\u1ea3 \u0111\u1ebfn c\u00f4ng s\u1edf, h\u1ed1i h\u1ea3 l\u00e0m nh\u1eefng c\u00f4ng vi\u1ec7c th\u01b0\u1eddng ng\u00e0y, b\u00f3p c\u00f2i xe inh \u1ecfi v\u1ec1 nh\u00e0 l\u00fac 5h v\u00e0 l\u00ean \u0111\u1ed3 ra ph\u1ed1 x\u00e1 l\u00fac \u0111\u00eam mu\u1ed9n ho\u1eb7c tr\u00f9m ch\u0103n chat chit.<\/p>\n<p>Tu\u1ed5i tr\u1ebb c\u1ee7a b\u1ea1n l\u00e0 g\u00ec? C\u00f3 quay cu\u1ed3ng trong nh\u1eefng \u0111am m\u00ea v\u01a1i \u0111\u1ea7y, nh\u1eefng khao kh\u00e1t ch\u01b0a th\u00e0nh? C\u00f3 nh\u1eefng ai \u0111\u00f3 l\u01b0\u1edbt qua \u0111\u1ec3 l\u1ea1i v\u1ebft th\u01b0\u01a1ng hay m\u1ed9t ai \u0111\u00f3 ch\u01b0a k\u1ecbp l\u01b0\u1edbt qua nh\u01b0ng v\u1eabn l\u00e0 kho\u1ea3ng tr\u1ed1ng ng\u00f3ng \u0111\u1ee3i n\u01a1i tim b\u1ea1n? C\u00f3 nh\u1eefng m\u1ea1nh m\u1ebd hay v\u00f4 t\u00e2m? \u1ed3n \u00e0o hay tr\u1ea7m m\u1eb7c?<\/p>\n<p>G\u00ec c\u0169ng \u0111\u01b0\u1ee3c.G\u00ec c\u0169ng l\u00e0 tu\u1ed5i tr\u1ebb. R\u1ed3i m\u1ed9t ng\u00e0y s\u1ef1c t\u1ec9nh gi\u1ea5c b\u1ea1n b\u1ea5t gi\u00e1c t\u1ef1 h\u1ecfi:<\/p>\n<p>Sau nh\u1eefng quay cu\u1ed3ng \u1ea5y, tu\u1ed5i tr\u1ebb c\u1ee7a b\u1ea1n c\u00f3 g\u00ec?<\/p>\n<p>\u201cNg\u1eafm tu\u1ed5i tr\u1ebb quay cu\u1ed3ng trong t\u0129nh l\u1eb7ng\u201d kh\u00f4ng ph\u1ea3i m\u1ed9t cu\u1ed1n t\u1ea3n v\u0103n \u0111\u01a1n thu\u1ea7n c\u0169ng kh\u00f4ng ph\u1ea3i cu\u1ed1n self help d\u1ea1y b\u1ea1n c\u00e1ch s\u1ed1ng.<\/p>\n<p>Ch\u1ec9 \u0111\u01a1n gi\u1ea3n l\u00e0 m\u1ed9t ng\u00e0y \u0111\u00f4ng nhi\u1ec1u kh\u00f3i thu\u1ed1c v\u00e0 m\u1ed9t m\u00ecnh, Lu v\u1ebd l\u1ea1i nh\u1eefng gam m\u1ea7u tu\u1ed5i tr\u1ebb. B\u00ean c\u1ea1nh nh\u1eefng s\u00e1ng, nh\u1eefng v\u00e0ng, nh\u1eefng ch\u00f3i chang c\u1ee7a nh\u1eefng cu\u1ed9c vui, c\u1ee7a tu\u1ed5i tr\u1ebb r\u1ef1c r\u1ee1 t\u1ecfa s\u00e1ng l\u00e0 nh\u1eefng kho\u1ea3ng l\u1eb7ng, nh\u1eefng g\u00f3c s\u00e2u m\u00e0 ch\u1eb3ng ph\u1ea3i ai c\u0169ng g\u1ecdi \u0111\u01b0\u1ee3c th\u00e0nh t\u00ean.<\/p>\n<p>Lu vi\u1ebft v\u1ec1 \u0111\u00e0n \u00f4ng, nh\u1eefng ng\u01b0\u1eddi \u0111\u00e0n \u00f4ng \u0111\u00e3 kh\u00f4ng c\u00f2n l\u00e0 c\u1eadu nh\u00f3c, th\u00e2m tr\u1ea7m v\u00e0 nhi\u1ec1u tr\u1ea3i nghi\u1ec7m<\/p>\n<p>Lu vi\u1ebft v\u1ec1 \u0111\u00e0n b\u00e0 nh\u1eefng ng\u01b0\u1eddi \u0111\u00e0n b\u00e0 tr\u1ea7m t\u00ednh t\u1eebng \u0111i qua nhi\u1ec1u \u0111\u1ed5 v\u1ee1<\/p>\n<p>V\u00e0 cu\u1ed1n s\u00e1ch n\u00e0y ch\u00ednh l\u00e0 tu\u1ed5i tr\u1ebb  \u1edf m\u1ed9t gam m\u1ea7u l\u00fac t\u1ed1i l\u00fac s\u00e1ng, khi \u00f4n nhu khi r\u1ef1c r\u1ee1. \u2026 ch\u1eafc ch\u1eafn kh\u00f4ng d\u00e0nh cho nh\u1eefng k\u1ebb \u0111\u1ecdc v\u1ed9i.<\/p>\n<p>T\u00f4i kh\u00f4ng tin, b\u1ea1n kh\u00f4ng t\u00ecm th\u1ea5y tu\u1ed5i tr\u1ebb c\u1ee7a m\u00ecnh \u1edf \u0111\u00f3.<\/p>\n","protected":false},"excerpt":{"rendered":"<p>Cu\u1ed1n s\u00e1ch \u201ckh\u00f4ng th\u1ec3 \u0111\u1ecdc v\u1ed9i\u201d  c\u1ee7a Lu-  Mann Up<\/p>\n<p>\u201cM\u1ed9t trong nh\u1eefng l\u1eddi xui d\u1ea1i man r\u1ee3 nh\u1ea5t l\u1ecbch s\u1eed nh\u00e2n lo\u1ea1i c\u00f3 l\u1ebd l\u00e0 &#8220;H\u00e3y c\u1ee9 l\u00e0 ch\u00ednh m\u00ecnh&#8221;.<\/p>\n<p>B\u1ea1N c\u1ee9 l\u00e0m ch\u00ednh m\u00ecnh l\u00e0m g\u00ec trong khi b\u1ea3n th\u00e2n \u0111ang l\u00e0 m\u1ed9t th\u1ee9 kh\u00f4ng \u0111\u1ee7 gi\u1ecfi, l\u01b0\u1eddi bi\u1ebfng, v\u00f4 tr\u00e1ch nhi\u1ec7m, th\u1ea5t b\u1ea1i v\u00e0 y\u1ebfu k\u00e9m?\u201d<\/p>\n<p>\u1eea nh\u1ec9?<\/p>\n<p>Tu\u1ed5i tr\u1ebb l\u00e0 g\u00ec v\u1eady? Khi l\u00e0 ngoan c\u1ed1 g\u00e0o l\u00ean \u0111\u00f2i \u0111\u01b0\u1ee3c l\u00e0m ch\u00ednh m\u00ecnh, khi l\u00e0 c\u1ed1 g\u1eafng h\u1ebft s\u1ee9c \u0111\u1ec3 ch\u1ee9ng t\u1ecf b\u1ea3n th\u00e2n, khi l\u1ea1i \u0111\u1ea7y nh\u1eefng bi quan ti\u00eau c\u1ef1c v\u00e0 hoang mang<\/p>\n<p>Tu\u1ed5i tr\u1ebb l\u00e0 g\u00ec v\u1eady? Khi ph\u01a1i ph\u1edbi nh\u1eefng ng\u00e0y th\u1ee9c d\u1eady l\u00fac 8h, lao v\u00e0o d\u00f2ng ng\u01b0\u1eddi ra ph\u1ed1 h\u1ed3i h\u1ea3 \u0111\u1ebfn c\u00f4ng s\u1edf, h\u1ed1i h\u1ea3 l\u00e0m nh\u1eefng c\u00f4ng vi\u1ec7c th\u01b0\u1eddng ng\u00e0y, b\u00f3p c\u00f2i xe inh \u1ecfi v\u1ec1 nh\u00e0 l\u00fac 5h v\u00e0 l\u00ean \u0111\u1ed3 ra ph\u1ed1 x\u00e1 l\u00fac \u0111\u00eam mu\u1ed9n ho\u1eb7c tr\u00f9m ch\u0103n chat chit.<\/p>\n<p>Tu\u1ed5i tr\u1ebb c\u1ee7a b\u1ea1n l\u00e0 g\u00ec? C\u00f3 quay cu\u1ed3ng trong nh\u1eefng \u0111am m\u00ea v\u01a1i \u0111\u1ea7y, nh\u1eefng khao kh\u00e1t ch\u01b0a th\u00e0nh? C\u00f3 nh\u1eefng ai \u0111\u00f3 l\u01b0\u1edbt qua \u0111\u1ec3 l\u1ea1i v\u1ebft th\u01b0\u01a1ng hay m\u1ed9t ai \u0111\u00f3 ch\u01b0a k\u1ecbp l\u01b0\u1edbt qua nh\u01b0ng v\u1eabn l\u00e0 kho\u1ea3ng tr\u1ed1ng ng\u00f3ng \u0111\u1ee3i n\u01a1i tim b\u1ea1n? C\u00f3 nh\u1eefng m\u1ea1nh m\u1ebd hay v\u00f4 t\u00e2m? \u1ed3n \u00e0o hay tr\u1ea7m m\u1eb7c?<\/p>\n<p>G\u00ec c\u0169ng \u0111\u01b0\u1ee3c.G\u00ec c\u0169ng l\u00e0 tu\u1ed5i tr\u1ebb. R\u1ed3i m\u1ed9t ng\u00e0y s\u1ef1c t\u1ec9nh gi\u1ea5c b\u1ea1n b\u1ea5t gi\u00e1c t\u1ef1 h\u1ecfi:<\/p>\n<p>Sau nh\u1eefng quay cu\u1ed3ng \u1ea5y, tu\u1ed5i tr\u1ebb c\u1ee7a b\u1ea1n c\u00f3 g\u00ec?<\/p>\n","protected":false},"featured_media":9387,"template":"","meta":{"_acf_changed":false},"product_brand":[],"product_cat":[15,47],"product_tag":[],"class_list":{"0":"post-9388","1":"product","2":"type-product","3":"status-publish","4":"has-post-thumbnail","6":"product_cat-sach-danh-cho-nguoi-lon","7":"product_cat-truyen-ngan-tan-van","9":"first","10":"outofstock","11":"taxable","12":"shipping-taxable","13":"purchasable","14":"product-type-simple"},"supplier_id":null,"supplier_sku":"","barcode":null,"atum_controlled":true,"out_stock_date":"2021-06-09 22:15:32","out_stock_threshold":null,"inheritable":false,"inbound_stock":0,"stock_on_hold":0,"sold_today":0,"sales_last_days":0,"reserved_stock":0,"customer_returns":0,"warehouse_damage":0,"lost_in_post":0,"other_logs":0,"out_stock_days":1694,"lost_sales":0,"has_location":false,"update_date":"2026-01-28T23:10:43","atum_locations":[],"atum_stock_status":"outofstock","restock_status":false,"low_stock_amount":"","sales_update_date":"2026-01-28T23:10:43","calc_backorders":null,"acf":{"publisher":{"ID":1460,"post_author":"1","post_date":"2021-02-17 01:12:24","post_date_gmt":"2021-02-16 23:12:24","post_content":"<!-- wp:flatsome\/uxbuilder -->\n<h1 style=\"text-align: center;\"><strong>Skybooks<\/strong><\/h1>\n[row]\n\n[col span=\"7\" span__sm=\"12\"]\n\n<p>C\u00f4ng ty ph\u00e1t h\u00e0nh s\u00e1ch Skybooks. \"T\u00f4i tr\u1ebb, t\u00f4i \u0111am m\u00ea\" v\u1edbi s\u1ee9 m\u1ec7nh lan to\u1ea3 c\u1ea3m x\u00fac v\u00e0 k\u1ebft n\u1ed1i t\u00e2m h\u1ed3n<\/p>\n<p><strong>Skybooks l\u00e0 c\u00e2u chuy\u1ec7n k\u1ec3 v\u1ec1:<\/strong><br \/>M\u1ed9t th\u1ebf h\u1ec7 ng\u01b0\u1eddi vi\u1ebft tr\u1ebb, \u0111am m\u00ea v\u0103n ch\u01b0\u01a1ng v\u00e0 t\u00f4n tr\u1ecdng, g\u00ecn gi\u1eef, s\u00e1ng t\u1ea1o Ti\u1ebfng Vi\u1ec7t. M\u1ed9t th\u1ebf h\u1ec7 \u0111\u1ed9c gi\u1ea3 tr\u1ebb, \u0111am m\u00ea kh\u00e1m ph\u00e1 ng\u00f4n ng\u1eef v\u00e0 say m\u00ea \u0111\u1ebfn v\u1edbi th\u1ebf gi\u1edbi c\u1ee7a nh\u1eefng quy\u1ec3n s\u00e1ch. M\u1ed9t th\u1ebf h\u1ec7 ng\u01b0\u1eddi l\u00e0m s\u00e1ch tr\u1ebb, \u0111am m\u00ea mang nh\u1eefng gi\u00e1 tr\u1ecb tinh th\u1ea7n l\u1ea1i g\u1ea7n ng\u01b0\u1eddi \u0111\u1ecdc.<br \/>Trong b\u1ed9 nh\u1eadn d\u1ea1ng th\u01b0\u01a1ng hi\u1ec7u:<br \/>Skybooks v\u1edbi ch\u1eef Sky m\u00e0u xanh da tr\u1eddi c\u00f3 \u00fd ngh\u0129a l\u00e0 c\u00f4ng ty B\u1ea7u Tr\u1eddi - n\u01a1i t\u1ea5t c\u1ea3 \u01b0\u1edbc m\u01a1 \u0111\u01b0\u1ee3c t\u1ef1 do tung c\u00e1nh.<br \/>V\u1edbi logo h\u00ecnh hoa b\u1ed3 c\u00f4ng anh \u0111ang bay t\u01b0\u1ee3ng tr\u01b0ng cho s\u1ef1 lan to\u1ea3 c\u1ea3m x\u00fac v\u00e0 kh\u00e1t v\u1ecdng bay cao.<br \/>K\u1ebb v\u1ea1ch logo c\u00f3 n\u1ec1n m\u00e0u ghi x\u00e1m xu\u1ea5t hi\u1ec7n tr\u00ean b\u00eca m\u1ecdi \u1ea5n ph\u1ea9m th\u1ec3 hi\u1ec7n con \u0111\u01b0\u1eddng b\u01b0\u1edbc v\u00e0o th\u1ecb tr\u01b0\u1eddng s\u00e1ch v\u00e0 chinh ph\u1ee5c \u0111\u1ed9c gi\u1ea3 l\u00e0 m\u1ed9t h\u00e0nh tr\u00ecnh d\u00e0i, \u0111\u1ea7y gian kh\u00f3, c\u00f3 nhi\u1ec1u b\u00e3o t\u1ed1, nh\u01b0ng ch\u1ec9 c\u1ea7n n\u1ed7 l\u1ef1c c\u1ed1 g\u1eafng nh\u1ea5t \u0111\u1ecbnh s\u1ebd ngo\u1ea1n m\u1ee5c v\u01b0\u1ee3t qua. \u0110\u1ec3 kh\u1eb3ng \u0111\u1ecbnh v\u00e0 ch\u1ee9ng minh ch\u00ednh m\u00ecnh!<\/p>\n\n[\/col]\n[col span=\"5\" span__sm=\"12\"]\n\n[ux_image id=\"1825\" image_size=\"medium\"]\n\n\n[\/col]\n\n[\/row]\n\n<!-- \/wp:flatsome\/uxbuilder -->","post_title":"Skybooks","post_excerpt":"","post_status":"publish","comment_status":"closed","ping_status":"closed","post_password":"","post_name":"skybooks","to_ping":"","pinged":"","post_modified":"2021-02-17 01:57:31","post_modified_gmt":"2021-02-16 23:57:31","post_content_filtered":"","post_parent":0,"guid":"https:\/\/sachviet.eu\/nha-phat-hanh\/skybooks\/","menu_order":0,"post_type":"publisher","post_mime_type":"","comment_count":"0","filter":"raw"}},"_links":{"self":[{"href":"https:\/\/sachviet.eu\/en\/wp-json\/wp\/v2\/product\/9388","targetHints":{"allow":["GET"]}}],"collection":[{"href":"https:\/\/sachviet.eu\/en\/wp-json\/wp\/v2\/product"}],"about":[{"href":"https:\/\/sachviet.eu\/en\/wp-json\/wp\/v2\/types\/product"}],"wp:featuredmedia":[{"embeddable":true,"href":"https:\/\/sachviet.eu\/en\/wp-json\/wp\/v2\/media\/9387"}],"wp:attachment":[{"href":"https:\/\/sachviet.eu\/en\/wp-json\/wp\/v2\/media?parent=9388"}],"wp:term":[{"taxonomy":"product_brand","embeddable":true,"href":"https:\/\/sachviet.eu\/en\/wp-json\/wp\/v2\/product_brand?post=9388"},{"taxonomy":"product_cat","embeddable":true,"href":"https:\/\/sachviet.eu\/en\/wp-json\/wp\/v2\/product_cat?post=9388"},{"taxonomy":"product_tag","embeddable":true,"href":"https:\/\/sachviet.eu\/en\/wp-json\/wp\/v2\/product_tag?post=9388"}],"curies":[{"name":"wp","href":"https:\/\/api.w.org\/{rel}","templated":true}]}}