{"id":9386,"date":"2021-06-02T01:07:21","date_gmt":"2021-06-01T22:07:21","guid":{"rendered":"https:\/\/sachviet.eu\/shop\/1cm-di-tim-1-cm-cong-them-cho-cuoc-doi-cua-chung-ta\/"},"modified":"2023-04-15T19:53:18","modified_gmt":"2023-04-15T16:53:18","slug":"1cm-di-tim-1-cm-cong-them-cho-cuoc-doi-cua-chung-ta","status":"publish","type":"product","link":"https:\/\/sachviet.eu\/en\/shop\/1cm-di-tim-1-cm-cong-them-cho-cuoc-doi-cua-chung-ta\/","title":{"rendered":"&#8220;1cm+&#8221; &#8211; \u0110i T\u00ecm 1 cm C\u1ed9ng Th\u00eam Cho Cu\u1ed9c \u0110\u1eddi C\u1ee7a Ch\u00fang Ta"},"content":{"rendered":"<p>1cm l\u00e0 \u0111\u01a1n v\u1ecb \u0111o l\u01b0\u1eddng r\u1ea5t nh\u1ecf. Tuy nhi\u00ean, trong cu\u1ed9c s\u1ed1ng, ch\u1ec9 c\u1ea7n b\u1ea1n d\u1ecbch chuy\u1ec3n t\u1ea7m m\u1eaft \u0111i 1cm, b\u1ea1n \u0111\u00e3 c\u00f3 th\u1ec3 th\u1ea5y m\u1ed9t th\u1ebf gi\u1edbi ho\u00e0n to\u00e0n m\u1edbi.<\/p>\n<p>Cu\u1ed1n s\u00e1ch n\u00e0y s\u1ebd gi\u00fap b\u1ea1n th\u00eam 1cm v\u00e0o d\u00f2ng ch\u1ea3y suy ngh\u0129 v\u1edbi hy v\u1ecdng khi kh\u00e9p l\u1ea1i trang cu\u1ed1i c\u00f9ng c\u1ee7a \u201c1cm+\u201d, mong r\u1eb1ng b\u1ea1n s\u1ebd g\u1eb7p \u0111\u01b0\u1ee3c m\u1ed9t phi\u00ean b\u1ea3n m\u1edbi c\u1ee7a ch\u00ednh m\u00ecnh, ho\u1eb7c con ng\u01b0\u1eddi m\u00e0 b\u1ea1n \u0111\u00e3 t\u1eebng l\u00e3ng qu\u00ean.<\/p>\n<p>H\u00e3y l\u00ean \u0111\u01b0\u1eddng \u0111i t\u00ecm 1cm m\u00e0 b\u1ea1n mu\u1ed1n c\u1ed9ng th\u00eam cho cu\u1ed9c \u0111\u1eddi m\u00ecnh n\u00e0o!<\/p>\n","protected":false},"excerpt":{"rendered":"<p>1cm l\u00e0 \u0111\u01a1n v\u1ecb \u0111o l\u01b0\u1eddng r\u1ea5t nh\u1ecf. Tuy nhi\u00ean, trong cu\u1ed9c s\u1ed1ng, ch\u1ec9 c\u1ea7n b\u1ea1n d\u1ecbch chuy\u1ec3n t\u1ea7m m\u1eaft \u0111i 1cm, b\u1ea1n \u0111\u00e3 c\u00f3 th\u1ec3 th\u1ea5y m\u1ed9t th\u1ebf gi\u1edbi ho\u00e0n to\u00e0n m\u1edbi.<\/p>\n<p>Cu\u1ed1n s\u00e1ch n\u00e0y s\u1ebd gi\u00fap b\u1ea1n th\u00eam 1cm v\u00e0o d\u00f2ng ch\u1ea3y suy ngh\u0129 v\u1edbi hy v\u1ecdng khi kh\u00e9p l\u1ea1i trang cu\u1ed1i c\u00f9ng c\u1ee7a \u201c1cm+\u201d, mong r\u1eb1ng b\u1ea1n s\u1ebd g\u1eb7p \u0111\u01b0\u1ee3c m\u1ed9t phi\u00ean b\u1ea3n m\u1edbi c\u1ee7a ch\u00ednh m\u00ecnh, ho\u1eb7c con ng\u01b0\u1eddi m\u00e0 b\u1ea1n \u0111\u00e3 t\u1eebng l\u00e3ng qu\u00ean.<\/p>\n<p>H\u00e3y l\u00ean \u0111\u01b0\u1eddng \u0111i t\u00ecm 1cm m\u00e0 b\u1ea1n mu\u1ed1n c\u1ed9ng th\u00eam cho cu\u1ed9c \u0111\u1eddi m\u00ecnh n\u00e0o!<\/p>\n","protected":false},"featured_media":9383,"template":"","meta":{"_acf_changed":false},"product_brand":[],"product_cat":[15,47],"product_tag":[],"class_list":{"0":"post-9386","1":"product","2":"type-product","3":"status-publish","4":"has-post-thumbnail","6":"product_cat-sach-danh-cho-nguoi-lon","7":"product_cat-truyen-ngan-tan-van","9":"first","10":"outofstock","11":"taxable","12":"shipping-taxable","13":"purchasable","14":"product-type-simple"},"supplier_id":null,"supplier_sku":"","barcode":null,"atum_controlled":true,"out_stock_date":"2023-04-15 16:53:18","out_stock_threshold":null,"inheritable":false,"inbound_stock":0,"stock_on_hold":0,"sold_today":0,"sales_last_days":0,"reserved_stock":0,"customer_returns":0,"warehouse_damage":0,"lost_in_post":0,"other_logs":0,"out_stock_days":1019,"lost_sales":0,"has_location":false,"update_date":"2026-01-28T23:10:43","atum_locations":[],"atum_stock_status":"outofstock","restock_status":false,"low_stock_amount":"","sales_update_date":"2026-01-28T23:10:43","calc_backorders":null,"acf":{"publisher":{"ID":9382,"post_author":"1","post_date":"2021-06-02 01:07:12","post_date_gmt":"2021-06-01 22:07:12","post_content":"","post_title":"Yume Books","post_excerpt":"","post_status":"publish","comment_status":"closed","ping_status":"closed","post_password":"","post_name":"yume-books","to_ping":"","pinged":"","post_modified":"2021-06-02 01:07:12","post_modified_gmt":"2021-06-01 22:07:12","post_content_filtered":"","post_parent":0,"guid":"https:\/\/sachviet.eu\/nha-phat-hanh\/yume-books\/","menu_order":0,"post_type":"publisher","post_mime_type":"","comment_count":"0","filter":"raw"}},"_links":{"self":[{"href":"https:\/\/sachviet.eu\/en\/wp-json\/wp\/v2\/product\/9386","targetHints":{"allow":["GET"]}}],"collection":[{"href":"https:\/\/sachviet.eu\/en\/wp-json\/wp\/v2\/product"}],"about":[{"href":"https:\/\/sachviet.eu\/en\/wp-json\/wp\/v2\/types\/product"}],"wp:featuredmedia":[{"embeddable":true,"href":"https:\/\/sachviet.eu\/en\/wp-json\/wp\/v2\/media\/9383"}],"wp:attachment":[{"href":"https:\/\/sachviet.eu\/en\/wp-json\/wp\/v2\/media?parent=9386"}],"wp:term":[{"taxonomy":"product_brand","embeddable":true,"href":"https:\/\/sachviet.eu\/en\/wp-json\/wp\/v2\/product_brand?post=9386"},{"taxonomy":"product_cat","embeddable":true,"href":"https:\/\/sachviet.eu\/en\/wp-json\/wp\/v2\/product_cat?post=9386"},{"taxonomy":"product_tag","embeddable":true,"href":"https:\/\/sachviet.eu\/en\/wp-json\/wp\/v2\/product_tag?post=9386"}],"curies":[{"name":"wp","href":"https:\/\/api.w.org\/{rel}","templated":true}]}}