{"id":9381,"date":"2021-06-02T01:07:03","date_gmt":"2021-06-01T22:07:03","guid":{"rendered":"https:\/\/sachviet.eu\/shop\/ikigai-di-tim-ly-do-thuc-day-moi-sang\/"},"modified":"2023-06-14T21:32:19","modified_gmt":"2023-06-14T18:32:19","slug":"ikigai-di-tim-ly-do-thuc-day-moi-sang","status":"publish","type":"product","link":"https:\/\/sachviet.eu\/en\/shop\/ikigai-di-tim-ly-do-thuc-day-moi-sang\/","title":{"rendered":"Ikigai &#8211; \u0110i T\u00ecm L\u00fd Do Th\u1ee9c D\u1eady M\u1ed7i S\u00e1ng"},"content":{"rendered":"<p>\u00dd ngh\u0129a cu\u1ed9c \u0111\u1eddi m\u00ecnh l\u00e0 g\u00ec?<\/p>\n<p>Ph\u1ea3i ch\u0103ng m\u1ee5c \u0111\u00edch ch\u1ec9 l\u00e0 \u0111\u1ec3 s\u1ed1ng l\u00e2u h\u01a1n, hay n\u00ean t\u00ecm ki\u1ebfm m\u1ed9t m\u1ee5c \u0111\u00edch l\u1edbn lao?<\/p>\n<p>T\u1ea1i sao c\u00f3 nh\u1eefng ng\u01b0\u1eddi bi\u1ebft r\u00f5 \u0111i\u1ec1u h\u1ecd mu\u1ed1n v\u00e0 s\u1ed1ng tr\u1ecdn \u0111am m\u00ea c\u1ea3 cu\u1ed9c \u0111\u1eddi, trong khi s\u1ed1 kh\u00e1c l\u1ea1i h\u00e9o m\u00f2n trong l\u00fa l\u1eabn?<\/p>\n<p>Trong cu\u1ed9c tr\u00f2 chuy\u1ec7n c\u1ee7a ch\u00fang t\u00f4i, t\u1eeb b\u00ed \u1ea9n ikigai \u0111\u01b0\u1ee3c nh\u1eafc \u0111\u1ebfn.<\/p>\n<p>Trong ti\u1ebfng Nh\u1eadt, Ikigai c\u00f3 ngh\u0129a l\u00e0 \u201c\u0111i t\u00ecm m\u1ee5c \u0111\u00edch s\u1ed1ng c\u1ee7a \u0111\u1eddi b\u1ea1n\u201d ho\u1eb7c l\u00e0 \u201cm\u1ed9t l\u00fd do \u0111\u1ec3 th\u1ee9c d\u1eady m\u1ed7i s\u00e1ng\u201d. Ng\u01b0\u1eddi Nh\u1eadt quan ni\u1ec7m r\u1eb1ng m\u1ed7i ng\u01b0\u1eddi \u0111\u1ec1u c\u00f3 m\u1ed9t ikigai \u2013 m\u1ee5c \u0111\u00edch s\u1ed1ng. V\u00e0 theo ng\u01b0\u1eddi d\u00e2n c\u1ee7a ng\u00f4i l\u00e0ng s\u1ed1ng th\u1ecd nh\u1ea5t th\u1ebf gi\u1edbi t\u1ea1i Nh\u1eadt B\u1ea3n, t\u00ecm ikigai l\u00e0 ch\u00eca kh\u00f3a \u0111\u1ec3 c\u00f3 \u0111\u01b0\u1ee3c cu\u1ed9c s\u1ed1ng h\u1ea1nh ph\u00fac v\u00e0 l\u00e2u d\u00e0i. S\u1edf h\u1eefu m\u1ed9t ikigai r\u00f5 r\u00e3ng t\u1ee9c l\u00e0 m\u1ed7i s\u00e1ng th\u1ee9c gi\u1ea5c, b\u1ea1n c\u00f3 th\u1ec3 v\u00f9ng d\u1eady v\u1edbi c\u1ea3m gi\u00e1c vui s\u01b0\u1edbng, s\u1eb5n s\u00e0ng s\u1ed1ng m\u1ed9t ng\u00e0y th\u1eadt n\u0103ng \u0111\u1ed9ng, h\u1ea1nh ph\u00fac v\u00e0 \u0111\u1ea7y \u00fd ngh\u0129a.<\/p>\n<p>Trong cu\u1ed1n s\u00e1ch n\u00e0y, c\u00e1c t\u00e1c gi\u1ea3 \u0111\u00e3 ti\u1ebfn h\u00e0nh ph\u1ecfng v\u1ea5n ng\u01b0\u1eddi d\u00e2n s\u1ed1ng t\u1ea1i l\u00e0ng Ogimi, ng\u00f4i l\u00e0ng c\u00f3 t\u1ef7 l\u1ec7 ng\u01b0\u1eddi th\u1ecd tr\u00ean tr\u0103m tu\u1ed5i cao nh\u1ea5t th\u1ebf gi\u1edbi. T\u1eeb \u0111\u00f3, h\u00e9 l\u1ed9 b\u00ed quy\u1ebft h\u1ea1nh ph\u00fac v\u00e0 tr\u01b0\u1eddng th\u1ecd c\u1ee7a h\u1ecd, \u0111\u1ed3ng th\u1eddi \u0111em \u0111\u1ebfn cho b\u1ea1n nh\u1eefng c\u00f4ng c\u1ee5 th\u1ef1c ti\u1ec5n \u0111\u1ec3 kh\u00e1m ph\u00e1 ikigai c\u1ee7a b\u1ea3n th\u00e2n.<\/p>\n<p>Cu\u1ed9c s\u1ed1ng kh\u00f4ng ph\u1ea3i l\u00e0 m\u1ed9t v\u1ea5n \u0111\u1ec1 c\u1ea7n gi\u1ea3i quy\u1ebft. Ch\u1ec9 c\u1ea7n nh\u1edb r\u1eb1ng ph\u1ea3i c\u00f3 th\u1ee9 g\u00ec \u0111\u00f3 khi\u1ebfn b\u1ea1n b\u1eadn r\u1ed9n l\u00e0m nh\u1eefng \u0111i\u1ec1u m\u00ecnh y\u00eau th\u00edch trong khi c\u00f3 nh\u1eefng ng\u01b0\u1eddi y\u00eau qu\u00fd b\u1ea1n \u1edf b\u00ean. Ikigai c\u1ee7a m\u1ed7i ng\u01b0\u1eddi l\u00e0 kh\u00e1c nhau, nh\u01b0ng c\u00f3 m\u1ed9t \u0111i\u1ec3m chung l\u00e0 t\u1ea5t c\u1ea3 ch\u00fang ta \u0111\u1ec1u \u0111ang t\u00ecm ki\u1ebfm \u00fd ngh\u0129a c\u1ee7a cu\u1ed9c s\u1ed1ng. Khi d\u00e0nh nhi\u1ec1u ng\u00e0y \u0111\u1ec3 g\u1eafn k\u1ebft v\u1edbi th\u1ee9 c\u00f3 \u00fd ngh\u0129a v\u1edbi b\u1ea3n th\u00e2n, ch\u00fang ta s\u1ebd s\u1ed1ng h\u1ea1nh ph\u00fac h\u01a1n.<\/p>\n<p>H\u00e3y t\u00ecm ra v\u00e0 theo \u0111u\u1ed5i ikigai c\u1ee7a m\u00ecnh, \u0111\u1ec3 m\u1ed7i s\u1edbm th\u1ee9c d\u1eady, b\u1ea1n bi\u1ebft m\u00ecnh \u0111ang s\u1ed1ng v\u00ec \u0111i\u1ec1u g\u00ec.<\/p>\n","protected":false},"excerpt":{"rendered":"<p>\u00dd ngh\u0129a cu\u1ed9c \u0111\u1eddi m\u00ecnh l\u00e0 g\u00ec?<\/p>\n<p>Ph\u1ea3i ch\u0103ng m\u1ee5c \u0111\u00edch ch\u1ec9 l\u00e0 \u0111\u1ec3 s\u1ed1ng l\u00e2u h\u01a1n, hay n\u00ean t\u00ecm ki\u1ebfm m\u1ed9t m\u1ee5c \u0111\u00edch l\u1edbn lao?<\/p>\n<p>T\u1ea1i sao c\u00f3 nh\u1eefng ng\u01b0\u1eddi bi\u1ebft r\u00f5 \u0111i\u1ec1u h\u1ecd mu\u1ed1n v\u00e0 s\u1ed1ng tr\u1ecdn \u0111am m\u00ea c\u1ea3 cu\u1ed9c \u0111\u1eddi, trong khi s\u1ed1 kh\u00e1c l\u1ea1i h\u00e9o m\u00f2n trong l\u00fa l\u1eabn?<\/p>\n<p>Trong cu\u1ed9c tr\u00f2 chuy\u1ec7n c\u1ee7a ch\u00fang t\u00f4i, t\u1eeb b\u00ed \u1ea9n ikigai \u0111\u01b0\u1ee3c nh\u1eafc \u0111\u1ebfn.<\/p>\n<p>Trong ti\u1ebfng Nh\u1eadt, Ikigai c\u00f3 ngh\u0129a l\u00e0 \u201c\u0111i t\u00ecm m\u1ee5c \u0111\u00edch s\u1ed1ng c\u1ee7a \u0111\u1eddi b\u1ea1n\u201d ho\u1eb7c l\u00e0 \u201cm\u1ed9t l\u00fd do \u0111\u1ec3 th\u1ee9c d\u1eady m\u1ed7i s\u00e1ng\u201d. Ng\u01b0\u1eddi Nh\u1eadt quan ni\u1ec7m r\u1eb1ng m\u1ed7i ng\u01b0\u1eddi \u0111\u1ec1u c\u00f3 m\u1ed9t ikigai \u2013 m\u1ee5c \u0111\u00edch s\u1ed1ng. V\u00e0 theo ng\u01b0\u1eddi d\u00e2n c\u1ee7a ng\u00f4i l\u00e0ng s\u1ed1ng th\u1ecd nh\u1ea5t th\u1ebf gi\u1edbi t\u1ea1i Nh\u1eadt B\u1ea3n, t\u00ecm ikigai l\u00e0 ch\u00eca kh\u00f3a \u0111\u1ec3 c\u00f3 \u0111\u01b0\u1ee3c cu\u1ed9c s\u1ed1ng h\u1ea1nh ph\u00fac v\u00e0 l\u00e2u d\u00e0i. S\u1edf h\u1eefu m\u1ed9t ikigai r\u00f5 r\u00e3ng t\u1ee9c l\u00e0 m\u1ed7i s\u00e1ng th\u1ee9c gi\u1ea5c, b\u1ea1n c\u00f3 th\u1ec3 v\u00f9ng d\u1eady v\u1edbi c\u1ea3m gi\u00e1c vui s\u01b0\u1edbng, s\u1eb5n s\u00e0ng s\u1ed1ng m\u1ed9t ng\u00e0y th\u1eadt n\u0103ng \u0111\u1ed9ng, h\u1ea1nh ph\u00fac v\u00e0 \u0111\u1ea7y \u00fd ngh\u0129a.<\/p>\n<p>Trong cu\u1ed1n s\u00e1ch n\u00e0y, c\u00e1c t\u00e1c gi\u1ea3 \u0111\u00e3 ti\u1ebfn h\u00e0nh ph\u1ecfng v\u1ea5n ng\u01b0\u1eddi d\u00e2n s\u1ed1ng t\u1ea1i l\u00e0ng Ogimi, ng\u00f4i l\u00e0ng c\u00f3 t\u1ef7 l\u1ec7 ng\u01b0\u1eddi th\u1ecd tr\u00ean tr\u0103m tu\u1ed5i cao nh\u1ea5t th\u1ebf gi\u1edbi. T\u1eeb \u0111\u00f3, h\u00e9 l\u1ed9 b\u00ed quy\u1ebft h\u1ea1nh ph\u00fac v\u00e0 tr\u01b0\u1eddng th\u1ecd c\u1ee7a h\u1ecd, \u0111\u1ed3ng th\u1eddi \u0111em \u0111\u1ebfn cho b\u1ea1n nh\u1eefng c\u00f4ng c\u1ee5 th\u1ef1c ti\u1ec5n \u0111\u1ec3 kh\u00e1m ph\u00e1 ikigai c\u1ee7a b\u1ea3n th\u00e2n.<\/p>\n<p>Cu\u1ed9c s\u1ed1ng kh\u00f4ng ph\u1ea3i l\u00e0 m\u1ed9t v\u1ea5n \u0111\u1ec1 c\u1ea7n gi\u1ea3i quy\u1ebft. Ch\u1ec9 c\u1ea7n nh\u1edb r\u1eb1ng ph\u1ea3i c\u00f3 th\u1ee9 g\u00ec \u0111\u00f3 khi\u1ebfn b\u1ea1n b\u1eadn r\u1ed9n l\u00e0m nh\u1eefng \u0111i\u1ec1u m\u00ecnh y\u00eau th\u00edch trong khi c\u00f3 nh\u1eefng ng\u01b0\u1eddi y\u00eau qu\u00fd b\u1ea1n \u1edf b\u00ean. Ikigai c\u1ee7a m\u1ed7i ng\u01b0\u1eddi l\u00e0 kh\u00e1c nhau, nh\u01b0ng c\u00f3 m\u1ed9t \u0111i\u1ec3m chung l\u00e0 t\u1ea5t c\u1ea3 ch\u00fang ta \u0111\u1ec1u \u0111ang t\u00ecm ki\u1ebfm \u00fd ngh\u0129a c\u1ee7a cu\u1ed9c s\u1ed1ng. Khi d\u00e0nh nhi\u1ec1u ng\u00e0y \u0111\u1ec3 g\u1eafn k\u1ebft v\u1edbi th\u1ee9 c\u00f3 \u00fd ngh\u0129a v\u1edbi b\u1ea3n th\u00e2n, ch\u00fang ta s\u1ebd s\u1ed1ng h\u1ea1nh ph\u00fac h\u01a1n.<\/p>\n<p>H\u00e3y t\u00ecm ra v\u00e0 theo \u0111u\u1ed5i ikigai c\u1ee7a m\u00ecnh, \u0111\u1ec3 m\u1ed7i s\u1edbm th\u1ee9c d\u1eady, b\u1ea1n bi\u1ebft m\u00ecnh \u0111ang s\u1ed1ng v\u00ec \u0111i\u1ec1u g\u00ec.<\/p>\n","protected":false},"featured_media":9371,"template":"","meta":{"_acf_changed":false},"product_brand":[],"product_cat":[15,47,46],"product_tag":[],"class_list":{"0":"post-9381","1":"product","2":"type-product","3":"status-publish","4":"has-post-thumbnail","6":"product_cat-sach-danh-cho-nguoi-lon","7":"product_cat-truyen-ngan-tan-van","8":"product_cat-ky-nang-song","10":"first","11":"outofstock","12":"taxable","13":"shipping-taxable","14":"purchasable","15":"product-type-simple"},"supplier_id":null,"supplier_sku":"","barcode":null,"atum_controlled":true,"out_stock_date":"2023-06-14 18:32:19","out_stock_threshold":null,"inheritable":false,"inbound_stock":0,"stock_on_hold":0,"sold_today":0,"sales_last_days":0,"reserved_stock":0,"customer_returns":0,"warehouse_damage":0,"lost_in_post":0,"other_logs":0,"out_stock_days":959,"lost_sales":0,"has_location":false,"update_date":"2026-01-28T23:10:43","atum_locations":[],"atum_stock_status":"outofstock","restock_status":false,"low_stock_amount":"","sales_update_date":"2026-01-28T23:10:43","calc_backorders":null,"acf":{"publisher":false},"_links":{"self":[{"href":"https:\/\/sachviet.eu\/en\/wp-json\/wp\/v2\/product\/9381","targetHints":{"allow":["GET"]}}],"collection":[{"href":"https:\/\/sachviet.eu\/en\/wp-json\/wp\/v2\/product"}],"about":[{"href":"https:\/\/sachviet.eu\/en\/wp-json\/wp\/v2\/types\/product"}],"wp:featuredmedia":[{"embeddable":true,"href":"https:\/\/sachviet.eu\/en\/wp-json\/wp\/v2\/media\/9371"}],"wp:attachment":[{"href":"https:\/\/sachviet.eu\/en\/wp-json\/wp\/v2\/media?parent=9381"}],"wp:term":[{"taxonomy":"product_brand","embeddable":true,"href":"https:\/\/sachviet.eu\/en\/wp-json\/wp\/v2\/product_brand?post=9381"},{"taxonomy":"product_cat","embeddable":true,"href":"https:\/\/sachviet.eu\/en\/wp-json\/wp\/v2\/product_cat?post=9381"},{"taxonomy":"product_tag","embeddable":true,"href":"https:\/\/sachviet.eu\/en\/wp-json\/wp\/v2\/product_tag?post=9381"}],"curies":[{"name":"wp","href":"https:\/\/api.w.org\/{rel}","templated":true}]}}