{"id":937,"date":"2021-02-14T00:21:43","date_gmt":"2021-02-13T22:21:43","guid":{"rendered":"https:\/\/sachviet.eu\/shop\/can-bang-cam-xuc-ca-luc-bao-giong\/"},"modified":"2023-09-03T14:02:43","modified_gmt":"2023-09-03T11:02:43","slug":"can-bang-cam-xuc-ca-luc-bao-giong","status":"publish","type":"product","link":"https:\/\/sachviet.eu\/en\/shop\/can-bang-cam-xuc-ca-luc-bao-giong\/","title":{"rendered":"C\u00e2n b\u1eb1ng c\u1ea3m x\u00fac, c\u1ea3 l\u00fac b\u00e3o gi\u00f4ng"},"content":{"rendered":"<p>\u201cC\u00e2n b\u1eb1ng c\u1ea3m x\u00fac, c\u1ea3 l\u00fac b\u00e3o gi\u00f4ng\u201d \u0111\u01b0\u1ee3c vi\u1ebft b\u1edfi nh\u00e0 tr\u1ecb li\u1ec7u t\u00e2m l\u00fd n\u1ed5i ti\u1ebfng n\u01b0\u1edbc Anh \u2013 Richard Nicholls \u2013 s\u1ebd gi\u00fap b\u1ea1n th\u1ea5y vi\u1ec7c c\u1ed1 g\u1eafng k\u00ecm n\u00e9n c\u01a1n gi\u1eadn ph\u00e1t ra ngo\u00e0i khi th\u1ef1c t\u1ebf b\u00ean trong b\u1ea1n ch\u1eb3ng h\u1ec1 tho\u1ea3i m\u00e1i s\u1ebd kh\u00f4ng mang l\u1ea1i t\u00e1c d\u1ee5ng l\u00e2u d\u00e0i.<\/p>\n<p>Cu\u1ed9c \u0111\u1eddi ch\u01b0a bao gi\u1edd th\u00f4i \u0111\u1ed5 b\u00e3o gi\u00f4ng, vi\u1ec7c c\u1ee7a b\u1ea1n kh\u00f4ng ph\u1ea3i l\u00e0 n\u00e9 tr\u00e1nh, c\u0169ng kh\u00f4ng ph\u1ea3i t\u1ef1 g\u00e2y \u00e1p l\u1ef1c khi\u1ebfn b\u1ea3n th\u00e2n c\u0103ng th\u1eb3ng, m\u00e0 l\u00e0 h\u1ecdc c\u00e1ch t\u1eadn h\u01b0\u1edfng trong ch\u00ednh ho\u00e0n c\u1ea3nh kh\u00f3 kh\u0103n \u1ea5y, t\u1eebng b\u01b0\u1edbc v\u01b0\u1ee3t qua c\u01a1n b\u00e3o m\u1ed9t c\u00e1ch v\u1eefng v\u00e0ng. \u0110\u1ec3 r\u1ed3i sau t\u1ea5t c\u1ea3, b\u1ea1n c\u00f3 th\u1ec3 m\u1ec9m c\u01b0\u1eddi th\u1ea3n nhi\u00ean r\u1eb1ng: T\u00f4i \u0111\u00e3 s\u1ed1ng m\u1ed9t cu\u1ed9c \u0111\u1eddi h\u1ea1nh ph\u00fac!<\/p>\n<p>H\u1ecdc \u0111\u01b0\u1ee3c c\u00e1ch c\u00e2n b\u1eb1ng c\u1ea3m x\u00fac c\u0169ng ch\u00ednh l\u00e0 h\u1ecdc \u0111\u01b0\u1ee3c c\u00e1ch l\u00e0m ch\u1ee7 cu\u1ed9c \u0111\u1eddi m\u00ecnh th\u00f4ng minh, s\u00e1ng su\u1ed1t v\u00e0 \u0111\u00fang h\u01b0\u1edbng. \u201cC\u00e2n b\u1eb1ng c\u1ea3m x\u00fac, c\u1ea3 l\u00fac b\u00e3o gi\u00f4ng\u201d qu\u1ea3 th\u1ef1c l\u00e0 m\u1ed9t cu\u1ed1n s\u00e1ch th\u1ef1c t\u1ebf m\u00e0 kh\u00f4ng k\u00e9m ph\u1ea7n khoa h\u1ecdc \u0111\u1ebfn t\u1eeb nh\u00e0 tr\u1ecb li\u1ec7u t\u00e2m l\u00fd n\u1ed5i ti\u1ebfng n\u01b0\u1edbc Anh Richard Nicholls.<\/p>\n<p>\u201cC\u00e2n b\u1eb1ng c\u1ea3m x\u00fac, c\u1ea3 l\u00fac b\u00e3o gi\u00f4ng\u201d l\u00e0 m\u1ed9t cu\u1ed1n s\u00e1ch khoa h\u1ecdc v\u1ec1 h\u1ea1nh ph\u00fac, kh\u00e1c bi\u1ec7t ho\u00e0n to\u00e0n so v\u1edbi nh\u1eefng cu\u1ed1n s\u00e1ch v\u1ec1 c\u1ea3m x\u00fac th\u00f4ng th\u01b0\u1eddng kh\u00e1c. Cu\u1ed1n n\u00e0y ch\u1ec9 cho ng\u01b0\u1eddi \u0111\u1ecdc nh\u1eefng l\u00fd do khi\u1ebfn ch\u00fang ta lu\u00f4n ti\u00eau c\u1ef1c v\u00e0 b\u1ea3n ch\u1ea5t c\u1ee7a nh\u1eefng \u0111i\u1ec1u \u0111\u00f3.<\/p>\n<p>Kh\u00f4ng ch\u1ec9 \u0111\u01b0a ra nguy\u00ean nh\u00e2n k\u1ebft qu\u1ea3 m\u00e0 c\u00f2n \u0111\u01b0a ra nh\u1eefng b\u00e0i t\u1eadp c\u1ee5 th\u1ec3 \u0111\u1ec3 c\u00e2n b\u1eb1ng c\u1ea3m x\u00fac m\u1ed7i ng\u00e0y nh\u01b0: Ng\u1eebng suy ngh\u0129 trong m\u1ed9t kho\u1ea3ng th\u1eddi gian c\u1ed1 \u0111\u1ecbnh, t\u01b0\u1edfng t\u01b0\u1ee3ng m\u1ed9t qu\u00e1 tr\u00ecnh, t\u1eadp s\u1ed1ng v\u1edbi b\u1ea3n th\u00e2n m\u1ed7i ng\u00e0y\u2026<\/p>\n<p>T\u1ea5t c\u1ea3 ch\u00fang ta \u0111\u1ec1u m\u1eafc ph\u1ea3i c\u00f9ng m\u1ed9t l\u1ed7i l\u1ea7m gi\u1ed1ng nhau, \u0111\u00f3 l\u00e0 qu\u00e1 ch\u00fa t\u00e2m v\u00e0o vi\u1ec7c t\u00ecm ki\u1ebfm ngu\u1ed3n vui ti\u1ebfp theo, m\u00e0 qu\u00ean m\u1ea5t nh\u1eefng g\u00ec m\u00ecnh \u0111ang s\u1eb5n c\u00f3. T\u00e1c gi\u1ea3 gi\u00fap ch\u00fang ta ch\u1ec9 ra \u0111\u1ec3 t\u1eeb \u0111\u00f3 tr\u00e2n tr\u1ecdng, \u0111\u1ec3 t\u1eadn d\u1ee5ng, v\u00e0 \u0111\u1ec3 h\u1ea1nh ph\u00fac.<\/p>\n<p><strong>\u0110\u1eebng \u0111\u1ec3 c\u1ea3m x\u00fac l\u1ea5n \u00e1t b\u1ea3n th\u00e2n<\/strong><br \/>\n\u0110a s\u1ed1 nh\u1eefng c\u1ea3m x\u00fac ti\u00eau c\u1ef1c ch\u1ec9 th\u1ecfa m\u00e3n \u0111\u01b0\u1ee3c ch\u00fang ta \u1edf th\u1eddi \u0111i\u1ec3m hi\u1ec7n t\u1ea1i. T\u1ee9c l\u00e0 ch\u00fang ta c\u00f3 th\u1ec3 s\u1ebd nh\u1eadn \u0111\u01b0\u1ee3c s\u1ef1 tho\u1ea3i m\u00e1i khi la h\u00e9t, c\u00e1u gi\u1eadn, ch\u1eedi th\u1ec1 m\u1ed9t ai \u0111\u00f3 nh\u01b0ng nh\u1eefng \u00e2m thanh ta ph\u00e1t ra, suy ngh\u0129 ta truy\u1ec1n \u0111i s\u1ebd \u0111\u00f3ng vai m\u1ed9t con dao s\u1eafc l\u1eb9m \u0111\u00e2m ng\u01b0\u1ee3c l\u1ea1i v\u00e0o ch\u00ednh th\u00e2n th\u1ec3 m\u00ecnh. C\u00e1c m\u1ed1i quan h\u1ec7, cu\u1ed9c s\u1ed1ng, c\u00f4ng vi\u1ec7c c\u1ee7a ch\u00fang ta s\u1ebd d\u1ea7n r\u01a1i v\u00e0o s\u1ef1 m\u1ec7t m\u1ecfi, b\u1ebf t\u1eafc.<\/p>\n<p>\u201cC\u00e2n b\u1eb1ng c\u1ea3m x\u00fac, c\u1ea3 l\u00fac b\u00e3o gi\u00f4ng\u201d kh\u00e1c bi\u1ec7t ho\u00e0n to\u00e0n so v\u1edbi nh\u1eefng cu\u1ed1n s\u00e1ch v\u1ec1 c\u1ea3m x\u00fac th\u00f4ng th\u01b0\u1eddng kh\u00e1c khi:<br \/>\nCh\u1ec9 cho ng\u01b0\u1eddi \u0111\u1ecdc nh\u1eefng l\u00fd do khi\u1ebfn ch\u00fang ta lu\u00f4n ti\u00eau c\u1ef1c v\u00e0 b\u1ea3n ch\u1ea5t c\u1ee7a nh\u1eefng \u0111i\u1ec1u n\u00e0y l\u00e0 g\u00ec?<br \/>\nNh\u1eefng \u0111i\u1ec1u khi\u1ebfn ch\u00fang ta th\u01b0\u1eddng xuy\u00ean n\u00f3ng gi\u1eadn v\u00e0 kh\u00f4ng h\u1ea1nh ph\u00fac b\u1eaft ngu\u1ed3n t\u1eeb \u0111\u00e2u?<br \/>\n\u0110\u01b0a ra nh\u1eefng b\u00e0i t\u1eadp c\u1ee5 th\u1ec3 \u0111\u1ec3 c\u00e2n b\u1eb1ng c\u1ea3m x\u00fac m\u1ed7i ng\u00e0y nh\u01b0: Ng\u1eebng suy ngh\u0129 trong m\u1ed9t kho\u1ea3ng th\u1eddi gian c\u1ed1 \u0111\u1ecbnh, t\u01b0\u1edfng t\u01b0\u1ee3ng m\u1ed9t qu\u00e1 tr\u00ecnh, t\u1eadp s\u1ed1ng v\u1edbi b\u1ea3n th\u00e2n m\u1ed7i ng\u00e0y\u2026<\/p>\n<p>C\u00e2n b\u1eb1ng ph\u01b0\u01a1ng tr\u00ecnh c\u1ee7a cu\u1ed9c \u0111\u1eddi kh\u00f4ng d\u1ec5, cu\u1ed1n s\u00e1ch n\u00e0y kh\u00f4ng ch\u1ec9 l\u00e0 l\u00fd thuy\u1ebft c\u00f2n cho b\u1ea1n nh\u1eefng k\u0129 n\u0103ng, ph\u01b0\u1edbng ph\u00e1p t\u1eadn t\u00ecnh nh\u1ea5t \u0111\u1ec3 gi\u00fap b\u1ea1n l\u00e0m ch\u1ee7 c\u1ea3m x\u00fac c\u1ee7a m\u00ecnh.<\/p>\n<p>\u201cC\u00e2n b\u1eb1ng c\u1ea3m x\u00fac, c\u1ea3 l\u00fac b\u00e3o gi\u00f4ng\u201d m\u1ed9t cu\u1ed1n s\u00e1ch th\u1ef1c t\u1ebf m\u00e0 kh\u00f4ng k\u00e9m ph\u1ea7n khoa h\u1ecdc \u2013 c\u00f3 th\u1ec3 s\u1ebd ph\u1ea7n n\u00e0o gi\u00fap b\u1ea1n t\u00ecm ra \u0111\u01b0\u1ee3c \u0111\u1ecbnh ngh\u0129a h\u1ea1nh ph\u00fac cho ri\u00eang m\u00ecnh.<\/p>\n<p><strong>\u0110o\u1ea1n tr\u00edch hay:<\/strong><\/p>\n<p>\u201c\u0110\u1eebng h\u1ee9a khi \u0111ang vui<br \/>\n\u0110\u1eebng tr\u1ea3 l\u1eddi khi \u0111ang n\u00f3ng gi\u1eadn<br \/>\n\u0110\u1eebng quy\u1ebft \u0111\u1ecbnh khi \u0111ang bu\u1ed3n\u2026\u201d<\/p>\n<p>\u201cS\u1ef1 k\u00ecm n\u00e9n v\u00e0 che gi\u1ea5u n\u1ed7i \u0111au ch\u1ec9 khi\u1ebfn tr\u00e1i tim b\u1ea1n tr\u1edf n\u00ean chai s\u1ea1n v\u00e0 t\u1ed5n th\u01b0\u1edfng nhi\u1ec1u h\u01a1n.\u201d<\/p>\n<p>\u201cNg\u01b0\u1eddi c\u00f3 th\u1ec3 khi\u1ebfn b\u1ea1n b\u00ecnh y\u00ean nh\u1ea5t, ngo\u00e0i b\u1ea1n ra th\u00ec kh\u00f4ng c\u00f2n m\u1ed9t ai kh\u00e1c n\u1eefa.\u201d<\/p>\n<p>\u201cTr\u00ean con \u0111\u01b0\u1eddng ki\u1ebfm t\u00ecm h\u1ea1nh ph\u00fac, b\u1ea1n c\u1ee7a hi\u1ec7n t\u1ea1i c\u00f3 th\u1ec3 \u0111\u00e3 h\u1ea1nh ph\u00fac r\u1ed3i, v\u00e0 \u0111\u00f3 l\u00e0 \u0111i\u1ec1u r\u1ea5t th\u1ef1c t\u1ebf.\u201d<\/p>\n<p>\u201cM\u1ed9t ng\u01b0\u1eddi m\u1ea1nh m\u1ebd th\u1ef1c s\u1ef1, kh\u00f4ng ph\u1ea3i nh\u00ecn \u1edf vi\u1ec7c ng\u01b0\u1eddi \u0111\u00f3 c\u00f3 th\u1ec3 l\u00e0m g\u00ec, m\u00e0 l\u00e0 \u1edf vi\u1ec7c c\u00f3 th\u1ec3 g\u00e1nh v\u00e1c \u0111\u01b0\u1ee3c c\u00e1i g\u00ec.\u201d<\/p>\n<p>\u201cN\u1ebfu ta ch\u1ec9 bi\u1ebft so s\u00e1nh m\u00ecnh v\u1edbi nh\u1eefng ng\u01b0\u1eddi ta cho l\u00e0 t\u00e0i gi\u1ecfi, v\u1eady ta s\u1ebd ch\u1ec9 th\u1ea5y m\u00ecnh l\u00e0 r\u00e1c r\u01b0\u1edfi.\u201d<\/p>\n  <div class=\"banner-grid-wrapper\">\n  <div id=\"banner-grid-1111580535\" class=\"banner-grid row row-grid row-small\" data-packery-options=\"\">\n                      \n<div class=\"col grid-col large-5 grid-col-1\" ><div class=\"col-inner\">\n\t<div class=\"img has-hover x md-x lg-x y md-y lg-y\" id=\"image_2129504546\">\n\t\t\t\t\t\t\t\t<div class=\"img-inner dark\" >\n\t\t\t<img loading=\"lazy\" decoding=\"async\" width=\"720\" height=\"960\" src=\"https:\/\/sachviet.eu\/wp-content\/uploads\/2021\/02\/can-bang-cam-xuc-ca-luc-bao-giong-review-hay.png\" class=\"attachment-large size-large\" alt=\"\" srcset=\"https:\/\/sachviet.eu\/wp-content\/uploads\/2021\/02\/can-bang-cam-xuc-ca-luc-bao-giong-review-hay.png 720w, https:\/\/sachviet.eu\/wp-content\/uploads\/2021\/02\/can-bang-cam-xuc-ca-luc-bao-giong-review-hay-225x300.png 225w, https:\/\/sachviet.eu\/wp-content\/uploads\/2021\/02\/can-bang-cam-xuc-ca-luc-bao-giong-review-hay-600x800.png 600w\" sizes=\"auto, (max-width: 720px) 100vw, 720px\" \/>\t\t\t\t\t\t\n\t\t\t\t\t<\/div>\n\t\t\t\t\t\t\t\t\n<style>\n#image_2129504546 {\n  width: 100%;\n}\n<\/style>\n\t<\/div>\n\t\n<\/div><\/div>\n<div class=\"col grid-col large-7 grid-col-1\" ><div class=\"col-inner\">\n\t<div class=\"img has-hover x md-x lg-x y md-y lg-y\" id=\"image_149451144\">\n\t\t\t\t\t\t\t\t<div class=\"img-inner dark\" >\n\t\t\t<img loading=\"lazy\" decoding=\"async\" width=\"864\" height=\"864\" src=\"https:\/\/sachviet.eu\/wp-content\/uploads\/2021\/02\/594eb57bb4f329ef6111583b7c433d41.png\" class=\"attachment-large size-large\" alt=\"\" srcset=\"https:\/\/sachviet.eu\/wp-content\/uploads\/2021\/02\/594eb57bb4f329ef6111583b7c433d41.png 864w, https:\/\/sachviet.eu\/wp-content\/uploads\/2021\/02\/594eb57bb4f329ef6111583b7c433d41-300x300.png 300w, https:\/\/sachviet.eu\/wp-content\/uploads\/2021\/02\/594eb57bb4f329ef6111583b7c433d41-150x150.png 150w, https:\/\/sachviet.eu\/wp-content\/uploads\/2021\/02\/594eb57bb4f329ef6111583b7c433d41-768x768.png 768w, https:\/\/sachviet.eu\/wp-content\/uploads\/2021\/02\/594eb57bb4f329ef6111583b7c433d41-600x600.png 600w, https:\/\/sachviet.eu\/wp-content\/uploads\/2021\/02\/594eb57bb4f329ef6111583b7c433d41-100x100.png 100w\" sizes=\"auto, (max-width: 864px) 100vw, 864px\" \/>\t\t\t\t\t\t\n\t\t\t\t\t<\/div>\n\t\t\t\t\t\t\t\t\n<style>\n#image_149451144 {\n  width: 100%;\n}\n<\/style>\n\t<\/div>\n\t\n<\/div><\/div>\n            <\/div>\n    <style>\n    #banner-grid-1111580535 .grid-col-1{height: 600px}\n    #banner-grid-1111580535 .grid-col-1-2{height: 300px}\n    #banner-grid-1111580535 .grid-col-1-3{height:200px}\n    #banner-grid-1111580535 .grid-col-2-3{height: 400px}\n    #banner-grid-1111580535 .grid-col-1-4{height: 150px}\n    #banner-grid-1111580535 .grid-col-3-4{height: 450px}\n\n\n    \n    \n\n  <\/style>\n    <\/div>\n  \n","protected":false},"excerpt":{"rendered":"<p>\u201cC\u00e2n B\u1eb1ng C\u1ea3m X\u00fac, C\u1ea3 L\u00fac B\u00e3o Gi\u00f4ng\u201d l\u00e0 cu\u1ed1n s\u00e1ch c\u00f9ng b\u1ea1n \u0111\u01b0\u01a1ng \u0111\u1ea7u v\u1edbi nh\u1eefng b\u00e3o t\u1ed1 tu\u1ed5i tr\u1ebb. Trong cu\u1ed1n s\u00e1ch n\u00e0y, t\u00e1c gi\u1ea3 k\u1ec3 l\u1ea1i nh\u1eefng c\u00e2u chuy\u1ec7n, nh\u1eefng v\u00ed d\u1ee5 c\u1ee5 th\u1ec3 trong cu\u1ed9c s\u1ed1ng. T\u1eeb \u0111\u00f3 \u0111\u01b0a ra nh\u1eefng c\u00e1ch nh\u00ecn nh\u1eadn, nh\u1eefng l\u1eddi khuy\u00ean r\u1ea5t hay v\u00e0 \u00fd ngh\u0129a, nh\u1ea5t l\u00e0 d\u00e0nh cho c\u00e1c b\u1ea1n. Cu\u1ed1n s\u00e1ch gi\u00fap ch\u00fang ta h\u1ecdc \u0111\u01b0\u1ee3c c\u00e1ch c\u00e2n b\u1eb1ng c\u1ea3m x\u00fac c\u0169ng ch\u00ednh l\u00e0 h\u1ecdc \u0111\u01b0\u1ee3c c\u00e1ch l\u00e0m ch\u1ee7 cu\u1ed9c \u0111\u1eddi m\u00ecnh th\u00f4ng minh, s\u00e1ng su\u1ed1t v\u00e0 \u0111\u00fang h\u01b0\u1edbng.<\/p>\n","protected":false},"featured_media":923,"template":"","meta":{"_acf_changed":false},"product_brand":[],"product_cat":[15,46],"product_tag":[],"class_list":{"0":"post-937","1":"product","2":"type-product","3":"status-publish","4":"has-post-thumbnail","6":"product_cat-sach-danh-cho-nguoi-lon","7":"product_cat-ky-nang-song","9":"first","10":"outofstock","11":"taxable","12":"shipping-taxable","13":"purchasable","14":"product-type-simple"},"supplier_id":null,"supplier_sku":"","barcode":null,"atum_controlled":true,"out_stock_date":"2023-09-03 11:02:43","out_stock_threshold":null,"inheritable":false,"inbound_stock":0,"stock_on_hold":0,"sold_today":0,"sales_last_days":0,"reserved_stock":0,"customer_returns":0,"warehouse_damage":0,"lost_in_post":0,"other_logs":0,"out_stock_days":878,"lost_sales":0,"has_location":false,"update_date":"2026-01-28T23:10:29","atum_locations":[],"atum_stock_status":"outofstock","restock_status":false,"low_stock_amount":"","sales_update_date":"2026-01-28T23:10:29","calc_backorders":null,"acf":{"publisher":{"ID":1460,"post_author":"1","post_date":"2021-02-17 01:12:24","post_date_gmt":"2021-02-16 23:12:24","post_content":"<!-- wp:flatsome\/uxbuilder -->\n<h1 style=\"text-align: center;\"><strong>Skybooks<\/strong><\/h1>\n[row]\n\n[col span=\"7\" span__sm=\"12\"]\n\n<p>C\u00f4ng ty ph\u00e1t h\u00e0nh s\u00e1ch Skybooks. \"T\u00f4i tr\u1ebb, t\u00f4i \u0111am m\u00ea\" v\u1edbi s\u1ee9 m\u1ec7nh lan to\u1ea3 c\u1ea3m x\u00fac v\u00e0 k\u1ebft n\u1ed1i t\u00e2m h\u1ed3n<\/p>\n<p><strong>Skybooks l\u00e0 c\u00e2u chuy\u1ec7n k\u1ec3 v\u1ec1:<\/strong><br \/>M\u1ed9t th\u1ebf h\u1ec7 ng\u01b0\u1eddi vi\u1ebft tr\u1ebb, \u0111am m\u00ea v\u0103n ch\u01b0\u01a1ng v\u00e0 t\u00f4n tr\u1ecdng, g\u00ecn gi\u1eef, s\u00e1ng t\u1ea1o Ti\u1ebfng Vi\u1ec7t. M\u1ed9t th\u1ebf h\u1ec7 \u0111\u1ed9c gi\u1ea3 tr\u1ebb, \u0111am m\u00ea kh\u00e1m ph\u00e1 ng\u00f4n ng\u1eef v\u00e0 say m\u00ea \u0111\u1ebfn v\u1edbi th\u1ebf gi\u1edbi c\u1ee7a nh\u1eefng quy\u1ec3n s\u00e1ch. M\u1ed9t th\u1ebf h\u1ec7 ng\u01b0\u1eddi l\u00e0m s\u00e1ch tr\u1ebb, \u0111am m\u00ea mang nh\u1eefng gi\u00e1 tr\u1ecb tinh th\u1ea7n l\u1ea1i g\u1ea7n ng\u01b0\u1eddi \u0111\u1ecdc.<br \/>Trong b\u1ed9 nh\u1eadn d\u1ea1ng th\u01b0\u01a1ng hi\u1ec7u:<br \/>Skybooks v\u1edbi ch\u1eef Sky m\u00e0u xanh da tr\u1eddi c\u00f3 \u00fd ngh\u0129a l\u00e0 c\u00f4ng ty B\u1ea7u Tr\u1eddi - n\u01a1i t\u1ea5t c\u1ea3 \u01b0\u1edbc m\u01a1 \u0111\u01b0\u1ee3c t\u1ef1 do tung c\u00e1nh.<br \/>V\u1edbi logo h\u00ecnh hoa b\u1ed3 c\u00f4ng anh \u0111ang bay t\u01b0\u1ee3ng tr\u01b0ng cho s\u1ef1 lan to\u1ea3 c\u1ea3m x\u00fac v\u00e0 kh\u00e1t v\u1ecdng bay cao.<br \/>K\u1ebb v\u1ea1ch logo c\u00f3 n\u1ec1n m\u00e0u ghi x\u00e1m xu\u1ea5t hi\u1ec7n tr\u00ean b\u00eca m\u1ecdi \u1ea5n ph\u1ea9m th\u1ec3 hi\u1ec7n con \u0111\u01b0\u1eddng b\u01b0\u1edbc v\u00e0o th\u1ecb tr\u01b0\u1eddng s\u00e1ch v\u00e0 chinh ph\u1ee5c \u0111\u1ed9c gi\u1ea3 l\u00e0 m\u1ed9t h\u00e0nh tr\u00ecnh d\u00e0i, \u0111\u1ea7y gian kh\u00f3, c\u00f3 nhi\u1ec1u b\u00e3o t\u1ed1, nh\u01b0ng ch\u1ec9 c\u1ea7n n\u1ed7 l\u1ef1c c\u1ed1 g\u1eafng nh\u1ea5t \u0111\u1ecbnh s\u1ebd ngo\u1ea1n m\u1ee5c v\u01b0\u1ee3t qua. \u0110\u1ec3 kh\u1eb3ng \u0111\u1ecbnh v\u00e0 ch\u1ee9ng minh ch\u00ednh m\u00ecnh!<\/p>\n\n[\/col]\n[col span=\"5\" span__sm=\"12\"]\n\n[ux_image id=\"1825\" image_size=\"medium\"]\n\n\n[\/col]\n\n[\/row]\n\n<!-- \/wp:flatsome\/uxbuilder -->","post_title":"Skybooks","post_excerpt":"","post_status":"publish","comment_status":"closed","ping_status":"closed","post_password":"","post_name":"skybooks","to_ping":"","pinged":"","post_modified":"2021-02-17 01:57:31","post_modified_gmt":"2021-02-16 23:57:31","post_content_filtered":"","post_parent":0,"guid":"https:\/\/sachviet.eu\/nha-phat-hanh\/skybooks\/","menu_order":0,"post_type":"publisher","post_mime_type":"","comment_count":"0","filter":"raw"}},"_links":{"self":[{"href":"https:\/\/sachviet.eu\/en\/wp-json\/wp\/v2\/product\/937","targetHints":{"allow":["GET"]}}],"collection":[{"href":"https:\/\/sachviet.eu\/en\/wp-json\/wp\/v2\/product"}],"about":[{"href":"https:\/\/sachviet.eu\/en\/wp-json\/wp\/v2\/types\/product"}],"wp:featuredmedia":[{"embeddable":true,"href":"https:\/\/sachviet.eu\/en\/wp-json\/wp\/v2\/media\/923"}],"wp:attachment":[{"href":"https:\/\/sachviet.eu\/en\/wp-json\/wp\/v2\/media?parent=937"}],"wp:term":[{"taxonomy":"product_brand","embeddable":true,"href":"https:\/\/sachviet.eu\/en\/wp-json\/wp\/v2\/product_brand?post=937"},{"taxonomy":"product_cat","embeddable":true,"href":"https:\/\/sachviet.eu\/en\/wp-json\/wp\/v2\/product_cat?post=937"},{"taxonomy":"product_tag","embeddable":true,"href":"https:\/\/sachviet.eu\/en\/wp-json\/wp\/v2\/product_tag?post=937"}],"curies":[{"name":"wp","href":"https:\/\/api.w.org\/{rel}","templated":true}]}}