{"id":9347,"date":"2021-06-02T00:53:31","date_gmt":"2021-06-01T21:53:31","guid":{"rendered":"https:\/\/sachviet.eu\/shop\/influencer-nguoi-co-suc-anh-huong\/"},"modified":"2021-06-10T01:15:32","modified_gmt":"2021-06-09T22:15:32","slug":"influencer-nguoi-co-suc-anh-huong","status":"publish","type":"product","link":"https:\/\/sachviet.eu\/en\/shop\/influencer-nguoi-co-suc-anh-huong\/","title":{"rendered":"Influencer &#8211; Ng\u01b0\u1eddi C\u00f3 S\u1ee9c \u1ea2nh H\u01b0\u1edfng"},"content":{"rendered":"<p>M\u1ed9t c\u00f4ng vi\u1ec7c th\u1eddi th\u01b0\u1ee3ng, thu nh\u1eadp cao ch\u00f3t v\u00f3t, ng\u00e0y ng\u00e0y \u0103n ngon m\u1eb7c \u0111\u1eb9p? Kh\u00e1 \u0111\u00fang r\u1ed3i \u0111\u1ea5y, nh\u01b0ng ch\u01b0a ph\u1ea3i l\u00e0 t\u1ea5t c\u1ea3 v\u1ec1 c\u00f4ng vi\u1ec7c c\u1ee7a m\u1ed9t ng\u01b0\u1eddi c\u00f3 s\u1ee9c \u1ea3nh h\u01b0\u1edfng. \u0110\u1eb1ng sau nh\u1eefng b\u1ee9c \u1ea3nh ng\u00e0n like, nh\u1eefng l\u1eddi tung h\u00f4, nh\u1eefng m\u00e0n xu\u1ea5t hi\u1ec7n long lanh trong c\u00e1c s\u1ef1 ki\u1ec7n, c\u00f4ng vi\u1ec7c c\u1ee7a ng\u01b0\u1eddi c\u00f3 s\u1ee9c \u1ea3nh h\u01b0\u1edfng c\u0169ng c\u00f3 n\u1ed7i lo, \u00e1p l\u1ef1c m\u00e0 kh\u00f4ng ph\u1ea3i ai c\u0169ng hi\u1ec3u.<\/p>\n<p>Tuy nhi\u00ean n\u1ebfu b\u1ea1n v\u1eabn \u0111ang khao kh\u00e1t m\u1ed9t ng\u00e0y n\u00e0o \u0111\u00f3 \u0111\u01b0\u1ee3c tr\u1edf th\u00e0nh nh\u1eefng con ng\u01b0\u1eddi kia th\u00ec xin m\u1eddi, cu\u1ed1n s\u00e1ch n\u00e0y l\u00e0 d\u00e0nh cho b\u1ea1n. B\u1ee9c tranh v\u1ec1 danh x\u01b0ng h\u1ea5p d\u1eabn h\u00e0ng \u0111\u1ea7u d\u00e0nh cho gi\u1edbi tr\u1ebb hi\u1ec7n nay s\u1ebd \u0111\u01b0\u1ee3c k\u1ec3 ch\u00e2n th\u1eadt b\u1edfi ch\u00ednh nh\u1eefng ng\u01b0\u1eddi trong cu\u1ed9c.<\/p>\n<p>Cu\u1ed9c ch\u01a1i n\u00e0y \u0111\u01b0\u1ee3c sinh ra d\u00e0nh cho nh\u1eefng ng\u01b0\u1eddi b\u1ea3n l\u0129nh, t\u1ef1 tin v\u00e0 kh\u00f4ng ng\u1eebng s\u00e1ng t\u1ea1o. B\u1ea1n c\u00f3 ngh\u0129 m\u00ecnh x\u1ee9ng \u0111\u00e1ng to\u1ea3 s\u00e1ng kh\u00f4ng? Ng\u01b0\u1eddi duy nh\u1ea5t c\u00f3 th\u1ec3 tr\u1ea3 l\u1eddi c\u00e2u h\u1ecfi n\u00e0y ch\u00ednh l\u00e0 b\u1ea1n!<\/p>\n<p>\u201cC\u00f4ng vi\u1ec7c c\u1ee7a m\u1ed9t ng\u01b0\u1eddi c\u00f3 s\u1ee9c \u1ea3nh h\u01b0\u1edfng (h\u1ee9a h\u1eb9n s\u1ebd) \u0111em \u0111\u1ebfn cho b\u1ea1n ti\u1ec1n b\u1ea1c, danh ti\u1ebfng v\u00e0 quy\u1ec1n l\u1ef1c, nh\u01b0ng \u0111\u1eebng n\u00ean l\u1ea5y nh\u1eefng th\u1ee9 n\u00e0y ra \u0111\u1ec3 l\u00e0m m\u1ee5c ti\u00eau ph\u1ea5n \u0111\u1ea5u. B\u1edfi v\u00ec m\u1ed9t khi \u0111\u00e3 \u0111\u1ea1t \u0111\u01b0\u1ee3c, b\u1ea1n s\u1ebd kh\u00f4ng bi\u1ebft ph\u1ea3i l\u00e0m g\u00ec ti\u1ebfp theo. H\u00e3y chi\u1ebfn \u0111\u1ea5u v\u00ec nh\u1eefng gi\u00e1 tr\u1ecb, th\u00f4ng \u0111i\u1ec7p, \u0111i\u1ec1u t\u1ed1t \u0111\u1eb9p m\u00e0 b\u1ea1n lu\u00f4n tin t\u01b0\u1edfng v\u00e0 mu\u1ed1n lan t\u1ecfa ra th\u1ebf gi\u1edbi. B\u1edfi v\u00ec kh\u00f4ng bao gi\u1edd c\u00f3 kh\u00e1i ni\u1ec7m \u201cd\u01b0 th\u1eeba\u201d \u0111\u1ed1i v\u1edbi nh\u1eefng \u0111i\u1ec1u nh\u01b0 v\u1eady. T\u00f4n tr\u1ecdng ch\u00ednh m\u00ecnh, l\u00e0m vi\u1ec7c ch\u0103m ch\u1ec9 v\u00e0 kh\u00f4ng ng\u1eebng h\u1ecdc h\u1ecfi, r\u1ed3i s\u1ebd \u0111\u1ebfn m\u1ed9t ng\u00e0y b\u1ea1n th\u1ea5y \u0111\u01b0\u1ee3c th\u00e0nh qu\u1ea3, v\u00e0 nh\u1eadn ra r\u1eb1ng m\u00ecnh \u0111\u1eb7c bi\u1ec7t \u0111\u1ebfn nh\u01b0\u1eddng n\u00e0o.\u201d  <\/p>\n<p>Tr\u00edch Influencer \u2013 Ng\u01b0\u1eddi c\u00f3 s\u1ee9c \u1ea3nh h\u01b0\u1edfng<\/p>\n<p>T\u00e1c gi\u1ea3: Nh\u1eadt Chung<\/p>\n<p>C\u00f4ng vi\u1ec7c: Tr\u01b0\u1edfng ban \u0110\u1eddi s\u1ed1ng v\u00e0 Du l\u1ecbch t\u1ea1i K\u00eanh14.vn<\/p>\n<p>L\u00e0 v\u00ed d\u1ee5 \u0111i\u1ec3n h\u00ecnh cho ki\u1ec3u ng\u01b0\u1eddi s\u1edf h\u1eefu g\u01b0\u01a1ng m\u1eb7t kh\u00f3 \u1edf.<\/p>\n<p>Kh\u1ea3 n\u0103ng \u0111\u1eb7c bi\u1ec7t: Khi\u1ebfn m\u1ecdi th\u1ee9 b\u00ecnh th\u01b0\u1eddng tr\u1edf n\u00ean h\u00e0i h\u01b0\u1edbc.<\/p>\n<p>S\u00e1ch \u0111\u00e3 in:<\/p>\n<p>C\u1ed1ng hi\u1ebfn c\u00f3 \u0111i\u1ec1u ki\u1ec7n, l\u00e0m vi\u1ec7c kh\u00f4ng h\u1ed1i ti\u1ebfc (NXB Kim \u0110\u1ed3ng, 2019)<\/p>\n","protected":false},"excerpt":{"rendered":"<p>M\u1ed9t c\u00f4ng vi\u1ec7c th\u1eddi th\u01b0\u1ee3ng, thu nh\u1eadp cao ch\u00f3t v\u00f3t, ng\u00e0y ng\u00e0y \u0103n ngon m\u1eb7c \u0111\u1eb9p? Kh\u00e1 \u0111\u00fang r\u1ed3i \u0111\u1ea5y, nh\u01b0ng ch\u01b0a ph\u1ea3i l\u00e0 t\u1ea5t c\u1ea3 v\u1ec1 c\u00f4ng vi\u1ec7c c\u1ee7a m\u1ed9t ng\u01b0\u1eddi c\u00f3 s\u1ee9c \u1ea3nh h\u01b0\u1edfng. \u0110\u1eb1ng sau nh\u1eefng b\u1ee9c \u1ea3nh ng\u00e0n like, nh\u1eefng l\u1eddi tung h\u00f4, nh\u1eefng m\u00e0n xu\u1ea5t hi\u1ec7n long lanh trong c\u00e1c s\u1ef1 ki\u1ec7n, c\u00f4ng vi\u1ec7c c\u1ee7a ng\u01b0\u1eddi c\u00f3 s\u1ee9c \u1ea3nh h\u01b0\u1edfng c\u0169ng c\u00f3 n\u1ed7i lo, \u00e1p l\u1ef1c m\u00e0 kh\u00f4ng ph\u1ea3i ai c\u0169ng hi\u1ec3u.<\/p>\n<p>Tuy nhi\u00ean n\u1ebfu b\u1ea1n v\u1eabn \u0111ang khao kh\u00e1t m\u1ed9t ng\u00e0y n\u00e0o \u0111\u00f3 \u0111\u01b0\u1ee3c tr\u1edf th\u00e0nh nh\u1eefng con ng\u01b0\u1eddi kia th\u00ec xin m\u1eddi, cu\u1ed1n s\u00e1ch n\u00e0y l\u00e0 d\u00e0nh cho b\u1ea1n. B\u1ee9c tranh v\u1ec1 danh x\u01b0ng h\u1ea5p d\u1eabn h\u00e0ng \u0111\u1ea7u d\u00e0nh cho gi\u1edbi tr\u1ebb hi\u1ec7n nay s\u1ebd \u0111\u01b0\u1ee3c k\u1ec3 ch\u00e2n th\u1eadt b\u1edfi ch\u00ednh nh\u1eefng ng\u01b0\u1eddi trong cu\u1ed9c.<\/p>\n<p>Cu\u1ed9c ch\u01a1i n\u00e0y \u0111\u01b0\u1ee3c sinh ra d\u00e0nh cho nh\u1eefng ng\u01b0\u1eddi b\u1ea3n l\u0129nh, t\u1ef1 tin v\u00e0 kh\u00f4ng ng\u1eebng s\u00e1ng t\u1ea1o. B\u1ea1n c\u00f3 ngh\u0129 m\u00ecnh x\u1ee9ng \u0111\u00e1ng to\u1ea3 s\u00e1ng kh\u00f4ng? Ng\u01b0\u1eddi duy nh\u1ea5t c\u00f3 th\u1ec3 tr\u1ea3 l\u1eddi c\u00e2u h\u1ecfi n\u00e0y ch\u00ednh l\u00e0 b\u1ea1n!<\/p>\n","protected":false},"featured_media":9346,"template":"","meta":{"_acf_changed":false},"product_brand":[],"product_cat":[15,46],"product_tag":[],"class_list":{"0":"post-9347","1":"product","2":"type-product","3":"status-publish","4":"has-post-thumbnail","6":"product_cat-sach-danh-cho-nguoi-lon","7":"product_cat-ky-nang-song","9":"first","10":"outofstock","11":"taxable","12":"shipping-taxable","13":"purchasable","14":"product-type-simple"},"supplier_id":null,"supplier_sku":"","barcode":null,"atum_controlled":true,"out_stock_date":"2021-06-09 22:15:32","out_stock_threshold":null,"inheritable":false,"inbound_stock":0,"stock_on_hold":0,"sold_today":0,"sales_last_days":0,"reserved_stock":0,"customer_returns":0,"warehouse_damage":0,"lost_in_post":0,"other_logs":0,"out_stock_days":1694,"lost_sales":0,"has_location":false,"update_date":"2026-01-28T23:10:43","atum_locations":[],"atum_stock_status":"outofstock","restock_status":false,"low_stock_amount":"","sales_update_date":"2026-01-28T23:10:43","calc_backorders":null,"acf":{"publisher":{"ID":1454,"post_author":"1","post_date":"2021-02-17 01:11:34","post_date_gmt":"2021-02-16 23:11:34","post_content":"<!-- wp:flatsome\/uxbuilder -->\n<h1 style=\"text-align: center;\"><strong>Kim \u0110\u1ed3ng<\/strong><\/h1>\n[row]\n\n[col span=\"3\" span__sm=\"12\"]\n\n[ux_image id=\"1534\" image_size=\"medium\"]\n\n\n[\/col]\n[col span=\"9\" span__sm=\"12\"]\n\n<p>Nh\u00e0 xu\u1ea5t b\u1ea3n Kim \u0110\u1ed3ng tr\u1ef1c thu\u1ed9c Trung \u01b0\u01a1ng \u0110o\u00e0n TNCS H\u1ed3 Ch\u00ed Minh l\u00e0 Nh\u00e0 xu\u1ea5t b\u1ea3n t\u1ed5ng h\u1ee3p c\u00f3 ch\u1ee9c n\u0103ng xu\u1ea5t b\u1ea3n s\u00e1ch v\u00e0 v\u0103n h\u00f3a ph\u1ea9m ph\u1ee5c v\u1ee5 thi\u1ebfu nhi v\u00e0 c\u00e1c b\u1eadc ph\u1ee5 huynh trong c\u1ea3 n\u01b0\u1edbc, qu\u1ea3ng b\u00e1 v\u00e0 gi\u1edbi thi\u1ec7u v\u0103n h\u00f3a Vi\u1ec7t Nam ra th\u1ebf gi\u1edbi.<br \/>Nh\u00e0 xu\u1ea5t b\u1ea3n c\u00f3 nhi\u1ec7m v\u1ee5 t\u1ed5 ch\u1ee9c b\u1ea3n th\u1ea3o, bi\u00ean so\u1ea1n, bi\u00ean d\u1ecbch, xu\u1ea5t b\u1ea3n v\u00e0 ph\u00e1t h\u00e0nh c\u00e1c xu\u1ea5t b\u1ea3n ph\u1ea9m c\u00f3 n\u1ed9i dung: gi\u00e1o d\u1ee5c truy\u1ec1n th\u1ed1ng d\u00e2n t\u1ed9c, gi\u00e1o d\u1ee5c v\u1ec1 tri th\u1ee9c, ki\u1ebfn th\u1ee9c\u2026 tr\u00ean c\u00e1c l\u0129nh v\u1ef1c v\u0103n h\u1ecdc, ngh\u1ec7 thu\u1eadt, khoa h\u1ecdc k\u1ef9 thu\u1eadt nh\u1eb1m cung c\u1ea5p cho c\u00e1c em thi\u1ebfu nhi c\u0169ng nh\u01b0 c\u00e1c b\u1eadc ph\u1ee5 huynh c\u00e1c ki\u1ebfn th\u1ee9c c\u1ea7n thi\u1ebft trong cu\u1ed9c s\u1ed1ng, nh\u1eefng tinh hoa c\u1ee7a tri th\u1ee9c nh\u00e2n lo\u1ea1i nh\u1eb1m g\u00f3p ph\u1ea7n gi\u00e1o d\u1ee5c v\u00e0 h\u00ecnh th\u00e0nh nh\u00e2n c\u00e1ch th\u1ebf h\u1ec7 tr\u1ebb.<br \/>\u0110\u1ed1i t\u01b0\u1ee3ng ph\u1ee5c v\u1ee5 c\u1ee7a Nh\u00e0 xu\u1ea5t b\u1ea3n l\u00e0 c\u00e1c em t\u1eeb tu\u1ed5i nh\u00e0 tr\u1ebb m\u1eabu gi\u00e1o (1 \u0111\u1ebfn 5 tu\u1ed5i), nhi \u0111\u1ed3ng (6 \u0111\u1ebfn 9 tu\u1ed5i), thi\u1ebfu ni\u00ean (10 \u0111\u1ebfn 15 tu\u1ed5i) \u0111\u1ebfn c\u00e1c em tu\u1ed5i m\u1edbi l\u1edbn (16 \u0111\u1ebfn 18 tu\u1ed5i) v\u00e0 c\u00e1c b\u1eadc ph\u1ee5 huynh.<\/p>\n\n[\/col]\n\n[\/row]\n\n<!-- \/wp:flatsome\/uxbuilder -->","post_title":"Kim \u0110\u1ed3ng","post_excerpt":"","post_status":"publish","comment_status":"closed","ping_status":"closed","post_password":"","post_name":"kim-dong","to_ping":"","pinged":"","post_modified":"2021-02-17 01:31:56","post_modified_gmt":"2021-02-16 23:31:56","post_content_filtered":"","post_parent":0,"guid":"https:\/\/sachviet.eu\/nha-phat-hanh\/kim-dong\/","menu_order":0,"post_type":"publisher","post_mime_type":"","comment_count":"0","filter":"raw"}},"_links":{"self":[{"href":"https:\/\/sachviet.eu\/en\/wp-json\/wp\/v2\/product\/9347","targetHints":{"allow":["GET"]}}],"collection":[{"href":"https:\/\/sachviet.eu\/en\/wp-json\/wp\/v2\/product"}],"about":[{"href":"https:\/\/sachviet.eu\/en\/wp-json\/wp\/v2\/types\/product"}],"wp:featuredmedia":[{"embeddable":true,"href":"https:\/\/sachviet.eu\/en\/wp-json\/wp\/v2\/media\/9346"}],"wp:attachment":[{"href":"https:\/\/sachviet.eu\/en\/wp-json\/wp\/v2\/media?parent=9347"}],"wp:term":[{"taxonomy":"product_brand","embeddable":true,"href":"https:\/\/sachviet.eu\/en\/wp-json\/wp\/v2\/product_brand?post=9347"},{"taxonomy":"product_cat","embeddable":true,"href":"https:\/\/sachviet.eu\/en\/wp-json\/wp\/v2\/product_cat?post=9347"},{"taxonomy":"product_tag","embeddable":true,"href":"https:\/\/sachviet.eu\/en\/wp-json\/wp\/v2\/product_tag?post=9347"}],"curies":[{"name":"wp","href":"https:\/\/api.w.org\/{rel}","templated":true}]}}