{"id":9345,"date":"2021-06-02T00:53:26","date_gmt":"2021-06-01T21:53:26","guid":{"rendered":"https:\/\/sachviet.eu\/shop\/ho-chieu-xanh-di-quanh-the-gioi-nhung-buoc-de-tro-thanh-cong-dan-toan-cau-tai-ban-2018\/"},"modified":"2021-07-04T12:59:03","modified_gmt":"2021-07-04T09:59:03","slug":"ho-chieu-xanh-di-quanh-the-gioi-nhung-buoc-de-tro-thanh-cong-dan-toan-cau-tai-ban-2018","status":"publish","type":"product","link":"https:\/\/sachviet.eu\/en\/shop\/ho-chieu-xanh-di-quanh-the-gioi-nhung-buoc-de-tro-thanh-cong-dan-toan-cau-tai-ban-2018\/","title":{"rendered":"H\u1ed9 Chi\u1ebfu Xanh \u0110i Quanh Th\u1ebf Gi\u1edbi: Nh\u1eefng B\u01b0\u1edbc \u0110\u1ec3 Tr\u1edf Th\u00e0nh C\u00f4ng D\u00e2n To\u00e0n C\u1ea7u (T\u00e1i B\u1ea3n 2018)"},"content":{"rendered":"<p>Ba t\u00e1c gi\u1ea3 tr\u1ebb tu\u1ed5i c\u1ee7a cu\u1ed1n s\u00e1ch H\u1ed9 chi\u1ebfu xanh \u0111i quanh th\u1ebf gi\u1edbi: Nh\u1eefng b\u01b0\u1edbc \u0111\u1ec3 tr\u1edf th\u00e0nh c\u00f4ng d\u00e2n to\u00e0n c\u1ea7u l\u00e0 nh\u1eefng c\u00f4ng d\u00e2n to\u00e0n c\u1ea7u \u0111i\u1ec3n h\u00ecnh khi c\u1ea3 ba \u0111\u1ec1u \u0111a\u0303 t\u01b0\u0300ng s\u00f4\u0301ng, ho\u0323c t\u00e2\u0323p va\u0300 la\u0300m vi\u00ea\u0323c ta\u0323i nhi\u00ea\u0300u qu\u00f4\u0301c gia tr\u00ean th\u00ea\u0301 gi\u01a1\u0301i, m\u0103\u0323c du\u0300 h\u1ecd v\u01b0\u0300a m\u01a1\u0301i r\u01a1\u0300i gh\u00ea\u0301 nha\u0300 tr\u01b0\u01a1\u0300ng.<\/p>\n<p>H\u1ecd g\u1eb7p nhau \u1edf tr\u01b0\u1eddng \u0110\u1ea1i h\u1ecdc Kinh t\u1ebf Praha t\u1ea1i C\u1ed9ng H\u00f2a S\u00e9c, v\u00e0 nh\u01b0 nh\u1eefng con ng\u01b0\u1eddi to\u00e0n c\u1ea7u th\u1ef1c s\u1ef1, sau khi t\u1ed1t nghi\u1ec7p h\u1ecd \u0111\u00e3 ch\u1ecdn cho m\u00ecnh nh\u1eefng h\u01b0\u1edbng \u0111i kh\u00e1c nhau. Nh\u01b0ng c\u1ea3 ba c\u00f3 m\u1ed9t \u0111i\u1ec3m chung: h\u1ecd \u0111\u1ec1u l\u00e0 nh\u1eefng ng\u01b0\u1eddi \u0111\u00e3 t\u1eadn d\u1ee5ng nh\u1eefng c\u01a1 h\u1ed9i qu\u00fd b\u00e1u \u0111\u1ec3 tr\u1edf th\u00e0nh c\u00f4ng d\u00e2n to\u00e0n c\u1ea7u. Khi c\u00f2n ng\u1ed3i tr\u00ean gi\u1ea3ng \u0111\u01b0\u1eddng \u0111\u1ea1i h\u1ecdc, c\u1ea3 ba \u0111\u1ec1u l\u00e0 nh\u1eefng ng\u01b0\u1eddi c\u00f3 nhi\u1ec1u ho\u00e0i b\u00e3o. H\u1ecd m\u01a1 \u01b0\u1edbc \u0111\u01b0\u1ee3c mang quy\u1ec3n h\u1ed9 chi\u1ebfu Vi\u1ec7t Nam \u0111i kh\u1eafp th\u1ebf gi\u1edbi, \u0111\u1ec3 ch\u1ee9ng t\u1ecf v\u1edbi m\u1ecdi ng\u01b0\u1eddi l\u00e0 h\u1ecd v\u1eabn c\u00f3 th\u1ec3 \u0111\u1ebfn b\u1ea5t c\u1ee9 qu\u1ed1c gia n\u00e0o h\u1ecd mu\u1ed1n v\u1edbi t\u1ea5m h\u1ed9 chi\u1ebfu t\u1eeb m\u1ed9t \u201c\u0111\u1ea5t n\u01b0\u1edbc th\u1ee9 ba\u201d.<\/p>\n<p>Trong cu\u1ed1n s\u00e1ch H\u1ed9 chi\u1ebfu xanh \u0111i quanh th\u1ebf gi\u1edbi: Nh\u1eefng b\u01b0\u1edbc \u0111\u1ec3 tr\u1edf th\u00e0nh c\u00f4ng d\u00e2n to\u00e0n c\u1ea7u, ba t\u00e1c gi\u1ea3 s\u1ebd gi\u1edbi thi\u1ec7u nh\u1eefng b\u00ed quy\u1ebft \u0111\u1ec3 tr\u1edf th\u00e0nh c\u00f4ng d\u00e2n to\u00e0n c\u1ea7u, chia s\u1ebb nh\u1eefng kinh nghi\u1ec7m c\u1ee7a h\u1ecd c\u0169ng nh\u01b0 gi\u00fap b\u1ea1n v\u1ea1ch h\u01b0\u1edbng \u0111i ra th\u1ebf gi\u1edbi. T\u1eeb khi b\u1eaft \u0111\u1ea7u d\u1ef1 \u00e1n H\u1ed9 chi\u1ebfu xanh \u0111i quanh th\u1ebf gi\u1edbi, c\u00e1c t\u00e1c gi\u1ea3 \u0111\u00e3 t\u1ed5 ch\u1ee9c nh\u1eefng bu\u1ed5i giao l\u01b0u v\u00e0 n\u00f3i chuy\u1ec7n th\u01b0\u1eddng xuy\u00ean v\u1edbi nh\u1eefng b\u1ea1n tr\u1ebb \u1edf Vi\u1ec7t Nam c\u0169ng nh\u01b0 \u1edf n\u01b0\u1edbc ngo\u00e0i, v\u00ec h\u1ecd tin r\u1eb1ng h\u1ecdc h\u1ecfi kinh nghi\u1ec7m v\u00e0 tri th\u1ee9c t\u1eeb nh\u1eefng ng\u01b0\u1eddi \u0111i tr\u01b0\u1edbc l\u00e0 c\u00e1ch t\u1ed1t nh\u1ea5t v\u00e0 hi\u1ec7u qu\u1ea3 nh\u1ea5t \u0111\u1ec3 m\u1ecdi ng\u01b0\u1eddi c\u00f3 th\u1ec3 th\u1ef1c hi\u1ec7n \u0111\u01b0\u1ee3c \u01b0\u1edbc m\u01a1 c\u1ee7a m\u00ecnh. Nh\u1eefng chi ti\u1ebft v\u00e0 c\u00e2u chuy\u1ec7n trong cu\u1ed1n s\u00e1ch n\u00e0y \u0111\u00e3 \u0111\u01b0\u1ee3c thu th\u1eadp l\u1ea1i t\u1eeb nh\u1eefng bu\u1ed5i giao l\u01b0u nh\u01b0 v\u1eady.<\/p>\n<p>Cu\u1ed1n s\u00e1ch kh\u00f4ng ch\u1ec9 mang l\u1ea1i cho \u0111\u1ed9c gi\u1ea3 nh\u1eefng c\u00e2u chuy\u1ec7n v\u00e0 kinh nghi\u1ec7m c\u1ee7a c\u00e1c t\u00e1c gi\u1ea3, m\u00e0 n\u00f3 c\u00f2n \u0111\u01b0\u1ee3c vi\u1ebft v\u1edbi m\u1ee5c \u0111\u00edch truy\u1ec1n \u0111\u1ed9ng l\u1ef1c v\u00e0 cung c\u1ea5p c\u00e1c c\u00f4ng c\u1ee5 \u0111\u1ec3 \u0111\u1ed9c gi\u1ea3 t\u00ecm \u0111\u01b0\u1ee3c nh\u1eefng gi\u00e1 tr\u1ecb v\u00e0 ni\u1ec1m \u0111am m\u00ea c\u1ee7a b\u1ea3n th\u00e2n, v\u00e0 t\u00ecm \u0111\u01b0\u1ee3c h\u01b0\u1edbng \u0111i th\u00edch h\u1ee3p cho m\u00ecnh. M\u1ee5c \u0111\u00edch ch\u00ednh c\u1ee7a cu\u1ed1n s\u00e1ch kh\u00f4ng ch\u1ec9 l\u00e0 \u0111\u1ec3 \u0111\u1ecdc, suy ng\u1eabm v\u00e0 r\u00fat ra nh\u1eefng b\u00e0i h\u1ecdc, m\u00e0 \u0111\u00e2y c\u00f2n l\u00e0 m\u1ed9t cu\u1ed1n s\u00e1ch k\u00eau g\u1ecdi h\u00e0nh \u0111\u1ed9ng. \u0110\u00e2y ch\u00ednh l\u00e0 m\u1ed9t c\u1ea9m nang d\u00e0nh cho b\u1ea5t c\u1ee9 ai c\u00f3 nguy\u1ec7n v\u1ecdng ho\u00e0n thi\u1ec7n b\u1ea3n th\u00e2n v\u00e0 s\u00e1nh vai c\u00f9ng c\u00e1c c\u00f4ng d\u00e2n to\u00e0n c\u1ea7u.<\/p>\n<p>S\u1ef1 di chuy\u1ec3n d\u1ec5 d\u00e0ng t\u1ea1o ra nhi\u1ec1u c\u01a1 h\u1ed9i m\u1edbi, nh\u01b0ng c\u0169ng d\u1eabn t\u1edbi nhi\u1ec1u s\u1ef1 c\u1ea1nh tranh. C\u00e0ng chu\u1ea9n b\u1ecb s\u1edbm v\u00e0 k\u1ef9 c\u00e0ng cho th\u1ebf gi\u1edbi to\u00e0n c\u1ea7u h\u00f3a ng\u00e0y nay, b\u1ea1n s\u1ebd c\u00e0ng s\u1edbm \u0111\u01b0\u1ee3c th\u01b0\u1edfng th\u1ee9c nh\u1eefng h\u01b0\u01a1ng v\u1ecb c\u1ee7a to\u00e0n c\u1ea7u. V\u1eady h\u00e3y c\u1ea7m cu\u1ed1n h\u1ed9 chi\u1ebfu xanh c\u1ee7a b\u1ea1n \u0111i quanh th\u1ebf gi\u1edbi c\u00f9ng \u0110\u1ee9c, H\u01b0\u01a1ng v\u00e0 Linh nh\u00e9!<\/p>\n","protected":false},"excerpt":{"rendered":"<p>Ba t\u00e1c gi\u1ea3 tr\u1ebb tu\u1ed5i c\u1ee7a cu\u1ed1n s\u00e1ch H\u1ed9 chi\u1ebfu xanh \u0111i quanh th\u1ebf gi\u1edbi: Nh\u1eefng b\u01b0\u1edbc \u0111\u1ec3 tr\u1edf th\u00e0nh c\u00f4ng d\u00e2n to\u00e0n c\u1ea7u l\u00e0 nh\u1eefng c\u00f4ng d\u00e2n to\u00e0n c\u1ea7u \u0111i\u1ec3n h\u00ecnh khi c\u1ea3 ba \u0111\u1ec1u \u0111a\u0303 t\u01b0\u0300ng s\u00f4\u0301ng, ho\u0323c t\u00e2\u0323p va\u0300 la\u0300m vi\u00ea\u0323c ta\u0323i nhi\u00ea\u0300u qu\u00f4\u0301c gia tr\u00ean th\u00ea\u0301 gi\u01a1\u0301i, m\u0103\u0323c du\u0300 h\u1ecd v\u01b0\u0300a m\u01a1\u0301i r\u01a1\u0300i gh\u00ea\u0301 nha\u0300 tr\u01b0\u01a1\u0300ng.<\/p>\n<p>H\u1ecd g\u1eb7p nhau \u1edf tr\u01b0\u1eddng \u0110\u1ea1i h\u1ecdc Kinh t\u1ebf Praha t\u1ea1i C\u1ed9ng H\u00f2a S\u00e9c, v\u00e0 nh\u01b0 nh\u1eefng con ng\u01b0\u1eddi to\u00e0n c\u1ea7u th\u1ef1c s\u1ef1, sau khi t\u1ed1t nghi\u1ec7p h\u1ecd \u0111\u00e3 ch\u1ecdn cho m\u00ecnh nh\u1eefng h\u01b0\u1edbng \u0111i kh\u00e1c nhau. Nh\u01b0ng c\u1ea3 ba c\u00f3 m\u1ed9t \u0111i\u1ec3m chung: h\u1ecd \u0111\u1ec1u l\u00e0 nh\u1eefng ng\u01b0\u1eddi \u0111\u00e3 t\u1eadn d\u1ee5ng nh\u1eefng c\u01a1 h\u1ed9i qu\u00fd b\u00e1u \u0111\u1ec3 tr\u1edf th\u00e0nh c\u00f4ng d\u00e2n to\u00e0n c\u1ea7u. Khi c\u00f2n ng\u1ed3i tr\u00ean gi\u1ea3ng \u0111\u01b0\u1eddng \u0111\u1ea1i h\u1ecdc, c\u1ea3 ba \u0111\u1ec1u l\u00e0 nh\u1eefng ng\u01b0\u1eddi c\u00f3 nhi\u1ec1u ho\u00e0i b\u00e3o. H\u1ecd m\u01a1 \u01b0\u1edbc \u0111\u01b0\u1ee3c mang quy\u1ec3n h\u1ed9 chi\u1ebfu Vi\u1ec7t Nam \u0111i kh\u1eafp th\u1ebf gi\u1edbi, \u0111\u1ec3 ch\u1ee9ng t\u1ecf v\u1edbi m\u1ecdi ng\u01b0\u1eddi l\u00e0 h\u1ecd v\u1eabn c\u00f3 th\u1ec3 \u0111\u1ebfn b\u1ea5t c\u1ee9 qu\u1ed1c gia n\u00e0o h\u1ecd mu\u1ed1n v\u1edbi t\u1ea5m h\u1ed9 chi\u1ebfu t\u1eeb m\u1ed9t \u201c\u0111\u1ea5t n\u01b0\u1edbc th\u1ee9 ba\u201d.<\/p>\n<p>Trong cu\u1ed1n s\u00e1ch H\u1ed9 chi\u1ebfu xanh \u0111i quanh th\u1ebf gi\u1edbi: Nh\u1eefng b\u01b0\u1edbc \u0111\u1ec3 tr\u1edf th\u00e0nh c\u00f4ng d\u00e2n to\u00e0n c\u1ea7u, ba t\u00e1c gi\u1ea3 s\u1ebd gi\u1edbi thi\u1ec7u nh\u1eefng b\u00ed quy\u1ebft \u0111\u1ec3 tr\u1edf th\u00e0nh c\u00f4ng d\u00e2n to\u00e0n c\u1ea7u, chia s\u1ebb nh\u1eefng kinh nghi\u1ec7m c\u1ee7a h\u1ecd c\u0169ng nh\u01b0 gi\u00fap b\u1ea1n v\u1ea1ch h\u01b0\u1edbng \u0111i ra th\u1ebf gi\u1edbi. T\u1eeb khi b\u1eaft \u0111\u1ea7u d\u1ef1 \u00e1n H\u1ed9 chi\u1ebfu xanh \u0111i quanh th\u1ebf gi\u1edbi, c\u00e1c t\u00e1c gi\u1ea3 \u0111\u00e3 t\u1ed5 ch\u1ee9c nh\u1eefng bu\u1ed5i giao l\u01b0u v\u00e0 n\u00f3i chuy\u1ec7n th\u01b0\u1eddng xuy\u00ean v\u1edbi nh\u1eefng b\u1ea1n tr\u1ebb \u1edf Vi\u1ec7t Nam c\u0169ng nh\u01b0 \u1edf n\u01b0\u1edbc ngo\u00e0i, v\u00ec h\u1ecd tin r\u1eb1ng h\u1ecdc h\u1ecfi kinh nghi\u1ec7m v\u00e0 tri th\u1ee9c t\u1eeb nh\u1eefng ng\u01b0\u1eddi \u0111i tr\u01b0\u1edbc l\u00e0 c\u00e1ch t\u1ed1t nh\u1ea5t v\u00e0 hi\u1ec7u qu\u1ea3 nh\u1ea5t \u0111\u1ec3 m\u1ecdi ng\u01b0\u1eddi c\u00f3 th\u1ec3 th\u1ef1c hi\u1ec7n \u0111\u01b0\u1ee3c \u01b0\u1edbc m\u01a1 c\u1ee7a m\u00ecnh. Nh\u1eefng chi ti\u1ebft v\u00e0 c\u00e2u chuy\u1ec7n trong cu\u1ed1n s\u00e1ch n\u00e0y \u0111\u00e3 \u0111\u01b0\u1ee3c thu th\u1eadp l\u1ea1i t\u1eeb nh\u1eefng bu\u1ed5i giao l\u01b0u nh\u01b0 v\u1eady.<\/p>\n","protected":false},"featured_media":9335,"template":"","meta":{"_acf_changed":false},"product_brand":[],"product_cat":[15,47],"product_tag":[],"class_list":{"0":"post-9345","1":"product","2":"type-product","3":"status-publish","4":"has-post-thumbnail","6":"product_cat-sach-danh-cho-nguoi-lon","7":"product_cat-truyen-ngan-tan-van","9":"first","10":"outofstock","11":"taxable","12":"shipping-taxable","13":"purchasable","14":"product-type-simple"},"supplier_id":null,"supplier_sku":"","barcode":null,"atum_controlled":true,"out_stock_date":"2021-07-04 09:59:03","out_stock_threshold":null,"inheritable":false,"inbound_stock":0,"stock_on_hold":0,"sold_today":0,"sales_last_days":0,"reserved_stock":0,"customer_returns":0,"warehouse_damage":0,"lost_in_post":0,"other_logs":0,"out_stock_days":1669,"lost_sales":0,"has_location":false,"update_date":"2026-01-28T23:10:43","atum_locations":[],"atum_stock_status":"outofstock","restock_status":false,"low_stock_amount":"","sales_update_date":"2026-01-28T23:10:43","calc_backorders":null,"acf":{"publisher":{"ID":2817,"post_author":"1","post_date":"2021-02-27 00:00:35","post_date_gmt":"2021-02-26 22:00:35","post_content":"","post_title":"Alpha Books","post_excerpt":"","post_status":"publish","comment_status":"closed","ping_status":"closed","post_password":"","post_name":"alpha-books","to_ping":"","pinged":"","post_modified":"2021-02-27 00:00:35","post_modified_gmt":"2021-02-26 22:00:35","post_content_filtered":"","post_parent":0,"guid":"https:\/\/sachviet.eu\/nha-phat-hanh\/alpha-books\/","menu_order":0,"post_type":"publisher","post_mime_type":"","comment_count":"0","filter":"raw"}},"_links":{"self":[{"href":"https:\/\/sachviet.eu\/en\/wp-json\/wp\/v2\/product\/9345","targetHints":{"allow":["GET"]}}],"collection":[{"href":"https:\/\/sachviet.eu\/en\/wp-json\/wp\/v2\/product"}],"about":[{"href":"https:\/\/sachviet.eu\/en\/wp-json\/wp\/v2\/types\/product"}],"wp:featuredmedia":[{"embeddable":true,"href":"https:\/\/sachviet.eu\/en\/wp-json\/wp\/v2\/media\/9335"}],"wp:attachment":[{"href":"https:\/\/sachviet.eu\/en\/wp-json\/wp\/v2\/media?parent=9345"}],"wp:term":[{"taxonomy":"product_brand","embeddable":true,"href":"https:\/\/sachviet.eu\/en\/wp-json\/wp\/v2\/product_brand?post=9345"},{"taxonomy":"product_cat","embeddable":true,"href":"https:\/\/sachviet.eu\/en\/wp-json\/wp\/v2\/product_cat?post=9345"},{"taxonomy":"product_tag","embeddable":true,"href":"https:\/\/sachviet.eu\/en\/wp-json\/wp\/v2\/product_tag?post=9345"}],"curies":[{"name":"wp","href":"https:\/\/api.w.org\/{rel}","templated":true}]}}