{"id":9325,"date":"2021-06-02T00:51:46","date_gmt":"2021-06-01T21:51:46","guid":{"rendered":"https:\/\/sachviet.eu\/shop\/toi-la-beto-tai-ban-2018\/"},"modified":"2024-08-25T22:57:54","modified_gmt":"2024-08-25T19:57:54","slug":"toi-la-beto-tai-ban-2018","status":"publish","type":"product","link":"https:\/\/sachviet.eu\/en\/shop\/toi-la-beto-tai-ban-2018\/","title":{"rendered":"T\u00f4i L\u00e0 B\u00eat\u00f4 (T\u00e1i B\u1ea3n 2018)"},"content":{"rendered":"<p>Truy\u1ec7n T\u00f4i l\u00e0 B\u00eat\u00f4 l\u00e0 s\u00e1ng t\u00e1c m\u1edbi nh\u1ea5t c\u1ee7a nh\u00e0 v\u0103n Nguy\u1ec5n Nh\u1eadt \u00c1nh \u0111\u01b0\u1ee3c vi\u1ebft theo phong c\u00e1ch ho\u00e0n to\u00e0n kh\u00e1c so v\u1edbi nh\u1eefng t\u00e1c ph\u1ea9m tr\u01b0\u1edbc \u0111\u00e2y c\u1ee7a \u00f4ng. Nh\u1eefng m\u1ea9u chuy\u1ec7n, hay nh\u1eefng ph\u00e1t hi\u1ec7n c\u1ee7a ch\u00fa ch\u00f3 B\u00eat\u00f4 \u0111\u1ea7y th\u00fa v\u1ecb, v\u1eeba h\u00e0i h\u01b0\u1edbc, v\u1eeba chi\u00eam nghi\u1ec7m m\u1ed9t c\u00e1ch nh\u1eb9 nh\u00e0ng \u201cv\u00f4 v\u00e0n nh\u1eefng \u0111i\u1ec1u th\u00fa v\u1ecb m\u00e0 cu\u1ed9c s\u1ed1ng c\u1ed1 t\u00ecnh gi\u1ea5u k\u00edn \u1edf ng\u00f3c ng\u00e1ch n\u00e0o \u0111\u00f3 trong t\u00e2m h\u1ed3n c\u1ee7a m\u1ed7i ch\u00fang ta\u201d.<\/p>\n","protected":false},"excerpt":{"rendered":"<p>Truy\u1ec7n T\u00f4i l\u00e0 B\u00eat\u00f4 l\u00e0 s\u00e1ng t\u00e1c m\u1edbi nh\u1ea5t c\u1ee7a nh\u00e0 v\u0103n Nguy\u1ec5n Nh\u1eadt \u00c1nh \u0111\u01b0\u1ee3c vi\u1ebft theo phong c\u00e1ch ho\u00e0n to\u00e0n kh\u00e1c so v\u1edbi nh\u1eefng t\u00e1c ph\u1ea9m tr\u01b0\u1edbc \u0111\u00e2y c\u1ee7a \u00f4ng. Nh\u1eefng m\u1ea9u chuy\u1ec7n, hay nh\u1eefng ph\u00e1t hi\u1ec7n c\u1ee7a ch\u00fa ch\u00f3 B\u00eat\u00f4 \u0111\u1ea7y th\u00fa v\u1ecb, v\u1eeba h\u00e0i h\u01b0\u1edbc, v\u1eeba chi\u00eam nghi\u1ec7m m\u1ed9t c\u00e1ch nh\u1eb9 nh\u00e0ng \u201cv\u00f4 v\u00e0n nh\u1eefng \u0111i\u1ec1u th\u00fa v\u1ecb m\u00e0 cu\u1ed9c s\u1ed1ng c\u1ed1 t\u00ecnh gi\u1ea5u k\u00edn \u1edf ng\u00f3c ng\u00e1ch n\u00e0o \u0111\u00f3 trong t\u00e2m h\u1ed3n c\u1ee7a m\u1ed7i ch\u00fang ta\u201d.<\/p>\n","protected":false},"featured_media":9324,"template":"","meta":{"_acf_changed":false},"product_brand":[],"product_cat":[15,45],"product_tag":[],"class_list":{"0":"post-9325","1":"product","2":"type-product","3":"status-publish","4":"has-post-thumbnail","6":"product_cat-sach-danh-cho-nguoi-lon","7":"product_cat-tieu-thuyet","9":"first","10":"outofstock","11":"taxable","12":"shipping-taxable","13":"purchasable","14":"product-type-simple"},"supplier_id":null,"supplier_sku":"","barcode":null,"atum_controlled":true,"out_stock_date":"2024-08-25 19:57:54","out_stock_threshold":null,"inheritable":false,"inbound_stock":0,"stock_on_hold":0,"sold_today":0,"sales_last_days":0,"reserved_stock":0,"customer_returns":0,"warehouse_damage":0,"lost_in_post":0,"other_logs":0,"out_stock_days":521,"lost_sales":0,"has_location":false,"update_date":"2026-01-28T23:11:23","atum_locations":[],"atum_stock_status":"outofstock","restock_status":false,"low_stock_amount":"","sales_update_date":"2026-01-28T23:11:23","calc_backorders":null,"acf":{"publisher":{"ID":1517,"post_author":"1","post_date":"2021-02-17 01:14:41","post_date_gmt":"2021-02-16 23:14:41","post_content":"","post_title":"NXB Tr\u1ebb","post_excerpt":"","post_status":"publish","comment_status":"closed","ping_status":"closed","post_password":"","post_name":"nxb-tre","to_ping":"","pinged":"","post_modified":"2021-02-17 01:14:41","post_modified_gmt":"2021-02-16 23:14:41","post_content_filtered":"","post_parent":0,"guid":"https:\/\/sachviet.eu\/nha-phat-hanh\/nxb-tre\/","menu_order":0,"post_type":"publisher","post_mime_type":"","comment_count":"0","filter":"raw"}},"_links":{"self":[{"href":"https:\/\/sachviet.eu\/en\/wp-json\/wp\/v2\/product\/9325","targetHints":{"allow":["GET"]}}],"collection":[{"href":"https:\/\/sachviet.eu\/en\/wp-json\/wp\/v2\/product"}],"about":[{"href":"https:\/\/sachviet.eu\/en\/wp-json\/wp\/v2\/types\/product"}],"wp:featuredmedia":[{"embeddable":true,"href":"https:\/\/sachviet.eu\/en\/wp-json\/wp\/v2\/media\/9324"}],"wp:attachment":[{"href":"https:\/\/sachviet.eu\/en\/wp-json\/wp\/v2\/media?parent=9325"}],"wp:term":[{"taxonomy":"product_brand","embeddable":true,"href":"https:\/\/sachviet.eu\/en\/wp-json\/wp\/v2\/product_brand?post=9325"},{"taxonomy":"product_cat","embeddable":true,"href":"https:\/\/sachviet.eu\/en\/wp-json\/wp\/v2\/product_cat?post=9325"},{"taxonomy":"product_tag","embeddable":true,"href":"https:\/\/sachviet.eu\/en\/wp-json\/wp\/v2\/product_tag?post=9325"}],"curies":[{"name":"wp","href":"https:\/\/api.w.org\/{rel}","templated":true}]}}