{"id":9323,"date":"2021-06-02T00:51:40","date_gmt":"2021-06-01T21:51:40","guid":{"rendered":"https:\/\/sachviet.eu\/shop\/ben-con-moi-ngay-set-6-quyen\/"},"modified":"2023-07-19T16:04:57","modified_gmt":"2023-07-19T13:04:57","slug":"ben-con-moi-ngay-set-6-quyen","status":"publish","type":"product","link":"https:\/\/sachviet.eu\/en\/shop\/ben-con-moi-ngay-set-6-quyen\/","title":{"rendered":"B\u00ean Con M\u1ed7i Ng\u00e0y &#8211; set 6 quy\u1ec3n"},"content":{"rendered":"<p>1. B\u00ean Con M\u1ed7i Ng\u00e0y: T\u1edb S\u1eb5n L\u00f2ng Ch\u01a1i V\u1edbi C\u1eadu<\/p>\n<p>T\u00ecnh b\u1ea1n c\u1ee7a c\u1eadu b\u00e9 v\u1edbi ch\u00fa c\u00fan c\u01b0ng tr\u1ea3i d\u00e0i qua th\u1eddi gian v\u00e0 nh\u1eefng l\u1eddi b\u1ed9c b\u1ea1ch c\u1ee7a ch\u00fa c\u00fan. T\u00ecnh y\u00eau th\u01b0\u01a1ng th\u01b0\u1eddng \u0111\u01b0\u1ee3c m\u00f4 t\u1ea3 t\u1eeb g\u00f3c \u0111\u1ed9 ng\u01b0\u1eddi ch\u1ee7 v\u1edbi th\u00fa c\u01b0ng c\u1ee7a m\u00ecnh, nh\u01b0ng c\u00e2u chuy\u1ec7n n\u00e0y \u0111\u1ed5i h\u1eb3n m\u1ed9t g\u00f3c nh\u00ecn kh\u00e1c. Nh\u1eefng c\u1eed ch\u1ec9 nh\u1ecf v\u00e0 t\u1eadn t\u1ee5y m\u1ed7i ng\u00e0y ch\u1ee9a \u0111\u1ef1ng b\u00ean trong nhi\u1ec1u \u0111i\u1ec1u s\u00e2u th\u1eb3m \u0111\u1ea7y x\u00fac \u0111\u1ed9ng.<\/p>\n<p>2. B\u00ean Con M\u1ed7i Ng\u00e0y: T\u1edb Kh\u00f4ng Ngh\u1ecbch D\u1ea1i N\u1eefa!<\/p>\n<p>C\u00f3 ch\u00fa chu\u1ed9t con r\u1ea5t qu\u1eady. Ch\u00fa r\u1ee7 r\u00ea anh trai tr\u00e8o l\u00ean c\u00e2y th\u00f4ng, r\u1ed3i c\u1ea3 gan ch\u1ecdc ph\u00e1 con m\u00e8o \u00fa, khi\u1ebfn m\u00e8o x\u1edbi tung c\u1ea3 c\u0103n ph\u00f2ng \u0111\u1ec3 truy l\u00f9ng. Nh\u01b0ng m\u1ed9t l\u1ea7n n\u1ecd, trong gi\u1ea5c m\u01a1, ch\u00fa m\u01a1 th\u1ea5y m\u1ed9t \u0111i\u1ec1u kinh kh\u1ee7ng, gi\u1eadt m\u00ecnh g\u1ecdi m\u1eb9 v\u00e1ng c\u1ea3 nh\u00e0. T\u1eeb \u0111\u00f3 tr\u1edf \u0111i, chu\u1ed9t con ch\u1eb3ng d\u00e1m ngh\u1ecbch d\u1ea1i n\u1eefa.<\/p>\n<p>3. B\u00ean Con M\u1ed7i Ng\u00e0y: Con Y\u00eau B\u1ed1 R\u1ea5t Nhi\u1ec1u!<\/p>\n<p>G\u1ea5u con l\u00e9m l\u1ec9nh v\u00e0 tinh ngh\u1ecbch ph\u00e1t hi\u1ec7n ra g\u1ea5u b\u1ed1 \u0103n v\u1ee5ng m\u1eadt ong. G\u1ea5u b\u1ed1 b\u00e8n d\u00e0nh c\u1ea3 ng\u00e0y \u0111\u1ec3 chu\u1ed9c l\u1ea1i l\u1ed7i l\u1ea7m, g\u1ea5u b\u1ed1 c\u00f5ng con \u0111\u1ebfn nh\u1eefng ch\u1ed1n g\u1ea5u con \u01b0a th\u00edch, r\u1ed3i ch\u01a1i \u0111\u00f9a b\u1eaft b\u01b0\u1edbm c\u00f9ng con\u2026 Nh\u01b0ng cu\u1ed1i c\u00f9ng, s\u1ef1 vi\u1ec7c v\u1eabn b\u1ea1i l\u1ed9, g\u1ea5u con \u0111\u1ee9ng ng\u1ed3i kh\u00f4ng y\u00ean\u2026 Ph\u1ea3i ch\u0103ng c\u00e1c b\u1eadc l\u00e0m cha l\u00e0m m\u1eb9 ph\u1ea3i lu\u00f4n \u0111\u00fang? V\u00e0 \u1ee9ng x\u1eed ra sao \u0111\u1ec3 con hi\u1ec3u \u0111\u01b0\u1ee3c nh\u1eefng t\u00ecnh hu\u1ed1ng \u1ea5y?<\/p>\n<p>4. B\u00ean Con M\u1ed7i Ng\u00e0y: M\u1eb9 Con M\u00ecnh B\u00ean Nhau<\/p>\n<p>C\u00e2u chuy\u1ec7n nh\u1ecf \u00eam \u0111\u1ec1m v\u1ec1 t\u00ecnh y\u00eau \u1ea5m \u00e1p c\u1ee7a hai m\u1eb9 con nh\u00e0 c\u00e1o. D\u00f9 \u0111i \u0111\u00e2u hay l\u00e0m g\u00ec, m\u1eb9 con c\u00f4 c\u00e1o lu\u00f4n mu\u1ed1n \u1edf b\u00ean nhau, m\u00e3i kh\u00f4ng r\u1eddi xa. H\u1ea1nh ph\u00fac \u0111\u1ebfn t\u1eeb ng\u1ecdn gi\u00f3 m\u00e1t, t\u1eeb c\u00e0nh c\u00e2y r\u1ee7, c\u1ea3 t\u1eeb nh\u1eefng gi\u00e2y ph\u00fat qu\u00e2y qu\u1ea7n c\u1ee7a m\u1eb9 b\u00ean con.<\/p>\n<p>5. B\u00ean Con M\u1ed7i Ng\u00e0y: M\u1eb9 Y\u00eau Con M\u1ecdi L\u00fac<\/p>\n<p>Th\u1ecf con r\u1ea5t y\u00eau m\u1eb9, nh\u1ea5t l\u00e0 nh\u1eefng khi m\u1eb9 vui v\u1ebb n\u00f3i c\u01b0\u1eddi, \u00f4m \u1ea5p v\u00e0 y\u00eau th\u01b0\u01a1ng m\u00ecnh, ng\u1eafm nh\u00ecn m\u00ecnh t\u1eeb xa v\u00e0 h\u00e1t nh\u1eefng b\u00e0i ca d\u1ecbu \u00eam cho m\u00ecnh. Th\u1ebf c\u00f2n trong m\u1eaft th\u1ecf m\u1eb9 th\u00ec sao nh\u1ec9? C\u00f3 ph\u1ea3i khi con ngoan ngo\u00e3n v\u00e0 nghe l\u1eddi th\u00ec m\u1eb9 m\u1edbi th\u1ea5y y\u00eau. Hay d\u00f9 th\u1ecf con l\u00e0m g\u00ec th\u00ec th\u1ecf m\u1eb9 c\u0169ng lu\u00f4n th\u1ea5y con y\u00eau nh\u1ea5t tr\u1ea7n \u0111\u1eddi?<\/p>\n<p>6. B\u00ean Con M\u1ed7i Ng\u00e0y: L\u1edbn L\u00ean N\u00e0o, Nh\u1eefng \u01af\u1edbc M\u01a1 B\u00e9 Nh\u1ecf!<\/p>\n<p>Heo con \u1ee6n \u1ec8n c\u00f3 r\u1ea5t nhi\u1ec1u \u01b0\u1edbc m\u01a1, c\u00f3 l\u00fac c\u00f4 b\u00e9 m\u01a1 \u0111\u01b0\u1ee3c \u0111i \u1ee7ng r\u1ed3i th\u1ecfa s\u1ee9c v\u00f9ng v\u1eaby trong \u0111\u1ea7m l\u1ea7y, l\u00fac c\u00f4 m\u01a1 l\u00e0m c\u00f4ng ch\u00faa, l\u00fac l\u1ea1i mu\u1ed1n th\u00e0nh hi\u1ec7p s\u0129, cao b\u1ed3i. R\u1ed3i c\u00f4 b\u00e9 nh\u1eadn ra, gi\u1edd c\u1ea7n nh\u1ea5t l\u00e0 \u0103n no, ng\u1ee7 k\u0129, l\u1edbn l\u00ean vui v\u1ebb m\u1ed7i ng\u00e0y, sau \u0111\u00f3 m\u1edbi d\u1ea7n th\u1ef1c hi\u1ec7n \u01b0\u1edbc m\u01a1 c\u1ee7a m\u00ecnh.<\/p>\n","protected":false},"excerpt":{"rendered":"<p>1. B\u00ean Con M\u1ed7i Ng\u00e0y: T\u1edb S\u1eb5n L\u00f2ng Ch\u01a1i V\u1edbi C\u1eadu<\/p>\n<p>T\u00ecnh b\u1ea1n c\u1ee7a c\u1eadu b\u00e9 v\u1edbi ch\u00fa c\u00fan c\u01b0ng tr\u1ea3i d\u00e0i qua th\u1eddi gian v\u00e0 nh\u1eefng l\u1eddi b\u1ed9c b\u1ea1ch c\u1ee7a ch\u00fa c\u00fan. T\u00ecnh y\u00eau th\u01b0\u01a1ng th\u01b0\u1eddng \u0111\u01b0\u1ee3c m\u00f4 t\u1ea3 t\u1eeb g\u00f3c \u0111\u1ed9 ng\u01b0\u1eddi ch\u1ee7 v\u1edbi th\u00fa c\u01b0ng c\u1ee7a m\u00ecnh, nh\u01b0ng c\u00e2u chuy\u1ec7n n\u00e0y \u0111\u1ed5i h\u1eb3n m\u1ed9t g\u00f3c nh\u00ecn kh\u00e1c. Nh\u1eefng c\u1eed ch\u1ec9 nh\u1ecf v\u00e0 t\u1eadn t\u1ee5y m\u1ed7i ng\u00e0y ch\u1ee9a \u0111\u1ef1ng b\u00ean trong nhi\u1ec1u \u0111i\u1ec1u s\u00e2u th\u1eb3m \u0111\u1ea7y x\u00fac \u0111\u1ed9ng.<\/p>\n<p>2. B\u00ean Con M\u1ed7i Ng\u00e0y: T\u1edb Kh\u00f4ng Ngh\u1ecbch D\u1ea1i N\u1eefa!<\/p>\n<p>C\u00f3 ch\u00fa chu\u1ed9t con r\u1ea5t qu\u1eady. Ch\u00fa r\u1ee7 r\u00ea anh trai tr\u00e8o l\u00ean c\u00e2y th\u00f4ng, r\u1ed3i c\u1ea3 gan ch\u1ecdc ph\u00e1 con m\u00e8o \u00fa, khi\u1ebfn m\u00e8o x\u1edbi tung c\u1ea3 c\u0103n ph\u00f2ng \u0111\u1ec3 truy l\u00f9ng. Nh\u01b0ng m\u1ed9t l\u1ea7n n\u1ecd, trong gi\u1ea5c m\u01a1, ch\u00fa m\u01a1 th\u1ea5y m\u1ed9t \u0111i\u1ec1u kinh kh\u1ee7ng, gi\u1eadt m\u00ecnh g\u1ecdi m\u1eb9 v\u00e1ng c\u1ea3 nh\u00e0. T\u1eeb \u0111\u00f3 tr\u1edf \u0111i, chu\u1ed9t con ch\u1eb3ng d\u00e1m ngh\u1ecbch d\u1ea1i n\u1eefa.<\/p>\n<p>3. B\u00ean Con M\u1ed7i Ng\u00e0y: Con Y\u00eau B\u1ed1 R\u1ea5t Nhi\u1ec1u!<\/p>\n<p>G\u1ea5u con l\u00e9m l\u1ec9nh v\u00e0 tinh ngh\u1ecbch ph\u00e1t hi\u1ec7n ra g\u1ea5u b\u1ed1 \u0103n v\u1ee5ng m\u1eadt ong. G\u1ea5u b\u1ed1 b\u00e8n d\u00e0nh c\u1ea3 ng\u00e0y \u0111\u1ec3 chu\u1ed9c l\u1ea1i l\u1ed7i l\u1ea7m, g\u1ea5u b\u1ed1 c\u00f5ng con \u0111\u1ebfn nh\u1eefng ch\u1ed1n g\u1ea5u con \u01b0a th\u00edch, r\u1ed3i ch\u01a1i \u0111\u00f9a b\u1eaft b\u01b0\u1edbm c\u00f9ng con\u2026 Nh\u01b0ng cu\u1ed1i c\u00f9ng, s\u1ef1 vi\u1ec7c v\u1eabn b\u1ea1i l\u1ed9, g\u1ea5u con \u0111\u1ee9ng ng\u1ed3i kh\u00f4ng y\u00ean\u2026 Ph\u1ea3i ch\u0103ng c\u00e1c b\u1eadc l\u00e0m cha l\u00e0m m\u1eb9 ph\u1ea3i lu\u00f4n \u0111\u00fang? V\u00e0 \u1ee9ng x\u1eed ra sao \u0111\u1ec3 con hi\u1ec3u \u0111\u01b0\u1ee3c nh\u1eefng t\u00ecnh hu\u1ed1ng \u1ea5y?<\/p>\n<p>4. B\u00ean Con M\u1ed7i Ng\u00e0y: M\u1eb9 Con M\u00ecnh B\u00ean Nhau<\/p>\n<p>C\u00e2u chuy\u1ec7n nh\u1ecf \u00eam \u0111\u1ec1m v\u1ec1 t\u00ecnh y\u00eau \u1ea5m \u00e1p c\u1ee7a hai m\u1eb9 con nh\u00e0 c\u00e1o. D\u00f9 \u0111i \u0111\u00e2u hay l\u00e0m g\u00ec, m\u1eb9 con c\u00f4 c\u00e1o lu\u00f4n mu\u1ed1n \u1edf b\u00ean nhau, m\u00e3i kh\u00f4ng r\u1eddi xa. H\u1ea1nh ph\u00fac \u0111\u1ebfn t\u1eeb ng\u1ecdn gi\u00f3 m\u00e1t, t\u1eeb c\u00e0nh c\u00e2y r\u1ee7, c\u1ea3 t\u1eeb nh\u1eefng gi\u00e2y ph\u00fat qu\u00e2y qu\u1ea7n c\u1ee7a m\u1eb9 b\u00ean con.<\/p>\n<p>5. B\u00ean Con M\u1ed7i Ng\u00e0y: M\u1eb9 Y\u00eau Con M\u1ecdi L\u00fac<\/p>\n<p>Th\u1ecf con r\u1ea5t y\u00eau m\u1eb9, nh\u1ea5t l\u00e0 nh\u1eefng khi m\u1eb9 vui v\u1ebb n\u00f3i c\u01b0\u1eddi, \u00f4m \u1ea5p v\u00e0 y\u00eau th\u01b0\u01a1ng m\u00ecnh, ng\u1eafm nh\u00ecn m\u00ecnh t\u1eeb xa v\u00e0 h\u00e1t nh\u1eefng b\u00e0i ca d\u1ecbu \u00eam cho m\u00ecnh. Th\u1ebf c\u00f2n trong m\u1eaft th\u1ecf m\u1eb9 th\u00ec sao nh\u1ec9? C\u00f3 ph\u1ea3i khi con ngoan ngo\u00e3n v\u00e0 nghe l\u1eddi th\u00ec m\u1eb9 m\u1edbi th\u1ea5y y\u00eau. Hay d\u00f9 th\u1ecf con l\u00e0m g\u00ec th\u00ec th\u1ecf m\u1eb9 c\u0169ng lu\u00f4n th\u1ea5y con y\u00eau nh\u1ea5t tr\u1ea7n \u0111\u1eddi?<\/p>\n<p>6. B\u00ean Con M\u1ed7i Ng\u00e0y: L\u1edbn L\u00ean N\u00e0o, Nh\u1eefng \u01af\u1edbc M\u01a1 B\u00e9 Nh\u1ecf!<\/p>\n<p>Heo con \u1ee6n \u1ec8n c\u00f3 r\u1ea5t nhi\u1ec1u \u01b0\u1edbc m\u01a1, c\u00f3 l\u00fac c\u00f4 b\u00e9 m\u01a1 \u0111\u01b0\u1ee3c \u0111i \u1ee7ng r\u1ed3i th\u1ecfa s\u1ee9c v\u00f9ng v\u1eaby trong \u0111\u1ea7m l\u1ea7y, l\u00fac c\u00f4 m\u01a1 l\u00e0m c\u00f4ng ch\u00faa, l\u00fac l\u1ea1i mu\u1ed1n th\u00e0nh hi\u1ec7p s\u0129, cao b\u1ed3i. R\u1ed3i c\u00f4 b\u00e9 nh\u1eadn ra, gi\u1edd c\u1ea7n nh\u1ea5t l\u00e0 \u0103n no, ng\u1ee7 k\u0129, l\u1edbn l\u00ean vui v\u1ebb m\u1ed7i ng\u00e0y, sau \u0111\u00f3 m\u1edbi d\u1ea7n th\u1ef1c hi\u1ec7n \u01b0\u1edbc m\u01a1 c\u1ee7a m\u00ecnh.<\/p>\n","protected":false},"featured_media":9315,"template":"","meta":{"_acf_changed":false},"product_brand":[],"product_cat":[24,25,17],"product_tag":[],"class_list":{"0":"post-9323","1":"product","2":"type-product","3":"status-publish","4":"has-post-thumbnail","6":"product_cat-nha-tre-mau-giao-0-tuoi-6-tuoi","7":"product_cat-nhi-dong-6-tuoi-12-tuoi","8":"product_cat-sach-danh-cho-cac-be","10":"first","11":"outofstock","12":"taxable","13":"shipping-taxable","14":"purchasable","15":"product-type-simple"},"supplier_id":null,"supplier_sku":"","barcode":null,"atum_controlled":true,"out_stock_date":"2023-07-19 13:04:57","out_stock_threshold":null,"inheritable":false,"inbound_stock":1,"stock_on_hold":0,"sold_today":0,"sales_last_days":0,"reserved_stock":0,"customer_returns":0,"warehouse_damage":0,"lost_in_post":0,"other_logs":0,"out_stock_days":924,"lost_sales":1846,"has_location":false,"update_date":"2026-01-28T23:10:43","atum_locations":[],"atum_stock_status":"outofstock","restock_status":false,"low_stock_amount":"","sales_update_date":"2026-01-28T23:10:43","calc_backorders":null,"acf":{"publisher":{"ID":1454,"post_author":"1","post_date":"2021-02-17 01:11:34","post_date_gmt":"2021-02-16 23:11:34","post_content":"<!-- wp:flatsome\/uxbuilder -->\n<h1 style=\"text-align: center;\"><strong>Kim \u0110\u1ed3ng<\/strong><\/h1>\n[row]\n\n[col span=\"3\" span__sm=\"12\"]\n\n[ux_image id=\"1534\" image_size=\"medium\"]\n\n\n[\/col]\n[col span=\"9\" span__sm=\"12\"]\n\n<p>Nh\u00e0 xu\u1ea5t b\u1ea3n Kim \u0110\u1ed3ng tr\u1ef1c thu\u1ed9c Trung \u01b0\u01a1ng \u0110o\u00e0n TNCS H\u1ed3 Ch\u00ed Minh l\u00e0 Nh\u00e0 xu\u1ea5t b\u1ea3n t\u1ed5ng h\u1ee3p c\u00f3 ch\u1ee9c n\u0103ng xu\u1ea5t b\u1ea3n s\u00e1ch v\u00e0 v\u0103n h\u00f3a ph\u1ea9m ph\u1ee5c v\u1ee5 thi\u1ebfu nhi v\u00e0 c\u00e1c b\u1eadc ph\u1ee5 huynh trong c\u1ea3 n\u01b0\u1edbc, qu\u1ea3ng b\u00e1 v\u00e0 gi\u1edbi thi\u1ec7u v\u0103n h\u00f3a Vi\u1ec7t Nam ra th\u1ebf gi\u1edbi.<br \/>Nh\u00e0 xu\u1ea5t b\u1ea3n c\u00f3 nhi\u1ec7m v\u1ee5 t\u1ed5 ch\u1ee9c b\u1ea3n th\u1ea3o, bi\u00ean so\u1ea1n, bi\u00ean d\u1ecbch, xu\u1ea5t b\u1ea3n v\u00e0 ph\u00e1t h\u00e0nh c\u00e1c xu\u1ea5t b\u1ea3n ph\u1ea9m c\u00f3 n\u1ed9i dung: gi\u00e1o d\u1ee5c truy\u1ec1n th\u1ed1ng d\u00e2n t\u1ed9c, gi\u00e1o d\u1ee5c v\u1ec1 tri th\u1ee9c, ki\u1ebfn th\u1ee9c\u2026 tr\u00ean c\u00e1c l\u0129nh v\u1ef1c v\u0103n h\u1ecdc, ngh\u1ec7 thu\u1eadt, khoa h\u1ecdc k\u1ef9 thu\u1eadt nh\u1eb1m cung c\u1ea5p cho c\u00e1c em thi\u1ebfu nhi c\u0169ng nh\u01b0 c\u00e1c b\u1eadc ph\u1ee5 huynh c\u00e1c ki\u1ebfn th\u1ee9c c\u1ea7n thi\u1ebft trong cu\u1ed9c s\u1ed1ng, nh\u1eefng tinh hoa c\u1ee7a tri th\u1ee9c nh\u00e2n lo\u1ea1i nh\u1eb1m g\u00f3p ph\u1ea7n gi\u00e1o d\u1ee5c v\u00e0 h\u00ecnh th\u00e0nh nh\u00e2n c\u00e1ch th\u1ebf h\u1ec7 tr\u1ebb.<br \/>\u0110\u1ed1i t\u01b0\u1ee3ng ph\u1ee5c v\u1ee5 c\u1ee7a Nh\u00e0 xu\u1ea5t b\u1ea3n l\u00e0 c\u00e1c em t\u1eeb tu\u1ed5i nh\u00e0 tr\u1ebb m\u1eabu gi\u00e1o (1 \u0111\u1ebfn 5 tu\u1ed5i), nhi \u0111\u1ed3ng (6 \u0111\u1ebfn 9 tu\u1ed5i), thi\u1ebfu ni\u00ean (10 \u0111\u1ebfn 15 tu\u1ed5i) \u0111\u1ebfn c\u00e1c em tu\u1ed5i m\u1edbi l\u1edbn (16 \u0111\u1ebfn 18 tu\u1ed5i) v\u00e0 c\u00e1c b\u1eadc ph\u1ee5 huynh.<\/p>\n\n[\/col]\n\n[\/row]\n\n<!-- \/wp:flatsome\/uxbuilder -->","post_title":"Kim \u0110\u1ed3ng","post_excerpt":"","post_status":"publish","comment_status":"closed","ping_status":"closed","post_password":"","post_name":"kim-dong","to_ping":"","pinged":"","post_modified":"2021-02-17 01:31:56","post_modified_gmt":"2021-02-16 23:31:56","post_content_filtered":"","post_parent":0,"guid":"https:\/\/sachviet.eu\/nha-phat-hanh\/kim-dong\/","menu_order":0,"post_type":"publisher","post_mime_type":"","comment_count":"0","filter":"raw"}},"_links":{"self":[{"href":"https:\/\/sachviet.eu\/en\/wp-json\/wp\/v2\/product\/9323","targetHints":{"allow":["GET"]}}],"collection":[{"href":"https:\/\/sachviet.eu\/en\/wp-json\/wp\/v2\/product"}],"about":[{"href":"https:\/\/sachviet.eu\/en\/wp-json\/wp\/v2\/types\/product"}],"wp:featuredmedia":[{"embeddable":true,"href":"https:\/\/sachviet.eu\/en\/wp-json\/wp\/v2\/media\/9315"}],"wp:attachment":[{"href":"https:\/\/sachviet.eu\/en\/wp-json\/wp\/v2\/media?parent=9323"}],"wp:term":[{"taxonomy":"product_brand","embeddable":true,"href":"https:\/\/sachviet.eu\/en\/wp-json\/wp\/v2\/product_brand?post=9323"},{"taxonomy":"product_cat","embeddable":true,"href":"https:\/\/sachviet.eu\/en\/wp-json\/wp\/v2\/product_cat?post=9323"},{"taxonomy":"product_tag","embeddable":true,"href":"https:\/\/sachviet.eu\/en\/wp-json\/wp\/v2\/product_tag?post=9323"}],"curies":[{"name":"wp","href":"https:\/\/api.w.org\/{rel}","templated":true}]}}