{"id":922,"date":"2021-02-14T00:21:10","date_gmt":"2021-02-13T22:21:10","guid":{"rendered":"https:\/\/sachviet.eu\/shop\/yeu-nhung-dieu-khong-hoan-hao\/"},"modified":"2023-04-16T13:16:15","modified_gmt":"2023-04-16T10:16:15","slug":"yeu-nhung-dieu-khong-hoan-hao","status":"publish","type":"product","link":"https:\/\/sachviet.eu\/en\/shop\/yeu-nhung-dieu-khong-hoan-hao\/","title":{"rendered":"Y\u00eau nh\u1eefng \u0111i\u1ec1u kh\u00f4ng ho\u00e0n h\u1ea3o"},"content":{"rendered":"<p>M\u1ed9t trong nh\u1eefng t\u00e1c ph\u1ea9m m\u00e0 m\u00ecnh y\u00eau th\u00edch v\u00e0 t\u00e2m \u0111\u1eafc nh\u1ea5t \u0111\u00f3 ch\u00ednh l\u00e0 \u201cY\u00eau nh\u1eefng \u0111i\u1ec1u kh\u00f4ng ho\u00e0n h\u1ea3o\u201d c\u1ee7a \u0110\u1ea1i \u0110\u1ee9c Hae Min. Ch\u00fang ta \u0111\u01b0\u1ee3c bi\u1ebft \u0111\u1ebfn t\u00e1c gi\u1ea3 Hae Min qua cu\u1ed1n \u201cB\u01b0\u1edbc ch\u1eadm l\u1ea1i gi\u1eefa th\u1ebf gian v\u1ed9i v\u00e3\u201d \u0111\u00e3 l\u00e0m b\u1ea1n \u0111\u1ecdc r\u1ea5t h\u00e0i l\u00f2ng. \u201cY\u00eau nh\u1eefng \u0111i\u1ec1u kh\u00f4ng ho\u00e0n h\u1ea3o\u201d l\u00e0 t\u00e1c ph\u1ea9m th\u1ee9 2 c\u1ee7a \u00f4ng, cu\u1ed1n s\u00e1ch \u0111\u00e3 thu h\u00fat m\u00ecnh ngay t\u1eeb nhan \u0111\u1ec1 v\u00e0 d\u00f2ng ch\u1eef \u0111\u1ea7u ti\u00ean \u1edf b\u00eca s\u00e1ch \u201cL\u00e0m sao \u0111\u1ec3 ch\u1ea5p nh\u1eadn ch\u00ednh m\u00ecnh trong m\u1ed9t th\u1ebf gi\u1edbi tuy\u1ec7t v\u1ecdng ph\u1ea5n \u0111\u1ea5u cho s\u1ef1 ho\u00e0n h\u1ea3o\u201d v\u00e0 th\u1eadt s\u1ef1 n\u00f3 \u0111\u00e3 kh\u00f4ng l\u00e0m m\u00ecnh th\u1ea5t v\u1ecdng.<\/p>\n<p>V\u1ec1 h\u00ecnh th\u1ee9c, cu\u1ed1n s\u00e1ch \u0111\u01b0\u1ee3c ch\u0103m ch\u00fat \u0111\u1eb9p m\u1eaft h\u01a1n, v\u1edbi nh\u1eefng h\u00ecnh \u1ea3nh sinh \u0111\u1ed9ng v\u00e0 ch\u1ee9a \u0111\u1ef1ng nhi\u1ec1u \u00fd ngh\u0129a. N\u00f3i v\u1ec1 n\u1ed9i dung th\u00ec \u201ccu\u1ed1n s\u00e1ch c\u00f3 kh\u1ea3 n\u0103ng l\u00e0m xoa d\u1ecbu nh\u1eefng t\u00e2m h\u1ed3n \u0111ang b\u1ecb t\u1ed5n th\u01b0\u01a1ng v\u00e0 ch\u00f4ng ch\u00eanh gi\u1eefa d\u00f2ng \u0111\u1eddi\u201d. M\u00ecnh d\u00e1m kh\u1eb3ng \u0111\u1ecbnh l\u00e0 nh\u01b0 v\u1eady.<\/p>\n<p>Ai c\u0169ng bi\u1ebft r\u1eb1ng \u201cTr\u00ean \u0111\u1eddi n\u00e0y kh\u00f4ng c\u00f3 g\u00ec l\u00e0 ho\u00e0n h\u1ea3o c\u1ea3\u201d th\u1ebf nh\u01b0ng khi bi\u1ebft \u0111\u01b0\u1ee3c nh\u1eefng y\u1ebfu \u0111i\u1ec3m c\u1ee7a b\u1ea3n th\u00e2n, ch\u00fang ta l\u1ea1i th\u1ea5y t\u1ef1 ti, m\u1eb7c c\u1ea3m r\u1ed3i c\u1ed1 g\u1eafng g\u1ed3ng m\u00ecnh thay \u0111\u1ed5i \u0111\u1ec3 l\u00e0m h\u00e0i l\u00f2ng m\u1ecdi ng\u01b0\u1eddi xung quanh. Ch\u00fang ta quan t\u00e2m \u0111\u1ebfn m\u1ecdi ng\u01b0\u1eddi suy ngh\u0129 nh\u01b0 th\u1ebf n\u00e0o v\u1ec1 m\u00ecnh, h\u01a1n l\u00e0 b\u1ea3n th\u00e2n m\u00ecnh mu\u1ed1n g\u00ec.<br \/>\nTh\u1ebf n\u00ean \u0111\u00f4i l\u00fac ch\u00fang ta c\u00f3 suy ngh\u0129 nghi ng\u1edd v\u1ec1 gi\u00e1 tr\u1ecb c\u1ee7a b\u1ea3n th\u00e2n. Nh\u01b0ng khi \u0111\u1ed3ng h\u00e0nh v\u1edbi \u201cY\u00eau nh\u1eefng \u0111i\u1ec1u kh\u00f4ng ho\u00e0n h\u1ea3o\u201d n\u00f3 gi\u00fap ch\u00fang ta hi\u1ec3u r\u1eb1ng\u201cKh\u00f4ng ph\u1ea3i ch\u1ec9 khi l\u00e0m t\u1ed1t \u0111i\u1ec1u m\u00e0 th\u1ebf gian \u0111\u00f2i h\u1ecfi b\u1ea1n m\u1edbi l\u00e0 ng\u01b0\u1eddi c\u00f3 gi\u00e1 tr\u1ecb, m\u00e0 ch\u1ec9 c\u1ea7n b\u1ea1n t\u1ed3n t\u1ea1i th\u00f4i, \u0111i\u1ec1u \u0111\u00f3 c\u0169ng \u0111\u1ee7 khi\u1ebfn b\u1ea1n quan tr\u1ecdng v\u00e0 \u0111\u00e1ng \u0111\u01b0\u1ee3c y\u00eau th\u01b0\u01a1ng r\u1ed3i\u201d.<\/p>\n<p>Y\u00eau nh\u1eefng \u0111i\u1ec1u kh\u00f4ng ho\u00e0n h\u1ea3o\u201d l\u00e0 m\u1ed9t cu\u1ed1n s\u00e1ch r\u1ea5t \u0111\u1eb7c bi\u1ec7t. Trong \u0111\u00e2y v\u1eabn c\u00f3 nh\u1eefng c\u00e2u chuy\u1ec7n, v\u1eabn c\u00f3 nh\u1eefng chia s\u1ebb, v\u1eabn c\u00f3 nh\u1eefng c\u1ea3m x\u00fac nh\u01b0ng tr\u00ean h\u1ebft quy\u1ec3n s\u00e1ch l\u00e0 m\u1ed9t kh\u00fac ca nguy\u1ec7n c\u1ea7u s\u1ef1 b\u00ecnh an. Cu\u1ed1n s\u00e1ch \u0111\u01b0\u1ee3c chia l\u00e0m 8 ch\u1ee7 \u0111\u1ec1, m\u1ed7i ch\u1ee7 \u0111\u1ec1 s\u1ebd c\u00f3 nh\u1eefng l\u1eddi khuy\u00ean, l\u1eddi \u0111\u1ed9ng vi\u00ean, tuy r\u1ea5t ng\u1eafn nh\u01b0ng l\u1ea1i khi\u1ebfn b\u1ea3n th\u00e2n ch\u00fang ta ph\u1ea3i suy ng\u1eabm th\u1eadt l\u00e2u. D\u01b0\u1eddng nh\u01b0 \u0111\u00e2y kh\u00f4ng ph\u1ea3i l\u00e0 m\u1ed9t cu\u1ed1n s\u00e1ch m\u00e0 ta c\u00f3 th\u1ec3 \u0111\u1ecdc v\u1ed9i v\u00e0ng trong m\u1ed9t bu\u1ed5i chi\u1ec1u n\u00e0o \u0111\u00f3 m\u00e0 t\u1eebng ng\u00e0y ta \u0111\u1ecdc t\u1eebng ch\u00fat m\u1ed9t, ng\u1eabm th\u1eadt l\u00e2u v\u00e0 th\u1eadt s\u00e2u \u0111\u1ec3 c\u1ea3m nh\u1eadn b\u1ea3n th\u00e2n v\u00e0 cu\u1ed9c s\u1ed1ng. T\u1eeb \u0111\u00f3, ta s\u1ebd nh\u00ecn th\u1ea5y m\u1ed9t l\u1ed1i tho\u00e1t cho b\u1ea3n th\u00e2n t\u1eeb trong t\u00e2m c\u1ee7a m\u00ecnh.<\/p>\n<p>D\u0169ng kh\u00ed: c\u00f3 th\u1ec3 n\u00f3i \u0111\u00e2y l\u00e0 m\u1ed9t ch\u1ee7 \u0111\u1ec1 d\u00e0nh ri\u00eang cho nh\u1eefng ng\u01b0\u1eddi tr\u1ebb nh\u01b0 ch\u00fang ta, \u0111\u1ea1i \u0111\u1ee9c Hae Min \u0111\u00e3 n\u00f3i m\u1ed9t \u0111i\u1ec1u khi\u1ebfn ch\u00fang ta ph\u1ea3i nh\u00ecn l\u1ea1i v\u00e0 suy ng\u1eabm v\u1ec1 cu\u1ed9c \u0111\u1eddi m\u00ecnh \u0111ang s\u1ed1ng, t\u00e1c gi\u1ea3 \u0111\u00e3 n\u00f3i r\u1eb1ng: \u201cT\u00f4i kh\u00f4ng mu\u1ed1n c\u1ea3 \u0111\u1eddi t\u1ef1 giam m\u00ecnh trong ti\u00eau chu\u1ea9n th\u00e0nh c\u00f4ng c\u1ee7a ng\u01b0\u1eddi kh\u00e1c \u0111\u1eb7t ra, \u0111\u1ec3 r\u1ed3i \u0111\u1ebfn t\u1eadn l\u00fac ch\u1ebft v\u1eabn ph\u1ea3i lo l\u1eafng ng\u01b0\u1eddi kh\u00e1c ngh\u0129 g\u00ec v\u1ec1 m\u00ecnh. T\u00f4i mu\u1ed1n t\u1ef1 m\u00ecnh, d\u1ea7n d\u1ea7n t\u1eebng b\u01b0\u1edbc, ng\u1ed9 ra l\u00fd do m\u00ecnh \u0111\u01b0\u1ee3c sinh ra tr\u00ean \u0111\u1eddi, sau khi ch\u1ebft \u0111i m\u00ecnh s\u1ebd tr\u1edf th\u00e0nh nh\u01b0 th\u1ebf n\u00e0o v\u00e0 b\u1ea3n ch\u1ea5t t\u00e2m tr\u00ed m\u00ecnh l\u00e0 g\u00ec\u201d.<\/p>\n<p>Y\u00eau b\u1ea3n th\u00e2n: \u0110\u00e2y l\u00e0 ch\u1ee7 \u0111\u1ec1 \u0111\u1ea7u ti\u00ean v\u00e0 l\u00e0 ch\u1ee7 \u0111\u1ec1 l\u00e0m m\u00ecnh b\u1eadt kh\u00f3c khi \u0111\u1ecdc cu\u1ed1n s\u00e1ch n\u00e0y, sau \u0111\u00f3 quy\u1ebft \u0111\u1ecbnh ph\u1ea3i mua cho b\u1eb1ng \u0111\u01b0\u1ee3c quy\u1ec3n n\u00e0y v\u1ec1 nh\u00e0 nghi\u1ec1n ng\u1eabm \u0111\u1ea5y. C\u0169ng nh\u01b0 t\u00ean g\u1ecdi c\u1ee7a ch\u1ee7 \u0111\u1ec1, th\u00f4ng \u0111i\u1ec7p \u0111\u1ea7u ti\u00ean v\u00e0 tr\u00ean h\u1ebft c\u1ee7a quy\u1ec3n s\u00e1ch n\u00e0y ch\u00ednh l\u00e0 y\u00eau qu\u00fd b\u1ea3n th\u00e2n c\u1ee7a m\u00ecnh. Ng\u01b0\u1eddi ta th\u01b0\u1eddng n\u00f3i y\u00eau b\u1ea3n th\u00e2n l\u00e0 s\u1ef1 \u00edch k\u1ef7 c\u1ee7a m\u1ed7i ng\u01b0\u1eddi nh\u01b0ng trong quy\u1ec3n s\u00e1ch n\u00e0y n\u00f3i r\u1eb1ng y\u00eau b\u1ea3n th\u00e2n l\u00e0 mang \u0111\u1ebfn h\u1ea1nh ph\u00fac cho m\u1ecdi ng\u01b0\u1eddi.<\/p>\n<p>Trong cu\u1ed9c s\u1ed1ng, kh\u00f4ng \u00edt l\u1ea7n ch\u00fang ta g\u1eb7p ph\u1ea3i nh\u1eefng ng\u01b0\u1eddi kh\u00f4ng th\u1ec3 tha th\u1ee9 \u0111\u01b0\u1ee3c. S\u1ef1 ph\u1eabn n\u1ed9 trong ch\u00fang ta b\u00f9ng l\u00ean khi \u0111\u1ed1i di\u1ec7n v\u1edbi h\u1ecd, nh\u1eefng v\u1ebft th\u01b0\u01a1ng kh\u00f4ng kh\u00e9p mi\u1ec7ng c\u1ee9 nh\u01b0 th\u1ebf kh\u00f4ng l\u00e0nh l\u1ea1i. L\u00e0m sao \u0111\u1ec3 tha th\u1ee9 khi h\u1ecd l\u00e0m ta t\u1ed5n th\u01b0\u01a1ng qu\u00e1 nhi\u1ec1u, \u0111\u00e1nh m\u1ea5t ni\u1ec1m tin c\u1ee7a ta m\u00e3i m\u00e3i? L\u00e0m sao \u0111\u1ec3 ch\u1eefa l\u00e0nh nh\u1eefng n\u1ed7i \u0111au \u0111\u00e3 c\u1eafm r\u1ec5 s\u00e2u ho\u1eafm trong t\u00e2m h\u1ed3n c\u1ee7a ch\u00fang ta l\u00e2u nh\u01b0 th\u1ebf? C\u00f3 l\u1ebd nh\u1eefng l\u1eddi khuy\u00ean ch\u00e2n th\u00e0nh c\u1ee7a \u0111\u1ea1i \u0111\u1ee9c Hae Min s\u1ebd cho c\u00e1c b\u1ea1n m\u1ed9t l\u1ed1i tho\u00e1t.<\/p>\n<p>Cu\u1ed1n s\u00e1ch nh\u01b0 l\u00e0 m\u1ed9t m\u00f3n qu\u00e0 m\u00e0 t\u00e1c gi\u1ea3 Hae Min d\u00e0nh t\u1eb7ng cho t\u1ea5t c\u1ea3 ch\u00fang ta, cho nh\u1eefng con tim \u0111ang x\u00f3t xa, \u0111au kh\u1ed5 hay c\u1ea3 nh\u1eefng ai \u0111ang may m\u1eafn s\u1ed1ng trong h\u1ea1nh ph\u00fac. \u201cNh\u00ecn cu\u1ed9c s\u1ed1ng b\u1eb1ng con m\u1eaft y\u00eau th\u01b0\u01a1ng t\u1ea5t c\u1ea3 c\u0169ng ch\u00ednh l\u00e0 t\u00ecnh y\u00eau l\u1edbn nh\u1ea5t d\u00e0nh cho b\u1ea3n th\u00e2n m\u00ecnh\u201d.<\/p>\n<p>Khi b\u1ea1n t\u1ef1 bi\u1ebft tr\u00e2n tr\u1ecdng b\u1ea3n th\u00e2n,<br \/>\nTh\u1ebf gian c\u0169ng s\u1ebd b\u1eaft \u0111\u1ea7u tr\u00e2n tr\u1ecdng b\u1ea1n.<\/p>\n<p>H\u00e3y tr\u1edf th\u00e0nh m\u1ed9t ng\u01b0\u1eddi t\u1ed1t \u0111\u1ed1i v\u1edbi ch\u00ednh b\u1ea3n th\u00e2n m\u00ecnh. Gi\u1ed1ng nh\u01b0 khi y\u00eau ai \u0111\u00f3, b\u1ea1n lu\u00f4n mu\u1ed1n \u0111\u01b0\u1ee3c \u1edf b\u00ean h\u1ecd. Ng\u00e0y h\u00f4m nay h\u00e3y d\u00e0nh th\u1eddi gian \u1edf b\u00ean \u201cb\u1ea3n th\u00e2n\u201d c\u0169ng r\u1ea5t x\u1ee9ng \u0111\u00e1ng \u0111\u01b0\u1ee3c b\u1ea1n y\u00eau th\u01b0\u01a1ng.<br \/>\nH\u00e3y mua cho m\u00ecnh m\u00f3n \u0103n ngon, cho m\u00ecnh \u0111i xem m\u1ed9t b\u1ed9 phim hay,<br \/>\nV\u00e0 \u0111\u01b0a m\u00ecnh \u0111\u1ebfn n\u01a1i m\u1ed9t phong c\u1ea3nh \u0111\u1eb9p.<br \/>\nH\u00e3y d\u00e0nh c\u00f4ng s\u1ee9c cho b\u1ea3n th\u00e2n nh\u01b0 khi b\u1ea1n d\u00e0nh c\u00f4ng s\u1ee9c cho nh\u1eefng ng\u01b0\u1eddi b\u1ea1n y\u00eau th\u01b0\u01a1ng.<\/p>\n<p>Ch\u00fang ta \u0111\u01b0\u1ee3c y\u00eau th\u01b0\u01a1ng kh\u00f4ng ph\u1ea3i v\u00ec ch\u00fang ta l\u00e0m t\u1ed1t \u0111i\u1ec1u g\u00ec \u0111\u00f3.<br \/>\nCh\u1ec9 ri\u00eang s\u1ef1 t\u1ed3n t\u1ea1i c\u1ee7a ch\u00fang ta th\u00f4i c\u0169ng \u0111\u00e3 \u0111\u00e1ng \u0111\u01b0\u1ee3c y\u00eau th\u01b0\u01a1ng r\u1ed3i.<br \/>\nH\u00e3y t\u1ef1 coi tr\u1ecdng v\u00e0 bi\u1ebft y\u00eau th\u01b0\u01a1ng ch\u00ednh b\u1ea3n th\u00e2n m\u00ecnh.<br \/>\nC\u00f3 ch\u00fat thi\u1ebfu s\u00f3t, c\u00f3 ch\u00fat l\u1ed7i l\u1ea7m c\u0169ng kh\u00f4ng sao.<br \/>\nCho d\u00f9 ta kh\u00f4ng ho\u00e0n h\u1ea3o theo nh\u1eefng quy chu\u1ea9n, nh\u1eefng th\u01b0\u1edbc \u0111o c\u1ee7a th\u1ebf gian<br \/>\nS\u1ef1 t\u1ed3n t\u1ea1i c\u1ee7a ch\u00fang ta \u0111\u00e3 l\u00e0 th\u1ee9 c\u00f3 gi\u00e1 tr\u1ecb v\u00e0 \u0111\u00e1ng \u0111\u01b0\u1ee3c y\u00eau th\u01b0\u01a1ng r\u1ed3i.<\/p>\n<p>B\u1ea3n th\u00e2n m\u1ed7i ng\u01b0\u1eddi ch\u00fang ta<br \/>\n\u0110\u00e3 l\u00e0 s\u1ef1 t\u1ed3n t\u1ea1i v\u0129 \u0111\u1ea1i v\u00e0 thi\u00eang li\u00eang h\u01a1n ch\u00fang ta ngh\u0129, r\u1ea5t nhi\u1ec1u.<\/p>\n<p>Tr\u00edch: \u201cY\u00eau Nh\u1eefng \u0110i\u1ec1u Kh\u00f4ng Ho\u00e0n H\u1ea3o\u201d \u2013 \u0110\u1ea1i \u0110\u1ee9c Hae Min  <div class=\"banner-grid-wrapper\">\n  <div id=\"banner-grid-1306767062\" class=\"banner-grid row row-grid row-small\" data-packery-options=\"\">\n                      <div class=\"col grid-col large-6 grid-col-1\" ><div class=\"col-inner\">\t<div class=\"img has-hover x md-x lg-x y md-y lg-y\" id=\"image_733722719\">\n\t\t\t\t\t\t\t\t<div class=\"img-inner dark\" >\n\t\t\t<img loading=\"lazy\" decoding=\"async\" width=\"1004\" height=\"1024\" src=\"https:\/\/sachviet.eu\/wp-content\/uploads\/2021\/02\/image-20200827083539-1-1004x1024.jpeg\" class=\"attachment-large size-large\" alt=\"\" srcset=\"https:\/\/sachviet.eu\/wp-content\/uploads\/2021\/02\/image-20200827083539-1-1004x1024.jpeg 1004w, https:\/\/sachviet.eu\/wp-content\/uploads\/2021\/02\/image-20200827083539-1-294x300.jpeg 294w, https:\/\/sachviet.eu\/wp-content\/uploads\/2021\/02\/image-20200827083539-1-768x783.jpeg 768w, https:\/\/sachviet.eu\/wp-content\/uploads\/2021\/02\/image-20200827083539-1-600x612.jpeg 600w, https:\/\/sachviet.eu\/wp-content\/uploads\/2021\/02\/image-20200827083539-1.jpeg 1010w\" sizes=\"auto, (max-width: 1004px) 100vw, 1004px\" \/>\t\t\t\t\t\t\n\t\t\t\t\t<\/div>\n\t\t\t\t\t\t\t\t\n<style>\n#image_733722719 {\n  width: 100%;\n}\n<\/style>\n\t<\/div>\n\t<\/div><\/div><div class=\"col grid-col large-6 grid-col-1\" ><div class=\"col-inner\">\t<div class=\"img has-hover x md-x lg-x y md-y lg-y\" id=\"image_1628375474\">\n\t\t\t\t\t\t\t\t<div class=\"img-inner dark\" >\n\t\t\t<img loading=\"lazy\" decoding=\"async\" width=\"768\" height=\"1024\" src=\"https:\/\/sachviet.eu\/wp-content\/uploads\/2021\/02\/C490oE1BAA1n-trC3ADch-dE1BAABn-hay-tE1BBAB-sC3A1ch-YC3AAu-nhE1BBAFng-C491iE1BB81u-khC3B4ng-hoC3A0n-hE1BAA3o.jpg\" class=\"attachment-large size-large\" alt=\"\" srcset=\"https:\/\/sachviet.eu\/wp-content\/uploads\/2021\/02\/C490oE1BAA1n-trC3ADch-dE1BAABn-hay-tE1BBAB-sC3A1ch-YC3AAu-nhE1BBAFng-C491iE1BB81u-khC3B4ng-hoC3A0n-hE1BAA3o.jpg 768w, https:\/\/sachviet.eu\/wp-content\/uploads\/2021\/02\/C490oE1BAA1n-trC3ADch-dE1BAABn-hay-tE1BBAB-sC3A1ch-YC3AAu-nhE1BBAFng-C491iE1BB81u-khC3B4ng-hoC3A0n-hE1BAA3o-225x300.jpg 225w, https:\/\/sachviet.eu\/wp-content\/uploads\/2021\/02\/C490oE1BAA1n-trC3ADch-dE1BAABn-hay-tE1BBAB-sC3A1ch-YC3AAu-nhE1BBAFng-C491iE1BB81u-khC3B4ng-hoC3A0n-hE1BAA3o-600x800.jpg 600w\" sizes=\"auto, (max-width: 768px) 100vw, 768px\" \/>\t\t\t\t\t\t\n\t\t\t\t\t<\/div>\n\t\t\t\t\t\t\t\t\n<style>\n#image_1628375474 {\n  width: 100%;\n}\n<\/style>\n\t<\/div>\n\t<\/div><\/div>            <\/div>\n    <style>\n    #banner-grid-1306767062 .grid-col-1{height: 600px}\n    #banner-grid-1306767062 .grid-col-1-2{height: 300px}\n    #banner-grid-1306767062 .grid-col-1-3{height:200px}\n    #banner-grid-1306767062 .grid-col-2-3{height: 400px}\n    #banner-grid-1306767062 .grid-col-1-4{height: 150px}\n    #banner-grid-1306767062 .grid-col-3-4{height: 450px}\n\n\n    \n    \n\n  <\/style>\n    <\/div>\n  \n","protected":false},"excerpt":{"rendered":"<p>\u201cL\u00e0m sao \u0111\u1ec3 ch\u1ea5p nh\u1eadn ch\u00ednh m\u00ecnh trong m\u1ed9t th\u1ebf gi\u1edbi tuy\u1ec7t v\u1ecdng ph\u1ea5n \u0111\u1ea5u cho s\u1ef1 ho\u00e0n h\u1ea3o\u201d, cu\u1ed1n s\u00e1ch Y\u00eau Nh\u1eefng \u0110i\u1ec1u Kh\u00f4ng Ho\u00e0n H\u1ea3o c\u1ee7a \u0111\u1ea1i \u0111\u1ee9c Hae Min s\u1ebd tr\u1ea3 l\u1eddi cho ch\u00fang ta bi\u1ebft \u0111i\u1ec1u \u0111\u00f3.<\/p>\n<p>\u201cNg\u1eabm l\u1ea1i cu\u1ed9c s\u1ed1ng c\u1ee7a ch\u00ednh m\u00ecnh, ta s\u1ebd nh\u1eadn th\u1ea5y r\u1ea5t nhi\u1ec1u \u0111i\u1ec1u kh\u00f4ng ho\u00e0n h\u1ea3o. Tr\u01b0\u1edbc h\u1ebft, ch\u1ec9 nh\u00ecn v\u00e0o b\u1ea3n th\u00e2n m\u00ecnh th\u00f4i ta \u0111\u00e3 c\u1ea3m nh\u1eadn \u0111\u01b0\u1ee3c nhi\u1ec1u thi\u1ebfu s\u00f3t r\u1ed3i: l\u1eddi n\u00f3i v\u00e0 h\u00e0nh \u0111\u1ed9ng m\u00e2u thu\u1eabn v\u1edbi nhau, v\u1ee5ng v\u1ec1 trong nh\u1eefng m\u1ed1i quan h\u1ec7 x\u00e3 h\u1ed9i, chuy\u1ec7n h\u1ecdc h\u00e0nh, c\u00f4ng vi\u1ec7c kh\u00f4ng su\u00f4n s\u1ebb nh\u01b0 \u00fd mu\u1ed1n. Ch\u01b0a k\u1ec3 \u0111\u00f4i khi ta c\u00f2n khi\u1ebfn ng\u01b0\u1eddi kh\u00e1c t\u1ed5n th\u01b0\u01a1ng, th\u1eadm ch\u00ed c\u00f2n l\u00e0m nh\u1eefng vi\u1ec7c khi\u1ebfn b\u1ea3n th\u00e2n c\u1ea3m th\u1ea5y t\u1ed9i l\u1ed7i v\u00e0 h\u1ed1i h\u1eadn. V\u00e0 khi nh\u00ecn v\u00e0o nh\u1eefng ng\u01b0\u1eddi th\u00e2n trong gia \u0111\u00ecnh, b\u1ea1n b\u00e8, \u0111\u1ed3ng nghi\u1ec7p, ta c\u0169ng nh\u1eadn th\u1ea5y nh\u1eefng \u0111i\u1ec1u kh\u00f4ng-ho\u00e0n-h\u1ea3o t\u01b0\u01a1ng t\u1ef1 nh\u01b0 v\u1eady.<\/p>\n<p>Nh\u01b0ng d\u00f9 \u0111ang s\u1ed1ng gi\u1eefa th\u1ebf gian \u0111\u1ea7y r\u1eaby nh\u1eefng \u0111i\u1ec1u kh\u00f4ng ho\u00e0n h\u1ea3o, ta v\u1eabn kh\u00f4ng th\u1ec3 ng\u1eebng y\u00eau th\u01b0\u01a1ng ch\u00ednh nh\u1eefng \u0111i\u1ec1u kh\u00f4ng ho\u00e0n h\u1ea3o \u1ea5y. Cu\u1ed9c s\u1ed1ng r\u1ea5t \u0111\u00e1ng \u0111\u1ec3 tr\u00e2n tr\u1ecdng, ta kh\u00f4ng th\u1ec3 ph\u00ed ho\u00e0i cu\u1ed9c s\u1ed1ng v\u00e0o vi\u1ec7c m\u1ec9a mai hay c\u0103m gh\u00e9t th\u1ee9 g\u00ec \u0111\u00f3 ch\u1ec9 v\u00ec kh\u00f4ng th\u1ec3 hi\u1ec3u \u0111\u01b0\u1ee3c n\u00f3 ho\u1eb7c n\u00f3 kh\u00f4ng v\u1eeba \u00fd ta.<\/p>\n<p>Mong sao nh\u1eefng d\u00f2ng ch\u1eef nh\u1ecf b\u00e9 c\u1ee7a t\u00f4i c\u00f3 th\u1ec3 \u0111em \u0111\u1ebfn cho \u0111\u1ed9c gi\u1ea3 d\u0169ng kh\u00ed, gi\u00fap h\u1ecd ch\u1eefa l\u00e0nh v\u1ebft th\u01b0\u01a1ng l\u00f2ng v\u00e0 d\u00e0nh ra cho ri\u00eang m\u00ecnh kho\u1ea3ng th\u1eddi gian \u0111\u1ec3 y\u00eau b\u1ea3n th\u00e2n\u2026 Mong sao cu\u1ed1n s\u00e1ch n\u00e0y s\u1ebd tr\u1edf th\u00e0nh b\u00e0n tay gi\u1eef l\u1ea5y b\u1ea1n khi b\u1ea1n r\u01a1i v\u00e0o tuy\u1ec7t v\u1ecdng, s\u1ebd tr\u1edf th\u00e0nh kho\u1ea3ng l\u1eb7ng \u0111\u1ec3 b\u1ea1n t\u1ea1m d\u1eebng ch\u00e2n gi\u1eefa nh\u1eefng h\u1ed7n \u0111\u1ed9n \u1ed3n \u00e0o\u201d &#8211; \u0110\u1ea1i \u0111\u1ee9c Hae Min.<\/p>\n","protected":false},"featured_media":904,"template":"","meta":{"_acf_changed":false},"product_brand":[],"product_cat":[15,46],"product_tag":[],"class_list":{"0":"post-922","1":"product","2":"type-product","3":"status-publish","4":"has-post-thumbnail","6":"product_cat-sach-danh-cho-nguoi-lon","7":"product_cat-ky-nang-song","9":"first","10":"outofstock","11":"taxable","12":"shipping-taxable","13":"purchasable","14":"product-type-simple"},"supplier_id":null,"supplier_sku":"","barcode":null,"atum_controlled":true,"out_stock_date":"2023-04-16 10:16:15","out_stock_threshold":null,"inheritable":false,"inbound_stock":0,"stock_on_hold":0,"sold_today":0,"sales_last_days":0,"reserved_stock":0,"customer_returns":0,"warehouse_damage":0,"lost_in_post":0,"other_logs":0,"out_stock_days":1018,"lost_sales":0,"has_location":false,"update_date":"2026-01-28T23:10:29","atum_locations":[],"atum_stock_status":"outofstock","restock_status":false,"low_stock_amount":"","sales_update_date":"2026-01-28T23:10:29","calc_backorders":null,"acf":{"publisher":{"ID":1424,"post_author":"1","post_date":"2021-02-17 00:02:29","post_date_gmt":"2021-02-16 22:02:29","post_content":"<!-- wp:flatsome\/uxbuilder -->\n<h1 style=\"text-align: center\"><strong>Nh\u00e3 Nam<\/strong><\/h1>\n[row]\n\n[col span=\"6\" span__sm=\"12\"]\n\n[ux_image id=\"1438\" image_size=\"medium\"]\n\n\n[\/col]\n[col span=\"6\" span__sm=\"12\"]\n\n<p><strong>C\u00f4ng ty c\u1ed5 ph\u1ea7n V\u0103n h\u00f3a v\u00e0 Truy\u1ec1n th\u00f4ng Nh\u00e3 Nam<\/strong><\/p>\n<p>Th\u00e1ng 2 n\u0103m 2005, Nh\u00e3 Nam, t\u00ean \u0111\u1ea7y \u0111\u1ee7 l\u00e0 C\u00f4ng ty C\u1ed5 ph\u1ea7n V\u0103n h\u00f3a v\u00e0 Truy\u1ec1n th\u00f4ng Nh\u00e3 Nam \u0111\u00e3 gia nh\u1eadp th\u1ecb tr\u01b0\u1eddng s\u00e1ch. T\u00e1c ph\u1ea9m \"Balzac v\u00e0 c\u00f4 b\u00e9 th\u1ee3 may Trung hoa\" c\u1ee7a \u0110\u1edbi T\u01b0 Ki\u1ec7t l\u00e0 cu\u1ed1n s\u00e1ch \u0111\u1ea7u ti\u00ean \u0111\u01b0\u1ee3c nh\u1eefng ng\u01b0\u1eddi s\u00e1ng l\u1eadp Nh\u00e3 Nam xu\u1ea5t b\u1ea3n c\u1ea3 tr\u01b0\u1edbc khi c\u00f4ng ty ra \u0111\u1eddi. Ngay l\u1eadp t\u1ee9c t\u1eeb cu\u1ed1n s\u00e1ch \u0111\u1ea7u ti\u00ean, \u0111\u1ed9c gi\u1ea3 \u0111\u00e3 d\u00e0nh s\u1ef1 quan t\u00e2m v\u00e0 y\u00eau m\u1ebfn cho m\u1ed9t th\u01b0\u01a1ng hi\u1ec7u s\u00e1ch m\u1edbi m\u1ebb mang trong m\u00ecnh kh\u00e1t v\u1ecdng g\u00f3p ph\u1ea7n t\u1ea1o l\u1eadp di\u1ec7n m\u1ea1o m\u1edbi cho xu\u1ea5t b\u1ea3n v\u0103n h\u1ecdc t\u1ea1i Vi\u1ec7t Nam.<\/p>\n<p>L\u00f2ng say m\u00ea c\u1ee7a \u0111\u1ed9i ng\u0169 l\u00e0 vi\u00ean \u0111\u00e1 \u0111\u1ea7u ti\u00ean. Tr\u1ea3i qua m\u1ea5y n\u0103m ph\u00e1t tri\u1ec3n, Nh\u00e3 Nam \u0111\u00e3 \u0111\u01b0\u1ee3c x\u00e2y d\u1ef1ng d\u1ea7n l\u00ean trong di\u1ec7n m\u1ea1o m\u1ed9t nh\u00e0 xu\u1ea5t b\u1ea3n v\u1eefng ch\u00e3i v\u00e0 chuy\u00ean nghi\u1ec7p. S\u00e1u th\u00e1ng sau khi th\u00e0nh l\u1eadp c\u00f4ng ty, Nh\u1eadt k\u00fd \u0110\u1eb7ng Th\u00f9y Tr\u00e2m ra \u0111\u1eddi, t\u1ea1o n\u00ean m\u1ed9t c\u01a1n s\u1ed1t trong x\u00e3 h\u1ed9i, v\u1edbi g\u1ea7n 500,000 b\u1ea3n s\u00e1ch \u0111\u01b0\u1ee3c ph\u00e1t h\u00e0nh, ph\u00e1 m\u1ecdi k\u1ef7 l\u1ee5c v\u1ec1 xu\u1ea5t b\u1ea3n tr\u01b0\u1edbc \u0111\u00f3, k\u00e9o theo m\u1ed9t lo\u1ea1t nh\u1eefng hi\u1ec7u \u1ee9ng x\u00e3 h\u1ed9i v\u00e0 d\u01b0 lu\u1eadn c\u00f3 \u00fd ngh\u0129a. T\u1eeb \u0111\u00f3 tr\u1edf \u0111i, th\u00f4ng qua Nh\u00e3 Nam, c\u00e1c cu\u1ed1n s\u00e1ch v\u0103n h\u1ecdc n\u01b0\u1edbc ngo\u00e0i c\u00f3 gi\u00e1 tr\u1ecb \u0111\u01b0\u1ee3c li\u00ean t\u1ee5c mua b\u1ea3n quy\u1ec1n v\u00e0 xu\u1ea5t b\u1ea3n t\u1ea1i Vi\u1ec7t Nam, thu h\u00fat nhi\u1ec1u t\u1ea7ng l\u1edbp \u0111\u1ed9c gi\u1ea3. S\u00e1ch c\u1ee7a Nh\u00e3 Nam n\u1ed5i b\u1eadt b\u1edfi n\u1ed9i dung v\u0103n h\u1ecdc tinh t\u1ebf, b\u1edfi v\u1ebb \u0111\u1eb9p c\u1ee7a thi\u1ebft k\u1ebf hi\u1ec7n \u0111\u1ea1i \u1edf h\u00ecnh th\u1ee9c, b\u1edfi s\u1ef1 ch\u0103m ch\u00fat k\u1ef9 l\u01b0\u1ee1ng cho m\u1ed7i cu\u1ed1n s\u00e1ch nh\u01b0 m\u1ed9t con thuy\u1ec1n mang t\u1edbi ni\u1ec1m vui, tri th\u1ee9c, ng\u1ea1c nhi\u00ean, v\u00e0 \u0111\u1ed3ng c\u1ea3m.<\/p>\n\n[\/col]\n\n[\/row]\n<p style=\"text-align: left\">Hi\u1ec3u th\u1eddi \u0111\u1ea1i \u0111ang s\u1ed1ng th\u00f4ng qua s\u00e1ch, song h\u00e0nh v\u1edbi nh\u1eefng bi\u1ebfn chuy\u1ec3n s\u00e2u s\u1eafc trong l\u00f2ng x\u00e3 h\u1ed9i b\u1eb1ng nh\u1eefng ho\u1ea1t \u0111\u1ed9ng xu\u1ea5t b\u1ea3n mi\u1ec7t m\u00e0i v\u00e0 qu\u1ea3 c\u1ea3m, con \u0111\u01b0\u1eddng Nh\u00e3 Nam \u0111\u00e3 ch\u1ecdn \u0111\u1ec3 \u0111i s\u1ebd c\u00f2n d\u00e0i. Nhi\u1ec1u kh\u00f3 kh\u0103n, th\u1eed th\u00e1ch \u0111ang \u1edf ph\u00eda tr\u01b0\u1edbc. B\u01b0\u1edbc qua th\u1eddi k\u1ef3 s\u01a1 khai v\u1edbi nh\u1eefng b\u00e0i h\u1ecdc v\u00e0 nh\u1eefng kinh nghi\u1ec7m \u0111\u1ea7u ti\u00ean, Nh\u00e3 Nam gi\u1edd \u0111\u00e3 s\u1eb5n s\u00e0ng cho m\u1ed9t ch\u1eb7ng \u0111\u01b0\u1eddng ph\u00e1t tri\u1ec3n m\u1edbi. V\u00e0 ch\u00fang t\u00f4i mu\u1ed1n ho\u00e0n thi\u1ec7n m\u00ecnh trong s\u1ef1 c\u1ea7u th\u1ecb v\u00e0 c\u1ea9n tr\u1ecdng. T\u1ea5t c\u1ea3 v\u00ec m\u1ed9t gia s\u1ea3n s\u00e1ch to l\u1edbn, c\u00f3 s\u1ee9c s\u1ed1ng d\u00e0i l\u00e2u, c\u00f3 \u00fd ngh\u0129a v\u1edbi nhi\u1ec1u th\u1ebf h\u1ec7 b\u1ea1n \u0111\u1ecdc.<br \/>B\u1edfi v\u00ec s\u00e1ch l\u00e0 th\u1ebf gi\u1edbi.<\/p>\n<p><strong>\u0110\u00e2y l\u00e0 m\u1ed9t nh\u00e0 ph\u00e1t h\u00e0nh s\u00e1ch m\u00e0 SACHVIET.EU r\u1ea5t y\u00eau th\u00edch v\u00e0 tin t\u01b0\u1edfng. Nh\u00ecn \u0111\u01b0\u1ee3c t\u1ea7m \u1ea3nh h\u01b0\u1edfng c\u1ee7a Nh\u00e3 Nam qua t\u1eebng cu\u1ed1n s\u00e1ch, SACHVIET.EU li\u00ean h\u1ec7 h\u1ee3p t\u00e1c ngay v\u1edbi Nh\u00e3 Nam \u0111\u1ec3 \u0111em to\u00e0n b\u1ed9 nh\u1eefng t\u00e1c ph\u1ea9m m\u1edbi, hay nh\u1ea5t m\u00e0 Nh\u00e3 Nam c\u00f3 sang Ch\u00e2u \u00c2u, \u0111\u01b0a \u0111\u1ebfn cho \u0111\u1ed9c gi\u1ea3 c\u00f3 nhi\u1ec1u s\u1ef1 l\u1ef1a ch\u1ecdn phong ph\u00fa h\u01a1n c\u1ea3 s\u00e1ch cho tr\u1ebb em l\u1eabn ng\u01b0\u1eddi l\u1edbn.\u00a0<\/strong><\/p>\n\n<!-- \/wp:flatsome\/uxbuilder -->","post_title":"Nh\u00e3 Nam","post_excerpt":"","post_status":"publish","comment_status":"closed","ping_status":"closed","post_password":"","post_name":"nha-nam","to_ping":"","pinged":"","post_modified":"2022-12-19 23:15:33","post_modified_gmt":"2022-12-19 21:15:33","post_content_filtered":"","post_parent":0,"guid":"https:\/\/sachviet.eu\/?post_type=publisher&#038;p=1424","menu_order":0,"post_type":"publisher","post_mime_type":"","comment_count":"0","filter":"raw"}},"_links":{"self":[{"href":"https:\/\/sachviet.eu\/en\/wp-json\/wp\/v2\/product\/922","targetHints":{"allow":["GET"]}}],"collection":[{"href":"https:\/\/sachviet.eu\/en\/wp-json\/wp\/v2\/product"}],"about":[{"href":"https:\/\/sachviet.eu\/en\/wp-json\/wp\/v2\/types\/product"}],"wp:featuredmedia":[{"embeddable":true,"href":"https:\/\/sachviet.eu\/en\/wp-json\/wp\/v2\/media\/904"}],"wp:attachment":[{"href":"https:\/\/sachviet.eu\/en\/wp-json\/wp\/v2\/media?parent=922"}],"wp:term":[{"taxonomy":"product_brand","embeddable":true,"href":"https:\/\/sachviet.eu\/en\/wp-json\/wp\/v2\/product_brand?post=922"},{"taxonomy":"product_cat","embeddable":true,"href":"https:\/\/sachviet.eu\/en\/wp-json\/wp\/v2\/product_cat?post=922"},{"taxonomy":"product_tag","embeddable":true,"href":"https:\/\/sachviet.eu\/en\/wp-json\/wp\/v2\/product_tag?post=922"}],"curies":[{"name":"wp","href":"https:\/\/api.w.org\/{rel}","templated":true}]}}