{"id":885,"date":"2021-02-14T00:13:55","date_gmt":"2021-02-13T22:13:55","guid":{"rendered":"https:\/\/sachviet.eu\/shop\/uoc-mo-khong-phu-long-nhung-nguoi-no-luc\/"},"modified":"2021-09-11T15:18:48","modified_gmt":"2021-09-11T12:18:48","slug":"uoc-mo-khong-phu-long-nhung-nguoi-no-luc","status":"publish","type":"product","link":"https:\/\/sachviet.eu\/en\/shop\/uoc-mo-khong-phu-long-nhung-nguoi-no-luc\/","title":{"rendered":"\u01af\u1edbc m\u01a1 kh\u00f4ng ph\u1ee5 l\u00f2ng nh\u1eefng ng\u01b0\u1eddi n\u1ed7 l\u1ef1c"},"content":{"rendered":"<p>Kh\u00f4ng ai c\u00f3 th\u1ec3 khi\u1ebfn b\u1ea1n vui n\u1ebfu nh\u01b0 trong l\u00f2ng b\u1ea1n \u0111ang ch\u1ea5t \u0111\u1ea7y m\u1ed9t b\u1ee5ng phi\u1ec1n n\u00e3o. B\u1ea1n \u0111\u00e3 t\u1eebng t\u1ef1 h\u1ecfi, m\u00ecnh c\u00f3 th\u1ec3 l\u00e0m g\u00ec \u0111\u1ec3 cu\u1ed9c s\u1ed1ng tr\u1edf n\u00ean vui v\u1ebb h\u01a1n thay v\u00ec m\u1ed7i ng\u00e0y g\u1eb7p ai \u0111\u00f3 l\u1ea1i ngu ng\u01a1 l\u1eb7p \u0111i l\u1eb7p l\u1ea1i c\u00e2u h\u1ecfi t\u01b0\u1edfng nh\u01b0 v\u00f4 ngh\u0129a m\u00e0 ch\u1ea5t ch\u1ee9a \u0111\u1ea7y n\u1ed7i l\u00f2ng kia.<\/p>\n<p><strong>\u01af\u1edaC M\u01a0 KH\u00d4NG PH\u1ee4 L\u00d2NG NH\u1eeeNG NG\u01af\u1edcI N\u1ed6 L\u1ef0C<\/strong> l\u00e0 m\u1ed9t cu\u1ed1n s\u00e1ch mang nh\u1eefng c\u1ea3m x\u00fac \u1ea5y c\u1ee7a ng\u01b0\u1eddi tr\u1ebb v\u00e0 t\u00e1c gi\u1ea3 &#8211; m\u1ed9t ng\u01b0\u1eddi tr\u1ebb gi\u1eefa th\u1ebf gi\u1edbi r\u1ed9ng l\u1edbn n\u00e0y \u0111\u00e3 g\u1eedi g\u1eafm nh\u1eefng c\u1ea3m x\u00fac c\u1ee7a ch\u00ednh m\u00ecnh qua t\u1eebng c\u00e2u ch\u1eef. Bi\u1ebfn n\u00f3 th\u00e0nh nh\u1eefng trang s\u00e1ch m\u00e0 b\u1ea1n \u0111ang \u0111\u1ecdc \u0111\u1ec3 c\u00f3 th\u1ec3 chia s\u1ebb c\u00e2u chuy\u1ec7n c\u1ee7a m\u00ecnh \u0111\u1ebfn nhi\u1ec1u ng\u01b0\u1eddi, t\u1eeb \u0111\u00f3 nh\u1eefng n\u1ed7i bu\u1ed3n c\u1ee7a ch\u00fang ta, t\u00f4i hay l\u00e0 c\u1ee7a ch\u00ednh b\u1ea1n s\u1ebd t\u00ecm \u0111\u01b0\u1eddng \u0111\u1ebfn m\u1ed9t n\u01a1i n\u00e0o \u0111\u00f3 th\u1eadt xa tr\u00ean th\u1ebf gi\u1edbi n\u00e0y \u0111\u1ec3 y\u00ean ngh\u1ec9 v\u00e0 ch\u1eeba l\u1ea1i cho ta m\u1ed9t kho\u1ea3ng tr\u1ed1ng v\u1eeba \u0111\u1ee7 \u0111\u1ec3 l\u1ea5p \u0111\u1ea7y n\u00f3 b\u1eb1ng nh\u1eefng ni\u1ec1m vui m\u1edbi.<\/p>\n<p>\u201c\u0110\u00f4i khi cu\u1ed9c \u0111\u1eddi kh\u00f4ng mang l\u1ea1i cho b\u1ea1n nh\u1eefng g\u00ec b\u1ea1n mu\u1ed1n, kh\u00f4ng ph\u1ea3i v\u00ec b\u1ea1n kh\u00f4ng x\u1ee9ng \u0111\u00e1ng m\u00e0 v\u00ec b\u1ea1n x\u1ee9ng \u0111\u00e1ng nh\u1eadn \u0111\u01b0\u1ee3c nhi\u1ec1u h\u01a1n th\u1ebf!\u201d<\/p>\n<p>B\u1ea1n c\u00f3 th\u1ec3 kh\u00f3c ng\u00e0y h\u00f4m qua, \u0111\u00e3 t\u1eebng y\u1ebfu \u0111u\u1ed1i, \u0111\u00e3 t\u1eebng b\u1ea5t l\u1ef1c. Nh\u01b0ng xin b\u1ea1n \u0111\u1eebng gi\u1edd th\u00f4i hy v\u1ecdng v\u00e0o m\u1ed9t ng\u00e0y mai c\u00f3 th\u1ec3 s\u1ebd kh\u00e1c.<\/p>\n<p>V\u00ec s\u1ef1 l\u1ea1c quan ch\u00ednh l\u00e0 chi\u1ebfc phao c\u1ee9u sinh duy nh\u1ea5t d\u00e0nh cho t\u1ea5t c\u1ea3 ch\u00fang ta ngay th\u1eddi kh\u1eafc n\u00e0y. \u0110\u1eebng bu\u1ed3n qu\u00e1 l\u00e2u, \u0111\u1eebng ngh\u0129 ng\u1ee3i qu\u00e1 nhi\u1ec1u, h\u00e3y d\u00e0nh th\u1eddi gian \u0111\u1ec3 hi\u1ec3u ch\u00ednh m\u00ecnh, \u0111\u1ec3 th\u1ea5y m\u00ecnh \u0111ang t\u00ecm ki\u1ebfm \u0111i\u1ec1u g\u00ec trong cu\u1ed9c \u0111\u1eddi n\u00e0y.<\/p>\n<p>Trong b\u1ea5t c\u1ee9 ho\u00e0n c\u1ea3nh n\u00e0o d\u00f9 c\u00f3 t\u1ed3i t\u1ec7 \u0111\u1ebfn \u0111\u00e2u, h\u00e3y lu\u00f4n ng\u1ea9ng cao \u0111\u1ea7u \u0111\u1ec3 \u0111\u00f3n nh\u1eadn \u00e1nh n\u1eafng m\u1eb7t tr\u1eddi, \u0111\u00f3n nh\u1eadn nh\u1eefng c\u01a1 h\u1ed9i v\u00e0 nh\u1eefng ng\u01b0\u1eddi t\u1ed1t s\u1ebd b\u01b0\u1edbc v\u00e0o cu\u1ed9c \u0111\u1eddi m\u00ecnh. H\u00e3y tr\u1edf th\u00e0nh m\u1ed9t ngu\u1ed3n n\u0103ng l\u01b0\u1ee3ng t\u00edch c\u1ef1c \u0111\u1ec3 thu h\u00fat m\u1ed9t ngu\u1ed3n n\u0103ng l\u01b0\u1ee3ng t\u00edch c\u1ef1c kh\u00e1c. M\u1ed9t ng\u01b0\u1eddi y\u00eau b\u1ea3n th\u00e2n, s\u1ed1ng t\u1ed1t v\u00e0 h\u1ea1nh ph\u00fac s\u1ebd thu h\u00fat m\u1ed9t ng\u01b0\u1eddi t\u01b0\u01a1ng t\u1ef1. \u0110\u00f3 l\u00e0 quy lu\u1eadt h\u1ea5p d\u1eabn di\u1ec7u k\u1ef3 c\u1ee7a v\u0169 tr\u1ee5 n\u00e0y.<\/p>\n<p>Hy v\u1ecdng cu\u1ed1n s\u00e1ch n\u00e0y s\u1ebd nh\u01b0 m\u1ed9t b\u00f4ng hoa n\u1edf r\u1ed9 trong l\u00f2ng b\u1ea1n gi\u1eefa m\u1ed9t ng\u00e0y m\u00f9a \u0111\u00f4ng l\u1ea1nh gi\u00e1.<\/p>\n<p>Ch\u00fac cho s\u1ef1 nhi\u1ec7t huy\u1ebft c\u1ee7a b\u1ea1n kh\u00f4ng bao gi\u1edd m\u1ea5t \u0111i, kh\u00f4ng ng\u1ea1i v\u01b0\u1ee3t qua kh\u00f3 kh\u0103n gian kh\u1ed5.<br \/>\nCh\u00fac \u0111\u1eddi n\u00e0y c\u1ee7a b\u1ea1n c\u00f3 cu\u1ed9c s\u1ed1ng vui v\u1ebb, th\u1eb3ng th\u1eafn m\u00e0 ch\u00e2n th\u00e0nh.<br \/>\nCh\u00fac cho th\u1eddi gian c\u00f3 th\u1ec3 m\u00e3i ch\u1ea7m ch\u1eadm kh\u00f4ng v\u1ed9i v\u00e0ng, ch\u00fac cho c\u1ed1 nh\u00e2n c\u00f3 th\u1ec3 m\u00e3i kh\u00f4ng r\u1eddi b\u1ecf m\u00e3i kh\u00f4ng bu\u00f4ng tay.<br \/>\nCh\u00fac cho n\u1ee5 c\u01b0\u1eddi c\u1ee7a b\u1ea1n lu\u00f4n lu\u00f4n trong s\u00e1ng v\u00f4 \u01b0u, v\u1ea7ng th\u00e1i d\u01b0\u01a1ng ng\u1eadp tr\u00e0n trong \u0111\u00e1y m\u1eaft.<\/p>\n  <div class=\"banner-grid-wrapper\">\n  <div id=\"banner-grid-1752712250\" class=\"banner-grid row row-grid row-small\" data-packery-options=\"\">\n                      \n<div class=\"col grid-col large-6 grid-col-1\" ><div class=\"col-inner\">\n\t<div class=\"img has-hover x md-x lg-x y md-y lg-y\" id=\"image_2045251615\">\n\t\t\t\t\t\t\t\t<div class=\"img-inner dark\" >\n\t\t\t<img loading=\"lazy\" decoding=\"async\" width=\"1020\" height=\"1020\" src=\"https:\/\/sachviet.eu\/wp-content\/uploads\/2021\/02\/142085497_1664881570350063_157950657896549599_o-1024x1024.jpg\" class=\"attachment-large size-large\" alt=\"\" srcset=\"https:\/\/sachviet.eu\/wp-content\/uploads\/2021\/02\/142085497_1664881570350063_157950657896549599_o-1024x1024.jpg 1024w, https:\/\/sachviet.eu\/wp-content\/uploads\/2021\/02\/142085497_1664881570350063_157950657896549599_o-300x300.jpg 300w, https:\/\/sachviet.eu\/wp-content\/uploads\/2021\/02\/142085497_1664881570350063_157950657896549599_o-150x150.jpg 150w, https:\/\/sachviet.eu\/wp-content\/uploads\/2021\/02\/142085497_1664881570350063_157950657896549599_o-768x768.jpg 768w, https:\/\/sachviet.eu\/wp-content\/uploads\/2021\/02\/142085497_1664881570350063_157950657896549599_o-1536x1536.jpg 1536w, https:\/\/sachviet.eu\/wp-content\/uploads\/2021\/02\/142085497_1664881570350063_157950657896549599_o-600x600.jpg 600w, https:\/\/sachviet.eu\/wp-content\/uploads\/2021\/02\/142085497_1664881570350063_157950657896549599_o-100x100.jpg 100w, https:\/\/sachviet.eu\/wp-content\/uploads\/2021\/02\/142085497_1664881570350063_157950657896549599_o.jpg 2048w\" sizes=\"auto, (max-width: 1020px) 100vw, 1020px\" \/>\t\t\t\t\t\t\n\t\t\t\t\t<\/div>\n\t\t\t\t\t\t\t\t\n<style>\n#image_2045251615 {\n  width: 100%;\n}\n<\/style>\n\t<\/div>\n\t\n<\/div><\/div>\n<div class=\"col grid-col large-6 grid-col-1\" ><div class=\"col-inner\">\n\t<div class=\"img has-hover x md-x lg-x y md-y lg-y\" id=\"image_218553900\">\n\t\t\t\t\t\t\t\t<div class=\"img-inner dark\" >\n\t\t\t<img loading=\"lazy\" decoding=\"async\" width=\"1020\" height=\"1020\" src=\"https:\/\/sachviet.eu\/wp-content\/uploads\/2021\/02\/142349519_1663118967192990_1723722665169061686_o-1024x1024.jpg\" class=\"attachment-large size-large\" alt=\"\" srcset=\"https:\/\/sachviet.eu\/wp-content\/uploads\/2021\/02\/142349519_1663118967192990_1723722665169061686_o-1024x1024.jpg 1024w, https:\/\/sachviet.eu\/wp-content\/uploads\/2021\/02\/142349519_1663118967192990_1723722665169061686_o-300x300.jpg 300w, https:\/\/sachviet.eu\/wp-content\/uploads\/2021\/02\/142349519_1663118967192990_1723722665169061686_o-150x150.jpg 150w, https:\/\/sachviet.eu\/wp-content\/uploads\/2021\/02\/142349519_1663118967192990_1723722665169061686_o-768x768.jpg 768w, https:\/\/sachviet.eu\/wp-content\/uploads\/2021\/02\/142349519_1663118967192990_1723722665169061686_o-1536x1536.jpg 1536w, https:\/\/sachviet.eu\/wp-content\/uploads\/2021\/02\/142349519_1663118967192990_1723722665169061686_o-600x600.jpg 600w, https:\/\/sachviet.eu\/wp-content\/uploads\/2021\/02\/142349519_1663118967192990_1723722665169061686_o-100x100.jpg 100w, https:\/\/sachviet.eu\/wp-content\/uploads\/2021\/02\/142349519_1663118967192990_1723722665169061686_o.jpg 2048w\" sizes=\"auto, (max-width: 1020px) 100vw, 1020px\" \/>\t\t\t\t\t\t\n\t\t\t\t\t<\/div>\n\t\t\t\t\t\t\t\t\n<style>\n#image_218553900 {\n  width: 100%;\n}\n<\/style>\n\t<\/div>\n\t\n<\/div><\/div>\n            <\/div>\n    <style>\n    #banner-grid-1752712250 .grid-col-1{height: 600px}\n    #banner-grid-1752712250 .grid-col-1-2{height: 300px}\n    #banner-grid-1752712250 .grid-col-1-3{height:200px}\n    #banner-grid-1752712250 .grid-col-2-3{height: 400px}\n    #banner-grid-1752712250 .grid-col-1-4{height: 150px}\n    #banner-grid-1752712250 .grid-col-3-4{height: 450px}\n\n\n    \n    \n\n  <\/style>\n    <\/div>\n  \n","protected":false},"excerpt":{"rendered":"<p>G\u1eedi t\u00f4i c\u1ee7a nh\u1eefng n\u0103m th\u00e1ng sau n\u00e0y.<\/p>\n<p>Sau n\u00e0y, kh\u00f4ng bi\u1ebft l\u00e0 gi\u00e0u hay ngh\u00e8o, l\u00e0 c\u00f4 \u0111\u01a1n hay h\u1ea1nh ph\u00fac c\u0169ng ph\u1ea3i m\u1ea1nh m\u1ebd, t\u1ef1 bi\u1ebft lo cho b\u1ea3n th\u00e2n m\u00ecnh.<\/p>\n<p>Sau n\u00e0y, n\u1ebfu c\u00f3 th\u1ec3 h\u00e3y l\u00e0 m\u1ed9t con ng\u01b0\u1eddi \u0111\u1ed9c l\u1eadp, kh\u00f4ng c\u1ea7n d\u1ef1a d\u1eabm, kh\u00f4ng nh\u1edd c\u1eady.<br \/>\nSau n\u00e0y, \u0111\u1eebng xem m\u1ed9t ai l\u00e0 c\u1ea3 th\u1ebf gi\u1edbi, nh\u1ea5t \u0111\u1ecbnh kh\u00f4ng \u0111\u01b0\u1ee3c. L\u1ee1 h\u1ecd r\u1eddi \u0111i r\u1ed3i, th\u00ec l\u00e0m sao?<\/p>\n<p>Sau n\u00e0y, ph\u1ea3i n\u1ed7 l\u1ef1c, c\u1ed1 g\u1eafng nhi\u1ec1u h\u01a1n n\u1eefa. Th\u00e0nh c\u00f4ng ch\u1ec9 \u0111\u1ebfn v\u1edbi nh\u1eefng ai bi\u1ebft n\u1ed7 l\u1ef1c m\u00e0 th\u00f4i.<br \/>\nSau n\u00e0y, khi c\u00f3 th\u1ec3 \u0111\u1ed9c l\u1eadp v\u1ec1 t\u00e0i ch\u00ednh, khi \u0111\u1ee7 lo c\u01a1m \u0103n \u00e1o m\u1eb7c, h\u00e3y lo cho ba m\u1eb9 nhi\u1ec1u th\u1eadt nhi\u1ec1u.<\/p>\n<p>C\u0169ng kh\u00f4ng c\u1ea7n \u0111\u1ee3i \u0111\u1ebfn khi \u0111\u1ee7 \u0111\u1ea7y, m\u00e0 l\u00e0 ngay khi c\u00f3 th\u1ec3. S\u1ee9c kh\u1ecfe c\u1ee7a ba m\u1eb9, kh\u00f4ng cho ph\u00e9p t\u00f4i ch\u1ea7n ch\u1eeb n\u1eefa&#8230;<\/p>\n<p>Sau n\u00e0y, d\u00f9 \u00edt b\u1ea1n c\u0169ng \u0111\u01b0\u1ee3c, nh\u01b0ng nh\u1ea5t \u0111\u1ecbnh ph\u1ea3i l\u00e0 b\u1ea1n t\u1ed1t, ch\u00e2n th\u00e0nh. Khi c\u1ea7n th\u00ec h\u1ecd s\u1ebd c\u00f3 m\u1eb7t. \u1ede b\u00ean c\u1ea1nh kh\u00f4ng c\u00f2n e s\u1ee3, d\u00e8 ch\u1eebng l\u00e0 \u0111\u01b0\u1ee3c r\u1ed3i.<\/p>\n<p>\u01af\u1edaC M\u01a0 KH\u00d4NG PH\u1ee4 L\u00d2NG NH\u1eeeNG NG\u01af\u1edcI N\u1ed6 L\u1ef0C &#8211; Cu\u1ed1n s\u00e1ch cho b\u1ea1n \u0111\u1ed9ng l\u1ef1c \u0111\u1ec3 ti\u1ebfp t\u1ee5c c\u1ed1 g\u1eafng d\u00f9 c\u00f3 m\u1ec7t m\u1ecfi nh\u01b0 th\u1ebf n\u00e0o.<\/p>\n","protected":false},"featured_media":873,"template":"","meta":{"_acf_changed":false},"product_brand":[],"product_cat":[15,46],"product_tag":[],"class_list":{"0":"post-885","1":"product","2":"type-product","3":"status-publish","4":"has-post-thumbnail","6":"product_cat-sach-danh-cho-nguoi-lon","7":"product_cat-ky-nang-song","9":"first","10":"outofstock","11":"taxable","12":"shipping-taxable","13":"purchasable","14":"product-type-simple"},"supplier_id":null,"supplier_sku":"","barcode":null,"atum_controlled":true,"out_stock_date":"2021-09-11 12:18:48","out_stock_threshold":null,"inheritable":false,"inbound_stock":0,"stock_on_hold":0,"sold_today":0,"sales_last_days":0,"reserved_stock":0,"customer_returns":0,"warehouse_damage":0,"lost_in_post":0,"other_logs":0,"out_stock_days":1600,"lost_sales":0,"has_location":false,"update_date":"2026-01-28T23:10:29","atum_locations":[],"atum_stock_status":"outofstock","restock_status":false,"low_stock_amount":"","sales_update_date":"2026-01-28T23:10:29","calc_backorders":null,"acf":{"publisher":{"ID":1459,"post_author":"1","post_date":"2021-02-17 01:12:23","post_date_gmt":"2021-02-16 23:12:23","post_content":"","post_title":"Ng\u01b0\u1eddi Tr\u1ebb Vi\u1ec7t","post_excerpt":"","post_status":"publish","comment_status":"closed","ping_status":"closed","post_password":"","post_name":"nguoi-tre-viet","to_ping":"","pinged":"","post_modified":"2021-02-17 01:12:23","post_modified_gmt":"2021-02-16 23:12:23","post_content_filtered":"","post_parent":0,"guid":"https:\/\/sachviet.eu\/nha-phat-hanh\/nguoi-tre-viet\/","menu_order":0,"post_type":"publisher","post_mime_type":"","comment_count":"0","filter":"raw"}},"_links":{"self":[{"href":"https:\/\/sachviet.eu\/en\/wp-json\/wp\/v2\/product\/885","targetHints":{"allow":["GET"]}}],"collection":[{"href":"https:\/\/sachviet.eu\/en\/wp-json\/wp\/v2\/product"}],"about":[{"href":"https:\/\/sachviet.eu\/en\/wp-json\/wp\/v2\/types\/product"}],"wp:featuredmedia":[{"embeddable":true,"href":"https:\/\/sachviet.eu\/en\/wp-json\/wp\/v2\/media\/873"}],"wp:attachment":[{"href":"https:\/\/sachviet.eu\/en\/wp-json\/wp\/v2\/media?parent=885"}],"wp:term":[{"taxonomy":"product_brand","embeddable":true,"href":"https:\/\/sachviet.eu\/en\/wp-json\/wp\/v2\/product_brand?post=885"},{"taxonomy":"product_cat","embeddable":true,"href":"https:\/\/sachviet.eu\/en\/wp-json\/wp\/v2\/product_cat?post=885"},{"taxonomy":"product_tag","embeddable":true,"href":"https:\/\/sachviet.eu\/en\/wp-json\/wp\/v2\/product_tag?post=885"}],"curies":[{"name":"wp","href":"https:\/\/api.w.org\/{rel}","templated":true}]}}