{"id":872,"date":"2021-02-14T00:13:37","date_gmt":"2021-02-13T22:13:37","guid":{"rendered":"https:\/\/sachviet.eu\/shop\/nay-cho-tay-may-liem-sach\/"},"modified":"2021-08-19T17:06:07","modified_gmt":"2021-08-19T14:06:07","slug":"nay-cho-tay-may-liem-sach","status":"publish","type":"product","link":"https:\/\/sachviet.eu\/en\/shop\/nay-cho-tay-may-liem-sach\/","title":{"rendered":"N\u00e0y, ch\u1edb t\u00e1y m\u00e1y li\u1ebfm s\u00e1ch"},"content":{"rendered":"<p><strong>&#8230; Nh\u01b0ng t\u1edb tr\u00f3t l\u1ee1 li\u1ebfm r\u1ed3i th\u00ec c\u00f3 l\u00e0m sao kh\u00f4ng???<\/strong><\/p>\n<p><strong>Th\u1ef1c s\u1ef1 th\u00ec&#8230;. c\u0169ng c\u00f3 sao \u0111\u1ea5y!!!!!!!<\/strong><\/p>\n<p>Cu\u1ed1n N\u00e0y, ch\u1edb t\u00e1y m\u00e1y li\u1ebfm s\u00e1ch l\u00e0 m\u1ed9t c\u00e1ch th\u00f4ng th\u00e1i ra tr\u00f2 \u0111\u1ec3 gi\u1edbi thi\u1ec7u v\u1edbi c\u00e1c b\u1ea1n nh\u1ecf v\u1ec1 m\u1ed9t s\u1ef1 s\u1ed1ng c\u00f3 t\u00ean \u201cvi khu\u1ea9n\u201d t\u1ed3n t\u1ea1i tr\u00ean \u0111\u1eddi (kh\u00f4ng ch\u1ec9 c\u00f3 v\u1eady, m\u00e0 ch\u00fang c\u00f2n t\u1ed3n t\u1ea1i \u1edf KH\u1eaeP m\u1ecdi n\u01a1i xung quanh ta n\u1eefa \u1ea5y ch\u1ee9!). H\u1ecdc bi\u1ebft v\u1ec1 vi khu\u1ea9n \u0111\u00fang th\u1eadt d\u1ec5 \u1eb9c v\u1edbi nh\u1eefng nh\u00e2n v\u1eadt tr\u00f2n \u1ee7ng ng\u1ed3 ng\u1ed9 v\u00e0 l\u1eddi tho\u1ea1i h\u00f3m h\u1ec9nh h\u00e0i h\u01b0\u1edbc (d\u00f9 thi tho\u1ea3ng c\u00f3 h\u01a1i gh\u00ea gh\u00ea). M\u00e0 t\u1ee5i nh\u00f3c th\u00ec l\u00fac n\u00e0o ch\u1eb3ng th\u00edch m\u00ea th\u00edch m\u1ec7t v\u00e0 t\u00f2 m\u00f2 ch\u1ebft \u0111\u01b0\u1ee3c v\u1edbi nh\u1eefng th\u1ee9 qu\u00e1i \u0111\u1ea3n r\u1eddn r\u1ee3n c\u01a1 ch\u1ee9.<br \/>\nT\u00e8n ten, qu\u1ea3 \u0111\u00fang vi khu\u1ea9n l\u00e0 m\u1ed9t nh\u00e2n v\u1eadt kh\u00f4ng th\u1ec3 n\u00e0o ph\u00f9 h\u1ee3p h\u01a1n \u0111\u01b0\u1ee3c n\u1eefa! \u0110\u00e2u \u0111\u00e2u quanh m\u00ecnh c\u0169ng c\u00f3 th\u1ec3 t\u00ecm th\u1ea5y b\u00f3ng d\u00e1ng c\u1ee7a m\u1ea5y b\u1ea1n vi khu\u1ea9n \u0111ang n\u1eb1m \u01b0\u1eddn th\u01b0\u1edfng th\u1ee9c m\u1ed9t c\u1ed1c m\u1ed3 h\u00f4i gi\u1ea3i kh\u00e1t, h\u00ed ho\u00e1y \u0111\u00e0o c\u00e1c l\u1ed7 s\u00e2u trong r\u0103ng, hay h\u0103ng say mi\u1ec7t m\u00e0i ph\u1ee7 k\u00edn chi\u1ebfc \u00e1o ph\u00f4ng b\u1eb1ng nh\u1eefng v\u1ebft b\u1ea9n&#8230;<\/p>\n<p>Eo ui! Ch\u01b0a h\u1ebft, m\u1ed9t t\u1edd gi\u1ea5y, b\u1ed9 r\u0103ng c\u1ee7a m\u00ecnh hay chi\u1ebfc \u00e1o m\u00ecnh \u0111ang m\u1eb7c \u00f4i sao m\u00e0 qu\u00e1 \u0111\u1ed7i l\u1ea1 l\u00f9ng khi \u0111\u01b0\u1ee3c ph\u00f3ng to l\u00ean h\u00e0ng ngh\u00ecn l\u1ea7n, h\u1ee9a h\u1eb9n bao \u0111i\u1ec1u hay ho v\u00e0 m\u1ed9t tr\u1ea3i nghi\u1ec7m \u0111\u1ecdc s\u00e1ch vui c\u1ef1c k\u1ef3, ch\u01b0a t\u1eebng c\u00f3 t\u1eeb tr\u01b0\u1edbc t\u1edbi nay!<\/p>\n<p>&#8220;N\u00e0y, ch\u1edb t\u00e1y m\u00e1y li\u1ebfm s\u00e1ch!&#8221;- M\u1ed9t cu\u1ed1n s\u00e1ch sinh \u0111\u1ed9ng, k\u1ef3 th\u00fa v\u00e0 ch\u00e2n th\u1ef1c v\u1ec1 th\u1ebf gi\u1edbi vi khu\u1ea9n d\u00e0nh cho c\u00e1c b\u1ea1n nh\u1ecf s\u1eafp ra m\u1eaft trong th\u00e1ng 3 n\u00e0y. C\u00e1c b\u1ed1 m\u1eb9 c\u00f3 th\u1ec3 \u0111\u1eb7t mua s\u00e1ch ngay t\u1ea1i \u0111\u00e2y \u0111\u1ec3 nh\u1eadn qu\u00e0 t\u1eb7ng h\u1eefu \u00edch gi\u00fap con ph\u00f2ng tr\u00e1nh l\u00e2y nhi\u1ec5m b\u1ec7nh.<\/p>\n","protected":false},"excerpt":{"rendered":"<p>Cu\u1ed1n N\u00e0y, ch\u1edb t\u00e1y m\u00e1y li\u1ebfm s\u00e1ch l\u00e0 m\u1ed9t c\u00e1ch th\u00f4ng th\u00e1i ra tr\u00f2 \u0111\u1ec3 gi\u1edbi thi\u1ec7u v\u1edbi c\u00e1c b\u1ea1n nh\u1ecf v\u1ec1 m\u1ed9t s\u1ef1 s\u1ed1ng c\u00f3 t\u00ean \u201cvi khu\u1ea9n\u201d t\u1ed3n t\u1ea1i tr\u00ean \u0111\u1eddi (kh\u00f4ng ch\u1ec9 c\u00f3 v\u1eady, m\u00e0 ch\u00fang c\u00f2n t\u1ed3n t\u1ea1i \u1edf KH\u1eaeP m\u1ecdi n\u01a1i xung quanh ta n\u1eefa \u1ea5y ch\u1ee9!). H\u1ecdc bi\u1ebft v\u1ec1 vi khu\u1ea9n \u0111\u00fang th\u1eadt d\u1ec5 \u1eb9c v\u1edbi nh\u1eefng nh\u00e2n v\u1eadt tr\u00f2n \u1ee7ng ng\u1ed3 ng\u1ed9 v\u00e0 l\u1eddi tho\u1ea1i h\u00f3m h\u1ec9nh h\u00e0i h\u01b0\u1edbc (d\u00f9 thi tho\u1ea3ng c\u00f3 h\u01a1i gh\u00ea gh\u00ea). M\u00e0 t\u1ee5i nh\u00f3c th\u00ec l\u00fac n\u00e0o ch\u1eb3ng th\u00edch m\u00ea th\u00edch m\u1ec7t v\u00e0 t\u00f2 m\u00f2 ch\u1ebft \u0111\u01b0\u1ee3c v\u1edbi nh\u1eefng th\u1ee9 qu\u00e1i \u0111\u1ea3n r\u1eddn r\u1ee3n c\u01a1 ch\u1ee9.<br \/>\nT\u00e8n ten, qu\u1ea3 \u0111\u00fang vi khu\u1ea9n l\u00e0 m\u1ed9t nh\u00e2n v\u1eadt kh\u00f4ng th\u1ec3 n\u00e0o ph\u00f9 h\u1ee3p h\u01a1n \u0111\u01b0\u1ee3c n\u1eefa! \u0110\u00e2u \u0111\u00e2u quanh m\u00ecnh c\u0169ng c\u00f3 th\u1ec3 t\u00ecm th\u1ea5y b\u00f3ng d\u00e1ng c\u1ee7a m\u1ea5y b\u1ea1n vi khu\u1ea9n \u0111ang n\u1eb1m \u01b0\u1eddn th\u01b0\u1edfng th\u1ee9c m\u1ed9t c\u1ed1c m\u1ed3 h\u00f4i gi\u1ea3i kh\u00e1t, h\u00ed ho\u00e1y \u0111\u00e0o c\u00e1c l\u1ed7 s\u00e2u trong r\u0103ng, hay h\u0103ng say mi\u1ec7t m\u00e0i ph\u1ee7 k\u00edn chi\u1ebfc \u00e1o ph\u00f4ng b\u1eb1ng nh\u1eefng v\u1ebft b\u1ea9n&#8230;<\/p>\n<p>Eo ui! Ch\u01b0a h\u1ebft, m\u1ed9t t\u1edd gi\u1ea5y, b\u1ed9 r\u0103ng c\u1ee7a m\u00ecnh hay chi\u1ebfc \u00e1o m\u00ecnh \u0111ang m\u1eb7c \u00f4i sao m\u00e0 qu\u00e1 \u0111\u1ed7i l\u1ea1 l\u00f9ng khi \u0111\u01b0\u1ee3c ph\u00f3ng to l\u00ean h\u00e0ng ngh\u00ecn l\u1ea7n, h\u1ee9a h\u1eb9n bao \u0111i\u1ec1u hay ho v\u00e0 m\u1ed9t tr\u1ea3i nghi\u1ec7m \u0111\u1ecdc s\u00e1ch vui c\u1ef1c k\u1ef3, ch\u01b0a t\u1eebng c\u00f3 t\u1eeb tr\u01b0\u1edbc t\u1edbi nay!<\/p>\n","protected":false},"featured_media":866,"template":"","meta":{"_acf_changed":false},"product_brand":[],"product_cat":[24,25,19,17],"product_tag":[],"class_list":{"0":"post-872","1":"product","2":"type-product","3":"status-publish","4":"has-post-thumbnail","6":"product_cat-nha-tre-mau-giao-0-tuoi-6-tuoi","7":"product_cat-nhi-dong-6-tuoi-12-tuoi","8":"product_cat-nuoi-day-con","9":"product_cat-sach-danh-cho-cac-be","11":"first","12":"instock","13":"taxable","14":"shipping-taxable","15":"purchasable","16":"product-type-simple"},"supplier_id":null,"supplier_sku":"","barcode":null,"atum_controlled":true,"out_stock_date":null,"out_stock_threshold":null,"inheritable":false,"inbound_stock":0,"stock_on_hold":0,"sold_today":0,"sales_last_days":0,"reserved_stock":0,"customer_returns":0,"warehouse_damage":0,"lost_in_post":0,"other_logs":0,"out_stock_days":0,"lost_sales":0,"has_location":false,"update_date":"2026-01-28T23:10:29","atum_locations":[],"atum_stock_status":"instock","restock_status":false,"low_stock_amount":"","sales_update_date":"2026-01-28T23:10:29","calc_backorders":null,"acf":{"publisher":{"ID":1458,"post_author":"1","post_date":"2021-02-17 01:12:22","post_date_gmt":"2021-02-16 23:12:22","post_content":"<!-- wp:flatsome\/uxbuilder -->\n<h1 style=\"text-align: center\"><strong>Crabit Kidbooks<\/strong><\/h1>\n[row]\n\n[col span=\"8\" span__sm=\"12\"]\n\n<p>Crabit Kidbooks l\u00e0 nh\u00e0 ph\u00e1t h\u00e0nh s\u00e1ch thi\u1ebfu nhi thu\u1ed9c C\u00f4ng ty CPTM &amp; XNK Ng\u1ecdc \u00c1nh \u2013 \u0111\u01a1n v\u1ecb h\u01a1n 20 n\u0103m kinh nghi\u1ec7m trong ng\u00e0nh in \u1ea5n v\u00e0 l\u00e0 \u0111\u1ed1i t\u00e1c uy t\u00edn cung c\u1ea5p h\u1ecdc li\u1ec7u, s\u00e1ch v\u1edf h\u1ecdc sinh cho h\u01a1n 5000 kh\u00e1ch h\u00e0ng kh\u1eafp 28 t\u1ec9nh th\u00e0nh ph\u00eda B\u1eafc Vi\u1ec7t Nam H\u1ec7 th\u1ed1ng s\u1ea3n ph\u1ea9m Crabit Kidbooks<\/p>\n<p>Theo s\u1ef1 t\u00ecm hi\u1ec3u c\u1ee7a <strong>SACHVIET.EU<\/strong><strong>\u00a0<\/strong>tuy Crabit Kidbooks l\u00e0 m\u1ed9t nh\u00e0 ph\u00e1t h\u00e0nh tr\u1ebb t\u1ea1i Vi\u1ec7t Nam nh\u01b0ng l\u1ea1i mang \u0111\u1ebfn s\u1ef1 ch\u1ec9n chu qua t\u1eebng trang s\u00e1ch, t\u1eeb ch\u1ea5t li\u1ec7u gi\u1ea5y cao c\u1ea5p, b\u00eca c\u1ee9ng gi\u1eef g\u00ecn s\u00e1ch \u0111\u01b0\u1ee3c b\u1ec1n l\u00e2u \u0111\u1ebfn l\u1eddi v\u0103n c\u00e2u ch\u1eef \u0111\u01b0\u1ee3c ch\u1ecdn l\u1ecdc ch\u1ec9nh s\u1eeda sao cho ti\u1ebfp c\u1eadn th\u00e2n thi\u1ec7n nh\u1ea5t v\u1edbi tr\u1ebb em. <strong>SACHVIET.EU<\/strong> th\u1ef1c s\u1ef1 \u1ea5n t\u01b0\u1ee3ng b\u1edfi t\u1ea7m nh\u00ecn v\u00e0 s\u1ef1 c\u1ed1 g\u1eafng ho\u00e0n thi\u1ec7n nh\u1eefng t\u00e1c ph\u1ea9m c\u00f3 gi\u00e1 tr\u1ecb tuy\u1ec7t v\u1eddi m\u00e0 Crabit Kidbooks mang l\u1ea1i. \u0110\u00e2y c\u0169ng l\u00e0 nh\u00e0 ph\u00e1t h\u00e0nh duy nh\u1ea5t t\u1edbi th\u1eddi \u0111i\u1ec3m n\u00e0y m\u00e0 <strong>SACHVIET.EU<\/strong> quy\u1ebft t\u00e2m h\u1ee3p t\u00e1c mang h\u1ebft t\u1ea5t c\u1ea3 c\u00e1c \u0111\u1ea7u s\u00e1ch m\u00e0 Crabit Kidbooks c\u00f3 \u0111\u1ec3 \u0111em \u0111\u1ebfn Ch\u00e2u \u00c2u ph\u1ee5c v\u1ee5 m\u1ecdi ng\u01b0\u1eddi. \u0110\u00e2y th\u1ef1c s\u1ef1 l\u00e0 m\u1ed9t s\u1ef1 li\u1ec1u l\u0129nh c\u1ee7a <strong>SACHVIET.EU<\/strong>, tuy nhi\u00ean ch\u00fang m\u00ecnh tin t\u01b0\u1edfng v\u00e0 t\u1ef1 tin r\u1eb1ng t\u1eebng cu\u1ed1n s\u00e1ch m\u00e0 ch\u00fang m\u00ecnh gi\u1edbi thi\u1ec7u x\u1ee9ng \u0111\u00e1ng v\u1edbi nh\u1eefng g\u00ec ch\u00fang m\u00ecnh theo \u0111u\u1ed5i.<\/p>\n\n[\/col]\n[col span=\"4\" span__sm=\"12\"]\n\n[ux_image id=\"1701\" image_size=\"medium\"]\n\n\n[\/col]\n\n[\/row]\n\n<!-- \/wp:flatsome\/uxbuilder -->","post_title":"Crabit Kidbooks","post_excerpt":"","post_status":"publish","comment_status":"closed","ping_status":"closed","post_password":"","post_name":"crabit-kidbooks","to_ping":"","pinged":"","post_modified":"2022-12-19 23:12:10","post_modified_gmt":"2022-12-19 21:12:10","post_content_filtered":"","post_parent":0,"guid":"https:\/\/sachviet.eu\/nha-phat-hanh\/crabitkidbooks\/","menu_order":0,"post_type":"publisher","post_mime_type":"","comment_count":"0","filter":"raw"}},"_links":{"self":[{"href":"https:\/\/sachviet.eu\/en\/wp-json\/wp\/v2\/product\/872","targetHints":{"allow":["GET"]}}],"collection":[{"href":"https:\/\/sachviet.eu\/en\/wp-json\/wp\/v2\/product"}],"about":[{"href":"https:\/\/sachviet.eu\/en\/wp-json\/wp\/v2\/types\/product"}],"wp:featuredmedia":[{"embeddable":true,"href":"https:\/\/sachviet.eu\/en\/wp-json\/wp\/v2\/media\/866"}],"wp:attachment":[{"href":"https:\/\/sachviet.eu\/en\/wp-json\/wp\/v2\/media?parent=872"}],"wp:term":[{"taxonomy":"product_brand","embeddable":true,"href":"https:\/\/sachviet.eu\/en\/wp-json\/wp\/v2\/product_brand?post=872"},{"taxonomy":"product_cat","embeddable":true,"href":"https:\/\/sachviet.eu\/en\/wp-json\/wp\/v2\/product_cat?post=872"},{"taxonomy":"product_tag","embeddable":true,"href":"https:\/\/sachviet.eu\/en\/wp-json\/wp\/v2\/product_tag?post=872"}],"curies":[{"name":"wp","href":"https:\/\/api.w.org\/{rel}","templated":true}]}}