{"id":8708,"date":"2021-04-28T14:31:45","date_gmt":"2021-04-28T11:31:45","guid":{"rendered":"https:\/\/sachviet.eu\/shop\/di-tron-bia-cung\/"},"modified":"2024-08-10T14:05:19","modified_gmt":"2024-08-10T11:05:19","slug":"di-tron-bia-cung","status":"publish","type":"product","link":"https:\/\/sachviet.eu\/en\/shop\/di-tron-bia-cung\/","title":{"rendered":"\u0110i Tr\u1ed1n (B\u00eca C\u1ee9ng)"},"content":{"rendered":"<p>\u201c\u0110\u00e2y l\u00e0 m\u1ed9t v\u1ee5 m\u1ea5t t\u00edch do nh\u00e0 v\u0103n t\u01b0\u1edfng t\u01b0\u1ee3ng ra hay l\u00e0 m\u1ed9t h\u1ed3i \u1ee9c c\u00f3 th\u1eadt? B\u1ea1n \u0111\u1ecdc kh\u00f3 l\u00f2ng ph\u00e2n bi\u1ec7t, nh\u01b0ng d\u00f9 l\u00e0 h\u01b0 c\u1ea5u hay phi h\u01b0 c\u1ea5u, \u0110i tr\u1ed1n v\u1eabn l\u00e0 m\u1ed9t c\u00e2u chuy\u1ec7n \u0111\u01b0\u1ee3c k\u1ec3 r\u1ea5t sinh \u0111\u1ed9ng v\u00e0 c\u1ea3m \u0111\u1ed9ng.<\/p>\n<p>V\u1edbi v\u1ed1n s\u1ed1ng d\u00e0y d\u1ea1n phong ph\u00fa v\u00e0 b\u1eb1ng l\u1eddi v\u0103n k\u1ec3 chuy\u1ec7n gi\u1ea3n d\u1ecb, mi\u00eau t\u1ea3 ph\u00e1c h\u1ecda, nhanh v\u00e0 t\u1ef1 nhi\u00ean, ch\u1eef ngh\u0129a kh\u00f4ng c\u1ea7u k\u1ef3 nh\u01b0ng di\u1ec5n \u0111\u1ea1t \u0111\u01b0\u1ee3c n\u1ed9i t\u00e2m c\u00f9ng l\u1ed1i ngh\u0129 v\u00e0 l\u1eddi n\u00f3i c\u1ee7a c\u00e1c nh\u00e2n v\u1eadt m\u1ed9t c\u00e1ch r\u1ea5t \u0111\u00fang tu\u1ed5i \u0111\u00fang th\u1eddi, nh\u00e0 v\u0103n B\u00ecnh Ca \u0111\u00e3 nh\u1eb9 nh\u00e0ng, tr\u1eef t\u00ecnh v\u00e0 c\u1ea3 h\u00f3m h\u1ec9nh n\u1eefa, d\u1eabn d\u1eaft b\u1ea1n \u0111\u1ecdc qua l\u1ea7n l\u01b0\u1ee3t nh\u1eefng ch\u1eb7ng m\u1ea1o hi\u1ec3m \u0111\u1ea7y h\u1ea5p d\u1eabn v\u00e0 h\u1ed3i h\u1ed9p.\u201d &#8211; B\u1ea3o Ninh, nh\u00e0 v\u0103n<\/p>\n<p>\u201c\u0110i tr\u1ed1n l\u00e0 c\u00e2u chuy\u1ec7n v\u1ec1 nh\u1eefng \u0111\u1ee9a tr\u1ebb trong s\u00e1ng v\u00e0 \u0111\u1ea7y hi\u1ebfu k\u1ef3 nh\u01b0ng ch\u1ee9a \u0111\u1ef1ng m\u1ed9t th\u00f4ng \u0111i\u1ec7p l\u1edbn v\u1ec1 cu\u1ed9c \u0111\u1eddi. &#8211; Nguy\u1ec5n Quang Thi\u1ec1u, nh\u00e0 v\u0103n<\/p>\n<p>GI\u1edaI THI\u1ec6U S\u00c1CH:<\/p>\n<p>Cu\u1ed9c \u0111i tr\u1ed1n kh\u1ecfi tr\u1ea1i s\u01a1 t\u00e1n vui vui v\u00e0i ng\u00e0y c\u1ee7a n\u0103m \u0111\u1ee9a tr\u1ebb m\u1edbi l\u1edbn \u0111\u1ed9t ng\u1ed9t tr\u1edf th\u00e0nh m\u1ed9t chuy\u1ebfn phi\u00eau l\u01b0u li k\u1ef3 v\u00e0 nguy hi\u1ec3m gi\u1eefa n\u00fai non, hang \u0111\u1ed9ng, s\u00f4ng n\u01b0\u1edbc nguy\u00ean s\u01a1 hoang d\u00e3. Trong h\u00e0nh tr\u00ecnh \u1ea5y ch\u00fang \u0111\u01b0\u1ee3c thi\u00ean nhi\u00ean k\u1ef3 th\u00fa t\u01b0\u1edfng th\u01b0\u1edfng h\u00e0o ph\u00f3ng, nh\u01b0ng c\u0169ng ph\u1ea3i v\u1eadt l\u1ed9n \u0111\u1ec3 s\u1ed1ng s\u00f3t, m\u00e0 nhi\u1ec1u l\u00fac t\u01b0\u1edfng ch\u1eebng \u0111\u00e3 tuy\u1ec7t v\u1ecdng.<\/p>\n<p>C\u00e2u chuy\u1ec7n ch\u00e2n th\u1ef1c, l\u00f4i cu\u1ed1n, \u0111\u1ed3ng th\u1eddi g\u1ee3i nhi\u1ec1u suy ng\u1eabm v\u1ec1 cu\u1ed9c s\u1ed1ng v\u00e0 s\u1ed1 ph\u1eadn nh\u1eefng \u0111\u1ee9a tr\u1ebb l\u1edbn l\u00ean gi\u1eefa cu\u1ed9c chi\u1ebfn tranh: th\u01b0\u1eddng xuy\u00ean s\u1ed1ng xa b\u1ed1 m\u1eb9, th\u1ea5y s\u00fang \u0111\u1ea1n nh\u01b0 \u0111\u1ed3 ch\u01a1i, ch\u1ee9ng ki\u1ebfn nh\u1eefng c\u00e1i ch\u1ebft xung quanh m\u00ecnh\u2026 Nh\u01b0ng \u0111\u1ecdng l\u1ea1i sau t\u1ea5t c\u1ea3, b\u00ean c\u1ea1nh v\u1ebb \u0111\u1eb9p c\u1ee7a thi\u00ean nhi\u00ean, \u0110i tr\u1ed1n c\u0169ng l\u00e0m s\u00e1ng l\u00ean v\u1ebb \u0111\u1eb9p c\u1ee7a tinh th\u1ea7n t\u1ef1 l\u1ef1c, c\u1ee7a t\u00ecnh b\u1ea1n, v\u00e0 nh\u1eefng rung \u0111\u1ed9ng t\u00ecnh y\u00eau thu\u1edf ban \u0111\u1ea7u.<\/p>\n<p>L\u1edcI N\u00d3I \u0110\u1ea6U:<\/p>\n<p>M\u1ed8T C\u00c2U CHUY\u1ec6N SINH \u0110\u1ed8NG V\u00c0 C\u1ea2M \u0110\u1ed8NG<\/p>\n<p>&#8211; B\u1ea3o Ninh, nh\u00e0 v\u0103n<\/p>\n<p>N\u0103m n\u0103m sau ng\u00e0y ra m\u1eaft Qu\u00e2n khu Nam \u0110\u1ed3ng, cu\u1ed1n truy\u1ec7n \u0111\u1ea7u tay r\u1ea5t hay v\u00e0 th\u00e0nh c\u00f4ng c\u1ee7a m\u00ecnh, t\u00e1c gi\u1ea3 B\u00ecnh Ca \u0111\u00e3 vi\u1ebft xong cu\u1ed1n th\u1ee9 hai. N\u0103m n\u0103m, l\u00e0 kho\u1ea3ng th\u1eddi gian v\u1eeba ph\u1ea3i \u0111\u1ec3 ho\u00e0n th\u00e0nh m\u1ed9t cu\u1ed1n ti\u1ec3u thuy\u1ebft, v\u00e0 s\u1ef1 \u0111i\u1ec1m t\u0129nh \u1ea5y cho th\u1ea5y l\u00e0 nh\u00e0 v\u0103n \u0111\u00e3 kh\u00f4ng v\u00ec s\u1ef1 \u0111\u00e1nh gi\u00e1 cao v\u00e0 c\u1ea3 s\u1ef1 h\u1ed1i th\u00fac n\u1eefa c\u1ee7a d\u01b0 lu\u1eadn b\u1ea1n \u0111\u1ecdc m\u00e0 ph\u1ea3i v\u1ed9i v\u00e3, song c\u0169ng kh\u00f4ng qu\u00e1 ch\u1eadm r\u00e3i khi\u1ebfn l\u00e0m gi\u1ea3m \u0111i m\u1ea5t nhu\u1ec7 kh\u00ed v\u00e0 phong \u0111\u1ed9 c\u1ee7a cu\u1ed1n \u0111\u1ea7u.<\/p>\n<p>Qua nh\u1eefng trang m\u1edf \u0111\u1ea7u cho ti\u1ec3u thuy\u1ebft \u0110i tr\u1ed1n, t\u00f4i hi\u1ec3u do \u0111\u00e2u m\u00e0 t\u00e1c gi\u1ea3 \u0111\u00e3 tin c\u1eady l\u1ef1a t\u00f4i l\u00e0 m\u1ed9t trong nh\u1eefng ng\u01b0\u1eddi \u0111\u1ecdc b\u1ea3n th\u1ea3o. L\u00e0 b\u1edfi v\u00ec cu\u1ed1n ti\u1ec3u thuy\u1ebft n\u00e0y k\u1ec3 v\u1ec1 cu\u1ed9c \u0111\u1eddi c\u1ee7a th\u1ebf h\u1ec7 t\u00f4i, ho\u1eb7c n\u00f3i m\u1ed9t c\u00e1ch c\u1ee5 th\u1ec3 h\u01a1n l\u00e0 l\u1ee9a ch\u00fang t\u00f4i, nh\u1eefng \u0111\u1ee9a tr\u1ebb \u201ccon nh\u00e0 c\u00e1n b\u1ed9 kh\u00e1ng chi\u1ebfn\u201d, sinh ra v\u00e0o \u0111\u1ea7u th\u1eadp ni\u00ean 1950 \u1edf v\u00f9ng t\u1ef1 do; sau ng\u00e0y kh\u00e1ng chi\u1ebfn th\u00e0nh c\u00f4ng theo gia \u0111\u00ecnh v\u1ec1 Th\u1ee7 \u0111\u00f4 y\u00ean h\u01b0\u1edfng m\u01b0\u1eddi n\u0103m h\u00f2a b\u00ecnh gi\u1eefa hai cu\u1ed9c chi\u1ebfn; t\u1edbi \u0111\u1ea7u 1965 cu\u1ed1i th\u1eddi ni\u00ean thi\u1ebfu l\u1ea1i b\u1eaft \u0111\u1ea7u \u0111\u1eddi gian kh\u1ed5: r\u1eddi H\u00e0 N\u1ed9i, xa b\u1ed1 m\u1eb9 s\u01a1 t\u00e1n v\u1ec1 c\u00e1c mi\u1ec1n qu\u00ea, tr\u1ea3i t\u1eebng cu\u1ed9c s\u1ed1ng kham kh\u1ed5 thi\u1ebfu th\u1ed1n c\u00f9ng \u0111\u1ed3ng b\u00e0o n\u00f4ng th\u00f4n; h\u1ecdc h\u00e0nh, thi c\u1eed trong kh\u00f4ng gian \u0111\u1ea5t tr\u1eddi d\u1eef d\u1ed9i th\u1eddi Chi\u1ebfn tranh Ph\u00e1 ho\u1ea1i; v\u00e0 \u0111\u1ebfn tu\u1ed5i thanh ni\u00ean th\u00ec ti\u1ebfp b\u01b0\u1edbc cha anh l\u00ean \u0111\u01b0\u1eddng tr\u01b0\u1eddng chinh ch\u1ed1ng M\u1ef9. \u201cB\u1edfi h\u1ea7u h\u1ebft s\u1ed1 ph\u1eadn c\u1ee7a nh\u1eefng \u0111\u1ee9a tr\u1ebb sinh ra, l\u1edbn l\u00ean trong nh\u1eefng n\u0103m \u0111\u1ea5t n\u01b0\u1edbc c\u00f3 chi\u1ebfn tranh l\u00e0 \u1edf chi\u1ebfn h\u00e0o.\u201d \u201cC\u00f3 th\u1ec3 m\u01b0\u1eddng t\u01b0\u1ee3ng th\u1ea5y h\u01b0\u1edbng \u0111i cu\u1ed9c \u0111\u1eddi c\u1ee7a c\u00e1c nh\u00e2n v\u1eadt trong \u0110i tr\u1ed1n l\u00e0 nh\u01b0 v\u1eady, tuy nhi\u00ean t\u00e1c gi\u1ea3 kh\u00f4ng d\u00f5i theo h\u1ecd cho t\u1edbi ng\u00e0y h\u1ecd l\u00ean \u0111\u01b0\u1eddng ra tr\u1eadn, m\u00e0, nh\u01b0 \u0111\u00e3 n\u00eau trong ph\u1ea7n \u201cV\u0129 thanh\u201d: \u201cTheo t\u00f4i, cu\u1ed9c \u0111\u1eddi m\u1ed7i ng\u01b0\u1eddi nh\u01b0 m\u1ed9t d\u00f2ng s\u00f4ng, lu\u00f4n ch\u1ea3y v\u1ec1 ph\u00eda tr\u01b0\u1edbc. Trong cu\u1ed1n s\u00e1ch n\u00e0y, t\u00f4i mu\u1ed1n gi\u1edbi h\u1ea1n c\u00e2u chuy\u1ec7n k\u1ec3 v\u1ec1 nh\u1eefng nh\u00e2n v\u1eadt c\u1ee7a m\u00ecnh trong m\u1ed9t kh\u00fac s\u00f4ng tu\u1ed5i th\u01a1.\u201d<\/p>\n[&#8230;]\n<p>Theo t\u00f4i, nh\u00f3m b\u1ea1n tr\u1ebb n\u0103m ng\u01b0\u1eddi trong ti\u1ec3u thuy\u1ebft ch\u00ednh l\u00e0 h\u00ecnh \u1ea3nh th\u1eddi ni\u00ean thi\u1ebfu c\u1ee7a c\u00e1nh l\u00ednh tr\u1ebb g\u1ed1c g\u00e1c h\u1ecdc tr\u00f2 th\u00e0nh th\u1ecb nh\u1eefng n\u0103m ch\u1ed1ng M\u1ef9. Nh\u1edd v\u00e0o truy\u1ec1n th\u1ed1ng gia \u0111\u00ecnh (m\u00e0 trong truy\u1ec7n l\u00e0 tr\u1ef1c ti\u1ebfp t\u1eeb \u0111\u01b0\u1eddng \u0111\u1eddi v\u00e0 s\u1ed1 ph\u1eadn c\u00f3 th\u1ec3 n\u00f3i \u0111\u1ea7y nghi\u1ec7t ng\u00e3 v\u00e0 bi k\u1ecbch c\u1ee7a cha m\u1eb9), v\u00e0 do ho\u00e0n c\u1ea3nh \u0111\u1ea5t n\u01b0\u1edbc b\u1ecb tai \u01b0\u01a1ng chi\u1ebfn tranh, ph\u1ea3i r\u1eddi H\u00e0 N\u1ed9i \u0111i s\u01a1 t\u00e1n, s\u1edbm ch\u1ea1m tr\u00e1n v\u1edbi kh\u00f3 kh\u0103n th\u1eed th\u00e1ch, (m\u00e0 trong truy\u1ec7n l\u00e0 cu\u1ed9c \u0111i tr\u1ed1n \u0111\u1ea7y hi\u1ec3m nguy), c\u00e1c nh\u00e2n v\u1eadt thi\u1ebfu ni\u00ean h\u1ed3n nhi\u00ean v\u00f4 t\u01b0 l\u00fac \u0111\u1ea7u truy\u1ec7n \u0111\u1ebfn cu\u1ed1i truy\u1ec7n \u0111\u00e3 t\u1eebng tr\u1ea3i v\u00e0 tr\u01b0\u1edfng th\u00e0nh h\u1eb3n l\u00ean. C\u00f3 th\u1ec3 th\u1ea5y tr\u01b0\u1edbc r\u1eb1ng v\u1edbi nh\u1eefng \u0111\u1ee9c t\u00ednh v\u00e0 ph\u1ea9m c\u00e1ch b\u01b0\u1edbc \u0111\u1ea7u c\u00f3 \u0111\u01b0\u1ee3c sau cu\u1ed9c \u0111i tr\u1ed1n nh\u1edb \u0111\u1eddi \u1ea5y m\u00e0 T\u1ef1 Th\u1eafng, Vi\u1ec7t B\u1eafc, Linh, Th\u1ea3o s\u1ebd l\u00e0 nh\u1eefng nh\u00e2n v\u1eadt \u0111i\u1ec3n h\u00ecnh cho m\u1ed9t th\u1ebf h\u1ec7 thanh ni\u00ean c\u00f2n ghi d\u1ea5u m\u00e3i trong l\u1ecbch s\u1eed \u0111\u1ea5t n\u01b0\u1edbc: th\u1ebf h\u1ec7 \u0111\u00e3 tr\u1ea3i qua th\u1eddi ni\u00ean thi\u1ebfu gian kh\u1ed5 nh\u01b0ng g\u1eafn b\u00f3 s\u00e2u n\u1eb7ng v\u1edbi nh\u00e2n d\u00e2n d\u00e2n v\u00e0 thi\u00ean nhi\u00ean, th\u1ebf h\u1ec7 \u0111\u00e3 k\u1ebft th\u00fac th\u1eafng l\u1ee3i cu\u1ed9c kh\u00e1ng chi\u1ebfn ch\u1ed1ng M\u1ef9, th\u1ebf h\u1ec7 \u0111\u00e3 \u0111\u01b0a \u0111\u1ea5t n\u01b0\u1edbc v\u01b0\u1ee3t qua gian kh\u00f3 th\u1eddi h\u1eadu chi\u1ebfn bao c\u1ea5p, th\u1ebf h\u1ec7 \u0111\u00e3 m\u1edf m\u00e0n c\u00f4ng cu\u1ed9c \u0110\u1ed5i M\u1edbi\u2026<\/p>\n<p>Nh\u00e0 v\u0103n B\u00ecnh Ca g\u1eafn b\u00f3 m\u1eadt thi\u1ebft v\u1edbi th\u1ebf h\u1ec7 \u1ea5y. Truy\u1ec7n Qu\u00e2n khu Nam \u0110\u1ed3ng v\u00e0 ti\u1ec3u thuy\u1ebft \u0110i tr\u1ed1n \u0111\u1ec1u k\u1ec3 v\u1ec1 th\u1eddi thanh thi\u1ebfu ni\u00ean c\u1ee7a h\u1ecd. V\u00e0 r\u1ed3i \u0111\u00e2y, nh\u01b0 nh\u00e0 v\u0103n \u0111\u00e3 h\u1ee9a h\u1eb9n: \u201cC\u00f3 th\u1ec3 m\u1ed9t ng\u00e0y n\u00e0o \u0111\u00f3, t\u00f4i s\u1ebd k\u1ec3 cho c\u00e1c b\u1ea1n v\u1ec1 h\u1ecd \u1edf m\u1ed9t kh\u00fac s\u00f4ng kh\u00e1c, trong m\u1ed9t c\u00e2u chuy\u1ec7n chi\u1ebfn tranh.\u201d T\u00f4i ch\u1eafc ch\u1eafn nh\u00e0 v\u0103n s\u1ebd lu\u00f4n th\u00e0nh c\u00f4ng trong v\u0103n nghi\u1ec7p nh\u01b0 l\u00e0 s\u1ef1 th\u00e0nh c\u00f4ng c\u1ee7a th\u1ebf h\u1ec7 tuy\u1ec7t v\u1eddi \u1ea5y.<\/p>\n","protected":false},"excerpt":{"rendered":"<p>\u201c\u0110\u00e2y l\u00e0 m\u1ed9t v\u1ee5 m\u1ea5t t\u00edch do nh\u00e0 v\u0103n t\u01b0\u1edfng t\u01b0\u1ee3ng ra hay l\u00e0 m\u1ed9t h\u1ed3i \u1ee9c c\u00f3 th\u1eadt? B\u1ea1n \u0111\u1ecdc kh\u00f3 l\u00f2ng ph\u00e2n bi\u1ec7t, nh\u01b0ng d\u00f9 l\u00e0 h\u01b0 c\u1ea5u hay phi h\u01b0 c\u1ea5u, \u0110i tr\u1ed1n v\u1eabn l\u00e0 m\u1ed9t c\u00e2u chuy\u1ec7n \u0111\u01b0\u1ee3c k\u1ec3 r\u1ea5t sinh \u0111\u1ed9ng v\u00e0 c\u1ea3m \u0111\u1ed9ng.<\/p>\n<p>V\u1edbi v\u1ed1n s\u1ed1ng d\u00e0y d\u1ea1n phong ph\u00fa v\u00e0 b\u1eb1ng l\u1eddi v\u0103n k\u1ec3 chuy\u1ec7n gi\u1ea3n d\u1ecb, mi\u00eau t\u1ea3 ph\u00e1c h\u1ecda, nhanh v\u00e0 t\u1ef1 nhi\u00ean, ch\u1eef ngh\u0129a kh\u00f4ng c\u1ea7u k\u1ef3 nh\u01b0ng di\u1ec5n \u0111\u1ea1t \u0111\u01b0\u1ee3c n\u1ed9i t\u00e2m c\u00f9ng l\u1ed1i ngh\u0129 v\u00e0 l\u1eddi n\u00f3i c\u1ee7a c\u00e1c nh\u00e2n v\u1eadt m\u1ed9t c\u00e1ch r\u1ea5t \u0111\u00fang tu\u1ed5i \u0111\u00fang th\u1eddi, nh\u00e0 v\u0103n B\u00ecnh Ca \u0111\u00e3 nh\u1eb9 nh\u00e0ng, tr\u1eef t\u00ecnh v\u00e0 c\u1ea3 h\u00f3m h\u1ec9nh n\u1eefa, d\u1eabn d\u1eaft b\u1ea1n \u0111\u1ecdc qua l\u1ea7n l\u01b0\u1ee3t nh\u1eefng ch\u1eb7ng m\u1ea1o hi\u1ec3m \u0111\u1ea7y h\u1ea5p d\u1eabn v\u00e0 h\u1ed3i h\u1ed9p.\u201d &#8211; B\u1ea3o Ninh, nh\u00e0 v\u0103n<\/p>\n<p>\u201c\u0110i tr\u1ed1n l\u00e0 c\u00e2u chuy\u1ec7n v\u1ec1 nh\u1eefng \u0111\u1ee9a tr\u1ebb trong s\u00e1ng v\u00e0 \u0111\u1ea7y hi\u1ebfu k\u1ef3 nh\u01b0ng ch\u1ee9a \u0111\u1ef1ng m\u1ed9t th\u00f4ng \u0111i\u1ec7p l\u1edbn v\u1ec1 cu\u1ed9c \u0111\u1eddi. &#8211; Nguy\u1ec5n Quang Thi\u1ec1u, nh\u00e0 v\u0103n<\/p>\n","protected":false},"featured_media":8707,"template":"","meta":{"_acf_changed":false},"product_brand":[],"product_cat":[15,45],"product_tag":[],"class_list":{"0":"post-8708","1":"product","2":"type-product","3":"status-publish","4":"has-post-thumbnail","6":"product_cat-sach-danh-cho-nguoi-lon","7":"product_cat-tieu-thuyet","9":"first","10":"outofstock","11":"taxable","12":"shipping-taxable","13":"purchasable","14":"product-type-simple"},"supplier_id":null,"supplier_sku":"","barcode":null,"atum_controlled":true,"out_stock_date":"2024-08-10 11:05:19","out_stock_threshold":null,"inheritable":false,"inbound_stock":0,"stock_on_hold":0,"sold_today":0,"sales_last_days":0,"reserved_stock":0,"customer_returns":0,"warehouse_damage":0,"lost_in_post":0,"other_logs":0,"out_stock_days":536,"lost_sales":0,"has_location":false,"update_date":"2026-01-28T23:11:18","atum_locations":[],"atum_stock_status":"outofstock","restock_status":false,"low_stock_amount":"","sales_update_date":"2026-01-28T23:11:18","calc_backorders":null,"acf":{"publisher":{"ID":1424,"post_author":"1","post_date":"2021-02-17 00:02:29","post_date_gmt":"2021-02-16 22:02:29","post_content":"<!-- wp:flatsome\/uxbuilder -->\n<h1 style=\"text-align: center\"><strong>Nh\u00e3 Nam<\/strong><\/h1>\n[row]\n\n[col span=\"6\" span__sm=\"12\"]\n\n[ux_image id=\"1438\" image_size=\"medium\"]\n\n\n[\/col]\n[col span=\"6\" span__sm=\"12\"]\n\n<p><strong>C\u00f4ng ty c\u1ed5 ph\u1ea7n V\u0103n h\u00f3a v\u00e0 Truy\u1ec1n th\u00f4ng Nh\u00e3 Nam<\/strong><\/p>\n<p>Th\u00e1ng 2 n\u0103m 2005, Nh\u00e3 Nam, t\u00ean \u0111\u1ea7y \u0111\u1ee7 l\u00e0 C\u00f4ng ty C\u1ed5 ph\u1ea7n V\u0103n h\u00f3a v\u00e0 Truy\u1ec1n th\u00f4ng Nh\u00e3 Nam \u0111\u00e3 gia nh\u1eadp th\u1ecb tr\u01b0\u1eddng s\u00e1ch. T\u00e1c ph\u1ea9m \"Balzac v\u00e0 c\u00f4 b\u00e9 th\u1ee3 may Trung hoa\" c\u1ee7a \u0110\u1edbi T\u01b0 Ki\u1ec7t l\u00e0 cu\u1ed1n s\u00e1ch \u0111\u1ea7u ti\u00ean \u0111\u01b0\u1ee3c nh\u1eefng ng\u01b0\u1eddi s\u00e1ng l\u1eadp Nh\u00e3 Nam xu\u1ea5t b\u1ea3n c\u1ea3 tr\u01b0\u1edbc khi c\u00f4ng ty ra \u0111\u1eddi. Ngay l\u1eadp t\u1ee9c t\u1eeb cu\u1ed1n s\u00e1ch \u0111\u1ea7u ti\u00ean, \u0111\u1ed9c gi\u1ea3 \u0111\u00e3 d\u00e0nh s\u1ef1 quan t\u00e2m v\u00e0 y\u00eau m\u1ebfn cho m\u1ed9t th\u01b0\u01a1ng hi\u1ec7u s\u00e1ch m\u1edbi m\u1ebb mang trong m\u00ecnh kh\u00e1t v\u1ecdng g\u00f3p ph\u1ea7n t\u1ea1o l\u1eadp di\u1ec7n m\u1ea1o m\u1edbi cho xu\u1ea5t b\u1ea3n v\u0103n h\u1ecdc t\u1ea1i Vi\u1ec7t Nam.<\/p>\n<p>L\u00f2ng say m\u00ea c\u1ee7a \u0111\u1ed9i ng\u0169 l\u00e0 vi\u00ean \u0111\u00e1 \u0111\u1ea7u ti\u00ean. Tr\u1ea3i qua m\u1ea5y n\u0103m ph\u00e1t tri\u1ec3n, Nh\u00e3 Nam \u0111\u00e3 \u0111\u01b0\u1ee3c x\u00e2y d\u1ef1ng d\u1ea7n l\u00ean trong di\u1ec7n m\u1ea1o m\u1ed9t nh\u00e0 xu\u1ea5t b\u1ea3n v\u1eefng ch\u00e3i v\u00e0 chuy\u00ean nghi\u1ec7p. S\u00e1u th\u00e1ng sau khi th\u00e0nh l\u1eadp c\u00f4ng ty, Nh\u1eadt k\u00fd \u0110\u1eb7ng Th\u00f9y Tr\u00e2m ra \u0111\u1eddi, t\u1ea1o n\u00ean m\u1ed9t c\u01a1n s\u1ed1t trong x\u00e3 h\u1ed9i, v\u1edbi g\u1ea7n 500,000 b\u1ea3n s\u00e1ch \u0111\u01b0\u1ee3c ph\u00e1t h\u00e0nh, ph\u00e1 m\u1ecdi k\u1ef7 l\u1ee5c v\u1ec1 xu\u1ea5t b\u1ea3n tr\u01b0\u1edbc \u0111\u00f3, k\u00e9o theo m\u1ed9t lo\u1ea1t nh\u1eefng hi\u1ec7u \u1ee9ng x\u00e3 h\u1ed9i v\u00e0 d\u01b0 lu\u1eadn c\u00f3 \u00fd ngh\u0129a. T\u1eeb \u0111\u00f3 tr\u1edf \u0111i, th\u00f4ng qua Nh\u00e3 Nam, c\u00e1c cu\u1ed1n s\u00e1ch v\u0103n h\u1ecdc n\u01b0\u1edbc ngo\u00e0i c\u00f3 gi\u00e1 tr\u1ecb \u0111\u01b0\u1ee3c li\u00ean t\u1ee5c mua b\u1ea3n quy\u1ec1n v\u00e0 xu\u1ea5t b\u1ea3n t\u1ea1i Vi\u1ec7t Nam, thu h\u00fat nhi\u1ec1u t\u1ea7ng l\u1edbp \u0111\u1ed9c gi\u1ea3. S\u00e1ch c\u1ee7a Nh\u00e3 Nam n\u1ed5i b\u1eadt b\u1edfi n\u1ed9i dung v\u0103n h\u1ecdc tinh t\u1ebf, b\u1edfi v\u1ebb \u0111\u1eb9p c\u1ee7a thi\u1ebft k\u1ebf hi\u1ec7n \u0111\u1ea1i \u1edf h\u00ecnh th\u1ee9c, b\u1edfi s\u1ef1 ch\u0103m ch\u00fat k\u1ef9 l\u01b0\u1ee1ng cho m\u1ed7i cu\u1ed1n s\u00e1ch nh\u01b0 m\u1ed9t con thuy\u1ec1n mang t\u1edbi ni\u1ec1m vui, tri th\u1ee9c, ng\u1ea1c nhi\u00ean, v\u00e0 \u0111\u1ed3ng c\u1ea3m.<\/p>\n\n[\/col]\n\n[\/row]\n<p style=\"text-align: left\">Hi\u1ec3u th\u1eddi \u0111\u1ea1i \u0111ang s\u1ed1ng th\u00f4ng qua s\u00e1ch, song h\u00e0nh v\u1edbi nh\u1eefng bi\u1ebfn chuy\u1ec3n s\u00e2u s\u1eafc trong l\u00f2ng x\u00e3 h\u1ed9i b\u1eb1ng nh\u1eefng ho\u1ea1t \u0111\u1ed9ng xu\u1ea5t b\u1ea3n mi\u1ec7t m\u00e0i v\u00e0 qu\u1ea3 c\u1ea3m, con \u0111\u01b0\u1eddng Nh\u00e3 Nam \u0111\u00e3 ch\u1ecdn \u0111\u1ec3 \u0111i s\u1ebd c\u00f2n d\u00e0i. Nhi\u1ec1u kh\u00f3 kh\u0103n, th\u1eed th\u00e1ch \u0111ang \u1edf ph\u00eda tr\u01b0\u1edbc. B\u01b0\u1edbc qua th\u1eddi k\u1ef3 s\u01a1 khai v\u1edbi nh\u1eefng b\u00e0i h\u1ecdc v\u00e0 nh\u1eefng kinh nghi\u1ec7m \u0111\u1ea7u ti\u00ean, Nh\u00e3 Nam gi\u1edd \u0111\u00e3 s\u1eb5n s\u00e0ng cho m\u1ed9t ch\u1eb7ng \u0111\u01b0\u1eddng ph\u00e1t tri\u1ec3n m\u1edbi. V\u00e0 ch\u00fang t\u00f4i mu\u1ed1n ho\u00e0n thi\u1ec7n m\u00ecnh trong s\u1ef1 c\u1ea7u th\u1ecb v\u00e0 c\u1ea9n tr\u1ecdng. T\u1ea5t c\u1ea3 v\u00ec m\u1ed9t gia s\u1ea3n s\u00e1ch to l\u1edbn, c\u00f3 s\u1ee9c s\u1ed1ng d\u00e0i l\u00e2u, c\u00f3 \u00fd ngh\u0129a v\u1edbi nhi\u1ec1u th\u1ebf h\u1ec7 b\u1ea1n \u0111\u1ecdc.<br \/>B\u1edfi v\u00ec s\u00e1ch l\u00e0 th\u1ebf gi\u1edbi.<\/p>\n<p><strong>\u0110\u00e2y l\u00e0 m\u1ed9t nh\u00e0 ph\u00e1t h\u00e0nh s\u00e1ch m\u00e0 SACHVIET.EU r\u1ea5t y\u00eau th\u00edch v\u00e0 tin t\u01b0\u1edfng. Nh\u00ecn \u0111\u01b0\u1ee3c t\u1ea7m \u1ea3nh h\u01b0\u1edfng c\u1ee7a Nh\u00e3 Nam qua t\u1eebng cu\u1ed1n s\u00e1ch, SACHVIET.EU li\u00ean h\u1ec7 h\u1ee3p t\u00e1c ngay v\u1edbi Nh\u00e3 Nam \u0111\u1ec3 \u0111em to\u00e0n b\u1ed9 nh\u1eefng t\u00e1c ph\u1ea9m m\u1edbi, hay nh\u1ea5t m\u00e0 Nh\u00e3 Nam c\u00f3 sang Ch\u00e2u \u00c2u, \u0111\u01b0a \u0111\u1ebfn cho \u0111\u1ed9c gi\u1ea3 c\u00f3 nhi\u1ec1u s\u1ef1 l\u1ef1a ch\u1ecdn phong ph\u00fa h\u01a1n c\u1ea3 s\u00e1ch cho tr\u1ebb em l\u1eabn ng\u01b0\u1eddi l\u1edbn.\u00a0<\/strong><\/p>\n\n<!-- \/wp:flatsome\/uxbuilder -->","post_title":"Nh\u00e3 Nam","post_excerpt":"","post_status":"publish","comment_status":"closed","ping_status":"closed","post_password":"","post_name":"nha-nam","to_ping":"","pinged":"","post_modified":"2022-12-19 23:15:33","post_modified_gmt":"2022-12-19 21:15:33","post_content_filtered":"","post_parent":0,"guid":"https:\/\/sachviet.eu\/?post_type=publisher&#038;p=1424","menu_order":0,"post_type":"publisher","post_mime_type":"","comment_count":"0","filter":"raw"}},"_links":{"self":[{"href":"https:\/\/sachviet.eu\/en\/wp-json\/wp\/v2\/product\/8708","targetHints":{"allow":["GET"]}}],"collection":[{"href":"https:\/\/sachviet.eu\/en\/wp-json\/wp\/v2\/product"}],"about":[{"href":"https:\/\/sachviet.eu\/en\/wp-json\/wp\/v2\/types\/product"}],"wp:featuredmedia":[{"embeddable":true,"href":"https:\/\/sachviet.eu\/en\/wp-json\/wp\/v2\/media\/8707"}],"wp:attachment":[{"href":"https:\/\/sachviet.eu\/en\/wp-json\/wp\/v2\/media?parent=8708"}],"wp:term":[{"taxonomy":"product_brand","embeddable":true,"href":"https:\/\/sachviet.eu\/en\/wp-json\/wp\/v2\/product_brand?post=8708"},{"taxonomy":"product_cat","embeddable":true,"href":"https:\/\/sachviet.eu\/en\/wp-json\/wp\/v2\/product_cat?post=8708"},{"taxonomy":"product_tag","embeddable":true,"href":"https:\/\/sachviet.eu\/en\/wp-json\/wp\/v2\/product_tag?post=8708"}],"curies":[{"name":"wp","href":"https:\/\/api.w.org\/{rel}","templated":true}]}}