{"id":8704,"date":"2021-04-28T14:31:36","date_gmt":"2021-04-28T11:31:36","guid":{"rendered":"https:\/\/sachviet.eu\/shop\/chuyen-nho-sai-gon-bao-nho\/"},"modified":"2021-07-08T11:43:01","modified_gmt":"2021-07-08T08:43:01","slug":"chuyen-nho-sai-gon-bao-nho","status":"publish","type":"product","link":"https:\/\/sachviet.eu\/en\/shop\/chuyen-nho-sai-gon-bao-nho\/","title":{"rendered":"Chuy\u1ec7n Nh\u1ecf S\u00e0i G\u00f2n Bao Nh\u1edb"},"content":{"rendered":"<p>\u1ede S\u00e0i G\u00f2n c\u00f3 m\u1ed9t th\u1ee9 kh\u00f4ng kh\u00ed kh\u00e1c, kh\u00f4ng gi\u1ed1ng b\u1ea5t c\u1ee9 n\u01a1i \u0111\u00e2u, c\u00f3 l\u1ebd \u0111\u01b0\u1ee3c qu\u00e1nh \u0111\u1eb7c b\u1edfi b\u1ee5i, kh\u00f3i, b\u1edfi m\u00f9i m\u1ed3 h\u00f4i, m\u00f9i \u0111\u1ed3 \u0103n, b\u1edfi ti\u1ebfng xe, ti\u1ebfng ng\u01b0\u1eddi b\u1edfi mu\u00f4n ng\u00e0n thanh \u00e2m, m\u00e0u s\u1eafc\u2026 m\u00e0 m\u1ed9t khi \u0111\u00e3 quen h\u00edt th\u1edf v\u1edbi n\u00f3, b\u1ea1n s\u1ebd kh\u00f4ng bao gi\u1edd qu\u00ean \u0111\u01b0\u1ee3c, n\u1ebfu kh\u00f4ng n\u00f3i l\u00e0 kh\u00f3 m\u00e0 r\u1eddi xa \u0111\u01b0\u1ee3c.<\/p>\n<p>\u1ede S\u00e0i G\u00f2n, \u0111\u1ea5t dung n\u1ea1p v\u00e0o n\u00f3 \u0111\u1ee7 m\u1ecdi h\u1ea1ng ng\u01b0\u1eddi, t\u1eeb anh tr\u00ed th\u1ee9c h\u00e0n l\u00e2m \u0111\u1ebfn ch\u1ecb b\u00e1n tr\u00f4n nu\u00f4i mi\u1ec7ng \u0111\u1ec1u c\u1ea3m th\u1ea5y \u0111\u1ea5t n\u00e0y d\u1ec5 s\u1ed1ng h\u01a1n ch\u1ed7 kh\u00e1c, t\u1eeb gi\u1edbi ngh\u1ec7 s\u0129 c\u00f3 t\u00e0i v\u00e0 b\u1ea5t t\u00e0i \u0111\u1ebfn m\u1ea5y b\u00e0 bu\u00f4n th\u00fang b\u00e1n b\u01b0ng \u0111\u1ec1u nu\u00f4i m\u1ed9ng l\u1eadp nghi\u1ec7p n\u01a1i m\u1ea3nh \u0111\u1ea5t l\u1eafm ng\u01b0\u1eddi nhi\u1ec1u xe n\u00e0y. T\u1ea5t c\u1ea3 \u0111\u1ec1u c\u00f3 th\u1ec3 nh\u1eadn m\u00ecnh l\u00e0 ng\u01b0\u1eddi S\u00e0i G\u00f2n, ho\u1eb7c kh\u00f4ng nh\u1eadn c\u0169ng kh\u00f4ng sao, S\u00e0i G\u00f2n kh\u00f4ng so \u0111o xu\u1ea5t x\u1ee9 c\u1ee7a b\u1ea1n, c\u01a1 h\u1ed9i v\u00e0 r\u1ee7i ro chia \u0111\u1ec1u cho m\u1ed7i ng\u01b0\u1eddi.<\/p>\n<p>T\u1eeb Chuy\u1ec7n Nh\u1ecf S\u00e0i G\u00f2n Bao Nh\u1edb\u2026, \u0110\u00e0m H\u00e0 Ph\u00fa kh\u00f4ng ng\u1eebng d\u1eabn ch\u00fang ta \u0111i &#8220;tua&#8221; v\u00f2ng quanh S\u00e0i G\u00f2n, S\u00e0i G\u00f2n c\u1ee7a anh, S\u00e0i G\u00f2n c\u1ee7a ch\u00fang ta, m\u1ed9t h\u00e0nh tr\u00ecnh m\u00e0 \u1edf \u0111\u00f3 trang b\u1ecb duy nh\u1ea5t c\u1ee7a ch\u00fang ta l\u00e0 t\u00ecnh y\u00eau \u0111\u1ed1i v\u1edbi th\u00e0nh ph\u1ed1 n\u00e0y, \u0111\u1ed1i v\u1edbi t\u1ea5t c\u1ea3 nh\u1eefng v\u1ebb \u0111\u1eb9p c\u1ee7a n\u00f3.<\/p>\n<p>V\u1edbi Chuy\u1ec7n Nh\u1ecf S\u00e0i G\u00f2n Bao Nh\u1edb b\u1ea3n m\u1edbi l\u1ea7n n\u00e0y, m\u1ed9t l\u1ea7n n\u1eefa ta th\u1ef1c hi\u1ec7n &#8220;tua S\u00e0i G\u00f2n&#8221; \u0111\u00f3, m\u1ed9t cu\u1ed9c \u0111i v\u1eabn \u0111\u1ea7y th\u00fa v\u1ecb v\u00e0 c\u1ea3m x\u00fac, b\u1edfi nh\u1eefng g\u00ec xu\u1ea5t ph\u00e1t t\u1eeb t\u00ecnh y\u00eau th\u00ec kh\u00f4ng c\u0169 bao gi\u1edd.<\/p>\n<p>Chuy\u1ec7n Nh\u1ecf S\u00e0i G\u00f2n Bao Nh\u1edb l\u00e0 c\u1ea3m nh\u1eadn, l\u00e0 c\u1ea3m x\u00fac r\u1ea5t ri\u00eang, r\u1ea5t l\u1ea1, r\u1ea5t kh\u00e1c nh\u01b0ng c\u0169ng r\u1ea5t th\u1eadt c\u1ee7a \u0110\u00e0m H\u00e0 Ph\u00fa v\u1ec1 S\u00e0i G\u00f2n. M\u00e0 nh\u01b0 anh t\u1eebng nh\u1eadn x\u00e9t: &#8220;V\u1edbi t\u00f4i khi \u0111\u1ebfn m\u1ed9t v\u00f9ng \u0111\u1ea5t kh\u00e1c, nghe m\u1ed9t gi\u1ecdng n\u00f3i kh\u00e1c t\u00f4i lu\u00f4n cho r\u1eb1ng m\u00ecnh may m\u1eafn, gi\u1ed1ng nh\u01b0 \u0111\u01b0\u1ee3c nghe k\u1ec3 v\u1ec1 m\u1ed9t c\u00e2u chuy\u1ec7n. S\u00e0i G\u00f2n \u0111\u1ed1i v\u1edbi t\u00f4i nh\u01b0 m\u1ed9t ch\u1ed1n kh\u00e1c v\u1edbi nh\u1eefng con ng\u01b0\u1eddi kh\u00e1c, m\u1ed7i ng\u00e0y, d\u00f9 t\u00f4i v\u1eabn \u1edf \u0111\u00e2y h\u01a1n hai m\u01b0\u01a1i n\u0103m nay, v\u00ec nh\u1eefng c\u00e2u chuy\u1ec7n \u1edf S\u00e0i G\u00f2n kh\u00f4ng bao gi\u1edd c\u0169. Gi\u1ed1ng nh\u01b0 tr\u00f2 c\u00e1 m\u01b0a c\u00e1 n\u1eafng, \u1edf m\u1ea3nh \u0111\u1ea5t hai m\u00f9a m\u01b0a n\u1eafng n\u00e0y, kh\u00f4ng ai ch\u00ednh x\u00e1c bi\u1ebft ng\u00e0y n\u00e0o s\u1ebd m\u01b0a, ng\u00e0y n\u00e0o s\u1ebd n\u1eafng, S\u00e0i G\u00f2n ch\u1ec9 c\u00f3 m\u1ed9t quy lu\u1eadt, lu\u1eadt \u0111\u1ec3 s\u1ed1ng \u1edf S\u00e0i G\u00f2n l\u00e0 c\u00e1i t\u00ecnh&#8221;.<\/p>\n<p>Theo nh\u1eadn x\u00e9t c\u1ee7a nh\u00e0 v\u0103n Nguy\u1ec5n Ng\u1ecdc T\u01b0: &#8220;M\u1ed9t t\u1eadp s\u00e1ch \u1ea5m \u00e1p. \u0110\u1ecdc Ph\u00fa th\u1ea5y \u0111\u1eddi \u0111\u1eb9p, nh\u1eefng v\u1ebb \u0111\u1eb9p ai c\u0169ng g\u1eb7p m\u1ed9t l\u1ea7n nh\u01b0ng cu\u1ed9c s\u1ed1ng c\u1ee7a h\u1ecd kh\u00f4ng \u0111\u1ee7 ch\u1eadm \u0111\u1ec3 gi\u1eef l\u1ea1i, \u0111\u1ec3 n\u00e2ng niu. Ngang d\u1ecdc kh\u1eafp n\u01a1i, ng\u01b0\u1eddi vi\u1ebft t\u1ec9 t\u00ea k\u1ec3 cho ta nh\u1eefng t\u1ea5m ch\u00e2n t\u00ecnh trong c\u00e1t b\u1ee5i. Nh\u1ecbp v\u0103n nhanh m\u1ea1nh, r\u1ea5t chi l\u00e0 ph\u00f3ng kho\u00e1ng. T\u01b0\u1edfng \u0111\u1ecdc Ph\u00fa l\u00e0 \u0111\u1ecdc chuy\u1ec7n nh\u01b0ng c\u1ea3 v\u0103n c\u0169ng l\u00f4i cu\u1ed1n, d\u00ed d\u1ecfm&#8221;.<\/p>\n","protected":false},"excerpt":{"rendered":"<p>\u1ede S\u00e0i G\u00f2n c\u00f3 m\u1ed9t th\u1ee9 kh\u00f4ng kh\u00ed kh\u00e1c, kh\u00f4ng gi\u1ed1ng b\u1ea5t c\u1ee9 n\u01a1i \u0111\u00e2u, c\u00f3 l\u1ebd \u0111\u01b0\u1ee3c qu\u00e1nh \u0111\u1eb7c b\u1edfi b\u1ee5i, kh\u00f3i, b\u1edfi m\u00f9i m\u1ed3 h\u00f4i, m\u00f9i \u0111\u1ed3 \u0103n, b\u1edfi ti\u1ebfng xe, ti\u1ebfng ng\u01b0\u1eddi b\u1edfi mu\u00f4n ng\u00e0n thanh \u00e2m, m\u00e0u s\u1eafc\u2026 m\u00e0 m\u1ed9t khi \u0111\u00e3 quen h\u00edt th\u1edf v\u1edbi n\u00f3, b\u1ea1n s\u1ebd kh\u00f4ng bao gi\u1edd qu\u00ean \u0111\u01b0\u1ee3c, n\u1ebfu kh\u00f4ng n\u00f3i l\u00e0 kh\u00f3 m\u00e0 r\u1eddi xa \u0111\u01b0\u1ee3c.<\/p>\n<p>\u1ede S\u00e0i G\u00f2n, \u0111\u1ea5t dung n\u1ea1p v\u00e0o n\u00f3 \u0111\u1ee7 m\u1ecdi h\u1ea1ng ng\u01b0\u1eddi, t\u1eeb anh tr\u00ed th\u1ee9c h\u00e0n l\u00e2m \u0111\u1ebfn ch\u1ecb b\u00e1n tr\u00f4n nu\u00f4i mi\u1ec7ng \u0111\u1ec1u c\u1ea3m th\u1ea5y \u0111\u1ea5t n\u00e0y d\u1ec5 s\u1ed1ng h\u01a1n ch\u1ed7 kh\u00e1c, t\u1eeb gi\u1edbi ngh\u1ec7 s\u0129 c\u00f3 t\u00e0i v\u00e0 b\u1ea5t t\u00e0i \u0111\u1ebfn m\u1ea5y b\u00e0 bu\u00f4n th\u00fang b\u00e1n b\u01b0ng \u0111\u1ec1u nu\u00f4i m\u1ed9ng l\u1eadp nghi\u1ec7p n\u01a1i m\u1ea3nh \u0111\u1ea5t l\u1eafm ng\u01b0\u1eddi nhi\u1ec1u xe n\u00e0y. T\u1ea5t c\u1ea3 \u0111\u1ec1u c\u00f3 th\u1ec3 nh\u1eadn m\u00ecnh l\u00e0 ng\u01b0\u1eddi S\u00e0i G\u00f2n, ho\u1eb7c kh\u00f4ng nh\u1eadn c\u0169ng kh\u00f4ng sao, S\u00e0i G\u00f2n kh\u00f4ng so \u0111o xu\u1ea5t x\u1ee9 c\u1ee7a b\u1ea1n, c\u01a1 h\u1ed9i v\u00e0 r\u1ee7i ro chia \u0111\u1ec1u cho m\u1ed7i ng\u01b0\u1eddi.<\/p>\n<p>T\u1eeb Chuy\u1ec7n Nh\u1ecf S\u00e0i G\u00f2n Bao Nh\u1edb\u2026, \u0110\u00e0m H\u00e0 Ph\u00fa kh\u00f4ng ng\u1eebng d\u1eabn ch\u00fang ta \u0111i &#8220;tua&#8221; v\u00f2ng quanh S\u00e0i G\u00f2n, S\u00e0i G\u00f2n c\u1ee7a anh, S\u00e0i G\u00f2n c\u1ee7a ch\u00fang ta, m\u1ed9t h\u00e0nh tr\u00ecnh m\u00e0 \u1edf \u0111\u00f3 trang b\u1ecb duy nh\u1ea5t c\u1ee7a ch\u00fang ta l\u00e0 t\u00ecnh y\u00eau \u0111\u1ed1i v\u1edbi th\u00e0nh ph\u1ed1 n\u00e0y, \u0111\u1ed1i v\u1edbi t\u1ea5t c\u1ea3 nh\u1eefng v\u1ebb \u0111\u1eb9p c\u1ee7a n\u00f3.<\/p>\n<p>V\u1edbi Chuy\u1ec7n Nh\u1ecf S\u00e0i G\u00f2n Bao Nh\u1edb b\u1ea3n m\u1edbi l\u1ea7n n\u00e0y, m\u1ed9t l\u1ea7n n\u1eefa ta th\u1ef1c hi\u1ec7n &#8220;tua S\u00e0i G\u00f2n&#8221; \u0111\u00f3, m\u1ed9t cu\u1ed9c \u0111i v\u1eabn \u0111\u1ea7y th\u00fa v\u1ecb v\u00e0 c\u1ea3m x\u00fac, b\u1edfi nh\u1eefng g\u00ec xu\u1ea5t ph\u00e1t t\u1eeb t\u00ecnh y\u00eau th\u00ec kh\u00f4ng c\u0169 bao gi\u1edd.<\/p>\n<p>Chuy\u1ec7n Nh\u1ecf S\u00e0i G\u00f2n Bao Nh\u1edb l\u00e0 c\u1ea3m nh\u1eadn, l\u00e0 c\u1ea3m x\u00fac r\u1ea5t ri\u00eang, r\u1ea5t l\u1ea1, r\u1ea5t kh\u00e1c nh\u01b0ng c\u0169ng r\u1ea5t th\u1eadt c\u1ee7a \u0110\u00e0m H\u00e0 Ph\u00fa v\u1ec1 S\u00e0i G\u00f2n. M\u00e0 nh\u01b0 anh t\u1eebng nh\u1eadn x\u00e9t: &#8220;V\u1edbi t\u00f4i khi \u0111\u1ebfn m\u1ed9t v\u00f9ng \u0111\u1ea5t kh\u00e1c, nghe m\u1ed9t gi\u1ecdng n\u00f3i kh\u00e1c t\u00f4i lu\u00f4n cho r\u1eb1ng m\u00ecnh may m\u1eafn, gi\u1ed1ng nh\u01b0 \u0111\u01b0\u1ee3c nghe k\u1ec3 v\u1ec1 m\u1ed9t c\u00e2u chuy\u1ec7n. S\u00e0i G\u00f2n \u0111\u1ed1i v\u1edbi t\u00f4i nh\u01b0 m\u1ed9t ch\u1ed1n kh\u00e1c v\u1edbi nh\u1eefng con ng\u01b0\u1eddi kh\u00e1c, m\u1ed7i ng\u00e0y, d\u00f9 t\u00f4i v\u1eabn \u1edf \u0111\u00e2y h\u01a1n hai m\u01b0\u01a1i n\u0103m nay, v\u00ec nh\u1eefng c\u00e2u chuy\u1ec7n \u1edf S\u00e0i G\u00f2n kh\u00f4ng bao gi\u1edd c\u0169. Gi\u1ed1ng nh\u01b0 tr\u00f2 c\u00e1 m\u01b0a c\u00e1 n\u1eafng, \u1edf m\u1ea3nh \u0111\u1ea5t hai m\u00f9a m\u01b0a n\u1eafng n\u00e0y, kh\u00f4ng ai ch\u00ednh x\u00e1c bi\u1ebft ng\u00e0y n\u00e0o s\u1ebd m\u01b0a, ng\u00e0y n\u00e0o s\u1ebd n\u1eafng, S\u00e0i G\u00f2n ch\u1ec9 c\u00f3 m\u1ed9t quy lu\u1eadt, lu\u1eadt \u0111\u1ec3 s\u1ed1ng \u1edf S\u00e0i G\u00f2n l\u00e0 c\u00e1i t\u00ecnh&#8221;.<\/p>\n<p>Theo nh\u1eadn x\u00e9t c\u1ee7a nh\u00e0 v\u0103n Nguy\u1ec5n Ng\u1ecdc T\u01b0: &#8220;M\u1ed9t t\u1eadp s\u00e1ch \u1ea5m \u00e1p. \u0110\u1ecdc Ph\u00fa th\u1ea5y \u0111\u1eddi \u0111\u1eb9p, nh\u1eefng v\u1ebb \u0111\u1eb9p ai c\u0169ng g\u1eb7p m\u1ed9t l\u1ea7n nh\u01b0ng cu\u1ed9c s\u1ed1ng c\u1ee7a h\u1ecd kh\u00f4ng \u0111\u1ee7 ch\u1eadm \u0111\u1ec3 gi\u1eef l\u1ea1i, \u0111\u1ec3 n\u00e2ng niu. Ngang d\u1ecdc kh\u1eafp n\u01a1i, ng\u01b0\u1eddi vi\u1ebft t\u1ec9 t\u00ea k\u1ec3 cho ta nh\u1eefng t\u1ea5m ch\u00e2n t\u00ecnh trong c\u00e1t b\u1ee5i. Nh\u1ecbp v\u0103n nhanh m\u1ea1nh, r\u1ea5t chi l\u00e0 ph\u00f3ng kho\u00e1ng. T\u01b0\u1edfng \u0111\u1ecdc Ph\u00fa l\u00e0 \u0111\u1ecdc chuy\u1ec7n nh\u01b0ng c\u1ea3 v\u0103n c\u0169ng l\u00f4i cu\u1ed1n, d\u00ed d\u1ecfm&#8221;.<\/p>\n","protected":false},"featured_media":8702,"template":"","meta":{"_acf_changed":false},"product_brand":[],"product_cat":[15,47],"product_tag":[],"class_list":{"0":"post-8704","1":"product","2":"type-product","3":"status-publish","4":"has-post-thumbnail","6":"product_cat-sach-danh-cho-nguoi-lon","7":"product_cat-truyen-ngan-tan-van","9":"first","10":"outofstock","11":"taxable","12":"shipping-taxable","13":"purchasable","14":"product-type-simple"},"supplier_id":null,"supplier_sku":"","barcode":null,"atum_controlled":true,"out_stock_date":"2021-07-08 08:43:01","out_stock_threshold":null,"inheritable":false,"inbound_stock":0,"stock_on_hold":0,"sold_today":0,"sales_last_days":0,"reserved_stock":0,"customer_returns":0,"warehouse_damage":0,"lost_in_post":0,"other_logs":0,"out_stock_days":1665,"lost_sales":0,"has_location":false,"update_date":"2026-01-28T23:10:43","atum_locations":[],"atum_stock_status":"outofstock","restock_status":false,"low_stock_amount":"","sales_update_date":"2026-01-28T23:10:43","calc_backorders":null,"acf":{"publisher":{"ID":1517,"post_author":"1","post_date":"2021-02-17 01:14:41","post_date_gmt":"2021-02-16 23:14:41","post_content":"","post_title":"NXB Tr\u1ebb","post_excerpt":"","post_status":"publish","comment_status":"closed","ping_status":"closed","post_password":"","post_name":"nxb-tre","to_ping":"","pinged":"","post_modified":"2021-02-17 01:14:41","post_modified_gmt":"2021-02-16 23:14:41","post_content_filtered":"","post_parent":0,"guid":"https:\/\/sachviet.eu\/nha-phat-hanh\/nxb-tre\/","menu_order":0,"post_type":"publisher","post_mime_type":"","comment_count":"0","filter":"raw"}},"_links":{"self":[{"href":"https:\/\/sachviet.eu\/en\/wp-json\/wp\/v2\/product\/8704","targetHints":{"allow":["GET"]}}],"collection":[{"href":"https:\/\/sachviet.eu\/en\/wp-json\/wp\/v2\/product"}],"about":[{"href":"https:\/\/sachviet.eu\/en\/wp-json\/wp\/v2\/types\/product"}],"wp:featuredmedia":[{"embeddable":true,"href":"https:\/\/sachviet.eu\/en\/wp-json\/wp\/v2\/media\/8702"}],"wp:attachment":[{"href":"https:\/\/sachviet.eu\/en\/wp-json\/wp\/v2\/media?parent=8704"}],"wp:term":[{"taxonomy":"product_brand","embeddable":true,"href":"https:\/\/sachviet.eu\/en\/wp-json\/wp\/v2\/product_brand?post=8704"},{"taxonomy":"product_cat","embeddable":true,"href":"https:\/\/sachviet.eu\/en\/wp-json\/wp\/v2\/product_cat?post=8704"},{"taxonomy":"product_tag","embeddable":true,"href":"https:\/\/sachviet.eu\/en\/wp-json\/wp\/v2\/product_tag?post=8704"}],"curies":[{"name":"wp","href":"https:\/\/api.w.org\/{rel}","templated":true}]}}