{"id":8692,"date":"2021-04-28T14:31:08","date_gmt":"2021-04-28T11:31:08","guid":{"rendered":"https:\/\/sachviet.eu\/shop\/ehon-kich-thich-nguon-cam-hung-sang-tao-cua-tre-set-3-quyen\/"},"modified":"2022-11-10T15:21:14","modified_gmt":"2022-11-10T13:21:14","slug":"ehon-kich-thich-nguon-cam-hung-sang-tao-cua-tre-set-3-quyen","status":"publish","type":"product","link":"https:\/\/sachviet.eu\/en\/shop\/ehon-kich-thich-nguon-cam-hung-sang-tao-cua-tre-set-3-quyen\/","title":{"rendered":"Ehon K\u00edch Th\u00edch Ngu\u1ed3n C\u1ea3m H\u1ee9ng, S\u00e1ng T\u1ea1o C\u1ee7a Tr\u1ebb &#8211; Set 3 quy\u1ec3n"},"content":{"rendered":"<p>Ramon l\u00e0 m\u1ed9t c\u1eadu b\u00e9 r\u1ea5t th\u00edch v\u1ebd, c\u1eadu c\u00f3 th\u1ec3 v\u1ebd \u201cb\u1ea5t c\u1ee9 l\u00fac n\u00e0o, b\u1ea5t c\u1ee9 th\u1ee9 g\u00ec v\u00e0 b\u1ea5t c\u1ee9 n\u01a1i n\u00e0o\u201d. Nh\u01b0ng m\u1ed9t h\u00f4m, Ramon \u0111ang v\u1ebd l\u1ecd hoa th\u00ec anh trai Leon nh\u00ecn b\u1ee9c v\u1ebd c\u01b0\u1eddi ph\u00e1 l\u00ean: \u201cc\u00e1i g\u00ec th\u1ebf n\u00e0y\u201d. Ti\u1ebfng c\u01b0\u1eddi \u0111\u00e3 \u00e1m \u1ea3nh c\u1eadu b\u00e9 v\u00e0 Ramon lu\u00f4n c\u1ed1 g\u1eafng \u0111\u1ec3 b\u1ee9c tranh c\u1ee7a m\u00ecnh tr\u00f4ng \u201c\u0111\u00fang\u201d h\u01a1n nh\u01b0ng v\u00f4 \u00edch. C\u00e1c b\u1ee9c v\u1ebd l\u1ea7n l\u01b0\u1ee3t \u0111\u01b0\u1ee3c v\u1ee9t x\u00f3 \u1edf g\u00f3c nh\u00e0! Khi s\u1ef1 ch\u00e1n n\u1ea3n c\u1ee7a c\u1eadu b\u00e9 l\u00ean \u0111\u1ebfn c\u1ef1c \u0111i\u1ec3m, Ramon ph\u00e1t hi\u1ec7n nh\u1eefng b\u1ee9c v\u1ebd c\u1ee7a m\u00ecnh \u0111\u01b0\u1ee3c em g\u00e1i Marislo tr\u00e2n tr\u1ecdng d\u00e1n kh\u1eafp ph\u00f2ng. C\u00f4 b\u00e9 c\u00f2n nh\u1eadn x\u00e9t nh\u1eefng b\u1ee9c v\u1ebd c\u1ee7a Ramon \u201ctr\u00f4ng n\u00f3 th\u1eadt -l\u00e0 l\u1ecd hoa \u0111\u1ea5y ch\u1ee9\u201d Ng\u1eafm l\u1ea1i nh\u1eefng b\u1ee9c v\u1ebd c\u1ee7a m\u00ecnh d\u00e1n tr\u00ean t\u01b0\u1eddng, Ramon th\u1ea5y \u201cch\u00fang \u0111\u00fang l\u00e0 tr\u00f4ng th\u1eadt \u2013l\u00e0!\u201d T\u1eeb \u0111\u00f3, Ramon c\u1ea3m th\u1ea5y l\u00f2ng nh\u1eb9 nh\u00f5m,  suy ngh\u0129 ki\u1ec3u th\u1eadt-l\u00e0 cho ph\u00e9p nh\u1eefng \u00fd t\u01b0\u1edfng c\u1ee7a c\u1eadu b\u00e9 \u0111\u01b0\u1ee3c tu\u00f4n tr\u00e0o ph\u00f3ng kho\u00e1ng. C\u1eadu b\u1eaft \u0111\u1ea7u v\u1ebd nh\u1eefng g\u00ec m\u00e0 m\u00ecnh c\u1ea3m nh\u1eadn \u0111\u01b0\u1ee3c \u2013 nh\u1eefng n\u00e9t v\u1ebd ngu\u1ec7ch ngo\u1ea1c, nh\u1ea3y nh\u00f3t t\u01b0ng b\u1eebng v\u00e0 kh\u00f4ng ch\u00fat lo \u00e2u. C\u1eadu l\u1ea7n l\u01b0\u1ee3t cho ra \u0111\u1eddi c\u00e1c b\u1ee9c v\u1ebd v\u1edbi \u0111a d\u1ea1ng \u0111\u1ec1 t\u00e0i.<\/p>\n","protected":false},"excerpt":{"rendered":"<p>Ramon l\u00e0 m\u1ed9t c\u1eadu b\u00e9 r\u1ea5t th\u00edch v\u1ebd, c\u1eadu c\u00f3 th\u1ec3 v\u1ebd \u201cb\u1ea5t c\u1ee9 l\u00fac n\u00e0o, b\u1ea5t c\u1ee9 th\u1ee9 g\u00ec v\u00e0 b\u1ea5t c\u1ee9 n\u01a1i n\u00e0o\u201d. Nh\u01b0ng m\u1ed9t h\u00f4m, Ramon \u0111ang v\u1ebd l\u1ecd hoa th\u00ec anh trai Leon nh\u00ecn b\u1ee9c v\u1ebd c\u01b0\u1eddi ph\u00e1 l\u00ean: \u201cc\u00e1i g\u00ec th\u1ebf n\u00e0y\u201d. Ti\u1ebfng c\u01b0\u1eddi \u0111\u00e3 \u00e1m \u1ea3nh c\u1eadu b\u00e9 v\u00e0 Ramon lu\u00f4n c\u1ed1 g\u1eafng \u0111\u1ec3 b\u1ee9c tranh c\u1ee7a m\u00ecnh tr\u00f4ng \u201c\u0111\u00fang\u201d h\u01a1n nh\u01b0ng v\u00f4 \u00edch. C\u00e1c b\u1ee9c v\u1ebd l\u1ea7n l\u01b0\u1ee3t \u0111\u01b0\u1ee3c v\u1ee9t x\u00f3 \u1edf g\u00f3c nh\u00e0! Khi s\u1ef1 ch\u00e1n n\u1ea3n c\u1ee7a c\u1eadu b\u00e9 l\u00ean \u0111\u1ebfn c\u1ef1c \u0111i\u1ec3m, Ramon ph\u00e1t hi\u1ec7n nh\u1eefng b\u1ee9c v\u1ebd c\u1ee7a m\u00ecnh \u0111\u01b0\u1ee3c em g\u00e1i Marislo tr\u00e2n tr\u1ecdng d\u00e1n kh\u1eafp ph\u00f2ng. C\u00f4 b\u00e9 c\u00f2n nh\u1eadn x\u00e9t nh\u1eefng b\u1ee9c v\u1ebd c\u1ee7a Ramon \u201ctr\u00f4ng n\u00f3 th\u1eadt -l\u00e0 l\u1ecd hoa \u0111\u1ea5y ch\u1ee9\u201d Ng\u1eafm l\u1ea1i nh\u1eefng b\u1ee9c v\u1ebd c\u1ee7a m\u00ecnh d\u00e1n tr\u00ean t\u01b0\u1eddng, Ramon th\u1ea5y \u201cch\u00fang \u0111\u00fang l\u00e0 tr\u00f4ng th\u1eadt \u2013l\u00e0!\u201d T\u1eeb \u0111\u00f3, Ramon c\u1ea3m th\u1ea5y l\u00f2ng nh\u1eb9 nh\u00f5m,  suy ngh\u0129 ki\u1ec3u th\u1eadt-l\u00e0 cho ph\u00e9p nh\u1eefng \u00fd t\u01b0\u1edfng c\u1ee7a c\u1eadu b\u00e9 \u0111\u01b0\u1ee3c tu\u00f4n tr\u00e0o ph\u00f3ng kho\u00e1ng. C\u1eadu b\u1eaft \u0111\u1ea7u v\u1ebd nh\u1eefng g\u00ec m\u00e0 m\u00ecnh c\u1ea3m nh\u1eadn \u0111\u01b0\u1ee3c \u2013 nh\u1eefng n\u00e9t v\u1ebd ngu\u1ec7ch ngo\u1ea1c, nh\u1ea3y nh\u00f3t t\u01b0ng b\u1eebng v\u00e0 kh\u00f4ng ch\u00fat lo \u00e2u. C\u1eadu l\u1ea7n l\u01b0\u1ee3t cho ra \u0111\u1eddi c\u00e1c b\u1ee9c v\u1ebd v\u1edbi \u0111a d\u1ea1ng \u0111\u1ec1 t\u00e0i.<\/p>\n","protected":false},"featured_media":8688,"template":"","meta":{"_acf_changed":false},"product_brand":[],"product_cat":[24,17],"product_tag":[],"class_list":{"0":"post-8692","1":"product","2":"type-product","3":"status-publish","4":"has-post-thumbnail","6":"product_cat-nha-tre-mau-giao-0-tuoi-6-tuoi","7":"product_cat-sach-danh-cho-cac-be","9":"first","10":"instock","11":"taxable","12":"shipping-taxable","13":"purchasable","14":"product-type-simple"},"supplier_id":null,"supplier_sku":"","barcode":null,"atum_controlled":true,"out_stock_date":null,"out_stock_threshold":null,"inheritable":false,"inbound_stock":0,"stock_on_hold":0,"sold_today":0,"sales_last_days":0,"reserved_stock":0,"customer_returns":0,"warehouse_damage":0,"lost_in_post":0,"other_logs":0,"out_stock_days":0,"lost_sales":0,"has_location":false,"update_date":"2026-01-28T23:10:43","atum_locations":[],"atum_stock_status":"instock","restock_status":false,"low_stock_amount":"","sales_update_date":"2026-01-28T23:10:43","calc_backorders":null,"acf":{"publisher":{"ID":1474,"post_author":"1","post_date":"2021-02-17 01:12:51","post_date_gmt":"2021-02-16 23:12:51","post_content":"","post_title":"Th\u00e1i H\u00e0","post_excerpt":"","post_status":"publish","comment_status":"closed","ping_status":"closed","post_password":"","post_name":"thai-ha","to_ping":"","pinged":"","post_modified":"2021-02-17 01:12:51","post_modified_gmt":"2021-02-16 23:12:51","post_content_filtered":"","post_parent":0,"guid":"https:\/\/sachviet.eu\/nha-phat-hanh\/thai-ha\/","menu_order":0,"post_type":"publisher","post_mime_type":"","comment_count":"0","filter":"raw"}},"_links":{"self":[{"href":"https:\/\/sachviet.eu\/en\/wp-json\/wp\/v2\/product\/8692","targetHints":{"allow":["GET"]}}],"collection":[{"href":"https:\/\/sachviet.eu\/en\/wp-json\/wp\/v2\/product"}],"about":[{"href":"https:\/\/sachviet.eu\/en\/wp-json\/wp\/v2\/types\/product"}],"wp:featuredmedia":[{"embeddable":true,"href":"https:\/\/sachviet.eu\/en\/wp-json\/wp\/v2\/media\/8688"}],"wp:attachment":[{"href":"https:\/\/sachviet.eu\/en\/wp-json\/wp\/v2\/media?parent=8692"}],"wp:term":[{"taxonomy":"product_brand","embeddable":true,"href":"https:\/\/sachviet.eu\/en\/wp-json\/wp\/v2\/product_brand?post=8692"},{"taxonomy":"product_cat","embeddable":true,"href":"https:\/\/sachviet.eu\/en\/wp-json\/wp\/v2\/product_cat?post=8692"},{"taxonomy":"product_tag","embeddable":true,"href":"https:\/\/sachviet.eu\/en\/wp-json\/wp\/v2\/product_tag?post=8692"}],"curies":[{"name":"wp","href":"https:\/\/api.w.org\/{rel}","templated":true}]}}