{"id":8681,"date":"2021-04-28T14:30:41","date_gmt":"2021-04-28T11:30:41","guid":{"rendered":"https:\/\/sachviet.eu\/shop\/tuong-khac-ma-giong\/"},"modified":"2022-01-20T20:23:00","modified_gmt":"2022-01-20T18:23:00","slug":"tuong-khac-ma-giong","status":"publish","type":"product","link":"https:\/\/sachviet.eu\/en\/shop\/tuong-khac-ma-giong\/","title":{"rendered":"T\u01b0\u1edfng kh\u00e1c m\u00e0 gi\u1ed1ng"},"content":{"rendered":"<p>Em c\u00f3 bi\u1ebft m\u1ed7i l\u1ea7n l\u1eadt m\u1edf m\u1ed9t cu\u1ed1n s\u00e1ch l\u00e0 em \u0111ang m\u1edf c\u00e1nh c\u1eeda th\u1ea7n k\u1ef3 \u0111\u1ebfn nh\u1eefng th\u1ebf gi\u1edbi m\u1edbi l\u1ea1 v\u00e0 \u0111\u1ea7y ni\u1ec1m vui? Gi\u1edd h\u00e3y m\u1edf cu\u1ed1n s\u00e1ch &#8220;T\u01b0\u1edfng kh\u00e1c m\u00e0 gi\u1ed1ng&#8221; n\u00e0y ra v\u00e0 em s\u1ebd th\u1eb3ng \u0111\u1ebfn v\u01b0\u01a1ng qu\u1ed1c mu\u00f4n lo\u00e0i v\u1edbi v\u00f4 v\u00e0n b\u00ed \u1ea9n k\u1ef3 th\u00fa. C\u00f3 bi\u1ebft bao \u0111i\u1ec1u ch\u1edd ta kh\u00e1m ph\u00e1, c\u00e1c lo\u00e0i v\u1eadt \u0111\u1ed9c \u0111\u00e1o v\u1edbi nh\u1eefng \u0111\u1eb7c tr\u01b0ng ri\u00eang, m\u1ed7i lo\u00e0i m\u1ed9t v\u1ebb; nh\u01b0ng b\u1ea5t ng\u1edd to l\u1edbn h\u01a1n n\u1eefa l\u00e0 tr\u00f4ng kh\u00e1c bi\u1ec7t nh\u01b0\u1eddng v\u1eady, th\u1ebf m\u00e0 gi\u1eefa c\u00e1c lo\u00e0i l\u1ea1i v\u1eabn t\u1ed3n t\u1ea1i nh\u1eefng \u0111i\u1ec3m chung \u0111\u1ea5y!<\/p>\n<p>T\u00e1c gi\u1ea3 Heather Tekavec \u0111\u00e3 mang \u0111\u1ebfn m\u1ed9t c\u00e1ch ti\u1ebfp c\u1eadn ho\u00e0n to\u00e0n m\u1edbi v\u1ec1 khoa h\u1ecdc mu\u00f4n lo\u00e0i. Cu\u1ed1n s\u00e1ch thu h\u00fat \u0111\u1ed9c gi\u1ea3 ngay t\u1eeb d\u00f2ng \u0111\u1ea7u ti\u00ean v\u1edbi l\u1eddi m\u1eddi g\u1ecdi tr\u00ed t\u00f2 m\u00f2, v\u00e0 ti\u1ebfp t\u1ee5c l\u00f4i k\u00e9o ng\u01b0\u1eddi \u0111\u1ecdc qua nh\u1eefng trang s\u00e1ch \u0111\u1ea7y th\u00f4ng tin b\u1ed5 \u00edch, li\u1ec7t k\u00ea c\u00e1c lo\u00e0i v\u1eadt t\u1eeb th\u00e2n quen t\u1edbi l\u1ea1 l\u00f9ng, kh\u00e1m ph\u00e1 t\u1eebng \u0111i\u1ec3m \u0111\u1eb7c tr\u01b0ng c\u1ee7a ch\u00fang, v\u00e0 g\u00e2y ng\u1ea1c nhi\u00ean tuy\u1ec7t \u0111\u1ed1i tr\u01b0\u1edbc c\u00fa twist ngo\u1ea1n m\u1ee5c. Th\u1ebf l\u00e0 m\u00ecnh s\u1ebd ph\u1ea3i s\u0103m soi cu\u1ed1n s\u00e1ch k\u1ef9 c\u00e0ng h\u01a1n n\u1eefa \u0111\u1ec3 kh\u00f4ng b\u1ecf l\u1ee1 nh\u1eefng \u0111i\u1ec3m \u0111\u1ed9c \u0111\u00e1o th\u00fa v\u1ecb c\u1ee7a t\u1eebng lo\u00e0i v\u1eadt, v\u00e0 bi\u1ebft \u0111\u00e2u c\u00f3 th\u1ec3 t\u1ef1 m\u00ecnh t\u00ecm ra \u0111i\u1ec3m gi\u1ed1ng nhau gi\u1eefa ch\u00fang th\u00ec sao! H\u00e0nh tr\u00ecnh kh\u00e1m ph\u00e1 tr\u1edf n\u00ean th\u00fa v\u1ecb h\u01a1n r\u1ea5t nhi\u1ec1u khi ng\u01b0\u1eddi \u0111\u1ecdc c\u00f3 th\u1ec3 tham gia t\u01b0\u01a1ng t\u00e1c v\u1edbi cu\u1ed1n s\u00e1ch, v\u00e0 \u1edf ph\u00eda cu\u1ed1i c\u00f2n \u1ea9n gi\u1ea5u m\u1ed9t c\u00e2u h\u1ecfi l\u1edbn ch\u1edd em t\u00ecm l\u1eddi \u0111\u00e1p \u0111\u1ea5y.<\/p>\n<p>Tr\u00ean h\u1ebft c\u1ea3 th\u00ec \u0111\u00e2y v\u1eabn l\u00e0 m\u1ed9t cu\u1ed1n s\u00e1ch khoa h\u1ecdc, v\u1edbi nh\u1eefng th\u00f4ng tin \u0111\u01b0\u1ee3c tr\u00ecnh b\u00e0y c\u00f4 \u0111\u1ecdng, s\u00fac t\u00edch nh\u01b0ng mang l\u1ea1i v\u00f4 v\u00e0n ki\u1ebfn th\u1ee9c h\u1eefu \u00edch v\u1ec1 c\u00e1c lo\u00e0i \u0111\u1ed9ng v\u1eadt tr\u00ean Tr\u00e1i \u0111\u1ea5t: t\u00ean tu\u1ed5i, h\u00ecnh d\u00e1ng, m\u00f4i tr\u01b0\u1eddng s\u1ed1ng, th\u00f3i quen&#8230; To\u00e0n b\u1ed9 \u0111\u1ec1u \u0111\u01b0\u1ee3c th\u1ec3 hi\u1ec7n qua nh\u1eefng c\u00e2u tr\u1ea7n thu\u1eadt ng\u1eafn v\u00e0 h\u00ecnh minh h\u1ecda sinh \u0111\u1ed9ng tinh ngh\u1ecbch. \u0110i\u1ec1u n\u00e0y khi\u1ebfn cho cu\u1ed1n s\u00e1ch tr\u1edf n\u00ean v\u00f4 c\u00f9ng g\u1ea7n g\u0169i v\u1edbi c\u1ea3 nh\u1eefng b\u1ea1n b\u00e9 x\u00edu xiu v\u00e0 gi\u00fap nu\u00f4i d\u01b0\u1ee1ng t\u00ecnh y\u00eau mu\u00f4n lo\u00e0i t\u1eeb n\u0103m th\u00e1ng \u0111\u1ea7u \u0111\u1eddi; c\u00f2n v\u1edbi nh\u1eefng b\u1ea1n \u0111\u1ecdc l\u1edbn h\u01a1n m\u1ed9t ch\u00fat, cu\u1ed1n s\u00e1ch l\u00e0 m\u1ed9t h\u1ecdc li\u1ec7u \u0111\u1eafc l\u1ef1c gi\u00fap c\u1ee7ng c\u1ed1 k\u1ef9 n\u0103ng nh\u1eadn bi\u1ebft nh\u1eefng c\u1ea5u tr\u00fac l\u1eb7p \u0111i l\u1eb7p l\u1ea1i, nh\u1eadn bi\u1ebft ph\u00e9p so s\u00e1nh, \u0111\u1ed1i l\u1eadp, v\u00e0 l\u00e0 m\u1ed9t cu\u1ed1n c\u1ea9m nang t\u1eeb v\u1ef1ng nh\u1ecf v\u1edbi v\u00f4 v\u00e0n t\u00ednh t\u1eeb mi\u00eau t\u1ea3 c\u00f9ng c\u00e1c thu\u1eadt ng\u1eef ch\u1ec9 \u0111\u1eb7c \u0111i\u1ec3m ri\u00eang c\u1ee7a mu\u00f4n lo\u00e0i, th\u1eadm ch\u00ed c\u00f3 c\u1ea3 b\u1ea3ng ch\u00fa gi\u1ea3i t\u1ec9 m\u1ec9 \u1edf cu\u1ed1i s\u00e1ch. T\u1eeb 2 \u2013 4 tu\u1ed5i, k\u1ef9 n\u0103ng so s\u00e1nh l\u00e0 m\u1ed9t trong nh\u1eefng k\u1ef9 n\u0103ng ch\u00ednh y\u1ebfu \u0111\u01b0\u1ee3c tr\u1ebb s\u1eed d\u1ee5ng \u0111\u1ec3 thu nh\u1eadn ki\u1ebfn th\u1ee9c v\u1ec1 th\u1ebf gi\u1edbi, v\u00ec th\u1ebf m\u00e0 ch\u00fang c\u1ef1c k\u1ef3 kho\u00e1i ch\u00ed v\u1edbi nh\u1eefng tr\u00f2 ch\u01a1i t\u00ecm \u0111i\u1ec3m kh\u00e1c \u2013 gi\u1ed1ng, v\u00e0 cu\u1ed1n s\u00e1ch n\u00e0y v\u1eeba hay l\u1ea1i \u0111\u00e1p \u1ee9ng c\u1ea3 nhu c\u1ea7u h\u1ecdc v\u00e0 ch\u01a1i c\u1ee7a tr\u1ebb.<\/p>\n<p>\u0110\u00e2y qu\u1ea3 l\u00e0 m\u1ed9t cu\u1ed1n s\u00e1ch khoa h\u1ecdc hi\u1ebfm c\u00f3 xu\u1ea5t s\u1eafc, tr\u00f2n tr\u1ecba v\u1ec1 m\u1ee5c \u0111\u00edch v\u00e0 \u0111\u1ed9t ph\u00e1 v\u1ec1 h\u00ecnh th\u1ee9c th\u1ec3 hi\u1ec7n. M\u1ed9t l\u1ef1a ch\u1ecdn tuy\u1ec7t v\u1eddi cho cu\u1ed1i tu\u1ea7n kh\u00e1m ph\u00e1 th\u1ebf gi\u1edbi t\u1ef1 nhi\u00ean c\u1ee7a c\u1ea3 gia \u0111\u00ecnh.<\/p>\n<p>&#8220;C\u00e1c b\u1ea1n nh\u1ecf h\u1eb3n s\u1ebd c\u00f3 r\u1ea5t nhi\u1ec1u ni\u1ec1m vui h\u00e2n hoan khi \u0111\u01b0\u1ee3c ng\u1eafm nh\u00ecn nh\u1eefng b\u1ee9c tranh v\u1edbi m\u00e0u s\u1eafc t\u01b0\u01a1i s\u00e1ng, v\u1ebd theo phong c\u00e1ch ho\u1ea1t h\u00ecnh, c\u0169ng nh\u01b0 l\u00e0 t\u00ecm ki\u1ebfm nh\u1eefng \u0111\u1eb7c \u0111i\u1ec3m chung \u00edt ai ng\u1edd t\u1edbi gi\u1eefa c\u00e1c lo\u00e0i v\u1eadt, m\u1ed7i lo\u00e0i l\u1ea1i s\u1edf h\u1eefu bi\u1ebft bao \u0111i\u1ec3m \u0111\u1eb7c tr\u01b0ng tr\u00ean c\u01a1 th\u1ec3 ch\u1ee9 ch\u1eb3ng ri\u00eang c\u00f3 m\u1eaft hay mi\u1ec7ng.&#8221;<\/p>\n<p>\u2014 Kirkus Reviews, 2017<\/p>\n<p>\u201c&#8230; cu\u1ed1n s\u00e1ch n\u00e0y s\u1ebd khi\u1ebfn c\u00e1c \u0111\u1ed9c gi\u1ea3 t\u1eeb b\u00e9 con l\u1eabn l\u1edbn \u0111\u00f9ng \u0111\u1ec1u ph\u1ea3i th\u00edch m\u00ea.\u201d<\/p>\n<p>\u2014 B\u1ea3ng tin s\u00e1ch thi\u1ebfu nhi Canada (Canadian Children&#8217;s Book News), 2017<\/p>\n","protected":false},"excerpt":{"rendered":"<p>Cu\u1ed1n s\u00e1ch c\u1ef1c th\u00f4ng minh n\u00e0y gi\u1edbi thi\u1ec7u cho ch\u00fang ta v\u1ec1 \u0111\u1eb7c tr\u01b0ng c\u1ee7a mu\u00f4n lo\u00e0i theo m\u1ed9t c\u00e1ch th\u1eadt \u0111\u1eb7c bi\u1ec7t: ch\u1ec9 ra nh\u1eefng \u0111i\u1ec3m kh\u00e1c v\u00e0 gi\u1ed1ng nhau trong t\u1eebng nh\u00f3m lo\u00e0i.<\/p>\n<p>C\u1ee9 nh\u01b0 th\u1ebf, qua t\u1eebng trang s\u00e1ch, \u0111\u1ed9c gi\u1ea3 s\u1ebd v\u00f4 c\u00f9ng b\u1ea5t ng\u1edd khi \u0111\u01b0\u1ee3c kh\u00e1m ph\u00e1 mu\u00f4n v\u00e0n \u0111\u1eb7c \u0111i\u1ec3m th\u00fa v\u1ecb t\u1eeb nh\u00f3m b\u1ed1n lo\u00e0i v\u1eadt t\u01b0\u1edfng ch\u1eebng ch\u1eb3ng li\u00ean quan ch\u00fat n\u00e0o, th\u1ebf m\u00e0 l\u1ea1i c\u00f3 \u00edt nh\u1ea5t l\u00e0 m\u1ed9t \u0111\u1eb7c \u0111i\u1ec3m chung \u2013 c\u00f3 ng\u00e0, c\u00f3 s\u1eebng, c\u00f3 v\u1ecf&#8230; \u2013 c\u1ea3 th\u1ea3y l\u00e0 13 nh\u00f3m \u0111\u1ed9ng v\u1eadt nh\u01b0 v\u1eady.<\/p>\n<p>Nh\u1eefng b\u1ea1n nh\u1ecf c\u00f3 th\u00f3i quen quan s\u00e1t tinh t\u01b0\u1eddng s\u1ebd nhanh ch\u00f3ng nh\u1eadn ra th\u00eam m\u1ed9t \u0111i\u1ec3m hay ho kh\u00e1c: m\u1ed9t lo\u00e0i v\u1eadt \u1edf nh\u00f3m n\u00e0y s\u1ebd xu\u1ea5t hi\u1ec7n \u1edf trang ti\u1ebfp theo v\u1edbi m\u1ed9t \u0111\u1eb7c \u0111i\u1ec3m kh\u00e1c gi\u1ed1ng v\u1edbi ba lo\u00e0i kh\u00e1c n\u1eefa. Cu\u1ed1i cu\u1ed1n s\u00e1ch, t\u00e1c gi\u1ea3 \u0111\u00e3 s\u1eafp \u0111\u1eb7t c\u1ea3 40 lo\u00e0i v\u1eadt c\u1ea1nh nhau \u0111\u1ec3 \u0111\u1ed9c gi\u1ea3 c\u00f3 th\u1ec3 t\u1ef1 m\u00ecnh t\u00ecm ki\u1ebfm nh\u1eefng \u0111\u1eb7c \u0111i\u1ec3m th\u00fa v\u1ecb xuy\u00ean su\u1ed1t \u2013 ai m\u00ecnh \u0111\u1ea7y \u0111\u1ed1m, ai s\u1ed1ng d\u01b0\u1edbi \u0111\u1ea1i d\u01b0\u01a1ng, ai c\u00f3 nhi\u1ec1u h\u01a1n s\u00e1u ch\u00e2n&#8230;?<\/p>\n","protected":false},"featured_media":8677,"template":"","meta":{"_acf_changed":false},"product_brand":[],"product_cat":[25,17],"product_tag":[],"class_list":{"0":"post-8681","1":"product","2":"type-product","3":"status-publish","4":"has-post-thumbnail","6":"product_cat-nhi-dong-6-tuoi-12-tuoi","7":"product_cat-sach-danh-cho-cac-be","9":"first","10":"instock","11":"taxable","12":"shipping-taxable","13":"purchasable","14":"product-type-simple"},"supplier_id":null,"supplier_sku":"","barcode":null,"atum_controlled":true,"out_stock_date":null,"out_stock_threshold":null,"inheritable":false,"inbound_stock":3,"stock_on_hold":0,"sold_today":0,"sales_last_days":0,"reserved_stock":0,"customer_returns":0,"warehouse_damage":0,"lost_in_post":0,"other_logs":0,"out_stock_days":0,"lost_sales":0,"has_location":false,"update_date":"2026-01-28T23:10:43","atum_locations":[],"atum_stock_status":"instock","restock_status":false,"low_stock_amount":"","sales_update_date":"2026-01-28T23:10:43","calc_backorders":null,"acf":{"publisher":{"ID":1458,"post_author":"1","post_date":"2021-02-17 01:12:22","post_date_gmt":"2021-02-16 23:12:22","post_content":"<!-- wp:flatsome\/uxbuilder -->\n<h1 style=\"text-align: center\"><strong>Crabit Kidbooks<\/strong><\/h1>\n[row]\n\n[col span=\"8\" span__sm=\"12\"]\n\n<p>Crabit Kidbooks l\u00e0 nh\u00e0 ph\u00e1t h\u00e0nh s\u00e1ch thi\u1ebfu nhi thu\u1ed9c C\u00f4ng ty CPTM &amp; XNK Ng\u1ecdc \u00c1nh \u2013 \u0111\u01a1n v\u1ecb h\u01a1n 20 n\u0103m kinh nghi\u1ec7m trong ng\u00e0nh in \u1ea5n v\u00e0 l\u00e0 \u0111\u1ed1i t\u00e1c uy t\u00edn cung c\u1ea5p h\u1ecdc li\u1ec7u, s\u00e1ch v\u1edf h\u1ecdc sinh cho h\u01a1n 5000 kh\u00e1ch h\u00e0ng kh\u1eafp 28 t\u1ec9nh th\u00e0nh ph\u00eda B\u1eafc Vi\u1ec7t Nam H\u1ec7 th\u1ed1ng s\u1ea3n ph\u1ea9m Crabit Kidbooks<\/p>\n<p>Theo s\u1ef1 t\u00ecm hi\u1ec3u c\u1ee7a <strong>SACHVIET.EU<\/strong><strong>\u00a0<\/strong>tuy Crabit Kidbooks l\u00e0 m\u1ed9t nh\u00e0 ph\u00e1t h\u00e0nh tr\u1ebb t\u1ea1i Vi\u1ec7t Nam nh\u01b0ng l\u1ea1i mang \u0111\u1ebfn s\u1ef1 ch\u1ec9n chu qua t\u1eebng trang s\u00e1ch, t\u1eeb ch\u1ea5t li\u1ec7u gi\u1ea5y cao c\u1ea5p, b\u00eca c\u1ee9ng gi\u1eef g\u00ecn s\u00e1ch \u0111\u01b0\u1ee3c b\u1ec1n l\u00e2u \u0111\u1ebfn l\u1eddi v\u0103n c\u00e2u ch\u1eef \u0111\u01b0\u1ee3c ch\u1ecdn l\u1ecdc ch\u1ec9nh s\u1eeda sao cho ti\u1ebfp c\u1eadn th\u00e2n thi\u1ec7n nh\u1ea5t v\u1edbi tr\u1ebb em. <strong>SACHVIET.EU<\/strong> th\u1ef1c s\u1ef1 \u1ea5n t\u01b0\u1ee3ng b\u1edfi t\u1ea7m nh\u00ecn v\u00e0 s\u1ef1 c\u1ed1 g\u1eafng ho\u00e0n thi\u1ec7n nh\u1eefng t\u00e1c ph\u1ea9m c\u00f3 gi\u00e1 tr\u1ecb tuy\u1ec7t v\u1eddi m\u00e0 Crabit Kidbooks mang l\u1ea1i. \u0110\u00e2y c\u0169ng l\u00e0 nh\u00e0 ph\u00e1t h\u00e0nh duy nh\u1ea5t t\u1edbi th\u1eddi \u0111i\u1ec3m n\u00e0y m\u00e0 <strong>SACHVIET.EU<\/strong> quy\u1ebft t\u00e2m h\u1ee3p t\u00e1c mang h\u1ebft t\u1ea5t c\u1ea3 c\u00e1c \u0111\u1ea7u s\u00e1ch m\u00e0 Crabit Kidbooks c\u00f3 \u0111\u1ec3 \u0111em \u0111\u1ebfn Ch\u00e2u \u00c2u ph\u1ee5c v\u1ee5 m\u1ecdi ng\u01b0\u1eddi. \u0110\u00e2y th\u1ef1c s\u1ef1 l\u00e0 m\u1ed9t s\u1ef1 li\u1ec1u l\u0129nh c\u1ee7a <strong>SACHVIET.EU<\/strong>, tuy nhi\u00ean ch\u00fang m\u00ecnh tin t\u01b0\u1edfng v\u00e0 t\u1ef1 tin r\u1eb1ng t\u1eebng cu\u1ed1n s\u00e1ch m\u00e0 ch\u00fang m\u00ecnh gi\u1edbi thi\u1ec7u x\u1ee9ng \u0111\u00e1ng v\u1edbi nh\u1eefng g\u00ec ch\u00fang m\u00ecnh theo \u0111u\u1ed5i.<\/p>\n\n[\/col]\n[col span=\"4\" span__sm=\"12\"]\n\n[ux_image id=\"1701\" image_size=\"medium\"]\n\n\n[\/col]\n\n[\/row]\n\n<!-- \/wp:flatsome\/uxbuilder -->","post_title":"Crabit Kidbooks","post_excerpt":"","post_status":"publish","comment_status":"closed","ping_status":"closed","post_password":"","post_name":"crabit-kidbooks","to_ping":"","pinged":"","post_modified":"2022-12-19 23:12:10","post_modified_gmt":"2022-12-19 21:12:10","post_content_filtered":"","post_parent":0,"guid":"https:\/\/sachviet.eu\/nha-phat-hanh\/crabitkidbooks\/","menu_order":0,"post_type":"publisher","post_mime_type":"","comment_count":"0","filter":"raw"}},"_links":{"self":[{"href":"https:\/\/sachviet.eu\/en\/wp-json\/wp\/v2\/product\/8681","targetHints":{"allow":["GET"]}}],"collection":[{"href":"https:\/\/sachviet.eu\/en\/wp-json\/wp\/v2\/product"}],"about":[{"href":"https:\/\/sachviet.eu\/en\/wp-json\/wp\/v2\/types\/product"}],"wp:featuredmedia":[{"embeddable":true,"href":"https:\/\/sachviet.eu\/en\/wp-json\/wp\/v2\/media\/8677"}],"wp:attachment":[{"href":"https:\/\/sachviet.eu\/en\/wp-json\/wp\/v2\/media?parent=8681"}],"wp:term":[{"taxonomy":"product_brand","embeddable":true,"href":"https:\/\/sachviet.eu\/en\/wp-json\/wp\/v2\/product_brand?post=8681"},{"taxonomy":"product_cat","embeddable":true,"href":"https:\/\/sachviet.eu\/en\/wp-json\/wp\/v2\/product_cat?post=8681"},{"taxonomy":"product_tag","embeddable":true,"href":"https:\/\/sachviet.eu\/en\/wp-json\/wp\/v2\/product_tag?post=8681"}],"curies":[{"name":"wp","href":"https:\/\/api.w.org\/{rel}","templated":true}]}}