{"id":8673,"date":"2021-04-28T14:30:14","date_gmt":"2021-04-28T11:30:14","guid":{"rendered":"https:\/\/sachviet.eu\/shop\/tri-tue-xuc-cam\/"},"modified":"2021-07-06T13:34:26","modified_gmt":"2021-07-06T10:34:26","slug":"tri-tue-xuc-cam","status":"publish","type":"product","link":"https:\/\/sachviet.eu\/en\/shop\/tri-tue-xuc-cam\/","title":{"rendered":"Tr\u00ed Tu\u1ec7 X\u00fac C\u1ea3m"},"content":{"rendered":"<p>Tr\u00ed Tu\u1ec7 X\u00fac C\u1ea3m \u0111\u00e3 n\u1eb1m trong danh s\u00e1ch b\u00e1n ch\u1ea1y nh\u1ea5t c\u1ee7a Th\u1eddi b\u00e1o New York trong m\u1ed9t n\u0103m r\u01b0\u1ee1i, v\u1edbi h\u01a1n 5.000.000 b\u1ea3n in tr\u00ean to\u00e0n th\u1ebf gi\u1edbi b\u1eb1ng 40 ng\u00f4n ng\u1eef v\u00e0 \u0111\u00e3 l\u00e0 s\u00e1ch b\u00e1n ch\u1ea1y nh\u1ea5t \u1edf nhi\u1ec1u qu\u1ed1c gia. S\u00e1ch \u0111\u00e3 \u0111\u01b0\u1ee3c T\u1ea1p ch\u00ed TIME vinh danh l\u00e0 m\u1ed9t trong 25 \u201cCu\u1ed1n s\u00e1ch qu\u1ea3n l\u00fd kinh doanh c\u00f3 \u1ea3nh h\u01b0\u1edfng nh\u1ea5t\u201d <\/p>\n<p>V\u1edbi b\u1ea3n Ti\u1ebfng Vi\u1ec7t \u0111\u01b0\u1ee3c Alpha Books mua b\u1ea3n quy\u1ec1n v\u00e0 \u0111\u1ed9c quy\u1ec1n ph\u00e1t h\u00e0nh t\u1eeb 2008, \u0111\u01b0\u1ee3c v\u00f4 v\u00e0n \u0111\u1ed9c gi\u1ea3 \u0111\u00f3n nh\u1eadn v\u1edbi h\u01a1n 50.000 b\u1ea3n \u0111\u01b0\u1ee3c b\u00e1n ra, v\u00e0 c\u0169ng tr\u1edf th\u00e0nh 1 trong nh\u1eefng cu\u1ed1n bestseller. <\/p>\n<p>Ai c\u0169ng bi\u1ebft \u0111i\u1ec3m IQ cao ch\u01b0a ch\u1eafc \u0111\u00e3 \u0111\u1ea3m b\u1ea3o cho m\u1ed9t cu\u1ed9c \u0111\u1eddi th\u00e0nh c\u00f4ng, h\u1ea1nh ph\u00fac v\u00e0 \u0111\u1ee9c h\u1ea1nh. Nh\u01b0ng ch\u1ec9 \u0111\u1ebfn khi \u0111\u1ecdc Tr\u00ed Tu\u1ec7 X\u00fac C\u1ea3m (Emotional Intelligence) c\u1ee7a Daniel Goleman, ch\u00fang ta m\u1edbi c\u00f3 th\u1ec3 l\u00fd gi\u1ea3i t\u1ea1i sao. D\u1ef1a tr\u00ean nh\u1eefng quan s\u00e1t v\u00e0 nghi\u00ean c\u1ee9u nhi\u1ec1u n\u0103m trong l\u0129nh v\u1ef1c t\u00e2m l\u00fd v\u00e0 khoa h\u1ecdc th\u1ea7n kinh, t\u00e1c gi\u1ea3 \u0111\u00e3 mang \u0111\u1ebfn m\u1ed9t c\u00e1i nh\u00ecn m\u1edbi m\u1ebb v\u1ec1 hai lo\u1ea1i tr\u00ed tu\u1ec7 b\u00ean trong m\u1ed7i con ng\u01b0\u1eddi &#8211; l\u00fd tr\u00ed v\u00e0 c\u1ea3m x\u00fac &#8211; c\u00f9ng c\u00e1ch m\u00e0 ch\u00fang \u0111\u1ecbnh h\u00ecnh s\u1ed1 ph\u1eadn c\u1ee7a ch\u00fang ta.    <\/p>\n<p>Trong s\u00e1ch, Daniel Goleman ch\u1ec9 ra m\u1ed9t s\u1ed1 y\u1ebfu t\u1ed1 khi\u1ebfn ng\u01b0\u1eddi IQ cao c\u00f3 th\u1ec3 g\u1eb7p l\u00fang t\u00fang trong c\u00f4ng vi\u1ec7c, c\u00f2n ng\u01b0\u1eddi IQ th\u1ea5p h\u01a1n l\u1ea1i \u0111\u1ea1t hi\u1ec7u su\u1ea5t \u0111\u00e1ng kinh ng\u1ea1c. \u0110\u00f3 l\u00e0 s\u1ef1 t\u1ef1 \u00fd th\u1ee9c, t\u00ednh k\u1ef7 lu\u1eadt t\u1ef1 gi\u00e1c, s\u1ef1 \u0111\u1ed3ng c\u1ea3m, &#8230; v\u00e0 ch\u00fang kh\u00f4ng b\u1ecb m\u1eb7c \u0111\u1ecbnh t\u1eeb khi sinh ra. Tr\u00ed tu\u1ec7 c\u1ea3m x\u00fac \u0111\u01b0\u1ee3c b\u1ed3i \u0111\u1eafp b\u1edfi nh\u1eefng tr\u1ea3i nghi\u1ec7m t\u1eeb khi c\u00f2n nh\u1ecf, nh\u01b0ng n\u00f3 c\u0169ng c\u00f3 th\u1ec3 \u0111\u01b0\u1ee3c nu\u00f4i d\u01b0\u1ee1ng v\u00e0 t\u0103ng c\u01b0\u1eddng trong qu\u00e1 tr\u00ecnh m\u1ed7i c\u00e1 nh\u00e2n tr\u01b0\u1edfng th\u00e0nh, \u0111em \u0111\u1ebfn l\u1ee3i \u00edch cho s\u1ee9c kh\u1ecfe, c\u00f4ng vi\u1ec7c v\u00e0 c\u1ea3 c\u00e1c m\u1ed1i quan h\u1ec7 c\u1ee7a h\u1ecd.   <\/p>\n<p>V\u1ec1 t\u00e1c gi\u1ea3:<\/p>\n<p>Daniel Goleman sinh n\u0103m 1946, t\u1ed1t nghi\u1ec7p \u0110\u1ea1i h\u1ecdc Harvard, l\u00e0 m\u1ed9t nh\u00e0 t\u00e2m l\u00fd h\u1ecdc n\u1ed5i ti\u1ebfng th\u1ebf gi\u1edbi, ng\u01b0\u1eddi th\u01b0\u1eddng xuy\u00ean thuy\u1ebft tr\u00ecnh cho c\u00e1c nh\u00f3m chuy\u00ean nghi\u1ec7p, kh\u00e1n gi\u1ea3 kinh doanh v\u00e0 trong khu\u00f4n vi\u00ean tr\u01b0\u1eddng \u0111\u1ea1i h\u1ecdc. L\u00e0 m\u1ed9t nh\u00e0 b\u00e1o khoa h\u1ecdc, Goleman \u0111\u00e3 b\u00e1o c\u00e1o v\u1ec1 n\u00e3o b\u1ed9 v\u00e0 khoa h\u1ecdc h\u00e0nh vi cho The New York Times trong nhi\u1ec1u n\u0103m. Ngo\u00e0i nh\u1eefng cu\u1ed1n s\u00e1ch v\u1ec1 tr\u00ed tu\u1ec7 c\u1ea3m x\u00fac, Goleman c\u00f2n vi\u1ebft s\u00e1ch v\u1ec1 c\u00e1c ch\u1ee7 \u0111\u1ec1 bao g\u1ed3m l\u1eeba d\u1ed1i b\u1ea3n th\u00e2n, s\u00e1ng t\u1ea1o, minh b\u1ea1ch, thi\u1ec1n \u0111\u1ecbnh, h\u1ecdc t\u1eadp x\u00e3 h\u1ed9i v\u00e0 c\u1ea3m x\u00fac, t\u1ef7 l\u1ec7 h\u1ecdc \u0111i\u1ec7n t\u1eed v\u00e0 kh\u1ee7ng ho\u1ea3ng sinh th\u00e1i.<\/p>\n<p>Kh\u00f4ng ch\u1ec9 v\u1eady, Goleman c\u00f2n l\u00e0 ng\u01b0\u1eddi \u0111\u1ed3ng s\u00e1ng l\u1eadp T\u1ed5 ch\u1ee9c H\u1ee3p t\u00e1c v\u1ec1 H\u1ecdc thu\u1eadt, X\u00e3 h\u1ed9i v\u00e0 C\u1ea3m x\u00fac; \u0111\u1ed3ng ch\u1ec9 \u0111\u1ea1o Hi\u1ec7p h\u1ed9i Nghi\u00ean c\u1ee9u v\u1ec1 Tr\u00ed tu\u1ec7 C\u1ea3m x\u00fac trong c\u00e1c T\u1ed5 ch\u1ee9c; v\u00e0 l\u00e0 th\u00e0nh vi\u00ean h\u1ed9i \u0111\u1ed3ng qu\u1ea3n tr\u1ecb c\u1ee7a Vi\u1ec7n T\u00e2m tr\u00ed &amp; Cu\u1ed9c s\u1ed1ng.<\/p>\n","protected":false},"excerpt":{"rendered":"<p>Tr\u00ed Tu\u1ec7 X\u00fac C\u1ea3m \u0111\u00e3 n\u1eb1m trong danh s\u00e1ch b\u00e1n ch\u1ea1y nh\u1ea5t c\u1ee7a Th\u1eddi b\u00e1o New York trong m\u1ed9t n\u0103m r\u01b0\u1ee1i, v\u1edbi h\u01a1n 5.000.000 b\u1ea3n in tr\u00ean to\u00e0n th\u1ebf gi\u1edbi b\u1eb1ng 40 ng\u00f4n ng\u1eef v\u00e0 \u0111\u00e3 l\u00e0 s\u00e1ch b\u00e1n ch\u1ea1y nh\u1ea5t \u1edf nhi\u1ec1u qu\u1ed1c gia. S\u00e1ch \u0111\u00e3 \u0111\u01b0\u1ee3c T\u1ea1p ch\u00ed TIME vinh danh l\u00e0 m\u1ed9t trong 25 \u201cCu\u1ed1n s\u00e1ch qu\u1ea3n l\u00fd kinh doanh c\u00f3 \u1ea3nh h\u01b0\u1edfng nh\u1ea5t\u201d <\/p>\n<p>V\u1edbi b\u1ea3n Ti\u1ebfng Vi\u1ec7t \u0111\u01b0\u1ee3c Alpha Books mua b\u1ea3n quy\u1ec1n v\u00e0 \u0111\u1ed9c quy\u1ec1n ph\u00e1t h\u00e0nh t\u1eeb 2008, \u0111\u01b0\u1ee3c v\u00f4 v\u00e0n \u0111\u1ed9c gi\u1ea3 \u0111\u00f3n nh\u1eadn v\u1edbi h\u01a1n 50.000 b\u1ea3n \u0111\u01b0\u1ee3c b\u00e1n ra, v\u00e0 c\u0169ng tr\u1edf th\u00e0nh 1 trong nh\u1eefng cu\u1ed1n bestseller. <\/p>\n<p>Ai c\u0169ng bi\u1ebft \u0111i\u1ec3m IQ cao ch\u01b0a ch\u1eafc \u0111\u00e3 \u0111\u1ea3m b\u1ea3o cho m\u1ed9t cu\u1ed9c \u0111\u1eddi th\u00e0nh c\u00f4ng, h\u1ea1nh ph\u00fac v\u00e0 \u0111\u1ee9c h\u1ea1nh. Nh\u01b0ng ch\u1ec9 \u0111\u1ebfn khi \u0111\u1ecdc Tr\u00ed Tu\u1ec7 X\u00fac C\u1ea3m (Emotional Intelligence) c\u1ee7a Daniel Goleman, ch\u00fang ta m\u1edbi c\u00f3 th\u1ec3 l\u00fd gi\u1ea3i t\u1ea1i sao. D\u1ef1a tr\u00ean nh\u1eefng quan s\u00e1t v\u00e0 nghi\u00ean c\u1ee9u nhi\u1ec1u n\u0103m trong l\u0129nh v\u1ef1c t\u00e2m l\u00fd v\u00e0 khoa h\u1ecdc th\u1ea7n kinh, t\u00e1c gi\u1ea3 \u0111\u00e3 mang \u0111\u1ebfn m\u1ed9t c\u00e1i nh\u00ecn m\u1edbi m\u1ebb v\u1ec1 hai lo\u1ea1i tr\u00ed tu\u1ec7 b\u00ean trong m\u1ed7i con ng\u01b0\u1eddi &#8211; l\u00fd tr\u00ed v\u00e0 c\u1ea3m x\u00fac &#8211; c\u00f9ng c\u00e1ch m\u00e0 ch\u00fang \u0111\u1ecbnh h\u00ecnh s\u1ed1 ph\u1eadn c\u1ee7a ch\u00fang ta.    <\/p>\n<p>Trong s\u00e1ch, Daniel Goleman ch\u1ec9 ra m\u1ed9t s\u1ed1 y\u1ebfu t\u1ed1 khi\u1ebfn ng\u01b0\u1eddi IQ cao c\u00f3 th\u1ec3 g\u1eb7p l\u00fang t\u00fang trong c\u00f4ng vi\u1ec7c, c\u00f2n ng\u01b0\u1eddi IQ th\u1ea5p h\u01a1n l\u1ea1i \u0111\u1ea1t hi\u1ec7u su\u1ea5t \u0111\u00e1ng kinh ng\u1ea1c. \u0110\u00f3 l\u00e0 s\u1ef1 t\u1ef1 \u00fd th\u1ee9c, t\u00ednh k\u1ef7 lu\u1eadt t\u1ef1 gi\u00e1c, s\u1ef1 \u0111\u1ed3ng c\u1ea3m, &#8230; v\u00e0 ch\u00fang kh\u00f4ng b\u1ecb m\u1eb7c \u0111\u1ecbnh t\u1eeb khi sinh ra. Tr\u00ed tu\u1ec7 c\u1ea3m x\u00fac \u0111\u01b0\u1ee3c b\u1ed3i \u0111\u1eafp b\u1edfi nh\u1eefng tr\u1ea3i nghi\u1ec7m t\u1eeb khi c\u00f2n nh\u1ecf, nh\u01b0ng n\u00f3 c\u0169ng c\u00f3 th\u1ec3 \u0111\u01b0\u1ee3c nu\u00f4i d\u01b0\u1ee1ng v\u00e0 t\u0103ng c\u01b0\u1eddng trong qu\u00e1 tr\u00ecnh m\u1ed7i c\u00e1 nh\u00e2n tr\u01b0\u1edfng th\u00e0nh, \u0111em \u0111\u1ebfn l\u1ee3i \u00edch cho s\u1ee9c kh\u1ecfe, c\u00f4ng vi\u1ec7c v\u00e0 c\u1ea3 c\u00e1c m\u1ed1i quan h\u1ec7 c\u1ee7a h\u1ecd.<\/p>\n","protected":false},"featured_media":8672,"template":"","meta":{"_acf_changed":false},"product_brand":[],"product_cat":[18],"product_tag":[],"class_list":{"0":"post-8673","1":"product","2":"type-product","3":"status-publish","4":"has-post-thumbnail","6":"product_cat-kinh-te","8":"first","9":"outofstock","10":"taxable","11":"shipping-taxable","12":"purchasable","13":"product-type-simple"},"supplier_id":null,"supplier_sku":"","barcode":null,"atum_controlled":true,"out_stock_date":"2021-07-06 10:34:26","out_stock_threshold":null,"inheritable":false,"inbound_stock":0,"stock_on_hold":0,"sold_today":0,"sales_last_days":0,"reserved_stock":0,"customer_returns":0,"warehouse_damage":0,"lost_in_post":0,"other_logs":0,"out_stock_days":1667,"lost_sales":4284,"has_location":false,"update_date":"2026-01-28T23:10:43","atum_locations":[],"atum_stock_status":"outofstock","restock_status":false,"low_stock_amount":"","sales_update_date":"2026-01-28T23:10:43","calc_backorders":null,"acf":{"publisher":{"ID":8671,"post_author":"1","post_date":"2021-04-28 14:30:12","post_date_gmt":"2021-04-28 11:30:12","post_content":"","post_title":"Alphabooks","post_excerpt":"","post_status":"publish","comment_status":"closed","ping_status":"closed","post_password":"","post_name":"alphabooks","to_ping":"","pinged":"","post_modified":"2021-04-28 14:30:12","post_modified_gmt":"2021-04-28 11:30:12","post_content_filtered":"","post_parent":0,"guid":"https:\/\/sachviet.eu\/nha-phat-hanh\/alphabooks\/","menu_order":0,"post_type":"publisher","post_mime_type":"","comment_count":"0","filter":"raw"}},"_links":{"self":[{"href":"https:\/\/sachviet.eu\/en\/wp-json\/wp\/v2\/product\/8673","targetHints":{"allow":["GET"]}}],"collection":[{"href":"https:\/\/sachviet.eu\/en\/wp-json\/wp\/v2\/product"}],"about":[{"href":"https:\/\/sachviet.eu\/en\/wp-json\/wp\/v2\/types\/product"}],"wp:featuredmedia":[{"embeddable":true,"href":"https:\/\/sachviet.eu\/en\/wp-json\/wp\/v2\/media\/8672"}],"wp:attachment":[{"href":"https:\/\/sachviet.eu\/en\/wp-json\/wp\/v2\/media?parent=8673"}],"wp:term":[{"taxonomy":"product_brand","embeddable":true,"href":"https:\/\/sachviet.eu\/en\/wp-json\/wp\/v2\/product_brand?post=8673"},{"taxonomy":"product_cat","embeddable":true,"href":"https:\/\/sachviet.eu\/en\/wp-json\/wp\/v2\/product_cat?post=8673"},{"taxonomy":"product_tag","embeddable":true,"href":"https:\/\/sachviet.eu\/en\/wp-json\/wp\/v2\/product_tag?post=8673"}],"curies":[{"name":"wp","href":"https:\/\/api.w.org\/{rel}","templated":true}]}}