{"id":8670,"date":"2021-04-28T14:30:02","date_gmt":"2021-04-28T11:30:02","guid":{"rendered":"https:\/\/sachviet.eu\/shop\/solanin\/"},"modified":"2021-04-28T18:32:27","modified_gmt":"2021-04-28T15:32:27","slug":"solanin","status":"publish","type":"product","link":"https:\/\/sachviet.eu\/en\/shop\/solanin\/","title":{"rendered":"Solanin"},"content":{"rendered":"<p>Solanin l\u00e0 m\u1ed9t ch\u1ea5t \u0111\u1ed9c, v\u1ecb \u0111\u1eafng, c\u00f3 nhi\u1ec1u trong m\u1ea7m khoai t\u00e2y. C\u00f2n \u201cSolanin\u201d trong cu\u1ed1n s\u00e1ch n\u00e0y mang \u00fd ngh\u0129a g\u00ec?<\/p>\n<p>\u201cH\u1ea1nh ph\u00fac mong manh d\u00f9 k\u00e9o d\u00e0i b\u1ea5t t\u1eadn, th\u00ec h\u1ea1t gi\u1ed1ng \u0111\u1ed5 v\u1ee1 v\u1eabn s\u1ebd n\u1ea3y m\u1ea7m, \u0111\u00e3 t\u1edbi l\u00fac ta ph\u1ea3i chia xa r\u1ed3i&#8230;\u201d R\u1ed1t cu\u1ed9c l\u1eddi h\u00e1t n\u00e0y mu\u1ed1n truy\u1ec1n \u0111\u1ea1t th\u00f4ng \u0111i\u1ec7p g\u00ec?<\/p>\n<p>C\u00e2u chuy\u1ec7n xoay quanh c\u1eb7p \u0111\u00f4i tr\u1ebb Meiko v\u00e0 Taneda \u0111ang m\u01b0u sinh gi\u1eefa th\u1ee7 \u0111\u00f4 ph\u1ed3n hoa Tokyo. Sau khi t\u1ed1t nghi\u1ec7p \u0111\u1ea1i h\u1ecdc, Meiko ch\u1ecdn l\u00e0m nh\u00e2n vi\u00ean c\u00f4ng s\u1edf, v\u00e0 hai n\u0103m sau, nh\u1eefng g\u00ec c\u00f4 nh\u1eadn \u0111\u01b0\u1ee3c qua c\u00f4ng vi\u1ec7c ch\u1ec9 l\u00e0 s\u1ef1 nh\u00e0m ch\u00e1n, b\u1ea5t m\u00e3n v\u00e0 b\u1ef1c d\u1ecdc. C\u00f4 nh\u1eadn ra m\u00ecnh kh\u00f4ng h\u1ee3p l\u00e0m nh\u00e2n vi\u00ean c\u00f4ng s\u1edf, kh\u00f4ng th\u1ec3 h\u00f2a nh\u1eadp v\u1edbi \u201cx\u00e3 h\u1ed9i ng\u01b0\u1eddi l\u1edbn\u201d.<\/p>\n<p>C\u00f2n Taneda, sau khi t\u1ed1t nghi\u1ec7p, th\u00ec ph\u1ea3i l\u1ef1a ch\u1ecdn gi\u1eefa \u0111i l\u00e0m trang tr\u1ea3i cu\u1ed9c s\u1ed1ng hay ti\u1ebfp t\u1ee5c theo \u0111u\u1ed5i \u01b0\u1edbc m\u01a1 \u00e2m nh\u1ea1c \u201cvi\u1ec3n v\u00f4ng\u201d.<\/p>\n<p>Sau khi b\u01b0\u1edbc v\u00e0o x\u00e3 h\u1ed9i ng\u01b0\u1eddi l\u1edbn, nh\u1eefng n\u1ed7i lo l\u1eafng, m\u01a1 h\u1ed3, b\u1ea5t an khi\u1ebfn hai ng\u01b0\u1eddi b\u1eaft \u0111\u1ea7u c\u00e3i v\u00e3, t\u00ecnh c\u1ea3m c\u00f3 nguy c\u01a1 r\u1ea1n n\u1ee9t. Nh\u1edd nh\u1eefng ng\u01b0\u1eddi b\u1ea1n th\u00e2n, h\u1ecd nh\u1eadn ra cu\u1ed9c s\u1ed1ng tuy ng\u1ed9t ng\u1ea1t kh\u00f3 kh\u0103n, nh\u01b0ng v\u1eabn c\u00f3 nh\u1eefng kho\u1ea3nh kh\u1eafc h\u1ea1nh ph\u00fac d\u1ec5 ch\u1ecbu, d\u00f9 nh\u1ecf b\u00e9 mong manh.<\/p>\n<p>Li\u1ec7u \u0111\u1ebfn m\u1ed9t ng\u00e0y kia, c\u00f3 ai trong s\u1ed1 h\u1ecd s\u1ebd tho\u00e1t \u0111\u01b0\u1ee3c c\u00e1i v\u00f2ng lu\u1ea9n qu\u1ea9n \u0111\u1ea7y b\u1ea5t an c\u1ee7a tu\u1ed5i tr\u1ebb, t\u00ecm th\u1ea5y \u0111i\u1ec1u m\u00ecnh n\u00ean l\u00e0m, con \u0111\u01b0\u1eddng m\u00ecnh n\u00ean b\u01b0\u1edbc\u2026<\/p>\n","protected":false},"excerpt":{"rendered":"<p>Solanin l\u00e0 m\u1ed9t ch\u1ea5t \u0111\u1ed9c, v\u1ecb \u0111\u1eafng, c\u00f3 nhi\u1ec1u trong m\u1ea7m khoai t\u00e2y. C\u00f2n \u201cSolanin\u201d trong cu\u1ed1n s\u00e1ch n\u00e0y mang \u00fd ngh\u0129a g\u00ec?<\/p>\n<p>\u201cH\u1ea1nh ph\u00fac mong manh d\u00f9 k\u00e9o d\u00e0i b\u1ea5t t\u1eadn, th\u00ec h\u1ea1t gi\u1ed1ng \u0111\u1ed5 v\u1ee1 v\u1eabn s\u1ebd n\u1ea3y m\u1ea7m, \u0111\u00e3 t\u1edbi l\u00fac ta ph\u1ea3i chia xa r\u1ed3i&#8230;\u201d R\u1ed1t cu\u1ed9c l\u1eddi h\u00e1t n\u00e0y mu\u1ed1n truy\u1ec1n \u0111\u1ea1t th\u00f4ng \u0111i\u1ec7p g\u00ec?<\/p>\n<p>C\u00e2u chuy\u1ec7n xoay quanh c\u1eb7p \u0111\u00f4i tr\u1ebb Meiko v\u00e0 Taneda \u0111ang m\u01b0u sinh gi\u1eefa th\u1ee7 \u0111\u00f4 ph\u1ed3n hoa Tokyo. Sau khi t\u1ed1t nghi\u1ec7p \u0111\u1ea1i h\u1ecdc, Meiko ch\u1ecdn l\u00e0m nh\u00e2n vi\u00ean c\u00f4ng s\u1edf, v\u00e0 hai n\u0103m sau, nh\u1eefng g\u00ec c\u00f4 nh\u1eadn \u0111\u01b0\u1ee3c qua c\u00f4ng vi\u1ec7c ch\u1ec9 l\u00e0 s\u1ef1 nh\u00e0m ch\u00e1n, b\u1ea5t m\u00e3n v\u00e0 b\u1ef1c d\u1ecdc. C\u00f4 nh\u1eadn ra m\u00ecnh kh\u00f4ng h\u1ee3p l\u00e0m nh\u00e2n vi\u00ean c\u00f4ng s\u1edf, kh\u00f4ng th\u1ec3 h\u00f2a nh\u1eadp v\u1edbi \u201cx\u00e3 h\u1ed9i ng\u01b0\u1eddi l\u1edbn\u201d.<\/p>\n<p>C\u00f2n Taneda, sau khi t\u1ed1t nghi\u1ec7p, th\u00ec ph\u1ea3i l\u1ef1a ch\u1ecdn gi\u1eefa \u0111i l\u00e0m trang tr\u1ea3i cu\u1ed9c s\u1ed1ng hay ti\u1ebfp t\u1ee5c theo \u0111u\u1ed5i \u01b0\u1edbc m\u01a1 \u00e2m nh\u1ea1c \u201cvi\u1ec3n v\u00f4ng\u201d.<\/p>\n<p>Sau khi b\u01b0\u1edbc v\u00e0o x\u00e3 h\u1ed9i ng\u01b0\u1eddi l\u1edbn, nh\u1eefng n\u1ed7i lo l\u1eafng, m\u01a1 h\u1ed3, b\u1ea5t an khi\u1ebfn hai ng\u01b0\u1eddi b\u1eaft \u0111\u1ea7u c\u00e3i v\u00e3, t\u00ecnh c\u1ea3m c\u00f3 nguy c\u01a1 r\u1ea1n n\u1ee9t. Nh\u1edd nh\u1eefng ng\u01b0\u1eddi b\u1ea1n th\u00e2n, h\u1ecd nh\u1eadn ra cu\u1ed9c s\u1ed1ng tuy ng\u1ed9t ng\u1ea1t kh\u00f3 kh\u0103n, nh\u01b0ng v\u1eabn c\u00f3 nh\u1eefng kho\u1ea3nh kh\u1eafc h\u1ea1nh ph\u00fac d\u1ec5 ch\u1ecbu, d\u00f9 nh\u1ecf b\u00e9 mong manh.<\/p>\n<p>Li\u1ec7u \u0111\u1ebfn m\u1ed9t ng\u00e0y kia, c\u00f3 ai trong s\u1ed1 h\u1ecd s\u1ebd tho\u00e1t \u0111\u01b0\u1ee3c c\u00e1i v\u00f2ng lu\u1ea9n qu\u1ea9n \u0111\u1ea7y b\u1ea5t an c\u1ee7a tu\u1ed5i tr\u1ebb, t\u00ecm th\u1ea5y \u0111i\u1ec1u m\u00ecnh n\u00ean l\u00e0m, con \u0111\u01b0\u1eddng m\u00ecnh n\u00ean b\u01b0\u1edbc\u2026<\/p>\n","protected":false},"featured_media":8668,"template":"","meta":{"_acf_changed":false},"product_brand":[],"product_cat":[29],"product_tag":[],"class_list":{"0":"post-8670","1":"product","2":"type-product","3":"status-publish","4":"has-post-thumbnail","6":"product_cat-manga-comics","8":"first","9":"instock","10":"taxable","11":"shipping-taxable","12":"purchasable","13":"product-type-simple"},"supplier_id":null,"supplier_sku":"","barcode":null,"atum_controlled":true,"out_stock_date":null,"out_stock_threshold":null,"inheritable":false,"inbound_stock":0,"stock_on_hold":0,"sold_today":0,"sales_last_days":0,"reserved_stock":0,"customer_returns":0,"warehouse_damage":0,"lost_in_post":0,"other_logs":0,"out_stock_days":0,"lost_sales":0,"has_location":false,"update_date":"2026-01-28T23:10:43","atum_locations":[],"atum_stock_status":"instock","restock_status":false,"low_stock_amount":"","sales_update_date":"2026-01-28T23:10:43","calc_backorders":null,"acf":{"publisher":{"ID":8612,"post_author":"1","post_date":"2021-04-28 14:27:30","post_date_gmt":"2021-04-28 11:27:30","post_content":"","post_title":"IPM","post_excerpt":"","post_status":"publish","comment_status":"closed","ping_status":"closed","post_password":"","post_name":"ipm","to_ping":"","pinged":"","post_modified":"2021-04-28 14:27:30","post_modified_gmt":"2021-04-28 11:27:30","post_content_filtered":"","post_parent":0,"guid":"https:\/\/sachviet.eu\/nha-phat-hanh\/ipm\/","menu_order":0,"post_type":"publisher","post_mime_type":"","comment_count":"0","filter":"raw"}},"_links":{"self":[{"href":"https:\/\/sachviet.eu\/en\/wp-json\/wp\/v2\/product\/8670","targetHints":{"allow":["GET"]}}],"collection":[{"href":"https:\/\/sachviet.eu\/en\/wp-json\/wp\/v2\/product"}],"about":[{"href":"https:\/\/sachviet.eu\/en\/wp-json\/wp\/v2\/types\/product"}],"wp:featuredmedia":[{"embeddable":true,"href":"https:\/\/sachviet.eu\/en\/wp-json\/wp\/v2\/media\/8668"}],"wp:attachment":[{"href":"https:\/\/sachviet.eu\/en\/wp-json\/wp\/v2\/media?parent=8670"}],"wp:term":[{"taxonomy":"product_brand","embeddable":true,"href":"https:\/\/sachviet.eu\/en\/wp-json\/wp\/v2\/product_brand?post=8670"},{"taxonomy":"product_cat","embeddable":true,"href":"https:\/\/sachviet.eu\/en\/wp-json\/wp\/v2\/product_cat?post=8670"},{"taxonomy":"product_tag","embeddable":true,"href":"https:\/\/sachviet.eu\/en\/wp-json\/wp\/v2\/product_tag?post=8670"}],"curies":[{"name":"wp","href":"https:\/\/api.w.org\/{rel}","templated":true}]}}