{"id":8665,"date":"2021-04-28T14:29:47","date_gmt":"2021-04-28T11:29:47","guid":{"rendered":"https:\/\/sachviet.eu\/shop\/thong-minh-cam-xuc-the-ky-21\/"},"modified":"2021-09-07T14:08:30","modified_gmt":"2021-09-07T11:08:30","slug":"thong-minh-cam-xuc-the-ky-21","status":"publish","type":"product","link":"https:\/\/sachviet.eu\/en\/shop\/thong-minh-cam-xuc-the-ky-21\/","title":{"rendered":"Th\u00f4ng Minh C\u1ea3m X\u00fac Th\u1ebf K\u1ef7 21"},"content":{"rendered":"<p>&#8220;M\u1ed9t quy\u1ec3n s\u00e1ch s\u00fac t\u00edch v\u1edbi nh\u1eefng c\u00e2u chuy\u1ec7n \u0111\u1ea7y s\u1ee9c thuy\u1ebft ph\u1ee5c c\u00f9ng n\u1ed9i dung h\u1ea5p d\u1eabn gi\u00fap b\u1ea1n th\u1ea5u hi\u1ec3u v\u00e0 c\u1ea3i thi\u1ec7n m\u00ecnh&#8221; &#8211; Newsweek<\/p>\n<p>&#8220;C\u00e1c ph\u01b0\u01a1ng ph\u00e1p r\u1ea5t \u0111\u00e1ng xem v\u1ec1 nh\u1eefng k\u1ef9 n\u0103ng tr\u00ed tu\u1ec7 c\u1ea3m x\u00fac \u0111\u00e3 bi\u1ebfn cu\u1ed1n s\u00e1ch n\u00e0y th\u00e0nh cu\u1ed1n c\u1ea9m nang n\u1ed5i b\u1eadt nh\u1ea5t trong tu\u1ea7n c\u1ea3u ch\u00fang t\u00f4i. Th\u1eadt vui khi bi\u1ebft r\u1eb1ng ch\u1ec9 s\u1ed1 th\u00f4ng minh (IQ) trung b\u00ecnh c\u1ee7a m\u1ed9t ng\u01b0\u1eddi kh\u00f4ng gi\u1edbi h\u1ea1n ng\u01b0\u1eddi \u0111\u00f3 \u1edf m\u1ee9c th\u00e0nh t\u00edch trung b\u00ecnh&#8221; &#8211; Newsday<\/p>\n<p>&#8220;Tr\u00ed tu\u1ec7 c\u1ea3m x\u00fac l\u00e0 m\u1ed9t k\u1ef9 n\u0103ng \u0111\u1eb7c bi\u1ec7t quan tr\u1ecdng \u0111\u1ec3 th\u00e0nh c\u00f4ng trong s\u1ef1 nghi\u1ec7p v\u00e0 cu\u1ed9c s\u1ed1ng. \u0110\u00e2y l\u00e0 m\u1ed9t quy\u1ec3n s\u00e1ch tuy\u1ec7t v\u1eddi m\u00e0 b\u1ea1n n\u00ean \u0111\u1ecdc&#8221; &#8211; Ken Blanchard<\/p>\n<p>15 ph\u01b0\u01a1ng ph\u00e1p gi\u00fap b\u1ea1n n\u00e2ng cao k\u1ef9 n\u0103ng t\u1ef1 nh\u1eadn th\u1ee9c<\/p>\n<p>17 ph\u01b0\u01a1ng ph\u00e1p gi\u00fap b\u1ea1n r\u00e8n luy\u1ec7n k\u1ef9 n\u0103ng l\u00e0m ch\u1ee7 b\u1ea3n th\u00e2n<\/p>\n<p>17 ph\u01b0\u01a1ng ph\u00e1p gi\u00fap b\u1ea1n m\u00e0i gi\u0169a k\u1ef9 n\u0103ng nh\u1eadn th\u1ee9c x\u00e3 h\u1ed9i<\/p>\n<p>17 ph\u01b0\u01a1ng ph\u00e1p gi\u00fap b\u1ea1n t\u0103ng c\u01b0\u1eddng k\u1ef9 n\u0103ng l\u00e0m ch\u1ee7 m\u1ed1i quan h\u1ec7<\/p>\n<p>C\u00f3 c\u1ea3 th\u1ea3y 66 ph\u01b0\u01a1ng ph\u00e1p cho b\u1ea1n th\u1ecfa s\u1ee9c \u00e1p d\u1ee5ng v\u00e0o cu\u1ed9c s\u1ed1ng h\u00e0ng ng\u00e0y, v\u00e0 quan s\u00e1t EQ c\u1ee7a m\u00ecnh t\u0103ng d\u1ea7n t\u0103ng d\u1ea7n \u0111\u1ec3 g\u1eb7t h\u00e1i nh\u1eefng th\u00e0nh qu\u1ea3 x\u1ee9ng \u0111\u00e1ng. Mu\u1ed1n th\u1ef1c h\u00e0nh t\u1ed1t th\u00ec ph\u1ea3i hi\u1ec3u, do \u0111\u00f3, cu\u1ed1n s\u00e1ch Th\u00f4ng Minh C\u1ea3m X\u00fac c\u1ee7a hai t\u00e1c gi\u1ea3 Travis Bradberry &amp; Jean Greaves l\u00e0 b\u1ed9 c\u1ea9m nang to\u00e0n t\u1eadp kh\u00f4ng th\u1ec3 thi\u1ebfu cho nh\u1eefng ai mu\u1ed1n h\u1ea1nh ph\u00fac v\u00e0 th\u00e0nh c\u00f4ng h\u01a1n th\u00f4ng qua vi\u1ec7c t\u0103ng c\u01b0\u1eddng EQ c\u1ee7a m\u00ecnh.<\/p>\n","protected":false},"excerpt":{"rendered":"<p>&#8220;M\u1ed9t quy\u1ec3n s\u00e1ch s\u00fac t\u00edch v\u1edbi nh\u1eefng c\u00e2u chuy\u1ec7n \u0111\u1ea7y s\u1ee9c thuy\u1ebft ph\u1ee5c c\u00f9ng n\u1ed9i dung h\u1ea5p d\u1eabn gi\u00fap b\u1ea1n th\u1ea5u hi\u1ec3u v\u00e0 c\u1ea3i thi\u1ec7n m\u00ecnh&#8221; &#8211; Newsweek<\/p>\n<p>&#8220;C\u00e1c ph\u01b0\u01a1ng ph\u00e1p r\u1ea5t \u0111\u00e1ng xem v\u1ec1 nh\u1eefng k\u1ef9 n\u0103ng tr\u00ed tu\u1ec7 c\u1ea3m x\u00fac \u0111\u00e3 bi\u1ebfn cu\u1ed1n s\u00e1ch n\u00e0y th\u00e0nh cu\u1ed1n c\u1ea9m nang n\u1ed5i b\u1eadt nh\u1ea5t trong tu\u1ea7n c\u1ea3u ch\u00fang t\u00f4i. Th\u1eadt vui khi bi\u1ebft r\u1eb1ng ch\u1ec9 s\u1ed1 th\u00f4ng minh (IQ) trung b\u00ecnh c\u1ee7a m\u1ed9t ng\u01b0\u1eddi kh\u00f4ng gi\u1edbi h\u1ea1n ng\u01b0\u1eddi \u0111\u00f3 \u1edf m\u1ee9c th\u00e0nh t\u00edch trung b\u00ecnh&#8221; &#8211; Newsday<\/p>\n<p>&#8220;Tr\u00ed tu\u1ec7 c\u1ea3m x\u00fac l\u00e0 m\u1ed9t k\u1ef9 n\u0103ng \u0111\u1eb7c bi\u1ec7t quan tr\u1ecdng \u0111\u1ec3 th\u00e0nh c\u00f4ng trong s\u1ef1 nghi\u1ec7p v\u00e0 cu\u1ed9c s\u1ed1ng. \u0110\u00e2y l\u00e0 m\u1ed9t quy\u1ec3n s\u00e1ch tuy\u1ec7t v\u1eddi m\u00e0 b\u1ea1n n\u00ean \u0111\u1ecdc&#8221; &#8211; Ken Blanchard<\/p>\n<p>15 ph\u01b0\u01a1ng ph\u00e1p gi\u00fap b\u1ea1n n\u00e2ng cao k\u1ef9 n\u0103ng t\u1ef1 nh\u1eadn th\u1ee9c<\/p>\n<p>17 ph\u01b0\u01a1ng ph\u00e1p gi\u00fap b\u1ea1n r\u00e8n luy\u1ec7n k\u1ef9 n\u0103ng l\u00e0m ch\u1ee7 b\u1ea3n th\u00e2n<\/p>\n<p>17 ph\u01b0\u01a1ng ph\u00e1p gi\u00fap b\u1ea1n m\u00e0i gi\u0169a k\u1ef9 n\u0103ng nh\u1eadn th\u1ee9c x\u00e3 h\u1ed9i<\/p>\n<p>17 ph\u01b0\u01a1ng ph\u00e1p gi\u00fap b\u1ea1n t\u0103ng c\u01b0\u1eddng k\u1ef9 n\u0103ng l\u00e0m ch\u1ee7 m\u1ed1i quan h\u1ec7<\/p>\n<p>C\u00f3 c\u1ea3 th\u1ea3y 66 ph\u01b0\u01a1ng ph\u00e1p cho b\u1ea1n th\u1ecfa s\u1ee9c \u00e1p d\u1ee5ng v\u00e0o cu\u1ed9c s\u1ed1ng h\u00e0ng ng\u00e0y, v\u00e0 quan s\u00e1t EQ c\u1ee7a m\u00ecnh t\u0103ng d\u1ea7n t\u0103ng d\u1ea7n \u0111\u1ec3 g\u1eb7t h\u00e1i nh\u1eefng th\u00e0nh qu\u1ea3 x\u1ee9ng \u0111\u00e1ng. Mu\u1ed1n th\u1ef1c h\u00e0nh t\u1ed1t th\u00ec ph\u1ea3i hi\u1ec3u, do \u0111\u00f3, cu\u1ed1n s\u00e1ch Th\u00f4ng Minh C\u1ea3m X\u00fac c\u1ee7a hai t\u00e1c gi\u1ea3 Travis Bradberry &amp; Jean Greaves l\u00e0 b\u1ed9 c\u1ea9m nang to\u00e0n t\u1eadp kh\u00f4ng th\u1ec3 thi\u1ebfu cho nh\u1eefng ai mu\u1ed1n h\u1ea1nh ph\u00fac v\u00e0 th\u00e0nh c\u00f4ng h\u01a1n th\u00f4ng qua vi\u1ec7c t\u0103ng c\u01b0\u1eddng EQ c\u1ee7a m\u00ecnh.<\/p>\n","protected":false},"featured_media":8659,"template":"","meta":{"_acf_changed":false},"product_brand":[],"product_cat":[18],"product_tag":[],"class_list":{"0":"post-8665","1":"product","2":"type-product","3":"status-publish","4":"has-post-thumbnail","6":"product_cat-kinh-te","8":"first","9":"outofstock","10":"taxable","11":"shipping-taxable","12":"purchasable","13":"product-type-simple"},"supplier_id":null,"supplier_sku":"","barcode":null,"atum_controlled":true,"out_stock_date":"2021-09-07 11:08:30","out_stock_threshold":null,"inheritable":false,"inbound_stock":0,"stock_on_hold":0,"sold_today":0,"sales_last_days":0,"reserved_stock":0,"customer_returns":0,"warehouse_damage":0,"lost_in_post":0,"other_logs":0,"out_stock_days":1604,"lost_sales":0,"has_location":false,"update_date":"2026-01-28T23:10:43","atum_locations":[],"atum_stock_status":"outofstock","restock_status":false,"low_stock_amount":"","sales_update_date":"2026-01-28T23:10:43","calc_backorders":null,"acf":{"publisher":{"ID":8658,"post_author":"1","post_date":"2021-04-28 14:29:36","post_date_gmt":"2021-04-28 11:29:36","post_content":"","post_title":"TGM Books","post_excerpt":"","post_status":"publish","comment_status":"closed","ping_status":"closed","post_password":"","post_name":"tgm-books","to_ping":"","pinged":"","post_modified":"2021-04-28 14:29:36","post_modified_gmt":"2021-04-28 11:29:36","post_content_filtered":"","post_parent":0,"guid":"https:\/\/sachviet.eu\/nha-phat-hanh\/tgm-books\/","menu_order":0,"post_type":"publisher","post_mime_type":"","comment_count":"0","filter":"raw"}},"_links":{"self":[{"href":"https:\/\/sachviet.eu\/en\/wp-json\/wp\/v2\/product\/8665","targetHints":{"allow":["GET"]}}],"collection":[{"href":"https:\/\/sachviet.eu\/en\/wp-json\/wp\/v2\/product"}],"about":[{"href":"https:\/\/sachviet.eu\/en\/wp-json\/wp\/v2\/types\/product"}],"wp:featuredmedia":[{"embeddable":true,"href":"https:\/\/sachviet.eu\/en\/wp-json\/wp\/v2\/media\/8659"}],"wp:attachment":[{"href":"https:\/\/sachviet.eu\/en\/wp-json\/wp\/v2\/media?parent=8665"}],"wp:term":[{"taxonomy":"product_brand","embeddable":true,"href":"https:\/\/sachviet.eu\/en\/wp-json\/wp\/v2\/product_brand?post=8665"},{"taxonomy":"product_cat","embeddable":true,"href":"https:\/\/sachviet.eu\/en\/wp-json\/wp\/v2\/product_cat?post=8665"},{"taxonomy":"product_tag","embeddable":true,"href":"https:\/\/sachviet.eu\/en\/wp-json\/wp\/v2\/product_tag?post=8665"}],"curies":[{"name":"wp","href":"https:\/\/api.w.org\/{rel}","templated":true}]}}