{"id":8657,"date":"2021-04-28T14:29:33","date_gmt":"2021-04-28T11:29:33","guid":{"rendered":"https:\/\/sachviet.eu\/shop\/ehon-song-ngu-tu-10-cau-truyen-co-tich-noi-tieng-the-gioi-set-10-quyen\/"},"modified":"2021-06-06T11:24:15","modified_gmt":"2021-06-06T08:24:15","slug":"ehon-song-ngu-tu-10-cau-truyen-co-tich-noi-tieng-the-gioi-set-10-quyen","status":"publish","type":"product","link":"https:\/\/sachviet.eu\/en\/shop\/ehon-song-ngu-tu-10-cau-truyen-co-tich-noi-tieng-the-gioi-set-10-quyen\/","title":{"rendered":"Ehon Song Ng\u1eef T\u1eeb 10 C\u00e2u Truy\u1ec7n C\u1ed5 T\u00edch N\u1ed5i Ti\u1ebfng Th\u1ebf Gi\u1edbi &#8211; Set 10 quy\u1ec3n"},"content":{"rendered":"<p>Ch\u1eafc tu\u1ed5i th\u01a1 ai trong ch\u00fang ta \u0111\u1ec1u nghe nh\u1eefng c\u00e2u chuy\u1ec7n nh\u01b0 Alladin v\u00e0 c\u00e2y \u0111\u00e8n th\u1ea7n, C\u00f4ng ch\u00faa b\u1ea1ch tuy\u1ebft, N\u00e0ng ti\u00ean c\u00e1, C\u1eadu b\u00e9 ng\u01b0\u1eddi g\u1ed7 Pinocchio,\u2026. Nh\u1eefng c\u00e2u chuy\u1ec7n n\u00e0y kh\u00f4ng h\u1ec1 nh\u00e0m ch\u00e1n v\u1edbi m\u1ecdi th\u1eddi \u0111\u1ea1i. Ngay c\u1ea3 tr\u1ebb em th\u1eddi nay c\u0169ng th\u1ebf.<\/p>\n<p>Nh\u1eefng c\u00e2u chuy\u1ec7n c\u1ed5 t\u00edch n\u00e0y ngo\u00e0i c\u00f3 y\u1ebfu t\u1ed1 gi\u1ea3i tr\u00ed, k\u00edch th\u00edch s\u1ef1 t\u00f2 m\u00f2 c\u1ee7a c\u00e1c b\u00e9, th\u00ec n\u00f3 c\u00f2n mang r\u1ea5t nhi\u1ec1u t\u00e1c d\u1ee5ng. V\u00e0 t\u1eadn d\u1ee5ng nh\u1eefng \u01b0u \u0111i\u1ec3m nh\u01b0 v\u1eady, Th\u00e1i H\u00e0 Books k\u1ebft h\u1ee3p song ng\u1eef Anh Vi\u1ec7t v\u1edbi 10 cu\u1ed1n truy\u1ec7n c\u1ed5 t\u00edch n\u00e0y \u0111\u1ec3 tr\u1ebb h\u1ecdc ti\u1ebfng anh m\u00e0 kh\u00f4ng h\u1ec1 c\u1ea3m th\u1ea5y nh\u00e0m ch\u00e1n.<\/p>\n<p>T\u1ed5ng h\u1ee3p 10 c\u00e2u chuy\u1ec7n:<\/p>\n<p>Alice \u1edf x\u1ee9 s\u1edf th\u1ea7n ti\u00ean<br \/>\nC\u1eadu b\u00e9 r\u1eebng xanh<br \/>\nC\u00f4 b\u00e9 l\u1ecd lem<br \/>\nC\u00f4 b\u00e9 qu\u00e0ng kh\u0103n \u0111\u1ecf<br \/>\nN\u00e0ng B\u1ea1ch Tuy\u1ebft v\u00e0 b\u1ea3y ch\u00fa l\u00f9n<br \/>\nN\u00e0ng ti\u00ean c\u00e1<br \/>\nNg\u01b0\u1eddi \u0111\u1eb9p v\u00e0 qu\u00e1i v\u1eadt<br \/>\nNh\u1eefng cu\u1ed9c phi\u00eau l\u01b0u c\u1ee7a c\u1eadu b\u00e9 ng\u01b0\u1eddi g\u1ed7<br \/>\nAlladin v\u00e0 c\u00e2y \u0111\u00e8n th\u1ea7n<br \/>\nC\u00f4 b\u00e9 t\u00f3c v\u00e0ng v\u00e0 ba con g\u1ea5u<br \/>\nCho d\u00f9 b\u1ea1n \u0111\u1ecdc truy\u1ec7n c\u1ed5 t\u00edch th\u1ebf gi\u1edbi cho c\u00e1c con nghe l\u00e0 v\u00ec nh\u1eefng b\u00e0i h\u1ecdc \u0111\u1ea1o \u0111\u1ee9c gi\u00e1n ti\u1ebfp, \u0111\u1ec3 n\u00e2ng cao tr\u00ed t\u01b0\u1edfng t\u01b0\u1ee3ng c\u1ee7a tr\u1ebb ho\u1eb7c \u0111\u01a1n gi\u1ea3n v\u00ec con b\u1ea1n kh\u00f4ng th\u1ec3 \u0111\u1eb7t cu\u1ed1n s\u00e1ch xu\u1ed1ng \u0111\u01b0\u1ee3c\u2026 th\u00ec nh\u1eefng c\u00e2u chuy\u1ec7n c\u1ed5 t\u00edch l\u00fac n\u00e0o c\u0169ng n\u00ean \u0111\u01b0\u1ee3c khuy\u1ebfn kh\u00edch. H\u00e3y cho con \u0111\u1ecdc th\u1eadt nhi\u1ec1u v\u00e0 gi\u00fap ch\u00fang n\u00e2ng cao s\u1ef1 s\u00e1ng t\u1ea1o c\u1ee7a ri\u00eang m\u00ecnh v\u00e0 ch\u1eafc ch\u1eafn r\u1eb1ng b\u1ecdn tr\u1ebb lu\u00f4n tin v\u00e0o chi\u1ebfn th\u1eafng trong cu\u1ed9c chi\u1ebfn ch\u1ed1ng l\u1ea1i b\u1ea5t k\u1ef3 ph\u00f9 th\u1ee7y \u0111\u1ed9c \u00e1c n\u00e0o tr\u00ean th\u1ebf gian.<\/p>\n<p>Hy v\u1ecdng qua nh\u1eefng c\u00e2u truy\u1ec7n c\u1ed5 t\u00edch n\u01b0\u1edbc ngo\u00e0i n\u00e0y c\u00e1c b\u00e9 c\u1ee7a ch\u00fang ta s\u1ebd c\u00f3 th\u00eam nh\u1eefng th\u1ebf gi\u1edbi m\u1edbi, \u0111\u01b0a tr\u00ed t\u01b0\u1edfng t\u01b0\u1ee3ng c\u1ee7a c\u00e1c con bay xa h\u01a1n, v\u00e0 c\u0169ng s\u1ebd gi\u00fap c\u00e1c con c\u00f3 th\u00eam nh\u1eefng b\u00e0i h\u1ecdc nh\u00e2n v\u0103n s\u00e2u s\u1eafc \u0111\u1ea7y \u00fd ngh\u0129a.<\/p>\n","protected":false},"excerpt":{"rendered":"<p>Ch\u1eafc tu\u1ed5i th\u01a1 ai trong ch\u00fang ta \u0111\u1ec1u nghe nh\u1eefng c\u00e2u chuy\u1ec7n nh\u01b0 Alladin v\u00e0 c\u00e2y \u0111\u00e8n th\u1ea7n, C\u00f4ng ch\u00faa b\u1ea1ch tuy\u1ebft, N\u00e0ng ti\u00ean c\u00e1, C\u1eadu b\u00e9 ng\u01b0\u1eddi g\u1ed7 Pinocchio,\u2026. Nh\u1eefng c\u00e2u chuy\u1ec7n n\u00e0y kh\u00f4ng h\u1ec1 nh\u00e0m ch\u00e1n v\u1edbi m\u1ecdi th\u1eddi \u0111\u1ea1i. Ngay c\u1ea3 tr\u1ebb em th\u1eddi nay c\u0169ng th\u1ebf.<\/p>\n<p>Nh\u1eefng c\u00e2u chuy\u1ec7n c\u1ed5 t\u00edch n\u00e0y ngo\u00e0i c\u00f3 y\u1ebfu t\u1ed1 gi\u1ea3i tr\u00ed, k\u00edch th\u00edch s\u1ef1 t\u00f2 m\u00f2 c\u1ee7a c\u00e1c b\u00e9, th\u00ec n\u00f3 c\u00f2n mang r\u1ea5t nhi\u1ec1u t\u00e1c d\u1ee5ng. V\u00e0 t\u1eadn d\u1ee5ng nh\u1eefng \u01b0u \u0111i\u1ec3m nh\u01b0 v\u1eady, Th\u00e1i H\u00e0 Books k\u1ebft h\u1ee3p song ng\u1eef Anh Vi\u1ec7t v\u1edbi 10 cu\u1ed1n truy\u1ec7n c\u1ed5 t\u00edch n\u00e0y \u0111\u1ec3 tr\u1ebb h\u1ecdc ti\u1ebfng anh m\u00e0 kh\u00f4ng h\u1ec1 c\u1ea3m th\u1ea5y nh\u00e0m ch\u00e1n.<\/p>\n<p>T\u1ed5ng h\u1ee3p 10 c\u00e2u chuy\u1ec7n:<\/p>\n<p>Alice \u1edf x\u1ee9 s\u1edf th\u1ea7n ti\u00ean<br \/>\nC\u1eadu b\u00e9 r\u1eebng xanh<br \/>\nC\u00f4 b\u00e9 l\u1ecd lem<br \/>\nC\u00f4 b\u00e9 qu\u00e0ng kh\u0103n \u0111\u1ecf<br \/>\nN\u00e0ng B\u1ea1ch Tuy\u1ebft v\u00e0 b\u1ea3y ch\u00fa l\u00f9n<br \/>\nN\u00e0ng ti\u00ean c\u00e1<br \/>\nNg\u01b0\u1eddi \u0111\u1eb9p v\u00e0 qu\u00e1i v\u1eadt<br \/>\nNh\u1eefng cu\u1ed9c phi\u00eau l\u01b0u c\u1ee7a c\u1eadu b\u00e9 ng\u01b0\u1eddi g\u1ed7<br \/>\nAlladin v\u00e0 c\u00e2y \u0111\u00e8n th\u1ea7n<br \/>\nC\u00f4 b\u00e9 t\u00f3c v\u00e0ng v\u00e0 ba con g\u1ea5u<br \/>\nCho d\u00f9 b\u1ea1n \u0111\u1ecdc truy\u1ec7n c\u1ed5 t\u00edch th\u1ebf gi\u1edbi cho c\u00e1c con nghe l\u00e0 v\u00ec nh\u1eefng b\u00e0i h\u1ecdc \u0111\u1ea1o \u0111\u1ee9c gi\u00e1n ti\u1ebfp, \u0111\u1ec3 n\u00e2ng cao tr\u00ed t\u01b0\u1edfng t\u01b0\u1ee3ng c\u1ee7a tr\u1ebb ho\u1eb7c \u0111\u01a1n gi\u1ea3n v\u00ec con b\u1ea1n kh\u00f4ng th\u1ec3 \u0111\u1eb7t cu\u1ed1n s\u00e1ch xu\u1ed1ng \u0111\u01b0\u1ee3c\u2026 th\u00ec nh\u1eefng c\u00e2u chuy\u1ec7n c\u1ed5 t\u00edch l\u00fac n\u00e0o c\u0169ng n\u00ean \u0111\u01b0\u1ee3c khuy\u1ebfn kh\u00edch. H\u00e3y cho con \u0111\u1ecdc th\u1eadt nhi\u1ec1u v\u00e0 gi\u00fap ch\u00fang n\u00e2ng cao s\u1ef1 s\u00e1ng t\u1ea1o c\u1ee7a ri\u00eang m\u00ecnh v\u00e0 ch\u1eafc ch\u1eafn r\u1eb1ng b\u1ecdn tr\u1ebb lu\u00f4n tin v\u00e0o chi\u1ebfn th\u1eafng trong cu\u1ed9c chi\u1ebfn ch\u1ed1ng l\u1ea1i b\u1ea5t k\u1ef3 ph\u00f9 th\u1ee7y \u0111\u1ed9c \u00e1c n\u00e0o tr\u00ean th\u1ebf gian.<\/p>\n<p>Hy v\u1ecdng qua nh\u1eefng c\u00e2u truy\u1ec7n c\u1ed5 t\u00edch n\u01b0\u1edbc ngo\u00e0i n\u00e0y c\u00e1c b\u00e9 c\u1ee7a ch\u00fang ta s\u1ebd c\u00f3 th\u00eam nh\u1eefng th\u1ebf gi\u1edbi m\u1edbi, \u0111\u01b0a tr\u00ed t\u01b0\u1edfng t\u01b0\u1ee3ng c\u1ee7a c\u00e1c con bay xa h\u01a1n, v\u00e0 c\u0169ng s\u1ebd gi\u00fap c\u00e1c con c\u00f3 th\u00eam nh\u1eefng b\u00e0i h\u1ecdc nh\u00e2n v\u0103n s\u00e2u s\u1eafc \u0111\u1ea7y \u00fd ngh\u0129a.<\/p>\n","protected":false},"featured_media":8646,"template":"","meta":{"_acf_changed":false},"product_brand":[],"product_cat":[24,25,17,39],"product_tag":[],"class_list":{"0":"post-8657","1":"product","2":"type-product","3":"status-publish","4":"has-post-thumbnail","6":"product_cat-nha-tre-mau-giao-0-tuoi-6-tuoi","7":"product_cat-nhi-dong-6-tuoi-12-tuoi","8":"product_cat-sach-danh-cho-cac-be","9":"product_cat-sach-song-ngu-anh-viet","11":"first","12":"outofstock","13":"taxable","14":"shipping-taxable","15":"purchasable","16":"product-type-simple"},"supplier_id":null,"supplier_sku":"","barcode":null,"atum_controlled":true,"out_stock_date":"2021-06-06 08:24:15","out_stock_threshold":null,"inheritable":false,"inbound_stock":0,"stock_on_hold":0,"sold_today":0,"sales_last_days":0,"reserved_stock":0,"customer_returns":0,"warehouse_damage":0,"lost_in_post":0,"other_logs":0,"out_stock_days":1697,"lost_sales":0,"has_location":false,"update_date":"2026-01-28T23:10:43","atum_locations":[],"atum_stock_status":"outofstock","restock_status":false,"low_stock_amount":"","sales_update_date":"2026-01-28T23:10:43","calc_backorders":null,"acf":{"publisher":{"ID":1474,"post_author":"1","post_date":"2021-02-17 01:12:51","post_date_gmt":"2021-02-16 23:12:51","post_content":"","post_title":"Th\u00e1i H\u00e0","post_excerpt":"","post_status":"publish","comment_status":"closed","ping_status":"closed","post_password":"","post_name":"thai-ha","to_ping":"","pinged":"","post_modified":"2021-02-17 01:12:51","post_modified_gmt":"2021-02-16 23:12:51","post_content_filtered":"","post_parent":0,"guid":"https:\/\/sachviet.eu\/nha-phat-hanh\/thai-ha\/","menu_order":0,"post_type":"publisher","post_mime_type":"","comment_count":"0","filter":"raw"}},"_links":{"self":[{"href":"https:\/\/sachviet.eu\/en\/wp-json\/wp\/v2\/product\/8657","targetHints":{"allow":["GET"]}}],"collection":[{"href":"https:\/\/sachviet.eu\/en\/wp-json\/wp\/v2\/product"}],"about":[{"href":"https:\/\/sachviet.eu\/en\/wp-json\/wp\/v2\/types\/product"}],"wp:featuredmedia":[{"embeddable":true,"href":"https:\/\/sachviet.eu\/en\/wp-json\/wp\/v2\/media\/8646"}],"wp:attachment":[{"href":"https:\/\/sachviet.eu\/en\/wp-json\/wp\/v2\/media?parent=8657"}],"wp:term":[{"taxonomy":"product_brand","embeddable":true,"href":"https:\/\/sachviet.eu\/en\/wp-json\/wp\/v2\/product_brand?post=8657"},{"taxonomy":"product_cat","embeddable":true,"href":"https:\/\/sachviet.eu\/en\/wp-json\/wp\/v2\/product_cat?post=8657"},{"taxonomy":"product_tag","embeddable":true,"href":"https:\/\/sachviet.eu\/en\/wp-json\/wp\/v2\/product_tag?post=8657"}],"curies":[{"name":"wp","href":"https:\/\/api.w.org\/{rel}","templated":true}]}}