{"id":8645,"date":"2021-04-28T14:29:03","date_gmt":"2021-04-28T11:29:03","guid":{"rendered":"https:\/\/sachviet.eu\/shop\/robinson-crusoe-bia-cung\/"},"modified":"2024-08-25T22:41:47","modified_gmt":"2024-08-25T19:41:47","slug":"robinson-crusoe-bia-cung","status":"publish","type":"product","link":"https:\/\/sachviet.eu\/en\/shop\/robinson-crusoe-bia-cung\/","title":{"rendered":"Robinson Crusoe (B\u00eca C\u1ee9ng)"},"content":{"rendered":"<p>B\u1ed7ng ch\u1ed1c b\u1ecb t\u00e1ch kh\u1ecfi th\u1ebf gi\u1edbi v\u0103n minh, \u0111\u1ee9t \u0111o\u1ea1n kh\u00e1t khao phi\u00eau l\u01b0u b\u1ed1n b\u1ec3, ch\u00e0ng thanh ni\u00ean Robinson, n\u1ea1n nh\u00e2n c\u1ee7a m\u1ed9t v\u1ee5 \u0111\u1eafm t\u00e0u, \u0111\u00e3 \u0111\u1eb7t ch\u00e2n l\u00ean m\u1ed9t hoang \u0111\u1ea3o, v\u00e0 s\u1ed1ng m\u1ed9t cu\u1ed9c \u0111\u1eddi phi th\u01b0\u1eddng. B\u1eb1ng ngh\u1ecb l\u1ef1c, l\u00f2ng d\u0169ng c\u1ea3m v\u00e0 tr\u00ed tu\u1ec7, anh \u0111\u01b0\u01a1ng \u0111\u1ea7u c\u00f9ng th\u1ed5 d\u00e2n \u0103n th\u1ecbt ng\u01b0\u1eddi, chi\u1ebfn \u0111\u1ea5u v\u1edbi h\u00e0ng \u0111\u00e0n th\u00fa d\u1eef, chinh ph\u1ee5c t\u1ef1 nhi\u00ean \u0111\u1ec3 t\u1ea1o d\u1ef1ng n\u00ean \u201cn\u1ec1n v\u0103n minh Robinson\u201d t\u1ef1 cung t\u1ef1 c\u1ea5p: \u0111\u00f3ng b\u00e0n, l\u00e0m gh\u1ebf, tr\u1ed3ng l\u00faa, may \u00e1o, l\u00e0m g\u1ed1m, ch\u0103n d\u00ea\u2026 Robinson lu\u00f4n s\u1ed1ng l\u1ea1c quan v\u1edbi ni\u1ec1m vui th\u00fa s\u00e1ng t\u1ea1o v\u00e0 tr\u1ea3i nghi\u1ec7m v\u00ec v\u1edbi anh m\u1ed7i ng\u00e0y tr\u00f4i qua \u0111\u1ec1u l\u00e0 m\u1ed9t cu\u1ed9c phi\u00eau l\u01b0u m\u1edbi. Chinh ph\u1ee5c b\u1ea1n \u0111\u1ecdc v\u1edbi tinh th\u1ea7n \u1ea5y, \u0111\u00e3 c\u00f3 th\u1eddi, Robinson Crusoe x\u1ebfp th\u1ee9 hai trong c\u00e1c t\u00e1c ph\u1ea9m \u0111\u01b0\u1ee3c d\u1ecbch ra nhi\u1ec1u ng\u00f4n ng\u1eef nh\u1ea5t tr\u00ean th\u1ebf gi\u1edbi, ch\u1ec9 sau Kinh Th\u00e1nh.<\/p>\n<p>Trong l\u1ea7n xu\u1ea5t b\u1ea3n n\u00e0y, \u0111\u1ec3 tr\u1ecdn v\u1eb9n h\u01a1n c\u00e1c cu\u1ed9c phi\u00eau l\u01b0u h\u1ea5p d\u1eabn c\u1ee7a Robinson, b\u00ean c\u1ea1nh ph\u1ea7n I \u201cTr\u00f4i d\u1ea1t n\u01a1i hoang \u0111\u1ea3o\u201d \u0111\u00e3 quen thu\u1ed9c, \u0110\u00f4ng A c\u00f2n gi\u1edbi thi\u1ec7u ph\u1ea7n II \u201cK\u1ec3 l\u1ea1i chuy\u1ec7n k\u1ef3 th\u00fa trong c\u00e1c chuy\u1ebfn du h\u00e0nh qua ba ph\u1ea7n \u0111\u1ecba c\u1ea7u\u201d ch\u01b0a t\u1eebng \u0111\u01b0\u1ee3c d\u1ecbch v\u00e0 xu\u1ea5t b\u1ea3n t\u1ea1i Vi\u1ec7t Nam. Mong r\u1eb1ng, \u201cb\u1ea3y m\u01b0\u01a1i hai n\u0103m phi\u00eau l\u01b0u, n\u1ebfm tr\u1ea3i cu\u1ed9c s\u1ed1ng mu\u00f4n m\u00e0u\u201d c\u1ee7a Robinson s\u1ebd m\u1ed9t l\u1ea7n n\u1eefa th\u00f4i th\u00fac ni\u1ec1m kh\u00e1t khao d\u1ea5n b\u01b0\u1edbc c\u1ee7a b\u1ea1n \u0111\u1ecdc tr\u00ean nh\u1eefng n\u1ebbo \u0111\u01b0\u1eddng c\u1ee7a ri\u00eang m\u00ecnh.<\/p>\n<p>V\u00e0i n\u00e9t v\u1ec1 t\u00e1c gi\u1ea3:<\/p>\n<p>Daniel Defoe (1660 &#8211; 1731)<\/p>\n<p>Sinh t\u1ea1i London, trong m\u1ed9t gia \u0111\u00ecnh kh\u00e1 gi\u1ea3. \u00d4ng l\u00e0 ng\u01b0\u1eddi \u0111a ngh\u1ec7, v\u1eeba bu\u00f4n b\u00e1n, v\u1eeba vi\u1ebft v\u0103n th\u01a1, l\u00e0m b\u00e1o, v\u00e0 l\u00e0m c\u1ea3 t\u00ecnh b\u00e1o. \u00d4ng \u0111i nhi\u1ec1u n\u01a1i tr\u00ean th\u1ebf gi\u1edbi, bu\u00f4n b\u00e1n nhi\u1ec1u m\u1eb7t h\u00e0ng. Ban \u0111\u1ea7u, \u00f4ng \u0111\u1ea1t nhi\u1ec1u th\u00e0nh c\u00f4ng; nh\u01b0ng v\u1ec1 sau ch\u1ee7 y\u1ebfu th\u1ea5t b\u1ea1i. N\u0103m 1692, Defoe b\u1eaft \u0111\u1ea7u c\u1ea7m b\u00fat, th\u1eddi gian \u0111\u1ea7u n\u1ed5i ti\u1ebfng v\u1edbi t\u01b0 c\u00e1ch c\u00e2y b\u00fat vi\u1ebft thu\u00ea.<\/p>\n<p>Cu\u1ed9c \u0111\u1eddi tr\u1ea3i nhi\u1ec1u th\u0103ng tr\u1ea7m \u0111\u00e3 cho \u00f4ng ch\u1ea5t li\u1ec7u \u0111\u1ec3 s\u00e1ng t\u00e1c n\u00ean m\u1ed9t trong nh\u1eefng ti\u1ec3u thuy\u1ebft hi\u1ec7n \u0111\u1ea1i \u0111\u1ea7u ti\u00ean c\u1ee7a n\u1ec1n v\u0103n h\u1ecdc Anh khi \u0111\u00e3 \u1edf tu\u1ed5i g\u1ea7n 60: Robinson Crusoe (1719). Sau th\u00e0nh c\u00f4ng vang d\u1ed9i c\u1ee7a t\u00e1c ph\u1ea9m n\u00e0y, \u00f4ng vi\u1ebft h\u00e0ng lo\u1ea1t ti\u1ec3u thuy\u1ebft phi\u00eau l\u01b0u kh\u00e1c. \u00d4ng c\u00f3 l\u01b0\u1ee3ng s\u00e1ng t\u00e1c kh\u1ed5ng l\u1ed3 v\u1edbi th\u1ec3 lo\u1ea1i v\u00e0 \u0111\u1ec1 t\u00e0i \u0111a d\u1ea1ng, trong \u0111\u00f3 C\u01a1n b\u00e3o (The Storm, 1704) \u0111\u01b0\u1ee3c nh\u1eadn \u0111\u1ecbnh l\u00e0 m\u1ed9t trong nh\u1eefng \u1ea5n b\u1ea3n quan tr\u1ecdng \u0111\u1ea7u ti\u00ean c\u1ee7a b\u00e1o ch\u00ed hi\u1ec7n \u0111\u1ea1i. Song, cu\u1ed9c s\u1ed1ng c\u1ee7a \u00f4ng v\u1eabn ch\u00ecm trong n\u1ee3 n\u1ea7n. \u0110\u1ebfn n\u0103m 1731, \u00f4ng qua \u0111\u1eddi v\u00ec \u0111\u1ed9t qu\u1ef5.<\/p>\n<p>M\u1ed9t s\u1ed1 nh\u1eadn x\u00e9t v\u1ec1 t\u00e1c ph\u1ea9m<\/p>\n<p>\u201cH\u00e3y trao cho m\u1ed9t c\u1eadu trai cu\u1ed1n Robinson Crusoe. N\u00f3 c\u00f2n \u0111\u00e1ng gi\u00e1 h\u01a1n m\u1ecdi cu\u1ed1n ng\u1eef ph\u00e1p tu t\u1eeb v\u00e0 logic tr\u00ean \u0111\u1eddi.\u201d &#8211; Thomas Babington Macaulay<\/p>\n<p>\u201cNh\u1eefng \u0111i\u1ec1u s\u00e1ch v\u1edf c\u00f3 th\u1ec3 d\u1ea1y cho ta, th\u00ec cu\u1ed1n s\u00e1ch n\u00e0y d\u1ea1y \u0111\u01b0\u1ee3c h\u1ebft b\u1eb1ng \u1ea5y th\u1ee9.\u201d &#8211; Jean-Jacques Rousseau<\/p>\n<p>\u201cD\u1eabu s\u1ed1ng gi\u1eefa m\u00f4i tr\u01b0\u1eddng v\u0103n h\u00f3a v\u00e0 t\u1ed1t \u0111\u1eb9p \u0111\u1ebfn \u0111\u00e2u, ng\u01b0\u1eddi ta c\u0169ng n\u00ean g\u00ecn gi\u1eef ch\u00fat g\u00ec t\u1eeb c\u00e1i b\u1ea3n t\u00ednh c\u1ed1t l\u00f5i nh\u01b0 Robinson Crusoe\u2026 n\u1ebfu kh\u00f4ng l\u00e0m sao ta c\u00f2n bi\u1ebft \u0111\u00e0o s\u00e2u v\u00e0o trong n\u1ed9i t\u00e2m m\u00ecnh, v\u00e0 nh\u01b0 v\u1eady l\u00e0m sao ta g\u00ecn gi\u1eef \u0111\u01b0\u1ee3c ng\u1ecdn l\u1eeda c\u1ee7a con tim&#8230;\u201d &#8211; Vincent Van Gogh<\/p>\n<p>\u201cNh\u01b0 Odysseus dong bu\u1ed3m h\u01b0\u1edbng v\u1ec1 Ithaca, nh\u01b0 Don Quixote tr\u00ean l\u01b0ng ch\u00fa ng\u1ef1a Rocinante, Robinson Crusoe v\u1edbi ch\u00fa v\u1eb9t v\u00e0 chi\u1ebfc d\u00f9 \u0111\u00e3 tr\u1edf th\u00e0nh m\u1ed9t h\u00ecnh m\u1eabu ti\u00eau bi\u1ec3u trong ti\u1ec1m th\u1ee9c T\u00e2y ph\u01b0\u01a1ng, v\u01b0\u01a1n xa kh\u1ecfi cu\u1ed1n s\u00e1ch ghi l\u1ea1i cu\u1ed9c phi\u00eau l\u01b0u c\u1ee7a m\u00ecnh\u2026 Robinson \u0111\u00e3 \u0111i v\u00e0o \u0111\u1ecba h\u1ea1t c\u1ee7a huy\u1ec1n tho\u1ea1i.\u201d  &#8211; J. M. Coetzee<\/p>\n","protected":false},"excerpt":{"rendered":"<p>B\u1ed7ng ch\u1ed1c b\u1ecb t\u00e1ch kh\u1ecfi th\u1ebf gi\u1edbi v\u0103n minh, \u0111\u1ee9t \u0111o\u1ea1n kh\u00e1t khao phi\u00eau l\u01b0u b\u1ed1n b\u1ec3, ch\u00e0ng thanh ni\u00ean Robinson, n\u1ea1n nh\u00e2n c\u1ee7a m\u1ed9t v\u1ee5 \u0111\u1eafm t\u00e0u, \u0111\u00e3 \u0111\u1eb7t ch\u00e2n l\u00ean m\u1ed9t hoang \u0111\u1ea3o, v\u00e0 s\u1ed1ng m\u1ed9t cu\u1ed9c \u0111\u1eddi phi th\u01b0\u1eddng. B\u1eb1ng ngh\u1ecb l\u1ef1c, l\u00f2ng d\u0169ng c\u1ea3m v\u00e0 tr\u00ed tu\u1ec7, anh \u0111\u01b0\u01a1ng \u0111\u1ea7u c\u00f9ng th\u1ed5 d\u00e2n \u0103n th\u1ecbt ng\u01b0\u1eddi, chi\u1ebfn \u0111\u1ea5u v\u1edbi h\u00e0ng \u0111\u00e0n th\u00fa d\u1eef, chinh ph\u1ee5c t\u1ef1 nhi\u00ean \u0111\u1ec3 t\u1ea1o d\u1ef1ng n\u00ean \u201cn\u1ec1n v\u0103n minh Robinson\u201d t\u1ef1 cung t\u1ef1 c\u1ea5p: \u0111\u00f3ng b\u00e0n, l\u00e0m gh\u1ebf, tr\u1ed3ng l\u00faa, may \u00e1o, l\u00e0m g\u1ed1m, ch\u0103n d\u00ea\u2026 Robinson lu\u00f4n s\u1ed1ng l\u1ea1c quan v\u1edbi ni\u1ec1m vui th\u00fa s\u00e1ng t\u1ea1o v\u00e0 tr\u1ea3i nghi\u1ec7m v\u00ec v\u1edbi anh m\u1ed7i ng\u00e0y tr\u00f4i qua \u0111\u1ec1u l\u00e0 m\u1ed9t cu\u1ed9c phi\u00eau l\u01b0u m\u1edbi. Chinh ph\u1ee5c b\u1ea1n \u0111\u1ecdc v\u1edbi tinh th\u1ea7n \u1ea5y, \u0111\u00e3 c\u00f3 th\u1eddi, Robinson Crusoe x\u1ebfp th\u1ee9 hai trong c\u00e1c t\u00e1c ph\u1ea9m \u0111\u01b0\u1ee3c d\u1ecbch ra nhi\u1ec1u ng\u00f4n ng\u1eef nh\u1ea5t tr\u00ean th\u1ebf gi\u1edbi, ch\u1ec9 sau Kinh Th\u00e1nh.<\/p>\n<p>Trong l\u1ea7n xu\u1ea5t b\u1ea3n n\u00e0y, \u0111\u1ec3 tr\u1ecdn v\u1eb9n h\u01a1n c\u00e1c cu\u1ed9c phi\u00eau l\u01b0u h\u1ea5p d\u1eabn c\u1ee7a Robinson, b\u00ean c\u1ea1nh ph\u1ea7n I \u201cTr\u00f4i d\u1ea1t n\u01a1i hoang \u0111\u1ea3o\u201d \u0111\u00e3 quen thu\u1ed9c, \u0110\u00f4ng A c\u00f2n gi\u1edbi thi\u1ec7u ph\u1ea7n II \u201cK\u1ec3 l\u1ea1i chuy\u1ec7n k\u1ef3 th\u00fa trong c\u00e1c chuy\u1ebfn du h\u00e0nh qua ba ph\u1ea7n \u0111\u1ecba c\u1ea7u\u201d ch\u01b0a t\u1eebng \u0111\u01b0\u1ee3c d\u1ecbch v\u00e0 xu\u1ea5t b\u1ea3n t\u1ea1i Vi\u1ec7t Nam. Mong r\u1eb1ng, \u201cb\u1ea3y m\u01b0\u01a1i hai n\u0103m phi\u00eau l\u01b0u, n\u1ebfm tr\u1ea3i cu\u1ed9c s\u1ed1ng mu\u00f4n m\u00e0u\u201d c\u1ee7a Robinson s\u1ebd m\u1ed9t l\u1ea7n n\u1eefa th\u00f4i th\u00fac ni\u1ec1m kh\u00e1t khao d\u1ea5n b\u01b0\u1edbc c\u1ee7a b\u1ea1n \u0111\u1ecdc tr\u00ean nh\u1eefng n\u1ebbo \u0111\u01b0\u1eddng c\u1ee7a ri\u00eang m\u00ecnh.<\/p>\n","protected":false},"featured_media":8641,"template":"","meta":{"_acf_changed":false},"product_brand":[],"product_cat":[15,45,77],"product_tag":[],"class_list":{"0":"post-8645","1":"product","2":"type-product","3":"status-publish","4":"has-post-thumbnail","6":"product_cat-sach-danh-cho-nguoi-lon","7":"product_cat-tieu-thuyet","8":"product_cat-van-hoc-kinh-dien","10":"first","11":"outofstock","12":"taxable","13":"shipping-taxable","14":"purchasable","15":"product-type-simple"},"supplier_id":null,"supplier_sku":"","barcode":null,"atum_controlled":true,"out_stock_date":"2024-08-25 19:41:47","out_stock_threshold":null,"inheritable":false,"inbound_stock":0,"stock_on_hold":0,"sold_today":0,"sales_last_days":0,"reserved_stock":0,"customer_returns":0,"warehouse_damage":0,"lost_in_post":0,"other_logs":0,"out_stock_days":521,"lost_sales":1859,"has_location":false,"update_date":"2026-01-28T23:11:24","atum_locations":[],"atum_stock_status":"outofstock","restock_status":false,"low_stock_amount":"","sales_update_date":"2026-01-28T23:11:24","calc_backorders":null,"acf":{"publisher":{"ID":1544,"post_author":"1","post_date":"2021-02-17 01:24:05","post_date_gmt":"2021-02-16 23:24:05","post_content":"","post_title":"\u0110\u00f4ng A","post_excerpt":"","post_status":"publish","comment_status":"closed","ping_status":"closed","post_password":"","post_name":"dong-a","to_ping":"","pinged":"","post_modified":"2021-02-17 01:24:05","post_modified_gmt":"2021-02-16 23:24:05","post_content_filtered":"","post_parent":0,"guid":"https:\/\/sachviet.eu\/nha-phat-hanh\/dong-a\/","menu_order":0,"post_type":"publisher","post_mime_type":"","comment_count":"0","filter":"raw"}},"_links":{"self":[{"href":"https:\/\/sachviet.eu\/en\/wp-json\/wp\/v2\/product\/8645","targetHints":{"allow":["GET"]}}],"collection":[{"href":"https:\/\/sachviet.eu\/en\/wp-json\/wp\/v2\/product"}],"about":[{"href":"https:\/\/sachviet.eu\/en\/wp-json\/wp\/v2\/types\/product"}],"wp:featuredmedia":[{"embeddable":true,"href":"https:\/\/sachviet.eu\/en\/wp-json\/wp\/v2\/media\/8641"}],"wp:attachment":[{"href":"https:\/\/sachviet.eu\/en\/wp-json\/wp\/v2\/media?parent=8645"}],"wp:term":[{"taxonomy":"product_brand","embeddable":true,"href":"https:\/\/sachviet.eu\/en\/wp-json\/wp\/v2\/product_brand?post=8645"},{"taxonomy":"product_cat","embeddable":true,"href":"https:\/\/sachviet.eu\/en\/wp-json\/wp\/v2\/product_cat?post=8645"},{"taxonomy":"product_tag","embeddable":true,"href":"https:\/\/sachviet.eu\/en\/wp-json\/wp\/v2\/product_tag?post=8645"}],"curies":[{"name":"wp","href":"https:\/\/api.w.org\/{rel}","templated":true}]}}