{"id":8638,"date":"2021-04-28T14:28:46","date_gmt":"2021-04-28T11:28:46","guid":{"rendered":"https:\/\/sachviet.eu\/shop\/the-art-of-marvel-studios-avengers-endgame-hoi-ket\/"},"modified":"2023-11-27T21:06:02","modified_gmt":"2023-11-27T19:06:02","slug":"the-art-of-marvel-studios-avengers-endgame-hoi-ket","status":"publish","type":"product","link":"https:\/\/sachviet.eu\/en\/shop\/the-art-of-marvel-studios-avengers-endgame-hoi-ket\/","title":{"rendered":"The Art Of Marvel Studios Avengers Endgame (H\u1ed3i K\u1ebft)"},"content":{"rendered":"<p>The Art Of Marvel Studios Avengers Endgame (H\u1ed3i K\u1ebft) &#8211; CU\u1ed0N S\u00c1CH B\u1eacT M\u00cd NH\u1eeeNG \u00dd T\u01af\u1edeNG V\u00c0 H\u00ccNH \u1ea2NH CH\u01afA BAO GI\u1edc \u0110\u01af\u1ee2C C\u00d4NG B\u1ed0 V\u1ec0 SI\u00caU PH\u1ea8M AVENGERS ENDGAME.<\/p>\n<p>The Art Of Marvel Studios Avengers Endgame (H\u1ed3i K\u1ebft) &#8211; CU\u1ed0N S\u00c1CH M\u00c0 B\u1ea4T C\u1ee8 FAN MARVEL N\u00c0O C\u0168NG KH\u00d4NG TH\u1ec2 B\u1ece L\u1ee0.<\/p>\n<p>C\u00e1i k\u1ebft c\u1ee7a Avengers: Infinity War \u0111\u00e3 khi\u1ebfn kh\u00e1n gi\u1ea3 ph\u1ea3i s\u1eefng s\u1edd kinh ng\u1ea1c. Nh\u1eefng si\u00eau anh h\u00f9ng phi th\u01b0\u1eddng nh\u1ea5t c\u1ee7a Tr\u00e1i \u0110\u1ea5t \u0111\u1ec1u b\u1ecb \u0111\u00e1nh b\u1ea1i. Thanos \u0111\u00e3 l\u1ea5y \u0111\u01b0\u1ee3c s\u00e1u Vi\u00ean \u0111\u00e1 V\u00f4 c\u1ef1c v\u00e0 ch\u1ec9 b\u1eb1ng m\u1ed9t c\u00e1i b\u00fang tay \u0111\u01a1n gi\u1ea3n, h\u1eafn l\u1eadp t\u1ee9c l\u00e0m \u201cbay m\u00e0u\u201d m\u1ed9t n\u1eeda s\u1ef1 s\u1ed1ng trong v\u0169 tr\u1ee5, trong \u0111\u00f3 c\u00f3 r\u1ea5t nhi\u1ec1u nh\u00e2n v\u1eadt \u0111\u01b0\u1ee3c kh\u00e1n gi\u1ea3 y\u00eau m\u1ebfn c\u1ee7a v\u0169 tr\u1ee5 MCU. Ai n\u1ea5y \u0111\u1ec1u v\u00f4 c\u00f9ng ng\u00f3ng ch\u1edd c\u00e2u tr\u1ea3 l\u1eddi cho c\u00e2u h\u1ecfi \u0111\u01a1n gi\u1ea3n: Chuy\u1ec7n g\u00ec s\u1ebd x\u1ea3y ra ti\u1ebfp theo?<\/p>\n<p>\u201cCh\u00fang ta h\u00e3y nh\u00ecn nh\u1eadn nh\u1eefng r\u1ee7i ro nh\u01b0 l\u00e0 ngu\u1ed3n \u0111\u1ed9ng l\u1ef1c th\u00fac \u0111\u1ea9y ta l\u00e0m \u0111i\u1ec1u \u0111\u00fang \u0111\u1eafn\u201d, Ch\u1ee7 t\u1ecbch c\u1ee7a Marvel Studios ki\u00eam Gi\u00e1m \u0111\u1ed1c S\u1ea3n xu\u1ea5t Kevin Feige chia s\u1ebb. \u201cH\u00e3y ngh\u0129 r\u1eb1ng m\u00ecnh ph\u1ea3i ch\u1ea5p nh\u1eadn m\u1ea1o hi\u1ec3m \u0111\u1ec3 d\u1ea5n th\u00e2n v\u00e0o m\u1ed9t chuy\u1ebfn phi\u00eau l\u01b0u t\u1ea7m c\u1ee1 nh\u01b0 series phim c\u1ee7a Marvel Studios. \u0110i\u1ec1u khi\u1ebfn ch\u00fang t\u00f4i h\u00e0o h\u1ee9ng, \u0111\u1ed3ng th\u1eddi c\u0169ng l\u00e0 \u00fd \u0111\u1ecbnh ngay t\u1eeb nhi\u1ec1u n\u0103m v\u1ec1 tr\u01b0\u1edbc khi ch\u00fang t\u00f4i b\u1eaft \u0111\u1ea7u b\u01b0\u1edbc tr\u00ean h\u00e0nh tr\u00ecnh h\u1ee3p nh\u1ea5t V\u0169 tr\u1ee5 \u0110i\u1ec7n \u1ea3nh Marvel, ch\u00ednh l\u00e0 r\u1ea5t kh\u00f3 d\u1ef1 \u0111o\u00e1n Avengers: Endgame s\u1ebd \u0111i \u0111\u1ebfn \u0111\u00e2u, v\u00e0 l\u00e0m sao n\u00f3 t\u1edbi \u0111\u01b0\u1ee3c \u0111\u00f3.\u201d<\/p>\n<p>\u201cTrong c\u00e1c trang s\u00e1ch ti\u1ebfp theo, b\u1ea1n s\u1ebd \u0111\u01b0\u1ee3c t\u1eadn m\u1eaft chi\u00eam ng\u01b0\u1ee1ng nh\u1eefng \u0111\u1ec9nh cao trong n\u1ed7 l\u1ef1c l\u00e0m vi\u1ec7c c\u1ee7a h\u1ecd. T\u00f4i ch\u1ec9 \u0111ang thay l\u1eddi h\u1ecd nh\u1eafn g\u1eedi \u0111\u1ebfn t\u1ea5t c\u1ea3 \u0111\u1ed9c gi\u1ea3 r\u1eb1ng ch\u00fang t\u00f4i ch\u00e2n th\u00e0nh hy v\u1ecdng c\u00e1c b\u1ea1n s\u1ebd c\u1ea3m th\u1ea5y vui th\u00edch khi ng\u1eafm nh\u00ecn nh\u1eefng t\u00e1c ph\u1ea9m ngh\u1ec7 thu\u1eadt \u0111\u01b0\u1ee3c g\u1eedi g\u1eafm \u1edf \u0111\u00e2y v\u00e0 d\u00f5i theo h\u00e0nh tr\u00ecnh m\u00e0 c\u00e1c t\u1ea1o h\u00ecnh nh\u00e2n v\u1eadt tr\u1ea3i qua \u0111\u1ec3 t\u1ea1o n\u00ean nh\u1eefng h\u00ecnh \u1ea3nh cu\u1ed1i c\u00f9ng cho b\u1ed9 phim. T\u00f4i c\u0169ng khuy\u1ebfn kh\u00edch c\u00e1c b\u1ea1n h\u00e3y xem qua nh\u1eefng cu\u1ed1n s\u00e1ch kh\u00e1c trong series The Art Of Marvel Studios \u0111\u1ec3 \u0111\u01b0\u1ee3c t\u1eadn m\u1eaft ch\u1ee9ng ki\u1ebfn m\u1ed9t c\u00e1ch tr\u1ecdn v\u1eb9n h\u00e0nh tr\u00ecnh \u0111i\u1ec7n \u1ea3nh c\u1ee7a c\u00e1c nh\u00e2n v\u1eadt \u1ea5y.<\/p>\n<p>Cu\u1ed1i c\u00f9ng, t\u00f4i mu\u1ed1n g\u1eedi l\u1eddi c\u1ea3m \u01a1n Kevin, Lou, Victoria v\u00e0 Trinh \u0111\u00e3 d\u1eabn d\u1eaft ch\u00fang t\u00f4i \u0111i tr\u1ecdn cu\u1ed9c phi\u00eau l\u01b0u n\u00e0y v\u00e0 ch\u1ec9 cho ch\u00fang t\u00f4i con \u0111\u01b0\u1eddng \u0111\u00fang \u0111\u1eafn nh\u1ea5t. Ch\u00fang t\u00f4i ch\u01b0a bao gi\u1edd tr\u1ea3i qua h\u00e0nh tr\u00ecnh n\u00e0o gi\u1ed1ng nh\u01b0 v\u1eady, v\u00e0 \u0111\u1ec1u l\u00e0 nh\u1edd h\u1ecd m\u00e0 v\u0169 tr\u1ee5 n\u00e0y m\u1edbi c\u00f3 th\u1ec3 ph\u00e1t tri\u1ec3n l\u1edbn m\u1ea1nh \u0111\u1ec3 k\u1ec3 l\u1ea1i nh\u1eefng c\u00e2u chuy\u1ec7n ch\u1ea1m \u0111\u1ebfn tr\u00e1i tim kh\u00e1n gi\u1ea3 tr\u00ean kh\u1eafp th\u1ebf gi\u1edbi. T\u00f4i kh\u00f4ng d\u00e1m tin r\u1eb1ng series phim n\u00e0y l\u1ea1i k\u1ebft th\u00fac m\u1ed9t c\u00e1ch vi\u00ean m\u00e3n v\u00e0 v\u1eb9n to\u00e0n \u0111\u1ebfn v\u1eady, nh\u1edd c\u00f3 s\u1ef1 l\u00e3nh \u0111\u1ea1o c\u1ee7a h\u1ecd m\u00e0 n\u00f3 \u0111\u00e3 v\u01b0\u1ee3t xa m\u1ecdi mong \u0111\u1ee3i. \u0110\u1ed3ng th\u1eddi, t\u00f4i c\u0169ng xin \u0111\u01b0\u1ee3c g\u1eedi l\u1eddi c\u1ea3m \u01a1n ch\u00e2n th\u00e0nh nh\u1ea5t t\u1edbi Joe v\u00e0 Anthony v\u00ec \u0111\u00e3 \u0111\u01b0a nh\u1eefng c\u00e2u chuy\u1ec7n l\u00ean t\u1edbi \u0111\u1ec9nh cao s\u00e1ng t\u1ea1o. Ch\u00ednh b\u1ea3n th\u00e2n t\u00f4i c\u0169ng \u0111\u00e3 tr\u00fat bi\u1ebft bao t\u00e2m s\u1ee9c v\u00e0o c\u00e1c nh\u00e2n v\u1eadt n\u00e0y, v\u00e0 \u0111\u01b0\u1ee3c ng\u1ed3i trong r\u1ea1p chi\u1ebfu phim xem b\u1ed9 phim n\u00e2ng t\u1ea7m t\u1eebng anh h\u00f9ng c\u1ee7a ch\u00fang ta theo c\u00e1ch th\u1eadt \u0111\u1eb7c bi\u1ec7t ch\u00ednh l\u00e0 minh ch\u1ee9ng cho si\u00eau n\u0103ng l\u1ef1c ngo\u00e0i \u0111\u1eddi th\u1ef1c c\u1ee7a hai ng\u01b0\u1eddi.\u2019\u2019<br \/>\n&#8211; Ryan Meinerding<\/p>\n","protected":false},"excerpt":{"rendered":"<p>The Art Of Marvel Studios Avengers Endgame (H\u1ed3i K\u1ebft) &#8211; CU\u1ed0N S\u00c1CH B\u1eacT M\u00cd NH\u1eeeNG \u00dd T\u01af\u1edeNG V\u00c0 H\u00ccNH \u1ea2NH CH\u01afA BAO GI\u1edc \u0110\u01af\u1ee2C C\u00d4NG B\u1ed0 V\u1ec0 SI\u00caU PH\u1ea8M AVENGERS ENDGAME.<\/p>\n<p>The Art Of Marvel Studios Avengers Endgame (H\u1ed3i K\u1ebft) &#8211; CU\u1ed0N S\u00c1CH M\u00c0 B\u1ea4T C\u1ee8 FAN MARVEL N\u00c0O C\u0168NG KH\u00d4NG TH\u1ec2 B\u1ece L\u1ee0.<\/p>\n<p>C\u00e1i k\u1ebft c\u1ee7a Avengers: Infinity War \u0111\u00e3 khi\u1ebfn kh\u00e1n gi\u1ea3 ph\u1ea3i s\u1eefng s\u1edd kinh ng\u1ea1c. Nh\u1eefng si\u00eau anh h\u00f9ng phi th\u01b0\u1eddng nh\u1ea5t c\u1ee7a Tr\u00e1i \u0110\u1ea5t \u0111\u1ec1u b\u1ecb \u0111\u00e1nh b\u1ea1i. Thanos \u0111\u00e3 l\u1ea5y \u0111\u01b0\u1ee3c s\u00e1u Vi\u00ean \u0111\u00e1 V\u00f4 c\u1ef1c v\u00e0 ch\u1ec9 b\u1eb1ng m\u1ed9t c\u00e1i b\u00fang tay \u0111\u01a1n gi\u1ea3n, h\u1eafn l\u1eadp t\u1ee9c l\u00e0m \u201cbay m\u00e0u\u201d m\u1ed9t n\u1eeda s\u1ef1 s\u1ed1ng trong v\u0169 tr\u1ee5, trong \u0111\u00f3 c\u00f3 r\u1ea5t nhi\u1ec1u nh\u00e2n v\u1eadt \u0111\u01b0\u1ee3c kh\u00e1n gi\u1ea3 y\u00eau m\u1ebfn c\u1ee7a v\u0169 tr\u1ee5 MCU. Ai n\u1ea5y \u0111\u1ec1u v\u00f4 c\u00f9ng ng\u00f3ng ch\u1edd c\u00e2u tr\u1ea3 l\u1eddi cho c\u00e2u h\u1ecfi \u0111\u01a1n gi\u1ea3n: Chuy\u1ec7n g\u00ec s\u1ebd x\u1ea3y ra ti\u1ebfp theo?<\/p>\n<p>\u201cCh\u00fang ta h\u00e3y nh\u00ecn nh\u1eadn nh\u1eefng r\u1ee7i ro nh\u01b0 l\u00e0 ngu\u1ed3n \u0111\u1ed9ng l\u1ef1c th\u00fac \u0111\u1ea9y ta l\u00e0m \u0111i\u1ec1u \u0111\u00fang \u0111\u1eafn\u201d, Ch\u1ee7 t\u1ecbch c\u1ee7a Marvel Studios ki\u00eam Gi\u00e1m \u0111\u1ed1c S\u1ea3n xu\u1ea5t Kevin Feige chia s\u1ebb. \u201cH\u00e3y ngh\u0129 r\u1eb1ng m\u00ecnh ph\u1ea3i ch\u1ea5p nh\u1eadn m\u1ea1o hi\u1ec3m \u0111\u1ec3 d\u1ea5n th\u00e2n v\u00e0o m\u1ed9t chuy\u1ebfn phi\u00eau l\u01b0u t\u1ea7m c\u1ee1 nh\u01b0 series phim c\u1ee7a Marvel Studios. \u0110i\u1ec1u khi\u1ebfn ch\u00fang t\u00f4i h\u00e0o h\u1ee9ng, \u0111\u1ed3ng th\u1eddi c\u0169ng l\u00e0 \u00fd \u0111\u1ecbnh ngay t\u1eeb nhi\u1ec1u n\u0103m v\u1ec1 tr\u01b0\u1edbc khi ch\u00fang t\u00f4i b\u1eaft \u0111\u1ea7u b\u01b0\u1edbc tr\u00ean h\u00e0nh tr\u00ecnh h\u1ee3p nh\u1ea5t V\u0169 tr\u1ee5 \u0110i\u1ec7n \u1ea3nh Marvel, ch\u00ednh l\u00e0 r\u1ea5t kh\u00f3 d\u1ef1 \u0111o\u00e1n Avengers: Endgame s\u1ebd \u0111i \u0111\u1ebfn \u0111\u00e2u, v\u00e0 l\u00e0m sao n\u00f3 t\u1edbi \u0111\u01b0\u1ee3c \u0111\u00f3.\u201d<\/p>\n<p>\u201cTrong c\u00e1c trang s\u00e1ch ti\u1ebfp theo, b\u1ea1n s\u1ebd \u0111\u01b0\u1ee3c t\u1eadn m\u1eaft chi\u00eam ng\u01b0\u1ee1ng nh\u1eefng \u0111\u1ec9nh cao trong n\u1ed7 l\u1ef1c l\u00e0m vi\u1ec7c c\u1ee7a h\u1ecd. T\u00f4i ch\u1ec9 \u0111ang thay l\u1eddi h\u1ecd nh\u1eafn g\u1eedi \u0111\u1ebfn t\u1ea5t c\u1ea3 \u0111\u1ed9c gi\u1ea3 r\u1eb1ng ch\u00fang t\u00f4i ch\u00e2n th\u00e0nh hy v\u1ecdng c\u00e1c b\u1ea1n s\u1ebd c\u1ea3m th\u1ea5y vui th\u00edch khi ng\u1eafm nh\u00ecn nh\u1eefng t\u00e1c ph\u1ea9m ngh\u1ec7 thu\u1eadt \u0111\u01b0\u1ee3c g\u1eedi g\u1eafm \u1edf \u0111\u00e2y v\u00e0 d\u00f5i theo h\u00e0nh tr\u00ecnh m\u00e0 c\u00e1c t\u1ea1o h\u00ecnh nh\u00e2n v\u1eadt tr\u1ea3i qua \u0111\u1ec3 t\u1ea1o n\u00ean nh\u1eefng h\u00ecnh \u1ea3nh cu\u1ed1i c\u00f9ng cho b\u1ed9 phim. T\u00f4i c\u0169ng khuy\u1ebfn kh\u00edch c\u00e1c b\u1ea1n h\u00e3y xem qua nh\u1eefng cu\u1ed1n s\u00e1ch kh\u00e1c trong series The Art Of Marvel Studios \u0111\u1ec3 \u0111\u01b0\u1ee3c t\u1eadn m\u1eaft ch\u1ee9ng ki\u1ebfn m\u1ed9t c\u00e1ch tr\u1ecdn v\u1eb9n h\u00e0nh tr\u00ecnh \u0111i\u1ec7n \u1ea3nh c\u1ee7a c\u00e1c nh\u00e2n v\u1eadt \u1ea5y.<\/p>\n<p>Cu\u1ed1i c\u00f9ng, t\u00f4i mu\u1ed1n g\u1eedi l\u1eddi c\u1ea3m \u01a1n Kevin, Lou, Victoria v\u00e0 Trinh \u0111\u00e3 d\u1eabn d\u1eaft ch\u00fang t\u00f4i \u0111i tr\u1ecdn cu\u1ed9c phi\u00eau l\u01b0u n\u00e0y v\u00e0 ch\u1ec9 cho ch\u00fang t\u00f4i con \u0111\u01b0\u1eddng \u0111\u00fang \u0111\u1eafn nh\u1ea5t. Ch\u00fang t\u00f4i ch\u01b0a bao gi\u1edd tr\u1ea3i qua h\u00e0nh tr\u00ecnh n\u00e0o gi\u1ed1ng nh\u01b0 v\u1eady, v\u00e0 \u0111\u1ec1u l\u00e0 nh\u1edd h\u1ecd m\u00e0 v\u0169 tr\u1ee5 n\u00e0y m\u1edbi c\u00f3 th\u1ec3 ph\u00e1t tri\u1ec3n l\u1edbn m\u1ea1nh \u0111\u1ec3 k\u1ec3 l\u1ea1i nh\u1eefng c\u00e2u chuy\u1ec7n ch\u1ea1m \u0111\u1ebfn tr\u00e1i tim kh\u00e1n gi\u1ea3 tr\u00ean kh\u1eafp th\u1ebf gi\u1edbi. T\u00f4i kh\u00f4ng d\u00e1m tin r\u1eb1ng series phim n\u00e0y l\u1ea1i k\u1ebft th\u00fac m\u1ed9t c\u00e1ch vi\u00ean m\u00e3n v\u00e0 v\u1eb9n to\u00e0n \u0111\u1ebfn v\u1eady, nh\u1edd c\u00f3 s\u1ef1 l\u00e3nh \u0111\u1ea1o c\u1ee7a h\u1ecd m\u00e0 n\u00f3 \u0111\u00e3 v\u01b0\u1ee3t xa m\u1ecdi mong \u0111\u1ee3i. \u0110\u1ed3ng th\u1eddi, t\u00f4i c\u0169ng xin \u0111\u01b0\u1ee3c g\u1eedi l\u1eddi c\u1ea3m \u01a1n ch\u00e2n th\u00e0nh nh\u1ea5t t\u1edbi Joe v\u00e0 Anthony v\u00ec \u0111\u00e3 \u0111\u01b0a nh\u1eefng c\u00e2u chuy\u1ec7n l\u00ean t\u1edbi \u0111\u1ec9nh cao s\u00e1ng t\u1ea1o. Ch\u00ednh b\u1ea3n th\u00e2n t\u00f4i c\u0169ng \u0111\u00e3 tr\u00fat bi\u1ebft bao t\u00e2m s\u1ee9c v\u00e0o c\u00e1c nh\u00e2n v\u1eadt n\u00e0y, v\u00e0 \u0111\u01b0\u1ee3c ng\u1ed3i trong r\u1ea1p chi\u1ebfu phim xem b\u1ed9 phim n\u00e2ng t\u1ea7m t\u1eebng anh h\u00f9ng c\u1ee7a ch\u00fang ta theo c\u00e1ch th\u1eadt \u0111\u1eb7c bi\u1ec7t ch\u00ednh l\u00e0 minh ch\u1ee9ng cho si\u00eau n\u0103ng l\u1ef1c ngo\u00e0i \u0111\u1eddi th\u1ef1c c\u1ee7a hai ng\u01b0\u1eddi.\u2019\u2019<br \/>\n&#8211; Ryan Meinerding<\/p>\n","protected":false},"featured_media":8634,"template":"","meta":{"_acf_changed":false},"product_brand":[],"product_cat":[75,15],"product_tag":[],"class_list":{"0":"post-8638","1":"product","2":"type-product","3":"status-publish","4":"has-post-thumbnail","6":"product_cat-giai-tri-truyen-cuoi","7":"product_cat-sach-danh-cho-nguoi-lon","9":"first","10":"outofstock","11":"taxable","12":"shipping-taxable","13":"purchasable","14":"product-type-simple"},"supplier_id":null,"supplier_sku":"","barcode":null,"atum_controlled":true,"out_stock_date":"2023-11-27 19:06:02","out_stock_threshold":null,"inheritable":false,"inbound_stock":0,"stock_on_hold":0,"sold_today":0,"sales_last_days":0,"reserved_stock":0,"customer_returns":0,"warehouse_damage":0,"lost_in_post":0,"other_logs":0,"out_stock_days":793,"lost_sales":0,"has_location":false,"update_date":"2026-01-28T23:10:43","atum_locations":[],"atum_stock_status":"outofstock","restock_status":false,"low_stock_amount":"","sales_update_date":"2026-01-28T23:10:43","calc_backorders":null,"acf":{"publisher":{"ID":8633,"post_author":"1","post_date":"2021-04-28 14:28:37","post_date_gmt":"2021-04-28 11:28:37","post_content":"","post_title":"Shinebooks","post_excerpt":"","post_status":"publish","comment_status":"closed","ping_status":"closed","post_password":"","post_name":"shinebooks","to_ping":"","pinged":"","post_modified":"2021-04-28 14:28:37","post_modified_gmt":"2021-04-28 11:28:37","post_content_filtered":"","post_parent":0,"guid":"https:\/\/sachviet.eu\/nha-phat-hanh\/shinebooks\/","menu_order":0,"post_type":"publisher","post_mime_type":"","comment_count":"0","filter":"raw"}},"_links":{"self":[{"href":"https:\/\/sachviet.eu\/en\/wp-json\/wp\/v2\/product\/8638","targetHints":{"allow":["GET"]}}],"collection":[{"href":"https:\/\/sachviet.eu\/en\/wp-json\/wp\/v2\/product"}],"about":[{"href":"https:\/\/sachviet.eu\/en\/wp-json\/wp\/v2\/types\/product"}],"wp:featuredmedia":[{"embeddable":true,"href":"https:\/\/sachviet.eu\/en\/wp-json\/wp\/v2\/media\/8634"}],"wp:attachment":[{"href":"https:\/\/sachviet.eu\/en\/wp-json\/wp\/v2\/media?parent=8638"}],"wp:term":[{"taxonomy":"product_brand","embeddable":true,"href":"https:\/\/sachviet.eu\/en\/wp-json\/wp\/v2\/product_brand?post=8638"},{"taxonomy":"product_cat","embeddable":true,"href":"https:\/\/sachviet.eu\/en\/wp-json\/wp\/v2\/product_cat?post=8638"},{"taxonomy":"product_tag","embeddable":true,"href":"https:\/\/sachviet.eu\/en\/wp-json\/wp\/v2\/product_tag?post=8638"}],"curies":[{"name":"wp","href":"https:\/\/api.w.org\/{rel}","templated":true}]}}