{"id":8632,"date":"2021-04-28T14:28:35","date_gmt":"2021-04-28T11:28:35","guid":{"rendered":"https:\/\/sachviet.eu\/shop\/tru-tien-tai-ban-tron-bo-6-tap\/"},"modified":"2024-04-18T14:29:39","modified_gmt":"2024-04-18T11:29:39","slug":"tru-tien-tai-ban-tron-bo-6-tap","status":"publish","type":"product","link":"https:\/\/sachviet.eu\/en\/shop\/tru-tien-tai-ban-tron-bo-6-tap\/","title":{"rendered":"Tru Ti\u00ean (T\u00e1i B\u1ea3n) &#8211; Tr\u1ecdn b\u1ed9 6 t\u1eadp"},"content":{"rendered":"<p>Ti\u00eau \u0110\u1ec9nh t\u00ean th\u1eadt l\u00e0 Tr\u01b0\u01a1ng Ti\u1ec3n, sinh n\u0103m 1976 t\u1ea1i Ph\u00fac Ch\u00e2u. Anh ch\u1ecdn b\u00fat danh Ti\u00eau \u0110\u1ec9nh v\u00ec th\u1ea5y r\u1eb1ng trong truy\u1ec7n ki\u1ebfm hi\u1ec7p, nh\u1eefng ng\u01b0\u1eddi h\u1ecd Ti\u00eau th\u01b0\u1eddng c\u00f3 v\u00f5 c\u00f4ng cao c\u01b0\u1eddng, c\u00f2n \u0110\u1ec9nh l\u00e0 m\u1ed9t tr\u1ecdng kh\u00ed c\u1ee7a Trung Qu\u1ed1c c\u1ed5 \u0111\u1ea1i. Ti\u00eau \u0110\u1ec9nh ch\u1eadp ch\u1eefng s\u00e1ng t\u00e1c v\u00e0o n\u0103m 2001, \u0111\u01b0\u1ee3c khuy\u1ebfn kh\u00edch b\u1edfi hai y\u1ebfu t\u1ed1 l\u00e0 th\u1eeba th\u1eddi gian (do \u0111ang th\u1ea5t nghi\u1ec7p) v\u00e0 tr\u00e0o l\u01b0u v\u0103n h\u1ecdc m\u1ea1ng (do phong tr\u00e0o s\u00e1ng t\u00e1c tr\u00ean m\u1ea1ng Trung Qu\u1ed1c l\u00fac \u0111\u00f3 b\u1eaft \u0111\u1ea7u n\u1edf r\u1ed9).<\/p>\n<p>N\u0103m 2001, Ti\u00eau \u0110\u1ec9nh d\u1ea5n th\u00e2n v\u00e0o th\u1ec3 lo\u1ea1i huy\u1ec1n \u1ea3o khi t\u00ecnh c\u1edd tham gia m\u1ed9t t\u1ea1p ch\u00ed online t\u00ean l\u00e0 Ng\u01b0\u1eddi m\u01a1 m\u1ed9ng. M\u1ed9t ng\u00e0y \u0111\u1eb9p tr\u1eddi, v\u00e0i nh\u00e2n v\u1eadt c\u1ed1t c\u00e1n trong t\u1ea1p ch\u00ed r\u1ee7 nhau vi\u1ebft chung m\u1ed9t t\u00e1c ph\u1ea9m ki\u1ebfm hi\u1ec7p pha huy\u1ec1n \u1ea3o, c\u0169ng ch\u00ednh nh\u00f3m n\u00e0y l\u00e0 t\u00e1c gi\u1ea3 cho nh\u1eefng \u00fd t\u01b0\u1edfng \u0111\u1ea7u ti\u00ean c\u1ee7a Tru Ti\u00ean. \u0110\u01b0\u1ee3c m\u1ed9t th\u1eddi gian th\u00ec nh\u00f3m \u0111\u00e3 gi\u1ea3i t\u00e1n, ch\u1ec9 c\u00f2n m\u00ecnh Ti\u00eau \u0110\u1ec9nh v\u1eabn ki\u00ean tr\u00ec h\u1ee9ng th\u00fa. Ti\u1ebfc r\u1eb1ng l\u00fac \u0111\u00f3 b\u00fat l\u1ef1c ch\u01b0a \u0111\u1ee7, \u00fd t\u01b0\u1edfng c\u0169ng ch\u01b0a r\u00f5 r\u1ec7t, n\u00ean anh g\u00e1c b\u1ea3n ph\u00e1c th\u1ea3o d\u1edf dang \u1ea5y sang m\u1ed9t b\u00ean, t\u1eadp vi\u1ebft v\u00e0i truy\u1ec7n ng\u1eafn kh\u00e1c.<\/p>\n<p>\u0110o\u1ea3n thi\u00ean Th\u00e1ng ng\u00e0y ng\u00e2y th\u01a1, t\u00e1c ph\u1ea9m \u0111\u1ea7u tay c\u1ee7a anh, c\u00f2n kh\u00e1 v\u1ee5ng v\u1ec1 tr\u00ean ph\u01b0\u01a1ng di\u1ec7n c\u00e2u t\u1eeb v\u00e0 ng\u00f4n ng\u1eef, nh\u01b0ng l\u00e0 minh ch\u1ee9ng r\u00f5 r\u1ec7t cho t\u00e2m h\u1ed3n l\u00e3ng \u0111\u00e3ng, gi\u00e0u t\u00ecnh c\u1ea3m c\u1ee7a Ti\u00eau \u0110\u1ec9nh, c\u0169ng ch\u00ednh l\u00e0 h\u1ea1t gi\u1ed1ng gieo n\u00ean nh\u1eefng \u0111o\u1ea1n v\u0103n g\u00e2y x\u00fac \u0111\u1ed9ng trong Tru Ti\u00ean sau n\u00e0y. Th\u00e1ng ng\u00e0y ng\u00e2y th\u01a1 ch\u00ecm l\u1ec9m gi\u1eefa m\u1ed9t r\u1eebng r\u1eadm v\u0103n m\u1ea1ng ng\u00f4n t\u00ecnh, nh\u01b0ng b\u1eaft \u0111\u1ea7u th\u1ea5y g\u1eafn b\u00f3 v\u1edbi vi\u1ec7c c\u1ea7m b\u00fat, Ti\u00eau \u0110\u1ec9nh kh\u00f4ng n\u1ea3n ch\u00ed, trong m\u1ed9t n\u0103m ti\u1ebfp theo, anh ti\u1ebfp c\u1eadn d\u1ea7n ch\u1ee7 \u0111\u1ec1 ki\u1ebfm hi\u1ec7p &#8211; huy\u1ec1n \u1ea3o m\u1ed9t c\u00e1ch c\u00f3 \u0111\u1ecbnh h\u01b0\u1edbng th\u00f4ng qua c\u00e1c t\u00e1c ph\u1ea9m Con \u0111\u01b0\u1eddng t\u1ed1i t\u0103m, Tr\u00e1i tim t\u0103m t\u1ed1i, X-game, Ph\u1ea3n ngh\u1ecbch, v\u00e0 \u0111\u1ebfn cu\u1ed1i 2002 l\u00e0\u2026 Tru Ti\u00ean.<\/p>\n<p>Xu\u1ea5t hi\u1ec7n \u0111\u1ea7u th\u1ebf k\u1ef7 21, tho\u1ea1t ti\u00ean Tru Ti\u00ean \u0111\u01b0\u1ee3c \u0111\u00e1nh gi\u00e1 l\u00e0 h\u1eadu du\u1ec7 ti\u1ebfp n\u1ed1i tr\u00e0o l\u01b0u ti\u00ean hi\u1ec7p c\u00f2n m\u1ecfng v\u00e0 \u0111\u1ee9t g\u00e3y t\u1eeb \u0111\u1ea7u th\u1ebf k\u1ef7 20, c\u1ee7a nh\u1eefng Ho\u00e0n Ch\u00e2u L\u00e2u Ch\u1ee7, B\u00ecnh Giang B\u1ea5t Ti\u1ebfu Sinh. Tru Ti\u00ean \u0111\u01b0\u1ee3c x\u1ebfp v\u00e0o d\u1ea1ng \u201cti\u00ean hi\u1ec7p\u201d, c\u00f2n t\u00e1c ph\u1ea9m c\u1ee7a Kim Dung, C\u1ed5 Long l\u00e0 \u201cv\u00f5 hi\u1ec7p\u201d (hay \u201cki\u1ebfm hi\u1ec7p\u201d). Kh\u00e1c bi\u1ec7t gi\u1eefa hai lo\u1ea1i truy\u1ec7n n\u00e0y ch\u1ee7 y\u1ebfu l\u00e0 v\u1ec1 c\u00e1ch th\u1ee9c tu luy\u1ec7n c\u1ee7a cao th\u1ee7 v\u00e0 ph\u1ea1m vi b\u1ed1i c\u1ea3nh c\u1ee7a giang h\u1ed3. Truy\u1ec7n ti\u00ean hi\u1ec7p l\u1ea5y b\u1ed1i c\u1ea3nh l\u00e0 ng\u01b0\u1eddi tu ch\u00e2n, c\u00f3 ph\u00e1p b\u1ea3o, c\u00f3 th\u1ec3 \u0111i m\u00e2y v\u1ec1 gi\u00f3\u2026 c\u00f2n truy\u1ec7n ki\u1ebfm hi\u1ec7p l\u1ea5y b\u1ed1i c\u1ea3nh giang h\u1ed3 b\u00ecnh th\u01b0\u1eddng v\u1edbi nh\u1eefng con ng\u01b0\u1eddi luy\u1ec7n v\u00f5 c\u00f4ng b\u00ecnh th\u01b0\u1eddng.<\/p>\n<p>Tru Ti\u00ean ra \u0111\u1eddi, k\u1ebf th\u1eeba truy\u1ec1n th\u1ed1ng ngh\u0129a hi\u1ec7p c\u1ee7a c\u00e1c ki\u1ebfm kh\u00e1ch c\u1ed5 \u0111\u1ea1i, ch\u1ee9a chan \u01b0\u1edbc v\u1ecdng bay b\u1ed5ng v\u00e0 chinh ph\u1ee5c c\u1ee7a th\u1eddi \u0111\u1ea1i m\u1edbi, l\u1ea1i \u0111i\u1ec3m xuy\u1ebft th\u00eam nh\u1eefng rung \u0111\u1ed9ng tinh t\u1ebf \u0111\u1ea7u \u0111\u1eddi c\u1ee7a c\u00e1c thanh ni\u00ean thi\u1ebfu n\u1eef, n\u00ean \u0111\u00e3 l\u1eadp t\u1ee9c \u0111\u01b0\u1ee3c \u0111\u00f3n nh\u1eadn n\u1ed3ng nhi\u1ec7t. Nh\u01b0ng kh\u00f4ng ch\u1ec9 c\u00f3 th\u1ebf, m\u01b0\u1eddi n\u0103m qua, Tru Ti\u00ean c\u00f2n kh\u1eb3ng \u0111\u1ecbnh vai tr\u00f2 c\u1ee7a m\u00ecnh trong vi\u1ec7c m\u1edf \u0111\u1ea7u m\u1ed9t phong kh\u00ed s\u00e1ng t\u00e1c m\u1edbi c\u1ee7a d\u00f2ng \u201ct\u00e2n hi\u1ec7p\u201d, kh\u00f4ng b\u00f3 g\u1ecdn v\u00e0o ki\u1ebfm hi\u1ec7p, th\u00e1m hi\u1ec7p n\u1eefa, m\u00e0 \u0111\u00e3 m\u1edf r\u1ed9ng th\u00e0nh k\u1ef3 \u1ea3o ph\u01b0\u01a1ng \u0110\u00f4ng, tu ch\u00e2n, huy\u1ec1n \u0111\u1ea1o\u2026 khi\u1ebfn cho d\u00f2ng t\u00e2n hi\u1ec7p ph\u00e1t tri\u1ec3n v\u00e0 t\u1ecfa nh\u00e1nh m\u1ed7i ng\u00e0y m\u1ed9t sum s\u00ea n\u1ea3y n\u1edf, ranh gi\u1edbi gi\u1eefa c\u00e1c th\u1ec3 lo\u1ea1i ng\u00e0y m\u1ed9t nh\u00f2a m\u1edd v\u00e0 nh\u1edd th\u1ebf, kh\u00f4ng gian v\u0103n h\u1ecdc c\u0169ng \u0111\u01b0\u1ee3c n\u1edbi r\u1ed9ng bi\u00ean gi\u1edbi, t\u00ednh phong ph\u00fa v\u00e0 \u0111a th\u1ec3 lo\u1ea1i tr\u00ean m\u1ed7i t\u00e1c ph\u1ea9m c\u00e0ng ng\u00e0y c\u00e0ng r\u00f5 n\u00e9t.<\/p>\n<p>Tru Ti\u00ean g\u00e2y \u1ea3nh h\u01b0\u1edfng s\u00e2u s\u1eafc v\u00ec ra \u0111\u1eddi \u0111\u00fang th\u1eddi \u0111i\u1ec3m, truy\u1ec1n t\u1ea3i \u0111\u00fang n\u1ed9i dung v\u00e0 x\u00e1c \u0111\u1ecbnh \u0111\u00fang ng\u00f4n ng\u1eef th\u1ec3 hi\u1ec7n, ph\u00f9 h\u1ee3p v\u1edbi th\u1ebf h\u1ec7 8x, 9x va ch\u1ea1m th\u01b0\u1eddng xuy\u00ean v\u1edbi fantasy v\u00e0 game online \u0111ang \u0111\u00f2i h\u1ecfi \u0111\u01b0\u1ee3c th\u1ecfa m\u00e3n tr\u00ed t\u01b0\u1edfng t\u01b0\u1ee3ng v\u1edbi kh\u00f4ng gian cao xa, bao la h\u01a1n.T\u1ea5t c\u1ea3, b\u1eaft \u0111\u1ea7u t\u1eeb c\u00e2u chuy\u1ec7n cu\u1ed1n h\u00fat v\u1ec1 m\u1ed9t ng\u01b0\u1eddi \u201cph\u00e0m\u201d. Tr\u01b0\u01a1ng Ti\u1ec3u Ph\u00e0m l\u00e0 m\u1ed9t thi\u1ebfu ni\u00ean sinh ra v\u1edbi m\u1ec7nh s\u1ed1 \u201cLo\u1ea1n Ma\u201d. Bao nhi\u00eau s\u1ef1 ng\u1eabu nhi\u00ean trong \u0111\u1eddi \u0111\u00e3 b\u1ee9t con ng\u01b0\u1eddi n\u00e0y kh\u1ecfi cu\u1ed9c s\u1ed1ng b\u00ecnh d\u1ecb m\u00e0 g\u00e3 m\u01a1 \u01b0\u1edbc, n\u00e9m g\u00e3 v\u00e0o gi\u1eefa b\u00e0n c\u1edd c\u1ee7a tranh gi\u00e0nh, c\u1ee7a chi\u1ebfn tr\u1eadn, c\u1ee7a tham v\u1ecdng, c\u1ee7a b\u0103n kho\u0103n ch\u00ednh-t\u00e0, v\u00e0 c\u1ee7a c\u1ea3 tr\u1eafc tr\u1edf t\u00ecnh \u00e1i. C\u00e1i \u0111\u00e1ng n\u00f3i l\u00e0, t\u1ea5t c\u1ea3 nh\u1eefng tranh gi\u00e0nh, chi\u1ebfn tr\u1eadn, tham v\u1ecdng \u1ea5y \u0111\u1ec1u l\u00e0 c\u1ee7a thi\u00ean h\u1ea1, m\u00e0 g\u00e3 l\u00e0 k\u1ebb b\u1ecb li\u00ean l\u1ee5y, b\u1ecb h\u1ecd kh\u00f4ng th\u01b0\u01a1ng ti\u1ebfc k\u00e9o gi\u1eadt v\u00e0o.Tr\u01b0\u01a1ng Ti\u1ec3u Ph\u00e0m gi\u1ed1ng k\u1ebb b\u1ecb x\u00f4 \u0111\u1ea9y gi\u1eefa m\u1ed9t d\u00f2ng ng\u01b0\u1eddi \u0111i trong ng\u00e1ch h\u1eb9p, t\u1eebng gi\u1edd t\u1eebng ph\u00fat c\u1ed1 s\u1ee9c b\u00e1m v\u00e0o v\u00e1ch t\u01b0\u1eddng b\u00ean l\u1ec1, \u0111\u1ec3 tr\u1ee5 v\u1eefng, \u0111\u1ec3 kh\u1ecfi b\u1ecb h\u1ecd cu\u1ed1n \u0111i theo. Nh\u01b0ng nh\u1eefng va ch\u1ea1m trong su\u1ed1t qu\u00e1 tr\u00ecnh b\u00e1m v\u00edu \u0111\u00f3, v\u1eabn kh\u1eafc l\u1ea1i tr\u00ean m\u00ecnh g\u00e3 mu\u00f4n v\u00e0n th\u01b0\u01a1ng t\u00edch, x\u00f4 x\u00e1t, \u00e1p l\u1ef1c.<\/p>\n<p>T\u01b0 t\u01b0\u1edfng qu\u00e1n xuy\u1ebfn Tru Ti\u00ean ch\u00ednh l\u00e0 \u201ctr\u01b0\u1eddng sinh\u201d, v\u1edbi hai bi\u1ec3u hi\u1ec7n: truy c\u1ea7u v\u00e0 ph\u1ee7 nh\u1eadn. V\u00ec truy c\u1ea7u n\u00f3 m\u00e0 bao l\u1ea7n ch\u00ednh &#8211; t\u00e0 \u0111\u1ea1i chi\u1ebfn, c\u00e1c cao nh\u00e2n \u0111\u1eafc \u0111\u1ea1o k\u1ebb th\u00ec ph\u00e1t \u0111i\u00ean, k\u1ebb th\u00ec m\u1ea5t tr\u00ed, k\u1ebb th\u00ec t\u1ea9u h\u1ecfa nh\u1eadp ma, k\u1ebb th\u00ec di h\u1ecda cho nh\u00e2n gian su\u1ed1t c\u1ea3 ng\u00e0n \u0111\u1eddi. Gi\u1eefa c\u01a1 man n\u00e0o l\u00e0 \u0111\u1ea1i nh\u00e2n v\u1eadt quay cu\u1ed3ng quanh tr\u1ee5c tr\u01b0\u1eddng sinh \u0111\u00f3, Tr\u01b0\u01a1ng Ti\u1ec3u Ph\u00e0m ch\u00ednh l\u00e0 ng\u01b0\u1eddi \u0111\u1ea7u ti\u00ean manh nha \u00fd mu\u1ed1n ph\u1ee7 nh\u1eadn \u01b0\u1edbc mu\u1ed1n tu ti\u00ean \u0111\u1eafc \u0111\u1ea1o, ch\u1ec9 mu\u1ed1n \u0111i tr\u1ecdn ki\u1ebfp ng\u01b0\u1eddi ng\u1eafn ng\u1ee7i v\u1edbi \u0111\u1ea7y \u0111\u1ee7 nh\u1eefng \u0111\u1ea7m \u1ea5m v\u00e0 gi\u1ea3n d\u1ecb y\u00eau th\u01b0\u01a1ng.<\/p>\n<p>Tru Ti\u00ean \u0111\u00e3 \u0111em nh\u1eefng bi tr\u00e1ng c\u1ee7a cu\u1ed9c \u0111\u1eddi m\u1ed9t con ng\u01b0\u1eddi th\u1ea3 v\u00e0o bi k\u1ecbch chung c\u1ee7a m\u1ed9t th\u1ebf gi\u1edbi \u0111\u00f4ng \u0111\u1ea3o th\u1ea7n ti\u00ean ho\u1eb7c c\u00e1c nh\u00e2n v\u1eadt \u0111ang c\u1ed1 tu \u0111\u1ec3 th\u00e0nh ti\u00ean, nh\u01b0ng ai n\u1ea5y gi\u1ed1ng nhau \u1edf ch\u1ed7 \u0111\u1ea7y r\u1eaby d\u00e3 t\u00e2m v\u00e0 tham v\u1ecdng, nh\u1eb1m \u0111\u1ea1t \u0111\u01b0\u1ee3c d\u00e3 t\u00e2m v\u00e0 tham v\u1ecdng \u1ea5y, h\u1ecd \u0111\u1ec1u kh\u00f4ng ng\u1ea1i ph\u00e1 b\u1ecf c\u00e1c nguy\u00ean t\u1eafc l\u00e0m ng\u01b0\u1eddi. C\u1ee5c di\u1ec7n h\u1ed7n lo\u1ea1n n\u00e0y \u0111\u00e3 \u0111\u1ea9y Tr\u01b0\u01a1ng Ti\u1ec3u Ph\u00e0m v\u00e0o c\u01a1n ch\u00f3ng m\u1eb7t v\u00f4 ngh\u0129a v\u1ec1 s\u1ef1 ph\u00e2n \u0111\u1ecbnh ch\u00ednh-t\u00e0.<\/p>\n<p>Xoay quanh m\u1ea1ch truy\u1ec7n \u0111\u1ea7y suy t\u01b0 v\u1ec1 cu\u1ed9c \u0111\u1eddi, l\u1ebd l\u00e0m ng\u01b0\u1eddi, quan \u0111i\u1ec3m \u0111\u00fang sai, Tru Ti\u00ean c\u00f2n kh\u00e9o l\u00e9o pha ph\u1ed1i m\u1ed9t kh\u00ed v\u1ecb \u00eam \u0111\u1ec1m s\u00e1ng t\u01b0\u01a1i v\u00e0 n\u1ed3ng \u1ea5m c\u1ee7a t\u00ecnh c\u1ea3m l\u1ee9a \u0111\u00f4i, c\u1ee7a l\u00f2ng v\u1ecb tha, \u0111\u1ee9c hi sinh, v\u00e0 nh\u1eefng \u0111i\u1ec1u cao c\u1ea3 m\u00e0 ng\u01b0\u1eddi ta c\u00f3 th\u1ec3 l\u00e0m v\u00ec t\u00ecnh y\u00eau, c\u0169ng nh\u01b0 nh\u1eefng k\u1ebft qu\u1ea3 tuy\u1ec7t v\u1eddi m\u00e0 t\u00ecnh y\u00eau c\u00f3 th\u1ec3 \u0111em l\u1ea1i cho cu\u1ed9c \u0111\u1eddi.Tru Ti\u00ean lay \u0111\u1ed9ng l\u00f2ng ng\u01b0\u1eddi nh\u1ea5t, v\u00e0 c\u0169ng khi\u1ebfn s\u1ee9c s\u1ed1ng c\u1ee7a n\u00f3 l\u00e2u d\u00e0i h\u01a1n so v\u1edbi c\u00e1c t\u00e1c ph\u1ea9m chung d\u00f2ng ho\u1eb7c ch\u1ecbu \u1ea3nh h\u01b0\u1edfng, l\u00e0 \u1edf gi\u1ecdng v\u0103n \u00eam \u00e1i th\u1ea9m th\u1ea5u. B\u00ean c\u1ea1nh \u0111\u1ea1i c\u1ea3nh m\u00e1u me v\u00e0 ch\u1ebft ch\u00f3c, lu\u00f4n le l\u00f3i ph\u1ea3n quang m\u1ed9t d\u00f2ng ch\u1ea3y ng\u1ea7m c\u1ee7a nh\u1eefng nhu t\u00ecnh nhi n\u1eef, c\u1ee7a ph\u1eabn ch\u00ed anh h\u00f9ng.<\/p>\n<p>Tru Ti\u00ean \u0111\u01b0\u1ee3c \u0111\u01b0a v\u1ec1 Vi\u1ec7t Nam \u0111\u00e3 b\u1ea3y n\u0103m, trong b\u1ea3y n\u0103m qua, r\u1ea5t nhi\u1ec1u b\u1ea1n \u0111\u1ecdc \u0111\u00e3 ho\u1eb7c c\u1ea3m kh\u00e1i, ho\u1eb7c b\u00f9i ng\u00f9i theo t\u1eebng b\u01b0\u1edbc \u0111\u01b0\u1eddng ch\u00ecm n\u1ed5i c\u1ee7a nh\u00e2n v\u1eadt ch\u00ednh. V\u00f4 s\u1ed1 di\u1ec5n \u0111\u00e0n, facebook page \u0111\u00e3 \u0111\u01b0\u1ee3c m\u1edf ra v\u00ec Tru Ti\u00ean. Game online c\u00f9ng t\u00ean c\u0169ng khi\u1ebfn bao nhi\u00eau game th\u1ee7 say l\u00f2ng. Nhi\u1ec1u c\u00e2u t\u1eeb trong Tru Ti\u00ean \u0111\u00e3 tr\u1edf th\u00e0nh ch\u1eef k\u00fd, ho\u1eb7c c\u00e2u c\u1eeda mi\u1ec7ng c\u1ee7a c\u01b0 d\u00e2n m\u1ea1ng, nh\u01b0 \u201cM\u1ed9t thi\u1ebfu ni\u00ean, m\u1ed9t thanh c\u1eddi l\u00f2, m\u1ed9t m\u00ecnh ch\u1ed1ng l\u1ea1i c\u1ea3 th\u1ebf gi\u1edbi\u201d, hay \u201cThi\u00ean \u0111\u1ecba b\u1ea5t nh\u00e2n, d\u0129 v\u1ea1n v\u1eadt vi s\u00f4 c\u1ea9u\u201d, hay \u201c\u0110\u1eebng ngh\u0129 \u0111\u1ebfn ng\u00e0y mai, c\u00f3 \u0111\u01b0\u1ee3c kh\u00f4ng?\u201d<\/p>\n","protected":false},"excerpt":{"rendered":"<p>Ti\u00eau \u0110\u1ec9nh t\u00ean th\u1eadt l\u00e0 Tr\u01b0\u01a1ng Ti\u1ec3n, sinh n\u0103m 1976 t\u1ea1i Ph\u00fac Ch\u00e2u. Anh ch\u1ecdn b\u00fat danh Ti\u00eau \u0110\u1ec9nh v\u00ec th\u1ea5y r\u1eb1ng trong truy\u1ec7n ki\u1ebfm hi\u1ec7p, nh\u1eefng ng\u01b0\u1eddi h\u1ecd Ti\u00eau th\u01b0\u1eddng c\u00f3 v\u00f5 c\u00f4ng cao c\u01b0\u1eddng, c\u00f2n \u0110\u1ec9nh l\u00e0 m\u1ed9t tr\u1ecdng kh\u00ed c\u1ee7a Trung Qu\u1ed1c c\u1ed5 \u0111\u1ea1i. Ti\u00eau \u0110\u1ec9nh ch\u1eadp ch\u1eefng s\u00e1ng t\u00e1c v\u00e0o n\u0103m 2001, \u0111\u01b0\u1ee3c khuy\u1ebfn kh\u00edch b\u1edfi hai y\u1ebfu t\u1ed1 l\u00e0 th\u1eeba th\u1eddi gian (do \u0111ang th\u1ea5t nghi\u1ec7p) v\u00e0 tr\u00e0o l\u01b0u v\u0103n h\u1ecdc m\u1ea1ng (do phong tr\u00e0o s\u00e1ng t\u00e1c tr\u00ean m\u1ea1ng Trung Qu\u1ed1c l\u00fac \u0111\u00f3 b\u1eaft \u0111\u1ea7u n\u1edf r\u1ed9).<\/p>\n<p>N\u0103m 2001, Ti\u00eau \u0110\u1ec9nh d\u1ea5n th\u00e2n v\u00e0o th\u1ec3 lo\u1ea1i huy\u1ec1n \u1ea3o khi t\u00ecnh c\u1edd tham gia m\u1ed9t t\u1ea1p ch\u00ed online t\u00ean l\u00e0 Ng\u01b0\u1eddi m\u01a1 m\u1ed9ng. M\u1ed9t ng\u00e0y \u0111\u1eb9p tr\u1eddi, v\u00e0i nh\u00e2n v\u1eadt c\u1ed1t c\u00e1n trong t\u1ea1p ch\u00ed r\u1ee7 nhau vi\u1ebft chung m\u1ed9t t\u00e1c ph\u1ea9m ki\u1ebfm hi\u1ec7p pha huy\u1ec1n \u1ea3o, c\u0169ng ch\u00ednh nh\u00f3m n\u00e0y l\u00e0 t\u00e1c gi\u1ea3 cho nh\u1eefng \u00fd t\u01b0\u1edfng \u0111\u1ea7u ti\u00ean c\u1ee7a Tru Ti\u00ean. \u0110\u01b0\u1ee3c m\u1ed9t th\u1eddi gian th\u00ec nh\u00f3m \u0111\u00e3 gi\u1ea3i t\u00e1n, ch\u1ec9 c\u00f2n m\u00ecnh Ti\u00eau \u0110\u1ec9nh v\u1eabn ki\u00ean tr\u00ec h\u1ee9ng th\u00fa. Ti\u1ebfc r\u1eb1ng l\u00fac \u0111\u00f3 b\u00fat l\u1ef1c ch\u01b0a \u0111\u1ee7, \u00fd t\u01b0\u1edfng c\u0169ng ch\u01b0a r\u00f5 r\u1ec7t, n\u00ean anh g\u00e1c b\u1ea3n ph\u00e1c th\u1ea3o d\u1edf dang \u1ea5y sang m\u1ed9t b\u00ean, t\u1eadp vi\u1ebft v\u00e0i truy\u1ec7n ng\u1eafn kh\u00e1c.<\/p>\n<p>\u0110o\u1ea3n thi\u00ean Th\u00e1ng ng\u00e0y ng\u00e2y th\u01a1, t\u00e1c ph\u1ea9m \u0111\u1ea7u tay c\u1ee7a anh, c\u00f2n kh\u00e1 v\u1ee5ng v\u1ec1 tr\u00ean ph\u01b0\u01a1ng di\u1ec7n c\u00e2u t\u1eeb v\u00e0 ng\u00f4n ng\u1eef, nh\u01b0ng l\u00e0 minh ch\u1ee9ng r\u00f5 r\u1ec7t cho t\u00e2m h\u1ed3n l\u00e3ng \u0111\u00e3ng, gi\u00e0u t\u00ecnh c\u1ea3m c\u1ee7a Ti\u00eau \u0110\u1ec9nh, c\u0169ng ch\u00ednh l\u00e0 h\u1ea1t gi\u1ed1ng gieo n\u00ean nh\u1eefng \u0111o\u1ea1n v\u0103n g\u00e2y x\u00fac \u0111\u1ed9ng trong Tru Ti\u00ean sau n\u00e0y. Th\u00e1ng ng\u00e0y ng\u00e2y th\u01a1 ch\u00ecm l\u1ec9m gi\u1eefa m\u1ed9t r\u1eebng r\u1eadm v\u0103n m\u1ea1ng ng\u00f4n t\u00ecnh, nh\u01b0ng b\u1eaft \u0111\u1ea7u th\u1ea5y g\u1eafn b\u00f3 v\u1edbi vi\u1ec7c c\u1ea7m b\u00fat, Ti\u00eau \u0110\u1ec9nh kh\u00f4ng n\u1ea3n ch\u00ed, trong m\u1ed9t n\u0103m ti\u1ebfp theo, anh ti\u1ebfp c\u1eadn d\u1ea7n ch\u1ee7 \u0111\u1ec1 ki\u1ebfm hi\u1ec7p &#8211; huy\u1ec1n \u1ea3o m\u1ed9t c\u00e1ch c\u00f3 \u0111\u1ecbnh h\u01b0\u1edbng th\u00f4ng qua c\u00e1c t\u00e1c ph\u1ea9m Con \u0111\u01b0\u1eddng t\u1ed1i t\u0103m, Tr\u00e1i tim t\u0103m t\u1ed1i, X-game, Ph\u1ea3n ngh\u1ecbch, v\u00e0 \u0111\u1ebfn cu\u1ed1i 2002 l\u00e0\u2026 Tru Ti\u00ean.<\/p>\n<p>Xu\u1ea5t hi\u1ec7n \u0111\u1ea7u th\u1ebf k\u1ef7 21, tho\u1ea1t ti\u00ean Tru Ti\u00ean \u0111\u01b0\u1ee3c \u0111\u00e1nh gi\u00e1 l\u00e0 h\u1eadu du\u1ec7 ti\u1ebfp n\u1ed1i tr\u00e0o l\u01b0u ti\u00ean hi\u1ec7p c\u00f2n m\u1ecfng v\u00e0 \u0111\u1ee9t g\u00e3y t\u1eeb \u0111\u1ea7u th\u1ebf k\u1ef7 20, c\u1ee7a nh\u1eefng Ho\u00e0n Ch\u00e2u L\u00e2u Ch\u1ee7, B\u00ecnh Giang B\u1ea5t Ti\u1ebfu Sinh. Tru Ti\u00ean \u0111\u01b0\u1ee3c x\u1ebfp v\u00e0o d\u1ea1ng \u201cti\u00ean hi\u1ec7p\u201d, c\u00f2n t\u00e1c ph\u1ea9m c\u1ee7a Kim Dung, C\u1ed5 Long l\u00e0 \u201cv\u00f5 hi\u1ec7p\u201d (hay \u201cki\u1ebfm hi\u1ec7p\u201d). Kh\u00e1c bi\u1ec7t gi\u1eefa hai lo\u1ea1i truy\u1ec7n n\u00e0y ch\u1ee7 y\u1ebfu l\u00e0 v\u1ec1 c\u00e1ch th\u1ee9c tu luy\u1ec7n c\u1ee7a cao th\u1ee7 v\u00e0 ph\u1ea1m vi b\u1ed1i c\u1ea3nh c\u1ee7a giang h\u1ed3. Truy\u1ec7n ti\u00ean hi\u1ec7p l\u1ea5y b\u1ed1i c\u1ea3nh l\u00e0 ng\u01b0\u1eddi tu ch\u00e2n, c\u00f3 ph\u00e1p b\u1ea3o, c\u00f3 th\u1ec3 \u0111i m\u00e2y v\u1ec1 gi\u00f3\u2026 c\u00f2n truy\u1ec7n ki\u1ebfm hi\u1ec7p l\u1ea5y b\u1ed1i c\u1ea3nh giang h\u1ed3 b\u00ecnh th\u01b0\u1eddng v\u1edbi nh\u1eefng con ng\u01b0\u1eddi luy\u1ec7n v\u00f5 c\u00f4ng b\u00ecnh th\u01b0\u1eddng.<\/p>\n<p>Tru Ti\u00ean ra \u0111\u1eddi, k\u1ebf th\u1eeba truy\u1ec1n th\u1ed1ng ngh\u0129a hi\u1ec7p c\u1ee7a c\u00e1c ki\u1ebfm kh\u00e1ch c\u1ed5 \u0111\u1ea1i, ch\u1ee9a chan \u01b0\u1edbc v\u1ecdng bay b\u1ed5ng v\u00e0 chinh ph\u1ee5c c\u1ee7a th\u1eddi \u0111\u1ea1i m\u1edbi, l\u1ea1i \u0111i\u1ec3m xuy\u1ebft th\u00eam nh\u1eefng rung \u0111\u1ed9ng tinh t\u1ebf \u0111\u1ea7u \u0111\u1eddi c\u1ee7a c\u00e1c thanh ni\u00ean thi\u1ebfu n\u1eef, n\u00ean \u0111\u00e3 l\u1eadp t\u1ee9c \u0111\u01b0\u1ee3c \u0111\u00f3n nh\u1eadn n\u1ed3ng nhi\u1ec7t. Nh\u01b0ng kh\u00f4ng ch\u1ec9 c\u00f3 th\u1ebf, m\u01b0\u1eddi n\u0103m qua, Tru Ti\u00ean c\u00f2n kh\u1eb3ng \u0111\u1ecbnh vai tr\u00f2 c\u1ee7a m\u00ecnh trong vi\u1ec7c m\u1edf \u0111\u1ea7u m\u1ed9t phong kh\u00ed s\u00e1ng t\u00e1c m\u1edbi c\u1ee7a d\u00f2ng \u201ct\u00e2n hi\u1ec7p\u201d, kh\u00f4ng b\u00f3 g\u1ecdn v\u00e0o ki\u1ebfm hi\u1ec7p, th\u00e1m hi\u1ec7p n\u1eefa, m\u00e0 \u0111\u00e3 m\u1edf r\u1ed9ng th\u00e0nh k\u1ef3 \u1ea3o ph\u01b0\u01a1ng \u0110\u00f4ng, tu ch\u00e2n, huy\u1ec1n \u0111\u1ea1o\u2026 khi\u1ebfn cho d\u00f2ng t\u00e2n hi\u1ec7p ph\u00e1t tri\u1ec3n v\u00e0 t\u1ecfa nh\u00e1nh m\u1ed7i ng\u00e0y m\u1ed9t sum s\u00ea n\u1ea3y n\u1edf, ranh gi\u1edbi gi\u1eefa c\u00e1c th\u1ec3 lo\u1ea1i ng\u00e0y m\u1ed9t nh\u00f2a m\u1edd v\u00e0 nh\u1edd th\u1ebf, kh\u00f4ng gian v\u0103n h\u1ecdc c\u0169ng \u0111\u01b0\u1ee3c n\u1edbi r\u1ed9ng bi\u00ean gi\u1edbi, t\u00ednh phong ph\u00fa v\u00e0 \u0111a th\u1ec3 lo\u1ea1i tr\u00ean m\u1ed7i t\u00e1c ph\u1ea9m c\u00e0ng ng\u00e0y c\u00e0ng r\u00f5 n\u00e9t.<\/p>\n","protected":false},"featured_media":8631,"template":"","meta":{"_acf_changed":false},"product_brand":[],"product_cat":[15,74],"product_tag":[],"class_list":{"0":"post-8632","1":"product","2":"type-product","3":"status-publish","4":"has-post-thumbnail","6":"product_cat-sach-danh-cho-nguoi-lon","7":"product_cat-vien-tuong-kiem-hiep","9":"first","10":"outofstock","11":"taxable","12":"shipping-taxable","13":"purchasable","14":"product-type-simple"},"supplier_id":null,"supplier_sku":"","barcode":null,"atum_controlled":true,"out_stock_date":"2024-04-18 11:29:39","out_stock_threshold":null,"inheritable":false,"inbound_stock":0,"stock_on_hold":0,"sold_today":0,"sales_last_days":0,"reserved_stock":0,"customer_returns":0,"warehouse_damage":0,"lost_in_post":0,"other_logs":0,"out_stock_days":650,"lost_sales":0,"has_location":false,"update_date":"2026-01-28T23:10:43","atum_locations":[],"atum_stock_status":"outofstock","restock_status":false,"low_stock_amount":"","sales_update_date":"2026-01-28T23:10:43","calc_backorders":null,"acf":{"publisher":{"ID":8612,"post_author":"1","post_date":"2021-04-28 14:27:30","post_date_gmt":"2021-04-28 11:27:30","post_content":"","post_title":"IPM","post_excerpt":"","post_status":"publish","comment_status":"closed","ping_status":"closed","post_password":"","post_name":"ipm","to_ping":"","pinged":"","post_modified":"2021-04-28 14:27:30","post_modified_gmt":"2021-04-28 11:27:30","post_content_filtered":"","post_parent":0,"guid":"https:\/\/sachviet.eu\/nha-phat-hanh\/ipm\/","menu_order":0,"post_type":"publisher","post_mime_type":"","comment_count":"0","filter":"raw"}},"_links":{"self":[{"href":"https:\/\/sachviet.eu\/en\/wp-json\/wp\/v2\/product\/8632","targetHints":{"allow":["GET"]}}],"collection":[{"href":"https:\/\/sachviet.eu\/en\/wp-json\/wp\/v2\/product"}],"about":[{"href":"https:\/\/sachviet.eu\/en\/wp-json\/wp\/v2\/types\/product"}],"wp:featuredmedia":[{"embeddable":true,"href":"https:\/\/sachviet.eu\/en\/wp-json\/wp\/v2\/media\/8631"}],"wp:attachment":[{"href":"https:\/\/sachviet.eu\/en\/wp-json\/wp\/v2\/media?parent=8632"}],"wp:term":[{"taxonomy":"product_brand","embeddable":true,"href":"https:\/\/sachviet.eu\/en\/wp-json\/wp\/v2\/product_brand?post=8632"},{"taxonomy":"product_cat","embeddable":true,"href":"https:\/\/sachviet.eu\/en\/wp-json\/wp\/v2\/product_cat?post=8632"},{"taxonomy":"product_tag","embeddable":true,"href":"https:\/\/sachviet.eu\/en\/wp-json\/wp\/v2\/product_tag?post=8632"}],"curies":[{"name":"wp","href":"https:\/\/api.w.org\/{rel}","templated":true}]}}