{"id":8630,"date":"2021-04-28T14:28:29","date_gmt":"2021-04-28T11:28:29","guid":{"rendered":"https:\/\/sachviet.eu\/shop\/tieng-goi-cua-hoang-da-tai-ban-2020\/"},"modified":"2024-06-17T07:00:55","modified_gmt":"2024-06-17T04:00:55","slug":"tieng-goi-cua-hoang-da-tai-ban-2020","status":"publish","type":"product","link":"https:\/\/sachviet.eu\/en\/shop\/tieng-goi-cua-hoang-da-tai-ban-2020\/","title":{"rendered":"Ti\u1ebfng G\u1ecdi C\u1ee7a Hoang D\u00e3 (\u0110\u00f4ng A)"},"content":{"rendered":"<p>G\u1ed3m b\u1ed1n truy\u1ec7n ng\u1eafn v\u00e0 m\u1ed9t ti\u1ec3u thuy\u1ebft, tuy\u1ec3n t\u1eadp Ti\u1ebfng g\u1ecdi c\u1ee7a Hoang D\u00e3 t\u1eadp h\u1ee3p nh\u1eefng t\u00e1c ph\u1ea9m ti\u00eau bi\u1ec3u nh\u1ea5t c\u1ee7a Jack London.<\/p>\n<p>M\u1ed9t t\u1ea7m nh\u00ecn bao qu\u00e1t, l\u01b0\u1ee3ng s\u1ef1 ki\u1ec7n tr\u00e0n tr\u1ec1, t\u00e2m l\u00fd nh\u00e2n v\u1eadt \u0111\u01b0\u1ee3c \u0111\u1ea9y v\u00e0o nh\u1eefng cao tr\u00e0o d\u1eef d\u1ed9i v\u1ec1 c\u1ea3 th\u1ec3 x\u00e1c v\u00e0 t\u00e2m h\u1ed3n l\u00e0 nh\u1eefng g\u00ec Jack London b\u1ed9c l\u1ed9 qua c\u00e1c t\u00e1c ph\u1ea9m n\u00e0y. Trong Nh\u00f3m l\u1eeda, \u0111\u00f3 l\u00e0 cu\u1ed9c \u0111\u1ea5u tranh sinh t\u1ed3n c\u1ee7a con ng\u01b0\u1eddi v\u1edbi thi\u00ean nhi\u00ean. Trong \u0110o\u1ea1n k\u1ebft c\u1ee7a c\u00e2u chuy\u1ec7n c\u1ed5 t\u00edch, \u0111\u00f3 l\u00e0 cu\u1ed9c chi\u1ebfn ph\u1ee9c t\u1ea1p gi\u1eefa s\u1ef1 \u00edch k\u1ec9, \u0111\u1ed1 k\u1ecb v\u1edbi b\u1ea3n ch\u1ea5t cao th\u01b0\u1ee3ng c\u1ee7a con ng\u01b0\u1eddi. Trong S\u1ef1 \u0111i\u00ean r\u1ed3 c\u1ee7a John Harned, \u0111\u00f3 l\u00e0 kh\u00e1c bi\u1ec7t v\u0103n h\u00f3a v\u00e0 t\u00ednh c\u00e1ch d\u1eabn \u0111\u1ebfn tai h\u1ecda th\u1ea3m kh\u1ed1c. Trong K\u1ebb b\u1ecf \u0111\u1ea1o, m\u1ed9t trong nh\u1eefng truy\u1ec7n ng\u1eafn hay nh\u1ea5t c\u1ee7a \u00f4ng, l\u00e0 bi k\u1ecbch c\u1ee7a con ng\u01b0\u1eddi b\u1ecb ch\u00e8n \u00e9p trong lao kh\u1ed5 n\u1eb7ng nh\u1ecdc, b\u1ecb bi\u1ebfn th\u00e0nh c\u1ed7 m\u00e1y \u0111\u1ebfn m\u1ee9c t\u1eaft \u0111i m\u1ecdi hi v\u1ecdng s\u1ed1ng v\u00e0 y\u00eau th\u01b0\u01a1ng.<\/p>\n<p>\u0110\u1ebfn Ti\u1ebfng g\u1ecdi c\u1ee7a Hoang D\u00e3, Jack London m\u1edbi th\u1ec3 hi\u1ec7n t\u1ea5t c\u1ea3 s\u1ee9c m\u1ea1nh c\u1ee7a ng\u00f2i b\u00fat v\u00e0 t\u01b0 t\u01b0\u1edfng c\u1ee7a m\u00ecnh. Ng\u01b0\u1ee3c v\u1edbi Nanh Tr\u1eafng, ch\u00f3 Buck \u0111\u00e3 t\u1eeb th\u1ebf gi\u1edbi v\u0103n minh t\u00ecm ng\u01b0\u1ee3c v\u1ec1 n\u01a1i hoang d\u00e3, \u0111i theo ti\u1ebfng g\u1ecdi t\u1ef1 do ch\u00e2n ch\u00ednh c\u1ee7a gi\u1ed1ng n\u00f2i. Tuy nhi\u00ean, th\u1eb3m s\u00e2u trong Buck v\u1eabn v\u01b0\u01a1ng v\u1ea5n t\u00ecnh c\u1ea3m v\u1edbi con ng\u01b0\u1eddi duy nh\u1ea5t m\u00e0 n\u00f3 th\u01b0\u01a1ng y\u00eau. Buck t\u1ed3n t\u1ea1i \u0111\u1ed9c l\u1eadp v\u1edbi t\u00ednh c\u00e1ch \u0111\u1ed9c \u0111\u00e1o, nh\u01b0 m\u1ed9t nh\u00e2n v\u1eadt kh\u00f4ng th\u1ec3 b\u1ecb che l\u1ea5p.<\/p>\n<p>T\u00ecnh y\u00eau nhi\u1ec7t th\u00e0nh v\u1edbi cu\u1ed9c s\u1ed1ng \u0111\u00e3 t\u1ea1o n\u00ean nh\u1eefng trang vi\u1ebft \u0111\u1ea7y s\u1ee9c cu\u1ed1n h\u00fat c\u1ee7a Jack London v\u00e0 khi\u1ebfn c\u00e1c t\u00e1c ph\u1ea9m c\u1ee7a \u00f4ng \u0111\u01b0\u1ee3c y\u00eau m\u1ebfn tr\u00ean to\u00e0n th\u1ebf gi\u1edbi. T\u00e1c ph\u1ea9m n\u1eb1m trong t\u1ee7 s\u00e1ch \u0110\u00f4ng A Classics.<\/p>\n<p>Th\u00f4ng tin t\u00e1c gi\u1ea3: Jack London (1876 &#8211; 1916)<br \/>\nJack London sinh n\u0103m 1876 t\u1ea1i San Francisco, M\u1ef9. Sau th\u1eddi th\u01a1 \u1ea5u ngh\u00e8o kh\u00f3, \u00f4ng b\u1ecf h\u1ecdc n\u0103m 14 tu\u1ed5i v\u00e0 l\u00e0m nhi\u1ec1u ngh\u1ec1: phu khu\u00e2n v\u00e1c, th\u1ee7y th\u1ee7, c\u00f4ng nh\u00e2n d\u1ec7t\u2026, th\u1eadm ch\u00ed gia nh\u1eadp \u0111o\u00e0n ng\u01b0\u1eddi \u0111\u00e0o v\u00e0ng \u1edf Klondike.<\/p>\n<p>Cu\u1ed9c m\u01b0u sinh v\u1ea5t v\u1ea3 \u0111\u00e3 \u0111em l\u1ea1i cho \u00f4ng v\u1ed1n s\u1ed1ng v\u00f4 c\u00f9ng phong ph\u00fa. T\u1eeb n\u0103m 1902, \u00f4ng b\u1eaft \u0111\u1ea7u qu\u00e1 tr\u00ednh s\u00e1ng t\u00e1c sung s\u1ee9c v\u00e0 tr\u1edf th\u00e0nh m\u1ed9t trong nh\u1eefng ng\u01b0\u1eddi M\u1ef9 \u0111\u1ea7u ti\u00ean th\u00e0nh c\u00f4ng v\u1ec1 m\u1eb7t t\u00e0i ch\u00ednh t\u1eeb ngh\u1ec1 vi\u1ebft v\u0103n, v\u1edbi h\u00e0ng ch\u1ee5c ti\u1ec3u thuy\u1ebft, truy\u1ec7n ng\u1eafn, ti\u1ec3u lu\u1eadn tr\u00e0n \u0111\u1ea7y tinh th\u1ea7n nhi\u1ec7t th\u00e0nh ch\u1ed1ng l\u1ea1i nh\u1eefng b\u1ea5t c\u00f4ng trong x\u00e3 h\u1ed9i, trong \u0111\u00f3 c\u00f3 T\u00ecnh y\u00eau cu\u1ed9c s\u1ed1ng (truy\u1ec7n ng\u1eafn, 1905), Nanh tr\u1eafng (ti\u1ec3u thuy\u1ebft, 1906), Martin Eden (ti\u1ec3u thuy\u1ebft, 1909)\u2026<\/p>\n<p>Ti\u1ebfng g\u1ecdi c\u1ee7a Hoang D\u00e3 (1903) l\u00e0 ti\u1ec3u thuy\u1ebft c\u00f3 nhi\u1ec1u ng\u01b0\u1eddi \u0111\u1ecdc nh\u1ea5t c\u1ee7a Jack London v\u00e0 \u0111\u01b0\u1ee3c xem l\u00e0 t\u00e1c ph\u1ea9m hay nh\u1ea5t c\u1ee7a \u00f4ng. Cu\u1ed1n s\u00e1ch \u0111\u00e3 \u0111\u01b0\u1ee3c nhi\u1ec1u l\u1ea7n chuy\u1ec3n th\u1ec3 th\u00e0nh phim \u0111i\u1ec7n \u1ea3nh, truy\u1ec1n h\u00ecnh v\u00e0 anime.<br \/>\nJack London qua \u0111\u1eddi ng\u00e0y 22 th\u00e1ng m\u01b0\u1eddi m\u1ed9t n\u0103m 1916.<\/p>\n","protected":false},"excerpt":{"rendered":"<p>G\u1ed3m b\u1ed1n truy\u1ec7n ng\u1eafn v\u00e0 m\u1ed9t ti\u1ec3u thuy\u1ebft, tuy\u1ec3n t\u1eadp Ti\u1ebfng g\u1ecdi c\u1ee7a Hoang D\u00e3 t\u1eadp h\u1ee3p nh\u1eefng t\u00e1c ph\u1ea9m ti\u00eau bi\u1ec3u nh\u1ea5t c\u1ee7a Jack London.<\/p>\n<p>M\u1ed9t t\u1ea7m nh\u00ecn bao qu\u00e1t, l\u01b0\u1ee3ng s\u1ef1 ki\u1ec7n tr\u00e0n tr\u1ec1, t\u00e2m l\u00fd nh\u00e2n v\u1eadt \u0111\u01b0\u1ee3c \u0111\u1ea9y v\u00e0o nh\u1eefng cao tr\u00e0o d\u1eef d\u1ed9i v\u1ec1 c\u1ea3 th\u1ec3 x\u00e1c v\u00e0 t\u00e2m h\u1ed3n l\u00e0 nh\u1eefng g\u00ec Jack London b\u1ed9c l\u1ed9 qua c\u00e1c t\u00e1c ph\u1ea9m n\u00e0y. Trong Nh\u00f3m l\u1eeda, \u0111\u00f3 l\u00e0 cu\u1ed9c \u0111\u1ea5u tranh sinh t\u1ed3n c\u1ee7a con ng\u01b0\u1eddi v\u1edbi thi\u00ean nhi\u00ean. Trong \u0110o\u1ea1n k\u1ebft c\u1ee7a c\u00e2u chuy\u1ec7n c\u1ed5 t\u00edch, \u0111\u00f3 l\u00e0 cu\u1ed9c chi\u1ebfn ph\u1ee9c t\u1ea1p gi\u1eefa s\u1ef1 \u00edch k\u1ec9, \u0111\u1ed1 k\u1ecb v\u1edbi b\u1ea3n ch\u1ea5t cao th\u01b0\u1ee3ng c\u1ee7a con ng\u01b0\u1eddi. Trong S\u1ef1 \u0111i\u00ean r\u1ed3 c\u1ee7a John Harned, \u0111\u00f3 l\u00e0 kh\u00e1c bi\u1ec7t v\u0103n h\u00f3a v\u00e0 t\u00ednh c\u00e1ch d\u1eabn \u0111\u1ebfn tai h\u1ecda th\u1ea3m kh\u1ed1c. Trong K\u1ebb b\u1ecf \u0111\u1ea1o, m\u1ed9t trong nh\u1eefng truy\u1ec7n ng\u1eafn hay nh\u1ea5t c\u1ee7a \u00f4ng, l\u00e0 bi k\u1ecbch c\u1ee7a con ng\u01b0\u1eddi b\u1ecb ch\u00e8n \u00e9p trong lao kh\u1ed5 n\u1eb7ng nh\u1ecdc, b\u1ecb bi\u1ebfn th\u00e0nh c\u1ed7 m\u00e1y \u0111\u1ebfn m\u1ee9c t\u1eaft \u0111i m\u1ecdi hi v\u1ecdng s\u1ed1ng v\u00e0 y\u00eau th\u01b0\u01a1ng.<\/p>\n<p>\u0110\u1ebfn Ti\u1ebfng g\u1ecdi c\u1ee7a Hoang D\u00e3, Jack London m\u1edbi th\u1ec3 hi\u1ec7n t\u1ea5t c\u1ea3 s\u1ee9c m\u1ea1nh c\u1ee7a ng\u00f2i b\u00fat v\u00e0 t\u01b0 t\u01b0\u1edfng c\u1ee7a m\u00ecnh. Ng\u01b0\u1ee3c v\u1edbi Nanh Tr\u1eafng, ch\u00f3 Buck \u0111\u00e3 t\u1eeb th\u1ebf gi\u1edbi v\u0103n minh t\u00ecm ng\u01b0\u1ee3c v\u1ec1 n\u01a1i hoang d\u00e3, \u0111i theo ti\u1ebfng g\u1ecdi t\u1ef1 do ch\u00e2n ch\u00ednh c\u1ee7a gi\u1ed1ng n\u00f2i. Tuy nhi\u00ean, th\u1eb3m s\u00e2u trong Buck v\u1eabn v\u01b0\u01a1ng v\u1ea5n t\u00ecnh c\u1ea3m v\u1edbi con ng\u01b0\u1eddi duy nh\u1ea5t m\u00e0 n\u00f3 th\u01b0\u01a1ng y\u00eau. Buck t\u1ed3n t\u1ea1i \u0111\u1ed9c l\u1eadp v\u1edbi t\u00ednh c\u00e1ch \u0111\u1ed9c \u0111\u00e1o, nh\u01b0 m\u1ed9t nh\u00e2n v\u1eadt kh\u00f4ng th\u1ec3 b\u1ecb che l\u1ea5p.<\/p>\n<p>T\u00ecnh y\u00eau nhi\u1ec7t th\u00e0nh v\u1edbi cu\u1ed9c s\u1ed1ng \u0111\u00e3 t\u1ea1o n\u00ean nh\u1eefng trang vi\u1ebft \u0111\u1ea7y s\u1ee9c cu\u1ed1n h\u00fat c\u1ee7a Jack London v\u00e0 khi\u1ebfn c\u00e1c t\u00e1c ph\u1ea9m c\u1ee7a \u00f4ng \u0111\u01b0\u1ee3c y\u00eau m\u1ebfn tr\u00ean to\u00e0n th\u1ebf gi\u1edbi. T\u00e1c ph\u1ea9m n\u1eb1m trong t\u1ee7 s\u00e1ch \u0110\u00f4ng A Classics.<\/p>\n","protected":false},"featured_media":8628,"template":"","meta":{"_acf_changed":false},"product_brand":[],"product_cat":[17,26,77],"product_tag":[],"class_list":{"0":"post-8630","1":"product","2":"type-product","3":"status-publish","4":"has-post-thumbnail","6":"product_cat-sach-danh-cho-cac-be","7":"product_cat-thieu-nien-11-tuoi-18-tuoi","8":"product_cat-van-hoc-kinh-dien","10":"first","11":"outofstock","12":"taxable","13":"shipping-taxable","14":"purchasable","15":"product-type-simple"},"supplier_id":null,"supplier_sku":"","barcode":null,"atum_controlled":true,"out_stock_date":"2024-06-17 04:00:55","out_stock_threshold":null,"inheritable":false,"inbound_stock":0,"stock_on_hold":0,"sold_today":0,"sales_last_days":0,"reserved_stock":0,"customer_returns":0,"warehouse_damage":0,"lost_in_post":0,"other_logs":0,"out_stock_days":590,"lost_sales":0,"has_location":false,"update_date":"2026-01-28T23:11:18","atum_locations":[],"atum_stock_status":"outofstock","restock_status":false,"low_stock_amount":"","sales_update_date":"2026-01-28T23:11:18","calc_backorders":null,"acf":{"publisher":{"ID":1544,"post_author":"1","post_date":"2021-02-17 01:24:05","post_date_gmt":"2021-02-16 23:24:05","post_content":"","post_title":"\u0110\u00f4ng A","post_excerpt":"","post_status":"publish","comment_status":"closed","ping_status":"closed","post_password":"","post_name":"dong-a","to_ping":"","pinged":"","post_modified":"2021-02-17 01:24:05","post_modified_gmt":"2021-02-16 23:24:05","post_content_filtered":"","post_parent":0,"guid":"https:\/\/sachviet.eu\/nha-phat-hanh\/dong-a\/","menu_order":0,"post_type":"publisher","post_mime_type":"","comment_count":"0","filter":"raw"}},"_links":{"self":[{"href":"https:\/\/sachviet.eu\/en\/wp-json\/wp\/v2\/product\/8630","targetHints":{"allow":["GET"]}}],"collection":[{"href":"https:\/\/sachviet.eu\/en\/wp-json\/wp\/v2\/product"}],"about":[{"href":"https:\/\/sachviet.eu\/en\/wp-json\/wp\/v2\/types\/product"}],"wp:featuredmedia":[{"embeddable":true,"href":"https:\/\/sachviet.eu\/en\/wp-json\/wp\/v2\/media\/8628"}],"wp:attachment":[{"href":"https:\/\/sachviet.eu\/en\/wp-json\/wp\/v2\/media?parent=8630"}],"wp:term":[{"taxonomy":"product_brand","embeddable":true,"href":"https:\/\/sachviet.eu\/en\/wp-json\/wp\/v2\/product_brand?post=8630"},{"taxonomy":"product_cat","embeddable":true,"href":"https:\/\/sachviet.eu\/en\/wp-json\/wp\/v2\/product_cat?post=8630"},{"taxonomy":"product_tag","embeddable":true,"href":"https:\/\/sachviet.eu\/en\/wp-json\/wp\/v2\/product_tag?post=8630"}],"curies":[{"name":"wp","href":"https:\/\/api.w.org\/{rel}","templated":true}]}}