{"id":8624,"date":"2021-04-28T14:28:15","date_gmt":"2021-04-28T11:28:15","guid":{"rendered":"https:\/\/sachviet.eu\/shop\/ky-an-anh-trang-phien-ban-moi\/"},"modified":"2021-05-17T17:33:29","modified_gmt":"2021-05-17T14:33:29","slug":"ky-an-anh-trang-phien-ban-moi","status":"publish","type":"product","link":"https:\/\/sachviet.eu\/en\/shop\/ky-an-anh-trang-phien-ban-moi\/","title":{"rendered":"K\u1ef3 \u00c1n \u00c1nh Tr\u0103ng (Phi\u00ean B\u1ea3n M\u1edbi)"},"content":{"rendered":"<p>\u0110\u00e3 m\u01b0\u1eddi s\u00e1u n\u0103m r\u1ed3i, c\u1ee9 v\u00e0o n\u1eeda \u0111\u00eam 16 th\u00e1ng S\u00e1u l\u00e0 c\u00f3 ng\u01b0\u1eddi t\u1edbi s\u1ed1, m\u1ee5 m\u1eabm tr\u00e8o l\u00ean b\u1eadu c\u1eeda ph\u00f2ng 405, lao \u0111\u1ea7u xu\u1ed1ng s\u00e2n v\u00e0 ch\u1ebft.<\/p>\n<p>D\u00f9 \u0111\u01b0\u1ee3c di t\u1ea3n ra ngo\u00e0i \u0111\u1ec3 tr\u00e1nh n\u1ea1n th\u00ec v\u00e0o th\u1eddi kh\u1eafc \u0111\u1ecbnh m\u1ec7nh \u0111\u00f3, ng\u01b0\u1eddi t\u1edbi s\u1ed1 v\u1eabn m\u00f2 v\u1ec1, tr\u00e8o l\u00ean b\u1eadu c\u1eeda ph\u00f2ng 405, lao \u0111\u1ea7u xu\u1ed1ng s\u00e2n v\u00e0 ch\u1ebft.<\/p>\n<p>D\u00f9 \u0111\u01b0\u1ee3c canh g\u00e1c ng\u0103n ch\u1eb7n th\u00ec v\u00e0o th\u1eddi kh\u1eafc \u0111\u1ecbnh m\u1ec7nh \u0111\u00f3, ng\u01b0\u1eddi t\u1edbi s\u1ed1 v\u1eabn t\u00ecm c\u00e1ch l\u1ecdt v\u00e0o, tr\u00e8o l\u00ean b\u1eadu c\u1eeda ph\u00f2ng 405, lao \u0111\u1ea7u xu\u1ed1ng s\u00e2n v\u00e0 ch\u1ebft.<\/p>\n<p> Ng\u01b0\u1eddi t\u1edbi s\u1ed1 n\u0103m nay l\u00e0 Di\u1ec7p Hinh. Kh\u00f4ng cam ch\u1ecbu l\u1eddi nguy\u1ec1n tr\u00e1i ngang n\u00e0y, c\u00f4 t\u00ecm g\u1eb7p ng\u01b0\u1eddi duy nh\u1ea5t tho\u00e1t n\u1ea1n trong m\u01b0\u1eddi s\u00e1u n\u0103m qua \u0111\u1ec3 h\u1ecdc h\u1ecfi kinh nghi\u1ec7m, ng\u01b0\u1eddi ta li\u1ec1n tr\u00e8o l\u00ean b\u1eadu c\u1eeda s\u1ed5 ngay tr\u01b0\u1edbc m\u1eaft c\u00f4, lao \u0111\u1ea7u xu\u1ed1ng s\u00e2n v\u00e0 ch\u1ebft.<\/p>\n<p>\u0110\u1ebfn l\u00fac Di\u1ec7p Hinh b\u1ebf t\u1eafc bu\u00f4ng tay, \u0111\u00e3 s\u1eb5n s\u00e0ng cho vi\u1ec7c tr\u00e8o l\u00ean b\u1eadu c\u1eeda, th\u00ec m\u1ed9t ng\u01b0\u1eddi kh\u00e1c l\u1ea1i tranh su\u1ea5t c\u1ee7a c\u00f4, chu\u1ea9n b\u1ecb lao \u0111\u1ea7u xu\u1ed1ng s\u00e2n \u0111\u1ec3 ch\u1ebft\u2026<\/p>\n<p>N\u1ec1n s\u00e2n, b\u1eadu c\u1eeda, v\u00e0 ph\u00f2ng 405\u2026 v\u00ec l\u1ebd g\u00ec l\u1ea1i h\u00fat kh\u00e1ch vi\u1ebfng th\u0103m \u0111\u1ecba ng\u1ee5c t\u1edbi v\u1eady?<\/p>\n<p>Bi k\u1ecbch sinh ra t\u1eeb \u201c\u00c1nh Tr\u0103ng\u201d.<\/p>\n","protected":false},"excerpt":{"rendered":"<p>\u0110\u00e3 m\u01b0\u1eddi s\u00e1u n\u0103m r\u1ed3i, c\u1ee9 v\u00e0o n\u1eeda \u0111\u00eam 16 th\u00e1ng S\u00e1u l\u00e0 c\u00f3 ng\u01b0\u1eddi t\u1edbi s\u1ed1, m\u1ee5 m\u1eabm tr\u00e8o l\u00ean b\u1eadu c\u1eeda ph\u00f2ng 405, lao \u0111\u1ea7u xu\u1ed1ng s\u00e2n v\u00e0 ch\u1ebft.<\/p>\n<p>D\u00f9 \u0111\u01b0\u1ee3c di t\u1ea3n ra ngo\u00e0i \u0111\u1ec3 tr\u00e1nh n\u1ea1n th\u00ec v\u00e0o th\u1eddi kh\u1eafc \u0111\u1ecbnh m\u1ec7nh \u0111\u00f3, ng\u01b0\u1eddi t\u1edbi s\u1ed1 v\u1eabn m\u00f2 v\u1ec1, tr\u00e8o l\u00ean b\u1eadu c\u1eeda ph\u00f2ng 405, lao \u0111\u1ea7u xu\u1ed1ng s\u00e2n v\u00e0 ch\u1ebft.<\/p>\n<p>D\u00f9 \u0111\u01b0\u1ee3c canh g\u00e1c ng\u0103n ch\u1eb7n th\u00ec v\u00e0o th\u1eddi kh\u1eafc \u0111\u1ecbnh m\u1ec7nh \u0111\u00f3, ng\u01b0\u1eddi t\u1edbi s\u1ed1 v\u1eabn t\u00ecm c\u00e1ch l\u1ecdt v\u00e0o, tr\u00e8o l\u00ean b\u1eadu c\u1eeda ph\u00f2ng 405, lao \u0111\u1ea7u xu\u1ed1ng s\u00e2n v\u00e0 ch\u1ebft.<\/p>\n<p> Ng\u01b0\u1eddi t\u1edbi s\u1ed1 n\u0103m nay l\u00e0 Di\u1ec7p Hinh. Kh\u00f4ng cam ch\u1ecbu l\u1eddi nguy\u1ec1n tr\u00e1i ngang n\u00e0y, c\u00f4 t\u00ecm g\u1eb7p ng\u01b0\u1eddi duy nh\u1ea5t tho\u00e1t n\u1ea1n trong m\u01b0\u1eddi s\u00e1u n\u0103m qua \u0111\u1ec3 h\u1ecdc h\u1ecfi kinh nghi\u1ec7m, ng\u01b0\u1eddi ta li\u1ec1n tr\u00e8o l\u00ean b\u1eadu c\u1eeda s\u1ed5 ngay tr\u01b0\u1edbc m\u1eaft c\u00f4, lao \u0111\u1ea7u xu\u1ed1ng s\u00e2n v\u00e0 ch\u1ebft.<\/p>\n<p>\u0110\u1ebfn l\u00fac Di\u1ec7p Hinh b\u1ebf t\u1eafc bu\u00f4ng tay, \u0111\u00e3 s\u1eb5n s\u00e0ng cho vi\u1ec7c tr\u00e8o l\u00ean b\u1eadu c\u1eeda, th\u00ec m\u1ed9t ng\u01b0\u1eddi kh\u00e1c l\u1ea1i tranh su\u1ea5t c\u1ee7a c\u00f4, chu\u1ea9n b\u1ecb lao \u0111\u1ea7u xu\u1ed1ng s\u00e2n \u0111\u1ec3 ch\u1ebft\u2026<\/p>\n<p>N\u1ec1n s\u00e2n, b\u1eadu c\u1eeda, v\u00e0 ph\u00f2ng 405\u2026 v\u00ec l\u1ebd g\u00ec l\u1ea1i h\u00fat kh\u00e1ch vi\u1ebfng th\u0103m \u0111\u1ecba ng\u1ee5c t\u1edbi v\u1eady?<\/p>\n<p>Bi k\u1ecbch sinh ra t\u1eeb \u201c\u00c1nh Tr\u0103ng\u201d.<\/p>\n","protected":false},"featured_media":8613,"template":"","meta":{"_acf_changed":false},"product_brand":[],"product_cat":[15,72],"product_tag":[],"class_list":{"0":"post-8624","1":"product","2":"type-product","3":"status-publish","4":"has-post-thumbnail","6":"product_cat-sach-danh-cho-nguoi-lon","7":"product_cat-trinh-tham-kinh-di","9":"first","10":"outofstock","11":"taxable","12":"shipping-taxable","13":"purchasable","14":"product-type-simple"},"supplier_id":null,"supplier_sku":"","barcode":null,"atum_controlled":true,"out_stock_date":"2021-04-28 19:52:35","out_stock_threshold":null,"inheritable":false,"inbound_stock":0,"stock_on_hold":0,"sold_today":0,"sales_last_days":0,"reserved_stock":0,"customer_returns":0,"warehouse_damage":0,"lost_in_post":0,"other_logs":0,"out_stock_days":1736,"lost_sales":0,"has_location":false,"update_date":"2026-01-28T23:10:43","atum_locations":[],"atum_stock_status":"outofstock","restock_status":false,"low_stock_amount":"","sales_update_date":"2026-01-28T23:10:43","calc_backorders":null,"acf":{"publisher":{"ID":8612,"post_author":"1","post_date":"2021-04-28 14:27:30","post_date_gmt":"2021-04-28 11:27:30","post_content":"","post_title":"IPM","post_excerpt":"","post_status":"publish","comment_status":"closed","ping_status":"closed","post_password":"","post_name":"ipm","to_ping":"","pinged":"","post_modified":"2021-04-28 14:27:30","post_modified_gmt":"2021-04-28 11:27:30","post_content_filtered":"","post_parent":0,"guid":"https:\/\/sachviet.eu\/nha-phat-hanh\/ipm\/","menu_order":0,"post_type":"publisher","post_mime_type":"","comment_count":"0","filter":"raw"}},"_links":{"self":[{"href":"https:\/\/sachviet.eu\/en\/wp-json\/wp\/v2\/product\/8624","targetHints":{"allow":["GET"]}}],"collection":[{"href":"https:\/\/sachviet.eu\/en\/wp-json\/wp\/v2\/product"}],"about":[{"href":"https:\/\/sachviet.eu\/en\/wp-json\/wp\/v2\/types\/product"}],"wp:featuredmedia":[{"embeddable":true,"href":"https:\/\/sachviet.eu\/en\/wp-json\/wp\/v2\/media\/8613"}],"wp:attachment":[{"href":"https:\/\/sachviet.eu\/en\/wp-json\/wp\/v2\/media?parent=8624"}],"wp:term":[{"taxonomy":"product_brand","embeddable":true,"href":"https:\/\/sachviet.eu\/en\/wp-json\/wp\/v2\/product_brand?post=8624"},{"taxonomy":"product_cat","embeddable":true,"href":"https:\/\/sachviet.eu\/en\/wp-json\/wp\/v2\/product_cat?post=8624"},{"taxonomy":"product_tag","embeddable":true,"href":"https:\/\/sachviet.eu\/en\/wp-json\/wp\/v2\/product_tag?post=8624"}],"curies":[{"name":"wp","href":"https:\/\/api.w.org\/{rel}","templated":true}]}}