{"id":8611,"date":"2021-04-28T14:27:28","date_gmt":"2021-04-28T11:27:28","guid":{"rendered":"https:\/\/sachviet.eu\/shop\/tam-ly-hoc-tinh-cach\/"},"modified":"2021-09-03T01:29:25","modified_gmt":"2021-09-02T22:29:25","slug":"tam-ly-hoc-tinh-cach","status":"publish","type":"product","link":"https:\/\/sachviet.eu\/en\/shop\/tam-ly-hoc-tinh-cach\/","title":{"rendered":"T\u00e2m L\u00fd H\u1ecdc T\u00ednh C\u00e1ch"},"content":{"rendered":"<p>N\u1ed1i ti\u1ebfp cu\u1ed1n s\u00e1ch Best seller T\u00e2m l\u00fd h\u1ecdc h\u00e0nh vi, l\u1ea7n n\u00e0y T\u1ee7 s\u00e1ch Ki\u1ebfn th\u1ee9c v\u1ec1 k\u1ef9 n\u0103ng s\u1ed1ng c\u1ee7a Mintbooks xin gi\u1edbi thi\u1ec7u t\u1edbi b\u1ea1n \u0111\u1ecdc cu\u1ed1n b\u00ed k\u00edp g\u00e2y s\u1ed1t T\u00e2m l\u00fd h\u1ecdc t\u00ednh c\u00e1ch \u2013 t\u00e1c ph\u1ea9m \u0111\u01b0\u1ee3c h\u00e0ng tri\u1ec7u b\u1ea1n tr\u1ebb Trung Qu\u1ed1c t\u00ecm \u0111\u1ecdc.<\/p>\n<p>V\u1edbi 312 trang s\u00e1ch, b\u1ea1n s\u1ebd kh\u00e1m ph\u00e1 ngay:<\/p>\n<p>Nh\u1eadp m\u00f4n ch\u00edn ki\u1ec3u h\u00ecnh t\u00ednh c\u00e1ch<\/p>\n<p>Gi\u00fap ph\u00e1n \u0111o\u00e1n ki\u1ec3u h\u00ecnh t\u00ednh c\u00e1ch c\u1ee7a ch\u00ednh m\u00ecnh<\/p>\n<p>Nh\u00ecn th\u1ea5u b\u1ea3n th\u00e2n trong c\u00f4ng vi\u1ec7c, t\u00ecnh y\u00eau v\u00e0 c\u00e1c m\u1ed1i quan h\u1ec7 x\u00e3 h\u1ed9i.<\/p>\n<p>Tr\u00ean th\u1ebf gi\u1edbi n\u00e0y, c\u00f3 ai kh\u00f4ng quan t\u00e2m t\u1edbi t\u00ednh c\u00e1ch c\u1ee7a m\u00ecnh? Ch\u00fang ta lu\u00f4n mu\u1ed1n bi\u1ebft v\u1ec1 t\u00ednh c\u00e1ch c\u1ee7a m\u00ecnh c\u00e0ng nhi\u1ec1u c\u00e0ng t\u1ed1t.<\/p>\n<p>Ch\u1eafp b\u00fat b\u1edfi chuy\u00ean gia trong l\u0129nh v\u1ef1c t\u00e2m l\u00fd h\u1ecdc &#8211; ti\u1ebfn s\u0129 Tr\u00e2u Ho\u00e0ng Minh, cu\u1ed1n s\u00e1ch s\u1ebd gi\u1edbi thi\u1ec7u t\u1edbi b\u1ea1n \u0111\u1ecdc nh\u1eefng tri th\u1ee9c v\u00e0 k\u0129 n\u0103ng c\u1ea7n thi\u1ebft trong vi\u1ec7c ph\u00e2n t\u00edch t\u00ednh c\u00e1ch con ng\u01b0\u1eddi.<\/p>\n<p>\u201cT\u00e2m l\u00fd h\u1ecdc t\u00ednh c\u00e1ch\u201d l\u1ea5y \u201cch\u00edn ki\u1ec3u h\u00ecnh t\u00ednh c\u00e1ch\u201d l\u00e0m tr\u1ecdng t\u00e2m, v\u1edbi n\u1ec1n t\u1ea3ng l\u00e0 nh\u1eefng l\u00fd lu\u1eadn c\u1ee7a t\u00e2m l\u00fd h\u1ecdc t\u00ednh c\u00e1ch v\u00e0 t\u00e2m l\u00fd h\u1ecdc chi\u1ec1u s\u00e2u , gi\u1edbi thi\u1ec7u \u0111\u1ebfn b\u1ea1n \u0111\u1ecdc m\u1ed9t c\u00e1ch chi ti\u1ebft v\u1ec1 \u0111\u1eb7c tr\u01b0ng v\u00e0 ph\u01b0\u01a1ng ph\u00e1p c\u1ea3i thi\u1ec7n khuy\u1ebft \u0111i\u1ec3m d\u00e0nh cho ch\u00edn ki\u1ec3u h\u00ecnh t\u00ednh c\u00e1ch c\u1ee7a con ng\u01b0\u1eddi.<\/p>\n<p>V\u1edbi ng\u00f4n t\u1eeb d\u1ec5 hi\u1ec3u, v\u00ed d\u1ee5 sinh \u0111\u1ed9ng c\u00f9ng n\u1ed9i dung chi ti\u1ebft mang t\u00ednh x\u00e1c th\u1ef1c cao, t\u00f4i tin r\u1eb1ng cu\u1ed1n s\u00e1ch n\u00e0y kh\u00f4ng ch\u1ec9 gi\u00fap b\u1ea1n \u0111\u1ecdc nh\u1eadn th\u1ee9c \u0111\u01b0\u1ee3c ki\u1ec3u h\u00ecnh t\u00ednh c\u00e1ch c\u1ee7a b\u1ea3n th\u00e2n, m\u00e0 quan tr\u1ecdng h\u01a1n l\u00e0 gi\u00fap c\u00e1c b\u1ea1n ph\u00e1t huy s\u1edf tr\u01b0\u1eddng, \u0111\u1ed3ng th\u1eddi kh\u1eafc ph\u1ee5c khi\u1ebfm khuy\u1ebft c\u1ee7a ch\u00ednh m\u00ecnh.<\/p>\n<p>C\u00f3 th\u1ec3 n\u00f3i, cu\u1ed1n s\u00e1ch n\u00e0y cung c\u1ea5p cho \u0111\u1ed9c gi\u1ea3 c\u00f4ng c\u1ee5 h\u1eefu \u00edch \u0111\u1ec3 t\u1ef1 ho\u00e0n thi\u1ec7n t\u00ednh c\u00e1ch. Qua \u0111\u00e2y, t\u00e1c gi\u1ea3 hy v\u1ecdng m\u1ed7i ng\u01b0\u1eddi \u0111\u1ec1u may m\u1eafn m\u1edf \u0111\u01b0\u1ee3c c\u00e1nh c\u1eeda l\u1edbn h\u01b0\u1edbng v\u1ec1 cu\u1ed9c s\u1ed1ng h\u1ea1nh ph\u00fac c\u00e1 nh\u00e2n.<\/p>\n","protected":false},"excerpt":{"rendered":"<p>N\u1ed1i ti\u1ebfp cu\u1ed1n s\u00e1ch Best seller T\u00e2m l\u00fd h\u1ecdc h\u00e0nh vi, l\u1ea7n n\u00e0y T\u1ee7 s\u00e1ch Ki\u1ebfn th\u1ee9c v\u1ec1 k\u1ef9 n\u0103ng s\u1ed1ng c\u1ee7a Mintbooks xin gi\u1edbi thi\u1ec7u t\u1edbi b\u1ea1n \u0111\u1ecdc cu\u1ed1n b\u00ed k\u00edp g\u00e2y s\u1ed1t T\u00e2m l\u00fd h\u1ecdc t\u00ednh c\u00e1ch \u2013 t\u00e1c ph\u1ea9m \u0111\u01b0\u1ee3c h\u00e0ng tri\u1ec7u b\u1ea1n tr\u1ebb Trung Qu\u1ed1c t\u00ecm \u0111\u1ecdc.<\/p>\n<p>V\u1edbi 312 trang s\u00e1ch, b\u1ea1n s\u1ebd kh\u00e1m ph\u00e1 ngay:<\/p>\n<p>Nh\u1eadp m\u00f4n ch\u00edn ki\u1ec3u h\u00ecnh t\u00ednh c\u00e1ch<\/p>\n<p>Gi\u00fap ph\u00e1n \u0111o\u00e1n ki\u1ec3u h\u00ecnh t\u00ednh c\u00e1ch c\u1ee7a ch\u00ednh m\u00ecnh<\/p>\n<p>Nh\u00ecn th\u1ea5u b\u1ea3n th\u00e2n trong c\u00f4ng vi\u1ec7c, t\u00ecnh y\u00eau v\u00e0 c\u00e1c m\u1ed1i quan h\u1ec7 x\u00e3 h\u1ed9i.<\/p>\n<p>Tr\u00ean th\u1ebf gi\u1edbi n\u00e0y, c\u00f3 ai kh\u00f4ng quan t\u00e2m t\u1edbi t\u00ednh c\u00e1ch c\u1ee7a m\u00ecnh? Ch\u00fang ta lu\u00f4n mu\u1ed1n bi\u1ebft v\u1ec1 t\u00ednh c\u00e1ch c\u1ee7a m\u00ecnh c\u00e0ng nhi\u1ec1u c\u00e0ng t\u1ed1t.<\/p>\n<p>Ch\u1eafp b\u00fat b\u1edfi chuy\u00ean gia trong l\u0129nh v\u1ef1c t\u00e2m l\u00fd h\u1ecdc &#8211; ti\u1ebfn s\u0129 Tr\u00e2u Ho\u00e0ng Minh, cu\u1ed1n s\u00e1ch s\u1ebd gi\u1edbi thi\u1ec7u t\u1edbi b\u1ea1n \u0111\u1ecdc nh\u1eefng tri th\u1ee9c v\u00e0 k\u0129 n\u0103ng c\u1ea7n thi\u1ebft trong vi\u1ec7c ph\u00e2n t\u00edch t\u00ednh c\u00e1ch con ng\u01b0\u1eddi.<\/p>\n<p>\u201cT\u00e2m l\u00fd h\u1ecdc t\u00ednh c\u00e1ch\u201d l\u1ea5y \u201cch\u00edn ki\u1ec3u h\u00ecnh t\u00ednh c\u00e1ch\u201d l\u00e0m tr\u1ecdng t\u00e2m, v\u1edbi n\u1ec1n t\u1ea3ng l\u00e0 nh\u1eefng l\u00fd lu\u1eadn c\u1ee7a t\u00e2m l\u00fd h\u1ecdc t\u00ednh c\u00e1ch v\u00e0 t\u00e2m l\u00fd h\u1ecdc chi\u1ec1u s\u00e2u , gi\u1edbi thi\u1ec7u \u0111\u1ebfn b\u1ea1n \u0111\u1ecdc m\u1ed9t c\u00e1ch chi ti\u1ebft v\u1ec1 \u0111\u1eb7c tr\u01b0ng v\u00e0 ph\u01b0\u01a1ng ph\u00e1p c\u1ea3i thi\u1ec7n khuy\u1ebft \u0111i\u1ec3m d\u00e0nh cho ch\u00edn ki\u1ec3u h\u00ecnh t\u00ednh c\u00e1ch c\u1ee7a con ng\u01b0\u1eddi.<\/p>\n<p>V\u1edbi ng\u00f4n t\u1eeb d\u1ec5 hi\u1ec3u, v\u00ed d\u1ee5 sinh \u0111\u1ed9ng c\u00f9ng n\u1ed9i dung chi ti\u1ebft mang t\u00ednh x\u00e1c th\u1ef1c cao, t\u00f4i tin r\u1eb1ng cu\u1ed1n s\u00e1ch n\u00e0y kh\u00f4ng ch\u1ec9 gi\u00fap b\u1ea1n \u0111\u1ecdc nh\u1eadn th\u1ee9c \u0111\u01b0\u1ee3c ki\u1ec3u h\u00ecnh t\u00ednh c\u00e1ch c\u1ee7a b\u1ea3n th\u00e2n, m\u00e0 quan tr\u1ecdng h\u01a1n l\u00e0 gi\u00fap c\u00e1c b\u1ea1n ph\u00e1t huy s\u1edf tr\u01b0\u1eddng, \u0111\u1ed3ng th\u1eddi kh\u1eafc ph\u1ee5c khi\u1ebfm khuy\u1ebft c\u1ee7a ch\u00ednh m\u00ecnh.<\/p>\n<p>C\u00f3 th\u1ec3 n\u00f3i, cu\u1ed1n s\u00e1ch n\u00e0y cung c\u1ea5p cho \u0111\u1ed9c gi\u1ea3 c\u00f4ng c\u1ee5 h\u1eefu \u00edch \u0111\u1ec3 t\u1ef1 ho\u00e0n thi\u1ec7n t\u00ednh c\u00e1ch. Qua \u0111\u00e2y, t\u00e1c gi\u1ea3 hy v\u1ecdng m\u1ed7i ng\u01b0\u1eddi \u0111\u1ec1u may m\u1eafn m\u1edf \u0111\u01b0\u1ee3c c\u00e1nh c\u1eeda l\u1edbn h\u01b0\u1edbng v\u1ec1 cu\u1ed9c s\u1ed1ng h\u1ea1nh ph\u00fac c\u00e1 nh\u00e2n.<\/p>\n","protected":false},"featured_media":8609,"template":"","meta":{"_acf_changed":false},"product_brand":[],"product_cat":[18],"product_tag":[],"class_list":{"0":"post-8611","1":"product","2":"type-product","3":"status-publish","4":"has-post-thumbnail","6":"product_cat-kinh-te","8":"first","9":"outofstock","10":"taxable","11":"shipping-taxable","12":"purchasable","13":"product-type-simple"},"supplier_id":null,"supplier_sku":"","barcode":null,"atum_controlled":true,"out_stock_date":"2021-09-02 22:29:25","out_stock_threshold":null,"inheritable":false,"inbound_stock":0,"stock_on_hold":0,"sold_today":0,"sales_last_days":0,"reserved_stock":0,"customer_returns":0,"warehouse_damage":0,"lost_in_post":0,"other_logs":0,"out_stock_days":1609,"lost_sales":0,"has_location":false,"update_date":"2026-01-28T23:10:43","atum_locations":[],"atum_stock_status":"outofstock","restock_status":false,"low_stock_amount":"","sales_update_date":"2026-01-28T23:10:43","calc_backorders":null,"acf":{"publisher":{"ID":1785,"post_author":"1","post_date":"2021-02-17 01:54:46","post_date_gmt":"2021-02-16 23:54:46","post_content":"<!-- wp:flatsome\/uxbuilder -->\n<h1 style=\"text-align: center;\"><strong>AZ VIETNAM<\/strong><\/h1>\n[row]\n\n[col span=\"8\" span__sm=\"12\"]\n\n<p>Th\u00e0nh l\u1eadp n\u0103m: 2015<br \/>V\u1ed1n \u0111\u1ea7u t\u01b0: 4,000,000,000 \u0111\u1ed3ng<br \/><strong>L\u0129nh v\u1ef1c:<\/strong><br \/>- Xu\u1ea5t b\u1ea3n v\u00e0 ph\u00e1t h\u00e0nh v\u0103n h\u00f3a ph\u1ea9m<br \/>- Cung c\u1ea5p v\u0103n h\u00f3a ph\u1ea9m, c\u00e1c s\u1ea3n ph\u1ea9m cho in \u1ea5n, trang thi\u1ebft b\u1ecb cho c\u00e1c th\u01b0 vi\u1ec7n v\u00e0 trung t\u00e2m s\u00e1ch tr\u00ean c\u1ea3 n\u01b0\u1edbc.<br \/>- Th\u1eddi trang v\u00e0 c\u00e1c s\u1ea3n ph\u1ea9m li\u00ean quan \u0111\u1ebfn l\u0129nh v\u1ef1c th\u1eddi trang<br \/>- Xu\u1ea5t nh\u1eadp kh\u1ea9u c\u00e1c s\u1ea3n ph\u1ea9m v\u0103n h\u00f3a<\/p>\n<p><strong>Quy m\u00f4:<\/strong> 60 nh\u00e2n vi\u00ean<br \/>Kh\u1edfi ngu\u1ed3n c\u1ee7a AZ Vi\u1ec7t Nam ng\u00e0y nay l\u00e0 C\u00f4ng ty TNHH Trung t\u00e2m S\u00e1ch v\u00e0 Thi\u1ebft b\u1ecb Th\u01b0 vi\u1ec7n, v\u1edbi ho\u1ea1t \u0111\u1ed9ng \u0111\u1ea7u ti\u00ean l\u00e0 cung c\u1ea5p s\u00e1ch, trang thi\u1ebft b\u1ecb, v\u0103n h\u00f3a ph\u1ea9m cho c\u00e1c th\u01b0 vi\u1ec7n v\u00e0 trung t\u00e2m s\u00e1ch tr\u00ean c\u1ea3 n\u01b0\u1edbc. T\u1eeb cu\u1ed1i n\u0103m 2010 \u0111\u1ebfn nay, ch\u00fang t\u00f4i \u0111\u00e3 kh\u00f4ng ng\u1eebng n\u1ed7 l\u1ef1c khai ph\u00e1 v\u00e0 ph\u00e1t tri\u1ec3n c\u00e1c d\u00f2ng s\u1ea3n ph\u1ea9m m\u1edbi v\u1edbi 8 th\u01b0\u01a1ng hi\u1ec7u uy t\u00edn. \u0110\u1ec3 \u0111\u00e1p \u1ee9ng nhu c\u1ea7u ph\u00e1t tri\u1ec3n ng\u00e0y m\u1ed9t l\u1edbn m\u1ea1nh v\u00e0 t\u1eadp h\u1ee3p c\u00e1c th\u01b0\u01a1ng hi\u1ec7u \u0111\u00e3 \u0111\u01b0\u1ee3c ch\u00fang t\u00f4i x\u00e2y d\u1ef1ng, 2015 C\u00f4ng ty TNHH AZ Vi\u1ec7t Nam \u0111\u00e3 ra \u0111\u1eddi v\u1edbi s\u1ee9 m\u1ec7nh mang \u0111\u1ebfn nhi\u1ec1u h\u01a1n n\u1eefa nh\u1eefng gi\u00e1 tr\u1ecb tinh th\u1ea7n, tri th\u1ee9c ti\u00ean ti\u1ebfn cho ng\u01b0\u1eddi ti\u00eau d\u00f9ng b\u1eb1ng vi\u1ec7c cung c\u1ea5p nh\u1eefng s\u1ea3n ph\u1ea9m c\u00f3 ch\u1ea5t l\u01b0\u1ee3ng.<\/p>\n\n[\/col]\n[col span=\"4\" span__sm=\"12\"]\n\n[ux_image id=\"1836\" image_size=\"medium\"]\n\n\n[\/col]\n\n[\/row]\n\n<!-- \/wp:flatsome\/uxbuilder -->","post_title":"AZ Vi\u1ec7t Nam","post_excerpt":"","post_status":"publish","comment_status":"closed","ping_status":"closed","post_password":"","post_name":"az-viet-nam","to_ping":"","pinged":"","post_modified":"2021-02-17 22:07:10","post_modified_gmt":"2021-02-17 20:07:10","post_content_filtered":"","post_parent":0,"guid":"https:\/\/sachviet.eu\/nha-phat-hanh\/az-viet-nam\/","menu_order":0,"post_type":"publisher","post_mime_type":"","comment_count":"0","filter":"raw"}},"_links":{"self":[{"href":"https:\/\/sachviet.eu\/en\/wp-json\/wp\/v2\/product\/8611","targetHints":{"allow":["GET"]}}],"collection":[{"href":"https:\/\/sachviet.eu\/en\/wp-json\/wp\/v2\/product"}],"about":[{"href":"https:\/\/sachviet.eu\/en\/wp-json\/wp\/v2\/types\/product"}],"wp:featuredmedia":[{"embeddable":true,"href":"https:\/\/sachviet.eu\/en\/wp-json\/wp\/v2\/media\/8609"}],"wp:attachment":[{"href":"https:\/\/sachviet.eu\/en\/wp-json\/wp\/v2\/media?parent=8611"}],"wp:term":[{"taxonomy":"product_brand","embeddable":true,"href":"https:\/\/sachviet.eu\/en\/wp-json\/wp\/v2\/product_brand?post=8611"},{"taxonomy":"product_cat","embeddable":true,"href":"https:\/\/sachviet.eu\/en\/wp-json\/wp\/v2\/product_cat?post=8611"},{"taxonomy":"product_tag","embeddable":true,"href":"https:\/\/sachviet.eu\/en\/wp-json\/wp\/v2\/product_tag?post=8611"}],"curies":[{"name":"wp","href":"https:\/\/api.w.org\/{rel}","templated":true}]}}