{"id":8608,"date":"2021-04-28T14:27:18","date_gmt":"2021-04-28T11:27:18","guid":{"rendered":"https:\/\/sachviet.eu\/shop\/tam-ly-hoc-hanh-vi\/"},"modified":"2024-08-12T11:29:26","modified_gmt":"2024-08-12T08:29:26","slug":"tam-ly-hoc-hanh-vi","status":"publish","type":"product","link":"https:\/\/sachviet.eu\/en\/shop\/tam-ly-hoc-hanh-vi\/","title":{"rendered":"T\u00e2m L\u00fd H\u1ecdc H\u00e0nh Vi"},"content":{"rendered":"<p>Cu\u1ed1n s\u00e1ch gi\u00fap b\u1ea1n th\u1ea5u hi\u1ec3u b\u1ea3n th\u00e2n m\u00ecnh v\u00e0 t\u00e2m l\u00fd nh\u1eefng  ng\u01b0\u1eddi xung quanh!<\/p>\n<p>\u0110\u01b0\u1ee3c ch\u1ea5p b\u00fat b\u1edfi b\u1eadc th\u1ea7y t\u00e2m l\u00fd h\u00e0ng \u0111\u1ea7u Trung Qu\u1ed1c Kh\u01b0\u01a1ng Nguy.<\/p>\n<p>T\u00e2m l\u00fd h\u1ecdc theo ch\u1ee7 ngh\u0129a h\u00e0nh vi ph\u00e1t tri\u1ec3n \u0111\u1ebfn \u0111\u1ec9nh cao v\u00e0o nh\u1eefng n\u0103m 1920 c\u1ee7a th\u1ebf k\u1ef7 XX t\u1ea1i M\u1ef9, gi\u1eef v\u1ecb tr\u00ed ch\u1ee7 \u0111\u1ea1o trong l\u0129nh v\u1ef1c t\u00e2m l\u00fd h\u1ecdc trong su\u1ed1t ba m\u01b0\u01a1i n\u0103m sau \u0111\u00f3 t\u1ea1i \u0111\u1ea5t n\u01b0\u1edbc n\u00e0y.<\/p>\n<p>Kh\u00f4ng ch\u1ec9 l\u00e0 m\u1ed9t b\u1ed9 m\u00f4n khoa h\u1ecdc trong ph\u00f2ng th\u1ef1c nghi\u1ec7m, m\u00e0 quan tr\u1ecdng h\u01a1n, nh\u1eefng l\u00fd lu\u1eadn c\u1ee7a t\u00e2m l\u00fd h\u1ecdc h\u00e0nh vi gi\u00fap con ng\u01b0\u1eddi t\u1ef1 nh\u00ecn nh\u1eadn b\u1ea3n th\u00e2n, t\u1ef1 \u0111i\u1ec1u ch\u1ec9nh t\u00e2m l\u00fd, \u0111\u1ed3ng th\u1eddi th\u00f4ng qua h\u00e0nh vi \u0111\u1ec3 n\u1eafm b\u1eaft v\u00e0 th\u1ea5u hi\u1ec3u t\u00e2m l\u00fd, \u0111\u1ed3ng th\u1eddi th\u00f4ng qua h\u00e0nh vi \u0111\u1ec3 n\u1eafm b\u1eaft v\u00e0 th\u1ea5u hi\u1ec3u t\u00e2m l\u00fd c\u1ee7a nh\u1eefng ng\u01b0\u1eddi xung quanh.<\/p>\n<p>H\u00e0nh vi ch\u00ednh l\u00e0 t\u1ea5m g\u01b0\u01a1ng ph\u1ea3n chi\u1ebfu t\u00e2m l\u00fd c\u1ee7a con ng\u01b0\u1eddi, qua \u0111\u00f3, ch\u00fang ta t\u1ef1 soi chi\u1ebfu b\u1ea3n th\u00e2n, h\u1ecdc c\u00e1ch chung s\u1ed1ng h\u00f2a thu\u1eadn v\u1edbi ch\u00ednh m\u00ecnh, b\u00ean c\u1ea1nh \u0111\u00f3 c\u0169ng c\u00f3 th\u1ec3 hi\u1ec3u r\u00f5 ng\u01b0\u1eddi kh\u00e1c v\u00e0 thi\u1ebft l\u1eadp m\u1ed1i quan h\u1ec7 t\u1ed1t \u0111\u1eb9p trong x\u00e3 h\u1ed9i.<\/p>\n<p>Khi m\u1ed7i ng\u01b0\u1eddi trong ch\u00fang ta \u0111\u1ec1u h\u1ecdc \u0111\u01b0\u1ee3c c\u00e1ch tr\u1ef1c ti\u1ebfp \u0111\u1ed1i di\u1ec7n v\u1edbi b\u1ea3n ch\u1ea5t th\u1eadt s\u1ef1 trong t\u00e2m h\u1ed3n, v\u1eady vi\u1ec7c tr\u1edf th\u00e0nh ng\u01b0\u1eddi th\u1ea7y cho ch\u00ednh m\u00ecnh c\u0169ng kh\u00f4ng c\u00f2n l\u00e0 m\u01a1 \u01b0\u1edbc xa v\u1eddi n\u1eefa.<\/p>\n","protected":false},"excerpt":{"rendered":"<p>Cu\u1ed1n s\u00e1ch gi\u00fap b\u1ea1n th\u1ea5u hi\u1ec3u b\u1ea3n th\u00e2n m\u00ecnh v\u00e0 t\u00e2m l\u00fd nh\u1eefng  ng\u01b0\u1eddi xung quanh!<\/p>\n<p>\u0110\u01b0\u1ee3c ch\u1ea5p b\u00fat b\u1edfi b\u1eadc th\u1ea7y t\u00e2m l\u00fd h\u00e0ng \u0111\u1ea7u Trung Qu\u1ed1c Kh\u01b0\u01a1ng Nguy.<\/p>\n<p>T\u00e2m l\u00fd h\u1ecdc theo ch\u1ee7 ngh\u0129a h\u00e0nh vi ph\u00e1t tri\u1ec3n \u0111\u1ebfn \u0111\u1ec9nh cao v\u00e0o nh\u1eefng n\u0103m 1920 c\u1ee7a th\u1ebf k\u1ef7 XX t\u1ea1i M\u1ef9, gi\u1eef v\u1ecb tr\u00ed ch\u1ee7 \u0111\u1ea1o trong l\u0129nh v\u1ef1c t\u00e2m l\u00fd h\u1ecdc trong su\u1ed1t ba m\u01b0\u01a1i n\u0103m sau \u0111\u00f3 t\u1ea1i \u0111\u1ea5t n\u01b0\u1edbc n\u00e0y.<\/p>\n<p>Kh\u00f4ng ch\u1ec9 l\u00e0 m\u1ed9t b\u1ed9 m\u00f4n khoa h\u1ecdc trong ph\u00f2ng th\u1ef1c nghi\u1ec7m, m\u00e0 quan tr\u1ecdng h\u01a1n, nh\u1eefng l\u00fd lu\u1eadn c\u1ee7a t\u00e2m l\u00fd h\u1ecdc h\u00e0nh vi gi\u00fap con ng\u01b0\u1eddi t\u1ef1 nh\u00ecn nh\u1eadn b\u1ea3n th\u00e2n, t\u1ef1 \u0111i\u1ec1u ch\u1ec9nh t\u00e2m l\u00fd, \u0111\u1ed3ng th\u1eddi th\u00f4ng qua h\u00e0nh vi \u0111\u1ec3 n\u1eafm b\u1eaft v\u00e0 th\u1ea5u hi\u1ec3u t\u00e2m l\u00fd, \u0111\u1ed3ng th\u1eddi th\u00f4ng qua h\u00e0nh vi \u0111\u1ec3 n\u1eafm b\u1eaft v\u00e0 th\u1ea5u hi\u1ec3u t\u00e2m l\u00fd c\u1ee7a nh\u1eefng ng\u01b0\u1eddi xung quanh.<\/p>\n<p>H\u00e0nh vi ch\u00ednh l\u00e0 t\u1ea5m g\u01b0\u01a1ng ph\u1ea3n chi\u1ebfu t\u00e2m l\u00fd c\u1ee7a con ng\u01b0\u1eddi, qua \u0111\u00f3, ch\u00fang ta t\u1ef1 soi chi\u1ebfu b\u1ea3n th\u00e2n, h\u1ecdc c\u00e1ch chung s\u1ed1ng h\u00f2a thu\u1eadn v\u1edbi ch\u00ednh m\u00ecnh, b\u00ean c\u1ea1nh \u0111\u00f3 c\u0169ng c\u00f3 th\u1ec3 hi\u1ec3u r\u00f5 ng\u01b0\u1eddi kh\u00e1c v\u00e0 thi\u1ebft l\u1eadp m\u1ed1i quan h\u1ec7 t\u1ed1t \u0111\u1eb9p trong x\u00e3 h\u1ed9i.<\/p>\n<p>Khi m\u1ed7i ng\u01b0\u1eddi trong ch\u00fang ta \u0111\u1ec1u h\u1ecdc \u0111\u01b0\u1ee3c c\u00e1ch tr\u1ef1c ti\u1ebfp \u0111\u1ed1i di\u1ec7n v\u1edbi b\u1ea3n ch\u1ea5t th\u1eadt s\u1ef1 trong t\u00e2m h\u1ed3n, v\u1eady vi\u1ec7c tr\u1edf th\u00e0nh ng\u01b0\u1eddi th\u1ea7y cho ch\u00ednh m\u00ecnh c\u0169ng kh\u00f4ng c\u00f2n l\u00e0 m\u01a1 \u01b0\u1edbc xa v\u1eddi n\u1eefa.<\/p>\n","protected":false},"featured_media":8606,"template":"","meta":{"_acf_changed":false},"product_brand":[],"product_cat":[18],"product_tag":[],"class_list":{"0":"post-8608","1":"product","2":"type-product","3":"status-publish","4":"has-post-thumbnail","6":"product_cat-kinh-te","8":"first","9":"outofstock","10":"taxable","11":"shipping-taxable","12":"purchasable","13":"product-type-simple"},"supplier_id":null,"supplier_sku":"","barcode":null,"atum_controlled":true,"out_stock_date":"2024-08-12 08:29:26","out_stock_threshold":null,"inheritable":false,"inbound_stock":0,"stock_on_hold":0,"sold_today":0,"sales_last_days":0,"reserved_stock":0,"customer_returns":0,"warehouse_damage":0,"lost_in_post":0,"other_logs":0,"out_stock_days":534,"lost_sales":0,"has_location":false,"update_date":"2026-01-28T23:11:20","atum_locations":[],"atum_stock_status":"outofstock","restock_status":false,"low_stock_amount":"","sales_update_date":"2026-01-28T23:11:20","calc_backorders":null,"acf":{"publisher":{"ID":1785,"post_author":"1","post_date":"2021-02-17 01:54:46","post_date_gmt":"2021-02-16 23:54:46","post_content":"<!-- wp:flatsome\/uxbuilder -->\n<h1 style=\"text-align: center;\"><strong>AZ VIETNAM<\/strong><\/h1>\n[row]\n\n[col span=\"8\" span__sm=\"12\"]\n\n<p>Th\u00e0nh l\u1eadp n\u0103m: 2015<br \/>V\u1ed1n \u0111\u1ea7u t\u01b0: 4,000,000,000 \u0111\u1ed3ng<br \/><strong>L\u0129nh v\u1ef1c:<\/strong><br \/>- Xu\u1ea5t b\u1ea3n v\u00e0 ph\u00e1t h\u00e0nh v\u0103n h\u00f3a ph\u1ea9m<br \/>- Cung c\u1ea5p v\u0103n h\u00f3a ph\u1ea9m, c\u00e1c s\u1ea3n ph\u1ea9m cho in \u1ea5n, trang thi\u1ebft b\u1ecb cho c\u00e1c th\u01b0 vi\u1ec7n v\u00e0 trung t\u00e2m s\u00e1ch tr\u00ean c\u1ea3 n\u01b0\u1edbc.<br \/>- Th\u1eddi trang v\u00e0 c\u00e1c s\u1ea3n ph\u1ea9m li\u00ean quan \u0111\u1ebfn l\u0129nh v\u1ef1c th\u1eddi trang<br \/>- Xu\u1ea5t nh\u1eadp kh\u1ea9u c\u00e1c s\u1ea3n ph\u1ea9m v\u0103n h\u00f3a<\/p>\n<p><strong>Quy m\u00f4:<\/strong> 60 nh\u00e2n vi\u00ean<br \/>Kh\u1edfi ngu\u1ed3n c\u1ee7a AZ Vi\u1ec7t Nam ng\u00e0y nay l\u00e0 C\u00f4ng ty TNHH Trung t\u00e2m S\u00e1ch v\u00e0 Thi\u1ebft b\u1ecb Th\u01b0 vi\u1ec7n, v\u1edbi ho\u1ea1t \u0111\u1ed9ng \u0111\u1ea7u ti\u00ean l\u00e0 cung c\u1ea5p s\u00e1ch, trang thi\u1ebft b\u1ecb, v\u0103n h\u00f3a ph\u1ea9m cho c\u00e1c th\u01b0 vi\u1ec7n v\u00e0 trung t\u00e2m s\u00e1ch tr\u00ean c\u1ea3 n\u01b0\u1edbc. T\u1eeb cu\u1ed1i n\u0103m 2010 \u0111\u1ebfn nay, ch\u00fang t\u00f4i \u0111\u00e3 kh\u00f4ng ng\u1eebng n\u1ed7 l\u1ef1c khai ph\u00e1 v\u00e0 ph\u00e1t tri\u1ec3n c\u00e1c d\u00f2ng s\u1ea3n ph\u1ea9m m\u1edbi v\u1edbi 8 th\u01b0\u01a1ng hi\u1ec7u uy t\u00edn. \u0110\u1ec3 \u0111\u00e1p \u1ee9ng nhu c\u1ea7u ph\u00e1t tri\u1ec3n ng\u00e0y m\u1ed9t l\u1edbn m\u1ea1nh v\u00e0 t\u1eadp h\u1ee3p c\u00e1c th\u01b0\u01a1ng hi\u1ec7u \u0111\u00e3 \u0111\u01b0\u1ee3c ch\u00fang t\u00f4i x\u00e2y d\u1ef1ng, 2015 C\u00f4ng ty TNHH AZ Vi\u1ec7t Nam \u0111\u00e3 ra \u0111\u1eddi v\u1edbi s\u1ee9 m\u1ec7nh mang \u0111\u1ebfn nhi\u1ec1u h\u01a1n n\u1eefa nh\u1eefng gi\u00e1 tr\u1ecb tinh th\u1ea7n, tri th\u1ee9c ti\u00ean ti\u1ebfn cho ng\u01b0\u1eddi ti\u00eau d\u00f9ng b\u1eb1ng vi\u1ec7c cung c\u1ea5p nh\u1eefng s\u1ea3n ph\u1ea9m c\u00f3 ch\u1ea5t l\u01b0\u1ee3ng.<\/p>\n\n[\/col]\n[col span=\"4\" span__sm=\"12\"]\n\n[ux_image id=\"1836\" image_size=\"medium\"]\n\n\n[\/col]\n\n[\/row]\n\n<!-- \/wp:flatsome\/uxbuilder -->","post_title":"AZ Vi\u1ec7t Nam","post_excerpt":"","post_status":"publish","comment_status":"closed","ping_status":"closed","post_password":"","post_name":"az-viet-nam","to_ping":"","pinged":"","post_modified":"2021-02-17 22:07:10","post_modified_gmt":"2021-02-17 20:07:10","post_content_filtered":"","post_parent":0,"guid":"https:\/\/sachviet.eu\/nha-phat-hanh\/az-viet-nam\/","menu_order":0,"post_type":"publisher","post_mime_type":"","comment_count":"0","filter":"raw"}},"_links":{"self":[{"href":"https:\/\/sachviet.eu\/en\/wp-json\/wp\/v2\/product\/8608","targetHints":{"allow":["GET"]}}],"collection":[{"href":"https:\/\/sachviet.eu\/en\/wp-json\/wp\/v2\/product"}],"about":[{"href":"https:\/\/sachviet.eu\/en\/wp-json\/wp\/v2\/types\/product"}],"wp:featuredmedia":[{"embeddable":true,"href":"https:\/\/sachviet.eu\/en\/wp-json\/wp\/v2\/media\/8606"}],"wp:attachment":[{"href":"https:\/\/sachviet.eu\/en\/wp-json\/wp\/v2\/media?parent=8608"}],"wp:term":[{"taxonomy":"product_brand","embeddable":true,"href":"https:\/\/sachviet.eu\/en\/wp-json\/wp\/v2\/product_brand?post=8608"},{"taxonomy":"product_cat","embeddable":true,"href":"https:\/\/sachviet.eu\/en\/wp-json\/wp\/v2\/product_cat?post=8608"},{"taxonomy":"product_tag","embeddable":true,"href":"https:\/\/sachviet.eu\/en\/wp-json\/wp\/v2\/product_tag?post=8608"}],"curies":[{"name":"wp","href":"https:\/\/api.w.org\/{rel}","templated":true}]}}