{"id":8605,"date":"2021-04-28T14:27:09","date_gmt":"2021-04-28T11:27:09","guid":{"rendered":"https:\/\/sachviet.eu\/shop\/thoai-mai-ma-khong-can-gang-guong\/"},"modified":"2024-09-22T22:03:37","modified_gmt":"2024-09-22T19:03:37","slug":"thoai-mai-ma-khong-can-gang-guong","status":"publish","type":"product","link":"https:\/\/sachviet.eu\/en\/shop\/thoai-mai-ma-khong-can-gang-guong\/","title":{"rendered":"Tho\u1ea3i m\u00e1i m\u00e0 kh\u00f4ng c\u1ea7n g\u1eafng g\u01b0\u1ee3ng"},"content":{"rendered":"<p>Tho\u1ea3i M\u00e1i M\u00e0 Kh\u00f4ng C\u1ea7n G\u1eafng G\u01b0\u1ee3ng<\/p>\n<p>T\u00e1c ph\u1ea9m m\u1edbi nh\u1ea5t c\u1ee7a t\u00e1c gi\u1ea3 Kim Suhyun ra \u0111\u1eddi sau 4 n\u0103m k\u1ec3 t\u1eeb best seller v\u1ea1n b\u1ea3n \u201cT\u00f4i quy\u1ebft \u0111\u1ecbnh s\u1ed1ng cho ch\u00ednh t\u00f4i\u201d<\/p>\n<p>Tr\u1edf th\u00e0nh ng\u01b0\u1eddi theo ch\u1ee7 ngh\u0129a \u00f4n h\u00f2a trong cu\u1ed9c s\u1ed1ng \u0111\u1ea7y ph\u1ee9c t\u1ea1p!<\/p>\n<p>Ch\u00fang ta th\u01b0\u1eddng mu\u1ed1n tr\u1edf n\u00ean th\u00fa v\u1ecb, h\u00e0i h\u01b0\u1edbc, nh\u01b0ng \u0111\u00f3 kh\u00f4ng ph\u1ea3i l\u00e0 l\u00fd do duy nh\u1ea5t khi\u1ebfn con ng\u01b0\u1eddi ta y\u00eau th\u01b0\u01a1ng nhau.<\/p>\n<p>C\u00f3 ng\u01b0\u1eddi y\u00eau v\u00ec nh\u1eefng l\u1eddi \u0111\u1ed9ng vi\u00ean \u1ea5m \u00e1p, c\u00f3 nh\u1eefng ng\u01b0\u1eddi y\u00eau v\u00ec \u0111\u01b0\u1ee3c l\u1eafng nghe ch\u00e2n th\u00e0nh, c\u00f3 ng\u01b0\u1eddi y\u00eau v\u00ec ti\u1ebfng c\u01b0\u1eddi s\u1ea3ng kho\u00e1i c\u1ee7a \u0111\u1ed1i ph\u01b0\u01a1ng, c\u00f3 ng\u01b0\u1eddi y\u00eau v\u00ec \u0111\u1ed1i ph\u01b0\u01a1ng lu\u00f4n \u1edf b\u00ean m\u00ecnh d\u00f9 c\u00f3 chuy\u1ec7n g\u00ec x\u1ea3y ra \u0111i ch\u0103ng n\u1eefa.<\/p>\n<p>Ngay c\u1ea3 khi kh\u00f4ng ph\u1ea3i c\u1ed1 g\u1eafng bi\u1ebfn th\u00e0nh ng\u01b0\u1eddi kh\u00e1c, v\u1eabn c\u00f3 qu\u00e1 nhi\u1ec1u l\u00fd do \u0111\u1ec3 b\u1ea1n \u0111\u01b0\u1ee3c y\u00eau th\u01b0\u01a1ng. V\u1eady n\u00ean \u0111\u1eebng c\u1ed1 ng\u1ee5y trang. Thay v\u00e0o \u0111\u00f3, h\u00e3y th\u1ea3 l\u1ecfng c\u01a1 th\u1ec3, b\u00e0y t\u1ecf s\u1ef1 ch\u00e2n th\u00e0nh trong m\u1ecdi m\u1ed1i quan h\u1ec7 v\u00e0 tho\u1ea3i m\u00e1i th\u1ec3 hi\u1ec7n con ng\u01b0\u1eddi th\u1eadt c\u1ee7a m\u00ecnh. \u0110\u00f3 l\u00e0 kh\u1edfi \u0111\u1ea7u cho m\u1ecdi m\u1ed1i quan h\u1ec7 ch\u00e2n th\u00e0nh.<\/p>\n<p>B\u1ea1n \u0111\u00e1ng y\u00eau nh\u1ea5t khi l\u00e0 ch\u00ednh m\u00ecnh.<\/p>\n<p>H\u00e3y l\u00e0 b\u1ea1n, theo c\u00e1ch t\u1ef1 nhi\u00ean nh\u1ea5t.<\/p>\n","protected":false},"excerpt":{"rendered":"<p>Tho\u1ea3i M\u00e1i M\u00e0 Kh\u00f4ng C\u1ea7n G\u1eafng G\u01b0\u1ee3ng<\/p>\n<p>T\u00e1c ph\u1ea9m m\u1edbi nh\u1ea5t c\u1ee7a t\u00e1c gi\u1ea3 Kim Suhyun ra \u0111\u1eddi sau 4 n\u0103m k\u1ec3 t\u1eeb best seller v\u1ea1n b\u1ea3n \u201cT\u00f4i quy\u1ebft \u0111\u1ecbnh s\u1ed1ng cho ch\u00ednh t\u00f4i\u201d<\/p>\n<p>Tr\u1edf th\u00e0nh ng\u01b0\u1eddi theo ch\u1ee7 ngh\u0129a \u00f4n h\u00f2a trong cu\u1ed9c s\u1ed1ng \u0111\u1ea7y ph\u1ee9c t\u1ea1p!<\/p>\n<p>Ch\u00fang ta th\u01b0\u1eddng mu\u1ed1n tr\u1edf n\u00ean th\u00fa v\u1ecb, h\u00e0i h\u01b0\u1edbc, nh\u01b0ng \u0111\u00f3 kh\u00f4ng ph\u1ea3i l\u00e0 l\u00fd do duy nh\u1ea5t khi\u1ebfn con ng\u01b0\u1eddi ta y\u00eau th\u01b0\u01a1ng nhau.<\/p>\n<p>C\u00f3 ng\u01b0\u1eddi y\u00eau v\u00ec nh\u1eefng l\u1eddi \u0111\u1ed9ng vi\u00ean \u1ea5m \u00e1p, c\u00f3 nh\u1eefng ng\u01b0\u1eddi y\u00eau v\u00ec \u0111\u01b0\u1ee3c l\u1eafng nghe ch\u00e2n th\u00e0nh, c\u00f3 ng\u01b0\u1eddi y\u00eau v\u00ec ti\u1ebfng c\u01b0\u1eddi s\u1ea3ng kho\u00e1i c\u1ee7a \u0111\u1ed1i ph\u01b0\u01a1ng, c\u00f3 ng\u01b0\u1eddi y\u00eau v\u00ec \u0111\u1ed1i ph\u01b0\u01a1ng lu\u00f4n \u1edf b\u00ean m\u00ecnh d\u00f9 c\u00f3 chuy\u1ec7n g\u00ec x\u1ea3y ra \u0111i ch\u0103ng n\u1eefa.<\/p>\n<p>Ngay c\u1ea3 khi kh\u00f4ng ph\u1ea3i c\u1ed1 g\u1eafng bi\u1ebfn th\u00e0nh ng\u01b0\u1eddi kh\u00e1c, v\u1eabn c\u00f3 qu\u00e1 nhi\u1ec1u l\u00fd do \u0111\u1ec3 b\u1ea1n \u0111\u01b0\u1ee3c y\u00eau th\u01b0\u01a1ng. V\u1eady n\u00ean \u0111\u1eebng c\u1ed1 ng\u1ee5y trang. Thay v\u00e0o \u0111\u00f3, h\u00e3y th\u1ea3 l\u1ecfng c\u01a1 th\u1ec3, b\u00e0y t\u1ecf s\u1ef1 ch\u00e2n th\u00e0nh trong m\u1ecdi m\u1ed1i quan h\u1ec7 v\u00e0 tho\u1ea3i m\u00e1i th\u1ec3 hi\u1ec7n con ng\u01b0\u1eddi th\u1eadt c\u1ee7a m\u00ecnh. \u0110\u00f3 l\u00e0 kh\u1edfi \u0111\u1ea7u cho m\u1ecdi m\u1ed1i quan h\u1ec7 ch\u00e2n th\u00e0nh.<\/p>\n<p>B\u1ea1n \u0111\u00e1ng y\u00eau nh\u1ea5t khi l\u00e0 ch\u00ednh m\u00ecnh.<\/p>\n<p>H\u00e3y l\u00e0 b\u1ea1n, theo c\u00e1ch t\u1ef1 nhi\u00ean nh\u1ea5t.<\/p>\n","protected":false},"featured_media":8602,"template":"","meta":{"_acf_changed":false},"product_brand":[],"product_cat":[15,46],"product_tag":[],"class_list":{"0":"post-8605","1":"product","2":"type-product","3":"status-publish","4":"has-post-thumbnail","6":"product_cat-sach-danh-cho-nguoi-lon","7":"product_cat-ky-nang-song","9":"first","10":"outofstock","11":"taxable","12":"shipping-taxable","13":"purchasable","14":"product-type-simple"},"supplier_id":null,"supplier_sku":"","barcode":null,"atum_controlled":true,"out_stock_date":"2024-09-22 19:03:37","out_stock_threshold":null,"inheritable":false,"inbound_stock":0,"stock_on_hold":0,"sold_today":0,"sales_last_days":0,"reserved_stock":0,"customer_returns":0,"warehouse_damage":0,"lost_in_post":0,"other_logs":0,"out_stock_days":493,"lost_sales":0,"has_location":false,"update_date":"2026-01-28T23:11:26","atum_locations":[],"atum_stock_status":"outofstock","restock_status":false,"low_stock_amount":"","sales_update_date":"2026-01-28T23:11:26","calc_backorders":null,"acf":{"publisher":{"ID":1785,"post_author":"1","post_date":"2021-02-17 01:54:46","post_date_gmt":"2021-02-16 23:54:46","post_content":"<!-- wp:flatsome\/uxbuilder -->\n<h1 style=\"text-align: center;\"><strong>AZ VIETNAM<\/strong><\/h1>\n[row]\n\n[col span=\"8\" span__sm=\"12\"]\n\n<p>Th\u00e0nh l\u1eadp n\u0103m: 2015<br \/>V\u1ed1n \u0111\u1ea7u t\u01b0: 4,000,000,000 \u0111\u1ed3ng<br \/><strong>L\u0129nh v\u1ef1c:<\/strong><br \/>- Xu\u1ea5t b\u1ea3n v\u00e0 ph\u00e1t h\u00e0nh v\u0103n h\u00f3a ph\u1ea9m<br \/>- Cung c\u1ea5p v\u0103n h\u00f3a ph\u1ea9m, c\u00e1c s\u1ea3n ph\u1ea9m cho in \u1ea5n, trang thi\u1ebft b\u1ecb cho c\u00e1c th\u01b0 vi\u1ec7n v\u00e0 trung t\u00e2m s\u00e1ch tr\u00ean c\u1ea3 n\u01b0\u1edbc.<br \/>- Th\u1eddi trang v\u00e0 c\u00e1c s\u1ea3n ph\u1ea9m li\u00ean quan \u0111\u1ebfn l\u0129nh v\u1ef1c th\u1eddi trang<br \/>- Xu\u1ea5t nh\u1eadp kh\u1ea9u c\u00e1c s\u1ea3n ph\u1ea9m v\u0103n h\u00f3a<\/p>\n<p><strong>Quy m\u00f4:<\/strong> 60 nh\u00e2n vi\u00ean<br \/>Kh\u1edfi ngu\u1ed3n c\u1ee7a AZ Vi\u1ec7t Nam ng\u00e0y nay l\u00e0 C\u00f4ng ty TNHH Trung t\u00e2m S\u00e1ch v\u00e0 Thi\u1ebft b\u1ecb Th\u01b0 vi\u1ec7n, v\u1edbi ho\u1ea1t \u0111\u1ed9ng \u0111\u1ea7u ti\u00ean l\u00e0 cung c\u1ea5p s\u00e1ch, trang thi\u1ebft b\u1ecb, v\u0103n h\u00f3a ph\u1ea9m cho c\u00e1c th\u01b0 vi\u1ec7n v\u00e0 trung t\u00e2m s\u00e1ch tr\u00ean c\u1ea3 n\u01b0\u1edbc. T\u1eeb cu\u1ed1i n\u0103m 2010 \u0111\u1ebfn nay, ch\u00fang t\u00f4i \u0111\u00e3 kh\u00f4ng ng\u1eebng n\u1ed7 l\u1ef1c khai ph\u00e1 v\u00e0 ph\u00e1t tri\u1ec3n c\u00e1c d\u00f2ng s\u1ea3n ph\u1ea9m m\u1edbi v\u1edbi 8 th\u01b0\u01a1ng hi\u1ec7u uy t\u00edn. \u0110\u1ec3 \u0111\u00e1p \u1ee9ng nhu c\u1ea7u ph\u00e1t tri\u1ec3n ng\u00e0y m\u1ed9t l\u1edbn m\u1ea1nh v\u00e0 t\u1eadp h\u1ee3p c\u00e1c th\u01b0\u01a1ng hi\u1ec7u \u0111\u00e3 \u0111\u01b0\u1ee3c ch\u00fang t\u00f4i x\u00e2y d\u1ef1ng, 2015 C\u00f4ng ty TNHH AZ Vi\u1ec7t Nam \u0111\u00e3 ra \u0111\u1eddi v\u1edbi s\u1ee9 m\u1ec7nh mang \u0111\u1ebfn nhi\u1ec1u h\u01a1n n\u1eefa nh\u1eefng gi\u00e1 tr\u1ecb tinh th\u1ea7n, tri th\u1ee9c ti\u00ean ti\u1ebfn cho ng\u01b0\u1eddi ti\u00eau d\u00f9ng b\u1eb1ng vi\u1ec7c cung c\u1ea5p nh\u1eefng s\u1ea3n ph\u1ea9m c\u00f3 ch\u1ea5t l\u01b0\u1ee3ng.<\/p>\n\n[\/col]\n[col span=\"4\" span__sm=\"12\"]\n\n[ux_image id=\"1836\" image_size=\"medium\"]\n\n\n[\/col]\n\n[\/row]\n\n<!-- \/wp:flatsome\/uxbuilder -->","post_title":"AZ Vi\u1ec7t Nam","post_excerpt":"","post_status":"publish","comment_status":"closed","ping_status":"closed","post_password":"","post_name":"az-viet-nam","to_ping":"","pinged":"","post_modified":"2021-02-17 22:07:10","post_modified_gmt":"2021-02-17 20:07:10","post_content_filtered":"","post_parent":0,"guid":"https:\/\/sachviet.eu\/nha-phat-hanh\/az-viet-nam\/","menu_order":0,"post_type":"publisher","post_mime_type":"","comment_count":"0","filter":"raw"}},"_links":{"self":[{"href":"https:\/\/sachviet.eu\/en\/wp-json\/wp\/v2\/product\/8605","targetHints":{"allow":["GET"]}}],"collection":[{"href":"https:\/\/sachviet.eu\/en\/wp-json\/wp\/v2\/product"}],"about":[{"href":"https:\/\/sachviet.eu\/en\/wp-json\/wp\/v2\/types\/product"}],"wp:featuredmedia":[{"embeddable":true,"href":"https:\/\/sachviet.eu\/en\/wp-json\/wp\/v2\/media\/8602"}],"wp:attachment":[{"href":"https:\/\/sachviet.eu\/en\/wp-json\/wp\/v2\/media?parent=8605"}],"wp:term":[{"taxonomy":"product_brand","embeddable":true,"href":"https:\/\/sachviet.eu\/en\/wp-json\/wp\/v2\/product_brand?post=8605"},{"taxonomy":"product_cat","embeddable":true,"href":"https:\/\/sachviet.eu\/en\/wp-json\/wp\/v2\/product_cat?post=8605"},{"taxonomy":"product_tag","embeddable":true,"href":"https:\/\/sachviet.eu\/en\/wp-json\/wp\/v2\/product_tag?post=8605"}],"curies":[{"name":"wp","href":"https:\/\/api.w.org\/{rel}","templated":true}]}}