{"id":8601,"date":"2021-04-28T14:26:59","date_gmt":"2021-04-28T11:26:59","guid":{"rendered":"https:\/\/sachviet.eu\/shop\/thuong-ai-dung-doi-den-ngay-mai\/"},"modified":"2024-04-18T14:29:39","modified_gmt":"2024-04-18T11:29:39","slug":"thuong-ai-dung-doi-den-ngay-mai","status":"publish","type":"product","link":"https:\/\/sachviet.eu\/en\/shop\/thuong-ai-dung-doi-den-ngay-mai\/","title":{"rendered":"Th\u01b0\u01a1ng ai \u0111\u1eebng \u0111\u1ee3i \u0111\u1ebfn ng\u00e0y mai"},"content":{"rendered":"<p>C\u00f3 m\u1ed9t c\u00f4 g\u00e1i t\u1eebng kh\u00f3c gi\u1eefa \u0111\u00eam tr\u00ean v\u1ec9a h\u00e8 H\u00e0 N\u1ed9i\u2026<\/p>\n<p>C\u00f3 m\u1ed9t ch\u00e0ng trai 24 tu\u1ed5i \u0111ang kh\u00f3c ch\u1ed7 \u0111\u00f4ng ng\u01b0\u1eddi, c\u00f3 m\u1ed9t ng\u01b0\u1eddi \u201cnghi\u1ec7n \u00f4m\u201d ng\u01b0\u1eddi y\u00eau \u0111\u1ebfn m\u1ee9c b\u1ecb \u0111\u00e1nh cho v\u1eabn kh\u00f4ng ch\u1eeba, c\u00f3 m\u1ed9t ng\u01b0\u1eddi chia tay m\u1ed9t ng\u01b0\u1eddi t\u1eebng ngh\u0129 r\u1eb1ng s\u1ebd kh\u00f4ng th\u1ec3 r\u1eddi xa&#8230;<\/p>\n<p>\u201cTh\u01b0\u01a1ng ai \u0111\u1eebng \u0111\u1ee3i \u0111\u1ebfn ng\u00e0y mai\u201d kh\u00f4ng d\u1ea1y ng\u01b0\u1eddi ta c\u00e1ch y\u00eau, m\u1ed7i ti\u00eau \u0111\u1ec1 trong cu\u1ed1n t\u1ea3n v\u0103n ch\u1ec9 \u0111\u01a1n gi\u1ea3n l\u00e0 m\u1ed9t l\u1eddi nh\u1eafn nh\u1ee7 th\u00e2n th\u01b0\u01a1ng d\u00e0nh t\u1edbi \u0111\u1ed9c gi\u1ea3. Nh\u1eefng l\u1eddi nh\u1eafn b\u1eaft \u0111\u1ea7u b\u1eb1ng vi\u1ec7c h\u1ecdc y\u00eau m\u1ed9t ng\u01b0\u1eddi \u0111\u00e1ng \u0111\u01b0\u1ee3c y\u00eau nh\u01b0ng hay b\u1ecb b\u1ecf qu\u00ean nh\u1ea5t: Ch\u00ednh m\u00ecnh. Ch\u00fang ta c\u00f9ng h\u1ecdc c\u00e1ch th\u1ea5u hi\u1ec3u, y\u00eau th\u01b0\u01a1ng, h\u1ecdc c\u00e1ch tr\u00e2n tr\u1ecdng b\u1ea3n th\u00e2n v\u00e0 ng\u01b0\u1eddi b\u00ean c\u1ea1nh h\u00f4m nay, \u0111\u1ec3 r\u1ed3i sau n\u00e0y, \u201cKhi \u0111\u00e3 c\u00f3 ng\u01b0\u1eddi th\u01b0\u01a1ng m\u00ecnh m\u00e0 v\u1eeba hay, m\u00ecnh c\u0169ng th\u01b0\u01a1ng h\u1ecd, nh\u1ea5t \u0111\u1ecbnh ph\u1ea3i nh\u1edb l\u1ea5y ba \u0111i\u1ec1u n\u00e0y: Nh\u00ecn th\u1eadt l\u00e2u, h\u00f4n th\u1eadt s\u00e2u, \u00f4m th\u1eadt ch\u1eb7t.\u201d<\/p>\n<p>N\u1ebfu b\u1ea1n mong ch\u1edd m\u1ed9t t\u00ecnh y\u00eau \u0111\u1eb9p trong s\u00e1ch, h\u00e3y ki\u00ean nh\u1eabn, v\u00ec c\u00f3 chuy\u1ec7n t\u00ecnh th\u1eadt s\u1ef1 \u1edf \u0111\u00e2u \u0111\u00f3 gi\u1eefa nh\u1eefng trang gi\u1ea5y, kh\u00f4ng li\u1ec1n m\u1ea1ch, ch\u1ec9 tho\u00e1ng qua nh\u01b0ng \u0111\u1ee7 \u0111\u1ea7y nh\u1eefng cung b\u1eadc x\u00fac c\u1ea3m. H\u1ea1nh ph\u00fac l\u00e0 m\u1ed9t h\u00e0nh tr\u00ecnh, kh\u00f4ng ph\u1ea3i \u0111\u00edch \u0111\u1ebfn, y\u00eau th\u01b0\u01a1ng l\u00e0 chuy\u1ec7n c\u1ee7a hi\u1ec7n t\u1ea1i, \u0111\u1eebng \u0111\u1ed5 l\u1ed7i cho qu\u00e1 kh\u1ee9 hay \u1ec9 l\u1ea1i v\u00e0o t\u01b0\u01a1ng lai.<\/p>\n<p>\u0110\u1eebng s\u1ee3 k\u1ebft th\u00fac m\u00e0 kh\u00f4ng d\u00e1m b\u1eaft \u0111\u1ea7u, c\u0169ng \u0111\u1eebng l\u1ea7m t\u01b0\u1edfng r\u1eb1ng s\u1ebd kh\u00f4ng th\u1ec3 chia xa m\u00e0 l\u01a1i l\u00e0 y\u00eau th\u01b0\u01a1ng hi\u1ec7n t\u1ea1i. \u201cCh\u00fang ta \u0111\u1ec1u s\u1ebd r\u1ea5t bu\u1ed3n n\u1ebfu kh\u00f4ng th\u1ec3 bi\u1ebft l\u1ea7n n\u00e0o l\u00e0 l\u1ea7n cu\u1ed1i g\u1eb7p nhau, nh\u01b0ng \u0111\u00e2u ai hi\u1ec3u r\u1eb1ng, bi\u1ebft \u0111\u01b0\u1ee3c l\u1ea7n n\u00e0o l\u00e0 l\u1ea7n cu\u1ed1i, c\u0169ng l\u00e0 m\u1ed9t th\u1ee9 c\u1ea3m gi\u00e1c, th\u1eadt \u0111au l\u00f2ng\u2026 Th\u01b0\u01a1ng ai, \u0111\u1eebng \u0111\u1ee3i \u0111\u1ebfn ng\u00e0y mai\u2026\u201d<\/p>\n","protected":false},"excerpt":{"rendered":"<p>C\u00f3 m\u1ed9t c\u00f4 g\u00e1i t\u1eebng kh\u00f3c gi\u1eefa \u0111\u00eam tr\u00ean v\u1ec9a h\u00e8 H\u00e0 N\u1ed9i\u2026<\/p>\n<p>C\u00f3 m\u1ed9t ch\u00e0ng trai 24 tu\u1ed5i \u0111ang kh\u00f3c ch\u1ed7 \u0111\u00f4ng ng\u01b0\u1eddi, c\u00f3 m\u1ed9t ng\u01b0\u1eddi \u201cnghi\u1ec7n \u00f4m\u201d ng\u01b0\u1eddi y\u00eau \u0111\u1ebfn m\u1ee9c b\u1ecb \u0111\u00e1nh cho v\u1eabn kh\u00f4ng ch\u1eeba, c\u00f3 m\u1ed9t ng\u01b0\u1eddi chia tay m\u1ed9t ng\u01b0\u1eddi t\u1eebng ngh\u0129 r\u1eb1ng s\u1ebd kh\u00f4ng th\u1ec3 r\u1eddi xa&#8230;<\/p>\n<p>\u201cTh\u01b0\u01a1ng ai \u0111\u1eebng \u0111\u1ee3i \u0111\u1ebfn ng\u00e0y mai\u201d kh\u00f4ng d\u1ea1y ng\u01b0\u1eddi ta c\u00e1ch y\u00eau, m\u1ed7i ti\u00eau \u0111\u1ec1 trong cu\u1ed1n t\u1ea3n v\u0103n ch\u1ec9 \u0111\u01a1n gi\u1ea3n l\u00e0 m\u1ed9t l\u1eddi nh\u1eafn nh\u1ee7 th\u00e2n th\u01b0\u01a1ng d\u00e0nh t\u1edbi \u0111\u1ed9c gi\u1ea3. Nh\u1eefng l\u1eddi nh\u1eafn b\u1eaft \u0111\u1ea7u b\u1eb1ng vi\u1ec7c h\u1ecdc y\u00eau m\u1ed9t ng\u01b0\u1eddi \u0111\u00e1ng \u0111\u01b0\u1ee3c y\u00eau nh\u01b0ng hay b\u1ecb b\u1ecf qu\u00ean nh\u1ea5t: Ch\u00ednh m\u00ecnh. Ch\u00fang ta c\u00f9ng h\u1ecdc c\u00e1ch th\u1ea5u hi\u1ec3u, y\u00eau th\u01b0\u01a1ng, h\u1ecdc c\u00e1ch tr\u00e2n tr\u1ecdng b\u1ea3n th\u00e2n v\u00e0 ng\u01b0\u1eddi b\u00ean c\u1ea1nh h\u00f4m nay, \u0111\u1ec3 r\u1ed3i sau n\u00e0y, \u201cKhi \u0111\u00e3 c\u00f3 ng\u01b0\u1eddi th\u01b0\u01a1ng m\u00ecnh m\u00e0 v\u1eeba hay, m\u00ecnh c\u0169ng th\u01b0\u01a1ng h\u1ecd, nh\u1ea5t \u0111\u1ecbnh ph\u1ea3i nh\u1edb l\u1ea5y ba \u0111i\u1ec1u n\u00e0y: Nh\u00ecn th\u1eadt l\u00e2u, h\u00f4n th\u1eadt s\u00e2u, \u00f4m th\u1eadt ch\u1eb7t.\u201d<\/p>\n<p>N\u1ebfu b\u1ea1n mong ch\u1edd m\u1ed9t t\u00ecnh y\u00eau \u0111\u1eb9p trong s\u00e1ch, h\u00e3y ki\u00ean nh\u1eabn, v\u00ec c\u00f3 chuy\u1ec7n t\u00ecnh th\u1eadt s\u1ef1 \u1edf \u0111\u00e2u \u0111\u00f3 gi\u1eefa nh\u1eefng trang gi\u1ea5y, kh\u00f4ng li\u1ec1n m\u1ea1ch, ch\u1ec9 tho\u00e1ng qua nh\u01b0ng \u0111\u1ee7 \u0111\u1ea7y nh\u1eefng cung b\u1eadc x\u00fac c\u1ea3m. H\u1ea1nh ph\u00fac l\u00e0 m\u1ed9t h\u00e0nh tr\u00ecnh, kh\u00f4ng ph\u1ea3i \u0111\u00edch \u0111\u1ebfn, y\u00eau th\u01b0\u01a1ng l\u00e0 chuy\u1ec7n c\u1ee7a hi\u1ec7n t\u1ea1i, \u0111\u1eebng \u0111\u1ed5 l\u1ed7i cho qu\u00e1 kh\u1ee9 hay \u1ec9 l\u1ea1i v\u00e0o t\u01b0\u01a1ng lai.<\/p>\n<p>\u0110\u1eebng s\u1ee3 k\u1ebft th\u00fac m\u00e0 kh\u00f4ng d\u00e1m b\u1eaft \u0111\u1ea7u, c\u0169ng \u0111\u1eebng l\u1ea7m t\u01b0\u1edfng r\u1eb1ng s\u1ebd kh\u00f4ng th\u1ec3 chia xa m\u00e0 l\u01a1i l\u00e0 y\u00eau th\u01b0\u01a1ng hi\u1ec7n t\u1ea1i. \u201cCh\u00fang ta \u0111\u1ec1u s\u1ebd r\u1ea5t bu\u1ed3n n\u1ebfu kh\u00f4ng th\u1ec3 bi\u1ebft l\u1ea7n n\u00e0o l\u00e0 l\u1ea7n cu\u1ed1i g\u1eb7p nhau, nh\u01b0ng \u0111\u00e2u ai hi\u1ec3u r\u1eb1ng, bi\u1ebft \u0111\u01b0\u1ee3c l\u1ea7n n\u00e0o l\u00e0 l\u1ea7n cu\u1ed1i, c\u0169ng l\u00e0 m\u1ed9t th\u1ee9 c\u1ea3m gi\u00e1c, th\u1eadt \u0111au l\u00f2ng\u2026 Th\u01b0\u01a1ng ai, \u0111\u1eebng \u0111\u1ee3i \u0111\u1ebfn ng\u00e0y mai\u2026\u201d<\/p>\n","protected":false},"featured_media":8597,"template":"","meta":{"_acf_changed":false},"product_brand":[],"product_cat":[15,47],"product_tag":[],"class_list":{"0":"post-8601","1":"product","2":"type-product","3":"status-publish","4":"has-post-thumbnail","6":"product_cat-sach-danh-cho-nguoi-lon","7":"product_cat-truyen-ngan-tan-van","9":"first","10":"instock","11":"taxable","12":"shipping-taxable","13":"purchasable","14":"product-type-simple"},"supplier_id":null,"supplier_sku":"","barcode":null,"atum_controlled":true,"out_stock_date":null,"out_stock_threshold":null,"inheritable":false,"inbound_stock":1,"stock_on_hold":0,"sold_today":0,"sales_last_days":0,"reserved_stock":0,"customer_returns":0,"warehouse_damage":0,"lost_in_post":0,"other_logs":0,"out_stock_days":0,"lost_sales":0,"has_location":false,"update_date":"2026-01-28T23:10:43","atum_locations":[],"atum_stock_status":"instock","restock_status":false,"low_stock_amount":"","sales_update_date":"2026-01-28T23:10:43","calc_backorders":null,"acf":{"publisher":{"ID":1785,"post_author":"1","post_date":"2021-02-17 01:54:46","post_date_gmt":"2021-02-16 23:54:46","post_content":"<!-- wp:flatsome\/uxbuilder -->\n<h1 style=\"text-align: center;\"><strong>AZ VIETNAM<\/strong><\/h1>\n[row]\n\n[col span=\"8\" span__sm=\"12\"]\n\n<p>Th\u00e0nh l\u1eadp n\u0103m: 2015<br \/>V\u1ed1n \u0111\u1ea7u t\u01b0: 4,000,000,000 \u0111\u1ed3ng<br \/><strong>L\u0129nh v\u1ef1c:<\/strong><br \/>- Xu\u1ea5t b\u1ea3n v\u00e0 ph\u00e1t h\u00e0nh v\u0103n h\u00f3a ph\u1ea9m<br \/>- Cung c\u1ea5p v\u0103n h\u00f3a ph\u1ea9m, c\u00e1c s\u1ea3n ph\u1ea9m cho in \u1ea5n, trang thi\u1ebft b\u1ecb cho c\u00e1c th\u01b0 vi\u1ec7n v\u00e0 trung t\u00e2m s\u00e1ch tr\u00ean c\u1ea3 n\u01b0\u1edbc.<br \/>- Th\u1eddi trang v\u00e0 c\u00e1c s\u1ea3n ph\u1ea9m li\u00ean quan \u0111\u1ebfn l\u0129nh v\u1ef1c th\u1eddi trang<br \/>- Xu\u1ea5t nh\u1eadp kh\u1ea9u c\u00e1c s\u1ea3n ph\u1ea9m v\u0103n h\u00f3a<\/p>\n<p><strong>Quy m\u00f4:<\/strong> 60 nh\u00e2n vi\u00ean<br \/>Kh\u1edfi ngu\u1ed3n c\u1ee7a AZ Vi\u1ec7t Nam ng\u00e0y nay l\u00e0 C\u00f4ng ty TNHH Trung t\u00e2m S\u00e1ch v\u00e0 Thi\u1ebft b\u1ecb Th\u01b0 vi\u1ec7n, v\u1edbi ho\u1ea1t \u0111\u1ed9ng \u0111\u1ea7u ti\u00ean l\u00e0 cung c\u1ea5p s\u00e1ch, trang thi\u1ebft b\u1ecb, v\u0103n h\u00f3a ph\u1ea9m cho c\u00e1c th\u01b0 vi\u1ec7n v\u00e0 trung t\u00e2m s\u00e1ch tr\u00ean c\u1ea3 n\u01b0\u1edbc. T\u1eeb cu\u1ed1i n\u0103m 2010 \u0111\u1ebfn nay, ch\u00fang t\u00f4i \u0111\u00e3 kh\u00f4ng ng\u1eebng n\u1ed7 l\u1ef1c khai ph\u00e1 v\u00e0 ph\u00e1t tri\u1ec3n c\u00e1c d\u00f2ng s\u1ea3n ph\u1ea9m m\u1edbi v\u1edbi 8 th\u01b0\u01a1ng hi\u1ec7u uy t\u00edn. \u0110\u1ec3 \u0111\u00e1p \u1ee9ng nhu c\u1ea7u ph\u00e1t tri\u1ec3n ng\u00e0y m\u1ed9t l\u1edbn m\u1ea1nh v\u00e0 t\u1eadp h\u1ee3p c\u00e1c th\u01b0\u01a1ng hi\u1ec7u \u0111\u00e3 \u0111\u01b0\u1ee3c ch\u00fang t\u00f4i x\u00e2y d\u1ef1ng, 2015 C\u00f4ng ty TNHH AZ Vi\u1ec7t Nam \u0111\u00e3 ra \u0111\u1eddi v\u1edbi s\u1ee9 m\u1ec7nh mang \u0111\u1ebfn nhi\u1ec1u h\u01a1n n\u1eefa nh\u1eefng gi\u00e1 tr\u1ecb tinh th\u1ea7n, tri th\u1ee9c ti\u00ean ti\u1ebfn cho ng\u01b0\u1eddi ti\u00eau d\u00f9ng b\u1eb1ng vi\u1ec7c cung c\u1ea5p nh\u1eefng s\u1ea3n ph\u1ea9m c\u00f3 ch\u1ea5t l\u01b0\u1ee3ng.<\/p>\n\n[\/col]\n[col span=\"4\" span__sm=\"12\"]\n\n[ux_image id=\"1836\" image_size=\"medium\"]\n\n\n[\/col]\n\n[\/row]\n\n<!-- \/wp:flatsome\/uxbuilder -->","post_title":"AZ Vi\u1ec7t Nam","post_excerpt":"","post_status":"publish","comment_status":"closed","ping_status":"closed","post_password":"","post_name":"az-viet-nam","to_ping":"","pinged":"","post_modified":"2021-02-17 22:07:10","post_modified_gmt":"2021-02-17 20:07:10","post_content_filtered":"","post_parent":0,"guid":"https:\/\/sachviet.eu\/nha-phat-hanh\/az-viet-nam\/","menu_order":0,"post_type":"publisher","post_mime_type":"","comment_count":"0","filter":"raw"}},"_links":{"self":[{"href":"https:\/\/sachviet.eu\/en\/wp-json\/wp\/v2\/product\/8601","targetHints":{"allow":["GET"]}}],"collection":[{"href":"https:\/\/sachviet.eu\/en\/wp-json\/wp\/v2\/product"}],"about":[{"href":"https:\/\/sachviet.eu\/en\/wp-json\/wp\/v2\/types\/product"}],"wp:featuredmedia":[{"embeddable":true,"href":"https:\/\/sachviet.eu\/en\/wp-json\/wp\/v2\/media\/8597"}],"wp:attachment":[{"href":"https:\/\/sachviet.eu\/en\/wp-json\/wp\/v2\/media?parent=8601"}],"wp:term":[{"taxonomy":"product_brand","embeddable":true,"href":"https:\/\/sachviet.eu\/en\/wp-json\/wp\/v2\/product_brand?post=8601"},{"taxonomy":"product_cat","embeddable":true,"href":"https:\/\/sachviet.eu\/en\/wp-json\/wp\/v2\/product_cat?post=8601"},{"taxonomy":"product_tag","embeddable":true,"href":"https:\/\/sachviet.eu\/en\/wp-json\/wp\/v2\/product_tag?post=8601"}],"curies":[{"name":"wp","href":"https:\/\/api.w.org\/{rel}","templated":true}]}}