{"id":8596,"date":"2021-04-28T14:26:47","date_gmt":"2021-04-28T11:26:47","guid":{"rendered":"https:\/\/sachviet.eu\/shop\/nam-chu-heo-con-five-little-pigs\/"},"modified":"2021-09-12T23:34:38","modified_gmt":"2021-09-12T20:34:38","slug":"nam-chu-heo-con-five-little-pigs","status":"publish","type":"product","link":"https:\/\/sachviet.eu\/en\/shop\/nam-chu-heo-con-five-little-pigs\/","title":{"rendered":"N\u0103m Ch\u00fa Heo Con &#8211; Five Little Pigs"},"content":{"rendered":"<p>C\u00e2u chuy\u1ec7n l\u1ea5y \u00fd t\u01b0\u1edfng t\u1eeb m\u1ed9t b\u00e0i \u0111\u1ed3ng dao c\u1ee7a tr\u1ebb em Anh, v\u1edbi n\u0103m nh\u00e2n v\u1eadt l\u00e0 nghi ph\u1ea1m trong m\u1ed9t v\u1ee5 \u00e1n:<br \/>\nCh\u00fa heo con n\u00e0y \u0111i ra ch\u1ee3<br \/>\nCh\u00fa heo con n\u00e0y \u1edf nh\u00e0 tr\u00f4ng<br \/>\nCh\u00fa heo con n\u00e0y \u0103n b\u00f2 n\u01b0\u1edbng<br \/>\nCh\u00fa heo con n\u00e0y b\u1ee5ng r\u1ed7ng kh\u00f4ng<br \/>\nCh\u00fa heo con n\u00e0y kh\u00f3c \u201coa oa oa\u201d su\u1ed1t \u0111\u01b0\u1eddng v\u1ec1 nh\u00e0<\/p>\n<p>Nhi\u1ec1u n\u0103m tr\u01b0\u1edbc, m\u1ed9t v\u1ee5 \u00e1n m\u1ea1ng x\u1ea3y ra l\u00e0m kinh \u0111\u1ed9ng x\u00e3 h\u1ed9i: b\u00e0 Crale b\u1ecb bu\u1ed9c t\u1ed9i \u0111\u1ea7u \u0111\u1ed9c ch\u1ed3ng \u2013 m\u1ed9t h\u1ecda s\u0129 t\u00e0i hoa, v\u00e0 nh\u1eadn \u00e1n chung th\u00e2n. B\u00e0 ch\u1ebft sau m\u1ed9t n\u0103m th\u1ee5 \u00e1n. Nh\u01b0ng con g\u00e1i b\u00e0 kh\u00f4ng tin m\u1eb9 m\u00ecnh l\u00e0 th\u1ee7 ph\u1ea1m, c\u00f4 \u0111\u00e3 \u0111\u1ec1 ngh\u1ecb th\u00e1m t\u1eed l\u1eebng danh Poirot \u0111i\u1ec1u tra l\u1ea1i v\u1ee5 \u00e1n n\u00e0y.<br \/>\nPoirot \u0111\u00e3 ti\u1ebfp c\u1eadn n\u0103m ng\u01b0\u1eddi c\u00f3 m\u1eb7t khi s\u1ef1 vi\u1ec7c x\u1ea3y ra \u2013 n\u0103m nghi ph\u1ea1m, v\u00e0 l\u1ea7n v\u1ec1 qu\u00e1 kh\u1ee9 16 n\u0103m tr\u01b0\u1edbc \u0111\u1ec3 v\u00e9n b\u1ee9c m\u00e0n b\u00ed m\u1eadt, t\u0103m t\u1ed1i quanh c\u00e1i ch\u1ebft c\u1ee7a h\u1ecda s\u0129 l\u1eebng danh Amyas Crale.<br \/>\nTi\u1ec3u thuy\u1ebft \u0111\u1ec9nh cao n\u00e0y l\u00e0 m\u1ed9t c\u00e2u chuy\u1ec7n tinh t\u1ebf v\u00e0 t\u00e0i hoa, m\u1ed9t chuy\u1ec7n t\u00ecnh s\u00e2u s\u1eafc v\u00e0 m\u1ed9t \u0111\u1ea1i di\u1ec7n ti\u00eau bi\u1ec3u c\u1ee7a ngh\u1ec7 thu\u1eadt k\u1ec3 chuy\u1ec7n, trong \u0111\u00f3 c\u00f3 n\u0103m c\u00e1ch k\u1ec3 kh\u00e1c nhau c\u1ee7a c\u00f9ng m\u1ed9t v\u1ee5 gi\u1ebft ng\u01b0\u1eddi. Theo b\u00ecnh ch\u1ecdn c\u1ee7a nhi\u1ec1u \u0111\u1ed9c gi\u1ea3, \u0111\u00e2y l\u00e0 t\u00e1c ph\u1ea9m hay nh\u1ea5t c\u1ee7a n\u1eef ho\u00e0ng truy\u1ec7n trinh th\u00e1m Agatha Christie.<\/p>\n","protected":false},"excerpt":{"rendered":"<p>C\u00e2u chuy\u1ec7n l\u1ea5y \u00fd t\u01b0\u1edfng t\u1eeb m\u1ed9t b\u00e0i \u0111\u1ed3ng dao c\u1ee7a tr\u1ebb em Anh, v\u1edbi n\u0103m nh\u00e2n v\u1eadt l\u00e0 nghi ph\u1ea1m trong m\u1ed9t v\u1ee5 \u00e1n:<br \/>\nCh\u00fa heo con n\u00e0y \u0111i ra ch\u1ee3<br \/>\nCh\u00fa heo con n\u00e0y \u1edf nh\u00e0 tr\u00f4ng<br \/>\nCh\u00fa heo con n\u00e0y \u0103n b\u00f2 n\u01b0\u1edbng<br \/>\nCh\u00fa heo con n\u00e0y b\u1ee5ng r\u1ed7ng kh\u00f4ng<br \/>\nCh\u00fa heo con n\u00e0y kh\u00f3c \u201coa oa oa\u201d su\u1ed1t \u0111\u01b0\u1eddng v\u1ec1 nh\u00e0<\/p>\n<p>Nhi\u1ec1u n\u0103m tr\u01b0\u1edbc, m\u1ed9t v\u1ee5 \u00e1n m\u1ea1ng x\u1ea3y ra l\u00e0m kinh \u0111\u1ed9ng x\u00e3 h\u1ed9i: b\u00e0 Crale b\u1ecb bu\u1ed9c t\u1ed9i \u0111\u1ea7u \u0111\u1ed9c ch\u1ed3ng \u2013 m\u1ed9t h\u1ecda s\u0129 t\u00e0i hoa, v\u00e0 nh\u1eadn \u00e1n chung th\u00e2n. B\u00e0 ch\u1ebft sau m\u1ed9t n\u0103m th\u1ee5 \u00e1n. Nh\u01b0ng con g\u00e1i b\u00e0 kh\u00f4ng tin m\u1eb9 m\u00ecnh l\u00e0 th\u1ee7 ph\u1ea1m, c\u00f4 \u0111\u00e3 \u0111\u1ec1 ngh\u1ecb th\u00e1m t\u1eed l\u1eebng danh Poirot \u0111i\u1ec1u tra l\u1ea1i v\u1ee5 \u00e1n n\u00e0y.<br \/>\nPoirot \u0111\u00e3 ti\u1ebfp c\u1eadn n\u0103m ng\u01b0\u1eddi c\u00f3 m\u1eb7t khi s\u1ef1 vi\u1ec7c x\u1ea3y ra \u2013 n\u0103m nghi ph\u1ea1m, v\u00e0 l\u1ea7n v\u1ec1 qu\u00e1 kh\u1ee9 16 n\u0103m tr\u01b0\u1edbc \u0111\u1ec3 v\u00e9n b\u1ee9c m\u00e0n b\u00ed m\u1eadt, t\u0103m t\u1ed1i quanh c\u00e1i ch\u1ebft c\u1ee7a h\u1ecda s\u0129 l\u1eebng danh Amyas Crale.<br \/>\nTi\u1ec3u thuy\u1ebft \u0111\u1ec9nh cao n\u00e0y l\u00e0 m\u1ed9t c\u00e2u chuy\u1ec7n tinh t\u1ebf v\u00e0 t\u00e0i hoa, m\u1ed9t chuy\u1ec7n t\u00ecnh s\u00e2u s\u1eafc v\u00e0 m\u1ed9t \u0111\u1ea1i di\u1ec7n ti\u00eau bi\u1ec3u c\u1ee7a ngh\u1ec7 thu\u1eadt k\u1ec3 chuy\u1ec7n, trong \u0111\u00f3 c\u00f3 n\u0103m c\u00e1ch k\u1ec3 kh\u00e1c nhau c\u1ee7a c\u00f9ng m\u1ed9t v\u1ee5 gi\u1ebft ng\u01b0\u1eddi. Theo b\u00ecnh ch\u1ecdn c\u1ee7a nhi\u1ec1u \u0111\u1ed9c gi\u1ea3, \u0111\u00e2y l\u00e0 t\u00e1c ph\u1ea9m hay nh\u1ea5t c\u1ee7a n\u1eef ho\u00e0ng truy\u1ec7n trinh th\u00e1m Agatha Christie.<\/p>\n","protected":false},"featured_media":8579,"template":"","meta":{"_acf_changed":false},"product_brand":[],"product_cat":[15,72],"product_tag":[],"class_list":{"0":"post-8596","1":"product","2":"type-product","3":"status-publish","4":"has-post-thumbnail","6":"product_cat-sach-danh-cho-nguoi-lon","7":"product_cat-trinh-tham-kinh-di","9":"first","10":"outofstock","11":"taxable","12":"shipping-taxable","13":"purchasable","14":"product-type-simple"},"supplier_id":null,"supplier_sku":"","barcode":null,"atum_controlled":true,"out_stock_date":"2021-09-12 20:34:39","out_stock_threshold":null,"inheritable":false,"inbound_stock":0,"stock_on_hold":0,"sold_today":0,"sales_last_days":0,"reserved_stock":0,"customer_returns":0,"warehouse_damage":0,"lost_in_post":0,"other_logs":0,"out_stock_days":1599,"lost_sales":2510,"has_location":false,"update_date":"2026-01-28T23:10:43","atum_locations":[],"atum_stock_status":"outofstock","restock_status":false,"low_stock_amount":"","sales_update_date":"2026-01-28T23:10:42","calc_backorders":null,"acf":{"publisher":{"ID":1517,"post_author":"1","post_date":"2021-02-17 01:14:41","post_date_gmt":"2021-02-16 23:14:41","post_content":"","post_title":"NXB Tr\u1ebb","post_excerpt":"","post_status":"publish","comment_status":"closed","ping_status":"closed","post_password":"","post_name":"nxb-tre","to_ping":"","pinged":"","post_modified":"2021-02-17 01:14:41","post_modified_gmt":"2021-02-16 23:14:41","post_content_filtered":"","post_parent":0,"guid":"https:\/\/sachviet.eu\/nha-phat-hanh\/nxb-tre\/","menu_order":0,"post_type":"publisher","post_mime_type":"","comment_count":"0","filter":"raw"}},"_links":{"self":[{"href":"https:\/\/sachviet.eu\/en\/wp-json\/wp\/v2\/product\/8596","targetHints":{"allow":["GET"]}}],"collection":[{"href":"https:\/\/sachviet.eu\/en\/wp-json\/wp\/v2\/product"}],"about":[{"href":"https:\/\/sachviet.eu\/en\/wp-json\/wp\/v2\/types\/product"}],"wp:featuredmedia":[{"embeddable":true,"href":"https:\/\/sachviet.eu\/en\/wp-json\/wp\/v2\/media\/8579"}],"wp:attachment":[{"href":"https:\/\/sachviet.eu\/en\/wp-json\/wp\/v2\/media?parent=8596"}],"wp:term":[{"taxonomy":"product_brand","embeddable":true,"href":"https:\/\/sachviet.eu\/en\/wp-json\/wp\/v2\/product_brand?post=8596"},{"taxonomy":"product_cat","embeddable":true,"href":"https:\/\/sachviet.eu\/en\/wp-json\/wp\/v2\/product_cat?post=8596"},{"taxonomy":"product_tag","embeddable":true,"href":"https:\/\/sachviet.eu\/en\/wp-json\/wp\/v2\/product_tag?post=8596"}],"curies":[{"name":"wp","href":"https:\/\/api.w.org\/{rel}","templated":true}]}}