{"id":8578,"date":"2021-04-28T14:25:39","date_gmt":"2021-04-28T11:25:39","guid":{"rendered":"https:\/\/sachviet.eu\/shop\/canh-dong-bat-tan-ban-dac-biet-bia-cung\/"},"modified":"2022-12-19T22:14:44","modified_gmt":"2022-12-19T20:14:44","slug":"canh-dong-bat-tan-ban-dac-biet-bia-cung","status":"publish","type":"product","link":"https:\/\/sachviet.eu\/en\/shop\/canh-dong-bat-tan-ban-dac-biet-bia-cung\/","title":{"rendered":"C\u00e1nh \u0111\u1ed3ng b\u1ea5t t\u1eadn &#8211; B\u1ea3n \u0111\u1eb7c bi\u1ec7t\u00a0&#8211;\u00a0B\u00eca c\u1ee9ng"},"content":{"rendered":"<p>\u201cC\u00e1nh \u0111\u1ed3ng b\u1ea5t t\u1eadn\u201d g\u1ed3m hai truy\u1ec7n v\u1eeba l\u00e0 &#8220;C\u00e1nh \u0111\u1ed3ng b\u1ea5t t\u1eadn&#8221; v\u00e0 &#8220;\u0110\u1ea5t&#8221;, l\u00e0 c\u00e2u chuy\u1ec7n v\u1ec1 nh\u1eefng m\u1ea3nh \u0111\u1eddi m\u1ea3i m\u1ed1t b\u00ean d\u00f2ng M\u00ea K\u00f4ng, \u0111\u00e1nh d\u1ea5u s\u1ef1 th\u1ea5u hi\u1ec3u v\u00e0 c\u1ea3m th\u00f4ng s\u00e2u s\u1eafc c\u1ee7a Nguy\u1ec5n Ng\u1ecdc T\u01b0 v\u1edbi ng\u01b0\u1eddi n\u00f4ng d\u00e2n (v\u00e0 con ng\u01b0\u1eddi n\u00f3i chung). B\u00e0ng b\u1ea1c kh\u1eafp truy\u1ec7n l\u00e0 t\u00ecnh y\u00eau th\u01b0\u01a1ng, s\u1ef1 th\u00f9 h\u1eadn, n\u1ed7i nh\u1edb nhung, ni\u1ec1m \u00e2n h\u1eadn, v\u00e0 s\u1ef1 b\u00f3c tr\u1ea7n nh\u1eefng g\u00f3c khu\u1ea5t t\u0103m t\u1ed1i trong t\u00e2m h\u1ed3n khi\u1ebfn cho nh\u00e2n v\u1eadt trong \u0111\u00f3 tr\u1edf n\u00ean \u201c\u0111\u1eddi\u201d h\u01a1n bao gi\u1edd h\u1ebft.<\/p>\n<p>Truy\u1ec7n v\u1eeba \u201cC\u00e1nh \u0111\u1ed3ng b\u1ea5t t\u1eadn\u201d, \u0111\u01b0\u1ee3c chuy\u1ec3n th\u1ec3 th\u00e0nh phim n\u0103m 2010 v\u1edbi t\u00ean g\u1ecdi \u201cThe Floating Lives\u201d, \u0111\u00e3 \u0111\u01b0\u1ee3c d\u1ecbch v\u00e0 xu\u1ea5t b\u1ea3n \u1edf H\u00e0n Qu\u1ed1c, Trung Qu\u1ed1c, Ph\u00e1p, \u0110\u1ee9c, Th\u1ee5y \u0110i\u1ec3n, v\u00e0 nh\u1eadn \u0111\u01b0\u1ee3c nhi\u1ec1u l\u1eddi khen ng\u1ee3i.<\/p>\n<p>\u201cK\u1ebft c\u1ea5u ch\u1eb7t ch\u1ebd v\u00e0 ho\u00e0n h\u1ea3o\u2026 Nhi\u1ec1u h\u00ecnh \u1ea3nh g\u1ee3i bu\u1ed3n v\u1ec1 n\u1ed7i con ng\u01b0\u1eddi b\u1ecb s\u1ed1 ph\u1eadn hay ch\u00ednh c\u01a1 h\u1ed9i qu\u1eadt ng\u00e3.\u201d &#8211; Nh\u00e0 ph\u00ea b\u00ecnh Th\u1ee5y \u0110i\u1ec3n Stefan Jonsson<\/p>\n<p>Phi\u00ean b\u1ea3n \u0111\u1eb7c bi\u1ec7t k\u1ef7 ni\u1ec7m 40 n\u0103m ng\u00e0y th\u00e0nh l\u1eadp NXB Tr\u1ebb \u0111\u01b0\u1ee3c in m\u00e0u ho\u00e0n to\u00e0n v\u1edbi nh\u1eefng tranh minh h\u1ecda c\u1ee7a h\u1ecda s\u0129 Nguy\u1ec5n Minh H\u1ea3i<\/p>\n","protected":false},"excerpt":{"rendered":"<p>\u201cC\u00e1nh \u0111\u1ed3ng b\u1ea5t t\u1eadn\u201d g\u1ed3m hai truy\u1ec7n v\u1eeba l\u00e0 &#8220;C\u00e1nh \u0111\u1ed3ng b\u1ea5t t\u1eadn&#8221; v\u00e0 &#8220;\u0110\u1ea5t&#8221;, l\u00e0 c\u00e2u chuy\u1ec7n v\u1ec1 nh\u1eefng m\u1ea3nh \u0111\u1eddi m\u1ea3i m\u1ed1t b\u00ean d\u00f2ng M\u00ea K\u00f4ng, \u0111\u00e1nh d\u1ea5u s\u1ef1 th\u1ea5u hi\u1ec3u v\u00e0 c\u1ea3m th\u00f4ng s\u00e2u s\u1eafc c\u1ee7a Nguy\u1ec5n Ng\u1ecdc T\u01b0 v\u1edbi ng\u01b0\u1eddi n\u00f4ng d\u00e2n (v\u00e0 con ng\u01b0\u1eddi n\u00f3i chung). B\u00e0ng b\u1ea1c kh\u1eafp truy\u1ec7n l\u00e0 t\u00ecnh y\u00eau th\u01b0\u01a1ng, s\u1ef1 th\u00f9 h\u1eadn, n\u1ed7i nh\u1edb nhung, ni\u1ec1m \u00e2n h\u1eadn, v\u00e0 s\u1ef1 b\u00f3c tr\u1ea7n nh\u1eefng g\u00f3c khu\u1ea5t t\u0103m t\u1ed1i trong t\u00e2m h\u1ed3n khi\u1ebfn cho nh\u00e2n v\u1eadt trong \u0111\u00f3 tr\u1edf n\u00ean \u201c\u0111\u1eddi\u201d h\u01a1n bao gi\u1edd h\u1ebft.<\/p>\n<p>Truy\u1ec7n v\u1eeba \u201cC\u00e1nh \u0111\u1ed3ng b\u1ea5t t\u1eadn\u201d, \u0111\u01b0\u1ee3c chuy\u1ec3n th\u1ec3 th\u00e0nh phim n\u0103m 2010 v\u1edbi t\u00ean g\u1ecdi \u201cThe Floating Lives\u201d, \u0111\u00e3 \u0111\u01b0\u1ee3c d\u1ecbch v\u00e0 xu\u1ea5t b\u1ea3n \u1edf H\u00e0n Qu\u1ed1c, Trung Qu\u1ed1c, Ph\u00e1p, \u0110\u1ee9c, Th\u1ee5y \u0110i\u1ec3n, v\u00e0 nh\u1eadn \u0111\u01b0\u1ee3c nhi\u1ec1u l\u1eddi khen ng\u1ee3i.<\/p>\n<p>\u201cK\u1ebft c\u1ea5u ch\u1eb7t ch\u1ebd v\u00e0 ho\u00e0n h\u1ea3o\u2026 Nhi\u1ec1u h\u00ecnh \u1ea3nh g\u1ee3i bu\u1ed3n v\u1ec1 n\u1ed7i con ng\u01b0\u1eddi b\u1ecb s\u1ed1 ph\u1eadn hay ch\u00ednh c\u01a1 h\u1ed9i qu\u1eadt ng\u00e3.\u201d &#8211; Nh\u00e0 ph\u00ea b\u00ecnh Th\u1ee5y \u0110i\u1ec3n Stefan Jonsson<\/p>\n<p>Phi\u00ean b\u1ea3n \u0111\u1eb7c bi\u1ec7t k\u1ef7 ni\u1ec7m 40 n\u0103m ng\u00e0y th\u00e0nh l\u1eadp NXB Tr\u1ebb \u0111\u01b0\u1ee3c in m\u00e0u ho\u00e0n to\u00e0n v\u1edbi nh\u1eefng tranh minh h\u1ecda c\u1ee7a h\u1ecda s\u0129 Nguy\u1ec5n Minh H\u1ea3i<\/p>\n","protected":false},"featured_media":8577,"template":"","meta":{"_acf_changed":false},"product_brand":[],"product_cat":[15,45],"product_tag":[85],"class_list":{"0":"post-8578","1":"product","2":"type-product","3":"status-publish","4":"has-post-thumbnail","6":"product_cat-sach-danh-cho-nguoi-lon","7":"product_cat-tieu-thuyet","8":"product_tag-special-editions","10":"first","11":"outofstock","12":"taxable","13":"shipping-taxable","14":"purchasable","15":"product-type-simple"},"supplier_id":null,"supplier_sku":"","barcode":null,"atum_controlled":true,"out_stock_date":"2021-07-26 16:33:52","out_stock_threshold":null,"inheritable":false,"inbound_stock":0,"stock_on_hold":0,"sold_today":0,"sales_last_days":0,"reserved_stock":0,"customer_returns":0,"warehouse_damage":0,"lost_in_post":0,"other_logs":0,"out_stock_days":1647,"lost_sales":5879,"has_location":false,"update_date":"2026-01-28T23:10:42","atum_locations":[],"atum_stock_status":"outofstock","restock_status":false,"low_stock_amount":"","sales_update_date":"2026-01-28T23:10:42","calc_backorders":null,"acf":{"publisher":{"ID":1517,"post_author":"1","post_date":"2021-02-17 01:14:41","post_date_gmt":"2021-02-16 23:14:41","post_content":"","post_title":"NXB Tr\u1ebb","post_excerpt":"","post_status":"publish","comment_status":"closed","ping_status":"closed","post_password":"","post_name":"nxb-tre","to_ping":"","pinged":"","post_modified":"2021-02-17 01:14:41","post_modified_gmt":"2021-02-16 23:14:41","post_content_filtered":"","post_parent":0,"guid":"https:\/\/sachviet.eu\/nha-phat-hanh\/nxb-tre\/","menu_order":0,"post_type":"publisher","post_mime_type":"","comment_count":"0","filter":"raw"}},"_links":{"self":[{"href":"https:\/\/sachviet.eu\/en\/wp-json\/wp\/v2\/product\/8578","targetHints":{"allow":["GET"]}}],"collection":[{"href":"https:\/\/sachviet.eu\/en\/wp-json\/wp\/v2\/product"}],"about":[{"href":"https:\/\/sachviet.eu\/en\/wp-json\/wp\/v2\/types\/product"}],"wp:featuredmedia":[{"embeddable":true,"href":"https:\/\/sachviet.eu\/en\/wp-json\/wp\/v2\/media\/8577"}],"wp:attachment":[{"href":"https:\/\/sachviet.eu\/en\/wp-json\/wp\/v2\/media?parent=8578"}],"wp:term":[{"taxonomy":"product_brand","embeddable":true,"href":"https:\/\/sachviet.eu\/en\/wp-json\/wp\/v2\/product_brand?post=8578"},{"taxonomy":"product_cat","embeddable":true,"href":"https:\/\/sachviet.eu\/en\/wp-json\/wp\/v2\/product_cat?post=8578"},{"taxonomy":"product_tag","embeddable":true,"href":"https:\/\/sachviet.eu\/en\/wp-json\/wp\/v2\/product_tag?post=8578"}],"curies":[{"name":"wp","href":"https:\/\/api.w.org\/{rel}","templated":true}]}}