{"id":8573,"date":"2021-04-28T14:25:30","date_gmt":"2021-04-28T11:25:30","guid":{"rendered":"https:\/\/sachviet.eu\/shop\/song-het-minh-cho-ngay-hom-nay\/"},"modified":"2022-03-05T16:50:48","modified_gmt":"2022-03-05T14:50:48","slug":"song-het-minh-cho-ngay-hom-nay","status":"publish","type":"product","link":"https:\/\/sachviet.eu\/en\/shop\/song-het-minh-cho-ngay-hom-nay\/","title":{"rendered":"S\u1ed1ng H\u1ebft M\u00ecnh Cho Ng\u00e0y H\u00f4m Nay"},"content":{"rendered":"<p>S\u1ed1ng H\u1ebft M\u00ecnh Cho Ng\u00e0y H\u00f4m Nay<\/p>\n<p>\u201c\u0110\u1eebng l\u00e0m n\u00f4 l\u1ec7 cho ng\u00e0y h\u00f4m qua hay ng\u00e0y mai, h\u00e3y ch\u1ec9 bi\u1ebft \u0111\u1ebfn ng\u00e0y h\u00f4m nay th\u00f4i.\u201d (Tr\u00edch \u201cS\u1ed1ng h\u1ebft m\u00ecnh cho ng\u00e0y h\u00f4m nay\u201d)<\/p>\n<p>B\u1ea1n l\u00e0 ng\u01b0\u1eddi lu\u00f4n ch\u00ecm \u0111\u1eafm trong nh\u1eefng k\u00fd \u1ee9c, k\u1ef7 ni\u1ec7m c\u1ee7a qu\u00e1 kh\u1ee9?<\/p>\n<p>B\u1ea1n l\u00e0 ng\u01b0\u1eddi l\u00fac n\u00e0o c\u0169ng th\u1ea5y hi\u1ec7n t\u1ea1i th\u1eadt nh\u00e0m ch\u00e1n?<\/p>\n<p>B\u1ea1n l\u00e0 ng\u01b0\u1eddi l\u00fac n\u00e0o c\u0169ng hoang mang khi ngh\u0129 \u0111\u1ebfn t\u01b0\u01a1ng lai?<\/p>\n<p>\u0110\u00e3 \u0111\u1ebfn l\u00fac b\u1ea1n d\u1eebng suy ngh\u0129 \u1ea5y l\u1ea1i v\u00e0 \u0111\u01b0a t\u00e2m tr\u00ed m\u00ecnh \u0111\u1ebfn th\u1eb3ng \u201cng\u00e0y cu\u1ed1i c\u00f9ng c\u1ee7a cu\u1ed9c \u0111\u1eddi\u201d. Ch\u1ec9 khi b\u1ea1n ngh\u0129 m\u00ecnh \u0111\u00f3n nh\u1eadn c\u00e1i ch\u1ebft nh\u01b0 th\u1ebf n\u00e0o, b\u1ea1n s\u1ebd bi\u1ebft m\u00ecnh ph\u1ea3i s\u1ed1ng cho nh\u1eefng th\u00e1ng ng\u00e0y hi\u1ec7n t\u1ea1i ra sao.<\/p>\n<p>\u201cS\u1ed1ng h\u1ebft m\u00ecnh cho ng\u00e0y h\u00f4m nay\u201d KH\u00d4NG ph\u1ea3i l\u00e0 cu\u1ed1n s\u00e1ch h\u01b0\u1edbng d\u1eabn b\u1ea1n ph\u1ea3i c\u1ed1 g\u1eafng, ph\u1ea3i t\u00edch c\u1ef1c, ph\u1ea3i l\u00e0m \u0111i\u1ec1u n\u00e0y \u0111i\u1ec1u kia. N\u00f3 v\u01b0\u1ee3t qua m\u1ed9t cu\u1ed1n s\u00e1ch th\u00f4ng th\u01b0\u1eddng v\u00e0 ch\u1ea1m \u0111\u1ebfn ng\u01b0\u1eddi \u0111\u1ecdc b\u1eb1ng nh\u1eefng tri\u1ebft l\u00fd dung d\u1ecb nh\u01b0ng s\u00e2u s\u1eafc.<\/p>\n<p>Ch\u00fang ta th\u01b0\u1eddng kh\u00f4ng bao gi\u1edd tr\u00e2n tr\u1ecdng nh\u1eefng \u0111i\u1ec1u ngay b\u00ean c\u1ea1nh m\u00ecnh v\u00e0 coi \u0111\u00f3 l\u00e0 \u0111i\u1ec1u hi\u1ec3n nhi\u00ean. Th\u1ef1c ra, \u0111i\u1ec1u quan tr\u1ecdng th\u1ef1c s\u1ef1 v\u1eabn lu\u00f4n b\u00ean b\u1ea1n. Ch\u1ec9 v\u00ec b\u1ef1c m\u00ecnh \u0111i\u1ec1u g\u00ec \u0111\u00f3, b\u1ea1n b\u1ecf qua m\u1ed9t ng\u00e0y \u0111\u1eb9p tr\u1eddi; ch\u1ec9 v\u00ec ch\u00fat s\u0129 di\u1ec7n, b\u1ea1n kh\u00f4ng l\u00e0m h\u00f2a v\u1edbi \u0111\u1ee9a b\u1ea1n th\u00e2n; ch\u1ec9 v\u00ec t\u1ef1 \u00e1i, b\u1ea1n kh\u00f4ng n\u00f3i l\u1eddi xin l\u1ed7i v\u1edbi b\u1ed1 m\u1eb9; ch\u1ec9 v\u00ec qu\u00e1 b\u1eadn r\u1ed9n, b\u1ea1n kh\u00f4ng g\u00f3p nh\u1eb7t t\u1eebng gi\u00e2y ph\u00fat tr\u00e2n qu\u00fd b\u00ean gia \u0111\u00ecnh.<\/p>\n<p>B\u1ea1n \u0111\u00e3 qu\u00e1 \u0111\u1ec3 t\u00e2m \u0111\u1ebfn th\u1ebf gi\u1edbi b\u00ean ngo\u00e0i v\u00e0 qu\u00ean m\u1ea5t vi\u1ec7c \u0111i t\u00ecm \u00fd ngh\u0129a th\u1ef1c s\u1ef1 cho cu\u1ed9c s\u1ed1ng c\u1ee7a m\u00ecnh. \u0110i\u1ec1u b\u1ea1n c\u1ea7n l\u00e0m ch\u00ednh l\u00e0 tr\u00e2n tr\u1ecdng nh\u1eefng gi\u00e2y ph\u00fat b\u00ecnh d\u1ecb nh\u1ea5t t\u1eeb ng\u00e0y h\u00f4m nay, n\u1ebfu c\u00f3 c\u1ed1 g\u1eafng \u0111i\u1ec1u g\u00ec \u0111\u00f3, h\u00e3y c\u1ed1 g\u1eafng t\u1eeb gi\u00e2y ph\u00fat n\u00e0y. \u0110\u1eebng \u0111\u1ec3 \u0111\u1ebfn khi b\u1ea1n kh\u00f4ng c\u00f2n c\u00f3 m\u1eb7t tr\u00ean c\u00f5i \u0111\u1eddi n\u00e0y n\u1eefa, khi b\u1ea1n kh\u00f4ng th\u1ec3 t\u1ef1 \u0103n u\u1ed1ng, t\u1ef1 \u0111i l\u1ea1i, b\u1ea1n m\u1edbi th\u1ea5y ti\u1ebfc nu\u1ed1i. \u201cH\u1ed1i h\u1eadn\u201d lu\u00f4n l\u00e0 th\u1ee9 c\u1ea3m x\u00fac \u0111\u00e1ng gh\u00e9t nh\u1ea5t.<\/p>\n<p>Cu\u1ed1n s\u00e1ch l\u1eadp k\u1ef7 l\u1ee5c v\u1edbi 30 V\u1ea0N B\u1ea2N b\u00e1n h\u1ebft trong v\u00f2ng 1 n\u0103m t\u1ea1i Nh\u1eadt B\u1ea3n s\u1ebd gi\u00fap b\u1ea1n t\u00ecm th\u1ea5y ch\u00ednh m\u00ecnh.<\/p>\n","protected":false},"excerpt":{"rendered":"<p>S\u1ed1ng H\u1ebft M\u00ecnh Cho Ng\u00e0y H\u00f4m Nay<\/p>\n<p>\u201c\u0110\u1eebng l\u00e0m n\u00f4 l\u1ec7 cho ng\u00e0y h\u00f4m qua hay ng\u00e0y mai, h\u00e3y ch\u1ec9 bi\u1ebft \u0111\u1ebfn ng\u00e0y h\u00f4m nay th\u00f4i.\u201d (Tr\u00edch \u201cS\u1ed1ng h\u1ebft m\u00ecnh cho ng\u00e0y h\u00f4m nay\u201d)<\/p>\n<p>B\u1ea1n l\u00e0 ng\u01b0\u1eddi lu\u00f4n ch\u00ecm \u0111\u1eafm trong nh\u1eefng k\u00fd \u1ee9c, k\u1ef7 ni\u1ec7m c\u1ee7a qu\u00e1 kh\u1ee9?<\/p>\n<p>B\u1ea1n l\u00e0 ng\u01b0\u1eddi l\u00fac n\u00e0o c\u0169ng th\u1ea5y hi\u1ec7n t\u1ea1i th\u1eadt nh\u00e0m ch\u00e1n?<\/p>\n<p>B\u1ea1n l\u00e0 ng\u01b0\u1eddi l\u00fac n\u00e0o c\u0169ng hoang mang khi ngh\u0129 \u0111\u1ebfn t\u01b0\u01a1ng lai?<\/p>\n<p>\u0110\u00e3 \u0111\u1ebfn l\u00fac b\u1ea1n d\u1eebng suy ngh\u0129 \u1ea5y l\u1ea1i v\u00e0 \u0111\u01b0a t\u00e2m tr\u00ed m\u00ecnh \u0111\u1ebfn th\u1eb3ng \u201cng\u00e0y cu\u1ed1i c\u00f9ng c\u1ee7a cu\u1ed9c \u0111\u1eddi\u201d. Ch\u1ec9 khi b\u1ea1n ngh\u0129 m\u00ecnh \u0111\u00f3n nh\u1eadn c\u00e1i ch\u1ebft nh\u01b0 th\u1ebf n\u00e0o, b\u1ea1n s\u1ebd bi\u1ebft m\u00ecnh ph\u1ea3i s\u1ed1ng cho nh\u1eefng th\u00e1ng ng\u00e0y hi\u1ec7n t\u1ea1i ra sao.<\/p>\n<p>\u201cS\u1ed1ng h\u1ebft m\u00ecnh cho ng\u00e0y h\u00f4m nay\u201d KH\u00d4NG ph\u1ea3i l\u00e0 cu\u1ed1n s\u00e1ch h\u01b0\u1edbng d\u1eabn b\u1ea1n ph\u1ea3i c\u1ed1 g\u1eafng, ph\u1ea3i t\u00edch c\u1ef1c, ph\u1ea3i l\u00e0m \u0111i\u1ec1u n\u00e0y \u0111i\u1ec1u kia. N\u00f3 v\u01b0\u1ee3t qua m\u1ed9t cu\u1ed1n s\u00e1ch th\u00f4ng th\u01b0\u1eddng v\u00e0 ch\u1ea1m \u0111\u1ebfn ng\u01b0\u1eddi \u0111\u1ecdc b\u1eb1ng nh\u1eefng tri\u1ebft l\u00fd dung d\u1ecb nh\u01b0ng s\u00e2u s\u1eafc.<\/p>\n<p>Ch\u00fang ta th\u01b0\u1eddng kh\u00f4ng bao gi\u1edd tr\u00e2n tr\u1ecdng nh\u1eefng \u0111i\u1ec1u ngay b\u00ean c\u1ea1nh m\u00ecnh v\u00e0 coi \u0111\u00f3 l\u00e0 \u0111i\u1ec1u hi\u1ec3n nhi\u00ean. Th\u1ef1c ra, \u0111i\u1ec1u quan tr\u1ecdng th\u1ef1c s\u1ef1 v\u1eabn lu\u00f4n b\u00ean b\u1ea1n. Ch\u1ec9 v\u00ec b\u1ef1c m\u00ecnh \u0111i\u1ec1u g\u00ec \u0111\u00f3, b\u1ea1n b\u1ecf qua m\u1ed9t ng\u00e0y \u0111\u1eb9p tr\u1eddi; ch\u1ec9 v\u00ec ch\u00fat s\u0129 di\u1ec7n, b\u1ea1n kh\u00f4ng l\u00e0m h\u00f2a v\u1edbi \u0111\u1ee9a b\u1ea1n th\u00e2n; ch\u1ec9 v\u00ec t\u1ef1 \u00e1i, b\u1ea1n kh\u00f4ng n\u00f3i l\u1eddi xin l\u1ed7i v\u1edbi b\u1ed1 m\u1eb9; ch\u1ec9 v\u00ec qu\u00e1 b\u1eadn r\u1ed9n, b\u1ea1n kh\u00f4ng g\u00f3p nh\u1eb7t t\u1eebng gi\u00e2y ph\u00fat tr\u00e2n qu\u00fd b\u00ean gia \u0111\u00ecnh.<\/p>\n<p>B\u1ea1n \u0111\u00e3 qu\u00e1 \u0111\u1ec3 t\u00e2m \u0111\u1ebfn th\u1ebf gi\u1edbi b\u00ean ngo\u00e0i v\u00e0 qu\u00ean m\u1ea5t vi\u1ec7c \u0111i t\u00ecm \u00fd ngh\u0129a th\u1ef1c s\u1ef1 cho cu\u1ed9c s\u1ed1ng c\u1ee7a m\u00ecnh. \u0110i\u1ec1u b\u1ea1n c\u1ea7n l\u00e0m ch\u00ednh l\u00e0 tr\u00e2n tr\u1ecdng nh\u1eefng gi\u00e2y ph\u00fat b\u00ecnh d\u1ecb nh\u1ea5t t\u1eeb ng\u00e0y h\u00f4m nay, n\u1ebfu c\u00f3 c\u1ed1 g\u1eafng \u0111i\u1ec1u g\u00ec \u0111\u00f3, h\u00e3y c\u1ed1 g\u1eafng t\u1eeb gi\u00e2y ph\u00fat n\u00e0y. \u0110\u1eebng \u0111\u1ec3 \u0111\u1ebfn khi b\u1ea1n kh\u00f4ng c\u00f2n c\u00f3 m\u1eb7t tr\u00ean c\u00f5i \u0111\u1eddi n\u00e0y n\u1eefa, khi b\u1ea1n kh\u00f4ng th\u1ec3 t\u1ef1 \u0103n u\u1ed1ng, t\u1ef1 \u0111i l\u1ea1i, b\u1ea1n m\u1edbi th\u1ea5y ti\u1ebfc nu\u1ed1i. \u201cH\u1ed1i h\u1eadn\u201d lu\u00f4n l\u00e0 th\u1ee9 c\u1ea3m x\u00fac \u0111\u00e1ng gh\u00e9t nh\u1ea5t.<\/p>\n<p>Cu\u1ed1n s\u00e1ch l\u1eadp k\u1ef7 l\u1ee5c v\u1edbi 30 V\u1ea0N B\u1ea2N b\u00e1n h\u1ebft trong v\u00f2ng 1 n\u0103m t\u1ea1i Nh\u1eadt B\u1ea3n s\u1ebd gi\u00fap b\u1ea1n t\u00ecm th\u1ea5y ch\u00ednh m\u00ecnh.<\/p>\n","protected":false},"featured_media":8564,"template":"","meta":{"_acf_changed":false},"product_brand":[],"product_cat":[15,47],"product_tag":[],"class_list":{"0":"post-8573","1":"product","2":"type-product","3":"status-publish","4":"has-post-thumbnail","6":"product_cat-sach-danh-cho-nguoi-lon","7":"product_cat-truyen-ngan-tan-van","9":"first","10":"outofstock","11":"taxable","12":"shipping-taxable","13":"purchasable","14":"product-type-simple"},"supplier_id":null,"supplier_sku":"","barcode":null,"atum_controlled":true,"out_stock_date":"2022-03-05 12:50:48","out_stock_threshold":null,"inheritable":false,"inbound_stock":2,"stock_on_hold":0,"sold_today":0,"sales_last_days":0,"reserved_stock":0,"customer_returns":0,"warehouse_damage":0,"lost_in_post":0,"other_logs":0,"out_stock_days":1425,"lost_sales":0,"has_location":false,"update_date":"2026-01-28T23:10:42","atum_locations":[],"atum_stock_status":"outofstock","restock_status":false,"low_stock_amount":"","sales_update_date":"2026-01-28T23:10:42","calc_backorders":null,"acf":{"publisher":{"ID":1785,"post_author":"1","post_date":"2021-02-17 01:54:46","post_date_gmt":"2021-02-16 23:54:46","post_content":"<!-- wp:flatsome\/uxbuilder -->\n<h1 style=\"text-align: center;\"><strong>AZ VIETNAM<\/strong><\/h1>\n[row]\n\n[col span=\"8\" span__sm=\"12\"]\n\n<p>Th\u00e0nh l\u1eadp n\u0103m: 2015<br \/>V\u1ed1n \u0111\u1ea7u t\u01b0: 4,000,000,000 \u0111\u1ed3ng<br \/><strong>L\u0129nh v\u1ef1c:<\/strong><br \/>- Xu\u1ea5t b\u1ea3n v\u00e0 ph\u00e1t h\u00e0nh v\u0103n h\u00f3a ph\u1ea9m<br \/>- Cung c\u1ea5p v\u0103n h\u00f3a ph\u1ea9m, c\u00e1c s\u1ea3n ph\u1ea9m cho in \u1ea5n, trang thi\u1ebft b\u1ecb cho c\u00e1c th\u01b0 vi\u1ec7n v\u00e0 trung t\u00e2m s\u00e1ch tr\u00ean c\u1ea3 n\u01b0\u1edbc.<br \/>- Th\u1eddi trang v\u00e0 c\u00e1c s\u1ea3n ph\u1ea9m li\u00ean quan \u0111\u1ebfn l\u0129nh v\u1ef1c th\u1eddi trang<br \/>- Xu\u1ea5t nh\u1eadp kh\u1ea9u c\u00e1c s\u1ea3n ph\u1ea9m v\u0103n h\u00f3a<\/p>\n<p><strong>Quy m\u00f4:<\/strong> 60 nh\u00e2n vi\u00ean<br \/>Kh\u1edfi ngu\u1ed3n c\u1ee7a AZ Vi\u1ec7t Nam ng\u00e0y nay l\u00e0 C\u00f4ng ty TNHH Trung t\u00e2m S\u00e1ch v\u00e0 Thi\u1ebft b\u1ecb Th\u01b0 vi\u1ec7n, v\u1edbi ho\u1ea1t \u0111\u1ed9ng \u0111\u1ea7u ti\u00ean l\u00e0 cung c\u1ea5p s\u00e1ch, trang thi\u1ebft b\u1ecb, v\u0103n h\u00f3a ph\u1ea9m cho c\u00e1c th\u01b0 vi\u1ec7n v\u00e0 trung t\u00e2m s\u00e1ch tr\u00ean c\u1ea3 n\u01b0\u1edbc. T\u1eeb cu\u1ed1i n\u0103m 2010 \u0111\u1ebfn nay, ch\u00fang t\u00f4i \u0111\u00e3 kh\u00f4ng ng\u1eebng n\u1ed7 l\u1ef1c khai ph\u00e1 v\u00e0 ph\u00e1t tri\u1ec3n c\u00e1c d\u00f2ng s\u1ea3n ph\u1ea9m m\u1edbi v\u1edbi 8 th\u01b0\u01a1ng hi\u1ec7u uy t\u00edn. \u0110\u1ec3 \u0111\u00e1p \u1ee9ng nhu c\u1ea7u ph\u00e1t tri\u1ec3n ng\u00e0y m\u1ed9t l\u1edbn m\u1ea1nh v\u00e0 t\u1eadp h\u1ee3p c\u00e1c th\u01b0\u01a1ng hi\u1ec7u \u0111\u00e3 \u0111\u01b0\u1ee3c ch\u00fang t\u00f4i x\u00e2y d\u1ef1ng, 2015 C\u00f4ng ty TNHH AZ Vi\u1ec7t Nam \u0111\u00e3 ra \u0111\u1eddi v\u1edbi s\u1ee9 m\u1ec7nh mang \u0111\u1ebfn nhi\u1ec1u h\u01a1n n\u1eefa nh\u1eefng gi\u00e1 tr\u1ecb tinh th\u1ea7n, tri th\u1ee9c ti\u00ean ti\u1ebfn cho ng\u01b0\u1eddi ti\u00eau d\u00f9ng b\u1eb1ng vi\u1ec7c cung c\u1ea5p nh\u1eefng s\u1ea3n ph\u1ea9m c\u00f3 ch\u1ea5t l\u01b0\u1ee3ng.<\/p>\n\n[\/col]\n[col span=\"4\" span__sm=\"12\"]\n\n[ux_image id=\"1836\" image_size=\"medium\"]\n\n\n[\/col]\n\n[\/row]\n\n<!-- \/wp:flatsome\/uxbuilder -->","post_title":"AZ Vi\u1ec7t Nam","post_excerpt":"","post_status":"publish","comment_status":"closed","ping_status":"closed","post_password":"","post_name":"az-viet-nam","to_ping":"","pinged":"","post_modified":"2021-02-17 22:07:10","post_modified_gmt":"2021-02-17 20:07:10","post_content_filtered":"","post_parent":0,"guid":"https:\/\/sachviet.eu\/nha-phat-hanh\/az-viet-nam\/","menu_order":0,"post_type":"publisher","post_mime_type":"","comment_count":"0","filter":"raw"}},"_links":{"self":[{"href":"https:\/\/sachviet.eu\/en\/wp-json\/wp\/v2\/product\/8573","targetHints":{"allow":["GET"]}}],"collection":[{"href":"https:\/\/sachviet.eu\/en\/wp-json\/wp\/v2\/product"}],"about":[{"href":"https:\/\/sachviet.eu\/en\/wp-json\/wp\/v2\/types\/product"}],"wp:featuredmedia":[{"embeddable":true,"href":"https:\/\/sachviet.eu\/en\/wp-json\/wp\/v2\/media\/8564"}],"wp:attachment":[{"href":"https:\/\/sachviet.eu\/en\/wp-json\/wp\/v2\/media?parent=8573"}],"wp:term":[{"taxonomy":"product_brand","embeddable":true,"href":"https:\/\/sachviet.eu\/en\/wp-json\/wp\/v2\/product_brand?post=8573"},{"taxonomy":"product_cat","embeddable":true,"href":"https:\/\/sachviet.eu\/en\/wp-json\/wp\/v2\/product_cat?post=8573"},{"taxonomy":"product_tag","embeddable":true,"href":"https:\/\/sachviet.eu\/en\/wp-json\/wp\/v2\/product_tag?post=8573"}],"curies":[{"name":"wp","href":"https:\/\/api.w.org\/{rel}","templated":true}]}}