{"id":8563,"date":"2021-04-28T14:24:25","date_gmt":"2021-04-28T11:24:25","guid":{"rendered":"https:\/\/sachviet.eu\/shop\/xa-ngoai-kia-noi-loai-tom-hat-where-the-crawdads-sing\/"},"modified":"2023-07-21T11:45:43","modified_gmt":"2023-07-21T08:45:43","slug":"xa-ngoai-kia-noi-loai-tom-hat-where-the-crawdads-sing","status":"publish","type":"product","link":"https:\/\/sachviet.eu\/en\/shop\/xa-ngoai-kia-noi-loai-tom-hat-where-the-crawdads-sing\/","title":{"rendered":"Xa ng\u00f2ai kia n\u01a1i lo\u00e0i t\u00f4m h\u00e1t &#8211; Where the crawdads sing"},"content":{"rendered":"<p>Xa Ngo\u00e0i Kia N\u01a1i Lo\u00e0i T\u00f4m H\u00e1t<\/p>\n<p>S\u00e1u tri\u1ec7u b\u1ea3n b\u00e1n ra tr\u00ean to\u00e0n th\u1ebf gi\u1edbi<br \/>\n58 tu\u1ea7n trong danh s\u00e1ch b\u00e1n ch\u1ea1y c\u1ee7a New York Times<br \/>\nD\u1eabn \u0111\u1ea7u m\u1ee5c ti\u1ec3u thuy\u1ebft b\u00e1n ch\u1ea1y c\u1ee7a Amazon trong n\u0103m 2019<\/p>\n<p>Trong nhi\u1ec1u n\u0103m, nh\u1eefng tin \u0111\u1ed3n v\u1ec1 &#8220;C\u00f4 g\u00e1i \u0111\u1ea7m l\u1ea7y&#8221; \u0111\u00e3 \u00e1m \u1ea3nh Barkley Cove, m\u1ed9t th\u1ecb tr\u1ea5n y\u00ean t\u0129nh tr\u00ean b\u1edd bi\u1ec3n B\u1eafc Carolina. V\u00ec v\u1eady, khi n\u01a1i n\u00e0y r\u00fang \u0111\u1ed9ng v\u1edbi c\u00e1i ch\u1ebft \u0111\u1ea7y b\u00ed \u1ea9n c\u1ee7a Chase Andrew, ng\u01b0\u1eddi d\u00e2n \u0111\u1ecba ph\u01b0\u01a1ng ngay l\u1eadp t\u1ee9c \u0111\u1ed5 d\u1ed3n nghi ng\u1edd v\u00e0o c\u00f4.<br \/>\nNh\u01b0ng Kya Clark \u2013 c\u00f4 g\u00e1i hoang d\u00e3 \u1ea5y c\u00f3 ph\u1ea3i l\u00e0 th\u1ee7 ph\u1ea1m?<br \/>\nTh\u00f4ng minh v\u00e0 nh\u1ea1y c\u1ea3m, c\u00f4 \u0111\u00e3 s\u1ed1ng s\u00f3t sau nhi\u1ec1u n\u0103m c\u00f4 \u0111\u01a1n trong \u0111\u1ea7m l\u1ea7y, tr\u00fa \u1ea9n trong l\u00f2ng m\u1eb9 thi\u00ean nhi\u00ean, k\u1ebft b\u1ea1n v\u1edbi m\u00f2ng bi\u1ec3n v\u00e0 h\u1ecdc nh\u1eefng b\u00e0i h\u1ecdc \u0111\u1eaft gi\u00e1 tr\u00ean b\u1edd c\u00e1t. Khi tr\u00e1i tim tu\u1ed5i m\u1edbi l\u1edbn m\u1edf ra, c\u00f4 c\u0169ng ch\u1ea1m v\u00e0o y\u00eau th\u01b0\u01a1ng v\u1edbi hai ch\u00e0ng trai, b\u1eaft \u0111\u1ea7u m\u1ed9t cu\u1ed9c s\u1ed1ng m\u1edbi cho \u0111\u1ebfn khi \u0111i\u1ec1u b\u1ea5t ng\u1edd x\u1ea3y \u0111\u1ebfn\u2026<\/p>\n<p>\u201cM\u1ed9t ti\u1ec3u thuy\u1ebft l\u00e3ng m\u1ea1n \u0111\u1ea7y \u1eafp h\u01a1i th\u1edf thi\u00ean nhi\u00ean v\u1edbi m\u1ed9t c\u00fa ngo\u1eb7t ch\u1ebft ng\u01b0\u1eddi.\u201d \u2014 REFINERY29<\/p>\n<p>\u201c\u0110\u1ea7y ch\u1ea5t th\u01a1\u2026 S\u1ee9c h\u1ea5p d\u1eabn c\u1ee7a cu\u1ed1n s\u00e1ch \u0111\u1ebfn t\u1eeb s\u1ef1 li\u00ean k\u1ebft s\u00e2u s\u1eafc gi\u1eefa Kya v\u1edbi v\u00f9ng \u0111\u1ea5t \u0111\u00e3 l\u00e0 nh\u00e0 c\u00f4, v\u00e0 v\u1edbi m\u1ecdi sinh v\u1eadt c\u1ee7a v\u00f9ng \u0111\u1ea5t \u0111\u00f3.\u201d \u2014 BOOKLIST<\/p>\n","protected":false},"excerpt":{"rendered":"<p>Xa Ngo\u00e0i Kia N\u01a1i Lo\u00e0i T\u00f4m H\u00e1t<\/p>\n<p>S\u00e1u tri\u1ec7u b\u1ea3n b\u00e1n ra tr\u00ean to\u00e0n th\u1ebf gi\u1edbi<br \/>\n58 tu\u1ea7n trong danh s\u00e1ch b\u00e1n ch\u1ea1y c\u1ee7a New York Times<br \/>\nD\u1eabn \u0111\u1ea7u m\u1ee5c ti\u1ec3u thuy\u1ebft b\u00e1n ch\u1ea1y c\u1ee7a Amazon trong n\u0103m 2019<\/p>\n<p>Trong nhi\u1ec1u n\u0103m, nh\u1eefng tin \u0111\u1ed3n v\u1ec1 &#8220;C\u00f4 g\u00e1i \u0111\u1ea7m l\u1ea7y&#8221; \u0111\u00e3 \u00e1m \u1ea3nh Barkley Cove, m\u1ed9t th\u1ecb tr\u1ea5n y\u00ean t\u0129nh tr\u00ean b\u1edd bi\u1ec3n B\u1eafc Carolina. V\u00ec v\u1eady, khi n\u01a1i n\u00e0y r\u00fang \u0111\u1ed9ng v\u1edbi c\u00e1i ch\u1ebft \u0111\u1ea7y b\u00ed \u1ea9n c\u1ee7a Chase Andrew, ng\u01b0\u1eddi d\u00e2n \u0111\u1ecba ph\u01b0\u01a1ng ngay l\u1eadp t\u1ee9c \u0111\u1ed5 d\u1ed3n nghi ng\u1edd v\u00e0o c\u00f4.<br \/>\nNh\u01b0ng Kya Clark \u2013 c\u00f4 g\u00e1i hoang d\u00e3 \u1ea5y c\u00f3 ph\u1ea3i l\u00e0 th\u1ee7 ph\u1ea1m?<br \/>\nTh\u00f4ng minh v\u00e0 nh\u1ea1y c\u1ea3m, c\u00f4 \u0111\u00e3 s\u1ed1ng s\u00f3t sau nhi\u1ec1u n\u0103m c\u00f4 \u0111\u01a1n trong \u0111\u1ea7m l\u1ea7y, tr\u00fa \u1ea9n trong l\u00f2ng m\u1eb9 thi\u00ean nhi\u00ean, k\u1ebft b\u1ea1n v\u1edbi m\u00f2ng bi\u1ec3n v\u00e0 h\u1ecdc nh\u1eefng b\u00e0i h\u1ecdc \u0111\u1eaft gi\u00e1 tr\u00ean b\u1edd c\u00e1t. Khi tr\u00e1i tim tu\u1ed5i m\u1edbi l\u1edbn m\u1edf ra, c\u00f4 c\u0169ng ch\u1ea1m v\u00e0o y\u00eau th\u01b0\u01a1ng v\u1edbi hai ch\u00e0ng trai, b\u1eaft \u0111\u1ea7u m\u1ed9t cu\u1ed9c s\u1ed1ng m\u1edbi cho \u0111\u1ebfn khi \u0111i\u1ec1u b\u1ea5t ng\u1edd x\u1ea3y \u0111\u1ebfn\u2026<\/p>\n<p>\u201cM\u1ed9t ti\u1ec3u thuy\u1ebft l\u00e3ng m\u1ea1n \u0111\u1ea7y \u1eafp h\u01a1i th\u1edf thi\u00ean nhi\u00ean v\u1edbi m\u1ed9t c\u00fa ngo\u1eb7t ch\u1ebft ng\u01b0\u1eddi.\u201d \u2014 REFINERY29<\/p>\n<p>\u201c\u0110\u1ea7y ch\u1ea5t th\u01a1\u2026 S\u1ee9c h\u1ea5p d\u1eabn c\u1ee7a cu\u1ed1n s\u00e1ch \u0111\u1ebfn t\u1eeb s\u1ef1 li\u00ean k\u1ebft s\u00e2u s\u1eafc gi\u1eefa Kya v\u1edbi v\u00f9ng \u0111\u1ea5t \u0111\u00e3 l\u00e0 nh\u00e0 c\u00f4, v\u00e0 v\u1edbi m\u1ecdi sinh v\u1eadt c\u1ee7a v\u00f9ng \u0111\u1ea5t \u0111\u00f3.\u201d \u2014 BOOKLIST<\/p>\n","protected":false},"featured_media":8547,"template":"","meta":{"_acf_changed":false},"product_brand":[],"product_cat":[15,45],"product_tag":[],"class_list":{"0":"post-8563","1":"product","2":"type-product","3":"status-publish","4":"has-post-thumbnail","6":"product_cat-sach-danh-cho-nguoi-lon","7":"product_cat-tieu-thuyet","9":"first","10":"outofstock","11":"taxable","12":"shipping-taxable","13":"purchasable","14":"product-type-simple"},"supplier_id":null,"supplier_sku":"","barcode":null,"atum_controlled":true,"out_stock_date":"2023-07-21 08:45:43","out_stock_threshold":null,"inheritable":false,"inbound_stock":0,"stock_on_hold":0,"sold_today":0,"sales_last_days":0,"reserved_stock":0,"customer_returns":0,"warehouse_damage":0,"lost_in_post":0,"other_logs":0,"out_stock_days":922,"lost_sales":0,"has_location":false,"update_date":"2026-01-28T23:10:42","atum_locations":[],"atum_stock_status":"outofstock","restock_status":false,"low_stock_amount":"","sales_update_date":"2026-01-28T23:10:42","calc_backorders":null,"acf":{"publisher":{"ID":1517,"post_author":"1","post_date":"2021-02-17 01:14:41","post_date_gmt":"2021-02-16 23:14:41","post_content":"","post_title":"NXB Tr\u1ebb","post_excerpt":"","post_status":"publish","comment_status":"closed","ping_status":"closed","post_password":"","post_name":"nxb-tre","to_ping":"","pinged":"","post_modified":"2021-02-17 01:14:41","post_modified_gmt":"2021-02-16 23:14:41","post_content_filtered":"","post_parent":0,"guid":"https:\/\/sachviet.eu\/nha-phat-hanh\/nxb-tre\/","menu_order":0,"post_type":"publisher","post_mime_type":"","comment_count":"0","filter":"raw"}},"_links":{"self":[{"href":"https:\/\/sachviet.eu\/en\/wp-json\/wp\/v2\/product\/8563","targetHints":{"allow":["GET"]}}],"collection":[{"href":"https:\/\/sachviet.eu\/en\/wp-json\/wp\/v2\/product"}],"about":[{"href":"https:\/\/sachviet.eu\/en\/wp-json\/wp\/v2\/types\/product"}],"wp:featuredmedia":[{"embeddable":true,"href":"https:\/\/sachviet.eu\/en\/wp-json\/wp\/v2\/media\/8547"}],"wp:attachment":[{"href":"https:\/\/sachviet.eu\/en\/wp-json\/wp\/v2\/media?parent=8563"}],"wp:term":[{"taxonomy":"product_brand","embeddable":true,"href":"https:\/\/sachviet.eu\/en\/wp-json\/wp\/v2\/product_brand?post=8563"},{"taxonomy":"product_cat","embeddable":true,"href":"https:\/\/sachviet.eu\/en\/wp-json\/wp\/v2\/product_cat?post=8563"},{"taxonomy":"product_tag","embeddable":true,"href":"https:\/\/sachviet.eu\/en\/wp-json\/wp\/v2\/product_tag?post=8563"}],"curies":[{"name":"wp","href":"https:\/\/api.w.org\/{rel}","templated":true}]}}