{"id":8546,"date":"2021-04-28T14:23:01","date_gmt":"2021-04-28T11:23:01","guid":{"rendered":"https:\/\/sachviet.eu\/shop\/nhung-tu-ngu-lam-cho-tre-hanh-phuc-cuon-sach-da-thay-doi-hang-trieu-cha-me-nhat\/"},"modified":"2021-12-06T10:11:47","modified_gmt":"2021-12-06T08:11:47","slug":"nhung-tu-ngu-lam-cho-tre-hanh-phuc-cuon-sach-da-thay-doi-hang-trieu-cha-me-nhat","status":"publish","type":"product","link":"https:\/\/sachviet.eu\/en\/shop\/nhung-tu-ngu-lam-cho-tre-hanh-phuc-cuon-sach-da-thay-doi-hang-trieu-cha-me-nhat\/","title":{"rendered":"Nh\u1eefng t\u1eeb ng\u1eef l\u00e0m cho tr\u1ebb h\u1ea1nh ph\u00fac (Cu\u1ed1n s\u00e1ch \u0111\u00e3 thay \u0111\u1ed5i h\u00e0ng tri\u1ec7u cha m\u1eb9 Nh\u1eadt)"},"content":{"rendered":"<p>L\u00e0 m\u1ed9t trong nh\u1eefng cu\u1ed1n s\u00e1ch l\u00e0m thay \u0111\u1ed5i c\u00e1ch suy ngh\u0129 c\u1ee7a b\u1eadc ph\u1ee5 huynh Nh\u1eadt v\u1ec1 con tr\u1ebb, t\u1eeb \u0111\u00f3 kh\u00e1m ph\u00e1 \u0111\u01b0\u1ee3c c\u00e1ch g\u1eafn k\u1ebft v\u00e0 nu\u00f4i d\u1ea1y con theo \u0111\u00fang h\u01b0\u1edbng:<\/p>\n<p>Cu\u1ed1n s\u00e1ch chia th\u00e0nh t\u1eebng giai \u0111o\u1ea1n ph\u00e1t tri\u1ec3n c\u1ee7a tr\u1ebb, v\u1edbi nh\u1eefng giai \u0111o\u1ea1n tr\u01b0\u1edfng th\u00e0nh kh\u00e1c nhau, c\u00e1c c\u00f4 c\u1eadu b\u00e9 c\u00f3 nh\u1eefng cung b\u1eadc c\u1ea3m x\u00fac kh\u00e1c nhau, ph\u1ea3i l\u00e0m sao \u0111\u1ec3 b\u1eadc cha m\u1eb9 c\u00f3 th\u1ec3 g\u1eafn b\u00f3 v\u00e0 k\u1ebft n\u1ed1i v\u1edbi nh\u1eefng t\u00e2m t\u01b0 c\u1ee7a nh\u1eefng c\u00f4 c\u1eadu nh\u1ecf \u0111\u00e2y?<br \/>\nV\u1edbi nh\u1eefng c\u00e2u chuy\u1ec7n kh\u00e1c nhau, t\u1eeb nh\u1eefng giai \u0111o\u1ea1n s\u01a1 sinh c\u00f4 c\u00e2u nh\u1ecf nh\u00e0 ta \u0111\u00e3 c\u00f3 nh\u1eefng c\u1ea3m x\u00fac v\u00f4 c\u00f9ng m\u00e3nh li\u1ec7t, thi tho\u1ea3ng c\u00f4 c\u1eadu ta l\u00e0m nh\u1eefng \u0111i\u1ec1u v\u00f4 l\u1ec5, kh\u00f4ng l\u1ecbch s\u1ef1, nh\u01b0ng ph\u1ea3i ch\u0103ng do c\u00f2n qu\u00e1 nh\u1ecf n\u00ean c\u00f4 c\u1eadu nh\u00e0 ta kh\u00f4ng bi\u1ebft \u0111\u00fang sai hay b\u1eadc cha m\u1eb9 ch\u00fang ta ch\u01b0a hi\u1ec3u r\u00f5 suy ngh\u0129 v\u00e0 t\u00ecm \u0111\u00fang h\u01b0\u1edbng \u0111\u1ec3 d\u1ea1y b\u1ea3o cho nh\u1eefng \u0111\u1ee9a tr\u1ebb v\u1ec1 nh\u1eefng \u0111i\u1ec1u n\u00ean l\u00e0m v\u00e0 kh\u00f4ng n\u00ean l\u00e0m.<br \/>\nC\u00e1ch c\u00f4 c\u1eadu nh\u1ecf nh\u00e0 ta suy lu\u1eadn:<\/p>\n<p>Kh\u00f4ng gi\u1ed1ng nh\u01b0 ng\u01b0\u1eddi l\u1edbn, c\u00e1c c\u00f4 c\u1eadu nh\u00e0 ta th\u01b0\u1eddng xuy\u00ean b\u1eaft ch\u01b0\u1edbc ch\u00fang ta h\u00e0nh \u0111\u1ed9ng v\u00e0 l\u00e0m theo, ch\u00ednh v\u00ec th\u1ebf m\u00e0 n\u1ebfu ch\u00fang ta l\u00e0m nh\u1eefng \u0111i\u1ec1u kh\u00f4ng \u0111\u00fang th\u00ec con tr\u1ebb c\u0169ng l\u00e0m nh\u1eefng \u0111i\u1ec1u sai, v\u1edbi nh\u1eefng t\u00ecnh hu\u1ed1ng ri\u00eang bi\u1ec7t, ta\u0301c gia\u0309 Tanaka Shigeiki s\u1ebd \u0111\u01b0a ra nh\u1eefng c\u00e1ch m\u00e0 nh\u1eefng cha m\u1eb9 n\u00ean x\u1eed tr\u00ed v\u1edbi nh\u1eefng t\u00e2m t\u01b0 \u0111ang ph\u00e1t tri\u1ec3n c\u1ee7a nh\u1eefng \u0111\u1ee9a tr\u1ebb.<br \/>\nT\u1eb6NG CU\u1ed0N S\u00c1CH K\u1ef9 n\u0103ng \u0111\u1ecdc s\u00e1ch si\u00eau ch\u1ea5t cho tr\u1ebb.<\/p>\n<p>\u0110\u1ecdc s\u00e1ch v\u00f4 c\u00f9ng quan tr\u1ecdng nh\u01b0ng h\u1ea7u h\u1ebft k\u0129 n\u0103ng \u0111\u1ecdc s\u00e1ch th\u00ec kh\u00f4ng ai tr\u00ean l\u1edbp c\u00f3 th\u1ec3 d\u1ea1y cho tr\u1ebb, ch\u00ednh v\u00ec th\u1ebf m\u00e0 &#8220;K\u1ef9 n\u0103ng \u0111\u1ecdc s\u00e1ch cho tr\u1ebb&#8221; \u0111\u01b0\u1ee3c bi\u00ean so\u1ea1n c\u00f4ng phu v\u1ec1 nh\u1eefng v\u1ea5n \u0111\u1ec1 v\u00e0 c\u00e1ch gi\u1ea3i quy\u1ebft m\u00e0 tr\u1ebb nh\u1ecf hay g\u1eb7p ph\u1ea3i, t\u1eeb \u0111\u00f3 m\u00e0 cha m\u1eb9 hay ch\u00ednh c\u00e1c b\u1ea1n nh\u1ecf c\u00f3 th\u1ec3 kh\u1eafc ph\u1ee5c \u0111\u01b0\u1ee3c ch\u1ee9ng l\u01b0\u1eddi \u0111\u1ecdc s\u00e1ch.<\/p>\n","protected":false},"excerpt":{"rendered":"<p>Ph\u1ea3i ch\u0103ng \u0111\u00e1nh con l\u00e0 ph\u01b0\u01a1ng ph\u00e1p d\u1ea1y con t\u1ed1t nh\u1ea5t !??<\/p>\n<p>D\u1ea1y con tr\u1ebb v\u1ec1 nh\u1eefng ki\u1ebfn th\u1ee9c v\u1ec1 to\u00e1n h\u1ecdc, l\u00fd, ho\u00e1, ti\u1ebfng anh\u2026 nh\u01b0ng b\u1ed1 m\u1eb9 lu\u00f4n lu\u00f4n ch\u1ec9 mong mu\u1ed1n cho con tr\u1ebb sau n\u00e0y \u0111\u01b0\u1ee3c l\u1edbn l\u00ean trong m\u1ed9t gia \u0111\u00ecnh h\u1ea1nh ph\u00fac, d\u00e0nh d\u1ee5m cho con tr\u1ebb nh\u1eefng \u0111i\u1ec1u t\u1ed1t nh\u1ea5t. V\u1edbi cu\u1ed1n s\u00e1ch &#8220;Nh\u1eefng t\u1eeb ng\u1eef l\u00e0m cho tr\u1ebb h\u1ea1nh ph\u00fac&#8221;, cha m\u1eb9 s\u1ebd kh\u00e1m ph\u00e1 ra nh\u1eefng cung b\u1eadc kh\u00e1c nhau c\u1ee7a c\u1ee5m t\u1eeb &#8220;h\u1ea1nh ph\u00fac&#8221; c\u1ee7a nh\u1eefng con tr\u1ebb.<\/p>\n","protected":false},"featured_media":8543,"template":"","meta":{"_acf_changed":false},"product_brand":[],"product_cat":[19],"product_tag":[],"class_list":{"0":"post-8546","1":"product","2":"type-product","3":"status-publish","4":"has-post-thumbnail","6":"product_cat-nuoi-day-con","8":"first","9":"outofstock","10":"taxable","11":"shipping-taxable","12":"purchasable","13":"product-type-simple"},"supplier_id":null,"supplier_sku":"","barcode":null,"atum_controlled":true,"out_stock_date":"2021-12-06 08:11:47","out_stock_threshold":null,"inheritable":false,"inbound_stock":0,"stock_on_hold":0,"sold_today":0,"sales_last_days":0,"reserved_stock":0,"customer_returns":0,"warehouse_damage":0,"lost_in_post":0,"other_logs":0,"out_stock_days":1514,"lost_sales":0,"has_location":false,"update_date":"2026-01-28T23:10:42","atum_locations":[],"atum_stock_status":"outofstock","restock_status":false,"low_stock_amount":"","sales_update_date":"2026-01-28T23:10:42","calc_backorders":null,"acf":{"publisher":{"ID":8542,"post_author":"1","post_date":"2021-04-28 14:22:57","post_date_gmt":"2021-04-28 11:22:57","post_content":"","post_title":"Muki","post_excerpt":"","post_status":"publish","comment_status":"closed","ping_status":"closed","post_password":"","post_name":"muki","to_ping":"","pinged":"","post_modified":"2021-04-28 14:22:57","post_modified_gmt":"2021-04-28 11:22:57","post_content_filtered":"","post_parent":0,"guid":"https:\/\/sachviet.eu\/nha-phat-hanh\/muki\/","menu_order":0,"post_type":"publisher","post_mime_type":"","comment_count":"0","filter":"raw"}},"_links":{"self":[{"href":"https:\/\/sachviet.eu\/en\/wp-json\/wp\/v2\/product\/8546","targetHints":{"allow":["GET"]}}],"collection":[{"href":"https:\/\/sachviet.eu\/en\/wp-json\/wp\/v2\/product"}],"about":[{"href":"https:\/\/sachviet.eu\/en\/wp-json\/wp\/v2\/types\/product"}],"wp:featuredmedia":[{"embeddable":true,"href":"https:\/\/sachviet.eu\/en\/wp-json\/wp\/v2\/media\/8543"}],"wp:attachment":[{"href":"https:\/\/sachviet.eu\/en\/wp-json\/wp\/v2\/media?parent=8546"}],"wp:term":[{"taxonomy":"product_brand","embeddable":true,"href":"https:\/\/sachviet.eu\/en\/wp-json\/wp\/v2\/product_brand?post=8546"},{"taxonomy":"product_cat","embeddable":true,"href":"https:\/\/sachviet.eu\/en\/wp-json\/wp\/v2\/product_cat?post=8546"},{"taxonomy":"product_tag","embeddable":true,"href":"https:\/\/sachviet.eu\/en\/wp-json\/wp\/v2\/product_tag?post=8546"}],"curies":[{"name":"wp","href":"https:\/\/api.w.org\/{rel}","templated":true}]}}