{"id":8541,"date":"2021-04-28T14:22:55","date_gmt":"2021-04-28T11:22:55","guid":{"rendered":"https:\/\/sachviet.eu\/shop\/lich-su-viet-nam-bang-tranh-ban-mau-dac-biet-set-8-quyen\/"},"modified":"2024-04-18T14:29:39","modified_gmt":"2024-04-18T11:29:39","slug":"lich-su-viet-nam-bang-tranh-ban-mau-dac-biet-set-8-quyen","status":"publish","type":"product","link":"https:\/\/sachviet.eu\/en\/shop\/lich-su-viet-nam-bang-tranh-ban-mau-dac-biet-set-8-quyen\/","title":{"rendered":"L\u1ecbch s\u1eed Vi\u1ec7t Nam b\u1eb1ng tranh &#8211; B\u1ea3n m\u00e0u \u0111\u1eb7c bi\u1ec7t &#8211; Set 8 quy\u1ec3n"},"content":{"rendered":"B\u1ed9 s\u00e1ch L\u1ecbch s\u1eed Vi\u1ec7t Nam b\u1eb1ng tranh (b\u1ea3n m\u00e0u) &#8211; ti\u1ebfng Vi\u1ec7t<\/p>\n<p>T\u00e1c gi\u1ea3: Nhi\u1ec1u t\u00e1c gi\u1ea3<\/p>\n<p>Nguy\u1ec5n Th\u00f9y Linh: t\u00f4 m\u00e0u<\/p>\n<p>S\u00e1ch \u0111\u01b0\u1ee3c \u0111\u1ea7u t\u01b0 phi\u00ean b\u1ea3n m\u00e0u r\u1ea5t c\u00f4ng phu do nh\u00f3m h\u1ecda s\u0129 truy\u1ec7n tranh Nguy\u1ec5n Th\u00f9y Linh th\u1ef1c hi\u1ec7n.<\/p>\n<p>S\u00e1ch kh\u1ed5 l\u1edbn (19x24cm), b\u00eca c\u1ee9ng, in 4 m\u00e0u.<\/p>\n<p>S\u00e1ch \u0111\u01b0\u1ee3c ch\u0103m ch\u00fat kh\u00e2u thi\u1ebft k\u1ebf, v\u1edbi ru\u1ed9t v\u00e0 b\u00eca \u0111\u1eb9p, v\u1eeba hi\u1ec7n \u0111\u1ea1i v\u1eeba mang ch\u1ea5t \u00c1 \u0110\u00f4ng.<\/p>\n<p>S\u00e1ch ph\u00e1t h\u00e0nh g\u1ed3m c\u00e1c t\u1eadp:<\/p>\n<p>Con R\u1ed3ng ch\u00e1u Ti\u00ean<br \/>\nHai b\u00e0 Tr\u01b0ng<br \/>\nNg\u00f4 Quy\u1ec1n \u0111\u1ea1i ph\u00e1 qu\u00e2n Nam H\u00e1n<br \/>\nVua L\u00ea \u0110\u1ea1i H\u00e0nh<br \/>\nTh\u0103ng Long bu\u1ed5i \u0111\u1ea7u<br \/>\nL\u00fd Th\u01b0\u1eddng Ki\u1ec7t<br \/>\nChi\u1ebfn th\u1eafng qu\u00e2n Nguy\u00ean M\u00f4ng l\u1ea7n 2<br \/>\nLam S\u01a1n d\u1ea5y ngh\u0129a","protected":false},"excerpt":{"rendered":"<p>B\u1ed9 s\u00e1ch L\u1ecbch s\u1eed Vi\u1ec7t Nam b\u1eb1ng tranh (b\u1ea3n m\u00e0u) &#8211; ti\u1ebfng Vi\u1ec7t<\/p>\n<p>T\u00e1c gi\u1ea3: Nhi\u1ec1u t\u00e1c gi\u1ea3<\/p>\n<p>Nguy\u1ec5n Th\u00f9y Linh: t\u00f4 m\u00e0u<\/p>\n<p>S\u00e1ch \u0111\u01b0\u1ee3c \u0111\u1ea7u t\u01b0 phi\u00ean b\u1ea3n m\u00e0u r\u1ea5t c\u00f4ng phu do nh\u00f3m h\u1ecda s\u0129 truy\u1ec7n tranh Nguy\u1ec5n Th\u00f9y Linh th\u1ef1c hi\u1ec7n.<\/p>\n<p>S\u00e1ch kh\u1ed5 l\u1edbn (19x24cm), b\u00eca c\u1ee9ng, in 4 m\u00e0u.<\/p>\n<p>S\u00e1ch \u0111\u01b0\u1ee3c ch\u0103m ch\u00fat kh\u00e2u thi\u1ebft k\u1ebf, v\u1edbi ru\u1ed9t v\u00e0 b\u00eca \u0111\u1eb9p, v\u1eeba hi\u1ec7n \u0111\u1ea1i v\u1eeba mang ch\u1ea5t \u00c1 \u0110\u00f4ng.<\/p>\n<p>S\u00e1ch ph\u00e1t h\u00e0nh g\u1ed3m c\u00e1c t\u1eadp:<\/p>\n<p>Con R\u1ed3ng ch\u00e1u Ti\u00ean<br \/>\nHai b\u00e0 Tr\u01b0ng<br \/>\nNg\u00f4 Quy\u1ec1n \u0111\u1ea1i ph\u00e1 qu\u00e2n Nam H\u00e1n<br \/>\nVua L\u00ea \u0110\u1ea1i H\u00e0nh<br \/>\nTh\u0103ng Long bu\u1ed5i \u0111\u1ea7u<br \/>\nL\u00fd Th\u01b0\u1eddng Ki\u1ec7t<br \/>\nChi\u1ebfn th\u1eafng qu\u00e2n Nguy\u00ean M\u00f4ng l\u1ea7n 2<br \/>\nLam S\u01a1n d\u1ea5y ngh\u0129a<\/p>\n","protected":false},"featured_media":8532,"template":"","meta":{"_acf_changed":false},"product_brand":[],"product_cat":[47],"product_tag":[85],"class_list":{"0":"post-8541","1":"product","2":"type-product","3":"status-publish","4":"has-post-thumbnail","6":"product_cat-truyen-ngan-tan-van","7":"product_tag-special-editions","9":"first","10":"outofstock","11":"taxable","12":"shipping-taxable","13":"purchasable","14":"product-type-simple"},"supplier_id":null,"supplier_sku":"","barcode":null,"atum_controlled":true,"out_stock_date":"2024-04-18 11:29:39","out_stock_threshold":null,"inheritable":false,"inbound_stock":0,"stock_on_hold":0,"sold_today":0,"sales_last_days":0,"reserved_stock":0,"customer_returns":0,"warehouse_damage":0,"lost_in_post":0,"other_logs":0,"out_stock_days":650,"lost_sales":0,"has_location":false,"update_date":"2026-01-28T23:10:42","atum_locations":[],"atum_stock_status":"outofstock","restock_status":false,"low_stock_amount":"","sales_update_date":"2026-01-28T23:10:42","calc_backorders":null,"acf":{"publisher":{"ID":1517,"post_author":"1","post_date":"2021-02-17 01:14:41","post_date_gmt":"2021-02-16 23:14:41","post_content":"","post_title":"NXB Tr\u1ebb","post_excerpt":"","post_status":"publish","comment_status":"closed","ping_status":"closed","post_password":"","post_name":"nxb-tre","to_ping":"","pinged":"","post_modified":"2021-02-17 01:14:41","post_modified_gmt":"2021-02-16 23:14:41","post_content_filtered":"","post_parent":0,"guid":"https:\/\/sachviet.eu\/nha-phat-hanh\/nxb-tre\/","menu_order":0,"post_type":"publisher","post_mime_type":"","comment_count":"0","filter":"raw"}},"_links":{"self":[{"href":"https:\/\/sachviet.eu\/en\/wp-json\/wp\/v2\/product\/8541","targetHints":{"allow":["GET"]}}],"collection":[{"href":"https:\/\/sachviet.eu\/en\/wp-json\/wp\/v2\/product"}],"about":[{"href":"https:\/\/sachviet.eu\/en\/wp-json\/wp\/v2\/types\/product"}],"wp:featuredmedia":[{"embeddable":true,"href":"https:\/\/sachviet.eu\/en\/wp-json\/wp\/v2\/media\/8532"}],"wp:attachment":[{"href":"https:\/\/sachviet.eu\/en\/wp-json\/wp\/v2\/media?parent=8541"}],"wp:term":[{"taxonomy":"product_brand","embeddable":true,"href":"https:\/\/sachviet.eu\/en\/wp-json\/wp\/v2\/product_brand?post=8541"},{"taxonomy":"product_cat","embeddable":true,"href":"https:\/\/sachviet.eu\/en\/wp-json\/wp\/v2\/product_cat?post=8541"},{"taxonomy":"product_tag","embeddable":true,"href":"https:\/\/sachviet.eu\/en\/wp-json\/wp\/v2\/product_tag?post=8541"}],"curies":[{"name":"wp","href":"https:\/\/api.w.org\/{rel}","templated":true}]}}