{"id":8527,"date":"2021-04-28T14:22:19","date_gmt":"2021-04-28T11:22:19","guid":{"rendered":"https:\/\/sachviet.eu\/shop\/ngon-lua-xanh-tap-1\/"},"modified":"2021-05-17T17:39:51","modified_gmt":"2021-05-17T14:39:51","slug":"ngon-lua-xanh-tap-1","status":"publish","type":"product","link":"https:\/\/sachviet.eu\/en\/shop\/ngon-lua-xanh-tap-1\/","title":{"rendered":"Ng\u1ecdn l\u1eeda xanh &#8211; T\u1eadp 1"},"content":{"rendered":"<p>Ng\u1ecdn l\u1eeda xanh \u2013 Cu\u1ed1n t\u1ef1 truy\u1ec7n \u0111\u1ea7u ti\u00ean c\u1ee7a nh\u00e0 v\u00f4 \u0111\u1ecbch Olympic hai l\u1ea7n li\u00ean ti\u1ebfp Hanyu Yuzuru! Con \u0111\u01b0\u1eddng chinh ph\u1ee5c \u0111\u1ec9nh cao c\u1ee7a Tr\u01b0\u1ee3t b\u0103ng ngh\u1ec7 thu\u1eadt truy\u1ec1n c\u1ea3m h\u1ee9ng t\u1edbi h\u00e0ng tri\u1ec7u ng\u01b0\u1eddi tr\u00ean kh\u1eafp th\u1ebf gi\u1edbi!<\/p>\n<p>T\u1ef1 truy\u1ec7n \u201cNg\u1ecdn l\u1eeda xanh\u201d c\u1ee7a Yuzuru Hanyu l\u00e0 m\u1ed9t trong nh\u1eefng cu\u1ed1n s\u00e1ch r\u1ea5t n\u1ed5i ti\u1ebfng \u1edf Nh\u1eadt v\u1ec1 b\u1ed9 m\u00f4n tr\u01b0\u1ee3t b\u0103ng ngh\u1ec7 thu\u1eadt. Hanyu Yuzuru c\u00f3 m\u1ed9t \u0111am m\u00ea ch\u00e1y b\u1ecfng v\u1edbi \u01b0\u1edbc m\u01a1 c\u1ee7a m\u00ecnh, kh\u00f4ng bao gi\u1edd g\u1ee5c ng\u00e3 tr\u01b0\u1edbc ngh\u1ecbch c\u1ea3nh, lu\u00f4n ch\u0103m ch\u1ec9, n\u1ed7 l\u1ef1c ph\u1ea5n \u0111\u1ea5u \u0111\u1ec3 \u0111\u1ea1t \u0111\u01b0\u1ee3c m\u1ee5c ti\u00eau \u0111\u00e3 \u0111\u01b0a ra. Nh\u1edd \u0111\u00f3, c\u1eadu \u0111\u00e3 \u0111\u1ea1t \u0111\u01b0\u1ee3c nh\u1eefng th\u00e0nh t\u1ef1u l\u1edbn trong s\u1ef1 nghi\u1ec7p c\u1ee7a m\u00ecnh, ti\u00eau bi\u1ec3u l\u00e0 hai l\u1ea7n li\u00ean ti\u1ebfp \u0111o\u1ea1t Huy ch\u01b0\u01a1ng V\u00e0ng Olympic h\u1ea1ng m\u1ee5c Tr\u01b0\u1ee3t b\u0103ng \u0111\u01a1n nam. Hanyu Yuzuru ch\u00ednh l\u00e0 m\u1ed9t t\u1ea5m g\u01b0\u01a1ng qu\u00fd b\u00e1u v\u1ec1 s\u1ef1 ch\u0103m ch\u1ec9 v\u00e0 n\u1ed7 l\u1ef1c \u0111\u1ec3 gi\u1edbi tr\u1ebb h\u1ecdc t\u1eadp, tr\u00ean th\u1ef1c t\u1ebf c\u1eadu \u1ea5y \u0111\u00e3 v\u00e0 \u0111ang l\u00e0 ng\u01b0\u1eddi truy\u1ec1n c\u1ea3m h\u1ee9ng s\u1ed1ng t\u00edch c\u1ef1c \u0111\u1ebfn r\u1ea5t nhi\u1ec1u ng\u01b0\u1eddi \u1edf kh\u1eafp n\u01a1i tr\u00ean th\u1ebf gi\u1edbi.<\/p>\n","protected":false},"excerpt":{"rendered":"<p>Ng\u1ecdn l\u1eeda xanh \u2013 Cu\u1ed1n t\u1ef1 truy\u1ec7n \u0111\u1ea7u ti\u00ean c\u1ee7a nh\u00e0 v\u00f4 \u0111\u1ecbch Olympic hai l\u1ea7n li\u00ean ti\u1ebfp Hanyu Yuzuru! Con \u0111\u01b0\u1eddng chinh ph\u1ee5c \u0111\u1ec9nh cao c\u1ee7a Tr\u01b0\u1ee3t b\u0103ng ngh\u1ec7 thu\u1eadt truy\u1ec1n c\u1ea3m h\u1ee9ng t\u1edbi h\u00e0ng tri\u1ec7u ng\u01b0\u1eddi tr\u00ean kh\u1eafp th\u1ebf gi\u1edbi!<\/p>\n<p>T\u1ef1 truy\u1ec7n \u201cNg\u1ecdn l\u1eeda xanh\u201d c\u1ee7a Yuzuru Hanyu l\u00e0 m\u1ed9t trong nh\u1eefng cu\u1ed1n s\u00e1ch r\u1ea5t n\u1ed5i ti\u1ebfng \u1edf Nh\u1eadt v\u1ec1 b\u1ed9 m\u00f4n tr\u01b0\u1ee3t b\u0103ng ngh\u1ec7 thu\u1eadt. Hanyu Yuzuru c\u00f3 m\u1ed9t \u0111am m\u00ea ch\u00e1y b\u1ecfng v\u1edbi \u01b0\u1edbc m\u01a1 c\u1ee7a m\u00ecnh, kh\u00f4ng bao gi\u1edd g\u1ee5c ng\u00e3 tr\u01b0\u1edbc ngh\u1ecbch c\u1ea3nh, lu\u00f4n ch\u0103m ch\u1ec9, n\u1ed7 l\u1ef1c ph\u1ea5n \u0111\u1ea5u \u0111\u1ec3 \u0111\u1ea1t \u0111\u01b0\u1ee3c m\u1ee5c ti\u00eau \u0111\u00e3 \u0111\u01b0a ra. Nh\u1edd \u0111\u00f3, c\u1eadu \u0111\u00e3 \u0111\u1ea1t \u0111\u01b0\u1ee3c nh\u1eefng th\u00e0nh t\u1ef1u l\u1edbn trong s\u1ef1 nghi\u1ec7p c\u1ee7a m\u00ecnh, ti\u00eau bi\u1ec3u l\u00e0 hai l\u1ea7n li\u00ean ti\u1ebfp \u0111o\u1ea1t Huy ch\u01b0\u01a1ng V\u00e0ng Olympic h\u1ea1ng m\u1ee5c Tr\u01b0\u1ee3t b\u0103ng \u0111\u01a1n nam. Hanyu Yuzuru ch\u00ednh l\u00e0 m\u1ed9t t\u1ea5m g\u01b0\u01a1ng qu\u00fd b\u00e1u v\u1ec1 s\u1ef1 ch\u0103m ch\u1ec9 v\u00e0 n\u1ed7 l\u1ef1c \u0111\u1ec3 gi\u1edbi tr\u1ebb h\u1ecdc t\u1eadp, tr\u00ean th\u1ef1c t\u1ebf c\u1eadu \u1ea5y \u0111\u00e3 v\u00e0 \u0111ang l\u00e0 ng\u01b0\u1eddi truy\u1ec1n c\u1ea3m h\u1ee9ng s\u1ed1ng t\u00edch c\u1ef1c \u0111\u1ebfn r\u1ea5t nhi\u1ec1u ng\u01b0\u1eddi \u1edf kh\u1eafp n\u01a1i tr\u00ean th\u1ebf gi\u1edbi.<\/p>\n","protected":false},"featured_media":8524,"template":"","meta":{"_acf_changed":false},"product_brand":[],"product_cat":[15,47],"product_tag":[],"class_list":{"0":"post-8527","1":"product","2":"type-product","3":"status-publish","4":"has-post-thumbnail","6":"product_cat-sach-danh-cho-nguoi-lon","7":"product_cat-truyen-ngan-tan-van","9":"first","10":"instock","11":"taxable","12":"shipping-taxable","13":"purchasable","14":"product-type-simple"},"supplier_id":null,"supplier_sku":"","barcode":null,"atum_controlled":true,"out_stock_date":null,"out_stock_threshold":null,"inheritable":false,"inbound_stock":0,"stock_on_hold":0,"sold_today":0,"sales_last_days":0,"reserved_stock":0,"customer_returns":0,"warehouse_damage":0,"lost_in_post":0,"other_logs":0,"out_stock_days":0,"lost_sales":0,"has_location":false,"update_date":"2026-01-28T23:10:42","atum_locations":[],"atum_stock_status":"instock","restock_status":false,"low_stock_amount":"","sales_update_date":"2026-01-28T23:10:42","calc_backorders":null,"acf":{"publisher":{"ID":1785,"post_author":"1","post_date":"2021-02-17 01:54:46","post_date_gmt":"2021-02-16 23:54:46","post_content":"<!-- wp:flatsome\/uxbuilder -->\n<h1 style=\"text-align: center;\"><strong>AZ VIETNAM<\/strong><\/h1>\n[row]\n\n[col span=\"8\" span__sm=\"12\"]\n\n<p>Th\u00e0nh l\u1eadp n\u0103m: 2015<br \/>V\u1ed1n \u0111\u1ea7u t\u01b0: 4,000,000,000 \u0111\u1ed3ng<br \/><strong>L\u0129nh v\u1ef1c:<\/strong><br \/>- Xu\u1ea5t b\u1ea3n v\u00e0 ph\u00e1t h\u00e0nh v\u0103n h\u00f3a ph\u1ea9m<br \/>- Cung c\u1ea5p v\u0103n h\u00f3a ph\u1ea9m, c\u00e1c s\u1ea3n ph\u1ea9m cho in \u1ea5n, trang thi\u1ebft b\u1ecb cho c\u00e1c th\u01b0 vi\u1ec7n v\u00e0 trung t\u00e2m s\u00e1ch tr\u00ean c\u1ea3 n\u01b0\u1edbc.<br \/>- Th\u1eddi trang v\u00e0 c\u00e1c s\u1ea3n ph\u1ea9m li\u00ean quan \u0111\u1ebfn l\u0129nh v\u1ef1c th\u1eddi trang<br \/>- Xu\u1ea5t nh\u1eadp kh\u1ea9u c\u00e1c s\u1ea3n ph\u1ea9m v\u0103n h\u00f3a<\/p>\n<p><strong>Quy m\u00f4:<\/strong> 60 nh\u00e2n vi\u00ean<br \/>Kh\u1edfi ngu\u1ed3n c\u1ee7a AZ Vi\u1ec7t Nam ng\u00e0y nay l\u00e0 C\u00f4ng ty TNHH Trung t\u00e2m S\u00e1ch v\u00e0 Thi\u1ebft b\u1ecb Th\u01b0 vi\u1ec7n, v\u1edbi ho\u1ea1t \u0111\u1ed9ng \u0111\u1ea7u ti\u00ean l\u00e0 cung c\u1ea5p s\u00e1ch, trang thi\u1ebft b\u1ecb, v\u0103n h\u00f3a ph\u1ea9m cho c\u00e1c th\u01b0 vi\u1ec7n v\u00e0 trung t\u00e2m s\u00e1ch tr\u00ean c\u1ea3 n\u01b0\u1edbc. T\u1eeb cu\u1ed1i n\u0103m 2010 \u0111\u1ebfn nay, ch\u00fang t\u00f4i \u0111\u00e3 kh\u00f4ng ng\u1eebng n\u1ed7 l\u1ef1c khai ph\u00e1 v\u00e0 ph\u00e1t tri\u1ec3n c\u00e1c d\u00f2ng s\u1ea3n ph\u1ea9m m\u1edbi v\u1edbi 8 th\u01b0\u01a1ng hi\u1ec7u uy t\u00edn. \u0110\u1ec3 \u0111\u00e1p \u1ee9ng nhu c\u1ea7u ph\u00e1t tri\u1ec3n ng\u00e0y m\u1ed9t l\u1edbn m\u1ea1nh v\u00e0 t\u1eadp h\u1ee3p c\u00e1c th\u01b0\u01a1ng hi\u1ec7u \u0111\u00e3 \u0111\u01b0\u1ee3c ch\u00fang t\u00f4i x\u00e2y d\u1ef1ng, 2015 C\u00f4ng ty TNHH AZ Vi\u1ec7t Nam \u0111\u00e3 ra \u0111\u1eddi v\u1edbi s\u1ee9 m\u1ec7nh mang \u0111\u1ebfn nhi\u1ec1u h\u01a1n n\u1eefa nh\u1eefng gi\u00e1 tr\u1ecb tinh th\u1ea7n, tri th\u1ee9c ti\u00ean ti\u1ebfn cho ng\u01b0\u1eddi ti\u00eau d\u00f9ng b\u1eb1ng vi\u1ec7c cung c\u1ea5p nh\u1eefng s\u1ea3n ph\u1ea9m c\u00f3 ch\u1ea5t l\u01b0\u1ee3ng.<\/p>\n\n[\/col]\n[col span=\"4\" span__sm=\"12\"]\n\n[ux_image id=\"1836\" image_size=\"medium\"]\n\n\n[\/col]\n\n[\/row]\n\n<!-- \/wp:flatsome\/uxbuilder -->","post_title":"AZ Vi\u1ec7t Nam","post_excerpt":"","post_status":"publish","comment_status":"closed","ping_status":"closed","post_password":"","post_name":"az-viet-nam","to_ping":"","pinged":"","post_modified":"2021-02-17 22:07:10","post_modified_gmt":"2021-02-17 20:07:10","post_content_filtered":"","post_parent":0,"guid":"https:\/\/sachviet.eu\/nha-phat-hanh\/az-viet-nam\/","menu_order":0,"post_type":"publisher","post_mime_type":"","comment_count":"0","filter":"raw"}},"_links":{"self":[{"href":"https:\/\/sachviet.eu\/en\/wp-json\/wp\/v2\/product\/8527","targetHints":{"allow":["GET"]}}],"collection":[{"href":"https:\/\/sachviet.eu\/en\/wp-json\/wp\/v2\/product"}],"about":[{"href":"https:\/\/sachviet.eu\/en\/wp-json\/wp\/v2\/types\/product"}],"wp:featuredmedia":[{"embeddable":true,"href":"https:\/\/sachviet.eu\/en\/wp-json\/wp\/v2\/media\/8524"}],"wp:attachment":[{"href":"https:\/\/sachviet.eu\/en\/wp-json\/wp\/v2\/media?parent=8527"}],"wp:term":[{"taxonomy":"product_brand","embeddable":true,"href":"https:\/\/sachviet.eu\/en\/wp-json\/wp\/v2\/product_brand?post=8527"},{"taxonomy":"product_cat","embeddable":true,"href":"https:\/\/sachviet.eu\/en\/wp-json\/wp\/v2\/product_cat?post=8527"},{"taxonomy":"product_tag","embeddable":true,"href":"https:\/\/sachviet.eu\/en\/wp-json\/wp\/v2\/product_tag?post=8527"}],"curies":[{"name":"wp","href":"https:\/\/api.w.org\/{rel}","templated":true}]}}