{"id":8523,"date":"2021-04-28T14:22:10","date_gmt":"2021-04-28T11:22:10","guid":{"rendered":"https:\/\/sachviet.eu\/shop\/men-chase-women-choose-chuyen-tinh-yeu-ban-biet-duoc-bao-nhieu\/"},"modified":"2024-08-12T11:29:26","modified_gmt":"2024-08-12T08:29:26","slug":"men-chase-women-choose-chuyen-tinh-yeu-ban-biet-duoc-bao-nhieu","status":"publish","type":"product","link":"https:\/\/sachviet.eu\/en\/shop\/men-chase-women-choose-chuyen-tinh-yeu-ban-biet-duoc-bao-nhieu\/","title":{"rendered":"Men Chase Women Choose &#8211; Chuy\u1ec7n t\u00ecnh y\u00eau b\u1ea1n bi\u1ebft \u0111\u01b0\u1ee3c bao nhi\u00eau?"},"content":{"rendered":"<p>&#8220;L\u00e0m sao \u0111\u1ec3 ng\u01b0\u1eddi \u1ea5y ch\u1ebft m\u00ea ch\u1ebft m\u1ec7t t\u00f4i?<\/p>\n<p>L\u00e0m sao \u0111\u1ec3 ng\u01b0\u1eddi \u1ea5y kh\u00f4ng th\u1ec3 d\u1ee9t b\u1ecf t\u00f4i \u0111\u01b0\u1ee3c?&#8221;<\/p>\n<p>Khi b\u1ea1n hi\u1ec3u \u0111\u01b0\u1ee3c c\u00e1ch m\u00e0 t\u00ecnh y\u00eau v\u1eadn h\u00e0nh d\u01b0\u1edbi g\u00f3c \u0111\u1ed9 khoa h\u1ecdc &#8211; Men chase women choose, b\u1ea1n s\u1ebd th\u00f4i kh\u00f4ng \u0111\u1eb7t nh\u1eefng c\u00e2u h\u1ecfi v\u00f4 ngh\u0129a nh\u01b0 v\u1eady n\u1eefa, m\u00e0 s\u1ebd bi\u1ebfn nh\u1eefng mong \u01b0\u1edbc trong t\u00ecnh y\u00eau c\u1ee7a b\u1ea3n th\u00e2n tr\u1edf th\u00e0nh s\u1ef1 th\u1eadt.<\/p>\n<p>T\u00e2m l\u00fd s\u1ee3 b\u1ecb b\u1ecf r\u01a1i, t\u1ed5n th\u01b0\u01a1ng t\u1eeb nh\u1eefng \u0111\u1ed5 v\u1ee1 khi\u1ebfn nhi\u1ec1u ng\u01b0\u1eddi lo l\u1eafng khi \u0111\u1ee9ng tr\u01b0\u1edbc t\u00ecnh y\u00eau. B\u1edfi ch\u00fang ta ngh\u0129 t\u00ecnh y\u00eau l\u00e0 c\u1ea3m x\u00fac, th\u1ea5t th\u01b0\u1eddng v\u00e0 kh\u00f3 n\u1eafm b\u1eaft. Nh\u01b0ng th\u1ef1c ra, t\u00ecnh y\u00eau \u0111\u1ea7y logic v\u00e0 khoa h\u1ecdc.<\/p>\n<p>Gi\u1ed1ng nh\u01b0 t\u1ea5t c\u1ea3 c\u00e1c chu k\u1ef3 trong t\u1ef1 nhi\u00ean, t\u00ecnh y\u00eau c\u0169ng c\u00f3 c\u00e1c giai \u0111o\u1ea1n ph\u00e1t tri\u1ec3n nh\u1ea5t \u0111\u1ecbnh \u0111\u1ec3 \u0111i \u0111\u1ebfn t\u00ecnh y\u00eau \u0111\u00edch th\u1ef1c &#8211; s\u1ef1 cam k\u1ebft l\u00e2u d\u00e0i. Ch\u00fang ta th\u01b0\u1eddng l\u1ea7m t\u01b0\u1edfng r\u1eb1ng, n\u00e3o b\u1ed9 v\u00e0 c\u00e1c hormone trong c\u01a1 th\u1ec3 ch\u1ec9 t\u00e1c \u0111\u1ed9ng t\u1edbi s\u1ef1 \u0111am m\u00ea &#8211; giai \u0111o\u1ea1n thu h\u00fat v\u00e0 h\u1eb9n h\u00f2. Nh\u01b0ng kh\u00f4ng! Ch\u00fang chi ph\u1ed1i c\u1ea3 khi ch\u00fang ta \u0111\u00e3 b\u01b0\u1edbc v\u00e0o giai \u0111o\u1ea1n th\u1ea5u hi\u1ec3u v\u00e0 cam k\u1ebft.<\/p>\n<p>M\u1ed9t khi b\u1ea1n hi\u1ec3u \u0111\u01b0\u1ee3c quy lu\u1eadt men chase women choose, vi\u1ec7c t\u00ecm ki\u1ebfm v\u00e0 duy tr\u00ec t\u00ecnh y\u00eau s\u1ebd tr\u1edf n\u00ean d\u1ec5 d\u00e0ng h\u01a1n nhi\u1ec1u. B\u1ea1n s\u1ebd hi\u1ec3u \u0111\u01b0\u1ee3c:<\/p>\n<p>T\u1ea1i sao ng\u01b0\u1eddi theo \u0111u\u1ed5i c\u1ea7n ph\u1ea3i l\u00e0 ph\u00e1i m\u1ea1nh? Ph\u1ee5 n\u1eef c\u00f3 th\u1ec3 th\u1ea3 th\u00ednh tho\u1ea3i m\u00e1i nh\u01b0ng s\u1ef1 ch\u1ee7 \u0111\u1ed9ng h\u00e3y d\u00e0nh ph\u1ea7n cho \u0111\u00e0n \u00f4ng! B\u1edfi c\u1ea3m gi\u00e1c y\u00eau c\u1ee7a nam gi\u1edbi ch\u1ec9 c\u00f3 th\u1ec3 \u0111\u01b0\u1ee3c h\u00ecnh th\u00e0nh qua qu\u00e1 tr\u00ecnh chinh ph\u1ee5c!<\/p>\n<p>T\u1ea1i sao nam v\u00e0 n\u1eef l\u1ea1i c\u00f3 c\u00e1ch y\u00eau v\u00e0 nh\u1eefng nhu c\u1ea7u trong t\u00ecnh y\u00eau kh\u00e1c nhau? H\u1ec7 th\u1ed1ng n\u00e3o Limbic (ph\u1ee5 tr\u00e1ch ch\u1ee9c n\u0103ng c\u1ea3m x\u00fac) c\u1ee7a \u0111\u00e0n \u00f4ng nh\u1ecf x\u00edu, b\u1edfi v\u1eady n\u00ean b\u1ea3n n\u0103ng c\u1ee7a anh \u1ea5y l\u00e0 l\u00fd tr\u00ed. M\u1ed9t c\u00f4 g\u00e1i th\u00f4ng minh h\u00e3y cho anh \u1ea5y bi\u1ebft y\u00eau kh\u00f4ng ch\u1ec9 l\u00e0 nh\u1eefng m\u00e0n \u00e2n \u00e1i v\u1ed3 v\u1eadp l\u1ea5y nhau \u0111\u1ec3 r\u1ed3i sau m\u1ed9t &#8220;cu\u1ed9c y\u00eau&#8221;, m\u1ed7i ng\u01b0\u1eddi l\u1ea1i tr\u1edf v\u1ec1 v\u1edbi th\u1ebf gi\u1edbi \u0111\u01a1n \u0111\u1ed9c c\u1ee7a ri\u00eang m\u00ecnh.<\/p>\n<p>T\u1ea1i sao y\u00eau l\u00e2u t\u00ecnh y\u00eau th\u01b0\u1eddng nh\u1ea1t d\u1ea7n? L\u00e0m th\u1ebf n\u00e0o \u0111\u1ec3 gi\u1eef m\u00e3i ng\u1ecdn l\u1eeda \u0111am m\u00ea k\u1ec3 c\u1ea3 khi \u0111\u00e3 k\u1ebft h\u00f4n l\u00e2u n\u0103m?<\/p>\n<p>Testosterone v\u00e0 nh\u1eefng \u201chormone t\u00ecnh y\u00eau\u201d kh\u00e1c chi ph\u1ed1i t\u1ea5t c\u1ea3 c\u00e1c giai \u0111o\u1ea1n n\u00e0y! Th\u1ea1c s\u0129 sinh h\u1ecdc Dawn Maslar \u0111\u00e3 mang t\u1edbi cho ch\u00fang ta c\u00e1ch \u00e1p d\u1ee5ng \u201ckhoa h\u1ecdc v\u1ec1 s\u1ef1 h\u1ea5p d\u1eabn\u201d trong cu\u1ed1n s\u00e1ch \u201cMen chase women choose &#8211; Chuy\u1ec7n t\u00ecnh y\u00eau b\u1ea1n bi\u1ebft \u0111\u01b0\u1ee3c bao nhi\u00eau?\u201d \u0110\u00e2y kh\u00f4ng ch\u1ec9 l\u00e0 m\u1ed9t cu\u1ed1n s\u00e1ch khoa h\u1ecdc t\u00ecnh y\u00eau \u0111\u01a1n thu\u1ea7n m\u00e0 c\u00f2n l\u00e0 cu\u1ed1n c\u1ea9m nang gi\u00fap b\u1ea1n kh\u00f4ng c\u00f2n b\u1ecb c\u1ea3m x\u00fac chi ph\u1ed1i hay \u0111au kh\u1ed5 v\u00ec chuy\u1ec7n t\u00ecnh c\u1ea3m!<\/p>\n","protected":false},"excerpt":{"rendered":"<p>&#8220;L\u00e0m sao \u0111\u1ec3 ng\u01b0\u1eddi \u1ea5y ch\u1ebft m\u00ea ch\u1ebft m\u1ec7t t\u00f4i?<\/p>\n<p>L\u00e0m sao \u0111\u1ec3 ng\u01b0\u1eddi \u1ea5y kh\u00f4ng th\u1ec3 d\u1ee9t b\u1ecf t\u00f4i \u0111\u01b0\u1ee3c?&#8221;<\/p>\n<p>Khi b\u1ea1n hi\u1ec3u \u0111\u01b0\u1ee3c c\u00e1ch m\u00e0 t\u00ecnh y\u00eau v\u1eadn h\u00e0nh d\u01b0\u1edbi g\u00f3c \u0111\u1ed9 khoa h\u1ecdc &#8211; Men chase women choose, b\u1ea1n s\u1ebd th\u00f4i kh\u00f4ng \u0111\u1eb7t nh\u1eefng c\u00e2u h\u1ecfi v\u00f4 ngh\u0129a nh\u01b0 v\u1eady n\u1eefa, m\u00e0 s\u1ebd bi\u1ebfn nh\u1eefng mong \u01b0\u1edbc trong t\u00ecnh y\u00eau c\u1ee7a b\u1ea3n th\u00e2n tr\u1edf th\u00e0nh s\u1ef1 th\u1eadt.<\/p>\n<p>T\u00e2m l\u00fd s\u1ee3 b\u1ecb b\u1ecf r\u01a1i, t\u1ed5n th\u01b0\u01a1ng t\u1eeb nh\u1eefng \u0111\u1ed5 v\u1ee1 khi\u1ebfn nhi\u1ec1u ng\u01b0\u1eddi lo l\u1eafng khi \u0111\u1ee9ng tr\u01b0\u1edbc t\u00ecnh y\u00eau. B\u1edfi ch\u00fang ta ngh\u0129 t\u00ecnh y\u00eau l\u00e0 c\u1ea3m x\u00fac, th\u1ea5t th\u01b0\u1eddng v\u00e0 kh\u00f3 n\u1eafm b\u1eaft. Nh\u01b0ng th\u1ef1c ra, t\u00ecnh y\u00eau \u0111\u1ea7y logic v\u00e0 khoa h\u1ecdc.<\/p>\n<p>Gi\u1ed1ng nh\u01b0 t\u1ea5t c\u1ea3 c\u00e1c chu k\u1ef3 trong t\u1ef1 nhi\u00ean, t\u00ecnh y\u00eau c\u0169ng c\u00f3 c\u00e1c giai \u0111o\u1ea1n ph\u00e1t tri\u1ec3n nh\u1ea5t \u0111\u1ecbnh \u0111\u1ec3 \u0111i \u0111\u1ebfn t\u00ecnh y\u00eau \u0111\u00edch th\u1ef1c &#8211; s\u1ef1 cam k\u1ebft l\u00e2u d\u00e0i. Ch\u00fang ta th\u01b0\u1eddng l\u1ea7m t\u01b0\u1edfng r\u1eb1ng, n\u00e3o b\u1ed9 v\u00e0 c\u00e1c hormone trong c\u01a1 th\u1ec3 ch\u1ec9 t\u00e1c \u0111\u1ed9ng t\u1edbi s\u1ef1 \u0111am m\u00ea &#8211; giai \u0111o\u1ea1n thu h\u00fat v\u00e0 h\u1eb9n h\u00f2. Nh\u01b0ng kh\u00f4ng! Ch\u00fang chi ph\u1ed1i c\u1ea3 khi ch\u00fang ta \u0111\u00e3 b\u01b0\u1edbc v\u00e0o giai \u0111o\u1ea1n th\u1ea5u hi\u1ec3u v\u00e0 cam k\u1ebft.<\/p>\n<p>M\u1ed9t khi b\u1ea1n hi\u1ec3u \u0111\u01b0\u1ee3c quy lu\u1eadt men chase women choose, vi\u1ec7c t\u00ecm ki\u1ebfm v\u00e0 duy tr\u00ec t\u00ecnh y\u00eau s\u1ebd tr\u1edf n\u00ean d\u1ec5 d\u00e0ng h\u01a1n nhi\u1ec1u. B\u1ea1n s\u1ebd hi\u1ec3u \u0111\u01b0\u1ee3c:<\/p>\n<p>T\u1ea1i sao ng\u01b0\u1eddi theo \u0111u\u1ed5i c\u1ea7n ph\u1ea3i l\u00e0 ph\u00e1i m\u1ea1nh? Ph\u1ee5 n\u1eef c\u00f3 th\u1ec3 th\u1ea3 th\u00ednh tho\u1ea3i m\u00e1i nh\u01b0ng s\u1ef1 ch\u1ee7 \u0111\u1ed9ng h\u00e3y d\u00e0nh ph\u1ea7n cho \u0111\u00e0n \u00f4ng! B\u1edfi c\u1ea3m gi\u00e1c y\u00eau c\u1ee7a nam gi\u1edbi ch\u1ec9 c\u00f3 th\u1ec3 \u0111\u01b0\u1ee3c h\u00ecnh th\u00e0nh qua qu\u00e1 tr\u00ecnh chinh ph\u1ee5c!<\/p>\n<p>T\u1ea1i sao nam v\u00e0 n\u1eef l\u1ea1i c\u00f3 c\u00e1ch y\u00eau v\u00e0 nh\u1eefng nhu c\u1ea7u trong t\u00ecnh y\u00eau kh\u00e1c nhau? H\u1ec7 th\u1ed1ng n\u00e3o Limbic (ph\u1ee5 tr\u00e1ch ch\u1ee9c n\u0103ng c\u1ea3m x\u00fac) c\u1ee7a \u0111\u00e0n \u00f4ng nh\u1ecf x\u00edu, b\u1edfi v\u1eady n\u00ean b\u1ea3n n\u0103ng c\u1ee7a anh \u1ea5y l\u00e0 l\u00fd tr\u00ed. M\u1ed9t c\u00f4 g\u00e1i th\u00f4ng minh h\u00e3y cho anh \u1ea5y bi\u1ebft y\u00eau kh\u00f4ng ch\u1ec9 l\u00e0 nh\u1eefng m\u00e0n \u00e2n \u00e1i v\u1ed3 v\u1eadp l\u1ea5y nhau \u0111\u1ec3 r\u1ed3i sau m\u1ed9t &#8220;cu\u1ed9c y\u00eau&#8221;, m\u1ed7i ng\u01b0\u1eddi l\u1ea1i tr\u1edf v\u1ec1 v\u1edbi th\u1ebf gi\u1edbi \u0111\u01a1n \u0111\u1ed9c c\u1ee7a ri\u00eang m\u00ecnh.<\/p>\n<p>T\u1ea1i sao y\u00eau l\u00e2u t\u00ecnh y\u00eau th\u01b0\u1eddng nh\u1ea1t d\u1ea7n? L\u00e0m th\u1ebf n\u00e0o \u0111\u1ec3 gi\u1eef m\u00e3i ng\u1ecdn l\u1eeda \u0111am m\u00ea k\u1ec3 c\u1ea3 khi \u0111\u00e3 k\u1ebft h\u00f4n l\u00e2u n\u0103m?<\/p>\n","protected":false},"featured_media":8522,"template":"","meta":{"_acf_changed":false},"product_brand":[],"product_cat":[15,46],"product_tag":[],"class_list":{"0":"post-8523","1":"product","2":"type-product","3":"status-publish","4":"has-post-thumbnail","6":"product_cat-sach-danh-cho-nguoi-lon","7":"product_cat-ky-nang-song","9":"first","10":"outofstock","11":"taxable","12":"shipping-taxable","13":"purchasable","14":"product-type-simple"},"supplier_id":null,"supplier_sku":"","barcode":null,"atum_controlled":true,"out_stock_date":"2024-08-12 08:29:26","out_stock_threshold":null,"inheritable":false,"inbound_stock":0,"stock_on_hold":0,"sold_today":0,"sales_last_days":0,"reserved_stock":0,"customer_returns":0,"warehouse_damage":0,"lost_in_post":0,"other_logs":0,"out_stock_days":534,"lost_sales":0,"has_location":false,"update_date":"2026-01-28T23:11:20","atum_locations":[],"atum_stock_status":"outofstock","restock_status":false,"low_stock_amount":"","sales_update_date":"2026-01-28T23:11:20","calc_backorders":null,"acf":{"publisher":{"ID":1460,"post_author":"1","post_date":"2021-02-17 01:12:24","post_date_gmt":"2021-02-16 23:12:24","post_content":"<!-- wp:flatsome\/uxbuilder -->\n<h1 style=\"text-align: center;\"><strong>Skybooks<\/strong><\/h1>\n[row]\n\n[col span=\"7\" span__sm=\"12\"]\n\n<p>C\u00f4ng ty ph\u00e1t h\u00e0nh s\u00e1ch Skybooks. \"T\u00f4i tr\u1ebb, t\u00f4i \u0111am m\u00ea\" v\u1edbi s\u1ee9 m\u1ec7nh lan to\u1ea3 c\u1ea3m x\u00fac v\u00e0 k\u1ebft n\u1ed1i t\u00e2m h\u1ed3n<\/p>\n<p><strong>Skybooks l\u00e0 c\u00e2u chuy\u1ec7n k\u1ec3 v\u1ec1:<\/strong><br \/>M\u1ed9t th\u1ebf h\u1ec7 ng\u01b0\u1eddi vi\u1ebft tr\u1ebb, \u0111am m\u00ea v\u0103n ch\u01b0\u01a1ng v\u00e0 t\u00f4n tr\u1ecdng, g\u00ecn gi\u1eef, s\u00e1ng t\u1ea1o Ti\u1ebfng Vi\u1ec7t. M\u1ed9t th\u1ebf h\u1ec7 \u0111\u1ed9c gi\u1ea3 tr\u1ebb, \u0111am m\u00ea kh\u00e1m ph\u00e1 ng\u00f4n ng\u1eef v\u00e0 say m\u00ea \u0111\u1ebfn v\u1edbi th\u1ebf gi\u1edbi c\u1ee7a nh\u1eefng quy\u1ec3n s\u00e1ch. M\u1ed9t th\u1ebf h\u1ec7 ng\u01b0\u1eddi l\u00e0m s\u00e1ch tr\u1ebb, \u0111am m\u00ea mang nh\u1eefng gi\u00e1 tr\u1ecb tinh th\u1ea7n l\u1ea1i g\u1ea7n ng\u01b0\u1eddi \u0111\u1ecdc.<br \/>Trong b\u1ed9 nh\u1eadn d\u1ea1ng th\u01b0\u01a1ng hi\u1ec7u:<br \/>Skybooks v\u1edbi ch\u1eef Sky m\u00e0u xanh da tr\u1eddi c\u00f3 \u00fd ngh\u0129a l\u00e0 c\u00f4ng ty B\u1ea7u Tr\u1eddi - n\u01a1i t\u1ea5t c\u1ea3 \u01b0\u1edbc m\u01a1 \u0111\u01b0\u1ee3c t\u1ef1 do tung c\u00e1nh.<br \/>V\u1edbi logo h\u00ecnh hoa b\u1ed3 c\u00f4ng anh \u0111ang bay t\u01b0\u1ee3ng tr\u01b0ng cho s\u1ef1 lan to\u1ea3 c\u1ea3m x\u00fac v\u00e0 kh\u00e1t v\u1ecdng bay cao.<br \/>K\u1ebb v\u1ea1ch logo c\u00f3 n\u1ec1n m\u00e0u ghi x\u00e1m xu\u1ea5t hi\u1ec7n tr\u00ean b\u00eca m\u1ecdi \u1ea5n ph\u1ea9m th\u1ec3 hi\u1ec7n con \u0111\u01b0\u1eddng b\u01b0\u1edbc v\u00e0o th\u1ecb tr\u01b0\u1eddng s\u00e1ch v\u00e0 chinh ph\u1ee5c \u0111\u1ed9c gi\u1ea3 l\u00e0 m\u1ed9t h\u00e0nh tr\u00ecnh d\u00e0i, \u0111\u1ea7y gian kh\u00f3, c\u00f3 nhi\u1ec1u b\u00e3o t\u1ed1, nh\u01b0ng ch\u1ec9 c\u1ea7n n\u1ed7 l\u1ef1c c\u1ed1 g\u1eafng nh\u1ea5t \u0111\u1ecbnh s\u1ebd ngo\u1ea1n m\u1ee5c v\u01b0\u1ee3t qua. \u0110\u1ec3 kh\u1eb3ng \u0111\u1ecbnh v\u00e0 ch\u1ee9ng minh ch\u00ednh m\u00ecnh!<\/p>\n\n[\/col]\n[col span=\"5\" span__sm=\"12\"]\n\n[ux_image id=\"1825\" image_size=\"medium\"]\n\n\n[\/col]\n\n[\/row]\n\n<!-- \/wp:flatsome\/uxbuilder -->","post_title":"Skybooks","post_excerpt":"","post_status":"publish","comment_status":"closed","ping_status":"closed","post_password":"","post_name":"skybooks","to_ping":"","pinged":"","post_modified":"2021-02-17 01:57:31","post_modified_gmt":"2021-02-16 23:57:31","post_content_filtered":"","post_parent":0,"guid":"https:\/\/sachviet.eu\/nha-phat-hanh\/skybooks\/","menu_order":0,"post_type":"publisher","post_mime_type":"","comment_count":"0","filter":"raw"}},"_links":{"self":[{"href":"https:\/\/sachviet.eu\/en\/wp-json\/wp\/v2\/product\/8523","targetHints":{"allow":["GET"]}}],"collection":[{"href":"https:\/\/sachviet.eu\/en\/wp-json\/wp\/v2\/product"}],"about":[{"href":"https:\/\/sachviet.eu\/en\/wp-json\/wp\/v2\/types\/product"}],"wp:featuredmedia":[{"embeddable":true,"href":"https:\/\/sachviet.eu\/en\/wp-json\/wp\/v2\/media\/8522"}],"wp:attachment":[{"href":"https:\/\/sachviet.eu\/en\/wp-json\/wp\/v2\/media?parent=8523"}],"wp:term":[{"taxonomy":"product_brand","embeddable":true,"href":"https:\/\/sachviet.eu\/en\/wp-json\/wp\/v2\/product_brand?post=8523"},{"taxonomy":"product_cat","embeddable":true,"href":"https:\/\/sachviet.eu\/en\/wp-json\/wp\/v2\/product_cat?post=8523"},{"taxonomy":"product_tag","embeddable":true,"href":"https:\/\/sachviet.eu\/en\/wp-json\/wp\/v2\/product_tag?post=8523"}],"curies":[{"name":"wp","href":"https:\/\/api.w.org\/{rel}","templated":true}]}}