{"id":852,"date":"2021-02-14T00:13:15","date_gmt":"2021-02-13T22:13:15","guid":{"rendered":"https:\/\/sachviet.eu\/shop\/chuyen-con-meo-day-hai-au-bay\/"},"modified":"2023-08-13T10:50:19","modified_gmt":"2023-08-13T07:50:19","slug":"chuyen-con-meo-day-hai-au-bay","status":"publish","type":"product","link":"https:\/\/sachviet.eu\/en\/shop\/chuyen-con-meo-day-hai-au-bay\/","title":{"rendered":"Chuy\u1ec7n con m\u00e8o d\u1ea1y h\u1ea3i \u00e2u bay"},"content":{"rendered":"<p>Tho\u1ea1t nghe t\u00ean th\u00ec c\u00f3 v\u1ebb phi l\u00fd, \u0111\u1ebfn l\u00fac \u0111\u1ecdc v\u1eabn th\u1ea5y \u0111\u00f3 l\u00e0 m\u1ed9t c\u00e2u chuy\u1ec7n kh\u00e1 hoang \u0111\u01b0\u1eddng. Nh\u01b0ng kh\u00f4ng, tr\u00ean \u0111\u1eddi n\u00e0y ch\u1ea3 c\u00f3 g\u00ec l\u00e0 hoang \u0111\u01b0\u1eddng c\u1ea3, v\u1ea5n \u0111\u1ec1 l\u00e0 ch\u00fang ta d\u00e1m hay kh\u00f4ng d\u00e1m l\u00e0m m\u00e0 th\u00f4i. Luis Sepu\u2019lveda \u0111\u00e3 v\u1ebd l\u00ean m\u1ed9t c\u00e2u chuy\u1ec7n tuy\u1ec7t v\u1eddi v\u1edbi cung b\u1eadc c\u1ea3m x\u00fac t\u1ef1a nh\u01b0 nh\u1eefng \u0111\u1ee3t s\u00f3ng \u1edf c\u1ea3ng bi\u1ec3n Hamburg. Tho\u1ea1t ti\u00ean th\u00ec nh\u1eb9 nh\u00e0ng v\u00e0 \u00eam d\u1ecbu, nh\u01b0ng v\u00e0o c\u00e1i l\u00fac m\u00e0 ch\u1eb3ng ai ng\u1edd \u0111\u1ebfn, l\u1ea1i c\u1ee9 nh\u01b0 m\u1ed9t th\u00f3i quen, n\u00f3 cu\u1ed9n m\u00ecnh d\u00e2ng l\u00ean m\u00e3nh li\u1ec7t, m\u00e0 \u1ea9n s\u00e2u trong nh\u1eefng \u0111\u1ee3t s\u00f3ng \u1ea5y h\u00f3a ra l\u1ea1i l\u00e0 nh\u1eefng \u0111i\u1ec1u b\u1ea5t ng\u1edd. 131 trang s\u00e1ch \u0111\u00e3 t\u00e1i hi\u1ec7n cu\u1ed9c s\u1ed1ng c\u1ee7a nh\u1eefng lo\u00e0i m\u00e8o xung quanh vi\u1ec7c ph\u1ea3i gi\u1eef l\u1eddi h\u1ee9a v\u1edbi m\u1ed9t con chim h\u1ea3i \u00e2u- \u0111\u1ea1i di\u1ec7n cho nh\u1eefng c\u00f4ng d\u00e2n v\u0103n minh c\u1ee7a nh\u00e2n lo\u1ea1i, nh\u1eefng con ng\u01b0\u1eddi c\u00f3 \u0111\u1ea1o \u0111\u1ee9c v\u00e0 ph\u00e9p t\u1eafc, lu\u00f4n c\u1ed1 g\u1eafng mang \u0111\u1ebfn nh\u1eefng \u0111i\u1ec1u t\u1ed1t \u0111\u1eb9p nh\u1ea5t cho m\u1ecdi ng\u01b0\u1eddi xung quanh.<\/p>\n<p>Nh\u01b0ng m\u1ed9t \u0111\u00e1m m\u00e8o s\u1ed1ng c\u1ed1 \u0111\u1ecbnh trong chung c\u01b0 v\u00e0 c\u00e1c khu nh\u00e0 hoang c\u00f3 th\u1ec3 h\u1ee9a h\u1eb9n g\u00ec v\u1edbi m\u1ed9t con chim h\u1ea3i \u00e2u trong khi cu\u1ed9c s\u1ed1ng c\u1ee7a n\u00f3 l\u1ea1i l\u00e0 nh\u1eefng kho\u1ea3ng tr\u1eddi r\u1ed9ng l\u1edbn v\u00e0 t\u1ef1 do ? M\u1ed9t cu\u1ed9c g\u1eb7p g\u1ee1 \u0111\u1ecbnh m\u1ec7nh \u0111\u1ea7y b\u1ea5t ng\u1edd khi nguy\u00ean nh\u00e2n ch\u00ednh v\u00f4 t\u00ecnh l\u1ea1i l\u00e0 do b\u00e0n tay s\u1eafp \u0111\u1eb7t c\u1ee7a con ng\u01b0\u1eddi. H\u1ecd s\u1ed1ng, l\u00e0m vi\u1ec7c v\u00e0 ph\u1ea5n \u0111\u1ea5u cho m\u1ed9t t\u01b0\u01a1ng lai \u201ct\u01b0\u01a1i s\u00e1ng\u201d b\u1eb1ng c\u00e1ch \u0111\u00e8 b\u1eb9p l\u00ean nh\u1eefng gi\u00e1 tr\u1ecb \u0111\u1ea1o \u0111\u1ee9c? \u0110\u00f3 ch\u00ednh l\u00e0 m\u1eb7t tr\u00e1i c\u1ee7a x\u00e3 h\u1ed9i. Nh\u01b0ng n\u1ebfu kh\u00f4ng c\u00f3 tai n\u1ea1n \u1ea5y, th\u00ec c\u0169ng ch\u1eb3ng th\u1ec3 xu\u1ea5t hi\u1ec7n nh\u1eefng l\u1eddi h\u1ee9a \u0111\u1eb9p \u0111\u1ebd v\u00e0 \u0111\u00e1ng tr\u00e2n tr\u1ecdng. Nh\u1eefng ch\u00fa m\u00e8o v\u1edbi nh\u1eefng ho\u00e0n c\u1ea3nh s\u1ed1ng kh\u00e1c nhau, \u0111\u1ea1i di\u1ec7n cho m\u1eb7t t\u1ed1t \u0111\u1eb9p v\u00e0 thu\u1ea7n t\u00fay c\u1ee7a con ng\u01b0\u1eddi \u0111\u00e3 v\u01b0\u1ee3t qua c\u00e1i t\u00f4i c\u00e1 nh\u00e2n hay nh\u1eefng ranh gi\u1edbi mong manh c\u1ee7a b\u1ea3n th\u00e2n, g\u1ea1t b\u1ecf th\u00e8m mu\u1ed1n x\u1ea5u xa \u1ea9n n\u1ea5p s\u00e2u b\u00ean trong \u0111\u1ec3 r\u1ed9ng m\u1edf t\u1ea5m l\u00f2ng v\u00e0 \u201cy\u00eau th\u01b0\u01a1ng ai \u0111\u00f3 kh\u00e1c m\u00ecnh\u201d- c\u00f4 chim h\u1ea3i \u00e2u Lucky b\u00e9 nh\u1ecf v\u00e0 t\u1ed9i nghi\u1ec7p.<\/p>\n<p>Th\u1eadt d\u1ec5 d\u00e0ng khi y\u00eau m\u1ed9t k\u1ebb n\u00e0o \u0111\u00f3 gi\u1ed1ng m\u00ecnh, nh\u01b0ng \u0111\u1ec3 y\u00eau th\u01b0\u01a1ng ai \u0111\u00f3 kh\u00e1c m\u00ecnh th\u00ec th\u1ef1c s\u1ef1 r\u1ea5t kh\u00f3 kh\u0103n. \u0110\u1ed9ng l\u1ef1c \u0111\u1ec3 \u0111\u00e1m m\u00e8o, \u0111\u1eb7c bi\u1ec7t l\u00e0 con m\u00e8o mun v\u1edbi th\u00e2n h\u00ecnh \u1ee5c \u1ecbch Zorba c\u00f3 th\u1ec3 nu\u00f4i n\u1ea5ng 1 c\u00f4 chim h\u1ea3i \u00e2u \u0111\u1ebfn l\u00fac bi\u1ebft t\u1ef1 c\u1ea5t \u0111\u00f4i c\u00e1nh c\u1ee7a m\u00ecnh l\u00ean kho\u1ea3ng kh\u00f4ng bao la xu\u1ea5t ph\u00e1t t\u1eeb s\u1ef1 t\u00f4n tr\u1ecdng l\u1eddi h\u1ee9a \u2013 lu\u1eadt c\u1ee7a nh\u1eefng con m\u00e8o \u1edf c\u1ea3ng bi\u1ec3n v\u00e0 h\u01a1n h\u1ebft l\u00e0 t\u00ecnh y\u00eau, s\u1ef1 ch\u1ea5p thu\u1eadn mang m\u1ed9t ngh\u0129a t\u00edch c\u1ef1c. T\u00f4i v\u1eabn nh\u1edb, c\u00e1i kho\u1ea3nh kh\u1eafc m\u00e0 Zorba c\u00f9ng nh\u1eefng ng\u01b0\u1eddi b\u1ea1n c\u1ee7a m\u00ecnh leo t\u1eebng b\u01b0\u1edbc l\u00ean b\u1eadc thang xo\u1eafn, r\u1eb1ng ch\u00fang bi\u1ebft m\u00ecnh \u0111ang mang m\u1ed9t s\u1ee9 m\u1ec7nh cao c\u1ea3 : gi\u00fap Lucky s\u1ea3i nh\u1eefng \u0111\u01b0\u1eddng bay \u0111\u1ea7u ti\u00ean. \u0110\u00fang v\u00e2y, l\u00e0 l\u1ea7n \u0111\u1ea7u ti\u00ean v\u00e0 c\u0169ng l\u00e0 l\u1ea7n cu\u1ed1i c\u00f9ng Zorba \u0111\u01b0\u1ee3c gi\u1eef \u201cc\u00f4 con g\u00e1i\u201d nh\u1ecf b\u00ean m\u00ecnh theo \u0111\u00fang ngh\u0129a \u0111en. Ch\u1ec9 ch\u00fat \u00edt th\u1eddi gian ng\u1eafn ng\u1ee7i n\u1eefa th\u00f4i, Lucky s\u1ebd h\u00f2a m\u00ecnh v\u00e0o b\u1ea7u tr\u1eddi xanh bi\u1ebfc v\u00e0 tr\u1edf l\u1ea1i v\u1edbi cu\u1ed9c s\u1ed1ng v\u1ed1n c\u00f3 c\u1ee7a n\u00f3 \u2013 cu\u1ed9c s\u1ed1ng n\u00f3 th\u1ef1c s\u1ef1 thu\u1ed9c v\u1ec1. Ch\u00fat \u00edt n\u1eefa th\u00f4i l\u00e0 Zorba s\u1ebd quay l\u1ea1i s\u1ed1ng nh\u1eefng ng\u00e0y th\u00e1ng y\u00ean b\u00ecnh m\u00e0 n\u00f3 \u0111\u00e3 t\u1eebng ao \u01b0\u1edbc. Nh\u01b0ng l\u00e0m sao \u0111\u01b0\u1ee3c, khi Zorba \u0111\u00e3 th\u1ef1c s\u1ef1 y\u00eau qu\u00fd c\u00f4 con g\u00e1i nh\u1ecf n\u00e0y, v\u00e0 kh\u00f4ng mu\u1ed1n r\u1eddi xa? V\u1eady, quy\u1ebft \u0111\u1ecbnh c\u1ee7a ch\u00fa l\u00e0 g\u00ec?<\/p>\n<p>Zorba, cu\u1ed1i c\u00f9ng \u0111\u00e3 thu\u1eadn theo t\u1ef1 nhi\u00ean\u2026<\/p>\n<p>Cu\u1ed9c s\u1ed1ng l\u00e0 v\u1eady, ai \u0111\u00f3 \u0111\u1ebfn b\u00ean ta c\u0169ng \u0111\u1ec1u l\u00e0 \u0111\u1ecbnh m\u1ec7nh s\u1eafp \u0111\u01b0\u1ee3c. Ch\u1ec9 c\u00f3 \u0111i\u1ec1u, c\u00f3 nh\u1eefng ng\u01b0\u1eddi cho d\u00f9 l\u00e0 l\u01b0\u1edbt ngang qua \u0111\u1eddi ta c\u0169ng \u0111\u1ec1u mang m\u1ed9t d\u01b0 v\u1ecb \u0111\u1eb9p \u0111\u1ebd. D\u1ea1y cho ta nh\u1eefng b\u00e0i h\u1ecdc hay ch\u00ed \u00edt l\u00e0 cho ta nh\u1eefng tr\u1ea3i nghi\u1ec7m kh\u00f3 qu\u00ean. H\u1ecdc c\u00e1ch ch\u1ea5p nh\u1eadn m\u1edbi l\u00e0 \u0111i\u1ec1u \u0111\u00fang \u0111\u1eafn. M\u1ed9t c\u00e2u chuy\u1ec7n khi\u1ebfn t\u00e2m h\u1ed3n n\u1edf hoa, m\u1ed9t th\u1ebf gi\u1edbi v\u1eb9n nguy\u00ean \u0111\u00fang ngh\u0129a, m\u1ed9t cu\u1ed1n s\u00e1ch nh\u01b0 vi\u00ean ng\u1ecdc qu\u00fd kh\u00f3 t\u00ecm, d\u00e0nh cho b\u1ea5t c\u1ee9 ai mu\u1ed1n chi\u00eam ng\u01b0\u1ee1ng v\u1ebb \u0111\u1eb9p mu\u00f4n m\u00e0u c\u1ee7a t\u1ea1o h\u00f3a.<\/p>\n  <div class=\"banner-grid-wrapper\">\n  <div id=\"banner-grid-1067758246\" class=\"banner-grid row row-grid row-small\" data-packery-options=\"\">\n                      \n<div class=\"col grid-col large-7 grid-col-1\" ><div class=\"col-inner\">\n\t<div class=\"img has-hover x md-x lg-x y md-y lg-y\" id=\"image_231698937\">\n\t\t\t\t\t\t\t\t<div class=\"img-inner dark\" >\n\t\t\t<img loading=\"lazy\" decoding=\"async\" width=\"550\" height=\"620\" src=\"https:\/\/sachviet.eu\/wp-content\/uploads\/2021\/02\/images1545552_meo_day_hai_au_bay.jpg\" class=\"attachment-large size-large\" alt=\"\" srcset=\"https:\/\/sachviet.eu\/wp-content\/uploads\/2021\/02\/images1545552_meo_day_hai_au_bay.jpg 550w, https:\/\/sachviet.eu\/wp-content\/uploads\/2021\/02\/images1545552_meo_day_hai_au_bay-266x300.jpg 266w\" sizes=\"auto, (max-width: 550px) 100vw, 550px\" \/>\t\t\t\t\t\t\n\t\t\t\t\t<\/div>\n\t\t\t\t\t\t\t\t\n<style>\n#image_231698937 {\n  width: 100%;\n}\n<\/style>\n\t<\/div>\n\t\n<\/div><\/div>\n<div class=\"col grid-col large-5 grid-col-1\" ><div class=\"col-inner\">\n\t<div class=\"img has-hover x md-x lg-x y md-y lg-y\" id=\"image_1265070797\">\n\t\t\t\t\t\t\t\t<div class=\"img-inner dark\" >\n\t\t\t<img loading=\"lazy\" decoding=\"async\" width=\"695\" height=\"1024\" src=\"https:\/\/sachviet.eu\/wp-content\/uploads\/2021\/02\/2020_03_19_15_56_54_1-695x1024.jpg\" class=\"attachment-large size-large\" alt=\"\" srcset=\"https:\/\/sachviet.eu\/wp-content\/uploads\/2021\/02\/2020_03_19_15_56_54_1-695x1024.jpg 695w, https:\/\/sachviet.eu\/wp-content\/uploads\/2021\/02\/2020_03_19_15_56_54_1-204x300.jpg 204w, https:\/\/sachviet.eu\/wp-content\/uploads\/2021\/02\/2020_03_19_15_56_54_1-768x1132.jpg 768w, https:\/\/sachviet.eu\/wp-content\/uploads\/2021\/02\/2020_03_19_15_56_54_1-1042x1536.jpg 1042w, https:\/\/sachviet.eu\/wp-content\/uploads\/2021\/02\/2020_03_19_15_56_54_1-1389x2048.jpg 1389w, https:\/\/sachviet.eu\/wp-content\/uploads\/2021\/02\/2020_03_19_15_56_54_1-600x884.jpg 600w, https:\/\/sachviet.eu\/wp-content\/uploads\/2021\/02\/2020_03_19_15_56_54_1-scaled.jpg 1737w\" sizes=\"auto, (max-width: 695px) 100vw, 695px\" \/>\t\t\t\t\t\t\n\t\t\t\t\t<\/div>\n\t\t\t\t\t\t\t\t\n<style>\n#image_1265070797 {\n  width: 100%;\n}\n<\/style>\n\t<\/div>\n\t\n<\/div><\/div>\n            <\/div>\n    <style>\n    #banner-grid-1067758246 .grid-col-1{height: 600px}\n    #banner-grid-1067758246 .grid-col-1-2{height: 300px}\n    #banner-grid-1067758246 .grid-col-1-3{height:200px}\n    #banner-grid-1067758246 .grid-col-2-3{height: 400px}\n    #banner-grid-1067758246 .grid-col-1-4{height: 150px}\n    #banner-grid-1067758246 .grid-col-3-4{height: 450px}\n\n\n    \n    \n\n  <\/style>\n    <\/div>\n  \n","protected":false},"excerpt":{"rendered":"<p>C\u00f4 h\u1ea3i \u00e2u Kengah b\u1ecb nh\u1ea5n ch\u00ecm trong v\u00e1ng d\u1ea7u \u2013 th\u1ee9 ch\u1ea5t th\u1ea3i nguy hi\u1ec3m m\u00e0 nh\u1eefng con ng\u01b0\u1eddi x\u1ea5u xa b\u00ed m\u1eadt \u0111\u1ed5 ra \u0111\u1ea1i d\u01b0\u01a1ng. V\u1edbi n\u1ed7 l\u1ef1c \u0111\u1ea7y tuy\u1ec7t v\u1ecdng, c\u00f4 bay v\u00e0o b\u1ebfn c\u1ea3ng Hamburg v\u00e0 r\u01a1i xu\u1ed1ng ban c\u00f4ng c\u1ee7a con m\u00e8o mun, to \u0111\u00f9ng, m\u1eadp \u00fa Zorba. Trong ph\u00fat cu\u1ed1i cu\u1ed9c \u0111\u1eddi, c\u00f4 sinh ra m\u1ed9t qu\u1ea3 tr\u1ee9ng v\u00e0 con m\u00e8o mun h\u1ee9a v\u1edbi c\u00f4 s\u1ebd th\u1ef1c hi\u1ec7n ba l\u1eddi h\u1ee9a ch\u1eebng nh\u01b0 kh\u00f4ng t\u01b0\u1edfng v\u1edbi lo\u00e0i m\u00e8o:<\/p>\n<p>Kh\u00f4ng \u0103n qu\u1ea3 tr\u1ee9ng.<br \/>\nCh\u0103m s\u00f3c cho t\u1edbi khi n\u00f3 n\u1edf.<br \/>\nD\u1ea1y cho con h\u1ea3i \u00e2u bay.<\/p>\n<p>L\u1eddi h\u1ee9a c\u1ee7a m\u1ed9t con m\u00e8o c\u0169ng l\u00e0 tr\u00e1ch nhi\u1ec7m c\u1ee7a to\u00e0n b\u1ed9 m\u00e8o tr\u00ean b\u1ebfn c\u1ea3ng, b\u1edfi v\u1eady b\u00e8 b\u1ea1n c\u1ee7a Zorba bao g\u1ed3m ng\u00e0i m\u00e8o \u0110\u1ea1i T\u00e1 \u0111\u1ea7y uy t\u00edn, m\u00e8o Secretario nhanh nh\u1ea3u, m\u00e8o Einstein uy\u00ean b\u00e1c, m\u00e8o B\u1ed1n Bi\u1ec3n \u0111\u1ea7y kinh nghi\u1ec7m \u0111\u00e3 chung s\u1ee9c gi\u00fap n\u00f3 ho\u00e0n th\u00e0nh tr\u00e1ch nhi\u1ec7m. Tuy nhi\u00ean, vi\u1ec7c ch\u0103m s\u00f3c, d\u1ea1y d\u1ed7 m\u1ed9t con h\u1ea3i \u00e2u \u0111\u00e2u ph\u1ea3i chuy\u1ec7n \u0111\u00f9a, s\u1ebd c\u00f3 h\u00e0ng tr\u0103m r\u1eafc r\u1ed1i n\u1ea3y sinh v\u00e0 c\u1ea7n c\u00f3 nh\u1eefng k\u1ebf ho\u1ea1ch \u0111\u1ea7y linh ho\u1ea1t \u0111\u01b0\u1ee3c b\u00e0n b\u1ea1c k\u1ef9 c\u00e0ng\u2026<\/p>\n<p>Chuy\u1ec7n con m\u00e8o d\u1ea1y h\u1ea3i \u00e2u bay l\u00e0 ki\u1ec7t t\u00e1c d\u00e0nh cho thi\u1ebfu nhi c\u1ee7a nh\u00e0 v\u0103n Chi L\u00ea n\u1ed5i ti\u1ebfng Luis Sep\u00falveda \u2013 t\u00e1c gi\u1ea3 c\u1ee7a cu\u1ed1n L\u00e3o gi\u00e0 m\u00ea \u0111\u1ecdc truy\u1ec7n t\u00ecnh \u0111\u00e3 b\u00e1n \u0111\u01b0\u1ee3c 18 tri\u1ec7u b\u1ea3n kh\u1eafp th\u1ebf gi\u1edbi. T\u00e1c ph\u1ea9m kh\u00f4ng ch\u1ec9 l\u00e0 m\u1ed9t c\u00e2u chuy\u1ec7n \u1ea5m \u00e1p, trong s\u00e1ng, d\u1ec5 th\u01b0\u01a1ng v\u1ec1 lo\u00e0i v\u1eadt m\u00e0 c\u00f2n chuy\u1ec3n t\u1ea3i th\u00f4ng \u0111i\u1ec7p v\u1ec1 tr\u00e1ch nhi\u1ec7m v\u1edbi m\u00f4i tr\u01b0\u1eddng, v\u1ec1 s\u1ef1 s\u1ebb chia v\u00e0 y\u00eau th\u01b0\u01a1ng c\u0169ng nh\u01b0 \u00fd ngh\u0129a c\u1ee7a nh\u1eefng n\u1ed7 l\u1ef1c \u2013 \u201cCh\u1ec9 nh\u1eefng k\u1ebb d\u00e1m m\u1edbi c\u00f3 th\u1ec3 bay\u201d.<\/p>\n<p>Cu\u1ed1n s\u00e1ch m\u1edf \u0111\u1ea7u cho m\u00f9a h\u00e8 v\u1edbi minh h\u1ecda d\u1ec5 th\u01b0\u01a1ng, h\u00e0i h\u01b0\u1edbc l\u00e0 m\u00f3n qu\u00e0 d\u00e0nh cho m\u1ecdi tr\u1ebb em v\u00e0 ng\u01b0\u1eddi l\u1edbn.<\/p>\n","protected":false},"featured_media":839,"template":"","meta":{"_acf_changed":false},"product_brand":[],"product_cat":[15,45],"product_tag":[],"class_list":{"0":"post-852","1":"product","2":"type-product","3":"status-publish","4":"has-post-thumbnail","6":"product_cat-sach-danh-cho-nguoi-lon","7":"product_cat-tieu-thuyet","9":"first","10":"outofstock","11":"taxable","12":"shipping-taxable","13":"purchasable","14":"product-type-simple"},"supplier_id":null,"supplier_sku":"","barcode":null,"atum_controlled":true,"out_stock_date":"2023-08-13 07:50:19","out_stock_threshold":null,"inheritable":false,"inbound_stock":0,"stock_on_hold":0,"sold_today":0,"sales_last_days":0,"reserved_stock":0,"customer_returns":0,"warehouse_damage":0,"lost_in_post":0,"other_logs":0,"out_stock_days":899,"lost_sales":0,"has_location":false,"update_date":"2026-01-28T23:10:29","atum_locations":[],"atum_stock_status":"outofstock","restock_status":false,"low_stock_amount":"","sales_update_date":"2026-01-28T23:10:29","calc_backorders":null,"acf":{"publisher":{"ID":1424,"post_author":"1","post_date":"2021-02-17 00:02:29","post_date_gmt":"2021-02-16 22:02:29","post_content":"<!-- wp:flatsome\/uxbuilder -->\n<h1 style=\"text-align: center\"><strong>Nh\u00e3 Nam<\/strong><\/h1>\n[row]\n\n[col span=\"6\" span__sm=\"12\"]\n\n[ux_image id=\"1438\" image_size=\"medium\"]\n\n\n[\/col]\n[col span=\"6\" span__sm=\"12\"]\n\n<p><strong>C\u00f4ng ty c\u1ed5 ph\u1ea7n V\u0103n h\u00f3a v\u00e0 Truy\u1ec1n th\u00f4ng Nh\u00e3 Nam<\/strong><\/p>\n<p>Th\u00e1ng 2 n\u0103m 2005, Nh\u00e3 Nam, t\u00ean \u0111\u1ea7y \u0111\u1ee7 l\u00e0 C\u00f4ng ty C\u1ed5 ph\u1ea7n V\u0103n h\u00f3a v\u00e0 Truy\u1ec1n th\u00f4ng Nh\u00e3 Nam \u0111\u00e3 gia nh\u1eadp th\u1ecb tr\u01b0\u1eddng s\u00e1ch. T\u00e1c ph\u1ea9m \"Balzac v\u00e0 c\u00f4 b\u00e9 th\u1ee3 may Trung hoa\" c\u1ee7a \u0110\u1edbi T\u01b0 Ki\u1ec7t l\u00e0 cu\u1ed1n s\u00e1ch \u0111\u1ea7u ti\u00ean \u0111\u01b0\u1ee3c nh\u1eefng ng\u01b0\u1eddi s\u00e1ng l\u1eadp Nh\u00e3 Nam xu\u1ea5t b\u1ea3n c\u1ea3 tr\u01b0\u1edbc khi c\u00f4ng ty ra \u0111\u1eddi. Ngay l\u1eadp t\u1ee9c t\u1eeb cu\u1ed1n s\u00e1ch \u0111\u1ea7u ti\u00ean, \u0111\u1ed9c gi\u1ea3 \u0111\u00e3 d\u00e0nh s\u1ef1 quan t\u00e2m v\u00e0 y\u00eau m\u1ebfn cho m\u1ed9t th\u01b0\u01a1ng hi\u1ec7u s\u00e1ch m\u1edbi m\u1ebb mang trong m\u00ecnh kh\u00e1t v\u1ecdng g\u00f3p ph\u1ea7n t\u1ea1o l\u1eadp di\u1ec7n m\u1ea1o m\u1edbi cho xu\u1ea5t b\u1ea3n v\u0103n h\u1ecdc t\u1ea1i Vi\u1ec7t Nam.<\/p>\n<p>L\u00f2ng say m\u00ea c\u1ee7a \u0111\u1ed9i ng\u0169 l\u00e0 vi\u00ean \u0111\u00e1 \u0111\u1ea7u ti\u00ean. Tr\u1ea3i qua m\u1ea5y n\u0103m ph\u00e1t tri\u1ec3n, Nh\u00e3 Nam \u0111\u00e3 \u0111\u01b0\u1ee3c x\u00e2y d\u1ef1ng d\u1ea7n l\u00ean trong di\u1ec7n m\u1ea1o m\u1ed9t nh\u00e0 xu\u1ea5t b\u1ea3n v\u1eefng ch\u00e3i v\u00e0 chuy\u00ean nghi\u1ec7p. S\u00e1u th\u00e1ng sau khi th\u00e0nh l\u1eadp c\u00f4ng ty, Nh\u1eadt k\u00fd \u0110\u1eb7ng Th\u00f9y Tr\u00e2m ra \u0111\u1eddi, t\u1ea1o n\u00ean m\u1ed9t c\u01a1n s\u1ed1t trong x\u00e3 h\u1ed9i, v\u1edbi g\u1ea7n 500,000 b\u1ea3n s\u00e1ch \u0111\u01b0\u1ee3c ph\u00e1t h\u00e0nh, ph\u00e1 m\u1ecdi k\u1ef7 l\u1ee5c v\u1ec1 xu\u1ea5t b\u1ea3n tr\u01b0\u1edbc \u0111\u00f3, k\u00e9o theo m\u1ed9t lo\u1ea1t nh\u1eefng hi\u1ec7u \u1ee9ng x\u00e3 h\u1ed9i v\u00e0 d\u01b0 lu\u1eadn c\u00f3 \u00fd ngh\u0129a. T\u1eeb \u0111\u00f3 tr\u1edf \u0111i, th\u00f4ng qua Nh\u00e3 Nam, c\u00e1c cu\u1ed1n s\u00e1ch v\u0103n h\u1ecdc n\u01b0\u1edbc ngo\u00e0i c\u00f3 gi\u00e1 tr\u1ecb \u0111\u01b0\u1ee3c li\u00ean t\u1ee5c mua b\u1ea3n quy\u1ec1n v\u00e0 xu\u1ea5t b\u1ea3n t\u1ea1i Vi\u1ec7t Nam, thu h\u00fat nhi\u1ec1u t\u1ea7ng l\u1edbp \u0111\u1ed9c gi\u1ea3. S\u00e1ch c\u1ee7a Nh\u00e3 Nam n\u1ed5i b\u1eadt b\u1edfi n\u1ed9i dung v\u0103n h\u1ecdc tinh t\u1ebf, b\u1edfi v\u1ebb \u0111\u1eb9p c\u1ee7a thi\u1ebft k\u1ebf hi\u1ec7n \u0111\u1ea1i \u1edf h\u00ecnh th\u1ee9c, b\u1edfi s\u1ef1 ch\u0103m ch\u00fat k\u1ef9 l\u01b0\u1ee1ng cho m\u1ed7i cu\u1ed1n s\u00e1ch nh\u01b0 m\u1ed9t con thuy\u1ec1n mang t\u1edbi ni\u1ec1m vui, tri th\u1ee9c, ng\u1ea1c nhi\u00ean, v\u00e0 \u0111\u1ed3ng c\u1ea3m.<\/p>\n\n[\/col]\n\n[\/row]\n<p style=\"text-align: left\">Hi\u1ec3u th\u1eddi \u0111\u1ea1i \u0111ang s\u1ed1ng th\u00f4ng qua s\u00e1ch, song h\u00e0nh v\u1edbi nh\u1eefng bi\u1ebfn chuy\u1ec3n s\u00e2u s\u1eafc trong l\u00f2ng x\u00e3 h\u1ed9i b\u1eb1ng nh\u1eefng ho\u1ea1t \u0111\u1ed9ng xu\u1ea5t b\u1ea3n mi\u1ec7t m\u00e0i v\u00e0 qu\u1ea3 c\u1ea3m, con \u0111\u01b0\u1eddng Nh\u00e3 Nam \u0111\u00e3 ch\u1ecdn \u0111\u1ec3 \u0111i s\u1ebd c\u00f2n d\u00e0i. Nhi\u1ec1u kh\u00f3 kh\u0103n, th\u1eed th\u00e1ch \u0111ang \u1edf ph\u00eda tr\u01b0\u1edbc. B\u01b0\u1edbc qua th\u1eddi k\u1ef3 s\u01a1 khai v\u1edbi nh\u1eefng b\u00e0i h\u1ecdc v\u00e0 nh\u1eefng kinh nghi\u1ec7m \u0111\u1ea7u ti\u00ean, Nh\u00e3 Nam gi\u1edd \u0111\u00e3 s\u1eb5n s\u00e0ng cho m\u1ed9t ch\u1eb7ng \u0111\u01b0\u1eddng ph\u00e1t tri\u1ec3n m\u1edbi. V\u00e0 ch\u00fang t\u00f4i mu\u1ed1n ho\u00e0n thi\u1ec7n m\u00ecnh trong s\u1ef1 c\u1ea7u th\u1ecb v\u00e0 c\u1ea9n tr\u1ecdng. T\u1ea5t c\u1ea3 v\u00ec m\u1ed9t gia s\u1ea3n s\u00e1ch to l\u1edbn, c\u00f3 s\u1ee9c s\u1ed1ng d\u00e0i l\u00e2u, c\u00f3 \u00fd ngh\u0129a v\u1edbi nhi\u1ec1u th\u1ebf h\u1ec7 b\u1ea1n \u0111\u1ecdc.<br \/>B\u1edfi v\u00ec s\u00e1ch l\u00e0 th\u1ebf gi\u1edbi.<\/p>\n<p><strong>\u0110\u00e2y l\u00e0 m\u1ed9t nh\u00e0 ph\u00e1t h\u00e0nh s\u00e1ch m\u00e0 SACHVIET.EU r\u1ea5t y\u00eau th\u00edch v\u00e0 tin t\u01b0\u1edfng. Nh\u00ecn \u0111\u01b0\u1ee3c t\u1ea7m \u1ea3nh h\u01b0\u1edfng c\u1ee7a Nh\u00e3 Nam qua t\u1eebng cu\u1ed1n s\u00e1ch, SACHVIET.EU li\u00ean h\u1ec7 h\u1ee3p t\u00e1c ngay v\u1edbi Nh\u00e3 Nam \u0111\u1ec3 \u0111em to\u00e0n b\u1ed9 nh\u1eefng t\u00e1c ph\u1ea9m m\u1edbi, hay nh\u1ea5t m\u00e0 Nh\u00e3 Nam c\u00f3 sang Ch\u00e2u \u00c2u, \u0111\u01b0a \u0111\u1ebfn cho \u0111\u1ed9c gi\u1ea3 c\u00f3 nhi\u1ec1u s\u1ef1 l\u1ef1a ch\u1ecdn phong ph\u00fa h\u01a1n c\u1ea3 s\u00e1ch cho tr\u1ebb em l\u1eabn ng\u01b0\u1eddi l\u1edbn.\u00a0<\/strong><\/p>\n\n<!-- \/wp:flatsome\/uxbuilder -->","post_title":"Nh\u00e3 Nam","post_excerpt":"","post_status":"publish","comment_status":"closed","ping_status":"closed","post_password":"","post_name":"nha-nam","to_ping":"","pinged":"","post_modified":"2022-12-19 23:15:33","post_modified_gmt":"2022-12-19 21:15:33","post_content_filtered":"","post_parent":0,"guid":"https:\/\/sachviet.eu\/?post_type=publisher&#038;p=1424","menu_order":0,"post_type":"publisher","post_mime_type":"","comment_count":"0","filter":"raw"}},"_links":{"self":[{"href":"https:\/\/sachviet.eu\/en\/wp-json\/wp\/v2\/product\/852","targetHints":{"allow":["GET"]}}],"collection":[{"href":"https:\/\/sachviet.eu\/en\/wp-json\/wp\/v2\/product"}],"about":[{"href":"https:\/\/sachviet.eu\/en\/wp-json\/wp\/v2\/types\/product"}],"wp:featuredmedia":[{"embeddable":true,"href":"https:\/\/sachviet.eu\/en\/wp-json\/wp\/v2\/media\/839"}],"wp:attachment":[{"href":"https:\/\/sachviet.eu\/en\/wp-json\/wp\/v2\/media?parent=852"}],"wp:term":[{"taxonomy":"product_brand","embeddable":true,"href":"https:\/\/sachviet.eu\/en\/wp-json\/wp\/v2\/product_brand?post=852"},{"taxonomy":"product_cat","embeddable":true,"href":"https:\/\/sachviet.eu\/en\/wp-json\/wp\/v2\/product_cat?post=852"},{"taxonomy":"product_tag","embeddable":true,"href":"https:\/\/sachviet.eu\/en\/wp-json\/wp\/v2\/product_tag?post=852"}],"curies":[{"name":"wp","href":"https:\/\/api.w.org\/{rel}","templated":true}]}}